{"id":32591,"date":"2023-04-18T18:05:14","date_gmt":"2023-04-18T16:05:14","guid":{"rendered":"https:\/\/pistonaddict.com\/product\/maserati-ghibli-ss-49-litri\/"},"modified":"2024-03-19T17:37:34","modified_gmt":"2024-03-19T16:37:34","slug":"maserati-ghibli-ss-49-litri","status":"publish","type":"product","link":"https:\/\/pistonaddict.com\/it\/product\/maserati-ghibli-ss-49-litri\/","title":{"rendered":"Maserati Ghibli SS 4,9 litri"},"content":{"rendered":"<h2>Esterno<\/h2>\n<p>L&#8217;auto venduta in quest&#8217;asta \u00e8 di colore blu e presenta degli attraenti fari a scomparsa nella parte anteriore. Ma ci\u00f2 che rende questo Sypder cos\u00ec attraente e accattivante \u00e8 la sua silhouette elegante. Disegnata da uno dei pi\u00f9 grandi nomi del settore, Giorgetto Giugiaro, questa roadster a 2 porte ha un muso basso e simile a quello di uno squalo, passaruota muscolosi e un posteriore spiovente. Questo la rende ideale per una rilassata crociera su un viale o per percorrere le strade costiere panoramiche. E in caso di condizioni meteorologiche sfavorevoli, la capote ripiegabile nascosta sotto una copertura tonneau con codice colore sar\u00e0 utile. L&#8217;auto monta cerchi a filo da 15 pollici realizzati da Ruote Borrani e pneumatici Michelin Radial X corretti per l&#8217;epoca. Altri dettagli degni di nota sono i paraurti cromati e le prese d&#8217;aria funzionali su cofano e parafanghi.<\/p>\n<h2>Interno<\/h2>\n<p>All&#8217;interno di questa particolare Maserati si trovano due sedili comodi e sostenuti, rivestiti in morbida pelle marrone chiaro. Lo stesso materiale piacevole alla vista \u00e8 utilizzato per rivestire la maggior parte degli interni, ad eccezione della parte superiore della plancia, rivestita in pelle scamosciata nera. A giudicare dalle foto fornite dal venditore, gli interni sono in condizioni immacolate. Una volta all&#8217;interno, il conducente prender\u00e0 il controllo di un bellissimo volante in legno con tre razze in acciaio inossidabile al centro. Dietro c&#8217;\u00e8 il quadro strumenti con il contagiri a 5.555 giri\/minuto e il tachimetro a 300 Km\/h. Oltre a questi, questa Ghibli dispone di cinque indicatori centrali che mostrano parametri vitali, come la pressione dell&#8217;olio, la temperatura e il livello del carburante. In questo momento, il contachilometri \u00e8 di circa 13.000 km.<\/p>\n<h2>Meccanica<\/h2>\n<p>L&#8217;auto in vendita \u00e8 il modello SS, ovvero dotato di un motore V8 da 4,9 litri pi\u00f9 grande e pi\u00f9 potente. Alimentato da quattro carburatori Weber a doppio corpo, sviluppa una potenza di 335 cavalli e una coppia di poco superiore a 480 Nm, che vengono inviati alle ruote posteriori attraverso un cambio manuale a cinque rapporti. Ci\u00f2 \u00e8 sufficiente a spingere questa Ghibli SS roadster alla velocit\u00e0 massima di 280 MPH, rendendola la Maserati pi\u00f9 veloce del suo tempo. Oltre alla meccanica, la vettura \u00e8 dotata di un telaio tubolare in acciaio, che garantisce leggerezza e rigidit\u00e0 strutturale.<\/p>\n<h2>Storia del veicolo<\/h2>\n<p>La conversione della Spyder \u00e8 stata eseguita da un&#8217;officina specializzata di Mondena, a garanzia della qualit\u00e0 del lavoro. Si tratta di una modifica molto apprezzata dai proprietari di Ghibli perch\u00e9 Maserati ha costruito meno di 50 Spyder di serie. Inoltre, l&#8217;auto \u00e8 stata sottoposta a un restauro approfondito, eseguito da Furlonger Cars, un rinomato restauratore di Ashford esperto di supercar italiane.<\/p>\n<p>Secondo il proprietario, tutti gli interventi di manutenzione sono stati eseguiti regolarmente, con l&#8217;ultimo servizio effettuato nel giugno 2021. Attualmente non sono noti guasti o problemi con nessuno dei suoi componenti. Inoltre, non sono presenti graffi, ammaccature o altre imperfezioni della carrozzeria.<\/p>\n","protected":false},"excerpt":{"rendered":"<p>Questa Maserati Ghibli SS open-top del 1971, che ha percorso poco pi\u00f9 di 13.000 chilometri, viene venduta privatamente dal proprietario. \u00c8 alimentata da un motore V8 abbinato a un cambio manuale a cinque rapporti. Pur essendo visivamente identica all&#8217;iconico modello Spyder, questa vettura \u00e8 nata come coup\u00e9, per poi essere convertita nella forma attuale. Oltre ad essere in uno stato quasi immacolato, questa vettura \u00e8 anche completamente revisionata e &#8211; secondo il proprietario &#8211; non \u00e8 stata coinvolta in alcun incidente e si trova attualmente nel Regno Unito.<\/p>\n","protected":false},"featured_media":32153,"comment_status":"open","ping_status":"closed","template":"","meta":{"inline_featured_image":false},"product_cat":[742],"product_tag":[1244,972,1088,1087],"acf":[],"yoast_head":"<!-- This site is optimized with the Yoast SEO plugin v22.5 - https:\/\/yoast.com\/wordpress\/plugins\/seo\/ -->\n<title>asta - %<\/title>\n<meta name=\"description\" content=\"Guarda questa Maserati Ghibli SS 4.9 litri in vendita all&#039;asta su PistonAddict.com con cambio manuale e solo 13 220 km.\" \/>\n<meta name=\"robots\" content=\"index, follow, max-snippet:-1, max-image-preview:large, max-video-preview:-1\" \/>\n<link rel=\"canonical\" href=\"https:\/\/pistonaddict.com\/it\/product\/maserati-ghibli-ss-49-litri\/\" \/>\n<meta property=\"og:locale\" content=\"it_IT\" \/>\n<meta property=\"og:type\" content=\"article\" \/>\n<meta property=\"og:title\" content=\"asta - %\" \/>\n<meta property=\"og:description\" content=\"Guarda questa Maserati Ghibli SS 4.9 litri in vendita all&#039;asta su PistonAddict.com con cambio manuale e solo 13 220 km.\" \/>\n<meta property=\"og:url\" content=\"https:\/\/pistonaddict.com\/it\/product\/maserati-ghibli-ss-49-litri\/\" \/>\n<meta property=\"og:site_name\" content=\"Piston Addict\" \/>\n<meta property=\"article:modified_time\" content=\"2024-03-19T16:37:34+00:00\" \/>\n<meta property=\"og:image\" content=\"https:\/\/pistonaddict.com\/wp-content\/uploads\/2023\/04\/Maserati13-scaled.jpg\" \/>\n\t<meta property=\"og:image:width\" content=\"2560\" \/>\n\t<meta property=\"og:image:height\" content=\"1609\" \/>\n\t<meta property=\"og:image:type\" content=\"image\/jpeg\" \/>\n<meta name=\"twitter:card\" content=\"summary_large_image\" \/>\n<meta name=\"twitter:label1\" content=\"Tempo di lettura stimato\" \/>\n\t<meta name=\"twitter:data1\" content=\"2 minuti\" \/>\n<script type=\"application\/ld+json\" class=\"yoast-schema-graph\">{\"@context\":\"https:\/\/schema.org\",\"@graph\":[{\"@type\":\"WebPage\",\"@id\":\"https:\/\/pistonaddict.com\/it\/product\/maserati-ghibli-ss-49-litri\/\",\"url\":\"https:\/\/pistonaddict.com\/it\/product\/maserati-ghibli-ss-49-litri\/\",\"name\":\"asta - %\",\"isPartOf\":{\"@id\":\"https:\/\/pistonaddict.com\/it\/#website\"},\"primaryImageOfPage\":{\"@id\":\"https:\/\/pistonaddict.com\/it\/product\/maserati-ghibli-ss-49-litri\/#primaryimage\"},\"image\":{\"@id\":\"https:\/\/pistonaddict.com\/it\/product\/maserati-ghibli-ss-49-litri\/#primaryimage\"},\"thumbnailUrl\":\"https:\/\/pistonaddict.com\/wp-content\/uploads\/2023\/04\/Maserati13-scaled.jpg\",\"datePublished\":\"2023-04-18T16:05:14+00:00\",\"dateModified\":\"2024-03-19T16:37:34+00:00\",\"description\":\"Guarda questa Maserati Ghibli SS 4.9 litri in vendita all'asta su PistonAddict.com con cambio manuale e solo 13 220 km.\",\"breadcrumb\":{\"@id\":\"https:\/\/pistonaddict.com\/it\/product\/maserati-ghibli-ss-49-litri\/#breadcrumb\"},\"inLanguage\":\"it-IT\",\"potentialAction\":[{\"@type\":\"ReadAction\",\"target\":[\"https:\/\/pistonaddict.com\/it\/product\/maserati-ghibli-ss-49-litri\/\"]}]},{\"@type\":\"ImageObject\",\"inLanguage\":\"it-IT\",\"@id\":\"https:\/\/pistonaddict.com\/it\/product\/maserati-ghibli-ss-49-litri\/#primaryimage\",\"url\":\"https:\/\/pistonaddict.com\/wp-content\/uploads\/2023\/04\/Maserati13-scaled.jpg\",\"contentUrl\":\"https:\/\/pistonaddict.com\/wp-content\/uploads\/2023\/04\/Maserati13-scaled.jpg\",\"width\":2560,\"height\":1609},{\"@type\":\"BreadcrumbList\",\"@id\":\"https:\/\/pistonaddict.com\/it\/product\/maserati-ghibli-ss-49-litri\/#breadcrumb\",\"itemListElement\":[{\"@type\":\"ListItem\",\"position\":1,\"name\":\"accoglienza\",\"item\":\"https:\/\/pistonaddict.com\/it\/homepage\/\"},{\"@type\":\"ListItem\",\"position\":2,\"name\":\"Auctions\",\"item\":\"https:\/\/pistonaddict.com\/auctions-listing\/\"},{\"@type\":\"ListItem\",\"position\":3,\"name\":\"Maserati Ghibli SS 4,9 litri\"}]},{\"@type\":\"WebSite\",\"@id\":\"https:\/\/pistonaddict.com\/it\/#website\",\"url\":\"https:\/\/pistonaddict.com\/it\/\",\"name\":\"Piston Addict\",\"description\":\"Only interesting vehicles\",\"publisher\":{\"@id\":\"https:\/\/pistonaddict.com\/it\/#organization\"},\"potentialAction\":[{\"@type\":\"SearchAction\",\"target\":{\"@type\":\"EntryPoint\",\"urlTemplate\":\"https:\/\/pistonaddict.com\/it\/?s={search_term_string}\"},\"query-input\":\"required name=search_term_string\"}],\"inLanguage\":\"it-IT\"},{\"@type\":\"Organization\",\"@id\":\"https:\/\/pistonaddict.com\/it\/#organization\",\"name\":\"Piston Addict\",\"url\":\"https:\/\/pistonaddict.com\/it\/\",\"logo\":{\"@type\":\"ImageObject\",\"inLanguage\":\"it-IT\",\"@id\":\"https:\/\/pistonaddict.com\/it\/#\/schema\/logo\/image\/\",\"url\":\"https:\/\/pistonaddict.com\/wp-content\/uploads\/2022\/07\/logo-6.png\",\"contentUrl\":\"https:\/\/pistonaddict.com\/wp-content\/uploads\/2022\/07\/logo-6.png\",\"width\":970,\"height\":200,\"caption\":\"Piston Addict\"},\"image\":{\"@id\":\"https:\/\/pistonaddict.com\/it\/#\/schema\/logo\/image\/\"}}]}<\/script>\n<!-- \/ Yoast SEO plugin. -->","yoast_head_json":{"title":"asta - %","description":"Guarda questa Maserati Ghibli SS 4.9 litri in vendita all'asta su PistonAddict.com con cambio manuale e solo 13 220 km.","robots":{"index":"index","follow":"follow","max-snippet":"max-snippet:-1","max-image-preview":"max-image-preview:large","max-video-preview":"max-video-preview:-1"},"canonical":"https:\/\/pistonaddict.com\/it\/product\/maserati-ghibli-ss-49-litri\/","og_locale":"it_IT","og_type":"article","og_title":"asta - %","og_description":"Guarda questa Maserati Ghibli SS 4.9 litri in vendita all'asta su PistonAddict.com con cambio manuale e solo 13 220 km.","og_url":"https:\/\/pistonaddict.com\/it\/product\/maserati-ghibli-ss-49-litri\/","og_site_name":"Piston Addict","article_modified_time":"2024-03-19T16:37:34+00:00","og_image":[{"width":2560,"height":1609,"url":"https:\/\/pistonaddict.com\/wp-content\/uploads\/2023\/04\/Maserati13-scaled.jpg","type":"image\/jpeg"}],"twitter_card":"summary_large_image","twitter_misc":{"Tempo di lettura stimato":"2 minuti"},"schema":{"@context":"https:\/\/schema.org","@graph":[{"@type":"WebPage","@id":"https:\/\/pistonaddict.com\/it\/product\/maserati-ghibli-ss-49-litri\/","url":"https:\/\/pistonaddict.com\/it\/product\/maserati-ghibli-ss-49-litri\/","name":"asta - %","isPartOf":{"@id":"https:\/\/pistonaddict.com\/it\/#website"},"primaryImageOfPage":{"@id":"https:\/\/pistonaddict.com\/it\/product\/maserati-ghibli-ss-49-litri\/#primaryimage"},"image":{"@id":"https:\/\/pistonaddict.com\/it\/product\/maserati-ghibli-ss-49-litri\/#primaryimage"},"thumbnailUrl":"https:\/\/pistonaddict.com\/wp-content\/uploads\/2023\/04\/Maserati13-scaled.jpg","datePublished":"2023-04-18T16:05:14+00:00","dateModified":"2024-03-19T16:37:34+00:00","description":"Guarda questa Maserati Ghibli SS 4.9 litri in vendita all'asta su PistonAddict.com con cambio manuale e solo 13 220 km.","breadcrumb":{"@id":"https:\/\/pistonaddict.com\/it\/product\/maserati-ghibli-ss-49-litri\/#breadcrumb"},"inLanguage":"it-IT","potentialAction":[{"@type":"ReadAction","target":["https:\/\/pistonaddict.com\/it\/product\/maserati-ghibli-ss-49-litri\/"]}]},{"@type":"ImageObject","inLanguage":"it-IT","@id":"https:\/\/pistonaddict.com\/it\/product\/maserati-ghibli-ss-49-litri\/#primaryimage","url":"https:\/\/pistonaddict.com\/wp-content\/uploads\/2023\/04\/Maserati13-scaled.jpg","contentUrl":"https:\/\/pistonaddict.com\/wp-content\/uploads\/2023\/04\/Maserati13-scaled.jpg","width":2560,"height":1609},{"@type":"BreadcrumbList","@id":"https:\/\/pistonaddict.com\/it\/product\/maserati-ghibli-ss-49-litri\/#breadcrumb","itemListElement":[{"@type":"ListItem","position":1,"name":"accoglienza","item":"https:\/\/pistonaddict.com\/it\/homepage\/"},{"@type":"ListItem","position":2,"name":"Auctions","item":"https:\/\/pistonaddict.com\/auctions-listing\/"},{"@type":"ListItem","position":3,"name":"Maserati Ghibli SS 4,9 litri"}]},{"@type":"WebSite","@id":"https:\/\/pistonaddict.com\/it\/#website","url":"https:\/\/pistonaddict.com\/it\/","name":"Piston Addict","description":"Only interesting vehicles","publisher":{"@id":"https:\/\/pistonaddict.com\/it\/#organization"},"potentialAction":[{"@type":"SearchAction","target":{"@type":"EntryPoint","urlTemplate":"https:\/\/pistonaddict.com\/it\/?s={search_term_string}"},"query-input":"required name=search_term_string"}],"inLanguage":"it-IT"},{"@type":"Organization","@id":"https:\/\/pistonaddict.com\/it\/#organization","name":"Piston Addict","url":"https:\/\/pistonaddict.com\/it\/","logo":{"@type":"ImageObject","inLanguage":"it-IT","@id":"https:\/\/pistonaddict.com\/it\/#\/schema\/logo\/image\/","url":"https:\/\/pistonaddict.com\/wp-content\/uploads\/2022\/07\/logo-6.png","contentUrl":"https:\/\/pistonaddict.com\/wp-content\/uploads\/2022\/07\/logo-6.png","width":970,"height":200,"caption":"Piston Addict"},"image":{"@id":"https:\/\/pistonaddict.com\/it\/#\/schema\/logo\/image\/"}}]}},"_links":{"self":[{"href":"https:\/\/pistonaddict.com\/it\/wp-json\/wp\/v2\/product\/32591"}],"collection":[{"href":"https:\/\/pistonaddict.com\/it\/wp-json\/wp\/v2\/product"}],"about":[{"href":"https:\/\/pistonaddict.com\/it\/wp-json\/wp\/v2\/types\/product"}],"replies":[{"embeddable":true,"href":"https:\/\/pistonaddict.com\/it\/wp-json\/wp\/v2\/comments?post=32591"}],"wp:featuredmedia":[{"embeddable":true,"href":"https:\/\/pistonaddict.com\/it\/wp-json\/wp\/v2\/media\/32153"}],"wp:attachment":[{"href":"https:\/\/pistonaddict.com\/it\/wp-json\/wp\/v2\/media?parent=32591"}],"wp:term":[{"taxonomy":"product_cat","embeddable":true,"href":"https:\/\/pistonaddict.com\/it\/wp-json\/wp\/v2\/product_cat?post=32591"},{"taxonomy":"product_tag","embeddable":true,"href":"https:\/\/pistonaddict.com\/it\/wp-json\/wp\/v2\/product_tag?post=32591"}],"curies":[{"name":"wp","href":"https:\/\/api.w.org\/{rel}","templated":true}]}}