{"id":29715,"date":"2023-03-02T21:25:19","date_gmt":"2023-03-02T20:25:19","guid":{"rendered":"https:\/\/pistonaddict.com\/product\/1985-porsche-911-carrera-3-2-in-vendita\/"},"modified":"2024-03-22T16:10:50","modified_gmt":"2024-03-22T15:10:50","slug":"1985-porsche-911-carrera-3-2-for-sale","status":"publish","type":"product","link":"https:\/\/pistonaddict.com\/it\/product\/1985-porsche-911-carrera-3-2-for-sale\/","title":{"rendered":"1985 Porsche 911 Carrera 3.2 in vendita all&#8217;asta"},"content":{"rendered":"<p><strong>Storia dell&#8217;auto<\/strong><\/p>\n<p>Il venditore ha acquistato questo splendido esempio di magia della met\u00e0 degli anni &#8217;80 nel 1997 in Lussemburgo e lo ha importato in Svizzera. Questa Carrera \u00e8 stata equipaggiata con un motore flat-six da 3,2 litri di serie, che eroga 231 CV alle ruote posteriori tramite un manuale a 5 rapporti. Il motore \u00e8 a iniezione ed \u00e8 in grado di lanciare questa leggendaria auto sportiva da 0 a 100 km\/h in 5,9 secondi e di raggiungere una velocit\u00e0 massima ancora rispettabile di 245 km\/h (150 mph). Non sono state registrate modifiche al motore, ma la vettura \u00e8 stata sottoposta a regolare manutenzione, con l&#8217;ultimo tagliando documentato effettuato a fine marzo 2022. Finora, questa Porsche nera ha percorso 168.000 km.<\/p>\n<p><strong>Condizione<\/strong><\/p>\n<p>Il veicolo ha beneficiato di una riverniciatura professionale completa della carrozzeria e del motore, utilizzando parti e componenti originali. Ha superato il controllo tecnico svizzero e la sua circolazione \u00e8 legale e registrata. I potenziali acquirenti vogliono sapere che l&#8217;analisi dell&#8217;olio \u00e8 stata fatta e che i risultati sono in ordine. Nei video si vede che la pressione dell&#8217;olio e tutti gli indicatori funzionano correttamente. Non ci sono perdite d&#8217;olio nel sottoscocca, il vano motore \u00e8 in ordine e sono presenti tutti i timbri e le marcature originali.<\/p>\n<p><strong>Interno<\/strong><\/p>\n<p>Gli interni di questa Porsche 911 Carrera 3.2 del 1985 sono originali, con i sedili e le portiere rivestiti in pelle. Rispetto a vetture simili, questo esemplare triplo nero (carrozzeria, interni e tappeti tutti neri) presenta alcuni optional desiderabili che i collezionisti cercano. Il primo di questi \u00e8 rappresentato dai sedili in pelle con opzione di alimentazione. In secondo luogo, questo esemplare \u00e8 dotato di aria condizionata, un&#8217;aggiunta molto gradita, soprattutto durante le calde giornate estive. In terzo luogo, questa Carrera del 1985 \u00e8 dotata anche di tetto apribile, specchietti retrovisori elettrici e lavafari, tutti elementi che contribuiscono a migliorare l&#8217;esperienza di guida. Il vetro posteriore \u00e8 riscaldato e c&#8217;\u00e8 un&#8217;unit\u00e0 stereo aftermarket per i vostri brani anni &#8217;80 preferiti. Tuttavia, il pomello del cambio non \u00e8 originale.<\/p>\n<p><strong>Esterni e ruote<\/strong><\/p>\n<p>Tutte le finiture esterne, le modanature e i componenti in plastica sono in perfetta forma e non c&#8217;\u00e8 ruggine visibile intorno all&#8217;apertura del tettuccio, uno sport comune a queste auto. Significa che il veicolo \u00e8 ben curato e usato solo sporadicamente. \u00c8 interessante notare che il proprietario ha scelto di migliorare il parco macchine di questa Porsche 911 Carrera del 1985. Al posto dei cerchi da 15 pollici corretti per la fabbrica, quest&#8217;auto monta cerchi originali Fuchs da 16 pollici con pneumatici Pirelli P Zero. Naturalmente, quelle posteriori sono pi\u00f9 larghe di quelle anteriori. Si tratta di una modifica comune che contribuisce all&#8217;estetica e alla dinamica di guida. I pneumatici sono stati installati a met\u00e0 del 2021. La vettura viene fornita con un kit di attrezzi e una ruota di scorta originali, a dimostrazione del livello di originalit\u00e0 favorevole ai collezionisti.<\/p>\n<p><strong>Documentazione<\/strong><\/p>\n<p>Si tratta di un veicolo di propriet\u00e0 privata con documentazione adeguata situato a Ginevra, Svizzera. Il rapporto di CarVertical \u00e8 pulito; non esistono prove di incidenti, riparazioni di incidenti o propriet\u00e0 o problemi legali. Ci sono registrazioni di manutenzione regolare che risalgono al 2015.<\/p>\n","protected":false},"excerpt":{"rendered":"<p>Rifinita in un&#8217;elegante tonalit\u00e0 di nero Porsche con interni in tinta, questa Carrera 3.2 del 1985 \u00e8 un perfetto esempio di 911 classica di qualit\u00e0, pronta per essere goduta dal nuovo proprietario. Caratterizzata da un esterno non marcato, da numerosi optional desiderabili e da interni ben arredati, questa Carrera \u00e8 un classico ben tenuto e affidabile con molte prestazioni, pronto per essere portato con fiducia in un viaggio estivo attraverso l&#8217;Europa.<\/p>\n","protected":false},"featured_media":29667,"comment_status":"open","ping_status":"closed","template":"","meta":{"inline_featured_image":false},"product_cat":[742],"product_tag":[973,827,972,898,825],"acf":[],"yoast_head":"<!-- This site is optimized with the Yoast SEO plugin v22.5 - https:\/\/yoast.com\/wordpress\/plugins\/seo\/ -->\n<title>1985 Porsche 911 Carrera 3.2 in vendita all&#039;asta - Piston Addict<\/title>\n<meta name=\"description\" content=\"Guarda questa splendida Porsche 911 Carrera 3.2 del 1985 in vendita all&#039;asta su PistonAddict.com\" \/>\n<meta name=\"robots\" content=\"index, follow, max-snippet:-1, max-image-preview:large, max-video-preview:-1\" \/>\n<link rel=\"canonical\" href=\"https:\/\/pistonaddict.com\/it\/product\/1985-porsche-911-carrera-3-2-for-sale\/\" \/>\n<meta property=\"og:locale\" content=\"it_IT\" \/>\n<meta property=\"og:type\" content=\"article\" \/>\n<meta property=\"og:title\" content=\"1985 Porsche 911 Carrera 3.2 in vendita all&#039;asta - Piston Addict\" \/>\n<meta property=\"og:description\" content=\"Guarda questa splendida Porsche 911 Carrera 3.2 del 1985 in vendita all&#039;asta su PistonAddict.com\" \/>\n<meta property=\"og:url\" content=\"https:\/\/pistonaddict.com\/it\/product\/1985-porsche-911-carrera-3-2-for-sale\/\" \/>\n<meta property=\"og:site_name\" content=\"Piston Addict\" \/>\n<meta property=\"article:modified_time\" content=\"2024-03-22T15:10:50+00:00\" \/>\n<meta property=\"og:image\" content=\"https:\/\/pistonaddict.com\/wp-content\/uploads\/2023\/03\/IMG_2519-scaled.jpeg\" \/>\n\t<meta property=\"og:image:width\" content=\"2560\" \/>\n\t<meta property=\"og:image:height\" content=\"1920\" \/>\n\t<meta property=\"og:image:type\" content=\"image\/jpeg\" \/>\n<meta name=\"twitter:card\" content=\"summary_large_image\" \/>\n<meta name=\"twitter:label1\" content=\"Tempo di lettura stimato\" \/>\n\t<meta name=\"twitter:data1\" content=\"2 minuti\" \/>\n<script type=\"application\/ld+json\" class=\"yoast-schema-graph\">{\"@context\":\"https:\/\/schema.org\",\"@graph\":[{\"@type\":\"WebPage\",\"@id\":\"https:\/\/pistonaddict.com\/it\/product\/1985-porsche-911-carrera-3-2-for-sale\/\",\"url\":\"https:\/\/pistonaddict.com\/it\/product\/1985-porsche-911-carrera-3-2-for-sale\/\",\"name\":\"1985 Porsche 911 Carrera 3.2 in vendita all'asta - Piston Addict\",\"isPartOf\":{\"@id\":\"https:\/\/pistonaddict.com\/it\/#website\"},\"primaryImageOfPage\":{\"@id\":\"https:\/\/pistonaddict.com\/it\/product\/1985-porsche-911-carrera-3-2-for-sale\/#primaryimage\"},\"image\":{\"@id\":\"https:\/\/pistonaddict.com\/it\/product\/1985-porsche-911-carrera-3-2-for-sale\/#primaryimage\"},\"thumbnailUrl\":\"https:\/\/pistonaddict.com\/wp-content\/uploads\/2023\/03\/IMG_2519-scaled.jpeg\",\"datePublished\":\"2023-03-02T20:25:19+00:00\",\"dateModified\":\"2024-03-22T15:10:50+00:00\",\"description\":\"Guarda questa splendida Porsche 911 Carrera 3.2 del 1985 in vendita all'asta su PistonAddict.com\",\"breadcrumb\":{\"@id\":\"https:\/\/pistonaddict.com\/it\/product\/1985-porsche-911-carrera-3-2-for-sale\/#breadcrumb\"},\"inLanguage\":\"it-IT\",\"potentialAction\":[{\"@type\":\"ReadAction\",\"target\":[\"https:\/\/pistonaddict.com\/it\/product\/1985-porsche-911-carrera-3-2-for-sale\/\"]}]},{\"@type\":\"ImageObject\",\"inLanguage\":\"it-IT\",\"@id\":\"https:\/\/pistonaddict.com\/it\/product\/1985-porsche-911-carrera-3-2-for-sale\/#primaryimage\",\"url\":\"https:\/\/pistonaddict.com\/wp-content\/uploads\/2023\/03\/IMG_2519-scaled.jpeg\",\"contentUrl\":\"https:\/\/pistonaddict.com\/wp-content\/uploads\/2023\/03\/IMG_2519-scaled.jpeg\",\"width\":2560,\"height\":1920},{\"@type\":\"BreadcrumbList\",\"@id\":\"https:\/\/pistonaddict.com\/it\/product\/1985-porsche-911-carrera-3-2-for-sale\/#breadcrumb\",\"itemListElement\":[{\"@type\":\"ListItem\",\"position\":1,\"name\":\"accoglienza\",\"item\":\"https:\/\/pistonaddict.com\/it\/homepage\/\"},{\"@type\":\"ListItem\",\"position\":2,\"name\":\"Auctions\",\"item\":\"https:\/\/pistonaddict.com\/auctions-listing\/\"},{\"@type\":\"ListItem\",\"position\":3,\"name\":\"1985 Porsche 911 Carrera 3.2 in vendita all&#8217;asta\"}]},{\"@type\":\"WebSite\",\"@id\":\"https:\/\/pistonaddict.com\/it\/#website\",\"url\":\"https:\/\/pistonaddict.com\/it\/\",\"name\":\"Piston Addict\",\"description\":\"Only interesting vehicles\",\"publisher\":{\"@id\":\"https:\/\/pistonaddict.com\/it\/#organization\"},\"potentialAction\":[{\"@type\":\"SearchAction\",\"target\":{\"@type\":\"EntryPoint\",\"urlTemplate\":\"https:\/\/pistonaddict.com\/it\/?s={search_term_string}\"},\"query-input\":\"required name=search_term_string\"}],\"inLanguage\":\"it-IT\"},{\"@type\":\"Organization\",\"@id\":\"https:\/\/pistonaddict.com\/it\/#organization\",\"name\":\"Piston Addict\",\"url\":\"https:\/\/pistonaddict.com\/it\/\",\"logo\":{\"@type\":\"ImageObject\",\"inLanguage\":\"it-IT\",\"@id\":\"https:\/\/pistonaddict.com\/it\/#\/schema\/logo\/image\/\",\"url\":\"https:\/\/pistonaddict.com\/wp-content\/uploads\/2022\/07\/logo-6.png\",\"contentUrl\":\"https:\/\/pistonaddict.com\/wp-content\/uploads\/2022\/07\/logo-6.png\",\"width\":970,\"height\":200,\"caption\":\"Piston Addict\"},\"image\":{\"@id\":\"https:\/\/pistonaddict.com\/it\/#\/schema\/logo\/image\/\"}}]}<\/script>\n<!-- \/ Yoast SEO plugin. -->","yoast_head_json":{"title":"1985 Porsche 911 Carrera 3.2 in vendita all'asta - Piston Addict","description":"Guarda questa splendida Porsche 911 Carrera 3.2 del 1985 in vendita all'asta su PistonAddict.com","robots":{"index":"index","follow":"follow","max-snippet":"max-snippet:-1","max-image-preview":"max-image-preview:large","max-video-preview":"max-video-preview:-1"},"canonical":"https:\/\/pistonaddict.com\/it\/product\/1985-porsche-911-carrera-3-2-for-sale\/","og_locale":"it_IT","og_type":"article","og_title":"1985 Porsche 911 Carrera 3.2 in vendita all'asta - Piston Addict","og_description":"Guarda questa splendida Porsche 911 Carrera 3.2 del 1985 in vendita all'asta su PistonAddict.com","og_url":"https:\/\/pistonaddict.com\/it\/product\/1985-porsche-911-carrera-3-2-for-sale\/","og_site_name":"Piston Addict","article_modified_time":"2024-03-22T15:10:50+00:00","og_image":[{"width":2560,"height":1920,"url":"https:\/\/pistonaddict.com\/wp-content\/uploads\/2023\/03\/IMG_2519-scaled.jpeg","type":"image\/jpeg"}],"twitter_card":"summary_large_image","twitter_misc":{"Tempo di lettura stimato":"2 minuti"},"schema":{"@context":"https:\/\/schema.org","@graph":[{"@type":"WebPage","@id":"https:\/\/pistonaddict.com\/it\/product\/1985-porsche-911-carrera-3-2-for-sale\/","url":"https:\/\/pistonaddict.com\/it\/product\/1985-porsche-911-carrera-3-2-for-sale\/","name":"1985 Porsche 911 Carrera 3.2 in vendita all'asta - Piston Addict","isPartOf":{"@id":"https:\/\/pistonaddict.com\/it\/#website"},"primaryImageOfPage":{"@id":"https:\/\/pistonaddict.com\/it\/product\/1985-porsche-911-carrera-3-2-for-sale\/#primaryimage"},"image":{"@id":"https:\/\/pistonaddict.com\/it\/product\/1985-porsche-911-carrera-3-2-for-sale\/#primaryimage"},"thumbnailUrl":"https:\/\/pistonaddict.com\/wp-content\/uploads\/2023\/03\/IMG_2519-scaled.jpeg","datePublished":"2023-03-02T20:25:19+00:00","dateModified":"2024-03-22T15:10:50+00:00","description":"Guarda questa splendida Porsche 911 Carrera 3.2 del 1985 in vendita all'asta su PistonAddict.com","breadcrumb":{"@id":"https:\/\/pistonaddict.com\/it\/product\/1985-porsche-911-carrera-3-2-for-sale\/#breadcrumb"},"inLanguage":"it-IT","potentialAction":[{"@type":"ReadAction","target":["https:\/\/pistonaddict.com\/it\/product\/1985-porsche-911-carrera-3-2-for-sale\/"]}]},{"@type":"ImageObject","inLanguage":"it-IT","@id":"https:\/\/pistonaddict.com\/it\/product\/1985-porsche-911-carrera-3-2-for-sale\/#primaryimage","url":"https:\/\/pistonaddict.com\/wp-content\/uploads\/2023\/03\/IMG_2519-scaled.jpeg","contentUrl":"https:\/\/pistonaddict.com\/wp-content\/uploads\/2023\/03\/IMG_2519-scaled.jpeg","width":2560,"height":1920},{"@type":"BreadcrumbList","@id":"https:\/\/pistonaddict.com\/it\/product\/1985-porsche-911-carrera-3-2-for-sale\/#breadcrumb","itemListElement":[{"@type":"ListItem","position":1,"name":"accoglienza","item":"https:\/\/pistonaddict.com\/it\/homepage\/"},{"@type":"ListItem","position":2,"name":"Auctions","item":"https:\/\/pistonaddict.com\/auctions-listing\/"},{"@type":"ListItem","position":3,"name":"1985 Porsche 911 Carrera 3.2 in vendita all&#8217;asta"}]},{"@type":"WebSite","@id":"https:\/\/pistonaddict.com\/it\/#website","url":"https:\/\/pistonaddict.com\/it\/","name":"Piston Addict","description":"Only interesting vehicles","publisher":{"@id":"https:\/\/pistonaddict.com\/it\/#organization"},"potentialAction":[{"@type":"SearchAction","target":{"@type":"EntryPoint","urlTemplate":"https:\/\/pistonaddict.com\/it\/?s={search_term_string}"},"query-input":"required name=search_term_string"}],"inLanguage":"it-IT"},{"@type":"Organization","@id":"https:\/\/pistonaddict.com\/it\/#organization","name":"Piston Addict","url":"https:\/\/pistonaddict.com\/it\/","logo":{"@type":"ImageObject","inLanguage":"it-IT","@id":"https:\/\/pistonaddict.com\/it\/#\/schema\/logo\/image\/","url":"https:\/\/pistonaddict.com\/wp-content\/uploads\/2022\/07\/logo-6.png","contentUrl":"https:\/\/pistonaddict.com\/wp-content\/uploads\/2022\/07\/logo-6.png","width":970,"height":200,"caption":"Piston Addict"},"image":{"@id":"https:\/\/pistonaddict.com\/it\/#\/schema\/logo\/image\/"}}]}},"_links":{"self":[{"href":"https:\/\/pistonaddict.com\/it\/wp-json\/wp\/v2\/product\/29715"}],"collection":[{"href":"https:\/\/pistonaddict.com\/it\/wp-json\/wp\/v2\/product"}],"about":[{"href":"https:\/\/pistonaddict.com\/it\/wp-json\/wp\/v2\/types\/product"}],"replies":[{"embeddable":true,"href":"https:\/\/pistonaddict.com\/it\/wp-json\/wp\/v2\/comments?post=29715"}],"wp:featuredmedia":[{"embeddable":true,"href":"https:\/\/pistonaddict.com\/it\/wp-json\/wp\/v2\/media\/29667"}],"wp:attachment":[{"href":"https:\/\/pistonaddict.com\/it\/wp-json\/wp\/v2\/media?parent=29715"}],"wp:term":[{"taxonomy":"product_cat","embeddable":true,"href":"https:\/\/pistonaddict.com\/it\/wp-json\/wp\/v2\/product_cat?post=29715"},{"taxonomy":"product_tag","embeddable":true,"href":"https:\/\/pistonaddict.com\/it\/wp-json\/wp\/v2\/product_tag?post=29715"}],"curies":[{"name":"wp","href":"https:\/\/api.w.org\/{rel}","templated":true}]}}