{"id":28010,"date":"2023-03-02T16:24:00","date_gmt":"2023-03-02T15:24:00","guid":{"rendered":"https:\/\/pistonaddict.com\/product\/2008-porsche-911-gt2\/"},"modified":"2024-03-22T16:09:06","modified_gmt":"2024-03-22T15:09:06","slug":"2008-porsche-911-gt2","status":"publish","type":"product","link":"https:\/\/pistonaddict.com\/it\/product\/2008-porsche-911-gt2\/","title":{"rendered":"Porsche 911 GT2 del 2008 in vendita all&#8217;asta"},"content":{"rendered":"<h2>Esterno<\/h2>\n<p>L&#8217;auto in questione \u00e8 verniciata in nero ed \u00e8 dotata di fari Bi-Xenon. Ma ci\u00f2 che colpisce di pi\u00f9 di questa Porsche \u00e8 il suo aspetto aggressivo. Rispetto a una 911 standard, questa GT2 presenta pannelli della carrozzeria e paraurti allargati, con prese d&#8217;aria aggiuntive per migliorare il raffreddamento. I terminali di scarico in titanio lucido sono un altro dettaglio degno di nota che la distingue dagli altri modelli. Infine, un grande spoiler nero sul retro aggiunge un aspetto pi\u00f9 aggressivo e migliora l&#8217;aerodinamica. L&#8217;auto \u00e8 montata su cerchi da 19 pollici di serie con pneumatici Michelin Pilot Sport Cup2. Questi pneumatici sono stati installati sul veicolo nel luglio 2022 e sono ideali per l&#8217;applicazione.<\/p>\n<h2>Interno<\/h2>\n<p>All&#8217;interno, due sedili leggeri a regolazione manuale rivestiti in tessuto ignifugo e dotati di cinture di sicurezza rosse. Il proprietario li descrive <em>come nuovi<\/em>, con foto che raccontano la stessa storia. Sul retro, \u00e8 presente un roll bar installato in fabbrica, che irrigidisce il telaio e migliora la sicurezza. Il resto degli interni dell&#8217;auto \u00e8 rivestito in tessuto nero. Una volta seduto, il guidatore si trover\u00e0 dietro un volante a quattro razze rivestito in pelle Alcantara. Come nella maggior parte delle Porsche, il quadro strumenti \u00e8 dominato da un contagiri, il cui limite \u00e8 di 7.000 giri\/min. Oltre a questo, ha un tachimetro che arriva a 350 KPM e diversi indicatori che mostrano i parametri vitali di funzionamento. Questo include, tra l&#8217;altro, la temperatura del motore, la pressione dell&#8217;olio e il livello del carburante. La lettura attuale del contachilometri \u00e8 impostata su circa 12.000 chilometri. Infine, al centro del cruscotto \u00e8 montato un cronometro, utile per i giri cronometrati.<\/p>\n<h2>Meccanica<\/h2>\n<p>La meccanica sotto la pelle \u00e8 il punto in cui il carattere della GT2 si rivela pienamente. Per cominciare, ha un flat-six da 3,6 litri, utilizzato nella maggior parte della gamma 997. Ma per l&#8217;applicazione in GT2, questo motore \u00e8 dotato di una coppia di turbocompressori a geometria variabile e di un&#8217;iniezione diretta di carburante. Questi aggiornamenti hanno contribuito ad aumentare la sua potenza a ben 530 cavalli. La potenza viene trasmessa alle ruote posteriori attraverso un tradizionale cambio a 6 rapporti. Porsche ha deciso di risparmiare peso non montando un sistema di trazione integrale o la complessa trasmissione a doppia frizione PDK. Infine, un set di freni ceramici montati in fabbrica assicura che la GT2 si fermi in modo altrettanto impressionante.<\/p>\n<h2>Storia del servizio<\/h2>\n<p>Il proprietario afferma che l&#8217;auto \u00e8 stata sottoposta a regolare manutenzione secondo il programma del produttore, con l&#8217;ultimo tagliando effettuato nel luglio 2022. Attualmente non sono noti guasti o spie sul cruscotto. Inoltre, non sono presenti graffi, ammaccature o altre imperfezioni della carrozzeria. Infine, questo veicolo \u00e8 interamente stock, senza modifiche aftermarket di alcun tipo. Tenendo conto di tutto ci\u00f2, si pu\u00f2 dire che questa 911 GT2 \u00e8 <em>in condizioni perfette<\/em>, come le ha descritte il proprietario.<\/p>\n","protected":false},"excerpt":{"rendered":"<p>Questa Porsche 911 GT2 del 2008, che ha percorso poco meno di 12.000 chilometri, viene venduta privatamente dal proprietario, che l&#8217;ha acquistata nuova di zecca. \u00c8 alimentata da un motore flat-six turbo da 530 cavalli abbinato a un cambio automatico a sei rapporti. Le caratteristiche includono cerchi Porsche da 19&#8243;, fari Bi-Xenon, freni in ceramica, sedili leggeri con cinture da corsa e un roll bar installato in fabbrica. L&#8217;auto si trova attualmente in Svizzera, dove \u00e8 stata immatricolata fin dal primo giorno. \u00c8 stata sottoposta a manutenzione completa di recente e ora ha un set di pneumatici quasi nuovi. A parte un piccolo graffio al paraurti nel 2013, che \u00e8 stato completamente riparato, questa GT2 \u00e8 priva di danni, come confermato dal rapporto CarVertical.<\/p>\n","protected":false},"featured_media":27898,"comment_status":"open","ping_status":"closed","template":"","meta":{"inline_featured_image":false},"product_cat":[742],"product_tag":[992,827,939,829,825],"acf":[],"yoast_head":"<!-- This site is optimized with the Yoast SEO plugin v22.5 - https:\/\/yoast.com\/wordpress\/plugins\/seo\/ -->\n<title>Porsche 911 GT2 del 2008 in vendita all&#039;asta - Piston Addict<\/title>\n<meta name=\"description\" content=\"Guarda questa Porsche 911 GT2 del 2008 in vendita all&#039;asta su PistonAddict.com\" \/>\n<meta name=\"robots\" content=\"index, follow, max-snippet:-1, max-image-preview:large, max-video-preview:-1\" \/>\n<link rel=\"canonical\" href=\"https:\/\/pistonaddict.com\/it\/product\/2008-porsche-911-gt2\/\" \/>\n<meta property=\"og:locale\" content=\"it_IT\" \/>\n<meta property=\"og:type\" content=\"article\" \/>\n<meta property=\"og:title\" content=\"Porsche 911 GT2 del 2008 in vendita all&#039;asta - Piston Addict\" \/>\n<meta property=\"og:description\" content=\"Guarda questa Porsche 911 GT2 del 2008 in vendita all&#039;asta su PistonAddict.com\" \/>\n<meta property=\"og:url\" content=\"https:\/\/pistonaddict.com\/it\/product\/2008-porsche-911-gt2\/\" \/>\n<meta property=\"og:site_name\" content=\"Piston Addict\" \/>\n<meta property=\"article:modified_time\" content=\"2024-03-22T15:09:06+00:00\" \/>\n<meta property=\"og:image\" content=\"https:\/\/pistonaddict.com\/wp-content\/uploads\/2023\/03\/MainGT22008.jpg\" \/>\n\t<meta property=\"og:image:width\" content=\"1200\" \/>\n\t<meta property=\"og:image:height\" content=\"798\" \/>\n\t<meta property=\"og:image:type\" content=\"image\/jpeg\" \/>\n<meta name=\"twitter:card\" content=\"summary_large_image\" \/>\n<meta name=\"twitter:label1\" content=\"Tempo di lettura stimato\" \/>\n\t<meta name=\"twitter:data1\" content=\"2 minuti\" \/>\n<script type=\"application\/ld+json\" class=\"yoast-schema-graph\">{\"@context\":\"https:\/\/schema.org\",\"@graph\":[{\"@type\":\"WebPage\",\"@id\":\"https:\/\/pistonaddict.com\/it\/product\/2008-porsche-911-gt2\/\",\"url\":\"https:\/\/pistonaddict.com\/it\/product\/2008-porsche-911-gt2\/\",\"name\":\"Porsche 911 GT2 del 2008 in vendita all'asta - Piston Addict\",\"isPartOf\":{\"@id\":\"https:\/\/pistonaddict.com\/it\/#website\"},\"primaryImageOfPage\":{\"@id\":\"https:\/\/pistonaddict.com\/it\/product\/2008-porsche-911-gt2\/#primaryimage\"},\"image\":{\"@id\":\"https:\/\/pistonaddict.com\/it\/product\/2008-porsche-911-gt2\/#primaryimage\"},\"thumbnailUrl\":\"https:\/\/pistonaddict.com\/wp-content\/uploads\/2023\/03\/MainGT22008.jpg\",\"datePublished\":\"2023-03-02T15:24:00+00:00\",\"dateModified\":\"2024-03-22T15:09:06+00:00\",\"description\":\"Guarda questa Porsche 911 GT2 del 2008 in vendita all'asta su PistonAddict.com\",\"breadcrumb\":{\"@id\":\"https:\/\/pistonaddict.com\/it\/product\/2008-porsche-911-gt2\/#breadcrumb\"},\"inLanguage\":\"it-IT\",\"potentialAction\":[{\"@type\":\"ReadAction\",\"target\":[\"https:\/\/pistonaddict.com\/it\/product\/2008-porsche-911-gt2\/\"]}]},{\"@type\":\"ImageObject\",\"inLanguage\":\"it-IT\",\"@id\":\"https:\/\/pistonaddict.com\/it\/product\/2008-porsche-911-gt2\/#primaryimage\",\"url\":\"https:\/\/pistonaddict.com\/wp-content\/uploads\/2023\/03\/MainGT22008.jpg\",\"contentUrl\":\"https:\/\/pistonaddict.com\/wp-content\/uploads\/2023\/03\/MainGT22008.jpg\",\"width\":1200,\"height\":798},{\"@type\":\"BreadcrumbList\",\"@id\":\"https:\/\/pistonaddict.com\/it\/product\/2008-porsche-911-gt2\/#breadcrumb\",\"itemListElement\":[{\"@type\":\"ListItem\",\"position\":1,\"name\":\"accoglienza\",\"item\":\"https:\/\/pistonaddict.com\/it\/homepage\/\"},{\"@type\":\"ListItem\",\"position\":2,\"name\":\"Auctions\",\"item\":\"https:\/\/pistonaddict.com\/auctions-listing\/\"},{\"@type\":\"ListItem\",\"position\":3,\"name\":\"Porsche 911 GT2 del 2008 in vendita all&#8217;asta\"}]},{\"@type\":\"WebSite\",\"@id\":\"https:\/\/pistonaddict.com\/it\/#website\",\"url\":\"https:\/\/pistonaddict.com\/it\/\",\"name\":\"Piston Addict\",\"description\":\"Only interesting vehicles\",\"publisher\":{\"@id\":\"https:\/\/pistonaddict.com\/it\/#organization\"},\"potentialAction\":[{\"@type\":\"SearchAction\",\"target\":{\"@type\":\"EntryPoint\",\"urlTemplate\":\"https:\/\/pistonaddict.com\/it\/?s={search_term_string}\"},\"query-input\":\"required name=search_term_string\"}],\"inLanguage\":\"it-IT\"},{\"@type\":\"Organization\",\"@id\":\"https:\/\/pistonaddict.com\/it\/#organization\",\"name\":\"Piston Addict\",\"url\":\"https:\/\/pistonaddict.com\/it\/\",\"logo\":{\"@type\":\"ImageObject\",\"inLanguage\":\"it-IT\",\"@id\":\"https:\/\/pistonaddict.com\/it\/#\/schema\/logo\/image\/\",\"url\":\"https:\/\/pistonaddict.com\/wp-content\/uploads\/2022\/07\/logo-6.png\",\"contentUrl\":\"https:\/\/pistonaddict.com\/wp-content\/uploads\/2022\/07\/logo-6.png\",\"width\":970,\"height\":200,\"caption\":\"Piston Addict\"},\"image\":{\"@id\":\"https:\/\/pistonaddict.com\/it\/#\/schema\/logo\/image\/\"}}]}<\/script>\n<!-- \/ Yoast SEO plugin. -->","yoast_head_json":{"title":"Porsche 911 GT2 del 2008 in vendita all'asta - Piston Addict","description":"Guarda questa Porsche 911 GT2 del 2008 in vendita all'asta su PistonAddict.com","robots":{"index":"index","follow":"follow","max-snippet":"max-snippet:-1","max-image-preview":"max-image-preview:large","max-video-preview":"max-video-preview:-1"},"canonical":"https:\/\/pistonaddict.com\/it\/product\/2008-porsche-911-gt2\/","og_locale":"it_IT","og_type":"article","og_title":"Porsche 911 GT2 del 2008 in vendita all'asta - Piston Addict","og_description":"Guarda questa Porsche 911 GT2 del 2008 in vendita all'asta su PistonAddict.com","og_url":"https:\/\/pistonaddict.com\/it\/product\/2008-porsche-911-gt2\/","og_site_name":"Piston Addict","article_modified_time":"2024-03-22T15:09:06+00:00","og_image":[{"width":1200,"height":798,"url":"https:\/\/pistonaddict.com\/wp-content\/uploads\/2023\/03\/MainGT22008.jpg","type":"image\/jpeg"}],"twitter_card":"summary_large_image","twitter_misc":{"Tempo di lettura stimato":"2 minuti"},"schema":{"@context":"https:\/\/schema.org","@graph":[{"@type":"WebPage","@id":"https:\/\/pistonaddict.com\/it\/product\/2008-porsche-911-gt2\/","url":"https:\/\/pistonaddict.com\/it\/product\/2008-porsche-911-gt2\/","name":"Porsche 911 GT2 del 2008 in vendita all'asta - Piston Addict","isPartOf":{"@id":"https:\/\/pistonaddict.com\/it\/#website"},"primaryImageOfPage":{"@id":"https:\/\/pistonaddict.com\/it\/product\/2008-porsche-911-gt2\/#primaryimage"},"image":{"@id":"https:\/\/pistonaddict.com\/it\/product\/2008-porsche-911-gt2\/#primaryimage"},"thumbnailUrl":"https:\/\/pistonaddict.com\/wp-content\/uploads\/2023\/03\/MainGT22008.jpg","datePublished":"2023-03-02T15:24:00+00:00","dateModified":"2024-03-22T15:09:06+00:00","description":"Guarda questa Porsche 911 GT2 del 2008 in vendita all'asta su PistonAddict.com","breadcrumb":{"@id":"https:\/\/pistonaddict.com\/it\/product\/2008-porsche-911-gt2\/#breadcrumb"},"inLanguage":"it-IT","potentialAction":[{"@type":"ReadAction","target":["https:\/\/pistonaddict.com\/it\/product\/2008-porsche-911-gt2\/"]}]},{"@type":"ImageObject","inLanguage":"it-IT","@id":"https:\/\/pistonaddict.com\/it\/product\/2008-porsche-911-gt2\/#primaryimage","url":"https:\/\/pistonaddict.com\/wp-content\/uploads\/2023\/03\/MainGT22008.jpg","contentUrl":"https:\/\/pistonaddict.com\/wp-content\/uploads\/2023\/03\/MainGT22008.jpg","width":1200,"height":798},{"@type":"BreadcrumbList","@id":"https:\/\/pistonaddict.com\/it\/product\/2008-porsche-911-gt2\/#breadcrumb","itemListElement":[{"@type":"ListItem","position":1,"name":"accoglienza","item":"https:\/\/pistonaddict.com\/it\/homepage\/"},{"@type":"ListItem","position":2,"name":"Auctions","item":"https:\/\/pistonaddict.com\/auctions-listing\/"},{"@type":"ListItem","position":3,"name":"Porsche 911 GT2 del 2008 in vendita all&#8217;asta"}]},{"@type":"WebSite","@id":"https:\/\/pistonaddict.com\/it\/#website","url":"https:\/\/pistonaddict.com\/it\/","name":"Piston Addict","description":"Only interesting vehicles","publisher":{"@id":"https:\/\/pistonaddict.com\/it\/#organization"},"potentialAction":[{"@type":"SearchAction","target":{"@type":"EntryPoint","urlTemplate":"https:\/\/pistonaddict.com\/it\/?s={search_term_string}"},"query-input":"required name=search_term_string"}],"inLanguage":"it-IT"},{"@type":"Organization","@id":"https:\/\/pistonaddict.com\/it\/#organization","name":"Piston Addict","url":"https:\/\/pistonaddict.com\/it\/","logo":{"@type":"ImageObject","inLanguage":"it-IT","@id":"https:\/\/pistonaddict.com\/it\/#\/schema\/logo\/image\/","url":"https:\/\/pistonaddict.com\/wp-content\/uploads\/2022\/07\/logo-6.png","contentUrl":"https:\/\/pistonaddict.com\/wp-content\/uploads\/2022\/07\/logo-6.png","width":970,"height":200,"caption":"Piston Addict"},"image":{"@id":"https:\/\/pistonaddict.com\/it\/#\/schema\/logo\/image\/"}}]}},"_links":{"self":[{"href":"https:\/\/pistonaddict.com\/it\/wp-json\/wp\/v2\/product\/28010"}],"collection":[{"href":"https:\/\/pistonaddict.com\/it\/wp-json\/wp\/v2\/product"}],"about":[{"href":"https:\/\/pistonaddict.com\/it\/wp-json\/wp\/v2\/types\/product"}],"replies":[{"embeddable":true,"href":"https:\/\/pistonaddict.com\/it\/wp-json\/wp\/v2\/comments?post=28010"}],"wp:featuredmedia":[{"embeddable":true,"href":"https:\/\/pistonaddict.com\/it\/wp-json\/wp\/v2\/media\/27898"}],"wp:attachment":[{"href":"https:\/\/pistonaddict.com\/it\/wp-json\/wp\/v2\/media?parent=28010"}],"wp:term":[{"taxonomy":"product_cat","embeddable":true,"href":"https:\/\/pistonaddict.com\/it\/wp-json\/wp\/v2\/product_cat?post=28010"},{"taxonomy":"product_tag","embeddable":true,"href":"https:\/\/pistonaddict.com\/it\/wp-json\/wp\/v2\/product_tag?post=28010"}],"curies":[{"name":"wp","href":"https:\/\/api.w.org\/{rel}","templated":true}]}}