{"id":108796,"date":"2024-06-11T17:05:07","date_gmt":"2024-06-11T15:05:07","guid":{"rendered":"https:\/\/pistonaddict.com\/product\/lamborghini-urraco-p250\/"},"modified":"2024-06-12T09:54:19","modified_gmt":"2024-06-12T07:54:19","slug":"lamborghini-urraco-p250","status":"publish","type":"product","link":"https:\/\/pistonaddict.com\/it\/product\/lamborghini-urraco-p250\/","title":{"rendered":"Lamborghini Urraco P250"},"content":{"rendered":"<h2>Esterno<\/h2>\n<p>All&#8217;esterno, questa quattro posti italiana presenta una silhouette a cuneo, caratteristica della maggior parte delle supercar dell&#8217;epoca. Il frontale \u00e8 dominato dagli iconici fari a scomparsa, che sono una necessit\u00e0 assoluta per accogliere il cofano piatto e basso. Passando alle fiancate, si notano i passaruota muscolosi che ospitano i cerchi in lega da 14 pollici originali con pneumatici Michelin XWX corretti per l&#8217;epoca. Inoltre, un occhio attento noter\u00e0 una doppia ANSA in acciaio inossidabile, realizzata dal famoso accordatore Abart, sul retro. Questa vettura in particolare \u00e8 verniciata in un&#8217;elegante finitura argentata, che conferisce un&#8217;elegante sovrapposizione al suo aspetto aggressivo.<\/p>\n<h2>Interno<\/h2>\n<p>L&#8217;apertura delle portiere rivela i sontuosi interni neri della Lambo, con i sedili anteriori in pelle, le cui condizioni sono descritte dal venditore come &#8220;nuove&#8221;. La stessa descrizione pu\u00f2 essere utilizzata per la panca posteriore, che \u00e8 abbastanza spaziosa da ospitare due persone. Una volta seduto, il guidatore si trover\u00e0 di fronte a un volante in pelle a quattro razze con un elaborato quadro strumenti alle spalle. Oltre al tachimetro che arriva a 280 KPH e al contagiri da 9000 giri, i quadranti includono gli indicatori della temperatura del motore, della pressione dell&#8217;olio e della tensione di carica. Il cruscotto \u00e8 rivestito in pelle Alcantara grigio scuro, che conferisce una sensazione di morbidezza e un aspetto piatto che non riflette i raggi del sole.<\/p>\n<h2>Meccanica<\/h2>\n<p>Essendo il modello P250, questa Urraco ha un motore V8 da 2,5 litri che produce 250 cavalli e una coppia altrettanto impressionante di 220 Nm. Questa potenza viene trasferita attraverso un cambio manuale a 5 rapporti, che garantisce tempi da 0 a 100 in poco meno di 7 secondi e una velocit\u00e0 massima di 240 chilometri all&#8217;ora. Queste prestazioni, impressionanti anche per gli standard odierni, rendevano la Uracco una delle quattro posti pi\u00f9 veloci dell&#8217;epoca. La maneggevolezza \u00e8 precisa, grazie alle sospensioni indipendenti, mentre i freni a disco capaci e durevoli su tutte e quattro le ruote garantiscono un arresto sicuro.<\/p>\n<h2>Storia del veicolo<\/h2>\n<p>La Lamborghini Urraco P250 che abbiamo qui \u00e8 stata prodotta nel 1975 e attualmente ha 78.000 chilometri all&#8217;attivo. Nel corso degli anni, l&#8217;auto non \u00e8 mai stata utilizzata in pista n\u00e9 \u00e8 stata coinvolta in un incidente. Nel 2016 ha ricevuto un&#8217;ampia revisione, durante la quale il motore e le sospensioni sono stati completamente ricostruiti, mentre il sottoscocca ha ricevuto un nuovo strato di protezione antiruggine. Allo stesso tempo, gli interni sono stati completamente ridipinti e l&#8217;auto \u00e8 stata riverniciata. Le imperfezioni visive si limitano a un piccolo danno alla portiera del conducente, che verr\u00e0 riparato prima della consegna al futuro proprietario. Il veicolo si trova attualmente in Spagna, dove \u00e8 stato immatricolato fin dal primo giorno.<\/p>\n<p><strong>Guarda il video della partenza a freddo di questa straordinaria<\/strong> <strong>Lamborghini Urraco P250<\/strong>:<\/p>\n<p><iframe title=\"Cold Start Video of the amazing Lamborghini Urraco P250\" width=\"1200\" height=\"675\" src=\"https:\/\/www.youtube.com\/embed\/wt_LCr8LgcQ?feature=oembed\" frameborder=\"0\" allow=\"accelerometer; autoplay; clipboard-write; encrypted-media; gyroscope; picture-in-picture; web-share\" referrerpolicy=\"strict-origin-when-cross-origin\" allowfullscreen><\/iframe><\/p>\n<p><strong>E il video tour :<\/strong><\/p>\n<p><iframe title=\"Video Tour of the Lamborghini Urraco P250\" width=\"1200\" height=\"675\" src=\"https:\/\/www.youtube.com\/embed\/azU8K1XDHOA?feature=oembed\" frameborder=\"0\" allow=\"accelerometer; autoplay; clipboard-write; encrypted-media; gyroscope; picture-in-picture; web-share\" referrerpolicy=\"strict-origin-when-cross-origin\" allowfullscreen><\/iframe><\/p>\n","protected":false},"excerpt":{"rendered":"<p>Chiamata cos\u00ec in onore di una razza di tori da combattimento di Miura, la Urraco \u00e8 un&#8217;auto sportiva prodotta da Lamborghini tra il 1972 e il 1979. Questa quattro posti, progettata da Bertone, era destinata a sfidare concorrenti come la Ferrari 308 GT4 e la leggendaria Porsche 911. Tuttavia, nonostante fosse splendida da vedere e facile da guidare, la Urraco non ebbe un grande successo di vendite: furono prodotte solo 791 auto nei 7 anni di produzione. Tuttavia, numeri di produzione cos\u00ec limitati garantiscono l&#8217;esclusivit\u00e0, quindi chi acquister\u00e0 questa Lambo argentata avr\u00e0 qualcosa che non si vede spesso.<\/p>\n","protected":false},"featured_media":108760,"comment_status":"open","ping_status":"closed","template":"","meta":{"inline_featured_image":false},"product_cat":[742],"product_tag":[4263,4264,972,4262],"acf":[],"yoast_head":"<!-- This site is optimized with the Yoast SEO plugin v22.5 - https:\/\/yoast.com\/wordpress\/plugins\/seo\/ -->\n<title>Lamborghini Urraco P250 - Piston Addict<\/title>\n<meta name=\"robots\" content=\"index, follow, max-snippet:-1, max-image-preview:large, max-video-preview:-1\" \/>\n<link rel=\"canonical\" href=\"https:\/\/pistonaddict.com\/it\/product\/lamborghini-urraco-p250\/\" \/>\n<meta property=\"og:locale\" content=\"it_IT\" \/>\n<meta property=\"og:type\" content=\"article\" \/>\n<meta property=\"og:title\" content=\"Lamborghini Urraco P250 - Piston Addict\" \/>\n<meta property=\"og:description\" content=\"Chiamata cos\u00ec in onore di una razza di tori da combattimento di Miura, la Urraco \u00e8 un&#039;auto sportiva prodotta da Lamborghini tra il 1972 e il 1979. Questa quattro posti, progettata da Bertone, era destinata a sfidare concorrenti come la Ferrari 308 GT4 e la leggendaria Porsche 911. Tuttavia, nonostante fosse splendida da vedere e facile da guidare, la Urraco non ebbe un grande successo di vendite: furono prodotte solo 791 auto nei 7 anni di produzione. Tuttavia, numeri di produzione cos\u00ec limitati garantiscono l&#039;esclusivit\u00e0, quindi chi acquister\u00e0 questa Lambo argentata avr\u00e0 qualcosa che non si vede spesso.\" \/>\n<meta property=\"og:url\" content=\"https:\/\/pistonaddict.com\/it\/product\/lamborghini-urraco-p250\/\" \/>\n<meta property=\"og:site_name\" content=\"Piston Addict\" \/>\n<meta property=\"article:modified_time\" content=\"2024-06-12T07:54:19+00:00\" \/>\n<meta property=\"og:image\" content=\"https:\/\/pistonaddict.com\/wp-content\/uploads\/2024\/06\/IMG-20231121-WA0182.jpg\" \/>\n\t<meta property=\"og:image:width\" content=\"2048\" \/>\n\t<meta property=\"og:image:height\" content=\"1536\" \/>\n\t<meta property=\"og:image:type\" content=\"image\/jpeg\" \/>\n<meta name=\"twitter:card\" content=\"summary_large_image\" \/>\n<meta name=\"twitter:label1\" content=\"Tempo di lettura stimato\" \/>\n\t<meta name=\"twitter:data1\" content=\"2 minuti\" \/>\n<script type=\"application\/ld+json\" class=\"yoast-schema-graph\">{\"@context\":\"https:\/\/schema.org\",\"@graph\":[{\"@type\":\"WebPage\",\"@id\":\"https:\/\/pistonaddict.com\/it\/product\/lamborghini-urraco-p250\/\",\"url\":\"https:\/\/pistonaddict.com\/it\/product\/lamborghini-urraco-p250\/\",\"name\":\"Lamborghini Urraco P250 - Piston Addict\",\"isPartOf\":{\"@id\":\"https:\/\/pistonaddict.com\/it\/#website\"},\"primaryImageOfPage\":{\"@id\":\"https:\/\/pistonaddict.com\/it\/product\/lamborghini-urraco-p250\/#primaryimage\"},\"image\":{\"@id\":\"https:\/\/pistonaddict.com\/it\/product\/lamborghini-urraco-p250\/#primaryimage\"},\"thumbnailUrl\":\"https:\/\/pistonaddict.com\/wp-content\/uploads\/2024\/06\/IMG-20231121-WA0182.jpg\",\"datePublished\":\"2024-06-11T15:05:07+00:00\",\"dateModified\":\"2024-06-12T07:54:19+00:00\",\"breadcrumb\":{\"@id\":\"https:\/\/pistonaddict.com\/it\/product\/lamborghini-urraco-p250\/#breadcrumb\"},\"inLanguage\":\"it-IT\",\"potentialAction\":[{\"@type\":\"ReadAction\",\"target\":[\"https:\/\/pistonaddict.com\/it\/product\/lamborghini-urraco-p250\/\"]}]},{\"@type\":\"ImageObject\",\"inLanguage\":\"it-IT\",\"@id\":\"https:\/\/pistonaddict.com\/it\/product\/lamborghini-urraco-p250\/#primaryimage\",\"url\":\"https:\/\/pistonaddict.com\/wp-content\/uploads\/2024\/06\/IMG-20231121-WA0182.jpg\",\"contentUrl\":\"https:\/\/pistonaddict.com\/wp-content\/uploads\/2024\/06\/IMG-20231121-WA0182.jpg\",\"width\":2048,\"height\":1536},{\"@type\":\"BreadcrumbList\",\"@id\":\"https:\/\/pistonaddict.com\/it\/product\/lamborghini-urraco-p250\/#breadcrumb\",\"itemListElement\":[{\"@type\":\"ListItem\",\"position\":1,\"name\":\"accoglienza\",\"item\":\"https:\/\/pistonaddict.com\/it\/homepage\/\"},{\"@type\":\"ListItem\",\"position\":2,\"name\":\"Auctions\",\"item\":\"https:\/\/pistonaddict.com\/auctions-listing\/\"},{\"@type\":\"ListItem\",\"position\":3,\"name\":\"Lamborghini Urraco P250\"}]},{\"@type\":\"WebSite\",\"@id\":\"https:\/\/pistonaddict.com\/it\/#website\",\"url\":\"https:\/\/pistonaddict.com\/it\/\",\"name\":\"Piston Addict\",\"description\":\"Only interesting vehicles\",\"publisher\":{\"@id\":\"https:\/\/pistonaddict.com\/it\/#organization\"},\"potentialAction\":[{\"@type\":\"SearchAction\",\"target\":{\"@type\":\"EntryPoint\",\"urlTemplate\":\"https:\/\/pistonaddict.com\/it\/?s={search_term_string}\"},\"query-input\":\"required name=search_term_string\"}],\"inLanguage\":\"it-IT\"},{\"@type\":\"Organization\",\"@id\":\"https:\/\/pistonaddict.com\/it\/#organization\",\"name\":\"Piston Addict\",\"url\":\"https:\/\/pistonaddict.com\/it\/\",\"logo\":{\"@type\":\"ImageObject\",\"inLanguage\":\"it-IT\",\"@id\":\"https:\/\/pistonaddict.com\/it\/#\/schema\/logo\/image\/\",\"url\":\"https:\/\/pistonaddict.com\/wp-content\/uploads\/2022\/07\/logo-6.png\",\"contentUrl\":\"https:\/\/pistonaddict.com\/wp-content\/uploads\/2022\/07\/logo-6.png\",\"width\":970,\"height\":200,\"caption\":\"Piston Addict\"},\"image\":{\"@id\":\"https:\/\/pistonaddict.com\/it\/#\/schema\/logo\/image\/\"}}]}<\/script>\n<!-- \/ Yoast SEO plugin. -->","yoast_head_json":{"title":"Lamborghini Urraco P250 - Piston Addict","robots":{"index":"index","follow":"follow","max-snippet":"max-snippet:-1","max-image-preview":"max-image-preview:large","max-video-preview":"max-video-preview:-1"},"canonical":"https:\/\/pistonaddict.com\/it\/product\/lamborghini-urraco-p250\/","og_locale":"it_IT","og_type":"article","og_title":"Lamborghini Urraco P250 - Piston Addict","og_description":"Chiamata cos\u00ec in onore di una razza di tori da combattimento di Miura, la Urraco \u00e8 un'auto sportiva prodotta da Lamborghini tra il 1972 e il 1979. Questa quattro posti, progettata da Bertone, era destinata a sfidare concorrenti come la Ferrari 308 GT4 e la leggendaria Porsche 911. Tuttavia, nonostante fosse splendida da vedere e facile da guidare, la Urraco non ebbe un grande successo di vendite: furono prodotte solo 791 auto nei 7 anni di produzione. Tuttavia, numeri di produzione cos\u00ec limitati garantiscono l'esclusivit\u00e0, quindi chi acquister\u00e0 questa Lambo argentata avr\u00e0 qualcosa che non si vede spesso.","og_url":"https:\/\/pistonaddict.com\/it\/product\/lamborghini-urraco-p250\/","og_site_name":"Piston Addict","article_modified_time":"2024-06-12T07:54:19+00:00","og_image":[{"width":2048,"height":1536,"url":"https:\/\/pistonaddict.com\/wp-content\/uploads\/2024\/06\/IMG-20231121-WA0182.jpg","type":"image\/jpeg"}],"twitter_card":"summary_large_image","twitter_misc":{"Tempo di lettura stimato":"2 minuti"},"schema":{"@context":"https:\/\/schema.org","@graph":[{"@type":"WebPage","@id":"https:\/\/pistonaddict.com\/it\/product\/lamborghini-urraco-p250\/","url":"https:\/\/pistonaddict.com\/it\/product\/lamborghini-urraco-p250\/","name":"Lamborghini Urraco P250 - Piston Addict","isPartOf":{"@id":"https:\/\/pistonaddict.com\/it\/#website"},"primaryImageOfPage":{"@id":"https:\/\/pistonaddict.com\/it\/product\/lamborghini-urraco-p250\/#primaryimage"},"image":{"@id":"https:\/\/pistonaddict.com\/it\/product\/lamborghini-urraco-p250\/#primaryimage"},"thumbnailUrl":"https:\/\/pistonaddict.com\/wp-content\/uploads\/2024\/06\/IMG-20231121-WA0182.jpg","datePublished":"2024-06-11T15:05:07+00:00","dateModified":"2024-06-12T07:54:19+00:00","breadcrumb":{"@id":"https:\/\/pistonaddict.com\/it\/product\/lamborghini-urraco-p250\/#breadcrumb"},"inLanguage":"it-IT","potentialAction":[{"@type":"ReadAction","target":["https:\/\/pistonaddict.com\/it\/product\/lamborghini-urraco-p250\/"]}]},{"@type":"ImageObject","inLanguage":"it-IT","@id":"https:\/\/pistonaddict.com\/it\/product\/lamborghini-urraco-p250\/#primaryimage","url":"https:\/\/pistonaddict.com\/wp-content\/uploads\/2024\/06\/IMG-20231121-WA0182.jpg","contentUrl":"https:\/\/pistonaddict.com\/wp-content\/uploads\/2024\/06\/IMG-20231121-WA0182.jpg","width":2048,"height":1536},{"@type":"BreadcrumbList","@id":"https:\/\/pistonaddict.com\/it\/product\/lamborghini-urraco-p250\/#breadcrumb","itemListElement":[{"@type":"ListItem","position":1,"name":"accoglienza","item":"https:\/\/pistonaddict.com\/it\/homepage\/"},{"@type":"ListItem","position":2,"name":"Auctions","item":"https:\/\/pistonaddict.com\/auctions-listing\/"},{"@type":"ListItem","position":3,"name":"Lamborghini Urraco P250"}]},{"@type":"WebSite","@id":"https:\/\/pistonaddict.com\/it\/#website","url":"https:\/\/pistonaddict.com\/it\/","name":"Piston Addict","description":"Only interesting vehicles","publisher":{"@id":"https:\/\/pistonaddict.com\/it\/#organization"},"potentialAction":[{"@type":"SearchAction","target":{"@type":"EntryPoint","urlTemplate":"https:\/\/pistonaddict.com\/it\/?s={search_term_string}"},"query-input":"required name=search_term_string"}],"inLanguage":"it-IT"},{"@type":"Organization","@id":"https:\/\/pistonaddict.com\/it\/#organization","name":"Piston Addict","url":"https:\/\/pistonaddict.com\/it\/","logo":{"@type":"ImageObject","inLanguage":"it-IT","@id":"https:\/\/pistonaddict.com\/it\/#\/schema\/logo\/image\/","url":"https:\/\/pistonaddict.com\/wp-content\/uploads\/2022\/07\/logo-6.png","contentUrl":"https:\/\/pistonaddict.com\/wp-content\/uploads\/2022\/07\/logo-6.png","width":970,"height":200,"caption":"Piston Addict"},"image":{"@id":"https:\/\/pistonaddict.com\/it\/#\/schema\/logo\/image\/"}}]}},"_links":{"self":[{"href":"https:\/\/pistonaddict.com\/it\/wp-json\/wp\/v2\/product\/108796"}],"collection":[{"href":"https:\/\/pistonaddict.com\/it\/wp-json\/wp\/v2\/product"}],"about":[{"href":"https:\/\/pistonaddict.com\/it\/wp-json\/wp\/v2\/types\/product"}],"replies":[{"embeddable":true,"href":"https:\/\/pistonaddict.com\/it\/wp-json\/wp\/v2\/comments?post=108796"}],"wp:featuredmedia":[{"embeddable":true,"href":"https:\/\/pistonaddict.com\/it\/wp-json\/wp\/v2\/media\/108760"}],"wp:attachment":[{"href":"https:\/\/pistonaddict.com\/it\/wp-json\/wp\/v2\/media?parent=108796"}],"wp:term":[{"taxonomy":"product_cat","embeddable":true,"href":"https:\/\/pistonaddict.com\/it\/wp-json\/wp\/v2\/product_cat?post=108796"},{"taxonomy":"product_tag","embeddable":true,"href":"https:\/\/pistonaddict.com\/it\/wp-json\/wp\/v2\/product_tag?post=108796"}],"curies":[{"name":"wp","href":"https:\/\/api.w.org\/{rel}","templated":true}]}}