{"id":104837,"date":"2024-05-21T11:33:26","date_gmt":"2024-05-21T09:33:26","guid":{"rendered":"https:\/\/pistonaddict.com\/product\/fisker-karma-2\/"},"modified":"2024-05-21T14:15:38","modified_gmt":"2024-05-21T12:15:38","slug":"fisker-karma-2","status":"publish","type":"product","link":"https:\/\/pistonaddict.com\/it\/product\/fisker-karma-2\/","title":{"rendered":"Fisker Karma"},"content":{"rendered":"<p><strong>Storia dell&#8217;auto<\/strong><\/p>\n<p>La Fisker Karma, testimonianza del genio di Henrik Fisker, \u00e8 stata presentata nel 2011. Questo veicolo ibrido elettrico plug-in (PHEV) non solo ha spinto i confini del design e della tecnologia automobilistica, ma ha anche catturato i cuori con la sua estetica sorprendente, gli interni lussuosi e l&#8217;ingegneria innovativa. Sebbene all&#8217;epoca le ibride non fossero una novit\u00e0, la Karma ha ridefinito le percezioni, trasformandole da banali ad aspirazionali. Unisce perfettamente prestazioni e sostenibilit\u00e0, rendendo le ibride ecologiche ed eleganti, oltre che entusiasmanti da guidare. Alimentata da una potente combinazione di motore a benzina turbo da 2,0 litri e doppio motore elettrico, la Karma vantava prestazioni impressionanti. L&#8217;accelerazione da 0 a 100 km\/h in soli 5,9 secondi e la velocit\u00e0 massima di oltre 200 km\/h ne evidenziano il pedigree da auto sportiva. Tuttavia, \u00e8 riuscita a raggiungere questi risultati mantenendo un&#8217;efficienza dei consumi encomiabile. Oltre alle sue prestazioni, il design della Karma divenne la sua caratteristica principale. Le sue linee aggraziate e la sua presenza imponente facevano girare la testa ovunque andasse, guadagnandosi l&#8217;ammirazione degli appassionati di auto di tutto il mondo. Questo modello specifico, un&#8217;iterazione della seconda serie del 2013, occupa un posto di rarit\u00e0 ed esclusivit\u00e0. Tra le 2.349 Fisker Karma prodotte, questa in particolare fa parte del lotto finale, con il numero di serie 2.259. Una gemma rara, solo 188 veicoli in tutto il mondo vantano questa combinazione unica di colore e cerchi.<\/p>\n<p><strong>Condizione<\/strong><\/p>\n<p>Con soli 82.080 km, accompagnata da una completa cronologia di manutenzione e solo un paio di proprietari devoti, questa Karma si trova in condizioni incontaminate. Per quanto riguarda l&#8217;efficienza dei consumi, l&#8217;affermazione di Fisker di un&#8217;autonomia solo elettrica superiore a 80 km \u00e8 fondata, rendendola adatta agli spostamenti quotidiani. Inoltre, si registrano cifre notevoli quando si utilizza la benzina e l&#8217;energia elettrica, con una media di soli 4,5 litri di carburante per 100 km. I potenziali acquirenti apprezzeranno la meticolosa manutenzione di questo veicolo, come testimoniano i documenti di servizio completi. Il cambio dell&#8217;olio \u00e8 stato effettuato alla fine del 2022, il servizio completo nel marzo 2024 e la revisione dell&#8217;impianto frenante nel maggio 2024 per garantire che questa elegante Karma nera sia in ottime condizioni. La cosa pi\u00f9 importante da sottolineare \u00e8 che la batteria \u00e8 stata sostituita nel 2017, quando l&#8217;attuale proprietario ha acquistato l&#8217;auto, il che significa che i futuri proprietari avranno un&#8217;esperienza di possesso senza problemi.<\/p>\n<p><strong>Interno<\/strong><\/p>\n<p>La combinazione di pelle nera e Alcantara si abbina perfettamente all&#8217;esterno, ma la cosa pi\u00f9 importante \u00e8 che gli interni sono in condizioni pari al nuovo, senza strappi, danni o modifiche. I sistemi di infotainment e audio sono presenti, e le portiere senza cornice aggiungono a questa berlina un&#8217;atmosfera sportiva e da coup\u00e9. Grazie alla sua struttura specifica, la Karma si posiziona in basso e offre ai passeggeri uno spazio interno maggiore rispetto alla concorrenza. Ogni caratteristica, come i sedili riscaldati, \u00e8 funzionale e funzionante.<\/p>\n<p><strong>Esterni e ruote<\/strong><\/p>\n<p>La vernice nera lucida \u00e8 in ottime condizioni, senza graffi, ammaccature o danni. Il tetto solare, unico nel suo genere, \u00e8 presente e funzionale ed \u00e8 ancora una delle caratteristiche pi\u00f9 notevoli di questo modello. Questa Karma \u00e8 dotata di cerchi opzionali da 22 pollici con pneumatici Pirelli all&#8217;anteriore e Goodyear al posteriore. I pneumatici anteriori sono stati montati nel marzo 2024 e sono in condizioni pari al nuovo. L&#8217;unica riparazione effettuata all&#8217;esterno \u00e8 la rimessa a nuovo delle ruote dall&#8217;aspetto unico, in modo che sembrino appena consegnate.<\/p>\n<p><strong>Documentazione<\/strong><\/p>\n<p>Quest&#8217;auto si trova in Svizzera e viene venduta da un privato. Il <a href=\"https:\/\/pistonaddict.com\/wp-content\/uploads\/2024\/05\/YH4K14AA4CA002259.pdf\">rapporto di CarVertical<\/a> \u00e8 pulito; non esistono prove di incidenti, riparazioni di incidenti, propriet\u00e0 o problemi legali. Esistono registri di manutenzione regolare, fatture di vendita e ricevute. Per questo modello non \u00e8 disponibile alcuna garanzia di fabbrica.<\/p>\n<p><strong>Guarda il video di questa splendida Fisker Karma :<\/strong><\/p>\n<p><iframe title=\"Video Tour of the Fisker Karma for auction sale\" width=\"1200\" height=\"675\" src=\"https:\/\/www.youtube.com\/embed\/xv_ZkvmcPKw?feature=oembed\" frameborder=\"0\" allow=\"accelerometer; autoplay; clipboard-write; encrypted-media; gyroscope; picture-in-picture; web-share\" referrerpolicy=\"strict-origin-when-cross-origin\" allowfullscreen><\/iframe><\/p>\n","protected":false},"excerpt":{"rendered":"<p>La Fisker Karma sar\u00e0 sempre ricordata come una delle pi\u00f9 interessanti e una delle prime ibride disponibili a livello globale. Con il suo design unico, la sua potente trasmissione, le sue caratteristiche e i suoi numeri di produzione molto bassi, la Karma \u00e8 di fatto la prima auto da collezione della moderna era EV\/ibrida. Un classico del futuro? Decisamente!<\/p>\n","protected":false},"featured_media":104622,"comment_status":"open","ping_status":"closed","template":"","meta":{"inline_featured_image":false},"product_cat":[742],"product_tag":[4067,4070,939,1801,4072],"acf":[],"yoast_head":"<!-- This site is optimized with the Yoast SEO plugin v22.5 - https:\/\/yoast.com\/wordpress\/plugins\/seo\/ -->\n<title>Fisker Karma - Piston Addict<\/title>\n<meta name=\"robots\" content=\"index, follow, max-snippet:-1, max-image-preview:large, max-video-preview:-1\" \/>\n<link rel=\"canonical\" href=\"https:\/\/pistonaddict.com\/it\/product\/fisker-karma-2\/\" \/>\n<meta property=\"og:locale\" content=\"it_IT\" \/>\n<meta property=\"og:type\" content=\"article\" \/>\n<meta property=\"og:title\" content=\"Fisker Karma - Piston Addict\" \/>\n<meta property=\"og:description\" content=\"La Fisker Karma sar\u00e0 sempre ricordata come una delle pi\u00f9 interessanti e una delle prime ibride disponibili a livello globale. Con il suo design unico, la sua potente trasmissione, le sue caratteristiche e i suoi numeri di produzione molto bassi, la Karma \u00e8 di fatto la prima auto da collezione della moderna era EV\/ibrida. Un classico del futuro? Decisamente!\" \/>\n<meta property=\"og:url\" content=\"https:\/\/pistonaddict.com\/it\/product\/fisker-karma-2\/\" \/>\n<meta property=\"og:site_name\" content=\"Piston Addict\" \/>\n<meta property=\"article:modified_time\" content=\"2024-05-21T12:15:38+00:00\" \/>\n<meta property=\"og:image\" content=\"https:\/\/pistonaddict.com\/wp-content\/uploads\/2024\/05\/IMG-20240321-WA0010.jpg\" \/>\n\t<meta property=\"og:image:width\" content=\"2000\" \/>\n\t<meta property=\"og:image:height\" content=\"1500\" \/>\n\t<meta property=\"og:image:type\" content=\"image\/jpeg\" \/>\n<meta name=\"twitter:card\" content=\"summary_large_image\" \/>\n<meta name=\"twitter:label1\" content=\"Tempo di lettura stimato\" \/>\n\t<meta name=\"twitter:data1\" content=\"3 minuti\" \/>\n<script type=\"application\/ld+json\" class=\"yoast-schema-graph\">{\"@context\":\"https:\/\/schema.org\",\"@graph\":[{\"@type\":\"WebPage\",\"@id\":\"https:\/\/pistonaddict.com\/it\/product\/fisker-karma-2\/\",\"url\":\"https:\/\/pistonaddict.com\/it\/product\/fisker-karma-2\/\",\"name\":\"Fisker Karma - Piston Addict\",\"isPartOf\":{\"@id\":\"https:\/\/pistonaddict.com\/it\/#website\"},\"primaryImageOfPage\":{\"@id\":\"https:\/\/pistonaddict.com\/it\/product\/fisker-karma-2\/#primaryimage\"},\"image\":{\"@id\":\"https:\/\/pistonaddict.com\/it\/product\/fisker-karma-2\/#primaryimage\"},\"thumbnailUrl\":\"https:\/\/pistonaddict.com\/wp-content\/uploads\/2024\/05\/IMG-20240321-WA0010.jpg\",\"datePublished\":\"2024-05-21T09:33:26+00:00\",\"dateModified\":\"2024-05-21T12:15:38+00:00\",\"breadcrumb\":{\"@id\":\"https:\/\/pistonaddict.com\/it\/product\/fisker-karma-2\/#breadcrumb\"},\"inLanguage\":\"it-IT\",\"potentialAction\":[{\"@type\":\"ReadAction\",\"target\":[\"https:\/\/pistonaddict.com\/it\/product\/fisker-karma-2\/\"]}]},{\"@type\":\"ImageObject\",\"inLanguage\":\"it-IT\",\"@id\":\"https:\/\/pistonaddict.com\/it\/product\/fisker-karma-2\/#primaryimage\",\"url\":\"https:\/\/pistonaddict.com\/wp-content\/uploads\/2024\/05\/IMG-20240321-WA0010.jpg\",\"contentUrl\":\"https:\/\/pistonaddict.com\/wp-content\/uploads\/2024\/05\/IMG-20240321-WA0010.jpg\",\"width\":2000,\"height\":1500},{\"@type\":\"BreadcrumbList\",\"@id\":\"https:\/\/pistonaddict.com\/it\/product\/fisker-karma-2\/#breadcrumb\",\"itemListElement\":[{\"@type\":\"ListItem\",\"position\":1,\"name\":\"accoglienza\",\"item\":\"https:\/\/pistonaddict.com\/it\/homepage\/\"},{\"@type\":\"ListItem\",\"position\":2,\"name\":\"Auctions\",\"item\":\"https:\/\/pistonaddict.com\/auctions-listing\/\"},{\"@type\":\"ListItem\",\"position\":3,\"name\":\"Fisker Karma\"}]},{\"@type\":\"WebSite\",\"@id\":\"https:\/\/pistonaddict.com\/it\/#website\",\"url\":\"https:\/\/pistonaddict.com\/it\/\",\"name\":\"Piston Addict\",\"description\":\"Only interesting vehicles\",\"publisher\":{\"@id\":\"https:\/\/pistonaddict.com\/it\/#organization\"},\"potentialAction\":[{\"@type\":\"SearchAction\",\"target\":{\"@type\":\"EntryPoint\",\"urlTemplate\":\"https:\/\/pistonaddict.com\/it\/?s={search_term_string}\"},\"query-input\":\"required name=search_term_string\"}],\"inLanguage\":\"it-IT\"},{\"@type\":\"Organization\",\"@id\":\"https:\/\/pistonaddict.com\/it\/#organization\",\"name\":\"Piston Addict\",\"url\":\"https:\/\/pistonaddict.com\/it\/\",\"logo\":{\"@type\":\"ImageObject\",\"inLanguage\":\"it-IT\",\"@id\":\"https:\/\/pistonaddict.com\/it\/#\/schema\/logo\/image\/\",\"url\":\"https:\/\/pistonaddict.com\/wp-content\/uploads\/2022\/07\/logo-6.png\",\"contentUrl\":\"https:\/\/pistonaddict.com\/wp-content\/uploads\/2022\/07\/logo-6.png\",\"width\":970,\"height\":200,\"caption\":\"Piston Addict\"},\"image\":{\"@id\":\"https:\/\/pistonaddict.com\/it\/#\/schema\/logo\/image\/\"}}]}<\/script>\n<!-- \/ Yoast SEO plugin. -->","yoast_head_json":{"title":"Fisker Karma - Piston Addict","robots":{"index":"index","follow":"follow","max-snippet":"max-snippet:-1","max-image-preview":"max-image-preview:large","max-video-preview":"max-video-preview:-1"},"canonical":"https:\/\/pistonaddict.com\/it\/product\/fisker-karma-2\/","og_locale":"it_IT","og_type":"article","og_title":"Fisker Karma - Piston Addict","og_description":"La Fisker Karma sar\u00e0 sempre ricordata come una delle pi\u00f9 interessanti e una delle prime ibride disponibili a livello globale. Con il suo design unico, la sua potente trasmissione, le sue caratteristiche e i suoi numeri di produzione molto bassi, la Karma \u00e8 di fatto la prima auto da collezione della moderna era EV\/ibrida. Un classico del futuro? Decisamente!","og_url":"https:\/\/pistonaddict.com\/it\/product\/fisker-karma-2\/","og_site_name":"Piston Addict","article_modified_time":"2024-05-21T12:15:38+00:00","og_image":[{"width":2000,"height":1500,"url":"https:\/\/pistonaddict.com\/wp-content\/uploads\/2024\/05\/IMG-20240321-WA0010.jpg","type":"image\/jpeg"}],"twitter_card":"summary_large_image","twitter_misc":{"Tempo di lettura stimato":"3 minuti"},"schema":{"@context":"https:\/\/schema.org","@graph":[{"@type":"WebPage","@id":"https:\/\/pistonaddict.com\/it\/product\/fisker-karma-2\/","url":"https:\/\/pistonaddict.com\/it\/product\/fisker-karma-2\/","name":"Fisker Karma - Piston Addict","isPartOf":{"@id":"https:\/\/pistonaddict.com\/it\/#website"},"primaryImageOfPage":{"@id":"https:\/\/pistonaddict.com\/it\/product\/fisker-karma-2\/#primaryimage"},"image":{"@id":"https:\/\/pistonaddict.com\/it\/product\/fisker-karma-2\/#primaryimage"},"thumbnailUrl":"https:\/\/pistonaddict.com\/wp-content\/uploads\/2024\/05\/IMG-20240321-WA0010.jpg","datePublished":"2024-05-21T09:33:26+00:00","dateModified":"2024-05-21T12:15:38+00:00","breadcrumb":{"@id":"https:\/\/pistonaddict.com\/it\/product\/fisker-karma-2\/#breadcrumb"},"inLanguage":"it-IT","potentialAction":[{"@type":"ReadAction","target":["https:\/\/pistonaddict.com\/it\/product\/fisker-karma-2\/"]}]},{"@type":"ImageObject","inLanguage":"it-IT","@id":"https:\/\/pistonaddict.com\/it\/product\/fisker-karma-2\/#primaryimage","url":"https:\/\/pistonaddict.com\/wp-content\/uploads\/2024\/05\/IMG-20240321-WA0010.jpg","contentUrl":"https:\/\/pistonaddict.com\/wp-content\/uploads\/2024\/05\/IMG-20240321-WA0010.jpg","width":2000,"height":1500},{"@type":"BreadcrumbList","@id":"https:\/\/pistonaddict.com\/it\/product\/fisker-karma-2\/#breadcrumb","itemListElement":[{"@type":"ListItem","position":1,"name":"accoglienza","item":"https:\/\/pistonaddict.com\/it\/homepage\/"},{"@type":"ListItem","position":2,"name":"Auctions","item":"https:\/\/pistonaddict.com\/auctions-listing\/"},{"@type":"ListItem","position":3,"name":"Fisker Karma"}]},{"@type":"WebSite","@id":"https:\/\/pistonaddict.com\/it\/#website","url":"https:\/\/pistonaddict.com\/it\/","name":"Piston Addict","description":"Only interesting vehicles","publisher":{"@id":"https:\/\/pistonaddict.com\/it\/#organization"},"potentialAction":[{"@type":"SearchAction","target":{"@type":"EntryPoint","urlTemplate":"https:\/\/pistonaddict.com\/it\/?s={search_term_string}"},"query-input":"required name=search_term_string"}],"inLanguage":"it-IT"},{"@type":"Organization","@id":"https:\/\/pistonaddict.com\/it\/#organization","name":"Piston Addict","url":"https:\/\/pistonaddict.com\/it\/","logo":{"@type":"ImageObject","inLanguage":"it-IT","@id":"https:\/\/pistonaddict.com\/it\/#\/schema\/logo\/image\/","url":"https:\/\/pistonaddict.com\/wp-content\/uploads\/2022\/07\/logo-6.png","contentUrl":"https:\/\/pistonaddict.com\/wp-content\/uploads\/2022\/07\/logo-6.png","width":970,"height":200,"caption":"Piston Addict"},"image":{"@id":"https:\/\/pistonaddict.com\/it\/#\/schema\/logo\/image\/"}}]}},"_links":{"self":[{"href":"https:\/\/pistonaddict.com\/it\/wp-json\/wp\/v2\/product\/104837"}],"collection":[{"href":"https:\/\/pistonaddict.com\/it\/wp-json\/wp\/v2\/product"}],"about":[{"href":"https:\/\/pistonaddict.com\/it\/wp-json\/wp\/v2\/types\/product"}],"replies":[{"embeddable":true,"href":"https:\/\/pistonaddict.com\/it\/wp-json\/wp\/v2\/comments?post=104837"}],"wp:featuredmedia":[{"embeddable":true,"href":"https:\/\/pistonaddict.com\/it\/wp-json\/wp\/v2\/media\/104622"}],"wp:attachment":[{"href":"https:\/\/pistonaddict.com\/it\/wp-json\/wp\/v2\/media?parent=104837"}],"wp:term":[{"taxonomy":"product_cat","embeddable":true,"href":"https:\/\/pistonaddict.com\/it\/wp-json\/wp\/v2\/product_cat?post=104837"},{"taxonomy":"product_tag","embeddable":true,"href":"https:\/\/pistonaddict.com\/it\/wp-json\/wp\/v2\/product_tag?post=104837"}],"curies":[{"name":"wp","href":"https:\/\/api.w.org\/{rel}","templated":true}]}}