{"id":104246,"date":"2024-05-17T11:16:20","date_gmt":"2024-05-17T09:16:20","guid":{"rendered":"https:\/\/pistonaddict.com\/product\/1979-pontiac-bonneville-brougham\/"},"modified":"2024-05-17T15:57:32","modified_gmt":"2024-05-17T13:57:32","slug":"1979-pontiac-bonneville-brougham","status":"publish","type":"product","link":"https:\/\/pistonaddict.com\/it\/product\/1979-pontiac-bonneville-brougham\/","title":{"rendered":"1979 Pontiac Bonneville Brougham"},"content":{"rendered":"<p><strong>Storia dell&#8217;auto<\/strong><\/p>\n<p>Nella nomenclatura di GM, la Pontiac Bonneville aveva un posto speciale. Anche se era strettamente imparentata con le pi\u00f9 banali Chevrolet Impala e Caprice, le caratteristiche di design uniche, il lusso di alto livello e l&#8217;eleganza delle prestazioni la distinguevano chiaramente dal resto della razza. Da quando il primo modello di Bonneville \u00e8 stato introdotto nel 1958, questo nome ha esercitato un fascino particolare sugli appassionati di auto statunitensi. Nonostante fosse meno potente dei suoi predecessori, la Bonneville del 1979 era considerata una delle migliori berline sul mercato e la scelta migliore per gli appassionati pi\u00f9 esigenti che desiderano un mix di lusso e prestazioni. Questa sesta generazione fu introdotta nel 1977 e venduta fino al 1981, prima che GM la sostituisse con un modello pi\u00f9 piccolo e non cos\u00ec attraente. Ecco perch\u00e9 questa particolare Bonneville \u00e8 cos\u00ec interessante. Non solo \u00e8 una delle ultime vere berline Pontiac, ma \u00e8 anche un esemplare con una storia unica e in condizioni immacolate. Trattandosi di una Bonneville Brougham (modello top di gamma), \u00e8 anche piuttosto rara e Pontiac ne ha prodotti solo 17.300 esemplari quell&#8217;anno. Sotto il cofano c&#8217;\u00e8 un 350 V8 (5,7 litri) opzionale da 170 CV abbinato a un cambio automatico a 4 rapporti.<\/p>\n<p>Questo particolare esemplare \u00e8 stato originariamente venduto in Messico nel 1979 e subito dopo importato in Spagna. Ecco perch\u00e9 ha un tachimetro in chilometri e altri dettagli specifici. Il proprietario l&#8217;ha importata e l&#8217;ha usata sporadicamente, quindi l&#8217;auto ha percorso solo 31.000 chilometri. L&#8217;attuale proprietario l&#8217;ha acquistata nel 2019 dalla famiglia del proprietario originale e l&#8217;ha restaurata (verniciatura e pochi dettagli), portando questa ricercata berlina a una nuova condizione.<\/p>\n<p><strong>Interno<\/strong><\/p>\n<p>Quando ti siederai al volante di una Pontiac Bonneville del 1979, la tua idea di interni di lusso cambier\u00e0 immediatamente. I sedili in velluto massicci e comodi, l&#8217;ampio spazio interno, i dettagli cromati e la silenziosit\u00e0 non hanno nulla da invidiare a molte altre auto. La tappezzeria e i tappetini color caramello si adattano perfettamente agli inserti in legno e al colore degli esterni, ed \u00e8 un ottimo esempio dell&#8217;estetica di Detroit della fine degli anni &#8217;70. \u00c8 anche un veicolo ben accessoriato con finestrini e specchietti elettrici, aria condizionata automatica convertita al moderno gas, impianto stereo e cruise control. Tutto \u00e8 perfettamente funzionante e senza alcun danno.<\/p>\n<p><strong>Condizioni dell&#8217;auto<\/strong><\/p>\n<p>Con 31.619 chilometri esatti sul contachilometri, questa Bonneville Brougham \u00e8 sempre stata tenuta in garage e sotto una copertura unica quando non veniva utilizzata. Grazie alla recente riverniciatura nel colore originale, possiamo affermare con certezza che il veicolo \u00e8 in condizioni pari al nuovo. I dettagli cromati sono brillanti; tutte le finiture sono in perfette condizioni con ruote originali e pneumatici corretti per l&#8217;epoca. L&#8217;auto \u00e8 stata revisionata, l&#8217;olio \u00e8 stato cambiato e i freni sono stati revisionati nell&#8217;aprile del 2024, mentre alcuni lavori elettrici sono stati eseguiti nel 2021. Considerando il chilometraggio, le condizioni e la provvidenza, questa potrebbe essere la migliore Bonneville Brougham del 1979. Quest&#8217;auto ha superato l&#8217;ispezione tecnica ITV valida fino al 2028.<\/p>\n<p><strong>Esterni e ruote<\/strong><\/p>\n<p>La carrozzeria \u00e8 impeccabile dopo una nuova verniciatura professionale e corretta nel colore originale. La riverniciatura \u00e8 stata un successo poich\u00e9 la carrozzeria era perfettamente conservata senza corrosione, danni o riparazioni. Con ruote a filo originali, il proprietario ha montato i caratteristici e originali pneumatici whitewall nel 2021.<\/p>\n<p><strong>Documentazione<\/strong><\/p>\n<p>Il veicolo si trova in Spagna ed \u00e8 corredato da un&#8217;ampia documentazione, tra cui le ricevute della manutenzione, la documentazione dell&#8217;ispezione spagnola del veicolo, l&#8217;approvazione per lo status di auto d&#8217;epoca e cos\u00ec via. Non esistono registrazioni di danni, recupero di furti o richieste di risarcimento da parte dell&#8217;assicurazione. La documentazione copre il veicolo dal primo giorno ed \u00e8 piena di prove di una cura eccezionale.<\/p>\n<p><strong>Guarda il video della partenza a freddo di questa immacolata Pontiac Bonneville del 1979:<\/strong><\/p>\n<p><iframe title=\"Cold Start Video of the incredible 1979 Pontiac Bonneville\" width=\"1200\" height=\"675\" src=\"https:\/\/www.youtube.com\/embed\/6DKO8uhEkN8?feature=oembed\" frameborder=\"0\" allow=\"accelerometer; autoplay; clipboard-write; encrypted-media; gyroscope; picture-in-picture; web-share\" referrerpolicy=\"strict-origin-when-cross-origin\" allowfullscreen><\/iframe><\/p>\n","protected":false},"excerpt":{"rendered":"<p>Nella storia dell&#8217;auto, Pontiac sar\u00e0 ricordata come il marchio pi\u00f9 eccitante di GM, con una linea di potenti muscle car, forme eleganti e design innovativi. La Bonneville del 1979 si colloca al vertice della gamma di modelli e segna la fine di un&#8217;epoca per le berline full-size. Con uno stile ineguagliabile, tanto spazio e una serie di caratteristiche di lusso, questa berlina \u00e8 un ottimo esempio di automobile americana classica.<\/p>\n","protected":false},"featured_media":104291,"comment_status":"open","ping_status":"closed","template":"","meta":{"inline_featured_image":false},"product_cat":[742],"product_tag":[3990,4048,939],"acf":[],"yoast_head":"<!-- This site is optimized with the Yoast SEO plugin v22.5 - https:\/\/yoast.com\/wordpress\/plugins\/seo\/ -->\n<title>1979 Pontiac Bonneville Brougham - Piston Addict<\/title>\n<meta name=\"robots\" content=\"index, follow, max-snippet:-1, max-image-preview:large, max-video-preview:-1\" \/>\n<link rel=\"canonical\" href=\"https:\/\/pistonaddict.com\/it\/product\/1979-pontiac-bonneville-brougham\/\" \/>\n<meta property=\"og:locale\" content=\"it_IT\" \/>\n<meta property=\"og:type\" content=\"article\" \/>\n<meta property=\"og:title\" content=\"1979 Pontiac Bonneville Brougham - Piston Addict\" \/>\n<meta property=\"og:description\" content=\"Nella storia dell&#039;auto, Pontiac sar\u00e0 ricordata come il marchio pi\u00f9 eccitante di GM, con una linea di potenti muscle car, forme eleganti e design innovativi. La Bonneville del 1979 si colloca al vertice della gamma di modelli e segna la fine di un&#039;epoca per le berline full-size. Con uno stile ineguagliabile, tanto spazio e una serie di caratteristiche di lusso, questa berlina \u00e8 un ottimo esempio di automobile americana classica.\" \/>\n<meta property=\"og:url\" content=\"https:\/\/pistonaddict.com\/it\/product\/1979-pontiac-bonneville-brougham\/\" \/>\n<meta property=\"og:site_name\" content=\"Piston Addict\" \/>\n<meta property=\"article:modified_time\" content=\"2024-05-17T13:57:32+00:00\" \/>\n<meta property=\"og:image\" content=\"https:\/\/pistonaddict.com\/wp-content\/uploads\/2024\/05\/5a7bfe0d-cda7-49a4-89d2-85a67cfe2d90-1.jpg\" \/>\n\t<meta property=\"og:image:width\" content=\"2016\" \/>\n\t<meta property=\"og:image:height\" content=\"1134\" \/>\n\t<meta property=\"og:image:type\" content=\"image\/jpeg\" \/>\n<meta name=\"twitter:card\" content=\"summary_large_image\" \/>\n<meta name=\"twitter:label1\" content=\"Tempo di lettura stimato\" \/>\n\t<meta name=\"twitter:data1\" content=\"3 minuti\" \/>\n<script type=\"application\/ld+json\" class=\"yoast-schema-graph\">{\"@context\":\"https:\/\/schema.org\",\"@graph\":[{\"@type\":\"WebPage\",\"@id\":\"https:\/\/pistonaddict.com\/it\/product\/1979-pontiac-bonneville-brougham\/\",\"url\":\"https:\/\/pistonaddict.com\/it\/product\/1979-pontiac-bonneville-brougham\/\",\"name\":\"1979 Pontiac Bonneville Brougham - Piston Addict\",\"isPartOf\":{\"@id\":\"https:\/\/pistonaddict.com\/it\/#website\"},\"primaryImageOfPage\":{\"@id\":\"https:\/\/pistonaddict.com\/it\/product\/1979-pontiac-bonneville-brougham\/#primaryimage\"},\"image\":{\"@id\":\"https:\/\/pistonaddict.com\/it\/product\/1979-pontiac-bonneville-brougham\/#primaryimage\"},\"thumbnailUrl\":\"https:\/\/pistonaddict.com\/wp-content\/uploads\/2024\/05\/5a7bfe0d-cda7-49a4-89d2-85a67cfe2d90-1.jpg\",\"datePublished\":\"2024-05-17T09:16:20+00:00\",\"dateModified\":\"2024-05-17T13:57:32+00:00\",\"breadcrumb\":{\"@id\":\"https:\/\/pistonaddict.com\/it\/product\/1979-pontiac-bonneville-brougham\/#breadcrumb\"},\"inLanguage\":\"it-IT\",\"potentialAction\":[{\"@type\":\"ReadAction\",\"target\":[\"https:\/\/pistonaddict.com\/it\/product\/1979-pontiac-bonneville-brougham\/\"]}]},{\"@type\":\"ImageObject\",\"inLanguage\":\"it-IT\",\"@id\":\"https:\/\/pistonaddict.com\/it\/product\/1979-pontiac-bonneville-brougham\/#primaryimage\",\"url\":\"https:\/\/pistonaddict.com\/wp-content\/uploads\/2024\/05\/5a7bfe0d-cda7-49a4-89d2-85a67cfe2d90-1.jpg\",\"contentUrl\":\"https:\/\/pistonaddict.com\/wp-content\/uploads\/2024\/05\/5a7bfe0d-cda7-49a4-89d2-85a67cfe2d90-1.jpg\",\"width\":2016,\"height\":1134},{\"@type\":\"BreadcrumbList\",\"@id\":\"https:\/\/pistonaddict.com\/it\/product\/1979-pontiac-bonneville-brougham\/#breadcrumb\",\"itemListElement\":[{\"@type\":\"ListItem\",\"position\":1,\"name\":\"accoglienza\",\"item\":\"https:\/\/pistonaddict.com\/it\/homepage\/\"},{\"@type\":\"ListItem\",\"position\":2,\"name\":\"Auctions\",\"item\":\"https:\/\/pistonaddict.com\/auctions-listing\/\"},{\"@type\":\"ListItem\",\"position\":3,\"name\":\"1979 Pontiac Bonneville Brougham\"}]},{\"@type\":\"WebSite\",\"@id\":\"https:\/\/pistonaddict.com\/it\/#website\",\"url\":\"https:\/\/pistonaddict.com\/it\/\",\"name\":\"Piston Addict\",\"description\":\"Only interesting vehicles\",\"publisher\":{\"@id\":\"https:\/\/pistonaddict.com\/it\/#organization\"},\"potentialAction\":[{\"@type\":\"SearchAction\",\"target\":{\"@type\":\"EntryPoint\",\"urlTemplate\":\"https:\/\/pistonaddict.com\/it\/?s={search_term_string}\"},\"query-input\":\"required name=search_term_string\"}],\"inLanguage\":\"it-IT\"},{\"@type\":\"Organization\",\"@id\":\"https:\/\/pistonaddict.com\/it\/#organization\",\"name\":\"Piston Addict\",\"url\":\"https:\/\/pistonaddict.com\/it\/\",\"logo\":{\"@type\":\"ImageObject\",\"inLanguage\":\"it-IT\",\"@id\":\"https:\/\/pistonaddict.com\/it\/#\/schema\/logo\/image\/\",\"url\":\"https:\/\/pistonaddict.com\/wp-content\/uploads\/2022\/07\/logo-6.png\",\"contentUrl\":\"https:\/\/pistonaddict.com\/wp-content\/uploads\/2022\/07\/logo-6.png\",\"width\":970,\"height\":200,\"caption\":\"Piston Addict\"},\"image\":{\"@id\":\"https:\/\/pistonaddict.com\/it\/#\/schema\/logo\/image\/\"}}]}<\/script>\n<!-- \/ Yoast SEO plugin. -->","yoast_head_json":{"title":"1979 Pontiac Bonneville Brougham - Piston Addict","robots":{"index":"index","follow":"follow","max-snippet":"max-snippet:-1","max-image-preview":"max-image-preview:large","max-video-preview":"max-video-preview:-1"},"canonical":"https:\/\/pistonaddict.com\/it\/product\/1979-pontiac-bonneville-brougham\/","og_locale":"it_IT","og_type":"article","og_title":"1979 Pontiac Bonneville Brougham - Piston Addict","og_description":"Nella storia dell'auto, Pontiac sar\u00e0 ricordata come il marchio pi\u00f9 eccitante di GM, con una linea di potenti muscle car, forme eleganti e design innovativi. La Bonneville del 1979 si colloca al vertice della gamma di modelli e segna la fine di un'epoca per le berline full-size. Con uno stile ineguagliabile, tanto spazio e una serie di caratteristiche di lusso, questa berlina \u00e8 un ottimo esempio di automobile americana classica.","og_url":"https:\/\/pistonaddict.com\/it\/product\/1979-pontiac-bonneville-brougham\/","og_site_name":"Piston Addict","article_modified_time":"2024-05-17T13:57:32+00:00","og_image":[{"width":2016,"height":1134,"url":"https:\/\/pistonaddict.com\/wp-content\/uploads\/2024\/05\/5a7bfe0d-cda7-49a4-89d2-85a67cfe2d90-1.jpg","type":"image\/jpeg"}],"twitter_card":"summary_large_image","twitter_misc":{"Tempo di lettura stimato":"3 minuti"},"schema":{"@context":"https:\/\/schema.org","@graph":[{"@type":"WebPage","@id":"https:\/\/pistonaddict.com\/it\/product\/1979-pontiac-bonneville-brougham\/","url":"https:\/\/pistonaddict.com\/it\/product\/1979-pontiac-bonneville-brougham\/","name":"1979 Pontiac Bonneville Brougham - Piston Addict","isPartOf":{"@id":"https:\/\/pistonaddict.com\/it\/#website"},"primaryImageOfPage":{"@id":"https:\/\/pistonaddict.com\/it\/product\/1979-pontiac-bonneville-brougham\/#primaryimage"},"image":{"@id":"https:\/\/pistonaddict.com\/it\/product\/1979-pontiac-bonneville-brougham\/#primaryimage"},"thumbnailUrl":"https:\/\/pistonaddict.com\/wp-content\/uploads\/2024\/05\/5a7bfe0d-cda7-49a4-89d2-85a67cfe2d90-1.jpg","datePublished":"2024-05-17T09:16:20+00:00","dateModified":"2024-05-17T13:57:32+00:00","breadcrumb":{"@id":"https:\/\/pistonaddict.com\/it\/product\/1979-pontiac-bonneville-brougham\/#breadcrumb"},"inLanguage":"it-IT","potentialAction":[{"@type":"ReadAction","target":["https:\/\/pistonaddict.com\/it\/product\/1979-pontiac-bonneville-brougham\/"]}]},{"@type":"ImageObject","inLanguage":"it-IT","@id":"https:\/\/pistonaddict.com\/it\/product\/1979-pontiac-bonneville-brougham\/#primaryimage","url":"https:\/\/pistonaddict.com\/wp-content\/uploads\/2024\/05\/5a7bfe0d-cda7-49a4-89d2-85a67cfe2d90-1.jpg","contentUrl":"https:\/\/pistonaddict.com\/wp-content\/uploads\/2024\/05\/5a7bfe0d-cda7-49a4-89d2-85a67cfe2d90-1.jpg","width":2016,"height":1134},{"@type":"BreadcrumbList","@id":"https:\/\/pistonaddict.com\/it\/product\/1979-pontiac-bonneville-brougham\/#breadcrumb","itemListElement":[{"@type":"ListItem","position":1,"name":"accoglienza","item":"https:\/\/pistonaddict.com\/it\/homepage\/"},{"@type":"ListItem","position":2,"name":"Auctions","item":"https:\/\/pistonaddict.com\/auctions-listing\/"},{"@type":"ListItem","position":3,"name":"1979 Pontiac Bonneville Brougham"}]},{"@type":"WebSite","@id":"https:\/\/pistonaddict.com\/it\/#website","url":"https:\/\/pistonaddict.com\/it\/","name":"Piston Addict","description":"Only interesting vehicles","publisher":{"@id":"https:\/\/pistonaddict.com\/it\/#organization"},"potentialAction":[{"@type":"SearchAction","target":{"@type":"EntryPoint","urlTemplate":"https:\/\/pistonaddict.com\/it\/?s={search_term_string}"},"query-input":"required name=search_term_string"}],"inLanguage":"it-IT"},{"@type":"Organization","@id":"https:\/\/pistonaddict.com\/it\/#organization","name":"Piston Addict","url":"https:\/\/pistonaddict.com\/it\/","logo":{"@type":"ImageObject","inLanguage":"it-IT","@id":"https:\/\/pistonaddict.com\/it\/#\/schema\/logo\/image\/","url":"https:\/\/pistonaddict.com\/wp-content\/uploads\/2022\/07\/logo-6.png","contentUrl":"https:\/\/pistonaddict.com\/wp-content\/uploads\/2022\/07\/logo-6.png","width":970,"height":200,"caption":"Piston Addict"},"image":{"@id":"https:\/\/pistonaddict.com\/it\/#\/schema\/logo\/image\/"}}]}},"_links":{"self":[{"href":"https:\/\/pistonaddict.com\/it\/wp-json\/wp\/v2\/product\/104246"}],"collection":[{"href":"https:\/\/pistonaddict.com\/it\/wp-json\/wp\/v2\/product"}],"about":[{"href":"https:\/\/pistonaddict.com\/it\/wp-json\/wp\/v2\/types\/product"}],"replies":[{"embeddable":true,"href":"https:\/\/pistonaddict.com\/it\/wp-json\/wp\/v2\/comments?post=104246"}],"wp:featuredmedia":[{"embeddable":true,"href":"https:\/\/pistonaddict.com\/it\/wp-json\/wp\/v2\/media\/104291"}],"wp:attachment":[{"href":"https:\/\/pistonaddict.com\/it\/wp-json\/wp\/v2\/media?parent=104246"}],"wp:term":[{"taxonomy":"product_cat","embeddable":true,"href":"https:\/\/pistonaddict.com\/it\/wp-json\/wp\/v2\/product_cat?post=104246"},{"taxonomy":"product_tag","embeddable":true,"href":"https:\/\/pistonaddict.com\/it\/wp-json\/wp\/v2\/product_tag?post=104246"}],"curies":[{"name":"wp","href":"https:\/\/api.w.org\/{rel}","templated":true}]}}