{"id":3089,"date":"2022-04-29T11:20:06","date_gmt":"2022-04-29T09:20:06","guid":{"rendered":"https:\/\/pistonaddict.com\/regole-dei-commenti\/"},"modified":"2023-02-05T11:11:46","modified_gmt":"2023-02-05T10:11:46","slug":"regole-dei-commenti","status":"publish","type":"page","link":"https:\/\/pistonaddict.com\/it\/regole-dei-commenti\/","title":{"rendered":"Regole di commento"},"content":{"rendered":"\t\t<div data-elementor-type=\"wp-page\" data-elementor-id=\"3089\" class=\"elementor elementor-3089 elementor-3043\">\n\t\t\t\t\t\t<section class=\"elementor-section elementor-top-section elementor-element elementor-element-01b8fa5 elementor-section-boxed elementor-section-height-default elementor-section-height-default\" data-id=\"01b8fa5\" data-element_type=\"section\">\n\t\t\t\t\t\t<div class=\"elementor-container elementor-column-gap-default\">\n\t\t\t\t\t<div class=\"elementor-column elementor-col-100 elementor-top-column elementor-element elementor-element-19e2c1c\" data-id=\"19e2c1c\" data-element_type=\"column\">\n\t\t\t<div class=\"elementor-widget-wrap elementor-element-populated\">\n\t\t\t\t\t\t<div class=\"elementor-element elementor-element-9413b6d elementor-widget elementor-widget-text-editor\" data-id=\"9413b6d\" data-element_type=\"widget\" data-widget_type=\"text-editor.default\">\n\t\t\t\t<div class=\"elementor-widget-container\">\n\t\t\t<style>\/*! elementor - v3.21.0 - 18-04-2024 *\/\n.elementor-widget-text-editor.elementor-drop-cap-view-stacked .elementor-drop-cap{background-color:#69727d;color:#fff}.elementor-widget-text-editor.elementor-drop-cap-view-framed .elementor-drop-cap{color:#69727d;border:3px solid;background-color:transparent}.elementor-widget-text-editor:not(.elementor-drop-cap-view-default) .elementor-drop-cap{margin-top:8px}.elementor-widget-text-editor:not(.elementor-drop-cap-view-default) .elementor-drop-cap-letter{width:1em;height:1em}.elementor-widget-text-editor .elementor-drop-cap{float:left;text-align:center;line-height:1;font-size:50px}.elementor-widget-text-editor .elementor-drop-cap-letter{display:inline-block}<\/style>\t\t\t\t<\/p>\n<h2> <\/h2>\n<h2>Regola 1. Siate costruttivi e non negativi<\/h2>\n<p>\u00c8 pi\u00f9 facile dire che qualcosa non piace, e a volte pu\u00f2 essere giustificato. D&#8217;altra parte, \u00e8 pi\u00f9 prezioso dire come si potrebbe migliorare, il vero valore aggiunto \u00e8 quando si pu\u00f2 specificare cosa non va e come abbellirlo.<\/p>\n<h2> <\/h2>\n<h2>Regola 2. L&#8217;esperienza vince<\/h2>\n<p>Agli altri lettori interessa molto di pi\u00f9 la vostra opinione se proviene da un&#8217;esperienza rilevante. Se conoscete la storia di un particolare veicolo o molte informazioni su una determinata marca o modello, \u00e8 molto pi\u00f9 probabile che siate interessanti.<\/p>\n<h2> <\/h2>\n<h2>Regola 3. Parlare di auto, non di altri<\/h2>\n<p>Tutti hanno il diritto di avere un&#8217;opinione, anche se non la si condivide. Le critiche al carattere, al gusto o alla natura generale degli altri membri non hanno spazio.<\/p>\n<h2> <\/h2>\n<h2>Regola 4. Il mercato stabilisce il prezzo<\/h2>\n<p>Piston Addict \u00e8 un mercato libero in cui il venditore e l&#8217;acquirente determinano il prezzo, quindi dire che qualcosa \u00e8 troppo costoso o troppo economico non significa assolutamente nulla. Un oggetto vale quanto qualcuno \u00e8 disposto a pagare.<\/p>\n<h2> <\/h2>\n<h2>Regola 5. Se non avete letto tutti gli altri commenti, non siete pronti a lasciare il vostro.<\/h2>\n<p>\u00c8 l&#8217;equivalente digitale dell&#8217;ascoltare prima di parlare.<\/p>\n<h2> <\/h2>\n<h2>Regola 6. Nella sezione dei commenti non sono consentiti acquisti, vendite o informazioni di contatto.<\/h2>\n<p>Se avete un&#8217;auto in vendita, inviatecela tramite il modulo di richiesta. Richieste di acquisto, indirizzi e-mail e numeri di telefono pubblicati nei commenti  <br \/>verr\u00e0 eliminato.<\/p>\n<h2> <\/h2>\n<h2>Regola 7. Tutti sono i benvenuti<\/h2>\n<p>I membri della nostra comunit\u00e0 sono diversi come la selezione di auto che elenchiamo. Non sono ammessi commenti politici, misogini o omofobi.<\/p>\n<h2> <\/h2>\n<h2>Funzionalit\u00e0 dei commenti<\/h2>\n<p><strong>Modifica dei commenti: i<\/strong> commenti possono essere modificati dal loro autore dopo la loro pubblicazione, senza limiti di tempo. Cliccare sul link rosso &#8220;Modifica&#8221;.<\/p>\n<p><strong>Segnala come non costruttivo:<\/strong> Se un commento viola le regole di cui sopra, fare clic sul link &#8220;Segnala&#8221; in modo che possa essere rivisto o rimosso. Esaminiamo tutti i commenti segnalati e prendiamo la decisione finale se ripristinarli o rimuoverli.<br \/>Vogliamo che la conversazione su questo sito sia di qualit\u00e0.<\/p>\n<p><strong>Commentatori per la prima volta: Tutti i primi<\/strong> commenti sono moderati e non saranno pubblicati sul sito finch\u00e9 non saranno stati esaminati dallo staff di Piston Addict. Dopo aver pubblicato un commento per la prima volta, questi non saranno pi\u00f9 moderati.<\/p>\n\t\t\t\t\t\t<\/div>\n\t\t\t\t<\/div>\n\t\t\t\t\t<\/div>\n\t\t<\/div>\n\t\t\t\t\t<\/div>\n\t\t<\/section>\n\t\t\t\t<\/div>\n\t\t","protected":false},"excerpt":{"rendered":"<p>Regola 1. Siate costruttivi e non negativi \u00c8 pi\u00f9 facile dire che qualcosa non piace, e a volte pu\u00f2 essere giustificato. D&#8217;altra parte, \u00e8 pi\u00f9 prezioso dire come si potrebbe migliorare, il vero valore aggiunto \u00e8 quando si pu\u00f2 specificare cosa non va e come abbellirlo. Regola 2. L&#8217;esperienza vince Agli altri lettori interessa molto &#8230; <a title=\"Regole di commento\" class=\"read-more\" href=\"https:\/\/pistonaddict.com\/it\/regole-dei-commenti\/\">Per saperne di pi\u00f9<span class=\"screen-reader-text\">Regole di commento<\/span><\/a><\/p>\n","protected":false},"author":1,"featured_media":0,"parent":0,"menu_order":0,"comment_status":"closed","ping_status":"closed","template":"","meta":{"inline_featured_image":false,"footnotes":""},"acf":[],"yoast_head":"<!-- This site is optimized with the Yoast SEO plugin v22.5 - https:\/\/yoast.com\/wordpress\/plugins\/seo\/ -->\n<title>del Regole di commento - nome Piston Addict<\/title>\n<meta name=\"robots\" content=\"index, follow, max-snippet:-1, max-image-preview:large, max-video-preview:-1\" \/>\n<link rel=\"canonical\" href=\"https:\/\/pistonaddict.com\/it\/regole-dei-commenti\/\" \/>\n<meta property=\"og:locale\" content=\"it_IT\" \/>\n<meta property=\"og:type\" content=\"article\" \/>\n<meta property=\"og:title\" content=\"del Regole di commento - nome Piston Addict\" \/>\n<meta property=\"og:description\" content=\"Regola 1. Siate costruttivi e non negativi \u00c8 pi\u00f9 facile dire che qualcosa non piace, e a volte pu\u00f2 essere giustificato. D&#8217;altra parte, \u00e8 pi\u00f9 prezioso dire come si potrebbe migliorare, il vero valore aggiunto \u00e8 quando si pu\u00f2 specificare cosa non va e come abbellirlo. Regola 2. L&#8217;esperienza vince Agli altri lettori interessa molto ... Per saperne di pi\u00f9Regole di commento\" \/>\n<meta property=\"og:url\" content=\"https:\/\/pistonaddict.com\/it\/regole-dei-commenti\/\" \/>\n<meta property=\"og:site_name\" content=\"Piston Addict\" \/>\n<meta property=\"article:modified_time\" content=\"2023-02-05T10:11:46+00:00\" \/>\n<meta name=\"twitter:card\" content=\"summary_large_image\" \/>\n<meta name=\"twitter:label1\" content=\"Tempo di lettura stimato\" \/>\n\t<meta name=\"twitter:data1\" content=\"2 minuti\" \/>\n<script type=\"application\/ld+json\" class=\"yoast-schema-graph\">{\"@context\":\"https:\/\/schema.org\",\"@graph\":[{\"@type\":\"WebPage\",\"@id\":\"https:\/\/pistonaddict.com\/it\/regole-dei-commenti\/\",\"url\":\"https:\/\/pistonaddict.com\/it\/regole-dei-commenti\/\",\"name\":\"del Regole di commento - nome Piston Addict\",\"isPartOf\":{\"@id\":\"https:\/\/pistonaddict.com\/it\/#website\"},\"datePublished\":\"2022-04-29T09:20:06+00:00\",\"dateModified\":\"2023-02-05T10:11:46+00:00\",\"breadcrumb\":{\"@id\":\"https:\/\/pistonaddict.com\/it\/regole-dei-commenti\/#breadcrumb\"},\"inLanguage\":\"it-IT\",\"potentialAction\":[{\"@type\":\"ReadAction\",\"target\":[\"https:\/\/pistonaddict.com\/it\/regole-dei-commenti\/\"]}]},{\"@type\":\"BreadcrumbList\",\"@id\":\"https:\/\/pistonaddict.com\/it\/regole-dei-commenti\/#breadcrumb\",\"itemListElement\":[{\"@type\":\"ListItem\",\"position\":1,\"name\":\"accoglienza\",\"item\":\"https:\/\/pistonaddict.com\/it\/homepage\/\"},{\"@type\":\"ListItem\",\"position\":2,\"name\":\"Regole di commento\"}]},{\"@type\":\"WebSite\",\"@id\":\"https:\/\/pistonaddict.com\/it\/#website\",\"url\":\"https:\/\/pistonaddict.com\/it\/\",\"name\":\"Piston Addict\",\"description\":\"Only interesting vehicles\",\"publisher\":{\"@id\":\"https:\/\/pistonaddict.com\/it\/#organization\"},\"potentialAction\":[{\"@type\":\"SearchAction\",\"target\":{\"@type\":\"EntryPoint\",\"urlTemplate\":\"https:\/\/pistonaddict.com\/it\/?s={search_term_string}\"},\"query-input\":\"required name=search_term_string\"}],\"inLanguage\":\"it-IT\"},{\"@type\":\"Organization\",\"@id\":\"https:\/\/pistonaddict.com\/it\/#organization\",\"name\":\"Piston Addict\",\"url\":\"https:\/\/pistonaddict.com\/it\/\",\"logo\":{\"@type\":\"ImageObject\",\"inLanguage\":\"it-IT\",\"@id\":\"https:\/\/pistonaddict.com\/it\/#\/schema\/logo\/image\/\",\"url\":\"https:\/\/pistonaddict.com\/wp-content\/uploads\/2022\/07\/logo-6.png\",\"contentUrl\":\"https:\/\/pistonaddict.com\/wp-content\/uploads\/2022\/07\/logo-6.png\",\"width\":970,\"height\":200,\"caption\":\"Piston Addict\"},\"image\":{\"@id\":\"https:\/\/pistonaddict.com\/it\/#\/schema\/logo\/image\/\"}}]}<\/script>\n<!-- \/ Yoast SEO plugin. -->","yoast_head_json":{"title":"del Regole di commento - nome Piston Addict","robots":{"index":"index","follow":"follow","max-snippet":"max-snippet:-1","max-image-preview":"max-image-preview:large","max-video-preview":"max-video-preview:-1"},"canonical":"https:\/\/pistonaddict.com\/it\/regole-dei-commenti\/","og_locale":"it_IT","og_type":"article","og_title":"del Regole di commento - nome Piston Addict","og_description":"Regola 1. Siate costruttivi e non negativi \u00c8 pi\u00f9 facile dire che qualcosa non piace, e a volte pu\u00f2 essere giustificato. D&#8217;altra parte, \u00e8 pi\u00f9 prezioso dire come si potrebbe migliorare, il vero valore aggiunto \u00e8 quando si pu\u00f2 specificare cosa non va e come abbellirlo. Regola 2. L&#8217;esperienza vince Agli altri lettori interessa molto ... Per saperne di pi\u00f9Regole di commento","og_url":"https:\/\/pistonaddict.com\/it\/regole-dei-commenti\/","og_site_name":"Piston Addict","article_modified_time":"2023-02-05T10:11:46+00:00","twitter_card":"summary_large_image","twitter_misc":{"Tempo di lettura stimato":"2 minuti"},"schema":{"@context":"https:\/\/schema.org","@graph":[{"@type":"WebPage","@id":"https:\/\/pistonaddict.com\/it\/regole-dei-commenti\/","url":"https:\/\/pistonaddict.com\/it\/regole-dei-commenti\/","name":"del Regole di commento - nome Piston Addict","isPartOf":{"@id":"https:\/\/pistonaddict.com\/it\/#website"},"datePublished":"2022-04-29T09:20:06+00:00","dateModified":"2023-02-05T10:11:46+00:00","breadcrumb":{"@id":"https:\/\/pistonaddict.com\/it\/regole-dei-commenti\/#breadcrumb"},"inLanguage":"it-IT","potentialAction":[{"@type":"ReadAction","target":["https:\/\/pistonaddict.com\/it\/regole-dei-commenti\/"]}]},{"@type":"BreadcrumbList","@id":"https:\/\/pistonaddict.com\/it\/regole-dei-commenti\/#breadcrumb","itemListElement":[{"@type":"ListItem","position":1,"name":"accoglienza","item":"https:\/\/pistonaddict.com\/it\/homepage\/"},{"@type":"ListItem","position":2,"name":"Regole di commento"}]},{"@type":"WebSite","@id":"https:\/\/pistonaddict.com\/it\/#website","url":"https:\/\/pistonaddict.com\/it\/","name":"Piston Addict","description":"Only interesting vehicles","publisher":{"@id":"https:\/\/pistonaddict.com\/it\/#organization"},"potentialAction":[{"@type":"SearchAction","target":{"@type":"EntryPoint","urlTemplate":"https:\/\/pistonaddict.com\/it\/?s={search_term_string}"},"query-input":"required name=search_term_string"}],"inLanguage":"it-IT"},{"@type":"Organization","@id":"https:\/\/pistonaddict.com\/it\/#organization","name":"Piston Addict","url":"https:\/\/pistonaddict.com\/it\/","logo":{"@type":"ImageObject","inLanguage":"it-IT","@id":"https:\/\/pistonaddict.com\/it\/#\/schema\/logo\/image\/","url":"https:\/\/pistonaddict.com\/wp-content\/uploads\/2022\/07\/logo-6.png","contentUrl":"https:\/\/pistonaddict.com\/wp-content\/uploads\/2022\/07\/logo-6.png","width":970,"height":200,"caption":"Piston Addict"},"image":{"@id":"https:\/\/pistonaddict.com\/it\/#\/schema\/logo\/image\/"}}]}},"_links":{"self":[{"href":"https:\/\/pistonaddict.com\/it\/wp-json\/wp\/v2\/pages\/3089"}],"collection":[{"href":"https:\/\/pistonaddict.com\/it\/wp-json\/wp\/v2\/pages"}],"about":[{"href":"https:\/\/pistonaddict.com\/it\/wp-json\/wp\/v2\/types\/page"}],"author":[{"embeddable":true,"href":"https:\/\/pistonaddict.com\/it\/wp-json\/wp\/v2\/users\/1"}],"replies":[{"embeddable":true,"href":"https:\/\/pistonaddict.com\/it\/wp-json\/wp\/v2\/comments?post=3089"}],"version-history":[{"count":5,"href":"https:\/\/pistonaddict.com\/it\/wp-json\/wp\/v2\/pages\/3089\/revisions"}],"predecessor-version":[{"id":26236,"href":"https:\/\/pistonaddict.com\/it\/wp-json\/wp\/v2\/pages\/3089\/revisions\/26236"}],"wp:attachment":[{"href":"https:\/\/pistonaddict.com\/it\/wp-json\/wp\/v2\/media?parent=3089"}],"curies":[{"name":"wp","href":"https:\/\/api.w.org\/{rel}","templated":true}]}}