{"id":2990,"date":"2022-04-29T11:19:25","date_gmt":"2022-04-29T09:19:25","guid":{"rendered":"https:\/\/pistonaddict.com\/gestione-dei-cookie\/"},"modified":"2022-10-28T10:21:18","modified_gmt":"2022-10-28T08:21:18","slug":"gestione-dei-cookie","status":"publish","type":"page","link":"https:\/\/pistonaddict.com\/it\/gestione-dei-cookie\/","title":{"rendered":"Gestione dei cookie"},"content":{"rendered":"\t\t<div data-elementor-type=\"wp-page\" data-elementor-id=\"2990\" class=\"elementor elementor-2990 elementor-2954\">\n\t\t\t\t\t\t<section class=\"elementor-section elementor-top-section elementor-element elementor-element-00987b4 elementor-section-boxed elementor-section-height-default elementor-section-height-default\" data-id=\"00987b4\" data-element_type=\"section\">\n\t\t\t\t\t\t<div class=\"elementor-container elementor-column-gap-default\">\n\t\t\t\t\t<div class=\"elementor-column elementor-col-100 elementor-top-column elementor-element elementor-element-9f5f945\" data-id=\"9f5f945\" data-element_type=\"column\">\n\t\t\t<div class=\"elementor-widget-wrap elementor-element-populated\">\n\t\t\t\t\t\t<div class=\"elementor-element elementor-element-8525f40 elementor-widget elementor-widget-text-editor\" data-id=\"8525f40\" data-element_type=\"widget\" data-widget_type=\"text-editor.default\">\n\t\t\t\t<div class=\"elementor-widget-container\">\n\t\t\t<style>\/*! elementor - v3.21.0 - 18-04-2024 *\/\n.elementor-widget-text-editor.elementor-drop-cap-view-stacked .elementor-drop-cap{background-color:#69727d;color:#fff}.elementor-widget-text-editor.elementor-drop-cap-view-framed .elementor-drop-cap{color:#69727d;border:3px solid;background-color:transparent}.elementor-widget-text-editor:not(.elementor-drop-cap-view-default) .elementor-drop-cap{margin-top:8px}.elementor-widget-text-editor:not(.elementor-drop-cap-view-default) .elementor-drop-cap-letter{width:1em;height:1em}.elementor-widget-text-editor .elementor-drop-cap{float:left;text-align:center;line-height:1;font-size:50px}.elementor-widget-text-editor .elementor-drop-cap-letter{display:inline-block}<\/style>\t\t\t\t<div class=\"wpb_text_column wpb_content_element cms_text_block\">\n<div class=\"wpb_wrapper \">\n<p>Durante il vostro primo accesso al sito Internet: https:\/\/www.pistonaddict.com, un nastro situato in basso alla pagina vi informer\u00e0 che i dati relativi alla vostra navigazione saranno registrati su alcuni file specifici chiamati &#8220;cookie&#8221; o file di connessione.<\/p>\n<p>Per informarvi meglio sul loro ruolo, sui vincoli legati alla loro accettazione o al loro rifiuto e sulle misure da seguire per bloccare la loro installazione sul vostro computer, <strong>Piston Addict<\/strong> presenta la sua politica di gestione dei cookie.<\/p>\n<div class=\"wpb_column vc_column_container vc_col-sm-12\">\n<div class=\"vc_column-inner\">\n<div class=\"wpb_wrapper\"> <\/div>\n<\/div>\n<\/div>\n<div class=\"cms-custom-heading-wrap heading2 text-left vc_custom_heading heading2_uppercase \">\n<h2> <\/h2>\n<h2 class=\"cmsc-custom-heading vc_custom_heading\">1\u00b0 IL RUOLO DEI COOKIES O DEI FICHIERS DI CONNESSIONE<\/h2>\n<\/div>\n<p>I cookie consentono di raccogliere le informazioni relative alla consultazione del sito Internet (https:\/\/www.pistonaddict.com) al fine di regolare e orientare al meglio la navigazione. Realizzati dal navigatore, i file di connessione consentono di determinare con precisione i servizi e le informazioni che si cercano a partire dalle rubriche e dalle pagine che si consultano.<\/p>\n<p>Per un utilizzo ottimale del sito Internet e dei suoi servizi, vengono utilizzati diversi tipi di cookie in funzione delle loro finalit\u00e0:<\/p>\n<ul>\n<li>i cookie di sessione sono installati principalmente sui siti dei marchi per salvaguardare, durante tutta la sequenza di navigazione, alcuni dati memorizzati all&#8217;interno,<\/li>\n<li>i cookie funzionali tengono conto delle preferenze di navigazione (lingua, risoluzione dell&#8217;immagine&#8230;), o raccolgono le informazioni ottenute durante le sessioni di navigazione precedenti (identificatori di connessione, servizi visitati, dati raccolti&#8230;),<\/li>\n<li>i cookie analitici consentono di comprovare gli utenti e di analizzare il loro comportamento durante la visita al sito Internet, al fine di generare statistiche di frequenza,<\/li>\n<li>i cookie di livello superiore vengono depositati sul navigatore dell&#8217;utente da parte di aziende pubblicitarie o di partner del sito Internet, nonch\u00e9 da reti sociali e piattaforme video collegate al sito.<\/li>\n<\/ul>\n<p>I dati necessari per i file di connessione non consentono di identificarvi in modo nominativo, sono utilizzati esclusivamente per il buon funzionamento del sito Internet e non vengono mai comunicati da <strong>Piston Addict<\/strong> ad altre strutture.<\/p>\n<div class=\"wpb_column vc_column_container vc_col-sm-12\">\n<div class=\"vc_column-inner\">\n<div class=\"wpb_wrapper\"> <\/div>\n<\/div>\n<\/div>\n<div class=\"cms-custom-heading-wrap heading2 text-left vc_custom_heading heading2_uppercase \">\n<h2> <\/h2>\n<h2 class=\"cmsc-custom-heading vc_custom_heading\">2\u00b0 I COOKIE PRESENTI SUL SITO PISTONADDICT.COM<\/h2>\n<\/div>\n<div class=\"wpb_text_column wpb_content_element vc_custom_1621498045904 cms_text_block\">\n<div class=\"wpb_wrapper \"> <\/div>\n<\/div>\n<p>In base alla loro natura e al tipo di dati che raccolgono, i cookie utilizzati sul sito Internet https:\/\/www.pistonaddict.com impediscono il consenso al loro utilizzo o sono contrari.<\/p>\n<h3> <\/h3>\n<h3>2.1\u00b0 I cookie funzionali<\/h3>\n<p>La Commission Nationale de l&#8217;Informatique et des Libert\u00e9s (CNIL) raccomanda di dispensare dal recupero del consenso i cookie necessari al buon funzionamento del sito Internet o che hanno come unico scopo quello di facilitare la comunicazione per via elettronica.<\/p>\n<p>Ci\u00f2 riguarda principalmente i cookie di identificazione di sessione, i cookie di sessione per lettori multimediali, i cookie di autenticazione, i cookie di sessione per l&#8217;alimentazione o creati, nonch\u00e9 i cookie di personalizzazione dell&#8217;interfaccia utente.<\/p>\n<h3> <\/h3>\n<h3>2.2\u00b0 I cookie di controllo<\/h3>\n<p>Ai sensi della normativa vigente applicata dal RGPD, tutti i cookie che consentono il ciblage o la profilazione sono disponibili prima dell&#8217;invio al navigatore: il registro del consenso, la possibilit\u00e0 di opporsi al loro utilizzo, l&#8217;informazione che la navigazione va fatta in accordo con il trasferimento dei cookie sul terminale.<\/p>\n<p>Ci\u00f2 riguarda sia i cookie di misurazione dell&#8217;audience (Analytics) che i cookie di condivisione sui social network (Facebook&#8230;); questi cookie sono soggetti alle politiche di riservatezza degli editori di queste applicazioni logiche.<\/p>\n<h4> <\/h4>\n<h4><strong>2.2.1\u00b0 I cookie di misurazione dell&#8217;audience<\/strong><\/h4>\n<p>I cookie di Google Analytics consentono di elaborare statistiche relative all&#8217;utilizzo del sito Internet: https:\/\/www.pistonaddict.com.<\/p>\n<p>Sono stati parametrati in modo da raccogliere dati che consentano di raccogliere il consenso dell&#8217;utente:<\/p>\n<ul>\n<li>i cookie depositati servono esclusivamente alla produzione di statistiche anonime, l&#8217;indirizzo IP che consente di localizzarvi non \u00e8 pi\u00f9 preciso dell&#8217;area della citt\u00e0, ma i due ultimi ottetti dell&#8217;indirizzo IP vengono soppressi,<\/li>\n<li>i cookie che consentono di stabilire la vostra tracciabilit\u00e0 e i vostri indirizzi IP non vengono conservati fino a 13 mesi dopo la prima visita.<\/li>\n<\/ul>\n<p>La politica di riservatezza di Google Analytics \u00e8 disponibile all&#8217;indirizzo seguente: https:\/\/policies.google.com\/privacy?hl=fr<\/p>\n<h3> <\/h3>\n<h4><strong>2.2.2\u00b0 I cookie di condivisione delle informazioni<\/strong><\/h4>\n<p>I cookie di condivisione sui social network (Facebook&#8230;) sono emessi e gestiti dagli autori delle applicazioni. A condizione che l&#8217;utente lo consenta, questi cookie consentono di condividere facilmente i contenuti pubblicati sul sito Internet: https:\/\/www.pistonaddict.com per mezzo di pulsanti applicativi dedicati.<\/p>\n<p>Le politiche di riservatezza dei siti sociali sono disponibili alle pagine seguenti:<\/p>\n<ul>\n<li>Facebook : https:\/\/fr-fr.facebook.com\/privacy\/explanation<\/li>\n<li>Twitter : https:\/\/twitter.com\/fr\/privacy#update<\/li>\n<li>Pinterest : https:\/\/policy.pinterest.com\/fr\/privacy-policy<\/li>\n<li>Instagram : https:\/\/help.instagram.com\/519522125107875<\/li>\n<\/ul>\n<h3> <\/h3>\n<h4><strong>2.2.3\u00b0 I cookie delle piattaforme video<\/strong><\/h4>\n<p>I cookie relativi alla visualizzazione di video su YouTube sono emessi e gestiti dall&#8217;editore della piattaforma video. In base al consenso dell&#8217;utente, questi cookie vengono inviati al navigatore dell&#8217;utente durante la visione dei video pubblicati sul sito Internet: https:\/\/www.pistonaddict.com e pubblicati sulla piattaforma.<\/p>\n<p>La politica di riservatezza di YouTube \u00e8 disponibile all&#8217;indirizzo seguente: https:\/\/policies.google.com\/privacy?hl=fr-CA<\/p>\n<\/div>\n<\/div>\n<div class=\"wpb_column vc_column_container vc_col-sm-12\">\n<div class=\"vc_column-inner\">\n<div class=\"wpb_wrapper\"> <\/div>\n<\/div>\n<\/div>\n<div class=\"cms-custom-heading-wrap heading2 text-left vc_custom_heading heading2_uppercase \">\n<h2> <\/h2>\n<h2 class=\"cmsc-custom-heading vc_custom_heading\">3\u00b0 L&#8217;ACCETTAZIONE O IL RIFIUTO DEI COOKIE<\/h2>\n<\/div>\n<div class=\"wpb_text_column wpb_content_element vc_custom_1621498045904 cms_text_block\">\n<div class=\"wpb_wrapper \">\n<p>Durante la prima visita al sito Internet https:\/\/www.pistonaddict.com, in basso alla pagina \u00e8 presente una fascia che consente di accettare o rifiutare i cookie. Il fascicolo contiene anche le indicazioni relative alla finalit\u00e0 degli invii di cookie sul navigatore Internet.<\/p>\n<p>Potete anche impostare il vostro navigatore Internet in modo da essere avvisati quando i cookie vengono depositati con la possibilit\u00e0 di accettarli o rifiutarli. In funzione del navigatore utilizzato la configurazione della gestione dei cookie (accettazione o rifiuto) \u00e8 diversa.<\/p>\n<p>Ci sono gli indirizzi delle pagine dedicate a ciascuno dei principali navigatori:<\/p>\n<ul>\n<li>Microsoft Internet Explorer : http:\/\/windows.microsoft.com\/fr-FR\/windows-vista\/Block-or-allow-cookies<\/li>\n<li>Google Chrome : https:\/\/support.google.com\/chrome\/answer\/95647?hl=fr<\/li>\n<li>Safari : https:\/\/support.apple.com\/fr-fr\/guide\/safari\/sfri11471\/mac<\/li>\n<li>Firefox : https:\/\/support.mozilla.org\/fr\/kb\/autoriser-bloquer-cookies-preferences-sites<\/li>\n<li>Opera : https:\/\/help.opera.com\/en\/latest\/web-preferences\/#cookies<\/li>\n<\/ul>\n<p>Da notare: il rifiuto dei cookie pu\u00f2 impedire la personalizzazione della navigazione sul sito Internet: https:\/\/www.pistonaddict.com, \u00e8 quindi importante che configuriate il vostro navigatore con cognizione di causa.<\/p>\n<\/div>\n<\/div>\n<div class=\"wpb_column vc_column_container vc_col-sm-12\">\n<div class=\"vc_column-inner\">\n<div class=\"wpb_wrapper\"> <\/div>\n<\/div>\n<\/div>\n<div class=\"cms-custom-heading-wrap heading2 text-left vc_custom_heading heading2_uppercase \">\n<h2> <\/h2>\n<h2 class=\"cmsc-custom-heading vc_custom_heading\">4\u00b0 LA REVOCA DEL CONSENSO AI COOKIE<\/h2>\n<\/div>\n<div class=\"wpb_text_column wpb_content_element vc_custom_1621498045904 cms_text_block\">\n<div class=\"wpb_wrapper \">\n<p>\u00c8 possibile in qualsiasi momento revocare il proprio <a class=\"wt-cli-manage-consent-link\">consenso ai cookie<\/a> di base e ai cookie analitici.<\/p>\n<div class=\"wpb_column vc_column_container vc_col-sm-12\">\n<div class=\"vc_column-inner\">\n<div class=\"wpb_wrapper\"> <\/div>\n<\/div>\n<\/div>\n<div class=\"cms-custom-heading-wrap heading2 text-left vc_custom_heading heading2_uppercase \">\n<h2> <\/h2>\n<h2 class=\"cmsc-custom-heading vc_custom_heading\">5\u00b0 LA POLITICA DI RISERVATEZZA<\/h2>\n<\/div>\n<div class=\"wpb_text_column wpb_content_element vc_custom_1621498045904 cms_text_block\">\n<div class=\"wpb_wrapper \"> <\/div>\n<\/div>\n<p>Per saperne di pi\u00f9 sulla politica di riservatezza di <strong>Piston Addict<\/strong>: <a href=\"https:\/\/pistonaddict.com\/it\/politica-sulla-riservatezza\/\">clicca qui<\/a>.<\/p>\n<\/div>\n<\/div>\n\t\t\t\t\t\t<\/div>\n\t\t\t\t<\/div>\n\t\t\t\t\t<\/div>\n\t\t<\/div>\n\t\t\t\t\t<\/div>\n\t\t<\/section>\n\t\t\t\t<\/div>\n\t\t","protected":false},"excerpt":{"rendered":"<p>Durante il vostro primo accesso al sito Internet: https:\/\/www.pistonaddict.com, un nastro situato in basso alla pagina vi informer\u00e0 che i dati relativi alla vostra navigazione saranno registrati su alcuni file specifici chiamati &#8220;cookie&#8221; o file di connessione. Per informarvi meglio sul loro ruolo, sui vincoli legati alla loro accettazione o al loro rifiuto e sulle &#8230; <a title=\"Gestione dei cookie\" class=\"read-more\" href=\"https:\/\/pistonaddict.com\/it\/gestione-dei-cookie\/\">Per saperne di pi\u00f9<span class=\"screen-reader-text\">Gestione dei cookie<\/span><\/a><\/p>\n","protected":false},"author":1,"featured_media":0,"parent":0,"menu_order":0,"comment_status":"closed","ping_status":"closed","template":"","meta":{"inline_featured_image":false,"footnotes":""},"acf":[],"yoast_head":"<!-- This site is optimized with the Yoast SEO plugin v22.5 - https:\/\/yoast.com\/wordpress\/plugins\/seo\/ -->\n<title>del Gestione dei cookie - nome Piston Addict<\/title>\n<meta name=\"robots\" content=\"index, follow, max-snippet:-1, max-image-preview:large, max-video-preview:-1\" \/>\n<link rel=\"canonical\" href=\"https:\/\/pistonaddict.com\/it\/gestione-dei-cookie\/\" \/>\n<meta property=\"og:locale\" content=\"it_IT\" \/>\n<meta property=\"og:type\" content=\"article\" \/>\n<meta property=\"og:title\" content=\"del Gestione dei cookie - nome Piston Addict\" \/>\n<meta property=\"og:description\" content=\"Durante il vostro primo accesso al sito Internet: https:\/\/www.pistonaddict.com, un nastro situato in basso alla pagina vi informer\u00e0 che i dati relativi alla vostra navigazione saranno registrati su alcuni file specifici chiamati &#8220;cookie&#8221; o file di connessione. Per informarvi meglio sul loro ruolo, sui vincoli legati alla loro accettazione o al loro rifiuto e sulle ... Per saperne di pi\u00f9Gestione dei cookie\" \/>\n<meta property=\"og:url\" content=\"https:\/\/pistonaddict.com\/it\/gestione-dei-cookie\/\" \/>\n<meta property=\"og:site_name\" content=\"Piston Addict\" \/>\n<meta property=\"article:modified_time\" content=\"2022-10-28T08:21:18+00:00\" \/>\n<meta name=\"twitter:card\" content=\"summary_large_image\" \/>\n<meta name=\"twitter:label1\" content=\"Tempo di lettura stimato\" \/>\n\t<meta name=\"twitter:data1\" content=\"5 minuti\" \/>\n<script type=\"application\/ld+json\" class=\"yoast-schema-graph\">{\"@context\":\"https:\/\/schema.org\",\"@graph\":[{\"@type\":\"WebPage\",\"@id\":\"https:\/\/pistonaddict.com\/it\/gestione-dei-cookie\/\",\"url\":\"https:\/\/pistonaddict.com\/it\/gestione-dei-cookie\/\",\"name\":\"del Gestione dei cookie - nome Piston Addict\",\"isPartOf\":{\"@id\":\"https:\/\/pistonaddict.com\/it\/#website\"},\"datePublished\":\"2022-04-29T09:19:25+00:00\",\"dateModified\":\"2022-10-28T08:21:18+00:00\",\"breadcrumb\":{\"@id\":\"https:\/\/pistonaddict.com\/it\/gestione-dei-cookie\/#breadcrumb\"},\"inLanguage\":\"it-IT\",\"potentialAction\":[{\"@type\":\"ReadAction\",\"target\":[\"https:\/\/pistonaddict.com\/it\/gestione-dei-cookie\/\"]}]},{\"@type\":\"BreadcrumbList\",\"@id\":\"https:\/\/pistonaddict.com\/it\/gestione-dei-cookie\/#breadcrumb\",\"itemListElement\":[{\"@type\":\"ListItem\",\"position\":1,\"name\":\"accoglienza\",\"item\":\"https:\/\/pistonaddict.com\/it\/homepage\/\"},{\"@type\":\"ListItem\",\"position\":2,\"name\":\"Gestione dei cookie\"}]},{\"@type\":\"WebSite\",\"@id\":\"https:\/\/pistonaddict.com\/it\/#website\",\"url\":\"https:\/\/pistonaddict.com\/it\/\",\"name\":\"Piston Addict\",\"description\":\"Only interesting vehicles\",\"publisher\":{\"@id\":\"https:\/\/pistonaddict.com\/it\/#organization\"},\"potentialAction\":[{\"@type\":\"SearchAction\",\"target\":{\"@type\":\"EntryPoint\",\"urlTemplate\":\"https:\/\/pistonaddict.com\/it\/?s={search_term_string}\"},\"query-input\":\"required name=search_term_string\"}],\"inLanguage\":\"it-IT\"},{\"@type\":\"Organization\",\"@id\":\"https:\/\/pistonaddict.com\/it\/#organization\",\"name\":\"Piston Addict\",\"url\":\"https:\/\/pistonaddict.com\/it\/\",\"logo\":{\"@type\":\"ImageObject\",\"inLanguage\":\"it-IT\",\"@id\":\"https:\/\/pistonaddict.com\/it\/#\/schema\/logo\/image\/\",\"url\":\"https:\/\/pistonaddict.com\/wp-content\/uploads\/2022\/07\/logo-6.png\",\"contentUrl\":\"https:\/\/pistonaddict.com\/wp-content\/uploads\/2022\/07\/logo-6.png\",\"width\":970,\"height\":200,\"caption\":\"Piston Addict\"},\"image\":{\"@id\":\"https:\/\/pistonaddict.com\/it\/#\/schema\/logo\/image\/\"}}]}<\/script>\n<!-- \/ Yoast SEO plugin. -->","yoast_head_json":{"title":"del Gestione dei cookie - nome Piston Addict","robots":{"index":"index","follow":"follow","max-snippet":"max-snippet:-1","max-image-preview":"max-image-preview:large","max-video-preview":"max-video-preview:-1"},"canonical":"https:\/\/pistonaddict.com\/it\/gestione-dei-cookie\/","og_locale":"it_IT","og_type":"article","og_title":"del Gestione dei cookie - nome Piston Addict","og_description":"Durante il vostro primo accesso al sito Internet: https:\/\/www.pistonaddict.com, un nastro situato in basso alla pagina vi informer\u00e0 che i dati relativi alla vostra navigazione saranno registrati su alcuni file specifici chiamati &#8220;cookie&#8221; o file di connessione. Per informarvi meglio sul loro ruolo, sui vincoli legati alla loro accettazione o al loro rifiuto e sulle ... Per saperne di pi\u00f9Gestione dei cookie","og_url":"https:\/\/pistonaddict.com\/it\/gestione-dei-cookie\/","og_site_name":"Piston Addict","article_modified_time":"2022-10-28T08:21:18+00:00","twitter_card":"summary_large_image","twitter_misc":{"Tempo di lettura stimato":"5 minuti"},"schema":{"@context":"https:\/\/schema.org","@graph":[{"@type":"WebPage","@id":"https:\/\/pistonaddict.com\/it\/gestione-dei-cookie\/","url":"https:\/\/pistonaddict.com\/it\/gestione-dei-cookie\/","name":"del Gestione dei cookie - nome Piston Addict","isPartOf":{"@id":"https:\/\/pistonaddict.com\/it\/#website"},"datePublished":"2022-04-29T09:19:25+00:00","dateModified":"2022-10-28T08:21:18+00:00","breadcrumb":{"@id":"https:\/\/pistonaddict.com\/it\/gestione-dei-cookie\/#breadcrumb"},"inLanguage":"it-IT","potentialAction":[{"@type":"ReadAction","target":["https:\/\/pistonaddict.com\/it\/gestione-dei-cookie\/"]}]},{"@type":"BreadcrumbList","@id":"https:\/\/pistonaddict.com\/it\/gestione-dei-cookie\/#breadcrumb","itemListElement":[{"@type":"ListItem","position":1,"name":"accoglienza","item":"https:\/\/pistonaddict.com\/it\/homepage\/"},{"@type":"ListItem","position":2,"name":"Gestione dei cookie"}]},{"@type":"WebSite","@id":"https:\/\/pistonaddict.com\/it\/#website","url":"https:\/\/pistonaddict.com\/it\/","name":"Piston Addict","description":"Only interesting vehicles","publisher":{"@id":"https:\/\/pistonaddict.com\/it\/#organization"},"potentialAction":[{"@type":"SearchAction","target":{"@type":"EntryPoint","urlTemplate":"https:\/\/pistonaddict.com\/it\/?s={search_term_string}"},"query-input":"required name=search_term_string"}],"inLanguage":"it-IT"},{"@type":"Organization","@id":"https:\/\/pistonaddict.com\/it\/#organization","name":"Piston Addict","url":"https:\/\/pistonaddict.com\/it\/","logo":{"@type":"ImageObject","inLanguage":"it-IT","@id":"https:\/\/pistonaddict.com\/it\/#\/schema\/logo\/image\/","url":"https:\/\/pistonaddict.com\/wp-content\/uploads\/2022\/07\/logo-6.png","contentUrl":"https:\/\/pistonaddict.com\/wp-content\/uploads\/2022\/07\/logo-6.png","width":970,"height":200,"caption":"Piston Addict"},"image":{"@id":"https:\/\/pistonaddict.com\/it\/#\/schema\/logo\/image\/"}}]}},"_links":{"self":[{"href":"https:\/\/pistonaddict.com\/it\/wp-json\/wp\/v2\/pages\/2990"}],"collection":[{"href":"https:\/\/pistonaddict.com\/it\/wp-json\/wp\/v2\/pages"}],"about":[{"href":"https:\/\/pistonaddict.com\/it\/wp-json\/wp\/v2\/types\/page"}],"author":[{"embeddable":true,"href":"https:\/\/pistonaddict.com\/it\/wp-json\/wp\/v2\/users\/1"}],"replies":[{"embeddable":true,"href":"https:\/\/pistonaddict.com\/it\/wp-json\/wp\/v2\/comments?post=2990"}],"version-history":[{"count":4,"href":"https:\/\/pistonaddict.com\/it\/wp-json\/wp\/v2\/pages\/2990\/revisions"}],"predecessor-version":[{"id":16007,"href":"https:\/\/pistonaddict.com\/it\/wp-json\/wp\/v2\/pages\/2990\/revisions\/16007"}],"wp:attachment":[{"href":"https:\/\/pistonaddict.com\/it\/wp-json\/wp\/v2\/media?parent=2990"}],"curies":[{"name":"wp","href":"https:\/\/api.w.org\/{rel}","templated":true}]}}