{"id":2884,"date":"2022-04-29T11:18:33","date_gmt":"2022-04-29T09:18:33","guid":{"rendered":"https:\/\/pistonaddict.com\/avviso-legale\/"},"modified":"2024-10-26T08:16:54","modified_gmt":"2024-10-26T06:16:54","slug":"avviso-legale","status":"publish","type":"page","link":"https:\/\/pistonaddict.com\/it\/avviso-legale\/","title":{"rendered":"Avviso legale"},"content":{"rendered":"\t\t<div data-elementor-type=\"wp-page\" data-elementor-id=\"2884\" class=\"elementor elementor-2884 elementor-2848\">\n\t\t\t\t\t\t<section class=\"elementor-section elementor-top-section elementor-element elementor-element-4eb0e23 elementor-section-boxed elementor-section-height-default elementor-section-height-default\" data-id=\"4eb0e23\" data-element_type=\"section\">\n\t\t\t\t\t\t<div class=\"elementor-container elementor-column-gap-default\">\n\t\t\t\t\t<div class=\"elementor-column elementor-col-100 elementor-top-column elementor-element elementor-element-229cbe5\" data-id=\"229cbe5\" data-element_type=\"column\">\n\t\t\t<div class=\"elementor-widget-wrap elementor-element-populated\">\n\t\t\t\t\t\t<div class=\"elementor-element elementor-element-2af4966 elementor-widget elementor-widget-text-editor\" data-id=\"2af4966\" data-element_type=\"widget\" data-widget_type=\"text-editor.default\">\n\t\t\t\t<div class=\"elementor-widget-container\">\n\t\t\t<style>\/*! elementor - v3.21.0 - 18-04-2024 *\/\n.elementor-widget-text-editor.elementor-drop-cap-view-stacked .elementor-drop-cap{background-color:#69727d;color:#fff}.elementor-widget-text-editor.elementor-drop-cap-view-framed .elementor-drop-cap{color:#69727d;border:3px solid;background-color:transparent}.elementor-widget-text-editor:not(.elementor-drop-cap-view-default) .elementor-drop-cap{margin-top:8px}.elementor-widget-text-editor:not(.elementor-drop-cap-view-default) .elementor-drop-cap-letter{width:1em;height:1em}.elementor-widget-text-editor .elementor-drop-cap{float:left;text-align:center;line-height:1;font-size:50px}.elementor-widget-text-editor .elementor-drop-cap-letter{display:inline-block}<\/style>\t\t\t\t<h2><strong>PRESENTAZIONE DEL SITO WEB<\/strong><\/h2>\n<p>Ai sensi dell&#8217;articolo 6 della legge n. 2004-575 del 21 giugno 2004 sulla fiducia nell&#8217;economia digitale e in applicazione del <strong>Regolamento<\/strong> <strong>generale sulla protezione dei dati<\/strong> [Regolamento (UE) 2016\/679], si precisa agli utenti del sito: https:\/\/www.pistonaddict.com, l&#8217;identit\u00e0 dei vari soggetti coinvolti nel contesto della sua realizzazione e del suo monitoraggio.<\/p>\n<ul>\n<li><strong>Proprietario:<\/strong> <strong>Piston Addict SA<\/strong><\/li>\n<li>SA con capitale sociale di 400 000 CHF<\/li>\n<li>Numero IDE: CHE-354.351.695<\/li>\n<li>Numero di partita IVA : CHE-354.351.695TVA e EU528667635 (numero OSS non UE)<\/li>\n<li>Ufficio : Rue Alexandre Gavard 16, 1227 Carouge,&nbsp; Svizzera<\/li>\n<li>Telefono : 00 41 22 342 03 55<\/li>\n<\/ul>\n<ul>\n<li><strong>Creatore\/Webmaster: KUBIWEB<\/strong><\/li>\n<li>SAS con capitale sociale di 21 320 \u20ac<\/li>\n<li>Numero SIRET: 53018964600025<\/li>\n<li>Sede centrale: 46-48 Chemin de la Bruy\u00e8re &#8211; 69570 DARDILLY<\/li>\n<\/ul>\n<ul>\n<li><strong>Ospite: OSPITATORE<\/strong><\/li>\n<li>Sede centrale: HOSTINGER INTERNATIONAL LTD, 61 Lordou Vironos Street, 6023 Larnaca, Cipro<\/li>\n<li>Contatto: <a href=\"https:\/\/www.hostinger.fr\/contact\" target=\"_blank\" rel=\"noopener\">https:\/\/www.hostinger.fr\/contact<\/a><\/li>\n<\/ul>\n\n<ul>\n<li>E-mail : <a href=\"https:\/\/pistonaddict.com\/it\/contattaci\/\">Modulo di contatto<\/a><\/li>\n<\/ul>\n<p>Le attivit\u00e0 di Piston Addict si svolgono in tutto il mondo, con un focus principale in Europa, ad eccezione di Regno Unito e Irlanda.&nbsp;<\/p>\n<p><\/p>\n<h2><strong>CONDIZIONI GENERALI DI UTILIZZO DEL SITO E DEI SERVIZI OFFERTI<\/strong><\/h2>\n<p>L&#8217;utilizzo del sito https:\/\/www.pistonaddict.com implica la piena accettazione delle condizioni generali di utilizzo descritte di seguito. Le presenti condizioni di utilizzo possono essere modificate o integrate in qualsiasi momento; gli utenti del sito https:\/\/www.pistonaddict.com sono pertanto invitati a consultarle regolarmente.<\/p>\n<p>Questo sito \u00e8 normalmente accessibile agli utenti in qualsiasi momento. Un&#8217;interruzione dovuta a manutenzione tecnica pu\u00f2 comunque essere decisa da <strong>Piston Addict<\/strong>, che si impegner\u00e0 a comunicare agli utenti prima le date e gli orari dell&#8217;intervento.<\/p>\n<p>Il sito https:\/\/www.pistonaddict.com viene aggiornato regolarmente da <strong>Piston Addict<\/strong>. Allo stesso modo, le note legali possono essere modificate in qualsiasi momento: si impongono comunque all&#8217;utente che \u00e8 invitato a consultarle il pi\u00f9 spesso possibile per prenderne conoscenza.<\/p>\n<h2>&nbsp;<\/h2>\n<h2><strong>DESCRIZIONE DEI SERVIZI FORNITI<\/strong><\/h2>\n<p>Lo scopo del sito https:\/\/www.pistonaddict.com \u00e8 quello di fornire informazioni su tutte le attivit\u00e0 dell&#8217;azienda. <strong>Piston Addict<\/strong> si impegna a fornire sul sito https:\/\/www.pistonaddict.com informazioni il pi\u00f9 possibile accurate.<\/p>\n<p>Tuttavia, non pu\u00f2 essere ritenuta responsabile di omissioni, imprecisioni e carenze nell&#8217;aggiornamento, sia da parte sua che da parte dei partner terzi che le forniscono tali informazioni.<\/p>\n<p>Tutte le informazioni indicate sul sito https:\/\/www.pistonaddict.com sono fornite a titolo indicativo e sono suscettibili di evoluzione. Inoltre, le informazioni presenti sul sito https:\/\/www.pistonaddict.com non sono esaustive. I dati sono forniti con riserva di modifiche apportate dopo la loro messa online.<\/p>\n<h2>&nbsp;<\/h2>\n<h2><strong>LIMITAZIONI CONTRATTUALI SUI DATI TECNICI<\/strong><\/h2>\n<p>Il sito utilizza la tecnologia JavaScript.<\/p>\n<p>Il sito non pu\u00f2 essere ritenuto responsabile per danni materiali legati all&#8217;uso del sito. Inoltre, l&#8217;utente del sito si impegna ad accedere al sito utilizzando apparecchiature recenti, non contenenti virus e con un browser aggiornato di ultima generazione.<\/p>\n<h2>&nbsp;<\/h2>\n<h2><strong>PROPRIET\u00c0 INTELLETTUALE E VIOLAZIONI<\/strong><\/h2>\n<p><strong>Piston Addict<\/strong> \u00e8 titolare dei diritti di propriet\u00e0 intellettuale o detiene i diritti di utilizzo su tutti gli elementi accessibili sul sito, in particolare testi, immagini, grafici, logo, icone, suoni, software.<\/p>\n<p>\u00c8 vietata la riproduzione, la rappresentazione, la modifica, la pubblicazione, l&#8217;adattamento di tutti o parte degli elementi del sito, qualunque sia il mezzo o il processo utilizzato, salvo previa autorizzazione scritta di <strong>Piston Addict<\/strong>.<\/p>\n<p>Qualsiasi utilizzo non autorizzato del sito o di uno qualsiasi degli elementi in esso contenuti sar\u00e0 considerato come una violazione e perseguito in conformit\u00e0 alle disposizioni degli articoli L.335-2 e seguenti del Codice della Propriet\u00e0 Intellettuale.<\/p>\n<h2>&nbsp;<\/h2>\n<h2><strong>LIMITAZIONI DI RESPONSABILIT\u00c0<\/strong><\/h2>\n<p><strong>Piston Addict<\/strong> non potr\u00e0 essere ritenuta responsabile per i danni diretti o indiretti causati all&#8217;apparecchiatura dell&#8217;utente, durante l&#8217;accesso al sito https:\/\/www.pistonaddict.com, e derivanti sia dall&#8217;utilizzo di un&#8217;apparecchiatura non conforme alle specifiche indicate al punto 4, sia dalla comparsa di un bug o di un&#8217;incompatibilit\u00e0.<\/p>\n<p><strong>Piston Addict<\/strong> non pu\u00f2 inoltre essere ritenuto responsabile per danni conseguenti (come perdita di mercato o di opportunit\u00e0) derivanti dall&#8217;utilizzo del sito https:\/\/www.pistonaddict.com. Gli utenti hanno a disposizione spazi interattivi (possibilit\u00e0 di porre domande nello spazio contatti).<\/p>\n<p><strong>Piston Addict<\/strong> si riserva il diritto di eliminare, senza preavviso, qualsiasi contenuto pubblicato in questo spazio che possa contravvenire alla legislazione applicabile in Francia, in particolare alle disposizioni relative alla protezione dei dati.<\/p>\n<p>Ove applicabile, <strong>Piston Addict<\/strong> si riserva inoltre il diritto di mettere in discussione la responsabilit\u00e0 civile e\/o penale dell&#8217;utente, in particolare in caso di messaggi razzisti, abusivi, diffamatori o pornografici, indipendentemente dal mezzo utilizzato (testo, fotografia, ecc.).<\/p>\n<h2>&nbsp;<\/h2>\n<h2><strong>GESTIONE DEI DATI PERSONALI<\/strong><\/h2>\n<p>In Francia, i dati personali sono protetti in particolare dalla legge n. 78-87 del 6 gennaio 1978, dalla legge n. 2004-801 del 6 agosto 2004, dall&#8217;articolo L. 226-13 del codice penale e dalla direttiva europea del 24 ottobre 1995 e dal regolamento (UE) 2016\/679 del Parlamento europeo e del Consiglio del 27 aprile 2016.<\/p>\n<p>Quando si utilizza il sito https:\/\/www.pistonaddict.com, possono essere raccolti i seguenti dati: l&#8217;URL dei link attraverso i quali l&#8217;utente accede al sito https:\/\/www.pistonaddict.com , l&#8217;ISP dell&#8217;utente, l&#8217;indirizzo del protocollo Internet (IP) dell&#8217;utente.<\/p>\n<p>In ogni caso <strong>Piston Addict<\/strong> raccoglie informazioni personali relative all&#8217;utente solo per la necessit\u00e0 di alcuni servizi offerti dal sito https:\/\/www.pistonaddict.com.<\/p>\n<p>L&#8217;utente fornisce queste informazioni con cognizione di causa, in particolare quando le inserisce lui stesso. Viene quindi specificato all&#8217;utente del sito https:\/\/www.pistonaddict.com l&#8217;obbligo o meno di fornire queste informazioni. In conformit\u00e0 con le disposizioni degli articoli 38 e seguenti della legge 78-17 del 6 gennaio 1978 relativa al trattamento dei dati, degli archivi e delle libert\u00e0, nonch\u00e9 con le disposizioni del capitolo 3 del Regolamento generale sulla protezione dei dati, ogni utente ha diritto di accesso, rettifica e opposizione ai dati personali che lo riguardano, presentando una richiesta scritta e firmata, accompagnata da una copia del documento d&#8217;identit\u00e0 con firma del titolare del documento, specificando l&#8217;indirizzo a cui inviare la risposta.<\/p>\n<p>Nessuna informazione personale dell&#8217;utente del sito https:\/\/www.pistonaddict.com viene pubblicata all&#8217;insaputa dell&#8217;utente, scambiata, trasferita, assegnata o venduta su qualsiasi supporto a terzi.<\/p>\n<p>Solo l&#8217;assunzione del riscatto di <strong>Piston Addict<\/strong> e dei suoi diritti consentirebbe la trasmissione di tali informazioni al potenziale acquirente che sarebbe a sua volta vincolato dallo stesso obbligo di memorizzazione e modifica dei dati rispetto all&#8217;utente del sito. https:\/\/www.pistonaddict.com.<\/p>\n<p>Il sito non \u00e8 dichiarato alla CNIL perch\u00e9 non raccoglie informazioni personali senza il consenso degli interessati. Le banche dati sono protette dalle disposizioni della legge del 1\u00b0 luglio 1998 che recepisce la direttiva 96\/9 dell&#8217;11 marzo 1996 relativa alla tutela giuridica delle banche dati.<\/p>\n<p><span lang=\"en\">Per esercitare i vostri diritti sui vostri dati personali o in caso di domande su di essi, potete contattare il nostro responsabile della protezione dei dati al seguente indirizzo: dpo@pistonaddict.com.<\/span><\/p>\n<h2>&nbsp;<\/h2>\n<h2><strong>LINK IPERTESTUALI E COOKIE<\/strong><\/h2>\n<p>Il sito https:\/\/www.pistonaddict.com contiene un certo numero di collegamenti ipertestuali ad altri siti, creati con l&#8217;autorizzazione di <strong>Piston Addict<\/strong>. Tuttavia, <strong>Piston Addict<\/strong> non ha la possibilit\u00e0 di verificare il contenuto dei siti cos\u00ec visitati e non si assume pertanto alcuna responsabilit\u00e0 in merito.<\/p>\n<p>La navigazione sul sito https:\/\/www.pistonaddict.com pu\u00f2 causare l&#8217;installazione di cookie sul computer dell&#8217;utente. Un cookie \u00e8 un file di piccole dimensioni, che non consente l&#8217;identificazione dell&#8217;utente, ma che registra informazioni relative alla navigazione di un computer su un sito.<\/p>\n<p>I dati cos\u00ec ottenuti hanno lo scopo di agevolare la successiva navigazione sul sito, nonch\u00e9 di consentire diverse misure di affluenza.<\/p>\n<p>Il rifiuto di installare un cookie pu\u00f2 rendere impossibile l&#8217;accesso a determinati servizi. Tuttavia, l&#8217;utente pu\u00f2 configurare il proprio computer come segue per rifiutare l&#8217;installazione dei cookie:<\/p>\n<ul>\n<li>In Internet Explorer: scheda Strumenti (pittogramma a forma di ingranaggio in alto a destra) \/ Opzioni Internet. Cliccate su Privacy e scegliete Blocca tutti i cookie. Convalidare su Ok.<\/li>\n<li>In Firefox: nella parte superiore della finestra del browser, fare clic sul pulsante Firefox, quindi accedere alla scheda Opzioni. Fare clic sulla scheda Privacy. Impostare le regole di conservazione su: usa impostazioni personalizzate per la cronologia. Infine, deselezionatelo per disabilitare i cookie.<\/li>\n<li>In Safari: Fate clic in alto a destra del browser sull&#8217;icona del menu (simboleggiata da un ingranaggio). Selezionare Impostazioni. Fare clic su Mostra impostazioni avanzate. Nella sezione &#8220;Privacy&#8221;, fare clic su Impostazioni dei contenuti. Nella sezione &#8220;Cookie&#8221; \u00e8 possibile bloccare i cookie.<\/li>\n<li>In Chrome: Fare clic in alto a destra del browser sull&#8217;icona del menu (simboleggiata da tre linee orizzontali). Selezionare Impostazioni. Fare clic su Mostra impostazioni avanzate. Nella sezione &#8220;Privacy&#8221;, fare clic su preferenze. Nella scheda &#8220;Privacy&#8221; \u00e8 possibile bloccare i cookie.<\/li>\n<\/ul>\n<h2>&nbsp;<\/h2>\n<h2><strong>LEGGE APPLICABILE E ATTRIBUZIONE DELLA GIURISDIZIONE<\/strong><\/h2>\n<p>Qualsiasi controversia relativa all&#8217;utilizzo del sito https:\/\/www.pistonaddict.com \u00e8 soggetta al diritto svizzero. La giurisdizione esclusiva \u00e8 attribuita ai tribunali competenti di Ginevra.<\/p>\n<h2>&nbsp;<\/h2>\n<h2><strong>LE PRINCIPALI LEGGI INTERESSATE<\/strong><\/h2>\n<p>Legge n. 78-87 del 6 gennaio 1978, modificata in particolare dalla legge n. 2004-801 del 6 agosto 2004 relativa al trattamento dei dati, degli archivi e delle libert\u00e0. Legge n. 2004-575 del 21 giugno 2004 per la fiducia nell&#8217;economia digitale. Sezioni 2, 3, 4 e 5 del capitolo 3 del Regolamento generale sulla protezione dei dati.<\/p>\n<h2>&nbsp;<\/h2>\n<h2><strong>LEXICON<\/strong><\/h2>\n<p>Utente: utente Internet che si connette, utilizzando il sito sopra citato.<\/p>\n<p>Informazioni personali: &#8220;informazioni che consentono, in qualsiasi forma, direttamente o indirettamente, l&#8217;identificazione delle persone fisiche cui si riferiscono&#8221; (articolo 4 della legge n. 78-17 del 6 gennaio 1978).<\/p>\n<h2>&nbsp;<\/h2>\n<h2>COPYRIGHT<\/h2>\n<p><a title=\"icone chiave\" href=\"https:\/\/www.flaticon.com\/free-icons\/key\">Icone chiave create da Good Ware &#8211; Flaticon<br><\/a><\/p>\n<p><strong>Piston Addict<\/strong> \u00e8 un marchio registrato, tutti i diritti riservati.<\/p>\t\t\t\t\t\t<\/div>\n\t\t\t\t<\/div>\n\t\t\t\t\t<\/div>\n\t\t<\/div>\n\t\t\t\t\t<\/div>\n\t\t<\/section>\n\t\t\t\t<\/div>\n\t\t","protected":false},"excerpt":{"rendered":"<p>PRESENTAZIONE DEL SITO WEB Ai sensi dell&#8217;articolo 6 della legge n. 2004-575 del 21 giugno 2004 sulla fiducia nell&#8217;economia digitale e in applicazione del Regolamento generale sulla protezione dei dati [Regolamento (UE) 2016\/679], si precisa agli utenti del sito: https:\/\/www.pistonaddict.com, l&#8217;identit\u00e0 dei vari soggetti coinvolti nel contesto della sua realizzazione e del suo monitoraggio. Proprietario: &#8230; <a title=\"Avviso legale\" class=\"read-more\" href=\"https:\/\/pistonaddict.com\/it\/avviso-legale\/\">Per saperne di pi\u00f9<span class=\"screen-reader-text\">Avviso legale<\/span><\/a><\/p>\n","protected":false},"author":1,"featured_media":0,"parent":0,"menu_order":0,"comment_status":"closed","ping_status":"closed","template":"","meta":{"inline_featured_image":false,"footnotes":""},"acf":[],"yoast_head":"<!-- This site is optimized with the Yoast SEO plugin v22.5 - https:\/\/yoast.com\/wordpress\/plugins\/seo\/ -->\n<title>del Avviso legale - nome Piston Addict<\/title>\n<meta name=\"robots\" content=\"index, follow, max-snippet:-1, max-image-preview:large, max-video-preview:-1\" \/>\n<link rel=\"canonical\" href=\"https:\/\/pistonaddict.com\/it\/avviso-legale\/\" \/>\n<meta property=\"og:locale\" content=\"it_IT\" \/>\n<meta property=\"og:type\" content=\"article\" \/>\n<meta property=\"og:title\" content=\"del Avviso legale - nome Piston Addict\" \/>\n<meta property=\"og:description\" content=\"PRESENTAZIONE DEL SITO WEB Ai sensi dell&#8217;articolo 6 della legge n. 2004-575 del 21 giugno 2004 sulla fiducia nell&#8217;economia digitale e in applicazione del Regolamento generale sulla protezione dei dati [Regolamento (UE) 2016\/679], si precisa agli utenti del sito: https:\/\/www.pistonaddict.com, l&#8217;identit\u00e0 dei vari soggetti coinvolti nel contesto della sua realizzazione e del suo monitoraggio. Proprietario: ... Per saperne di pi\u00f9Avviso legale\" \/>\n<meta property=\"og:url\" content=\"https:\/\/pistonaddict.com\/it\/avviso-legale\/\" \/>\n<meta property=\"og:site_name\" content=\"Piston Addict\" \/>\n<meta property=\"article:modified_time\" content=\"2024-10-26T06:16:54+00:00\" \/>\n<meta name=\"twitter:card\" content=\"summary_large_image\" \/>\n<meta name=\"twitter:label1\" content=\"Tempo di lettura stimato\" \/>\n\t<meta name=\"twitter:data1\" content=\"8 minuti\" \/>\n<script type=\"application\/ld+json\" class=\"yoast-schema-graph\">{\"@context\":\"https:\/\/schema.org\",\"@graph\":[{\"@type\":\"WebPage\",\"@id\":\"https:\/\/pistonaddict.com\/it\/avviso-legale\/\",\"url\":\"https:\/\/pistonaddict.com\/it\/avviso-legale\/\",\"name\":\"del Avviso legale - nome Piston Addict\",\"isPartOf\":{\"@id\":\"https:\/\/pistonaddict.com\/it\/#website\"},\"datePublished\":\"2022-04-29T09:18:33+00:00\",\"dateModified\":\"2024-10-26T06:16:54+00:00\",\"breadcrumb\":{\"@id\":\"https:\/\/pistonaddict.com\/it\/avviso-legale\/#breadcrumb\"},\"inLanguage\":\"it-IT\",\"potentialAction\":[{\"@type\":\"ReadAction\",\"target\":[\"https:\/\/pistonaddict.com\/it\/avviso-legale\/\"]}]},{\"@type\":\"BreadcrumbList\",\"@id\":\"https:\/\/pistonaddict.com\/it\/avviso-legale\/#breadcrumb\",\"itemListElement\":[{\"@type\":\"ListItem\",\"position\":1,\"name\":\"accoglienza\",\"item\":\"https:\/\/pistonaddict.com\/it\/homepage\/\"},{\"@type\":\"ListItem\",\"position\":2,\"name\":\"Avviso legale\"}]},{\"@type\":\"WebSite\",\"@id\":\"https:\/\/pistonaddict.com\/it\/#website\",\"url\":\"https:\/\/pistonaddict.com\/it\/\",\"name\":\"Piston Addict\",\"description\":\"Only interesting vehicles\",\"publisher\":{\"@id\":\"https:\/\/pistonaddict.com\/it\/#organization\"},\"potentialAction\":[{\"@type\":\"SearchAction\",\"target\":{\"@type\":\"EntryPoint\",\"urlTemplate\":\"https:\/\/pistonaddict.com\/it\/?s={search_term_string}\"},\"query-input\":\"required name=search_term_string\"}],\"inLanguage\":\"it-IT\"},{\"@type\":\"Organization\",\"@id\":\"https:\/\/pistonaddict.com\/it\/#organization\",\"name\":\"Piston Addict\",\"url\":\"https:\/\/pistonaddict.com\/it\/\",\"logo\":{\"@type\":\"ImageObject\",\"inLanguage\":\"it-IT\",\"@id\":\"https:\/\/pistonaddict.com\/it\/#\/schema\/logo\/image\/\",\"url\":\"https:\/\/pistonaddict.com\/wp-content\/uploads\/2022\/07\/logo-6.png\",\"contentUrl\":\"https:\/\/pistonaddict.com\/wp-content\/uploads\/2022\/07\/logo-6.png\",\"width\":970,\"height\":200,\"caption\":\"Piston Addict\"},\"image\":{\"@id\":\"https:\/\/pistonaddict.com\/it\/#\/schema\/logo\/image\/\"}}]}<\/script>\n<!-- \/ Yoast SEO plugin. -->","yoast_head_json":{"title":"del Avviso legale - nome Piston Addict","robots":{"index":"index","follow":"follow","max-snippet":"max-snippet:-1","max-image-preview":"max-image-preview:large","max-video-preview":"max-video-preview:-1"},"canonical":"https:\/\/pistonaddict.com\/it\/avviso-legale\/","og_locale":"it_IT","og_type":"article","og_title":"del Avviso legale - nome Piston Addict","og_description":"PRESENTAZIONE DEL SITO WEB Ai sensi dell&#8217;articolo 6 della legge n. 2004-575 del 21 giugno 2004 sulla fiducia nell&#8217;economia digitale e in applicazione del Regolamento generale sulla protezione dei dati [Regolamento (UE) 2016\/679], si precisa agli utenti del sito: https:\/\/www.pistonaddict.com, l&#8217;identit\u00e0 dei vari soggetti coinvolti nel contesto della sua realizzazione e del suo monitoraggio. Proprietario: ... Per saperne di pi\u00f9Avviso legale","og_url":"https:\/\/pistonaddict.com\/it\/avviso-legale\/","og_site_name":"Piston Addict","article_modified_time":"2024-10-26T06:16:54+00:00","twitter_card":"summary_large_image","twitter_misc":{"Tempo di lettura stimato":"8 minuti"},"schema":{"@context":"https:\/\/schema.org","@graph":[{"@type":"WebPage","@id":"https:\/\/pistonaddict.com\/it\/avviso-legale\/","url":"https:\/\/pistonaddict.com\/it\/avviso-legale\/","name":"del Avviso legale - nome Piston Addict","isPartOf":{"@id":"https:\/\/pistonaddict.com\/it\/#website"},"datePublished":"2022-04-29T09:18:33+00:00","dateModified":"2024-10-26T06:16:54+00:00","breadcrumb":{"@id":"https:\/\/pistonaddict.com\/it\/avviso-legale\/#breadcrumb"},"inLanguage":"it-IT","potentialAction":[{"@type":"ReadAction","target":["https:\/\/pistonaddict.com\/it\/avviso-legale\/"]}]},{"@type":"BreadcrumbList","@id":"https:\/\/pistonaddict.com\/it\/avviso-legale\/#breadcrumb","itemListElement":[{"@type":"ListItem","position":1,"name":"accoglienza","item":"https:\/\/pistonaddict.com\/it\/homepage\/"},{"@type":"ListItem","position":2,"name":"Avviso legale"}]},{"@type":"WebSite","@id":"https:\/\/pistonaddict.com\/it\/#website","url":"https:\/\/pistonaddict.com\/it\/","name":"Piston Addict","description":"Only interesting vehicles","publisher":{"@id":"https:\/\/pistonaddict.com\/it\/#organization"},"potentialAction":[{"@type":"SearchAction","target":{"@type":"EntryPoint","urlTemplate":"https:\/\/pistonaddict.com\/it\/?s={search_term_string}"},"query-input":"required name=search_term_string"}],"inLanguage":"it-IT"},{"@type":"Organization","@id":"https:\/\/pistonaddict.com\/it\/#organization","name":"Piston Addict","url":"https:\/\/pistonaddict.com\/it\/","logo":{"@type":"ImageObject","inLanguage":"it-IT","@id":"https:\/\/pistonaddict.com\/it\/#\/schema\/logo\/image\/","url":"https:\/\/pistonaddict.com\/wp-content\/uploads\/2022\/07\/logo-6.png","contentUrl":"https:\/\/pistonaddict.com\/wp-content\/uploads\/2022\/07\/logo-6.png","width":970,"height":200,"caption":"Piston Addict"},"image":{"@id":"https:\/\/pistonaddict.com\/it\/#\/schema\/logo\/image\/"}}]}},"_links":{"self":[{"href":"https:\/\/pistonaddict.com\/it\/wp-json\/wp\/v2\/pages\/2884"}],"collection":[{"href":"https:\/\/pistonaddict.com\/it\/wp-json\/wp\/v2\/pages"}],"about":[{"href":"https:\/\/pistonaddict.com\/it\/wp-json\/wp\/v2\/types\/page"}],"author":[{"embeddable":true,"href":"https:\/\/pistonaddict.com\/it\/wp-json\/wp\/v2\/users\/1"}],"replies":[{"embeddable":true,"href":"https:\/\/pistonaddict.com\/it\/wp-json\/wp\/v2\/comments?post=2884"}],"version-history":[{"count":15,"href":"https:\/\/pistonaddict.com\/it\/wp-json\/wp\/v2\/pages\/2884\/revisions"}],"predecessor-version":[{"id":111597,"href":"https:\/\/pistonaddict.com\/it\/wp-json\/wp\/v2\/pages\/2884\/revisions\/111597"}],"wp:attachment":[{"href":"https:\/\/pistonaddict.com\/it\/wp-json\/wp\/v2\/media?parent=2884"}],"curies":[{"name":"wp","href":"https:\/\/api.w.org\/{rel}","templated":true}]}}