{"id":2839,"date":"2022-04-29T11:18:49","date_gmt":"2022-04-29T09:18:49","guid":{"rendered":"https:\/\/pistonaddict.com\/spedizione\/"},"modified":"2022-05-04T18:00:05","modified_gmt":"2022-05-04T16:00:05","slug":"spedizione","status":"publish","type":"page","link":"https:\/\/pistonaddict.com\/it\/spedizione\/","title":{"rendered":"Spedizione"},"content":{"rendered":"\t\t<div data-elementor-type=\"wp-page\" data-elementor-id=\"2839\" class=\"elementor elementor-2839 elementor-333\">\n\t\t\t\t\t\t<section class=\"elementor-section elementor-top-section elementor-element elementor-element-eb8a04d elementor-section-boxed elementor-section-height-default elementor-section-height-default\" data-id=\"eb8a04d\" data-element_type=\"section\">\n\t\t\t\t\t\t<div class=\"elementor-container elementor-column-gap-default\">\n\t\t\t\t\t<div class=\"elementor-column elementor-col-100 elementor-top-column elementor-element elementor-element-43edc4e\" data-id=\"43edc4e\" data-element_type=\"column\">\n\t\t\t<div class=\"elementor-widget-wrap elementor-element-populated\">\n\t\t\t\t\t\t<div class=\"elementor-element elementor-element-d78828a elementor-widget elementor-widget-text-editor\" data-id=\"d78828a\" data-element_type=\"widget\" data-widget_type=\"text-editor.default\">\n\t\t\t\t<div class=\"elementor-widget-container\">\n\t\t\t<style>\/*! elementor - v3.21.0 - 18-04-2024 *\/\n.elementor-widget-text-editor.elementor-drop-cap-view-stacked .elementor-drop-cap{background-color:#69727d;color:#fff}.elementor-widget-text-editor.elementor-drop-cap-view-framed .elementor-drop-cap{color:#69727d;border:3px solid;background-color:transparent}.elementor-widget-text-editor:not(.elementor-drop-cap-view-default) .elementor-drop-cap{margin-top:8px}.elementor-widget-text-editor:not(.elementor-drop-cap-view-default) .elementor-drop-cap-letter{width:1em;height:1em}.elementor-widget-text-editor .elementor-drop-cap{float:left;text-align:center;line-height:1;font-size:50px}.elementor-widget-text-editor .elementor-drop-cap-letter{display:inline-block}<\/style>\t\t\t\t\n          <h1>\n            <strong>SPEDIZIONE DEL TUO VEICOLO<\/strong>\n          <\/h1>\n          <h2>\n            <strong>COME FARE TRASPORTO IL TUO VEICOLO?<\/strong>\n          <\/h2>\n          <p>Diverse soluzioni sono disponibili per te se desideri trasportare il tuo veicolo.<\/p>\n          <p>Puoi farlo da solo o utilizzare servizi di trasporto professionali come il rimorchio, il trasporto, il trasporto con pianale o camion o, infine, il trasporto marittimo.<\/p>\n          <h3>\n            <strong>1- Traino di veicoli<\/strong>\n          <\/h3>\n          <p>Questo tipo di trasporto \u00e8 adatto per brevi distanze, a bassa velocit\u00e0. Per trainare il tuo veicolo, dovrai:<\/p>\n          <ul>\n            <li>Utilizzare una barra per trazioni approvata per la massima sicurezza;<\/li>\n            <li>Essere accompagnati da un conducente nel veicolo rimorchiato;<\/li>\n            <li>Guidare ad una velocit\u00e0 massima di 50 km\/he utilizzare solo gli assi secondari;<\/li>\n            <li>Fornire un veicolo trainante pi\u00f9 pesante del veicolo rimorchiato;<\/li>\n            <li>Usa le avvertenze, fai attenzione e adotta uno stile di guida flessibile.<\/li>\n          <\/ul>\n          <h2> <\/h2>\n          <h3>\n            <strong>2- Trasportare un veicolo su una piattaforma<\/strong>\n          <\/h3>\n          <p>Questa opzione \u00e8 adatta per trasportare il tuo veicolo su lunghe distanze in tutta sicurezza. Puoi scegliere di far trasportare il tuo veicolo su un pianale, preferibilmente coperto, per proteggere la carrozzeria durante il trasporto.<\/p>\n          <h3>\n            <strong>3- Trasporto di veicoli su camion<\/strong>\n          <\/h3>\n          <p>Questo \u00e8 lo stesso principio del trasporto con un camion pianale, ma in questo caso il tuo veicolo viene trasportato nel rimorchio del camion. Questa alternativa \u00e8 possibile anche se hai un solo veicolo da trasportare. Questa opzione \u00e8 economica; i migliori player sul mercato offrono tempi di consegna da una a due settimane dalla presa dell&#8217;ordine alla consegna.<\/p>\n          <h3>\n            <strong>4- Trasporto veicolare<\/strong>\n          <\/h3>\n          <p>Affinch\u00e9 il trasporto sia possibile, il veicolo deve essere mobile, in buone condizioni e ben tenuto. Un trasportatore \u00e8 assegnato alle tue esigenze e guida il veicolo dalla partenza alla destinazione.<\/p>\n          <p>\u00c8 un&#8217;alternativa rapida senza passare attraverso piattaforme di carico o scarico diverse ma pi\u00f9 costose.<\/p>\n          <h3>\n            <strong>5- Trasporto marittimo<\/strong>\n          <\/h3>\n          <p>Il trasporto di automobili tramite nave ro-ro (o RO-RO) rappresenta la grande maggioranza del trasporto marittimo di veicoli. I veicoli sono parcheggiati l\u00ec per tutta la durata del trasporto. \u00c8 la modalit\u00e0 di spedizione di auto pi\u00f9 economica e talvolta pi\u00f9 veloce.<\/p>\n          <p>L&#8217;utilizzo di uno spedizioniere \u00e8 spesso obbligatorio per poter inviare un veicolo all&#8217;estero. Questo si occuper\u00e0 delle pratiche amministrative al porto di partenza, ma anche al porto di arrivo.<\/p>\n          <h2>\n            <strong>QUALI SONO I DOCUMENTI DA FORNIRE PER INVIARE LA TUA VETTURA ALL&#8217;INTERNAZIONALE?<\/strong>\n          <\/h2>\n          <ul>\n            <li>La fattura di acquisto del veicolo;<\/li>\n            <li>Una copia del tuo documento di identit\u00e0;<\/li>\n            <li>Il documento di immatricolazione del veicolo;<\/li>\n            <li>Il certificato di trasferimento;<\/li>\n            <li>Il certificato di non pegno;<\/li>\n            <li>Il certificato di valore compilato e firmato ( <strong><a href=\"https:\/\/pistonaddict.com\/wp-content\/uploads\/2022\/05\/Attestation-de-valeur-vehicule.pdf\" target=\"_blank\" rel=\"noopener\"><u>scaricalo<\/u><\/a><\/strong> ).<\/li>\n          <\/ul>\n          <p>A seconda del paese di destinazione, potrebbero essere richiesti altri documenti. Non dimenticare di chiedere al tuo vettore se tasse, dazi e spese di sdoganamento sono incluse nel preventivo presentato.<\/p>\n          <h2>\n            <strong>QUANTO COSTA INVIARE UN VEICOLO ALL&#8217;INTERNAZIONALE?<\/strong>\n          <\/h2>\n          <p>Le tariffe variano naturalmente da un vettore all&#8217;altro: diversi elementi vengono presi in considerazione dall&#8217;azienda di trasporto del veicolo per calcolare i costi di trasporto:<\/p>\n          <ul>\n            <li>Il tipo di veicolo;<\/li>\n            <li>Il modo di trasporto;<\/li>\n            <li>La distanza tra i due paesi;<\/li>\n            <li>Il termine per l&#8217;invio e il periodo dell&#8217;anno.<\/li>\n          <\/ul>\n          <p>Rimarrai responsabile dell&#8217;assicurazione di trasporto, che ti sar\u00e0 offerta dalla compagnia di trasporti, nonch\u00e9 delle tasse doganali e delle tasse che devono essere pagate.<\/p>\n          <p>Il trasporto terrestre \u00e8 il modo pi\u00f9 pratico per inviare un veicolo, soprattutto tra i paesi confinanti. Il trasporto marittimo ha il vantaggio di essere economico ma pi\u00f9 lento.<\/p>\n          <h2>\n            <strong>CONSIGLI PER I DIPENDENTI DEL PISTONE<\/strong>\n          <\/h2>\n          <p>Ora che sai tutto quello che c&#8217;\u00e8 da sapere sul trasporto di veicoli, ecco alcuni consigli che \u00e8 sempre bene seguire, prima di affidare il tuo veicolo all&#8217;impresa di trasporto di tua scelta:<\/p>\n          <ul>\n            <li>Disattivare l&#8217;allarme se presente, per evitare che si spenga durante il trasporto;<\/li>\n            <li>Caricare la batteria al massimo, in modo che non si scarichi completamente durante il trasporto;<\/li>\n            <li>Svuotare il pi\u00f9 possibile il serbatoio del carburante, come misura di sicurezza;<\/li>\n            <li>Fare attenzione a non lasciare oggetti all&#8217;interno del veicolo;<\/li>\n            <li>Conservare evidenza delle condizioni del veicolo prima di consegnarlo al vettore;<\/li>\n            <li>Sottoscrivere un&#8217;assicurazione per avere una garanzia di rimborso in caso di problemi durante il trasporto;<\/li>\n            <li>Conservare gli originali della carta di circolazione, del certificato di propriet\u00e0 e del certificato di non pegno;<\/li>\n            <li>Tieni con te una scorta di chiavi del veicolo. E soprattutto non dimenticare di inviare i duplicati delle chiavi una volta ricevuto il veicolo dall&#8217;acquirente.<\/li>\n          <\/ul>\n          <p> <\/p>\n          <h2>\n            <strong>I nostri consigli in camion<\/strong>\n          <\/h2>\n          <ul>\n            <li><em><strong>Germania \u2013 Austria \u2013 Belgio \u2013 Spagna \u2013 Francia &#8211; Italia \u2013 Paesi Bassi \u2013 Portogallo \u2013 Svizzera &#8211; Regno Unito<\/strong> :<\/em> Internazionale: <a href=\"https:\/\/www.eurosender.com\/en\/vt\/vehicle-transport\/car\" target=\"_blank\" rel=\"noopener\">Eurosender<\/a> , <a href=\"https:\/\/www.shiply.com\/vehicle-delivery\/car-transport-to-europe.php\" target=\"_blank\" rel=\"noopener\">Shiply<\/a><\/li>\n            <li><strong><em>Francia:<\/em><\/strong> Nazionale: <a href=\"https:\/\/disposeo.com\/\" target=\"_blank\" rel=\"noopener\">Disposeo<\/a> , <a href=\"https:\/\/www.hiflow.com\/particulier\" target=\"_blank\" rel=\"noopener\">Hiflow<\/a><\/li>\n          <\/ul>\n          <h2>\n            <strong>I nostri consigli via mare<\/strong>\n          <\/h2>\n          <ul>\n            <li><a href=\"https:\/\/cfrrinkens.com\/rate-request\/\" target=\"_blank\" rel=\"noopener\">CFR Rinkens<\/a> , <a href=\"https:\/\/www.carseurope.net\/international-car-transportation-quote\/\" target=\"_blank\" rel=\"noopener\">AUTO<\/a><\/li>\n          <\/ul>\n        \t\t\t\t\t\t<\/div>\n\t\t\t\t<\/div>\n\t\t\t\t\t<\/div>\n\t\t<\/div>\n\t\t\t\t\t<\/div>\n\t\t<\/section>\n\t\t\t\t<\/div>\n\t\t","protected":false},"excerpt":{"rendered":"<p>SPEDIZIONE DEL TUO VEICOLO COME FARE TRASPORTO IL TUO VEICOLO? Diverse soluzioni sono disponibili per te se desideri trasportare il tuo veicolo. Puoi farlo da solo o utilizzare servizi di trasporto professionali come il rimorchio, il trasporto, il trasporto con pianale o camion o, infine, il trasporto marittimo. 1- Traino di veicoli Questo tipo di &#8230; <a title=\"Spedizione\" class=\"read-more\" href=\"https:\/\/pistonaddict.com\/it\/spedizione\/\">Per saperne di pi\u00f9<span class=\"screen-reader-text\">Spedizione<\/span><\/a><\/p>\n","protected":false},"author":1,"featured_media":0,"parent":0,"menu_order":0,"comment_status":"closed","ping_status":"closed","template":"","meta":{"inline_featured_image":false,"footnotes":""},"acf":[],"yoast_head":"<!-- This site is optimized with the Yoast SEO plugin v22.5 - https:\/\/yoast.com\/wordpress\/plugins\/seo\/ -->\n<title>del Spedizione - nome Piston Addict<\/title>\n<meta name=\"robots\" content=\"index, follow, max-snippet:-1, max-image-preview:large, max-video-preview:-1\" \/>\n<link rel=\"canonical\" href=\"https:\/\/pistonaddict.com\/it\/spedizione\/\" \/>\n<meta property=\"og:locale\" content=\"it_IT\" \/>\n<meta property=\"og:type\" content=\"article\" \/>\n<meta property=\"og:title\" content=\"del Spedizione - nome Piston Addict\" \/>\n<meta property=\"og:description\" content=\"SPEDIZIONE DEL TUO VEICOLO COME FARE TRASPORTO IL TUO VEICOLO? Diverse soluzioni sono disponibili per te se desideri trasportare il tuo veicolo. Puoi farlo da solo o utilizzare servizi di trasporto professionali come il rimorchio, il trasporto, il trasporto con pianale o camion o, infine, il trasporto marittimo. 1- Traino di veicoli Questo tipo di ... Per saperne di pi\u00f9Spedizione\" \/>\n<meta property=\"og:url\" content=\"https:\/\/pistonaddict.com\/it\/spedizione\/\" \/>\n<meta property=\"og:site_name\" content=\"Piston Addict\" \/>\n<meta property=\"article:modified_time\" content=\"2022-05-04T16:00:05+00:00\" \/>\n<meta name=\"twitter:card\" content=\"summary_large_image\" \/>\n<meta name=\"twitter:label1\" content=\"Tempo di lettura stimato\" \/>\n\t<meta name=\"twitter:data1\" content=\"4 minuti\" \/>\n<script type=\"application\/ld+json\" class=\"yoast-schema-graph\">{\"@context\":\"https:\/\/schema.org\",\"@graph\":[{\"@type\":\"WebPage\",\"@id\":\"https:\/\/pistonaddict.com\/it\/spedizione\/\",\"url\":\"https:\/\/pistonaddict.com\/it\/spedizione\/\",\"name\":\"del Spedizione - nome Piston Addict\",\"isPartOf\":{\"@id\":\"https:\/\/pistonaddict.com\/it\/#website\"},\"datePublished\":\"2022-04-29T09:18:49+00:00\",\"dateModified\":\"2022-05-04T16:00:05+00:00\",\"breadcrumb\":{\"@id\":\"https:\/\/pistonaddict.com\/it\/spedizione\/#breadcrumb\"},\"inLanguage\":\"it-IT\",\"potentialAction\":[{\"@type\":\"ReadAction\",\"target\":[\"https:\/\/pistonaddict.com\/it\/spedizione\/\"]}]},{\"@type\":\"BreadcrumbList\",\"@id\":\"https:\/\/pistonaddict.com\/it\/spedizione\/#breadcrumb\",\"itemListElement\":[{\"@type\":\"ListItem\",\"position\":1,\"name\":\"accoglienza\",\"item\":\"https:\/\/pistonaddict.com\/it\/homepage\/\"},{\"@type\":\"ListItem\",\"position\":2,\"name\":\"Spedizione\"}]},{\"@type\":\"WebSite\",\"@id\":\"https:\/\/pistonaddict.com\/it\/#website\",\"url\":\"https:\/\/pistonaddict.com\/it\/\",\"name\":\"Piston Addict\",\"description\":\"Only interesting vehicles\",\"publisher\":{\"@id\":\"https:\/\/pistonaddict.com\/it\/#organization\"},\"potentialAction\":[{\"@type\":\"SearchAction\",\"target\":{\"@type\":\"EntryPoint\",\"urlTemplate\":\"https:\/\/pistonaddict.com\/it\/?s={search_term_string}\"},\"query-input\":\"required name=search_term_string\"}],\"inLanguage\":\"it-IT\"},{\"@type\":\"Organization\",\"@id\":\"https:\/\/pistonaddict.com\/it\/#organization\",\"name\":\"Piston Addict\",\"url\":\"https:\/\/pistonaddict.com\/it\/\",\"logo\":{\"@type\":\"ImageObject\",\"inLanguage\":\"it-IT\",\"@id\":\"https:\/\/pistonaddict.com\/it\/#\/schema\/logo\/image\/\",\"url\":\"https:\/\/pistonaddict.com\/wp-content\/uploads\/2022\/07\/logo-6.png\",\"contentUrl\":\"https:\/\/pistonaddict.com\/wp-content\/uploads\/2022\/07\/logo-6.png\",\"width\":970,\"height\":200,\"caption\":\"Piston Addict\"},\"image\":{\"@id\":\"https:\/\/pistonaddict.com\/it\/#\/schema\/logo\/image\/\"}}]}<\/script>\n<!-- \/ Yoast SEO plugin. -->","yoast_head_json":{"title":"del Spedizione - nome Piston Addict","robots":{"index":"index","follow":"follow","max-snippet":"max-snippet:-1","max-image-preview":"max-image-preview:large","max-video-preview":"max-video-preview:-1"},"canonical":"https:\/\/pistonaddict.com\/it\/spedizione\/","og_locale":"it_IT","og_type":"article","og_title":"del Spedizione - nome Piston Addict","og_description":"SPEDIZIONE DEL TUO VEICOLO COME FARE TRASPORTO IL TUO VEICOLO? Diverse soluzioni sono disponibili per te se desideri trasportare il tuo veicolo. Puoi farlo da solo o utilizzare servizi di trasporto professionali come il rimorchio, il trasporto, il trasporto con pianale o camion o, infine, il trasporto marittimo. 1- Traino di veicoli Questo tipo di ... Per saperne di pi\u00f9Spedizione","og_url":"https:\/\/pistonaddict.com\/it\/spedizione\/","og_site_name":"Piston Addict","article_modified_time":"2022-05-04T16:00:05+00:00","twitter_card":"summary_large_image","twitter_misc":{"Tempo di lettura stimato":"4 minuti"},"schema":{"@context":"https:\/\/schema.org","@graph":[{"@type":"WebPage","@id":"https:\/\/pistonaddict.com\/it\/spedizione\/","url":"https:\/\/pistonaddict.com\/it\/spedizione\/","name":"del Spedizione - nome Piston Addict","isPartOf":{"@id":"https:\/\/pistonaddict.com\/it\/#website"},"datePublished":"2022-04-29T09:18:49+00:00","dateModified":"2022-05-04T16:00:05+00:00","breadcrumb":{"@id":"https:\/\/pistonaddict.com\/it\/spedizione\/#breadcrumb"},"inLanguage":"it-IT","potentialAction":[{"@type":"ReadAction","target":["https:\/\/pistonaddict.com\/it\/spedizione\/"]}]},{"@type":"BreadcrumbList","@id":"https:\/\/pistonaddict.com\/it\/spedizione\/#breadcrumb","itemListElement":[{"@type":"ListItem","position":1,"name":"accoglienza","item":"https:\/\/pistonaddict.com\/it\/homepage\/"},{"@type":"ListItem","position":2,"name":"Spedizione"}]},{"@type":"WebSite","@id":"https:\/\/pistonaddict.com\/it\/#website","url":"https:\/\/pistonaddict.com\/it\/","name":"Piston Addict","description":"Only interesting vehicles","publisher":{"@id":"https:\/\/pistonaddict.com\/it\/#organization"},"potentialAction":[{"@type":"SearchAction","target":{"@type":"EntryPoint","urlTemplate":"https:\/\/pistonaddict.com\/it\/?s={search_term_string}"},"query-input":"required name=search_term_string"}],"inLanguage":"it-IT"},{"@type":"Organization","@id":"https:\/\/pistonaddict.com\/it\/#organization","name":"Piston Addict","url":"https:\/\/pistonaddict.com\/it\/","logo":{"@type":"ImageObject","inLanguage":"it-IT","@id":"https:\/\/pistonaddict.com\/it\/#\/schema\/logo\/image\/","url":"https:\/\/pistonaddict.com\/wp-content\/uploads\/2022\/07\/logo-6.png","contentUrl":"https:\/\/pistonaddict.com\/wp-content\/uploads\/2022\/07\/logo-6.png","width":970,"height":200,"caption":"Piston Addict"},"image":{"@id":"https:\/\/pistonaddict.com\/it\/#\/schema\/logo\/image\/"}}]}},"_links":{"self":[{"href":"https:\/\/pistonaddict.com\/it\/wp-json\/wp\/v2\/pages\/2839"}],"collection":[{"href":"https:\/\/pistonaddict.com\/it\/wp-json\/wp\/v2\/pages"}],"about":[{"href":"https:\/\/pistonaddict.com\/it\/wp-json\/wp\/v2\/types\/page"}],"author":[{"embeddable":true,"href":"https:\/\/pistonaddict.com\/it\/wp-json\/wp\/v2\/users\/1"}],"replies":[{"embeddable":true,"href":"https:\/\/pistonaddict.com\/it\/wp-json\/wp\/v2\/comments?post=2839"}],"version-history":[{"count":2,"href":"https:\/\/pistonaddict.com\/it\/wp-json\/wp\/v2\/pages\/2839\/revisions"}],"predecessor-version":[{"id":4214,"href":"https:\/\/pistonaddict.com\/it\/wp-json\/wp\/v2\/pages\/2839\/revisions\/4214"}],"wp:attachment":[{"href":"https:\/\/pistonaddict.com\/it\/wp-json\/wp\/v2\/media?parent=2839"}],"curies":[{"name":"wp","href":"https:\/\/api.w.org\/{rel}","templated":true}]}}