{"id":97449,"date":"2024-03-15T18:51:57","date_gmt":"2024-03-15T17:51:57","guid":{"rendered":"https:\/\/pistonaddict.com\/product\/bmw-m4-verseny\/"},"modified":"2024-03-20T14:16:41","modified_gmt":"2024-03-20T13:16:41","slug":"bmw-m4-verseny","status":"publish","type":"product","link":"https:\/\/pistonaddict.com\/hu\/product\/bmw-m4-verseny\/","title":{"rendered":"BMW M4 verseny"},"content":{"rendered":"<h2>K\u00fcls\u0151<\/h2>\n<p>Kezdj\u00fck az aut\u00f3 sz\u00edn\u00e9vel &#8211; barn\u00e1nak nevezni igazs\u00e1gtalan lenne, legal\u00e1bbis azt mondan\u00e1m. A BMW a Sepang Bronze nevet adta neki, \u00e9s ahhoz, hogy ezt teljes m\u00e9rt\u00e9kben \u00e9rt\u00e9kelni tudd, l\u00e1tnod kell az aut\u00f3t a naps\u00fct\u00e9sben. Az M4 legszembet\u0171n\u0151bb tulajdons\u00e1ga azonban a sz\u00e9nsz\u00e1las anyagb\u00f3l k\u00e9sz\u00fclt \u00f6sszecsukhat\u00f3 tet\u0151, amely egyszerre k\u00f6nny\u0171v\u00e9 \u00e9s robosztuss\u00e1 teszi. Ennek k\u00f6sz\u00f6nhet\u0151en ez a BMW egy gombnyom\u00e1ssal kup\u00e9szer\u0171 sportaut\u00f3b\u00f3l eleg\u00e1ns v\u00e1rosi cirk\u00e1l\u00f3v\u00e1 v\u00e1lhat.<\/p>\n<p>Tov\u00e1bbi figyelemre m\u00e9lt\u00f3 r\u00e9szletek k\u00f6z\u00e9 tartoznak a Xenon f\u00e9nysz\u00f3r\u00f3k el\u00f6l, a 19 colos kerekek Michelin Pilot Sport abroncsokkal az oldalon, \u00e9s a dupla kipufog\u00f3 h\u00e1tul. \u00c9s mint minden m\u00e1s M4-es, ez az aut\u00f3 is agressz\u00edv l\u00f6kh\u00e1r\u00edt\u00f3kkal, szell\u0151z\u0151ny\u00edl\u00e1sokkal a s\u00e1rv\u00e9d\u0151k\u00f6n \u00e9s egy k\u00f6z\u00e9pen kidudorod\u00f3 motorh\u00e1ztet\u0151vel rendelkezik.<\/p>\n<h2>Belt\u00e9r<\/h2>\n<p>Bel\u00fcl az els\u0151 dolog, ami megragadja a figyelmet, az \u00fcl\u00e9sek, amelyek puha barna b\u0151rrel \u00e9s feh\u00e9r varr\u00e1ssal vannak k\u00e1rpitozva. De amellett, hogy sportos \u00e9s t\u00e1mogat\u00f3, ahogyan azt a kin\u00e9zet\u00fck is sugallja, nagyon k\u00e9nyelmesek is. Ha le\u00fclt, a BMW jellegzetes h\u00e1rom k\u00fcll\u0151s korm\u00e1nykereke \u00e9s az egyszer\u0171 m\u0171szerfal m\u00f6g\u00f6tt tal\u00e1lja mag\u00e1t. Ez mag\u00e1ban foglalja a 330 km\/\u00f3r\u00e1s sebess\u00e9gm\u00e9r\u0151t, a 8000 fordulatsz\u00e1mig terjed\u0151 fordulatsz\u00e1mm\u00e9r\u0151t, valamint az \u00fczemanyagszintet \u00e9s a motorh\u0151m\u00e9rs\u00e9kletet jelz\u0151 m\u0171szereket. Ha pedig nem akar lefel\u00e9 n\u00e9zni kem\u00e9ny kanyarod\u00e1s k\u00f6zben, a Head-Up kijelz\u0151 minden fontos inform\u00e1ci\u00f3t megjelen\u00edt a sz\u00e9lv\u00e9d\u0151n.<\/p>\n<h2>Mechanika<\/h2>\n<p>A leny\u0171g\u00f6z\u0151 megjelen\u00e9st\u0151l eltekintve minden BMW-nek egy V\u00e9gs\u0151 Vezet\u0151g\u00e9pnek kell lennie. \u00c9s ez az M4 sz\u00e1mos \u00e1sz van a tarsoly\u00e1ban, hogy megfeleljen ezeknek az elv\u00e1r\u00e1soknak. El\u0151sz\u00f6r is, a motorh\u00e1ztet\u0151 alatt egy l\u00e1tv\u00e1nyos, sorhatos, ikerturb\u00f3felt\u00f6lt\u0151s motor dolgozik, amely megnyugtat\u00f3 450 l\u00f3er\u0151t teljes\u00edt. Az er\u0151 egy 7 fokozat\u00fa duplakuplungos sebess\u00e9gv\u00e1lt\u00f3n \u00e9s egy elektronikusan vez\u00e9relt, korl\u00e1tozott cs\u00fasz\u00e1s\u00fa differenci\u00e1lm\u0171v\u00f6n kereszt\u00fcl jut a h\u00e1ts\u00f3 kerekekhez.<\/p>\n<p>Ennyi er\u0151vel \u00e9s technol\u00f3gi\u00e1val az M4 k\u00f6nnyed\u00e9n, k\u00f6r\u00fclbel\u00fcl 4 m\u00e1sodperc alatt \u00e9ri el a 100 km\/\u00f3r\u00e1s sebess\u00e9get, \u00e9s 250 km\/\u00f3r\u00e1s sebess\u00e9gre gyorsul. \u00c9s val\u00f3sz\u00edn\u0171leg sokkal gyorsabban menne, ha nem lenne az elektronikus korl\u00e1toz\u00f3. V\u00e9gezet\u00fcl, hogy sebess\u00e9gn\u00e9l mindent k\u00e9zben tudjon tartani, az aut\u00f3t merev\u00edtett felf\u00fcggeszt\u00e9ssel \u00e9s hatalmas f\u00e9kekkel szerelt\u00e9k fel.<\/p>\n<h2>A j\u00e1rm\u0171 t\u00f6rt\u00e9nete<\/h2>\n<p>V\u00e9gezet\u00fcl ejts\u00fcnk n\u00e9h\u00e1ny sz\u00f3t a BMW M4 jelenlegi \u00e1llapot\u00e1r\u00f3l, amelyet az elad\u00f3 makul\u00e1tlannak nevez. \u00c9s a fot\u00f3k \u00e9s a mell\u00e9kelt vide\u00f3 alapj\u00e1n hat\u00e1rozottan \u00edgy van, l\u00e1that\u00f3 s\u00e9r\u00fcl\u00e9sek n\u00e9lk\u00fcl. Az aut\u00f3t rendszeresen szervizelt\u00e9k \u00e9s vizsg\u00e1lt\u00e1k egy hivatalos BMW m\u00e1rkakeresked\u0151n\u00e9l, az utols\u00f3 szerviz 2022 j\u00fanius\u00e1ban volt.<\/p>\n<p>Az elad\u00f3 szerint az aut\u00f3t, amely jelenleg Belgiumban van, nem haszn\u00e1lt\u00e1k versenyp\u00e1ly\u00e1n, \u00e9s nem volt balesetben \u00e9rintett, \u00e9s ezt a <a href=\"https:\/\/pistonaddict.com\/wp-content\/uploads\/2024\/03\/CarVerticalBMWM4.pdf\">CarVertical Vehicle History Report<\/a> is meger\u0151s\u00edti.<\/p>\n<p><strong>N\u00e9zze meg a hidegind\u00edt\u00e1sos vide\u00f3t err\u0151l a nagyszer\u0171<\/strong> <strong>BMW M4 Competition-r\u0151l<\/strong>:<\/p>\n<p><iframe title=\"Cold Start Video of the BMW M4 Competition\" width=\"1200\" height=\"675\" src=\"https:\/\/www.youtube.com\/embed\/-weepN3iz9c?feature=oembed\" frameborder=\"0\" allow=\"accelerometer; autoplay; clipboard-write; encrypted-media; gyroscope; picture-in-picture; web-share\" allowfullscreen><\/iframe><\/p>\n","protected":false},"excerpt":{"rendered":"<p>Ha olyasmit keresel, amivel rekordot d\u00f6nt\u00f6getve k\u00f6r\u00f6zhetsz a p\u00e1ly\u00e1n, akkor sportkocsira van sz\u00fcks\u00e9ged. M\u00e1sr\u00e9szt, ha egy naps\u00fct\u00e9ses napon ink\u00e1bb egy k\u00e9nyelmes k\u00f6rutaz\u00e1st szeretne a sug\u00e1r\u00faton, akkor egy eleg\u00e1ns kabri\u00f3 lenne a legjobb v\u00e1laszt\u00e1s. Ha azonban olyasmit szeretne, ami mindkett\u0151re k\u00e9pes, akkor biztosan tetszeni fog ez az \u00e1rver\u00e9sre bocs\u00e1tott BMW M4 Competition. \u00dajszer\u0171 \u00e1llapotban van, egy kor\u00e1bbi tulajdonosa van, \u00e9s 74.000 km van az \u00f3r\u00e1n.<\/p>\n","protected":false},"featured_media":96745,"comment_status":"open","ping_status":"closed","template":"","meta":{"inline_featured_image":false},"product_cat":[731],"product_tag":[3139,3119,930,3114],"acf":[],"yoast_head":"<!-- This site is optimized with the Yoast SEO plugin v22.5 - https:\/\/yoast.com\/wordpress\/plugins\/seo\/ -->\n<title>BMW M4 verseny - Piston Addict<\/title>\n<meta name=\"robots\" content=\"index, follow, max-snippet:-1, max-image-preview:large, max-video-preview:-1\" \/>\n<link rel=\"canonical\" href=\"https:\/\/pistonaddict.com\/hu\/product\/bmw-m4-verseny\/\" \/>\n<meta property=\"og:locale\" content=\"hu_HU\" \/>\n<meta property=\"og:type\" content=\"article\" \/>\n<meta property=\"og:title\" content=\"BMW M4 verseny - Piston Addict\" \/>\n<meta property=\"og:description\" content=\"Ha olyasmit keresel, amivel rekordot d\u00f6nt\u00f6getve k\u00f6r\u00f6zhetsz a p\u00e1ly\u00e1n, akkor sportkocsira van sz\u00fcks\u00e9ged. M\u00e1sr\u00e9szt, ha egy naps\u00fct\u00e9ses napon ink\u00e1bb egy k\u00e9nyelmes k\u00f6rutaz\u00e1st szeretne a sug\u00e1r\u00faton, akkor egy eleg\u00e1ns kabri\u00f3 lenne a legjobb v\u00e1laszt\u00e1s. Ha azonban olyasmit szeretne, ami mindkett\u0151re k\u00e9pes, akkor biztosan tetszeni fog ez az \u00e1rver\u00e9sre bocs\u00e1tott BMW M4 Competition. \u00dajszer\u0171 \u00e1llapotban van, egy kor\u00e1bbi tulajdonosa van, \u00e9s 74.000 km van az \u00f3r\u00e1n.\" \/>\n<meta property=\"og:url\" content=\"https:\/\/pistonaddict.com\/hu\/product\/bmw-m4-verseny\/\" \/>\n<meta property=\"og:site_name\" content=\"Piston Addict\" \/>\n<meta property=\"article:modified_time\" content=\"2024-03-20T13:16:41+00:00\" \/>\n<meta property=\"og:image\" content=\"https:\/\/pistonaddict.com\/wp-content\/uploads\/2024\/03\/1-1024x612.png\" \/>\n\t<meta property=\"og:image:width\" content=\"1024\" \/>\n\t<meta property=\"og:image:height\" content=\"612\" \/>\n\t<meta property=\"og:image:type\" content=\"image\/png\" \/>\n<meta name=\"twitter:card\" content=\"summary_large_image\" \/>\n<meta name=\"twitter:label1\" content=\"Becs\u00fclt olvas\u00e1si id\u0151\" \/>\n\t<meta name=\"twitter:data1\" content=\"3 perc\" \/>\n<script type=\"application\/ld+json\" class=\"yoast-schema-graph\">{\"@context\":\"https:\/\/schema.org\",\"@graph\":[{\"@type\":\"WebPage\",\"@id\":\"https:\/\/pistonaddict.com\/hu\/product\/bmw-m4-verseny\/\",\"url\":\"https:\/\/pistonaddict.com\/hu\/product\/bmw-m4-verseny\/\",\"name\":\"BMW M4 verseny - Piston Addict\",\"isPartOf\":{\"@id\":\"https:\/\/pistonaddict.com\/hu\/#website\"},\"primaryImageOfPage\":{\"@id\":\"https:\/\/pistonaddict.com\/hu\/product\/bmw-m4-verseny\/#primaryimage\"},\"image\":{\"@id\":\"https:\/\/pistonaddict.com\/hu\/product\/bmw-m4-verseny\/#primaryimage\"},\"thumbnailUrl\":\"https:\/\/pistonaddict.com\/wp-content\/uploads\/2024\/03\/1.png\",\"datePublished\":\"2024-03-15T17:51:57+00:00\",\"dateModified\":\"2024-03-20T13:16:41+00:00\",\"breadcrumb\":{\"@id\":\"https:\/\/pistonaddict.com\/hu\/product\/bmw-m4-verseny\/#breadcrumb\"},\"inLanguage\":\"hu\",\"potentialAction\":[{\"@type\":\"ReadAction\",\"target\":[\"https:\/\/pistonaddict.com\/hu\/product\/bmw-m4-verseny\/\"]}]},{\"@type\":\"ImageObject\",\"inLanguage\":\"hu\",\"@id\":\"https:\/\/pistonaddict.com\/hu\/product\/bmw-m4-verseny\/#primaryimage\",\"url\":\"https:\/\/pistonaddict.com\/wp-content\/uploads\/2024\/03\/1.png\",\"contentUrl\":\"https:\/\/pistonaddict.com\/wp-content\/uploads\/2024\/03\/1.png\",\"width\":2778,\"height\":1660},{\"@type\":\"BreadcrumbList\",\"@id\":\"https:\/\/pistonaddict.com\/hu\/product\/bmw-m4-verseny\/#breadcrumb\",\"itemListElement\":[{\"@type\":\"ListItem\",\"position\":1,\"name\":\"Kezd\u0151lap\",\"item\":\"https:\/\/pistonaddict.com\/hu\/honlap\/\"},{\"@type\":\"ListItem\",\"position\":2,\"name\":\"Auctions\",\"item\":\"https:\/\/pistonaddict.com\/auctions-listing\/\"},{\"@type\":\"ListItem\",\"position\":3,\"name\":\"BMW M4 verseny\"}]},{\"@type\":\"WebSite\",\"@id\":\"https:\/\/pistonaddict.com\/hu\/#website\",\"url\":\"https:\/\/pistonaddict.com\/hu\/\",\"name\":\"Piston Addict\",\"description\":\"Only interesting vehicles\",\"publisher\":{\"@id\":\"https:\/\/pistonaddict.com\/hu\/#organization\"},\"potentialAction\":[{\"@type\":\"SearchAction\",\"target\":{\"@type\":\"EntryPoint\",\"urlTemplate\":\"https:\/\/pistonaddict.com\/hu\/?s={search_term_string}\"},\"query-input\":\"required name=search_term_string\"}],\"inLanguage\":\"hu\"},{\"@type\":\"Organization\",\"@id\":\"https:\/\/pistonaddict.com\/hu\/#organization\",\"name\":\"Piston Addict\",\"url\":\"https:\/\/pistonaddict.com\/hu\/\",\"logo\":{\"@type\":\"ImageObject\",\"inLanguage\":\"hu\",\"@id\":\"https:\/\/pistonaddict.com\/hu\/#\/schema\/logo\/image\/\",\"url\":\"https:\/\/pistonaddict.com\/wp-content\/uploads\/2022\/07\/logo-6.png\",\"contentUrl\":\"https:\/\/pistonaddict.com\/wp-content\/uploads\/2022\/07\/logo-6.png\",\"width\":970,\"height\":200,\"caption\":\"Piston Addict\"},\"image\":{\"@id\":\"https:\/\/pistonaddict.com\/hu\/#\/schema\/logo\/image\/\"}}]}<\/script>\n<!-- \/ Yoast SEO plugin. -->","yoast_head_json":{"title":"BMW M4 verseny - Piston Addict","robots":{"index":"index","follow":"follow","max-snippet":"max-snippet:-1","max-image-preview":"max-image-preview:large","max-video-preview":"max-video-preview:-1"},"canonical":"https:\/\/pistonaddict.com\/hu\/product\/bmw-m4-verseny\/","og_locale":"hu_HU","og_type":"article","og_title":"BMW M4 verseny - Piston Addict","og_description":"Ha olyasmit keresel, amivel rekordot d\u00f6nt\u00f6getve k\u00f6r\u00f6zhetsz a p\u00e1ly\u00e1n, akkor sportkocsira van sz\u00fcks\u00e9ged. M\u00e1sr\u00e9szt, ha egy naps\u00fct\u00e9ses napon ink\u00e1bb egy k\u00e9nyelmes k\u00f6rutaz\u00e1st szeretne a sug\u00e1r\u00faton, akkor egy eleg\u00e1ns kabri\u00f3 lenne a legjobb v\u00e1laszt\u00e1s. Ha azonban olyasmit szeretne, ami mindkett\u0151re k\u00e9pes, akkor biztosan tetszeni fog ez az \u00e1rver\u00e9sre bocs\u00e1tott BMW M4 Competition. \u00dajszer\u0171 \u00e1llapotban van, egy kor\u00e1bbi tulajdonosa van, \u00e9s 74.000 km van az \u00f3r\u00e1n.","og_url":"https:\/\/pistonaddict.com\/hu\/product\/bmw-m4-verseny\/","og_site_name":"Piston Addict","article_modified_time":"2024-03-20T13:16:41+00:00","og_image":[{"width":1024,"height":612,"url":"https:\/\/pistonaddict.com\/wp-content\/uploads\/2024\/03\/1-1024x612.png","type":"image\/png"}],"twitter_card":"summary_large_image","twitter_misc":{"Becs\u00fclt olvas\u00e1si id\u0151":"3 perc"},"schema":{"@context":"https:\/\/schema.org","@graph":[{"@type":"WebPage","@id":"https:\/\/pistonaddict.com\/hu\/product\/bmw-m4-verseny\/","url":"https:\/\/pistonaddict.com\/hu\/product\/bmw-m4-verseny\/","name":"BMW M4 verseny - Piston Addict","isPartOf":{"@id":"https:\/\/pistonaddict.com\/hu\/#website"},"primaryImageOfPage":{"@id":"https:\/\/pistonaddict.com\/hu\/product\/bmw-m4-verseny\/#primaryimage"},"image":{"@id":"https:\/\/pistonaddict.com\/hu\/product\/bmw-m4-verseny\/#primaryimage"},"thumbnailUrl":"https:\/\/pistonaddict.com\/wp-content\/uploads\/2024\/03\/1.png","datePublished":"2024-03-15T17:51:57+00:00","dateModified":"2024-03-20T13:16:41+00:00","breadcrumb":{"@id":"https:\/\/pistonaddict.com\/hu\/product\/bmw-m4-verseny\/#breadcrumb"},"inLanguage":"hu","potentialAction":[{"@type":"ReadAction","target":["https:\/\/pistonaddict.com\/hu\/product\/bmw-m4-verseny\/"]}]},{"@type":"ImageObject","inLanguage":"hu","@id":"https:\/\/pistonaddict.com\/hu\/product\/bmw-m4-verseny\/#primaryimage","url":"https:\/\/pistonaddict.com\/wp-content\/uploads\/2024\/03\/1.png","contentUrl":"https:\/\/pistonaddict.com\/wp-content\/uploads\/2024\/03\/1.png","width":2778,"height":1660},{"@type":"BreadcrumbList","@id":"https:\/\/pistonaddict.com\/hu\/product\/bmw-m4-verseny\/#breadcrumb","itemListElement":[{"@type":"ListItem","position":1,"name":"Kezd\u0151lap","item":"https:\/\/pistonaddict.com\/hu\/honlap\/"},{"@type":"ListItem","position":2,"name":"Auctions","item":"https:\/\/pistonaddict.com\/auctions-listing\/"},{"@type":"ListItem","position":3,"name":"BMW M4 verseny"}]},{"@type":"WebSite","@id":"https:\/\/pistonaddict.com\/hu\/#website","url":"https:\/\/pistonaddict.com\/hu\/","name":"Piston Addict","description":"Only interesting vehicles","publisher":{"@id":"https:\/\/pistonaddict.com\/hu\/#organization"},"potentialAction":[{"@type":"SearchAction","target":{"@type":"EntryPoint","urlTemplate":"https:\/\/pistonaddict.com\/hu\/?s={search_term_string}"},"query-input":"required name=search_term_string"}],"inLanguage":"hu"},{"@type":"Organization","@id":"https:\/\/pistonaddict.com\/hu\/#organization","name":"Piston Addict","url":"https:\/\/pistonaddict.com\/hu\/","logo":{"@type":"ImageObject","inLanguage":"hu","@id":"https:\/\/pistonaddict.com\/hu\/#\/schema\/logo\/image\/","url":"https:\/\/pistonaddict.com\/wp-content\/uploads\/2022\/07\/logo-6.png","contentUrl":"https:\/\/pistonaddict.com\/wp-content\/uploads\/2022\/07\/logo-6.png","width":970,"height":200,"caption":"Piston Addict"},"image":{"@id":"https:\/\/pistonaddict.com\/hu\/#\/schema\/logo\/image\/"}}]}},"_links":{"self":[{"href":"https:\/\/pistonaddict.com\/hu\/wp-json\/wp\/v2\/product\/97449"}],"collection":[{"href":"https:\/\/pistonaddict.com\/hu\/wp-json\/wp\/v2\/product"}],"about":[{"href":"https:\/\/pistonaddict.com\/hu\/wp-json\/wp\/v2\/types\/product"}],"replies":[{"embeddable":true,"href":"https:\/\/pistonaddict.com\/hu\/wp-json\/wp\/v2\/comments?post=97449"}],"wp:featuredmedia":[{"embeddable":true,"href":"https:\/\/pistonaddict.com\/hu\/wp-json\/wp\/v2\/media\/96745"}],"wp:attachment":[{"href":"https:\/\/pistonaddict.com\/hu\/wp-json\/wp\/v2\/media?parent=97449"}],"wp:term":[{"taxonomy":"product_cat","embeddable":true,"href":"https:\/\/pistonaddict.com\/hu\/wp-json\/wp\/v2\/product_cat?post=97449"},{"taxonomy":"product_tag","embeddable":true,"href":"https:\/\/pistonaddict.com\/hu\/wp-json\/wp\/v2\/product_tag?post=97449"}],"curies":[{"name":"wp","href":"https:\/\/api.w.org\/{rel}","templated":true}]}}