{"id":96715,"date":"2024-03-15T17:17:18","date_gmt":"2024-03-15T16:17:18","guid":{"rendered":"https:\/\/pistonaddict.com\/product\/amg-sls-roadster\/"},"modified":"2024-03-19T16:40:25","modified_gmt":"2024-03-19T15:40:25","slug":"amg-sls-roadster","status":"publish","type":"product","link":"https:\/\/pistonaddict.com\/hu\/product\/amg-sls-roadster\/","title":{"rendered":"AMG SLS Roadster"},"content":{"rendered":"<p><strong>Aut\u00f3 t\u00f6rt\u00e9nete<\/strong><\/p>\n<p>Az aut\u00f3s vil\u00e1g megd\u00f6bbent, amikor a Mercedes 2010-ben bemutatta az ikonikus SLS AMG-t. A klasszikus megk\u00f6zel\u00edt\u00e9s\u0171, de kivitelez\u00e9s\u00e9ben teljesen modern sportkocsi, amely egy\u00e9rtelm\u0171en a m\u00e1rka dics\u0151 m\u00faltj\u00e1b\u00f3l \u00e9s a legend\u00e1s 300 SL Gullwingb\u0151l mer\u00edtett ihletet. B\u00e1r a Mercedes a tervez\u00e9skor a m\u00faltat n\u00e9zte, a v\u00e1llalat a j\u00f6v\u0151be tekintett, modern alv\u00e1zszerkezet, bels\u0151 felszerelts\u00e9g, k\u00e9nyelem \u00e9s hajt\u00e1sl\u00e1nc r\u00e9v\u00e9n. A hossz\u00fa motorh\u00e1ztet\u0151 alatt egy 6,2 literes V8-as (k\u00f3dneve M156) volt, amely 571 l\u00f3er\u0151t adott le, amelyet egy 7 sebess\u00e9ges duplakuplungos v\u00e1lt\u00f3n kereszt\u00fcl k\u00fcldtek a h\u00e1ts\u00f3 kerekekhez. Az eredm\u00e9ny egy olyan aut\u00f3 lett, amely elk\u00e9peszt\u0151en j\u00f3l n\u00e9z ki, \u00e9s m\u00e9gis szupersportkocsi-gyors. A mind\u00f6ssze 3,8 m\u00e1sodperces 0-100 km\/\u00f3r\u00e1s sebess\u00e9ggel \u00e9s a 310 km\/\u00f3ra feletti v\u00e9gsebess\u00e9ggel \u00e9rthet\u0151, hogy a Mercedes SLS AMG mi\u00e9rt tartozik kor\u00e1nak leggyorsabb aut\u00f3i k\u00f6z\u00e9.<\/p>\n<p>\u00c9rdekes m\u00f3don ennek a hihetetlen g\u00e9pnek a gy\u00e1rt\u00e1si sz\u00e9ri\u00e1ja viszonylag r\u00f6vid volt, a modellt 2014-ben sz\u00fcntett\u00e9k meg. Egyesek szerint a Mercedes sz\u00e1nd\u00e9kosan tette ezt, hogy biztos\u00edtsa a legjobb modern sportkocsij\u00e1nak exkluzivit\u00e1s\u00e1t \u00e9s ritkas\u00e1g\u00e1t. Ezek a pletyk\u00e1k igazak lehetnek, mivel a v\u00e1llalat hivatalosan soha nem k\u00f6z\u00f6lte a pontos gy\u00e1rt\u00e1si sz\u00e1mokat. A megalapozott becsl\u00e9sek szerint k\u00f6r\u00fclbel\u00fcl 8000 kup\u00e9t \u00e9s 4000 roadstert sz\u00e1ll\u00edtottak le. Ez az aut\u00f3 egyike annak a 4000 p\u00e9ld\u00e1nynak, ami m\u00e9g exkluz\u00edvabb\u00e1 \u00e9s mitikusabb\u00e1 teszi.<\/p>\n<p><strong>Belt\u00e9r<\/strong><\/p>\n<p>A fekete b\u0151rrel \u00e9s b\u0151r m\u0171szerfallal d\u00edsz\u00edtett SLS AMG Roadster belseje t\u00f6k\u00e9letes \u00e1llapotban van, haszn\u00e1latra utal\u00f3 jelek n\u00e9lk\u00fcl. Az \u00fcl\u00e9sek \u00e9s az ajt\u00f3k\u00e1rty\u00e1k jel\u00f6letlenek; minden funkci\u00f3 m\u0171k\u00f6dik a navig\u00e1ci\u00f3s rendszerrel, a pr\u00e9mium audi\u00f3val, valamint a f\u0171t\u00f6tt \u00e9s elektromosan vez\u00e9relt sport\u00fcl\u00e9sekkel egy\u00fctt. A kabri\u00f3 tet\u0151 \u00fajszer\u0171 \u00e1llapotban van, \u00e9s t\u00f6k\u00e9letesen ny\u00edlik \u00e9s z\u00e1r\u00f3dik.<\/p>\n<p><strong>Felt\u00e9tel<\/strong><\/p>\n<p>Mindig \u00f6r\u00f6mmel k\u00edn\u00e1lunk \u00fajszer\u0171 \u00e1llapotban l\u00e9v\u0151 j\u00e1rm\u0171veket, \u00e9s ez a 2012-es Mercedes SLS AMG Roadster is ezek k\u00f6z\u00e9 tartozik. A mind\u00f6ssze 19 000 kilom\u00e9tert \u00fajonnan futott j\u00e1rm\u0171vet els\u0151 \u00e9s egyetlen tulajdonosa alig haszn\u00e1lta, \u00e9s \u00e9vente \u00e1tlagosan kevesebb mint 2000 km-t tett meg. Ez azt jelenti, hogy mechanikailag \u00e9s eszt\u00e9tikailag is cs\u00facsform\u00e1ban van, \u00e9s teljesen eredeti a gy\u00e1rb\u00f3l. Az utols\u00f3 nagyobb szervizel\u00e9sre 2018-ban ker\u00fclt sor, a f\u00e9keket pedig nemr\u00e9g, 2024 m\u00e1rcius\u00e1ban jav\u00edtott\u00e1k fel. Az aut\u00f3t egy Mercedes-keresked\u0151 gondozta gondosan.<\/p>\n<p><strong>K\u00fcls\u0151 \u00e9s kerekek<\/strong><\/p>\n<p>Ilyen kev\u00e9s kilom\u00e9terrel \u00e9s megsz\u00e1llott gondoskod\u00e1ssal nem meglep\u0151, hogy a karossz\u00e9ria \u00fajszer\u0171, karcol\u00e1sok \u00e9s horpad\u00e1sok n\u00e9lk\u00fcl. A klasszikus Mercedes ez\u00fcstsz\u00edn\u0171re f\u00e9nyezett (az Ez\u00fcst Ny\u00edl versenyaut\u00f3kra eml\u00e9keztet\u0151), kontrasztos fekete bels\u0151vel leny\u0171g\u00f6z\u0151en n\u00e9z ki. Az eredeti 19 colos kerekek jelen vannak, a Continental ContiSport Contact teljes\u00edtm\u00e9ny\u0171 gumiabroncsok (DOT 2017) k\u00f6r\u00fclbel\u00fcl 50%-ban haszn\u00e1ltak.<\/p>\n<p><strong>Dokument\u00e1ci\u00f3<\/strong><\/p>\n<p>A keresked\u0151 ezt a j\u00e1rm\u0171vet az eredeti tulajdonos nev\u00e9ben \u00e9rt\u00e9kes\u00edti, megfelel\u0151 dokument\u00e1ci\u00f3val, Belgiumban tal\u00e1lhat\u00f3. A <a href=\"https:\/\/pistonaddict.com\/wp-content\/uploads\/2024\/03\/CarVerticalAMG.pdf\">CarVertical jelent\u00e9se<\/a> tiszta, balesetekre, baleseti jav\u00edt\u00e1sokra, tulajdonviszonyokra vagy jogi probl\u00e9m\u00e1kra vonatkoz\u00f3 bizony\u00edt\u00e9kok n\u00e9lk\u00fcl. Vannak nyilv\u00e1ntart\u00e1sok a rendszeres karbantart\u00e1sr\u00f3l \u00e9s nyugt\u00e1k.<\/p>\n<p><strong>N\u00e9zze meg a hidegind\u00edt\u00e1sos vide\u00f3t err\u0151l a csod\u00e1latos AMG SLS Roadsterr\u0151l :<\/strong><\/p>\n<p><iframe title=\"Cold Start Video of the AMG SLS Roadster\" width=\"1200\" height=\"675\" src=\"https:\/\/www.youtube.com\/embed\/vjLjXYVelXI?feature=oembed\" frameborder=\"0\" allow=\"accelerometer; autoplay; clipboard-write; encrypted-media; gyroscope; picture-in-picture; web-share\" allowfullscreen><\/iframe><\/p>\n","protected":false},"excerpt":{"rendered":"<p>Ha a stuttgarti modern klasszikusokat n\u00e9zz\u00fck, a Mercedes SLS AMG-t semmi sem k\u00f6zel\u00edti meg. Retro-futurisztikus formaterv\u00e9vel, hatalmas 6,2 literes V8-as motorj\u00e1val \u00e9s fens\u00e9ges teljes\u00edtm\u00e9ny\u00e9vel az SLS a Mercedes legkeresettebb sportkocsija az 1950-es \u00e9vekbeli eredeti, a vonalvezet\u00e9st elind\u00edt\u00f3 modell \u00f3ta. Az SLS minden szempontb\u00f3l kiv\u00e1l\u00f3, \u00e9s ritk\u00e1n ker\u00fcl elad\u00f3sorba, ami ezt az alacsony fut\u00e1steljes\u00edtm\u00e9ny\u0171, egy tulajdonost\u00f3l sz\u00e1rmaz\u00f3, gyakorlatilag \u00faj p\u00e9ld\u00e1nyt m\u00e9g ritk\u00e1bb\u00e1 \u00e9s m\u00e9g egyedibb\u00e9 teszi.<\/p>\n","protected":false},"featured_media":95996,"comment_status":"open","ping_status":"closed","template":"","meta":{"inline_featured_image":false},"product_cat":[731],"product_tag":[3059,2790,3054,930],"acf":[],"yoast_head":"<!-- This site is optimized with the Yoast SEO plugin v22.5 - https:\/\/yoast.com\/wordpress\/plugins\/seo\/ -->\n<title>AMG SLS Roadster - Piston Addict<\/title>\n<meta name=\"robots\" content=\"index, follow, max-snippet:-1, max-image-preview:large, max-video-preview:-1\" \/>\n<link rel=\"canonical\" href=\"https:\/\/pistonaddict.com\/hu\/product\/amg-sls-roadster\/\" \/>\n<meta property=\"og:locale\" content=\"hu_HU\" \/>\n<meta property=\"og:type\" content=\"article\" \/>\n<meta property=\"og:title\" content=\"AMG SLS Roadster - Piston Addict\" \/>\n<meta property=\"og:description\" content=\"Ha a stuttgarti modern klasszikusokat n\u00e9zz\u00fck, a Mercedes SLS AMG-t semmi sem k\u00f6zel\u00edti meg. Retro-futurisztikus formaterv\u00e9vel, hatalmas 6,2 literes V8-as motorj\u00e1val \u00e9s fens\u00e9ges teljes\u00edtm\u00e9ny\u00e9vel az SLS a Mercedes legkeresettebb sportkocsija az 1950-es \u00e9vekbeli eredeti, a vonalvezet\u00e9st elind\u00edt\u00f3 modell \u00f3ta. Az SLS minden szempontb\u00f3l kiv\u00e1l\u00f3, \u00e9s ritk\u00e1n ker\u00fcl elad\u00f3sorba, ami ezt az alacsony fut\u00e1steljes\u00edtm\u00e9ny\u0171, egy tulajdonost\u00f3l sz\u00e1rmaz\u00f3, gyakorlatilag \u00faj p\u00e9ld\u00e1nyt m\u00e9g ritk\u00e1bb\u00e1 \u00e9s m\u00e9g egyedibb\u00e9 teszi.\" \/>\n<meta property=\"og:url\" content=\"https:\/\/pistonaddict.com\/hu\/product\/amg-sls-roadster\/\" \/>\n<meta property=\"og:site_name\" content=\"Piston Addict\" \/>\n<meta property=\"article:modified_time\" content=\"2024-03-19T15:40:25+00:00\" \/>\n<meta property=\"og:image\" content=\"https:\/\/pistonaddict.com\/wp-content\/uploads\/2024\/03\/1-scaled.jpg\" \/>\n\t<meta property=\"og:image:width\" content=\"2560\" \/>\n\t<meta property=\"og:image:height\" content=\"1527\" \/>\n\t<meta property=\"og:image:type\" content=\"image\/jpeg\" \/>\n<meta name=\"twitter:card\" content=\"summary_large_image\" \/>\n<meta name=\"twitter:label1\" content=\"Becs\u00fclt olvas\u00e1si id\u0151\" \/>\n\t<meta name=\"twitter:data1\" content=\"3 perc\" \/>\n<script type=\"application\/ld+json\" class=\"yoast-schema-graph\">{\"@context\":\"https:\/\/schema.org\",\"@graph\":[{\"@type\":\"WebPage\",\"@id\":\"https:\/\/pistonaddict.com\/hu\/product\/amg-sls-roadster\/\",\"url\":\"https:\/\/pistonaddict.com\/hu\/product\/amg-sls-roadster\/\",\"name\":\"AMG SLS Roadster - Piston Addict\",\"isPartOf\":{\"@id\":\"https:\/\/pistonaddict.com\/hu\/#website\"},\"primaryImageOfPage\":{\"@id\":\"https:\/\/pistonaddict.com\/hu\/product\/amg-sls-roadster\/#primaryimage\"},\"image\":{\"@id\":\"https:\/\/pistonaddict.com\/hu\/product\/amg-sls-roadster\/#primaryimage\"},\"thumbnailUrl\":\"https:\/\/pistonaddict.com\/wp-content\/uploads\/2024\/03\/1-scaled.jpg\",\"datePublished\":\"2024-03-15T16:17:18+00:00\",\"dateModified\":\"2024-03-19T15:40:25+00:00\",\"breadcrumb\":{\"@id\":\"https:\/\/pistonaddict.com\/hu\/product\/amg-sls-roadster\/#breadcrumb\"},\"inLanguage\":\"hu\",\"potentialAction\":[{\"@type\":\"ReadAction\",\"target\":[\"https:\/\/pistonaddict.com\/hu\/product\/amg-sls-roadster\/\"]}]},{\"@type\":\"ImageObject\",\"inLanguage\":\"hu\",\"@id\":\"https:\/\/pistonaddict.com\/hu\/product\/amg-sls-roadster\/#primaryimage\",\"url\":\"https:\/\/pistonaddict.com\/wp-content\/uploads\/2024\/03\/1-scaled.jpg\",\"contentUrl\":\"https:\/\/pistonaddict.com\/wp-content\/uploads\/2024\/03\/1-scaled.jpg\",\"width\":2560,\"height\":1527},{\"@type\":\"BreadcrumbList\",\"@id\":\"https:\/\/pistonaddict.com\/hu\/product\/amg-sls-roadster\/#breadcrumb\",\"itemListElement\":[{\"@type\":\"ListItem\",\"position\":1,\"name\":\"Kezd\u0151lap\",\"item\":\"https:\/\/pistonaddict.com\/hu\/honlap\/\"},{\"@type\":\"ListItem\",\"position\":2,\"name\":\"Auctions\",\"item\":\"https:\/\/pistonaddict.com\/auctions-listing\/\"},{\"@type\":\"ListItem\",\"position\":3,\"name\":\"AMG SLS Roadster\"}]},{\"@type\":\"WebSite\",\"@id\":\"https:\/\/pistonaddict.com\/hu\/#website\",\"url\":\"https:\/\/pistonaddict.com\/hu\/\",\"name\":\"Piston Addict\",\"description\":\"Only interesting vehicles\",\"publisher\":{\"@id\":\"https:\/\/pistonaddict.com\/hu\/#organization\"},\"potentialAction\":[{\"@type\":\"SearchAction\",\"target\":{\"@type\":\"EntryPoint\",\"urlTemplate\":\"https:\/\/pistonaddict.com\/hu\/?s={search_term_string}\"},\"query-input\":\"required name=search_term_string\"}],\"inLanguage\":\"hu\"},{\"@type\":\"Organization\",\"@id\":\"https:\/\/pistonaddict.com\/hu\/#organization\",\"name\":\"Piston Addict\",\"url\":\"https:\/\/pistonaddict.com\/hu\/\",\"logo\":{\"@type\":\"ImageObject\",\"inLanguage\":\"hu\",\"@id\":\"https:\/\/pistonaddict.com\/hu\/#\/schema\/logo\/image\/\",\"url\":\"https:\/\/pistonaddict.com\/wp-content\/uploads\/2022\/07\/logo-6.png\",\"contentUrl\":\"https:\/\/pistonaddict.com\/wp-content\/uploads\/2022\/07\/logo-6.png\",\"width\":970,\"height\":200,\"caption\":\"Piston Addict\"},\"image\":{\"@id\":\"https:\/\/pistonaddict.com\/hu\/#\/schema\/logo\/image\/\"}}]}<\/script>\n<!-- \/ Yoast SEO plugin. -->","yoast_head_json":{"title":"AMG SLS Roadster - Piston Addict","robots":{"index":"index","follow":"follow","max-snippet":"max-snippet:-1","max-image-preview":"max-image-preview:large","max-video-preview":"max-video-preview:-1"},"canonical":"https:\/\/pistonaddict.com\/hu\/product\/amg-sls-roadster\/","og_locale":"hu_HU","og_type":"article","og_title":"AMG SLS Roadster - Piston Addict","og_description":"Ha a stuttgarti modern klasszikusokat n\u00e9zz\u00fck, a Mercedes SLS AMG-t semmi sem k\u00f6zel\u00edti meg. Retro-futurisztikus formaterv\u00e9vel, hatalmas 6,2 literes V8-as motorj\u00e1val \u00e9s fens\u00e9ges teljes\u00edtm\u00e9ny\u00e9vel az SLS a Mercedes legkeresettebb sportkocsija az 1950-es \u00e9vekbeli eredeti, a vonalvezet\u00e9st elind\u00edt\u00f3 modell \u00f3ta. Az SLS minden szempontb\u00f3l kiv\u00e1l\u00f3, \u00e9s ritk\u00e1n ker\u00fcl elad\u00f3sorba, ami ezt az alacsony fut\u00e1steljes\u00edtm\u00e9ny\u0171, egy tulajdonost\u00f3l sz\u00e1rmaz\u00f3, gyakorlatilag \u00faj p\u00e9ld\u00e1nyt m\u00e9g ritk\u00e1bb\u00e1 \u00e9s m\u00e9g egyedibb\u00e9 teszi.","og_url":"https:\/\/pistonaddict.com\/hu\/product\/amg-sls-roadster\/","og_site_name":"Piston Addict","article_modified_time":"2024-03-19T15:40:25+00:00","og_image":[{"width":2560,"height":1527,"url":"https:\/\/pistonaddict.com\/wp-content\/uploads\/2024\/03\/1-scaled.jpg","type":"image\/jpeg"}],"twitter_card":"summary_large_image","twitter_misc":{"Becs\u00fclt olvas\u00e1si id\u0151":"3 perc"},"schema":{"@context":"https:\/\/schema.org","@graph":[{"@type":"WebPage","@id":"https:\/\/pistonaddict.com\/hu\/product\/amg-sls-roadster\/","url":"https:\/\/pistonaddict.com\/hu\/product\/amg-sls-roadster\/","name":"AMG SLS Roadster - Piston Addict","isPartOf":{"@id":"https:\/\/pistonaddict.com\/hu\/#website"},"primaryImageOfPage":{"@id":"https:\/\/pistonaddict.com\/hu\/product\/amg-sls-roadster\/#primaryimage"},"image":{"@id":"https:\/\/pistonaddict.com\/hu\/product\/amg-sls-roadster\/#primaryimage"},"thumbnailUrl":"https:\/\/pistonaddict.com\/wp-content\/uploads\/2024\/03\/1-scaled.jpg","datePublished":"2024-03-15T16:17:18+00:00","dateModified":"2024-03-19T15:40:25+00:00","breadcrumb":{"@id":"https:\/\/pistonaddict.com\/hu\/product\/amg-sls-roadster\/#breadcrumb"},"inLanguage":"hu","potentialAction":[{"@type":"ReadAction","target":["https:\/\/pistonaddict.com\/hu\/product\/amg-sls-roadster\/"]}]},{"@type":"ImageObject","inLanguage":"hu","@id":"https:\/\/pistonaddict.com\/hu\/product\/amg-sls-roadster\/#primaryimage","url":"https:\/\/pistonaddict.com\/wp-content\/uploads\/2024\/03\/1-scaled.jpg","contentUrl":"https:\/\/pistonaddict.com\/wp-content\/uploads\/2024\/03\/1-scaled.jpg","width":2560,"height":1527},{"@type":"BreadcrumbList","@id":"https:\/\/pistonaddict.com\/hu\/product\/amg-sls-roadster\/#breadcrumb","itemListElement":[{"@type":"ListItem","position":1,"name":"Kezd\u0151lap","item":"https:\/\/pistonaddict.com\/hu\/honlap\/"},{"@type":"ListItem","position":2,"name":"Auctions","item":"https:\/\/pistonaddict.com\/auctions-listing\/"},{"@type":"ListItem","position":3,"name":"AMG SLS Roadster"}]},{"@type":"WebSite","@id":"https:\/\/pistonaddict.com\/hu\/#website","url":"https:\/\/pistonaddict.com\/hu\/","name":"Piston Addict","description":"Only interesting vehicles","publisher":{"@id":"https:\/\/pistonaddict.com\/hu\/#organization"},"potentialAction":[{"@type":"SearchAction","target":{"@type":"EntryPoint","urlTemplate":"https:\/\/pistonaddict.com\/hu\/?s={search_term_string}"},"query-input":"required name=search_term_string"}],"inLanguage":"hu"},{"@type":"Organization","@id":"https:\/\/pistonaddict.com\/hu\/#organization","name":"Piston Addict","url":"https:\/\/pistonaddict.com\/hu\/","logo":{"@type":"ImageObject","inLanguage":"hu","@id":"https:\/\/pistonaddict.com\/hu\/#\/schema\/logo\/image\/","url":"https:\/\/pistonaddict.com\/wp-content\/uploads\/2022\/07\/logo-6.png","contentUrl":"https:\/\/pistonaddict.com\/wp-content\/uploads\/2022\/07\/logo-6.png","width":970,"height":200,"caption":"Piston Addict"},"image":{"@id":"https:\/\/pistonaddict.com\/hu\/#\/schema\/logo\/image\/"}}]}},"_links":{"self":[{"href":"https:\/\/pistonaddict.com\/hu\/wp-json\/wp\/v2\/product\/96715"}],"collection":[{"href":"https:\/\/pistonaddict.com\/hu\/wp-json\/wp\/v2\/product"}],"about":[{"href":"https:\/\/pistonaddict.com\/hu\/wp-json\/wp\/v2\/types\/product"}],"replies":[{"embeddable":true,"href":"https:\/\/pistonaddict.com\/hu\/wp-json\/wp\/v2\/comments?post=96715"}],"wp:featuredmedia":[{"embeddable":true,"href":"https:\/\/pistonaddict.com\/hu\/wp-json\/wp\/v2\/media\/95996"}],"wp:attachment":[{"href":"https:\/\/pistonaddict.com\/hu\/wp-json\/wp\/v2\/media?parent=96715"}],"wp:term":[{"taxonomy":"product_cat","embeddable":true,"href":"https:\/\/pistonaddict.com\/hu\/wp-json\/wp\/v2\/product_cat?post=96715"},{"taxonomy":"product_tag","embeddable":true,"href":"https:\/\/pistonaddict.com\/hu\/wp-json\/wp\/v2\/product_tag?post=96715"}],"curies":[{"name":"wp","href":"https:\/\/api.w.org\/{rel}","templated":true}]}}