{"id":92888,"date":"2024-02-23T14:19:05","date_gmt":"2024-02-23T13:19:05","guid":{"rendered":"https:\/\/pistonaddict.com\/product\/volkswagen-1303-kabrio-triple-white-beetle-haromszoros-feher-bogar\/"},"modified":"2024-03-20T09:46:59","modified_gmt":"2024-03-20T08:46:59","slug":"volkswagen-1303-kabrio-haromszoros-feher-bogar","status":"publish","type":"product","link":"https:\/\/pistonaddict.com\/hu\/product\/volkswagen-1303-kabrio-haromszoros-feher-bogar\/","title":{"rendered":"Volkswagen 1303 Kabri\u00f3 Triple White Beetle H\u00e1romszoros Feh\u00e9r Bog\u00e1r"},"content":{"rendered":"<p>Ha a norm\u00e1l Volkswagen Bog\u00e1r a gazdas\u00e1gos modell volt, amely a vil\u00e1got kerekekre tette, a kabri\u00f3 v\u00e1ltozata mindig is az el\u0151kel\u0151bb \u00e9s tekint\u00e9lyesebb volt. El\u0151sz\u00f6r is, a h\u00edres Karmann karossz\u00e9ria\u00e9p\u00edt\u0151 m\u0171hely gy\u00e1rtotta, \u00e9s sz\u00e1mos m\u00f3dos\u00edt\u00e1ssal rendelkezett a sz\u00e9riamodellhez k\u00e9pest. Ez nem csak egy buk\u00f3teres Bog\u00e1r volt; ez egy teljesen m\u00e1s aut\u00f3 volt, tov\u00e1bbfejlesztett alv\u00e1zzal, m\u00e1s ajt\u00f3kkal, sz\u00e9lv\u00e9d\u0151kkel \u00e9s k\u00fcl\u00f6nleges panelekkel. A Volkswagen Beetle Cabrio hossz\u00fa gy\u00e1rt\u00e1s\u00e1nak v\u00e9ge fel\u00e9 tov\u00e1bbfejlesztett motort, els\u0151 t\u00e1rcsaf\u00e9keket \u00e9s t\u00f6bb funkci\u00f3t kapott, \u00edgy jobb \u00e9s kompetensebb nyitott tet\u0151aut\u00f3v\u00e1 v\u00e1lt. Ma b\u00fcszk\u00e9n mutatunk be egy ilyen aut\u00f3t. Egy 1979-es Volkswagen 1303 Cabrio egyedi, h\u00e1romszoros feh\u00e9r sz\u00ednben, 1,6 literes befecskendez\u00e9ses motorral, teljesen eredeti \u00e1llapotban. Eredetileg az Egyes\u00fclt \u00c1llamokban \u00e9rt\u00e9kes\u00edtett\u00e9k ezt a k\u00e9s\u0151i Bog\u00e1r kabri\u00f3t, amelyet Super Beetle n\u00e9ven hoztak forgalomba, \u00e9s a jobb felszerelts\u00e9gnek, valamint a 48 l\u00f3er\u0151s motornak \u00e9s a 130 km\/h-s (82 mph) v\u00e9gsebess\u00e9gnek k\u00f6sz\u00f6nhet\u0151en a k\u00edv\u00e1natosabb p\u00e9ld\u00e1nyok k\u00f6z\u00e9 tartozik. Ezt a konkr\u00e9t aut\u00f3t 1979 december\u00e9ben gy\u00e1rtott\u00e1k, \u00edgy ez az egyik utols\u00f3 Beetle kabri\u00f3, amelynek gy\u00e1rt\u00e1sa 1980 elej\u00e9n fejez\u0151d\u00f6tt be. A Volkswagen 1980-ban mind\u00f6ssze 4572 1303 Cabrio-t adott el, nagyon keveset Tripple-White sz\u00ednben, \u00e9s ez az egyik ilyen. Ezek a k\u00e9sei modellek sz\u00e1mos egyedi tervez\u00e9si jellemz\u0151vel rendelkeznek, amelyek m\u00e9g praktikusabb\u00e1 \u00e9s \u00e9lvezetesebb\u00e9 teszik \u0151ket. A nagyobb els\u0151 csomagt\u00e9r \u00e9s az enyh\u00e9n \u00edvelt sz\u00e9lv\u00e9d\u0151 p\u00e9ld\u00e1ul cs\u00f6kkentette a sz\u00e9lzajt, f\u0151k\u00e9nt lehajtott tet\u0151vel val\u00f3 vezet\u00e9skor.<\/p>\n<p><strong>Belt\u00e9r<\/strong><\/p>\n<p>A feh\u00e9r vinil \u00fcl\u00e9sek kiv\u00e1l\u00f3 \u00e1llapotban vannak, \u00e9s a szemet gy\u00f6ny\u00f6rk\u00f6dtet\u0151 Beetle belseje teljesen eredeti. A faburkolat\u00fa m\u0171szerfal, az egyedi korm\u00e1nyker\u00e9k \u00e9s a jobb ergon\u00f3mia r\u00e9v\u00e9n ez a legkiv\u00e1l\u00f3bb vezet\u0151i k\u00f6rnyezet a klasszikus Bog\u00e1r modellek k\u00f6z\u00fcl. A m\u0171szerfal nem repedt; az audiorendszer b\u00e1jos 80-as \u00e9vekbeli Blaupunkt kazett\u00e1s egys\u00e9ggel rendelkezik.<\/p>\n<p><strong>Aut\u00f3 \u00e1llapota<\/strong><\/p>\n<p>A mind\u00f6ssze 94 000 kilom\u00e9tert futott \u00e9s n\u00e9h\u00e1ny gondos tulajdonost\u00f3l sz\u00e1rmaz\u00f3 1303 Cabrio fel\u00faj\u00edt\u00e1son esett \u00e1t, \u00e9s meg\u0151rizte az eredeti, a sz\u00e1moknak megfelel\u0151 motort \u00e9s sebess\u00e9gv\u00e1lt\u00f3t. Az \u00e1ltal\u00e1nos \u00e1llapot k\u00f6zel t\u00f6k\u00e9letes, minden m\u0171k\u00f6dik, nincs rozsdafolt vagy elsz\u00ednez\u0151d\u00e9s. Az utols\u00f3 szervizel\u00e9sre 2023 okt\u00f3ber\u00e9ben ker\u00fclt sor, \u00e9s az aut\u00f3 a 2024-es \u00e9ves m\u0171szaki vizsg\u00e1n is gond n\u00e9lk\u00fcl megfelelt. Az ilyen aut\u00f3kon a vinil tet\u0151 gyakran probl\u00e9m\u00e1s, de \u00f6r\u00f6mmel jelentj\u00fck, hogy m\u00e9g ez is t\u00f6k\u00e9letes \u00e1llapotban van, nincs szakad\u00e1s vagy sziv\u00e1rg\u00e1s. A fut\u00f3m\u0171 ugyanolyan tiszta, mint a test, nincs rozsd\u00e1sod\u00e1s. Az aut\u00f3t szakszer\u0171en, a legmagasabb sz\u00ednvonalon, eredeti alkatr\u00e9szekb\u0151l \u00e1ll\u00edtott\u00e1k helyre, \u00e9s egy VW-specialista tartotta karban. A fel\u00faj\u00edt\u00e1s \u00f3ta a j\u00e1rm\u0171vet l\u00e9gkondicion\u00e1lt gar\u00e1zsban t\u00e1rolj\u00e1k.<\/p>\n<p><strong>K\u00fcls\u0151 \u00e9s kerekek<\/strong><\/p>\n<p>A jellegzetes feh\u00e9r sz\u00edn ide\u00e1lis \u00e1llapotban van, \u00e9s a h\u00e1rmas feh\u00e9r sz\u00edn\u00f6ssze\u00e1ll\u00edt\u00e1s eredeti \u00e9s ritka. A kerekek eredeti 15 colos, kr\u00f3mozott ker\u00e9kt\u00e1rcs\u00e1k, amelyek vadonat\u00faj (DOT 2023) \u00e9s megfelel\u0151 m\u00e9ret\u0171 (175\/70\/R15) gumikkal vannak ell\u00e1tva.<\/p>\n<p><strong>Dokument\u00e1ci\u00f3<\/strong><\/p>\n<p>A mag\u00e1nelad\u00f3 ezt a j\u00e1rm\u0171vet megfelel\u0151 dokument\u00e1ci\u00f3val \u00e9rt\u00e9kes\u00edti Hollandi\u00e1ban. A <strong>holland MOT (APK) 2024 augusztus\u00e1ig \u00e9rv\u00e9nyes<\/strong>. Vannak nyilv\u00e1ntart\u00e1sok a rendszeres karbantart\u00e1sr\u00f3l, az elad\u00e1si sz\u00e1ml\u00e1kr\u00f3l \u00e9s a nyugt\u00e1kr\u00f3l. A dokument\u00e1ci\u00f3 tartalmazza az eredeti tulajdonjogot, prospektusokat, <a href=\"https:\/\/pistonaddict.com\/wp-content\/uploads\/2024\/02\/Zertificat.pdf\" target=\"blank\" rel=\"noopener\">VW klasszikus szakv\u00e9lem\u00e9nyt<\/a> \u00e9s regisztr\u00e1ci\u00f3s pap\u00edrokat. Erre a modellre nincs gy\u00e1ri garancia.<\/p>\n<p><strong><br \/>\nN\u00e9zze meg a hidegind\u00edt\u00e1s vide\u00f3 ezt a gy\u00f6ny\u00f6r\u0171 kabri\u00f3 Beetle Triple White :<\/strong><\/p>\n<p>&nbsp;<\/p>\n<p><iframe title=\"Cold Start Video of the Volkswagen Coccinelle\/Beetle Cabriolet 1.6 Triple White\" width=\"1200\" height=\"675\" src=\"https:\/\/www.youtube.com\/embed\/G0rjRvyjhRo?feature=oembed\" frameborder=\"0\" allow=\"accelerometer; autoplay; clipboard-write; encrypted-media; gyroscope; picture-in-picture; web-share\" allowfullscreen><\/iframe><\/p>\n<p><strong> <\/strong><\/p>\n","protected":false},"excerpt":{"rendered":"<p>A Volkswagen n\u00e9vad\u00f3 Bog\u00e1rja a 20. sz\u00e1zad egyik isten\u00edtett aut\u00f3ja volt, \u00e9s m\u00e9g mindig az egyik legjobb indul\u00f3 klasszikus. A kabri\u00f3 v\u00e1ltozat azonban sokkal ritk\u00e1bb, men\u0151bb, \u00e9s t\u00f6k\u00e9letes a szabadt\u00e9ri tengerparti aut\u00f3z\u00e1shoz az \u00f6sszet\u00e9veszthetetlen n\u00e9gyhengeres hangj\u00e1val. Ha elvar\u00e1zsolj\u00e1k a klasszikus Bog\u00e1r vonalak, de egy olyan aut\u00f3t keres, amely jobb vezethet\u0151s\u00e9ggel \u00e9s er\u0151vel rendelkezik, akkor ez a t\u00f6k\u00e9letes aut\u00f3 az \u00d6n sz\u00e1m\u00e1ra. K\u00edv\u00e1natosabb, k\u00e9s\u0151bbi 1303-as kabri\u00f3 modell, er\u0151sebb \u00e9s befecskendez\u00e9ses motorral, k\u00e9szen a ny\u00e1ri szezonra.<\/p>\n","protected":false},"featured_media":92685,"comment_status":"open","ping_status":"closed","template":"","meta":{"inline_featured_image":false},"product_cat":[731],"product_tag":[2972,964,2970],"acf":[],"yoast_head":"<!-- This site is optimized with the Yoast SEO plugin v22.5 - https:\/\/yoast.com\/wordpress\/plugins\/seo\/ -->\n<title>Volkswagen 1303 Kabri\u00f3 Triple White Beetle H\u00e1romszoros Feh\u00e9r Bog\u00e1r - Piston Addict<\/title>\n<meta name=\"robots\" content=\"index, follow, max-snippet:-1, max-image-preview:large, max-video-preview:-1\" \/>\n<link rel=\"canonical\" href=\"https:\/\/pistonaddict.com\/hu\/product\/volkswagen-1303-kabrio-haromszoros-feher-bogar\/\" \/>\n<meta property=\"og:locale\" content=\"hu_HU\" \/>\n<meta property=\"og:type\" content=\"article\" \/>\n<meta property=\"og:title\" content=\"Volkswagen 1303 Kabri\u00f3 Triple White Beetle H\u00e1romszoros Feh\u00e9r Bog\u00e1r - Piston Addict\" \/>\n<meta property=\"og:description\" content=\"A Volkswagen n\u00e9vad\u00f3 Bog\u00e1rja a 20. sz\u00e1zad egyik isten\u00edtett aut\u00f3ja volt, \u00e9s m\u00e9g mindig az egyik legjobb indul\u00f3 klasszikus. A kabri\u00f3 v\u00e1ltozat azonban sokkal ritk\u00e1bb, men\u0151bb, \u00e9s t\u00f6k\u00e9letes a szabadt\u00e9ri tengerparti aut\u00f3z\u00e1shoz az \u00f6sszet\u00e9veszthetetlen n\u00e9gyhengeres hangj\u00e1val. Ha elvar\u00e1zsolj\u00e1k a klasszikus Bog\u00e1r vonalak, de egy olyan aut\u00f3t keres, amely jobb vezethet\u0151s\u00e9ggel \u00e9s er\u0151vel rendelkezik, akkor ez a t\u00f6k\u00e9letes aut\u00f3 az \u00d6n sz\u00e1m\u00e1ra. K\u00edv\u00e1natosabb, k\u00e9s\u0151bbi 1303-as kabri\u00f3 modell, er\u0151sebb \u00e9s befecskendez\u00e9ses motorral, k\u00e9szen a ny\u00e1ri szezonra.\" \/>\n<meta property=\"og:url\" content=\"https:\/\/pistonaddict.com\/hu\/product\/volkswagen-1303-kabrio-haromszoros-feher-bogar\/\" \/>\n<meta property=\"og:site_name\" content=\"Piston Addict\" \/>\n<meta property=\"article:modified_time\" content=\"2024-03-20T08:46:59+00:00\" \/>\n<meta property=\"og:image\" content=\"https:\/\/pistonaddict.com\/wp-content\/uploads\/2024\/02\/b2c02738-a5a6-4266-893c-b51da700edcd-1.jpg\" \/>\n\t<meta property=\"og:image:width\" content=\"1600\" \/>\n\t<meta property=\"og:image:height\" content=\"1200\" \/>\n\t<meta property=\"og:image:type\" content=\"image\/jpeg\" \/>\n<meta name=\"twitter:card\" content=\"summary_large_image\" \/>\n<meta name=\"twitter:label1\" content=\"Becs\u00fclt olvas\u00e1si id\u0151\" \/>\n\t<meta name=\"twitter:data1\" content=\"4 perc\" \/>\n<script type=\"application\/ld+json\" class=\"yoast-schema-graph\">{\"@context\":\"https:\/\/schema.org\",\"@graph\":[{\"@type\":\"WebPage\",\"@id\":\"https:\/\/pistonaddict.com\/hu\/product\/volkswagen-1303-kabrio-haromszoros-feher-bogar\/\",\"url\":\"https:\/\/pistonaddict.com\/hu\/product\/volkswagen-1303-kabrio-haromszoros-feher-bogar\/\",\"name\":\"Volkswagen 1303 Kabri\u00f3 Triple White Beetle H\u00e1romszoros Feh\u00e9r Bog\u00e1r - Piston Addict\",\"isPartOf\":{\"@id\":\"https:\/\/pistonaddict.com\/hu\/#website\"},\"primaryImageOfPage\":{\"@id\":\"https:\/\/pistonaddict.com\/hu\/product\/volkswagen-1303-kabrio-haromszoros-feher-bogar\/#primaryimage\"},\"image\":{\"@id\":\"https:\/\/pistonaddict.com\/hu\/product\/volkswagen-1303-kabrio-haromszoros-feher-bogar\/#primaryimage\"},\"thumbnailUrl\":\"https:\/\/pistonaddict.com\/wp-content\/uploads\/2024\/02\/b2c02738-a5a6-4266-893c-b51da700edcd-1.jpg\",\"datePublished\":\"2024-02-23T13:19:05+00:00\",\"dateModified\":\"2024-03-20T08:46:59+00:00\",\"breadcrumb\":{\"@id\":\"https:\/\/pistonaddict.com\/hu\/product\/volkswagen-1303-kabrio-haromszoros-feher-bogar\/#breadcrumb\"},\"inLanguage\":\"hu\",\"potentialAction\":[{\"@type\":\"ReadAction\",\"target\":[\"https:\/\/pistonaddict.com\/hu\/product\/volkswagen-1303-kabrio-haromszoros-feher-bogar\/\"]}]},{\"@type\":\"ImageObject\",\"inLanguage\":\"hu\",\"@id\":\"https:\/\/pistonaddict.com\/hu\/product\/volkswagen-1303-kabrio-haromszoros-feher-bogar\/#primaryimage\",\"url\":\"https:\/\/pistonaddict.com\/wp-content\/uploads\/2024\/02\/b2c02738-a5a6-4266-893c-b51da700edcd-1.jpg\",\"contentUrl\":\"https:\/\/pistonaddict.com\/wp-content\/uploads\/2024\/02\/b2c02738-a5a6-4266-893c-b51da700edcd-1.jpg\",\"width\":1600,\"height\":1200},{\"@type\":\"BreadcrumbList\",\"@id\":\"https:\/\/pistonaddict.com\/hu\/product\/volkswagen-1303-kabrio-haromszoros-feher-bogar\/#breadcrumb\",\"itemListElement\":[{\"@type\":\"ListItem\",\"position\":1,\"name\":\"Kezd\u0151lap\",\"item\":\"https:\/\/pistonaddict.com\/hu\/honlap\/\"},{\"@type\":\"ListItem\",\"position\":2,\"name\":\"Auctions\",\"item\":\"https:\/\/pistonaddict.com\/auctions-listing\/\"},{\"@type\":\"ListItem\",\"position\":3,\"name\":\"Volkswagen 1303 Kabri\u00f3 Triple White Beetle H\u00e1romszoros Feh\u00e9r Bog\u00e1r\"}]},{\"@type\":\"WebSite\",\"@id\":\"https:\/\/pistonaddict.com\/hu\/#website\",\"url\":\"https:\/\/pistonaddict.com\/hu\/\",\"name\":\"Piston Addict\",\"description\":\"Only interesting vehicles\",\"publisher\":{\"@id\":\"https:\/\/pistonaddict.com\/hu\/#organization\"},\"potentialAction\":[{\"@type\":\"SearchAction\",\"target\":{\"@type\":\"EntryPoint\",\"urlTemplate\":\"https:\/\/pistonaddict.com\/hu\/?s={search_term_string}\"},\"query-input\":\"required name=search_term_string\"}],\"inLanguage\":\"hu\"},{\"@type\":\"Organization\",\"@id\":\"https:\/\/pistonaddict.com\/hu\/#organization\",\"name\":\"Piston Addict\",\"url\":\"https:\/\/pistonaddict.com\/hu\/\",\"logo\":{\"@type\":\"ImageObject\",\"inLanguage\":\"hu\",\"@id\":\"https:\/\/pistonaddict.com\/hu\/#\/schema\/logo\/image\/\",\"url\":\"https:\/\/pistonaddict.com\/wp-content\/uploads\/2022\/07\/logo-6.png\",\"contentUrl\":\"https:\/\/pistonaddict.com\/wp-content\/uploads\/2022\/07\/logo-6.png\",\"width\":970,\"height\":200,\"caption\":\"Piston Addict\"},\"image\":{\"@id\":\"https:\/\/pistonaddict.com\/hu\/#\/schema\/logo\/image\/\"}}]}<\/script>\n<!-- \/ Yoast SEO plugin. -->","yoast_head_json":{"title":"Volkswagen 1303 Kabri\u00f3 Triple White Beetle H\u00e1romszoros Feh\u00e9r Bog\u00e1r - Piston Addict","robots":{"index":"index","follow":"follow","max-snippet":"max-snippet:-1","max-image-preview":"max-image-preview:large","max-video-preview":"max-video-preview:-1"},"canonical":"https:\/\/pistonaddict.com\/hu\/product\/volkswagen-1303-kabrio-haromszoros-feher-bogar\/","og_locale":"hu_HU","og_type":"article","og_title":"Volkswagen 1303 Kabri\u00f3 Triple White Beetle H\u00e1romszoros Feh\u00e9r Bog\u00e1r - Piston Addict","og_description":"A Volkswagen n\u00e9vad\u00f3 Bog\u00e1rja a 20. sz\u00e1zad egyik isten\u00edtett aut\u00f3ja volt, \u00e9s m\u00e9g mindig az egyik legjobb indul\u00f3 klasszikus. A kabri\u00f3 v\u00e1ltozat azonban sokkal ritk\u00e1bb, men\u0151bb, \u00e9s t\u00f6k\u00e9letes a szabadt\u00e9ri tengerparti aut\u00f3z\u00e1shoz az \u00f6sszet\u00e9veszthetetlen n\u00e9gyhengeres hangj\u00e1val. Ha elvar\u00e1zsolj\u00e1k a klasszikus Bog\u00e1r vonalak, de egy olyan aut\u00f3t keres, amely jobb vezethet\u0151s\u00e9ggel \u00e9s er\u0151vel rendelkezik, akkor ez a t\u00f6k\u00e9letes aut\u00f3 az \u00d6n sz\u00e1m\u00e1ra. K\u00edv\u00e1natosabb, k\u00e9s\u0151bbi 1303-as kabri\u00f3 modell, er\u0151sebb \u00e9s befecskendez\u00e9ses motorral, k\u00e9szen a ny\u00e1ri szezonra.","og_url":"https:\/\/pistonaddict.com\/hu\/product\/volkswagen-1303-kabrio-haromszoros-feher-bogar\/","og_site_name":"Piston Addict","article_modified_time":"2024-03-20T08:46:59+00:00","og_image":[{"width":1600,"height":1200,"url":"https:\/\/pistonaddict.com\/wp-content\/uploads\/2024\/02\/b2c02738-a5a6-4266-893c-b51da700edcd-1.jpg","type":"image\/jpeg"}],"twitter_card":"summary_large_image","twitter_misc":{"Becs\u00fclt olvas\u00e1si id\u0151":"4 perc"},"schema":{"@context":"https:\/\/schema.org","@graph":[{"@type":"WebPage","@id":"https:\/\/pistonaddict.com\/hu\/product\/volkswagen-1303-kabrio-haromszoros-feher-bogar\/","url":"https:\/\/pistonaddict.com\/hu\/product\/volkswagen-1303-kabrio-haromszoros-feher-bogar\/","name":"Volkswagen 1303 Kabri\u00f3 Triple White Beetle H\u00e1romszoros Feh\u00e9r Bog\u00e1r - Piston Addict","isPartOf":{"@id":"https:\/\/pistonaddict.com\/hu\/#website"},"primaryImageOfPage":{"@id":"https:\/\/pistonaddict.com\/hu\/product\/volkswagen-1303-kabrio-haromszoros-feher-bogar\/#primaryimage"},"image":{"@id":"https:\/\/pistonaddict.com\/hu\/product\/volkswagen-1303-kabrio-haromszoros-feher-bogar\/#primaryimage"},"thumbnailUrl":"https:\/\/pistonaddict.com\/wp-content\/uploads\/2024\/02\/b2c02738-a5a6-4266-893c-b51da700edcd-1.jpg","datePublished":"2024-02-23T13:19:05+00:00","dateModified":"2024-03-20T08:46:59+00:00","breadcrumb":{"@id":"https:\/\/pistonaddict.com\/hu\/product\/volkswagen-1303-kabrio-haromszoros-feher-bogar\/#breadcrumb"},"inLanguage":"hu","potentialAction":[{"@type":"ReadAction","target":["https:\/\/pistonaddict.com\/hu\/product\/volkswagen-1303-kabrio-haromszoros-feher-bogar\/"]}]},{"@type":"ImageObject","inLanguage":"hu","@id":"https:\/\/pistonaddict.com\/hu\/product\/volkswagen-1303-kabrio-haromszoros-feher-bogar\/#primaryimage","url":"https:\/\/pistonaddict.com\/wp-content\/uploads\/2024\/02\/b2c02738-a5a6-4266-893c-b51da700edcd-1.jpg","contentUrl":"https:\/\/pistonaddict.com\/wp-content\/uploads\/2024\/02\/b2c02738-a5a6-4266-893c-b51da700edcd-1.jpg","width":1600,"height":1200},{"@type":"BreadcrumbList","@id":"https:\/\/pistonaddict.com\/hu\/product\/volkswagen-1303-kabrio-haromszoros-feher-bogar\/#breadcrumb","itemListElement":[{"@type":"ListItem","position":1,"name":"Kezd\u0151lap","item":"https:\/\/pistonaddict.com\/hu\/honlap\/"},{"@type":"ListItem","position":2,"name":"Auctions","item":"https:\/\/pistonaddict.com\/auctions-listing\/"},{"@type":"ListItem","position":3,"name":"Volkswagen 1303 Kabri\u00f3 Triple White Beetle H\u00e1romszoros Feh\u00e9r Bog\u00e1r"}]},{"@type":"WebSite","@id":"https:\/\/pistonaddict.com\/hu\/#website","url":"https:\/\/pistonaddict.com\/hu\/","name":"Piston Addict","description":"Only interesting vehicles","publisher":{"@id":"https:\/\/pistonaddict.com\/hu\/#organization"},"potentialAction":[{"@type":"SearchAction","target":{"@type":"EntryPoint","urlTemplate":"https:\/\/pistonaddict.com\/hu\/?s={search_term_string}"},"query-input":"required name=search_term_string"}],"inLanguage":"hu"},{"@type":"Organization","@id":"https:\/\/pistonaddict.com\/hu\/#organization","name":"Piston Addict","url":"https:\/\/pistonaddict.com\/hu\/","logo":{"@type":"ImageObject","inLanguage":"hu","@id":"https:\/\/pistonaddict.com\/hu\/#\/schema\/logo\/image\/","url":"https:\/\/pistonaddict.com\/wp-content\/uploads\/2022\/07\/logo-6.png","contentUrl":"https:\/\/pistonaddict.com\/wp-content\/uploads\/2022\/07\/logo-6.png","width":970,"height":200,"caption":"Piston Addict"},"image":{"@id":"https:\/\/pistonaddict.com\/hu\/#\/schema\/logo\/image\/"}}]}},"_links":{"self":[{"href":"https:\/\/pistonaddict.com\/hu\/wp-json\/wp\/v2\/product\/92888"}],"collection":[{"href":"https:\/\/pistonaddict.com\/hu\/wp-json\/wp\/v2\/product"}],"about":[{"href":"https:\/\/pistonaddict.com\/hu\/wp-json\/wp\/v2\/types\/product"}],"replies":[{"embeddable":true,"href":"https:\/\/pistonaddict.com\/hu\/wp-json\/wp\/v2\/comments?post=92888"}],"wp:featuredmedia":[{"embeddable":true,"href":"https:\/\/pistonaddict.com\/hu\/wp-json\/wp\/v2\/media\/92685"}],"wp:attachment":[{"href":"https:\/\/pistonaddict.com\/hu\/wp-json\/wp\/v2\/media?parent=92888"}],"wp:term":[{"taxonomy":"product_cat","embeddable":true,"href":"https:\/\/pistonaddict.com\/hu\/wp-json\/wp\/v2\/product_cat?post=92888"},{"taxonomy":"product_tag","embeddable":true,"href":"https:\/\/pistonaddict.com\/hu\/wp-json\/wp\/v2\/product_tag?post=92888"}],"curies":[{"name":"wp","href":"https:\/\/api.w.org\/{rel}","templated":true}]}}