{"id":89359,"date":"2024-01-31T11:03:43","date_gmt":"2024-01-31T10:03:43","guid":{"rendered":"https:\/\/pistonaddict.com\/product\/abarth-695-tributo-ferrari-no424\/"},"modified":"2024-03-20T09:46:45","modified_gmt":"2024-03-20T08:46:45","slug":"abarth-695-tributo-ferrari-no424","status":"publish","type":"product","link":"https:\/\/pistonaddict.com\/hu\/product\/abarth-695-tributo-ferrari-no424\/","title":{"rendered":"Abarth 695 Tributo Ferrari n\u00ba424"},"content":{"rendered":"<h2>K\u00fcls\u0151<\/h2>\n<p>A h\u00edres \u00e9s rendk\u00edv\u00fcl n\u00e9pszer\u0171 Fiat 500-on alapul\u00f3 695-\u00f6st val\u00f3sz\u00edn\u0171leg nem kell k\u00fcl\u00f6n\u00f6sebben bemutatni. Az Abarth massz\u00edv l\u00f6kh\u00e1r\u00edt\u00f3kat adott hozz\u00e1 el\u00f6l \u00e9s h\u00e1tul, a hozz\u00e1 ill\u0151 k\u00fcsz\u00f6bbor\u00edt\u00e1ssal, h\u00e1ts\u00f3 spoilerrel \u00e9s dupla kipufog\u00f3val egy\u00fctt. \u00c9s hogy m\u00e9g jobban feldobj\u00e1k, olyan r\u00e9szleteket szereltek fel, mint a sz\u00e9nsz\u00e1las t\u00fck\u00f6rbor\u00edt\u00e1sok \u00e9s a szemet gy\u00f6ny\u00f6rk\u00f6dtet\u0151 <em>Tributo Ferrari<\/em> jelv\u00e9ny a h\u00e1ts\u00f3 negyedr\u00e9szen.<br \/>\nEz a bizonyos Abart 695 t\u00fczes v\u00f6r\u00f6sre van festve, sz\u00fcrke versenycs\u00edkokkal, amelyek a motorh\u00e1ztet\u0151n kezd\u0151dnek, a tet\u0151n \u00e1t\u00edvelnek, \u00e9s a h\u00e1ts\u00f3 ajt\u00f3n\u00e1l v\u00e9gz\u0151dnek. Hogy mennyit hajtott\u00e1k &#8211; pontosabban nem hajtott\u00e1k &#8211; az aut\u00f3t, azt legjobban a 17 colos kerekek mutatj\u00e1k, amelyeken m\u00e9g mindig a gy\u00e1ri Michelin Pilot gumik vannak.<\/p>\n<h2>Belt\u00e9r<\/h2>\n<p>Ak\u00e1rcsak k\u00edv\u00fclr\u0151l, az aut\u00f3 belseje is gyorsan felfedi val\u00f3di term\u00e9szet\u00e9t. Kezdj\u00fck azzal, hogy a Sabelt \u00e1ltal k\u00e9sz\u00edtett els\u0151 v\u00f6dr\u00f6s \u00fcl\u00e9sek sz\u00e9nsz\u00e1las szerkezet\u0171ek \u00e9s rendk\u00edv\u00fcl t\u00e1maszt\u00f3ak. Ha be\u00fcl bel\u00e9j\u00fck, a vezet\u0151 egy h\u00e1rom k\u00fcll\u0151s, piros \u00e9kezetekkel \u00e9s varr\u00e1ssal ell\u00e1tott b\u0151rkorm\u00e1ny m\u00f6g\u00f6tt tal\u00e1lja mag\u00e1t. Mivel ez az Abart automatiz\u00e1lt sebess\u00e9gv\u00e1lt\u00f3val felszerelt modell, a k\u00f6z\u00e9pkonzolon nincs sebess\u00e9gv\u00e1lt\u00f3kar &#8211; ehelyett csak n\u00e9h\u00e1ny gomb tal\u00e1lhat\u00f3 a h\u00e1tramenet, a meghajt\u00e1s vagy a semleges \u00e1ll\u00e1s kiv\u00e1laszt\u00e1s\u00e1ra. De a korm\u00e1nyker\u00e9ken is vannak tappancsok, ha a vezet\u0151 k\u00e9zzel akarja v\u00e1ltani a fokozatokat.<\/p>\n<p>Az eg\u00e9sz bels\u0151 teret gy\u00f6ny\u00f6r\u0171 r\u00e9szletek bor\u00edtj\u00e1k, mint p\u00e9ld\u00e1ul a sz\u00e9nsz\u00e1las d\u00edsz\u00edt\u0151elemek, a l\u00e9gkondicion\u00e1l\u00f3 \u00e9s az USB-csatlakoz\u00e1ssal ell\u00e1tott sztere\u00f3, valamint a <em>Tributo Ferrari<\/em> jelv\u00e9nyek minden\u00fctt.<\/p>\n<h2>Mechanika<\/h2>\n<p>Ez az agressz\u00edv megjelen\u00e9s\u0171 olasz sportster egy 1,4 literes turb\u00f3motorral rendelkezik, amelyb\u0151l az Abarth m\u00e9rn\u00f6keinek siker\u00fclt elk\u00e9peszt\u0151 180 l\u00f3er\u0151t kipr\u00e9selni\u00fck. Az els\u0151 kerekekhez az er\u0151t egy f\u00e9lautomata MTA sebess\u00e9gv\u00e1lt\u00f3 sz\u00e1ll\u00edtja, amely automata vagy k\u00e9zi \u00fczemm\u00f3dban egyar\u00e1nt m\u0171k\u00f6dik. Persze, ha ekkora teljes\u00edtm\u00e9nyt tesz\u00fcnk egy ilyen k\u00f6nny\u0171 aut\u00f3ba, az l\u00e1tv\u00e1nyos teljes\u00edtm\u00e9nyt eredm\u00e9nyez, p\u00e9ld\u00e1ul t\u00f6bb mint 220 kilom\u00e9ter\/\u00f3r\u00e1s v\u00e9gsebess\u00e9get. V\u00e9g\u00fcl, hogy mindezt kord\u00e1ban tartsa, ez az Abarth 695 merevebb felf\u00fcggeszt\u00e9ssel \u00e9s nagyobb f\u00e9kekkel van felszerelve.<\/p>\n<h2>A j\u00e1rm\u0171 t\u00f6rt\u00e9nete<\/h2>\n<p>A profi elad\u00f3, aki nemr\u00e9g szerezte meg, az Abarth \u00e1llapot\u00e1t szinte t\u00f6k\u00e9letesnek \u00edrja le. Az alacsony fut\u00e1steljes\u00edtm\u00e9ny mellett az aut\u00f3t utolj\u00e1ra 2023 janu\u00e1rj\u00e1ban szervizelt\u00e9k, amikor a motorolajat cser\u00e9lt\u00e9k. K\u00edv\u00fcl-bel\u00fcl nincs nyoma kop\u00e1snak, s\u00e9r\u00fcl\u00e9snek vagy rozsd\u00e1nak, az egyetlen vizu\u00e1lis hiba k\u00e9t kisebb karcol\u00e1s a jobb oldalon. Ezeket azonban az aut\u00f3 elad\u00e1sa ut\u00e1n a leend\u0151 tulajdonos ingyenesen, szakszer\u0171en megjav\u00edtja.<\/p>\n<p>V\u00e9g\u00fcl, az elad\u00f3 szerint az aut\u00f3, amely jelenleg Spanyolorsz\u00e1gban van, soha nem vett r\u00e9szt balesetben, \u00e9s ezt a <a href=\"https:\/\/pistonaddict.com\/wp-content\/uploads\/2024\/01\/carfaxAbarth695.pdf\">CARFAX<\/a> j\u00e1rm\u0171t\u00f6rt\u00e9neti jelent\u00e9s is bizony\u00edtja. Spanyol m\u0171szaki vizsga (ITV), amely 2024 december\u00e9ig \u00e9rv\u00e9nyes.<\/p>\n<p><strong>N\u00e9zze meg a hidegind\u00edt\u00e1sos vide\u00f3t err\u0151l a gy\u00f6ny\u00f6r\u0171 Abarth 695 Tributo Ferrarir\u00f3l :<\/strong><\/p>\n<p><iframe title=\"Cold Start Video of the Abarth 500 Tributo Ferrari\" width=\"1200\" height=\"675\" src=\"https:\/\/www.youtube.com\/embed\/lzDg2i_JYA4?feature=oembed\" frameborder=\"0\" allow=\"accelerometer; autoplay; clipboard-write; encrypted-media; gyroscope; picture-in-picture; web-share\" allowfullscreen><\/iframe><\/p>\n<p>&nbsp;<\/p>\n","protected":false},"excerpt":{"rendered":"<p>Egy v\u00e1rosi kisaut\u00f3nak nem felt\u00e9tlen\u00fcl csak a sz\u0171k\u00f6s k\u00f6rnyezetben val\u00f3 k\u00f6zleked\u00e9s praktikus m\u00f3dja kell, hogy legyen. Ehelyett a megfelel\u0151 felszerel\u00e9ssel a motorh\u00e1ztet\u0151 alatt igazi zsebrak\u00e9ta lehet, amely, ha megfelel\u0151en fel\u00f6lt\u00f6zik, leny\u0171g\u00f6z\u0151en is n\u00e9z ki. Az egyik ilyen aut\u00f3 az Abarth 500, amely a Fiat legend\u00e1s 60-as \u00e9vekbeli modellj\u00e9nek rendk\u00edv\u00fcl sikeres reinkarn\u00e1ci\u00f3j\u00e1n alapul. Az itt \u00e1rver\u00e9sre ker\u00fcl\u0151 modell azonban egy m\u00e9g jobban felsp\u00e9cizett Abarth 695-\u00f6s v\u00e1ltozat, amely 2010-ben k\u00e9sz\u00fclt, \u00e9s eddig mind\u00f6ssze 6800 kilom\u00e9tert tett meg. Az exkluzivit\u00e1st fokozza, hogy egy ritka Tributo Ferrari modellr\u0151l van sz\u00f3, amelynek gy\u00e1rt\u00e1si sz\u00e1ma 1.695 darabra volt korl\u00e1tozva. L\u00e1ssuk teh\u00e1t, mit k\u00edn\u00e1l ez az exkluz\u00edv \u00e9s agressz\u00edv megjelen\u00e9s\u0171 aut\u00f3&#8230;<\/p>\n","protected":false},"featured_media":89377,"comment_status":"open","ping_status":"closed","template":"","meta":{"inline_featured_image":false},"product_cat":[731],"product_tag":[2924,2925,930],"acf":[],"yoast_head":"<!-- This site is optimized with the Yoast SEO plugin v22.5 - https:\/\/yoast.com\/wordpress\/plugins\/seo\/ -->\n<title>Abarth 695 Tributo Ferrari n\u00ba424 - Piston Addict<\/title>\n<meta name=\"robots\" content=\"index, follow, max-snippet:-1, max-image-preview:large, max-video-preview:-1\" \/>\n<link rel=\"canonical\" href=\"https:\/\/pistonaddict.com\/hu\/product\/abarth-695-tributo-ferrari-no424\/\" \/>\n<meta property=\"og:locale\" content=\"hu_HU\" \/>\n<meta property=\"og:type\" content=\"article\" \/>\n<meta property=\"og:title\" content=\"Abarth 695 Tributo Ferrari n\u00ba424 - Piston Addict\" \/>\n<meta property=\"og:description\" content=\"Egy v\u00e1rosi kisaut\u00f3nak nem felt\u00e9tlen\u00fcl csak a sz\u0171k\u00f6s k\u00f6rnyezetben val\u00f3 k\u00f6zleked\u00e9s praktikus m\u00f3dja kell, hogy legyen. Ehelyett a megfelel\u0151 felszerel\u00e9ssel a motorh\u00e1ztet\u0151 alatt igazi zsebrak\u00e9ta lehet, amely, ha megfelel\u0151en fel\u00f6lt\u00f6zik, leny\u0171g\u00f6z\u0151en is n\u00e9z ki. Az egyik ilyen aut\u00f3 az Abarth 500, amely a Fiat legend\u00e1s 60-as \u00e9vekbeli modellj\u00e9nek rendk\u00edv\u00fcl sikeres reinkarn\u00e1ci\u00f3j\u00e1n alapul. Az itt \u00e1rver\u00e9sre ker\u00fcl\u0151 modell azonban egy m\u00e9g jobban felsp\u00e9cizett Abarth 695-\u00f6s v\u00e1ltozat, amely 2010-ben k\u00e9sz\u00fclt, \u00e9s eddig mind\u00f6ssze 6800 kilom\u00e9tert tett meg. Az exkluzivit\u00e1st fokozza, hogy egy ritka Tributo Ferrari modellr\u0151l van sz\u00f3, amelynek gy\u00e1rt\u00e1si sz\u00e1ma 1.695 darabra volt korl\u00e1tozva. L\u00e1ssuk teh\u00e1t, mit k\u00edn\u00e1l ez az exkluz\u00edv \u00e9s agressz\u00edv megjelen\u00e9s\u0171 aut\u00f3...\" \/>\n<meta property=\"og:url\" content=\"https:\/\/pistonaddict.com\/hu\/product\/abarth-695-tributo-ferrari-no424\/\" \/>\n<meta property=\"og:site_name\" content=\"Piston Addict\" \/>\n<meta property=\"article:modified_time\" content=\"2024-03-20T08:46:45+00:00\" \/>\n<meta property=\"og:image\" content=\"https:\/\/pistonaddict.com\/wp-content\/uploads\/2024\/01\/IMG-20240110-WA0149-1.jpg\" \/>\n\t<meta property=\"og:image:width\" content=\"1600\" \/>\n\t<meta property=\"og:image:height\" content=\"1200\" \/>\n\t<meta property=\"og:image:type\" content=\"image\/jpeg\" \/>\n<meta name=\"twitter:card\" content=\"summary_large_image\" \/>\n<meta name=\"twitter:label1\" content=\"Becs\u00fclt olvas\u00e1si id\u0151\" \/>\n\t<meta name=\"twitter:data1\" content=\"3 perc\" \/>\n<script type=\"application\/ld+json\" class=\"yoast-schema-graph\">{\"@context\":\"https:\/\/schema.org\",\"@graph\":[{\"@type\":\"WebPage\",\"@id\":\"https:\/\/pistonaddict.com\/hu\/product\/abarth-695-tributo-ferrari-no424\/\",\"url\":\"https:\/\/pistonaddict.com\/hu\/product\/abarth-695-tributo-ferrari-no424\/\",\"name\":\"Abarth 695 Tributo Ferrari n\u00ba424 - Piston Addict\",\"isPartOf\":{\"@id\":\"https:\/\/pistonaddict.com\/hu\/#website\"},\"primaryImageOfPage\":{\"@id\":\"https:\/\/pistonaddict.com\/hu\/product\/abarth-695-tributo-ferrari-no424\/#primaryimage\"},\"image\":{\"@id\":\"https:\/\/pistonaddict.com\/hu\/product\/abarth-695-tributo-ferrari-no424\/#primaryimage\"},\"thumbnailUrl\":\"https:\/\/pistonaddict.com\/wp-content\/uploads\/2024\/01\/IMG-20240110-WA0149-1.jpg\",\"datePublished\":\"2024-01-31T10:03:43+00:00\",\"dateModified\":\"2024-03-20T08:46:45+00:00\",\"breadcrumb\":{\"@id\":\"https:\/\/pistonaddict.com\/hu\/product\/abarth-695-tributo-ferrari-no424\/#breadcrumb\"},\"inLanguage\":\"hu\",\"potentialAction\":[{\"@type\":\"ReadAction\",\"target\":[\"https:\/\/pistonaddict.com\/hu\/product\/abarth-695-tributo-ferrari-no424\/\"]}]},{\"@type\":\"ImageObject\",\"inLanguage\":\"hu\",\"@id\":\"https:\/\/pistonaddict.com\/hu\/product\/abarth-695-tributo-ferrari-no424\/#primaryimage\",\"url\":\"https:\/\/pistonaddict.com\/wp-content\/uploads\/2024\/01\/IMG-20240110-WA0149-1.jpg\",\"contentUrl\":\"https:\/\/pistonaddict.com\/wp-content\/uploads\/2024\/01\/IMG-20240110-WA0149-1.jpg\",\"width\":1600,\"height\":1200},{\"@type\":\"BreadcrumbList\",\"@id\":\"https:\/\/pistonaddict.com\/hu\/product\/abarth-695-tributo-ferrari-no424\/#breadcrumb\",\"itemListElement\":[{\"@type\":\"ListItem\",\"position\":1,\"name\":\"Kezd\u0151lap\",\"item\":\"https:\/\/pistonaddict.com\/hu\/honlap\/\"},{\"@type\":\"ListItem\",\"position\":2,\"name\":\"Auctions\",\"item\":\"https:\/\/pistonaddict.com\/auctions-listing\/\"},{\"@type\":\"ListItem\",\"position\":3,\"name\":\"Abarth 695 Tributo Ferrari n\u00ba424\"}]},{\"@type\":\"WebSite\",\"@id\":\"https:\/\/pistonaddict.com\/hu\/#website\",\"url\":\"https:\/\/pistonaddict.com\/hu\/\",\"name\":\"Piston Addict\",\"description\":\"Only interesting vehicles\",\"publisher\":{\"@id\":\"https:\/\/pistonaddict.com\/hu\/#organization\"},\"potentialAction\":[{\"@type\":\"SearchAction\",\"target\":{\"@type\":\"EntryPoint\",\"urlTemplate\":\"https:\/\/pistonaddict.com\/hu\/?s={search_term_string}\"},\"query-input\":\"required name=search_term_string\"}],\"inLanguage\":\"hu\"},{\"@type\":\"Organization\",\"@id\":\"https:\/\/pistonaddict.com\/hu\/#organization\",\"name\":\"Piston Addict\",\"url\":\"https:\/\/pistonaddict.com\/hu\/\",\"logo\":{\"@type\":\"ImageObject\",\"inLanguage\":\"hu\",\"@id\":\"https:\/\/pistonaddict.com\/hu\/#\/schema\/logo\/image\/\",\"url\":\"https:\/\/pistonaddict.com\/wp-content\/uploads\/2022\/07\/logo-6.png\",\"contentUrl\":\"https:\/\/pistonaddict.com\/wp-content\/uploads\/2022\/07\/logo-6.png\",\"width\":970,\"height\":200,\"caption\":\"Piston Addict\"},\"image\":{\"@id\":\"https:\/\/pistonaddict.com\/hu\/#\/schema\/logo\/image\/\"}}]}<\/script>\n<!-- \/ Yoast SEO plugin. -->","yoast_head_json":{"title":"Abarth 695 Tributo Ferrari n\u00ba424 - Piston Addict","robots":{"index":"index","follow":"follow","max-snippet":"max-snippet:-1","max-image-preview":"max-image-preview:large","max-video-preview":"max-video-preview:-1"},"canonical":"https:\/\/pistonaddict.com\/hu\/product\/abarth-695-tributo-ferrari-no424\/","og_locale":"hu_HU","og_type":"article","og_title":"Abarth 695 Tributo Ferrari n\u00ba424 - Piston Addict","og_description":"Egy v\u00e1rosi kisaut\u00f3nak nem felt\u00e9tlen\u00fcl csak a sz\u0171k\u00f6s k\u00f6rnyezetben val\u00f3 k\u00f6zleked\u00e9s praktikus m\u00f3dja kell, hogy legyen. Ehelyett a megfelel\u0151 felszerel\u00e9ssel a motorh\u00e1ztet\u0151 alatt igazi zsebrak\u00e9ta lehet, amely, ha megfelel\u0151en fel\u00f6lt\u00f6zik, leny\u0171g\u00f6z\u0151en is n\u00e9z ki. Az egyik ilyen aut\u00f3 az Abarth 500, amely a Fiat legend\u00e1s 60-as \u00e9vekbeli modellj\u00e9nek rendk\u00edv\u00fcl sikeres reinkarn\u00e1ci\u00f3j\u00e1n alapul. Az itt \u00e1rver\u00e9sre ker\u00fcl\u0151 modell azonban egy m\u00e9g jobban felsp\u00e9cizett Abarth 695-\u00f6s v\u00e1ltozat, amely 2010-ben k\u00e9sz\u00fclt, \u00e9s eddig mind\u00f6ssze 6800 kilom\u00e9tert tett meg. Az exkluzivit\u00e1st fokozza, hogy egy ritka Tributo Ferrari modellr\u0151l van sz\u00f3, amelynek gy\u00e1rt\u00e1si sz\u00e1ma 1.695 darabra volt korl\u00e1tozva. L\u00e1ssuk teh\u00e1t, mit k\u00edn\u00e1l ez az exkluz\u00edv \u00e9s agressz\u00edv megjelen\u00e9s\u0171 aut\u00f3...","og_url":"https:\/\/pistonaddict.com\/hu\/product\/abarth-695-tributo-ferrari-no424\/","og_site_name":"Piston Addict","article_modified_time":"2024-03-20T08:46:45+00:00","og_image":[{"width":1600,"height":1200,"url":"https:\/\/pistonaddict.com\/wp-content\/uploads\/2024\/01\/IMG-20240110-WA0149-1.jpg","type":"image\/jpeg"}],"twitter_card":"summary_large_image","twitter_misc":{"Becs\u00fclt olvas\u00e1si id\u0151":"3 perc"},"schema":{"@context":"https:\/\/schema.org","@graph":[{"@type":"WebPage","@id":"https:\/\/pistonaddict.com\/hu\/product\/abarth-695-tributo-ferrari-no424\/","url":"https:\/\/pistonaddict.com\/hu\/product\/abarth-695-tributo-ferrari-no424\/","name":"Abarth 695 Tributo Ferrari n\u00ba424 - Piston Addict","isPartOf":{"@id":"https:\/\/pistonaddict.com\/hu\/#website"},"primaryImageOfPage":{"@id":"https:\/\/pistonaddict.com\/hu\/product\/abarth-695-tributo-ferrari-no424\/#primaryimage"},"image":{"@id":"https:\/\/pistonaddict.com\/hu\/product\/abarth-695-tributo-ferrari-no424\/#primaryimage"},"thumbnailUrl":"https:\/\/pistonaddict.com\/wp-content\/uploads\/2024\/01\/IMG-20240110-WA0149-1.jpg","datePublished":"2024-01-31T10:03:43+00:00","dateModified":"2024-03-20T08:46:45+00:00","breadcrumb":{"@id":"https:\/\/pistonaddict.com\/hu\/product\/abarth-695-tributo-ferrari-no424\/#breadcrumb"},"inLanguage":"hu","potentialAction":[{"@type":"ReadAction","target":["https:\/\/pistonaddict.com\/hu\/product\/abarth-695-tributo-ferrari-no424\/"]}]},{"@type":"ImageObject","inLanguage":"hu","@id":"https:\/\/pistonaddict.com\/hu\/product\/abarth-695-tributo-ferrari-no424\/#primaryimage","url":"https:\/\/pistonaddict.com\/wp-content\/uploads\/2024\/01\/IMG-20240110-WA0149-1.jpg","contentUrl":"https:\/\/pistonaddict.com\/wp-content\/uploads\/2024\/01\/IMG-20240110-WA0149-1.jpg","width":1600,"height":1200},{"@type":"BreadcrumbList","@id":"https:\/\/pistonaddict.com\/hu\/product\/abarth-695-tributo-ferrari-no424\/#breadcrumb","itemListElement":[{"@type":"ListItem","position":1,"name":"Kezd\u0151lap","item":"https:\/\/pistonaddict.com\/hu\/honlap\/"},{"@type":"ListItem","position":2,"name":"Auctions","item":"https:\/\/pistonaddict.com\/auctions-listing\/"},{"@type":"ListItem","position":3,"name":"Abarth 695 Tributo Ferrari n\u00ba424"}]},{"@type":"WebSite","@id":"https:\/\/pistonaddict.com\/hu\/#website","url":"https:\/\/pistonaddict.com\/hu\/","name":"Piston Addict","description":"Only interesting vehicles","publisher":{"@id":"https:\/\/pistonaddict.com\/hu\/#organization"},"potentialAction":[{"@type":"SearchAction","target":{"@type":"EntryPoint","urlTemplate":"https:\/\/pistonaddict.com\/hu\/?s={search_term_string}"},"query-input":"required name=search_term_string"}],"inLanguage":"hu"},{"@type":"Organization","@id":"https:\/\/pistonaddict.com\/hu\/#organization","name":"Piston Addict","url":"https:\/\/pistonaddict.com\/hu\/","logo":{"@type":"ImageObject","inLanguage":"hu","@id":"https:\/\/pistonaddict.com\/hu\/#\/schema\/logo\/image\/","url":"https:\/\/pistonaddict.com\/wp-content\/uploads\/2022\/07\/logo-6.png","contentUrl":"https:\/\/pistonaddict.com\/wp-content\/uploads\/2022\/07\/logo-6.png","width":970,"height":200,"caption":"Piston Addict"},"image":{"@id":"https:\/\/pistonaddict.com\/hu\/#\/schema\/logo\/image\/"}}]}},"_links":{"self":[{"href":"https:\/\/pistonaddict.com\/hu\/wp-json\/wp\/v2\/product\/89359"}],"collection":[{"href":"https:\/\/pistonaddict.com\/hu\/wp-json\/wp\/v2\/product"}],"about":[{"href":"https:\/\/pistonaddict.com\/hu\/wp-json\/wp\/v2\/types\/product"}],"replies":[{"embeddable":true,"href":"https:\/\/pistonaddict.com\/hu\/wp-json\/wp\/v2\/comments?post=89359"}],"wp:featuredmedia":[{"embeddable":true,"href":"https:\/\/pistonaddict.com\/hu\/wp-json\/wp\/v2\/media\/89377"}],"wp:attachment":[{"href":"https:\/\/pistonaddict.com\/hu\/wp-json\/wp\/v2\/media?parent=89359"}],"wp:term":[{"taxonomy":"product_cat","embeddable":true,"href":"https:\/\/pistonaddict.com\/hu\/wp-json\/wp\/v2\/product_cat?post=89359"},{"taxonomy":"product_tag","embeddable":true,"href":"https:\/\/pistonaddict.com\/hu\/wp-json\/wp\/v2\/product_tag?post=89359"}],"curies":[{"name":"wp","href":"https:\/\/api.w.org\/{rel}","templated":true}]}}