{"id":82560,"date":"2024-01-17T09:08:31","date_gmt":"2024-01-17T08:08:31","guid":{"rendered":"https:\/\/pistonaddict.com\/product\/mg-a-kupe\/"},"modified":"2024-05-29T10:46:25","modified_gmt":"2024-05-29T08:46:25","slug":"mg-a-coupe","status":"publish","type":"product","link":"https:\/\/pistonaddict.com\/hu\/product\/mg-a-coupe\/","title":{"rendered":"MG A kup\u00e9"},"content":{"rendered":"<p><strong>Aut\u00f3 t\u00f6rt\u00e9nete<\/strong><\/p>\n<p>B\u00e1r az MG ma m\u00e1r a k\u00ednaiak tulajdon\u00e1ban van, \u00e9s unalmas SUV-ok sor\u00e1t \u00e1rulja, ez a m\u00e1rka \u00f6r\u00f6kre a kup\u00e9k \u00e9s roadsterek szinonim\u00e1ja marad, amelyek annak idej\u00e9n a Mazda Miat\u00e1k voltak. Kicsi, mozg\u00e9kony, gyors \u00e9s sz\u00f3rakoztat\u00f3, az MG-k ebb\u0151l a korszakb\u00f3l m\u00e9g mindig nagy visszhangot keltenek a rajong\u00f3k k\u00f6r\u00e9ben vil\u00e1gszerte. A nagy fordulatsz\u00e1m\u00fa motorokkal, h\u00e1ts\u00f3ker\u00e9k-meghajt\u00e1ssal, prec\u00edz korm\u00e1nyz\u00e1ssal \u00e9s \u00e9l\u00e9nk teljes\u00edtm\u00e9nnyel az MG val\u00f3ban elind\u00edtotta az eg\u00e9sz megfizethet\u0151 sportaut\u00f3 szc\u00e9n\u00e1t m\u00e9g a m\u00e1sodik vil\u00e1gh\u00e1bor\u00fa el\u0151tt. Amikor azonban 1955-ben meg\u00e9rkezett az MG A, m\u00e1r korszer\u0171 modellnek sz\u00e1m\u00edtott, nemcsak a k\u00fclseje, hanem a technol\u00f3gi\u00e1ja is. Amerik\u00e1ban el\u00e9g j\u00f3l siker\u00fclt eladnia, ami lend\u00fcletet adott a v\u00e1llalatnak sz\u00e1mos k\u00e9s\u0151bbi modellhez. A gy\u00f6ny\u00f6r\u0171 megjelen\u00e9s \u00e9s a motorsport sikerek \u00f6tv\u00f6z\u00e9se volt a nyer\u0151 formula az MG A sz\u00e1m\u00e1ra, ami olyan k\u00fcl\u00f6nlegess\u00e9 \u00e9s k\u00edv\u00e1natoss\u00e1 teszi. Ez a p\u00e9ld\u00e1ny 1959-ben k\u00e9sz\u00fclt, \u00e9s a m\u00e1sodik sz\u00e9ri\u00e1s modell, amely egy er\u0151sebb, 1600 k\u00f6bcentim\u00e9teres, 80 l\u00f3er\u0151s motorral rendelkezik. Ez az akkori m\u00e9rc\u00e9hez k\u00e9pest jelent\u0151s sz\u00e1m volt, \u00e9s egy k\u00f6zel n\u00e9gyfokozat\u00fa k\u00e9zi sebess\u00e9gv\u00e1lt\u00f3val ma is k\u00e9pes ugyanolyan izgalmakat ny\u00fajtani, mint \u00e9vekkel ezel\u0151tt. Az MG A 1600 ismert volt az els\u0151 t\u00e1rcsaf\u00e9kekr\u0151l, ami 1959-ben nagyon fejlett technol\u00f3gi\u00e1nak sz\u00e1m\u00edtott. Ez a p\u00e9ld\u00e1ny egyike annak a mind\u00f6ssze 31 000 p\u00e9ld\u00e1nynak, amelyet 1959 \u00e9s 1962 k\u00f6z\u00f6tt gy\u00e1rtottak, amikor az MG A gy\u00e1rt\u00e1sa befejez\u0151d\u00f6tt.<\/p>\n<p><strong>Belt\u00e9r<\/strong><\/p>\n<p>A piros b\u0151rrel bevont 1959-es MG A Coupe 1600 belseje ide\u00e1lis \u00e1llapotban van. Mindene m\u0171k\u00f6d\u0151k\u00e9pes, \u00e9s \u00e9ppen el\u00e9g patin\u00e1s ahhoz, hogy annyira elb\u0171v\u00f6l\u0151 legyen, hogy az \u00fcl\u00e9sei nagyszer\u0171 hely, hogy \u00e9lvezze ezt az aut\u00f3t. B\u00e1r egy 65 \u00e9ves j\u00e1rm\u0171ben nem besz\u00e9lhet\u00fcnk modern funkci\u00f3kr\u00f3l, vannak b\u00e1jos anal\u00f3g t\u00e1rcs\u00e1k \u00e9s egy f\u0171t\u0151berendez\u00e9s, ami akkoriban cs\u00facsfelszerelts\u00e9gnek sz\u00e1m\u00edtott volna. A biztons\u00e1gi \u00f6veket a biztons\u00e1g \u00e9s a haszn\u00e1lhat\u00f3s\u00e1g \u00e9rdek\u00e9ben korszer\u0171bb, h\u00e1rompontos \u00f6vekre cser\u00e9lt\u00e9k.<\/p>\n<p><strong>Felt\u00e9tel<\/strong><\/p>\n<p>A mind\u00f6ssze 51.824 kilom\u00e9tert \u00fajonnan (\u00fagy v\u00e9lik, hogy az eredeti), ez az MG A volt a t\u00e1rgya gondos \u00e9s k\u00f6nny\u0171 helyre\u00e1ll\u00edt\u00e1s valamikor a m\u00faltban (v\u00edzpumpa, h\u00e1ts\u00f3 f\u00e9kek \u00e9s karbur\u00e1tor cser\u00e9lt\u00e9k 2022-ben). Szerencs\u00e9re minden r\u00e9szlet\u00e9t gondosan helyre\u00e1ll\u00edtott\u00e1k, \u00e9s az aut\u00f3 nagyon korh\u0171 \u00e1llapotban van, nincs rozsda, teljesen m\u0171k\u00f6d\u0151k\u00e9pes, \u00e9s nincsenek mechanikai probl\u00e9m\u00e1i. Az elad\u00f3 a k\u00f6zelm\u00faltban szerezte meg a j\u00e1rm\u0171vet, \u00e9s 2023 v\u00e9g\u00e9n elv\u00e9gezte a rendszeres karbantart\u00e1st, a f\u00e9keket pedig n\u00e9h\u00e1ny napja, 2024 janu\u00e1rj\u00e1ban fel\u00faj\u00edtott\u00e1k.<\/p>\n<p><strong>K\u00fcls\u0151 \u00e9s kerekek<\/strong><\/p>\n<p>A klasszikus fekete fest\u00e9k tisztess\u00e9ges \u00e1llapotban van, nincsenek horpad\u00e1sok \u00e9s nincsenek nagyobb karcol\u00e1sok. Minden kr\u00f3m (ami nagyon fontos az ilyen klasszikus aut\u00f3kn\u00e1l) t\u00f6k\u00e9letes \u00e1llapotban van, bele\u00e9rtve a h\u0171t\u0151r\u00e1csot, a l\u00f6kh\u00e1r\u00edt\u00f3kat \u00e9s a d\u00edsz\u00edt\u00e9seket. A fekete k\u00fcls\u0151\/piros bels\u0151 kombin\u00e1ci\u00f3 felt\u0171n\u0151, \u00e9s kiemeli az aut\u00f3 vonalait. Az eredeti 15 colos kerekek vadonat\u00faj gumiba vannak csomagolva, \u00edgy ez az aut\u00f3 teljesen k\u00e9szen \u00e1ll a k\u00f6vetkez\u0151 tulajdonosra \u00e9s a ny\u00e1ri h\u00e9tv\u00e9gi aut\u00f3z\u00e1sra.<\/p>\n<p><strong>Dokument\u00e1ci\u00f3<\/strong><\/p>\n<p>A keresked\u0151 \u00e9rt\u00e9kes\u00edti ezt a j\u00e1rm\u0171vet a megfelel\u0151 dokument\u00e1ci\u00f3val (minden sz\u00e1mla, a brit g\u00e9pj\u00e1rm\u0171ipar \u00f6r\u00f6ks\u00e9g\u00e9nek hiteles\u00edtett m\u00e1solata \u00e9s a felhaszn\u00e1l\u00f3i k\u00e9zik\u00f6nyv) Spanyolorsz\u00e1gban tal\u00e1lhat\u00f3. Mivel ez az aut\u00f3 1959-b\u0151l sz\u00e1rmazik, nincsenek CarFax jelent\u00e9sek, de nincs bizony\u00edt\u00e9k balesetekre, baleseti jav\u00edt\u00e1sokra, tulajdonosi vagy jogi probl\u00e9m\u00e1kra. Vannak nyilv\u00e1ntart\u00e1sok a rendszeres karbantart\u00e1sr\u00f3l \u00e9s nyugt\u00e1k.<br \/>\n<strong>A spanyol m\u0171szaki vizsga (ITV) 2028 augusztus\u00e1ig \u00e9rv\u00e9nyes.<\/strong><\/p>\n<p><strong>N\u00e9zze meg a hidegind\u00edt\u00e1sos vide\u00f3t err\u0151l a gy\u00f6ny\u00f6r\u0171 MG A Coupe-r\u00f3l :<\/strong><\/p>\n<p><iframe title=\"Cold Start Video of MGA coupe\" width=\"1200\" height=\"675\" src=\"https:\/\/www.youtube.com\/embed\/IaLRg9Rs9iY?feature=oembed\" frameborder=\"0\" allow=\"accelerometer; autoplay; clipboard-write; encrypted-media; gyroscope; picture-in-picture; web-share\" allowfullscreen><\/iframe><\/p>\n","protected":false},"excerpt":{"rendered":"<p>Ha a modern sportaut\u00f3k keletkez\u00e9s\u00e9t akarn\u00e1nk felt\u00e1rni, akkor a legend\u00e1s MG A-val kellene kezden\u00fcnk. \u00c1ramvonalas karossz\u00e9ri\u00e1j\u00e1val, fordulatsz\u00e1m-gyors motorjaival, (a korszakhoz k\u00e9pest) kiv\u00e1l\u00f3 teljes\u00edtm\u00e9ny\u00e9vel \u00e9s megfizethet\u0151 \u00e1r\u00e1val ez a sportaut\u00f3 forradalmas\u00edtotta a szegmenst. Ez maradt minden id\u0151k egyik legmeghat\u00e1roz\u00f3bb brit kup\u00e9ja.<\/p>\n","protected":false},"featured_media":81146,"comment_status":"open","ping_status":"closed","template":"","meta":{"inline_featured_image":false},"product_cat":[731],"product_tag":[2881,964,2880],"acf":[],"yoast_head":"<!-- This site is optimized with the Yoast SEO plugin v22.5 - https:\/\/yoast.com\/wordpress\/plugins\/seo\/ -->\n<title>MG A kup\u00e9 - Piston Addict<\/title>\n<meta name=\"robots\" content=\"index, follow, max-snippet:-1, max-image-preview:large, max-video-preview:-1\" \/>\n<link rel=\"canonical\" href=\"https:\/\/pistonaddict.com\/hu\/product\/mg-a-coupe\/\" \/>\n<meta property=\"og:locale\" content=\"hu_HU\" \/>\n<meta property=\"og:type\" content=\"article\" \/>\n<meta property=\"og:title\" content=\"MG A kup\u00e9 - Piston Addict\" \/>\n<meta property=\"og:description\" content=\"Ha a modern sportaut\u00f3k keletkez\u00e9s\u00e9t akarn\u00e1nk felt\u00e1rni, akkor a legend\u00e1s MG A-val kellene kezden\u00fcnk. \u00c1ramvonalas karossz\u00e9ri\u00e1j\u00e1val, fordulatsz\u00e1m-gyors motorjaival, (a korszakhoz k\u00e9pest) kiv\u00e1l\u00f3 teljes\u00edtm\u00e9ny\u00e9vel \u00e9s megfizethet\u0151 \u00e1r\u00e1val ez a sportaut\u00f3 forradalmas\u00edtotta a szegmenst. Ez maradt minden id\u0151k egyik legmeghat\u00e1roz\u00f3bb brit kup\u00e9ja.\" \/>\n<meta property=\"og:url\" content=\"https:\/\/pistonaddict.com\/hu\/product\/mg-a-coupe\/\" \/>\n<meta property=\"og:site_name\" content=\"Piston Addict\" \/>\n<meta property=\"article:modified_time\" content=\"2024-05-29T08:46:25+00:00\" \/>\n<meta property=\"og:image\" content=\"https:\/\/pistonaddict.com\/wp-content\/uploads\/2024\/01\/IMG-20231031-WA0006.jpg\" \/>\n\t<meta property=\"og:image:width\" content=\"1600\" \/>\n\t<meta property=\"og:image:height\" content=\"1200\" \/>\n\t<meta property=\"og:image:type\" content=\"image\/jpeg\" \/>\n<meta name=\"twitter:card\" content=\"summary_large_image\" \/>\n<meta name=\"twitter:label1\" content=\"Becs\u00fclt olvas\u00e1si id\u0151\" \/>\n\t<meta name=\"twitter:data1\" content=\"4 perc\" \/>\n<script type=\"application\/ld+json\" class=\"yoast-schema-graph\">{\"@context\":\"https:\/\/schema.org\",\"@graph\":[{\"@type\":\"WebPage\",\"@id\":\"https:\/\/pistonaddict.com\/hu\/product\/mg-a-coupe\/\",\"url\":\"https:\/\/pistonaddict.com\/hu\/product\/mg-a-coupe\/\",\"name\":\"MG A kup\u00e9 - Piston Addict\",\"isPartOf\":{\"@id\":\"https:\/\/pistonaddict.com\/hu\/#website\"},\"primaryImageOfPage\":{\"@id\":\"https:\/\/pistonaddict.com\/hu\/product\/mg-a-coupe\/#primaryimage\"},\"image\":{\"@id\":\"https:\/\/pistonaddict.com\/hu\/product\/mg-a-coupe\/#primaryimage\"},\"thumbnailUrl\":\"https:\/\/pistonaddict.com\/wp-content\/uploads\/2024\/01\/IMG-20231031-WA0006.jpg\",\"datePublished\":\"2024-01-17T08:08:31+00:00\",\"dateModified\":\"2024-05-29T08:46:25+00:00\",\"breadcrumb\":{\"@id\":\"https:\/\/pistonaddict.com\/hu\/product\/mg-a-coupe\/#breadcrumb\"},\"inLanguage\":\"hu\",\"potentialAction\":[{\"@type\":\"ReadAction\",\"target\":[\"https:\/\/pistonaddict.com\/hu\/product\/mg-a-coupe\/\"]}]},{\"@type\":\"ImageObject\",\"inLanguage\":\"hu\",\"@id\":\"https:\/\/pistonaddict.com\/hu\/product\/mg-a-coupe\/#primaryimage\",\"url\":\"https:\/\/pistonaddict.com\/wp-content\/uploads\/2024\/01\/IMG-20231031-WA0006.jpg\",\"contentUrl\":\"https:\/\/pistonaddict.com\/wp-content\/uploads\/2024\/01\/IMG-20231031-WA0006.jpg\",\"width\":1600,\"height\":1200},{\"@type\":\"BreadcrumbList\",\"@id\":\"https:\/\/pistonaddict.com\/hu\/product\/mg-a-coupe\/#breadcrumb\",\"itemListElement\":[{\"@type\":\"ListItem\",\"position\":1,\"name\":\"Kezd\u0151lap\",\"item\":\"https:\/\/pistonaddict.com\/hu\/honlap\/\"},{\"@type\":\"ListItem\",\"position\":2,\"name\":\"Auctions\",\"item\":\"https:\/\/pistonaddict.com\/auctions-listing\/\"},{\"@type\":\"ListItem\",\"position\":3,\"name\":\"MG A kup\u00e9\"}]},{\"@type\":\"WebSite\",\"@id\":\"https:\/\/pistonaddict.com\/hu\/#website\",\"url\":\"https:\/\/pistonaddict.com\/hu\/\",\"name\":\"Piston Addict\",\"description\":\"Only interesting vehicles\",\"publisher\":{\"@id\":\"https:\/\/pistonaddict.com\/hu\/#organization\"},\"potentialAction\":[{\"@type\":\"SearchAction\",\"target\":{\"@type\":\"EntryPoint\",\"urlTemplate\":\"https:\/\/pistonaddict.com\/hu\/?s={search_term_string}\"},\"query-input\":\"required name=search_term_string\"}],\"inLanguage\":\"hu\"},{\"@type\":\"Organization\",\"@id\":\"https:\/\/pistonaddict.com\/hu\/#organization\",\"name\":\"Piston Addict\",\"url\":\"https:\/\/pistonaddict.com\/hu\/\",\"logo\":{\"@type\":\"ImageObject\",\"inLanguage\":\"hu\",\"@id\":\"https:\/\/pistonaddict.com\/hu\/#\/schema\/logo\/image\/\",\"url\":\"https:\/\/pistonaddict.com\/wp-content\/uploads\/2022\/07\/logo-6.png\",\"contentUrl\":\"https:\/\/pistonaddict.com\/wp-content\/uploads\/2022\/07\/logo-6.png\",\"width\":970,\"height\":200,\"caption\":\"Piston Addict\"},\"image\":{\"@id\":\"https:\/\/pistonaddict.com\/hu\/#\/schema\/logo\/image\/\"}}]}<\/script>\n<!-- \/ Yoast SEO plugin. -->","yoast_head_json":{"title":"MG A kup\u00e9 - Piston Addict","robots":{"index":"index","follow":"follow","max-snippet":"max-snippet:-1","max-image-preview":"max-image-preview:large","max-video-preview":"max-video-preview:-1"},"canonical":"https:\/\/pistonaddict.com\/hu\/product\/mg-a-coupe\/","og_locale":"hu_HU","og_type":"article","og_title":"MG A kup\u00e9 - Piston Addict","og_description":"Ha a modern sportaut\u00f3k keletkez\u00e9s\u00e9t akarn\u00e1nk felt\u00e1rni, akkor a legend\u00e1s MG A-val kellene kezden\u00fcnk. \u00c1ramvonalas karossz\u00e9ri\u00e1j\u00e1val, fordulatsz\u00e1m-gyors motorjaival, (a korszakhoz k\u00e9pest) kiv\u00e1l\u00f3 teljes\u00edtm\u00e9ny\u00e9vel \u00e9s megfizethet\u0151 \u00e1r\u00e1val ez a sportaut\u00f3 forradalmas\u00edtotta a szegmenst. Ez maradt minden id\u0151k egyik legmeghat\u00e1roz\u00f3bb brit kup\u00e9ja.","og_url":"https:\/\/pistonaddict.com\/hu\/product\/mg-a-coupe\/","og_site_name":"Piston Addict","article_modified_time":"2024-05-29T08:46:25+00:00","og_image":[{"width":1600,"height":1200,"url":"https:\/\/pistonaddict.com\/wp-content\/uploads\/2024\/01\/IMG-20231031-WA0006.jpg","type":"image\/jpeg"}],"twitter_card":"summary_large_image","twitter_misc":{"Becs\u00fclt olvas\u00e1si id\u0151":"4 perc"},"schema":{"@context":"https:\/\/schema.org","@graph":[{"@type":"WebPage","@id":"https:\/\/pistonaddict.com\/hu\/product\/mg-a-coupe\/","url":"https:\/\/pistonaddict.com\/hu\/product\/mg-a-coupe\/","name":"MG A kup\u00e9 - Piston Addict","isPartOf":{"@id":"https:\/\/pistonaddict.com\/hu\/#website"},"primaryImageOfPage":{"@id":"https:\/\/pistonaddict.com\/hu\/product\/mg-a-coupe\/#primaryimage"},"image":{"@id":"https:\/\/pistonaddict.com\/hu\/product\/mg-a-coupe\/#primaryimage"},"thumbnailUrl":"https:\/\/pistonaddict.com\/wp-content\/uploads\/2024\/01\/IMG-20231031-WA0006.jpg","datePublished":"2024-01-17T08:08:31+00:00","dateModified":"2024-05-29T08:46:25+00:00","breadcrumb":{"@id":"https:\/\/pistonaddict.com\/hu\/product\/mg-a-coupe\/#breadcrumb"},"inLanguage":"hu","potentialAction":[{"@type":"ReadAction","target":["https:\/\/pistonaddict.com\/hu\/product\/mg-a-coupe\/"]}]},{"@type":"ImageObject","inLanguage":"hu","@id":"https:\/\/pistonaddict.com\/hu\/product\/mg-a-coupe\/#primaryimage","url":"https:\/\/pistonaddict.com\/wp-content\/uploads\/2024\/01\/IMG-20231031-WA0006.jpg","contentUrl":"https:\/\/pistonaddict.com\/wp-content\/uploads\/2024\/01\/IMG-20231031-WA0006.jpg","width":1600,"height":1200},{"@type":"BreadcrumbList","@id":"https:\/\/pistonaddict.com\/hu\/product\/mg-a-coupe\/#breadcrumb","itemListElement":[{"@type":"ListItem","position":1,"name":"Kezd\u0151lap","item":"https:\/\/pistonaddict.com\/hu\/honlap\/"},{"@type":"ListItem","position":2,"name":"Auctions","item":"https:\/\/pistonaddict.com\/auctions-listing\/"},{"@type":"ListItem","position":3,"name":"MG A kup\u00e9"}]},{"@type":"WebSite","@id":"https:\/\/pistonaddict.com\/hu\/#website","url":"https:\/\/pistonaddict.com\/hu\/","name":"Piston Addict","description":"Only interesting vehicles","publisher":{"@id":"https:\/\/pistonaddict.com\/hu\/#organization"},"potentialAction":[{"@type":"SearchAction","target":{"@type":"EntryPoint","urlTemplate":"https:\/\/pistonaddict.com\/hu\/?s={search_term_string}"},"query-input":"required name=search_term_string"}],"inLanguage":"hu"},{"@type":"Organization","@id":"https:\/\/pistonaddict.com\/hu\/#organization","name":"Piston Addict","url":"https:\/\/pistonaddict.com\/hu\/","logo":{"@type":"ImageObject","inLanguage":"hu","@id":"https:\/\/pistonaddict.com\/hu\/#\/schema\/logo\/image\/","url":"https:\/\/pistonaddict.com\/wp-content\/uploads\/2022\/07\/logo-6.png","contentUrl":"https:\/\/pistonaddict.com\/wp-content\/uploads\/2022\/07\/logo-6.png","width":970,"height":200,"caption":"Piston Addict"},"image":{"@id":"https:\/\/pistonaddict.com\/hu\/#\/schema\/logo\/image\/"}}]}},"_links":{"self":[{"href":"https:\/\/pistonaddict.com\/hu\/wp-json\/wp\/v2\/product\/82560"}],"collection":[{"href":"https:\/\/pistonaddict.com\/hu\/wp-json\/wp\/v2\/product"}],"about":[{"href":"https:\/\/pistonaddict.com\/hu\/wp-json\/wp\/v2\/types\/product"}],"replies":[{"embeddable":true,"href":"https:\/\/pistonaddict.com\/hu\/wp-json\/wp\/v2\/comments?post=82560"}],"wp:featuredmedia":[{"embeddable":true,"href":"https:\/\/pistonaddict.com\/hu\/wp-json\/wp\/v2\/media\/81146"}],"wp:attachment":[{"href":"https:\/\/pistonaddict.com\/hu\/wp-json\/wp\/v2\/media?parent=82560"}],"wp:term":[{"taxonomy":"product_cat","embeddable":true,"href":"https:\/\/pistonaddict.com\/hu\/wp-json\/wp\/v2\/product_cat?post=82560"},{"taxonomy":"product_tag","embeddable":true,"href":"https:\/\/pistonaddict.com\/hu\/wp-json\/wp\/v2\/product_tag?post=82560"}],"curies":[{"name":"wp","href":"https:\/\/api.w.org\/{rel}","templated":true}]}}