{"id":79061,"date":"2023-12-13T14:41:14","date_gmt":"2023-12-13T13:41:14","guid":{"rendered":"https:\/\/pistonaddict.com\/product\/alpine-a110\/"},"modified":"2024-03-20T09:42:53","modified_gmt":"2024-03-20T08:42:53","slug":"alpine-a110","status":"publish","type":"product","link":"https:\/\/pistonaddict.com\/hu\/product\/alpine-a110\/","title":{"rendered":"Alpine A110"},"content":{"rendered":"<p><strong>Aut\u00f3 t\u00f6rt\u00e9nete<\/strong><\/p>\n<p>A 60-as \u00e9s 70-es \u00e9vekben feln\u0151tt sportkocsi-rajong\u00f3k gener\u00e1ci\u00f3i sz\u00e1m\u00e1ra az Alpine n\u00e9v egyet jelent a ralibajnoks\u00e1gokkal, az er\u0151s teljes\u00edtm\u00e9nnyel \u00e9s a p\u00e1ratlan utcai jelenl\u00e9ttel. Annak ellen\u00e9re, hogy az Alpine a Renault szabv\u00e1nyos alkatr\u00e9szeit haszn\u00e1lta, az aut\u00f3k szinte szuperaut\u00f3s vonzer\u0151vel rendelkeztek, \u00e9s a rajong\u00f3k kedvencei voltak a kin\u00e9zet\u00fck \u00e9s a menetdinamik\u00e1juk miatt. A 90-es \u00e9vek elej\u00e9n azonban a m\u00e1rka elt\u0171nt, \u00e9s a legkem\u00e9nyebb rajong\u00f3kon k\u00edv\u00fcl szinte mindenki elfelejtette. Szerencs\u00e9re a Renault meg\u00e9rtette, milyen jelent\u0151s potenci\u00e1l rejlik ebben a legend\u00e1s n\u00e9vben, \u00e9s komolyan befektetett egy vadonat\u00faj modellbe, amely teljesen alum\u00ednium karossz\u00e9ri\u00e1val, k\u00f6z\u00e9pre helyezett motorral \u00e9s pof\u00e1s duplakuplungos v\u00e1lt\u00f3val rendelkezik. Az ikonikus \u00e9s retro-futurisztikus megjelen\u00e9s kombin\u00e1l\u00e1sa a Clio RS motorj\u00e1val, valamint a karossz\u00e9ria \u00e9s a felf\u00fcggeszt\u00e9s egyedi be\u00e1ll\u00edt\u00e1saival azonnali klasszikuss\u00e1 \u00e9s az \u00e9vtized tal\u00e1n legjobb sportaut\u00f3j\u00e1v\u00e1 tette. Az 1,8 literes turb\u00f3felt\u00f6lt\u0151, amely az er\u0151t a h\u00e1ts\u00f3 kerekekre k\u00fcldi, 4,5 m\u00e1sodperces 0-100 km\/\u00f3r\u00e1s (60 m\u00e9rf\u00f6ld\/\u00f3ra) sebess\u00e9ggel el\u00e9g meggy\u0151z\u0151en gyors\u00edtja ezt a gy\u00f6ny\u00f6r\u0171 k\u00e9t\u00fcl\u00e9ses aut\u00f3t. A sz\u00e1mok azonban nem tesznek igazs\u00e1got ennek az aut\u00f3nak. Az alig t\u00f6bb mint egy tonn\u00e1s \u00f6ns\u00faly\u00e1val az Alpine A110 \u00fagy rep\u00fcl a kanyarokban, \u00e9s \u00fagy kezeli, mint egy \u00e1lom. Pontosan a p\u00e1ratlan menetdinamika az oka annak, hogy sz\u00e1mos magazin kritik\u00e1j\u00e1nak kedvence.<\/p>\n<p><strong>Belt\u00e9r<\/strong><\/p>\n<p>Mivel ez a modell viszonylag \u00faj \u00e9s alacsony fut\u00e1steljes\u00edtm\u00e9ny\u0171, a b\u0151rbels\u0151 \u00fajszer\u0171 \u00e1llapotban van, kop\u00e1snyomok n\u00e9lk\u00fcl. A tapasztalt v\u00e1s\u00e1rl\u00f3k \u00e9szrevehetik, hogy az opcion\u00e1lis &#8220;GT&#8221; \u00fcl\u00e9sek jelen vannak, ami \u00fcdv\u00f6zlend\u0151, valamint n\u00e9h\u00e1ny karbon d\u00edsz\u00edt\u0151elem a motorsportos megjelen\u00e9s \u00e9rdek\u00e9ben. A l\u00e9nyeg azonban a Focal pr\u00e9mium audiorendszer, amely ritka opci\u00f3.<\/p>\n<p><strong>Felt\u00e9tel<\/strong><\/p>\n<p>A konkr\u00e9t p\u00e9ld\u00e1nyt 2021-ben adt\u00e1k \u00e1t \u00fajonnan, \u00e9s az\u00f3ta alig t\u00f6bb mint 30 000 km-t tett meg. Ez egy gondozott aut\u00f3, amelyet \u00f6r\u00f6maut\u00f3z\u00e1sra haszn\u00e1ltak, ahogyan azt a konstrukt\u0151r\u00f6k kital\u00e1lt\u00e1k. Soha nem volt nyomon k\u00f6vetve vagy s\u00e9r\u00fclt k\u00e9t gondoskod\u00f3 tulajdonos \u00fajonnan. Az eredeti tulajdonos val\u00f3j\u00e1ban az Alpine Spain kereskedelmi igazgat\u00f3ja volt. Az utols\u00f3 szervizel\u00e9sre 2023 november\u00e9ben ker\u00fclt sor, a f\u00e9keket pedig nemr\u00e9g, 2023 december\u00e9ben jav\u00edtott\u00e1k. Az el\u0151z\u0151 olajcsere szeptemberben t\u00f6rt\u00e9nt. <strong>Ez az Alpine A110 m\u00e9g 2024 november\u00e9ig gy\u00e1ri garancia alatt \u00e1ll, \u00edgy minden karbantart\u00e1st hivatalos spanyolorsz\u00e1gi szervizben v\u00e9geztek<\/strong>.<\/p>\n<p><strong> <\/strong><strong>K\u00fcls\u0151 \u00e9s kerekek<\/strong><\/p>\n<p>A feh\u00e9rre festett, nagyon \u00e9rdekes grafikai csomaggal ell\u00e1tott Alpine A110 egyedi megjelen\u00e9s\u0171, csak az Alpine sz\u00e1m\u00e1ra k\u00e9sz\u00fclt k\u00fcl\u00f6nleges 18 colos kerekekkel. A karossz\u00e9ria p\u00e1ratlan, s\u00e9r\u00fcl\u00e9sek, horpad\u00e1sok \u00e9s karcol\u00e1sok n\u00e9lk\u00fcl, a gumiabroncsok pedig az elad\u00f3 szerint 50%-ban haszn\u00e1ltak, tisztess\u00e9ges \u00e1llapotban vannak. A gumiabroncsok Michelin Pilot Sport t\u00edpus\u00faak, \u00e9s 2021 v\u00e9g\u00e9n gy\u00e1rtott\u00e1k \u0151ket.<\/p>\n<p><strong>Dokument\u00e1ci\u00f3<\/strong><\/p>\n<p>A keresked\u0151 \u00e9rt\u00e9kes\u00edti ezt a j\u00e1rm\u0171vet a megfelel\u0151 dokument\u00e1ci\u00f3val Spanyolorsz\u00e1gban tal\u00e1lhat\u00f3. A <a href=\"https:\/\/pistonaddict.com\/wp-content\/uploads\/2023\/12\/AlpineA110.pdf\">CarFax jelent\u00e9s<\/a> tiszta; nincs bizony\u00edt\u00e9k balesetekre, baleseti jav\u00edt\u00e1sokra, tulajdonosi vagy jogi probl\u00e9m\u00e1kra. Vannak nyilv\u00e1ntart\u00e1sok a rendszeres karbantart\u00e1sr\u00f3l, az elad\u00e1si sz\u00e1ml\u00e1kr\u00f3l \u00e9s a nyugt\u00e1kr\u00f3l. Ez az Alpine A110 m\u00e9g mindig gy\u00e1ri garanci\u00e1val rendelkezik, amely \u00e1truh\u00e1zhat\u00f3 a k\u00f6vetkez\u0151 tulajdonosra.<\/p>\n<p><strong>N\u00e9zze meg ennek a gy\u00f6ny\u00f6r\u0171 Alpine A110-esnek a hidegind\u00edt\u00e1sos vide\u00f3j\u00e1t:<\/strong><\/p>\n<p><iframe title=\"Cold Start Video of this great Alpine A110 for auction sale\" width=\"1200\" height=\"675\" src=\"https:\/\/www.youtube.com\/embed\/FlqeDNY4UtI?feature=oembed\" frameborder=\"0\" allow=\"accelerometer; autoplay; clipboard-write; encrypted-media; gyroscope; picture-in-picture; web-share\" allowfullscreen><\/iframe><\/p>\n","protected":false},"excerpt":{"rendered":"<p>Az elm\u00falt \u00e9vek legmen\u0151bb sportaut\u00f3ja nem a Ferrari, a Lamborghini vagy a McLaren. Ez az Alpine A110 egyedi, rendk\u00edv\u00fcl k\u00f6nny\u0171 karossz\u00e9ri\u00e1val, lend\u00fcletes n\u00e9gyhengeres turb\u00f3felt\u00f6lt\u0151vel \u00e9s lend\u00fcletes teljes\u00edtm\u00e9nnyel. Ez a k\u00e9t\u00fcl\u00e9ses aut\u00f3 eml\u00e9keztette a sportaut\u00f3 rajong\u00f3kat arra, hogy mir\u0151l sz\u00f3l a vezet\u00e9s, \u00e9s diadalmasan visszahozta a legend\u00e1s m\u00e1rk\u00e1t a piacra. Ma b\u00fcszk\u00e9n mutatjuk be ennek a nagy hat\u00e1s\u00fa sportkocsinak az egyik legjobb p\u00e9ld\u00e1ny\u00e1t.<\/p>\n","protected":false},"featured_media":78357,"comment_status":"open","ping_status":"closed","template":"","meta":{"inline_featured_image":false},"product_cat":[731],"product_tag":[2830,2825,930],"acf":[],"yoast_head":"<!-- This site is optimized with the Yoast SEO plugin v22.5 - https:\/\/yoast.com\/wordpress\/plugins\/seo\/ -->\n<title>aukci\u00f3 - Piston Addict<\/title>\n<meta name=\"robots\" content=\"index, follow, max-snippet:-1, max-image-preview:large, max-video-preview:-1\" \/>\n<link rel=\"canonical\" href=\"https:\/\/pistonaddict.com\/hu\/product\/alpine-a110\/\" \/>\n<meta property=\"og:locale\" content=\"hu_HU\" \/>\n<meta property=\"og:type\" content=\"article\" \/>\n<meta property=\"og:title\" content=\"aukci\u00f3 - Piston Addict\" \/>\n<meta property=\"og:description\" content=\"Az elm\u00falt \u00e9vek legmen\u0151bb sportaut\u00f3ja nem a Ferrari, a Lamborghini vagy a McLaren. Ez az Alpine A110 egyedi, rendk\u00edv\u00fcl k\u00f6nny\u0171 karossz\u00e9ri\u00e1val, lend\u00fcletes n\u00e9gyhengeres turb\u00f3felt\u00f6lt\u0151vel \u00e9s lend\u00fcletes teljes\u00edtm\u00e9nnyel. Ez a k\u00e9t\u00fcl\u00e9ses aut\u00f3 eml\u00e9keztette a sportaut\u00f3 rajong\u00f3kat arra, hogy mir\u0151l sz\u00f3l a vezet\u00e9s, \u00e9s diadalmasan visszahozta a legend\u00e1s m\u00e1rk\u00e1t a piacra. Ma b\u00fcszk\u00e9n mutatjuk be ennek a nagy hat\u00e1s\u00fa sportkocsinak az egyik legjobb p\u00e9ld\u00e1ny\u00e1t.\" \/>\n<meta property=\"og:url\" content=\"https:\/\/pistonaddict.com\/hu\/product\/alpine-a110\/\" \/>\n<meta property=\"og:site_name\" content=\"Piston Addict\" \/>\n<meta property=\"article:modified_time\" content=\"2024-03-20T08:42:53+00:00\" \/>\n<meta property=\"og:image\" content=\"https:\/\/pistonaddict.com\/wp-content\/uploads\/2023\/12\/4517LTW_01.jpg\" \/>\n\t<meta property=\"og:image:width\" content=\"1440\" \/>\n\t<meta property=\"og:image:height\" content=\"1080\" \/>\n\t<meta property=\"og:image:type\" content=\"image\/jpeg\" \/>\n<meta name=\"twitter:card\" content=\"summary_large_image\" \/>\n<meta name=\"twitter:label1\" content=\"Becs\u00fclt olvas\u00e1si id\u0151\" \/>\n\t<meta name=\"twitter:data1\" content=\"3 perc\" \/>\n<script type=\"application\/ld+json\" class=\"yoast-schema-graph\">{\"@context\":\"https:\/\/schema.org\",\"@graph\":[{\"@type\":\"WebPage\",\"@id\":\"https:\/\/pistonaddict.com\/hu\/product\/alpine-a110\/\",\"url\":\"https:\/\/pistonaddict.com\/hu\/product\/alpine-a110\/\",\"name\":\"aukci\u00f3 - Piston Addict\",\"isPartOf\":{\"@id\":\"https:\/\/pistonaddict.com\/hu\/#website\"},\"primaryImageOfPage\":{\"@id\":\"https:\/\/pistonaddict.com\/hu\/product\/alpine-a110\/#primaryimage\"},\"image\":{\"@id\":\"https:\/\/pistonaddict.com\/hu\/product\/alpine-a110\/#primaryimage\"},\"thumbnailUrl\":\"https:\/\/pistonaddict.com\/wp-content\/uploads\/2023\/12\/4517LTW_01.jpg\",\"datePublished\":\"2023-12-13T13:41:14+00:00\",\"dateModified\":\"2024-03-20T08:42:53+00:00\",\"breadcrumb\":{\"@id\":\"https:\/\/pistonaddict.com\/hu\/product\/alpine-a110\/#breadcrumb\"},\"inLanguage\":\"hu\",\"potentialAction\":[{\"@type\":\"ReadAction\",\"target\":[\"https:\/\/pistonaddict.com\/hu\/product\/alpine-a110\/\"]}]},{\"@type\":\"ImageObject\",\"inLanguage\":\"hu\",\"@id\":\"https:\/\/pistonaddict.com\/hu\/product\/alpine-a110\/#primaryimage\",\"url\":\"https:\/\/pistonaddict.com\/wp-content\/uploads\/2023\/12\/4517LTW_01.jpg\",\"contentUrl\":\"https:\/\/pistonaddict.com\/wp-content\/uploads\/2023\/12\/4517LTW_01.jpg\",\"width\":1440,\"height\":1080},{\"@type\":\"BreadcrumbList\",\"@id\":\"https:\/\/pistonaddict.com\/hu\/product\/alpine-a110\/#breadcrumb\",\"itemListElement\":[{\"@type\":\"ListItem\",\"position\":1,\"name\":\"Kezd\u0151lap\",\"item\":\"https:\/\/pistonaddict.com\/hu\/honlap\/\"},{\"@type\":\"ListItem\",\"position\":2,\"name\":\"Auctions\",\"item\":\"https:\/\/pistonaddict.com\/auctions-listing\/\"},{\"@type\":\"ListItem\",\"position\":3,\"name\":\"Alpine A110\"}]},{\"@type\":\"WebSite\",\"@id\":\"https:\/\/pistonaddict.com\/hu\/#website\",\"url\":\"https:\/\/pistonaddict.com\/hu\/\",\"name\":\"Piston Addict\",\"description\":\"Only interesting vehicles\",\"publisher\":{\"@id\":\"https:\/\/pistonaddict.com\/hu\/#organization\"},\"potentialAction\":[{\"@type\":\"SearchAction\",\"target\":{\"@type\":\"EntryPoint\",\"urlTemplate\":\"https:\/\/pistonaddict.com\/hu\/?s={search_term_string}\"},\"query-input\":\"required name=search_term_string\"}],\"inLanguage\":\"hu\"},{\"@type\":\"Organization\",\"@id\":\"https:\/\/pistonaddict.com\/hu\/#organization\",\"name\":\"Piston Addict\",\"url\":\"https:\/\/pistonaddict.com\/hu\/\",\"logo\":{\"@type\":\"ImageObject\",\"inLanguage\":\"hu\",\"@id\":\"https:\/\/pistonaddict.com\/hu\/#\/schema\/logo\/image\/\",\"url\":\"https:\/\/pistonaddict.com\/wp-content\/uploads\/2022\/07\/logo-6.png\",\"contentUrl\":\"https:\/\/pistonaddict.com\/wp-content\/uploads\/2022\/07\/logo-6.png\",\"width\":970,\"height\":200,\"caption\":\"Piston Addict\"},\"image\":{\"@id\":\"https:\/\/pistonaddict.com\/hu\/#\/schema\/logo\/image\/\"}}]}<\/script>\n<!-- \/ Yoast SEO plugin. -->","yoast_head_json":{"title":"aukci\u00f3 - Piston Addict","robots":{"index":"index","follow":"follow","max-snippet":"max-snippet:-1","max-image-preview":"max-image-preview:large","max-video-preview":"max-video-preview:-1"},"canonical":"https:\/\/pistonaddict.com\/hu\/product\/alpine-a110\/","og_locale":"hu_HU","og_type":"article","og_title":"aukci\u00f3 - Piston Addict","og_description":"Az elm\u00falt \u00e9vek legmen\u0151bb sportaut\u00f3ja nem a Ferrari, a Lamborghini vagy a McLaren. Ez az Alpine A110 egyedi, rendk\u00edv\u00fcl k\u00f6nny\u0171 karossz\u00e9ri\u00e1val, lend\u00fcletes n\u00e9gyhengeres turb\u00f3felt\u00f6lt\u0151vel \u00e9s lend\u00fcletes teljes\u00edtm\u00e9nnyel. Ez a k\u00e9t\u00fcl\u00e9ses aut\u00f3 eml\u00e9keztette a sportaut\u00f3 rajong\u00f3kat arra, hogy mir\u0151l sz\u00f3l a vezet\u00e9s, \u00e9s diadalmasan visszahozta a legend\u00e1s m\u00e1rk\u00e1t a piacra. Ma b\u00fcszk\u00e9n mutatjuk be ennek a nagy hat\u00e1s\u00fa sportkocsinak az egyik legjobb p\u00e9ld\u00e1ny\u00e1t.","og_url":"https:\/\/pistonaddict.com\/hu\/product\/alpine-a110\/","og_site_name":"Piston Addict","article_modified_time":"2024-03-20T08:42:53+00:00","og_image":[{"width":1440,"height":1080,"url":"https:\/\/pistonaddict.com\/wp-content\/uploads\/2023\/12\/4517LTW_01.jpg","type":"image\/jpeg"}],"twitter_card":"summary_large_image","twitter_misc":{"Becs\u00fclt olvas\u00e1si id\u0151":"3 perc"},"schema":{"@context":"https:\/\/schema.org","@graph":[{"@type":"WebPage","@id":"https:\/\/pistonaddict.com\/hu\/product\/alpine-a110\/","url":"https:\/\/pistonaddict.com\/hu\/product\/alpine-a110\/","name":"aukci\u00f3 - Piston Addict","isPartOf":{"@id":"https:\/\/pistonaddict.com\/hu\/#website"},"primaryImageOfPage":{"@id":"https:\/\/pistonaddict.com\/hu\/product\/alpine-a110\/#primaryimage"},"image":{"@id":"https:\/\/pistonaddict.com\/hu\/product\/alpine-a110\/#primaryimage"},"thumbnailUrl":"https:\/\/pistonaddict.com\/wp-content\/uploads\/2023\/12\/4517LTW_01.jpg","datePublished":"2023-12-13T13:41:14+00:00","dateModified":"2024-03-20T08:42:53+00:00","breadcrumb":{"@id":"https:\/\/pistonaddict.com\/hu\/product\/alpine-a110\/#breadcrumb"},"inLanguage":"hu","potentialAction":[{"@type":"ReadAction","target":["https:\/\/pistonaddict.com\/hu\/product\/alpine-a110\/"]}]},{"@type":"ImageObject","inLanguage":"hu","@id":"https:\/\/pistonaddict.com\/hu\/product\/alpine-a110\/#primaryimage","url":"https:\/\/pistonaddict.com\/wp-content\/uploads\/2023\/12\/4517LTW_01.jpg","contentUrl":"https:\/\/pistonaddict.com\/wp-content\/uploads\/2023\/12\/4517LTW_01.jpg","width":1440,"height":1080},{"@type":"BreadcrumbList","@id":"https:\/\/pistonaddict.com\/hu\/product\/alpine-a110\/#breadcrumb","itemListElement":[{"@type":"ListItem","position":1,"name":"Kezd\u0151lap","item":"https:\/\/pistonaddict.com\/hu\/honlap\/"},{"@type":"ListItem","position":2,"name":"Auctions","item":"https:\/\/pistonaddict.com\/auctions-listing\/"},{"@type":"ListItem","position":3,"name":"Alpine A110"}]},{"@type":"WebSite","@id":"https:\/\/pistonaddict.com\/hu\/#website","url":"https:\/\/pistonaddict.com\/hu\/","name":"Piston Addict","description":"Only interesting vehicles","publisher":{"@id":"https:\/\/pistonaddict.com\/hu\/#organization"},"potentialAction":[{"@type":"SearchAction","target":{"@type":"EntryPoint","urlTemplate":"https:\/\/pistonaddict.com\/hu\/?s={search_term_string}"},"query-input":"required name=search_term_string"}],"inLanguage":"hu"},{"@type":"Organization","@id":"https:\/\/pistonaddict.com\/hu\/#organization","name":"Piston Addict","url":"https:\/\/pistonaddict.com\/hu\/","logo":{"@type":"ImageObject","inLanguage":"hu","@id":"https:\/\/pistonaddict.com\/hu\/#\/schema\/logo\/image\/","url":"https:\/\/pistonaddict.com\/wp-content\/uploads\/2022\/07\/logo-6.png","contentUrl":"https:\/\/pistonaddict.com\/wp-content\/uploads\/2022\/07\/logo-6.png","width":970,"height":200,"caption":"Piston Addict"},"image":{"@id":"https:\/\/pistonaddict.com\/hu\/#\/schema\/logo\/image\/"}}]}},"_links":{"self":[{"href":"https:\/\/pistonaddict.com\/hu\/wp-json\/wp\/v2\/product\/79061"}],"collection":[{"href":"https:\/\/pistonaddict.com\/hu\/wp-json\/wp\/v2\/product"}],"about":[{"href":"https:\/\/pistonaddict.com\/hu\/wp-json\/wp\/v2\/types\/product"}],"replies":[{"embeddable":true,"href":"https:\/\/pistonaddict.com\/hu\/wp-json\/wp\/v2\/comments?post=79061"}],"wp:featuredmedia":[{"embeddable":true,"href":"https:\/\/pistonaddict.com\/hu\/wp-json\/wp\/v2\/media\/78357"}],"wp:attachment":[{"href":"https:\/\/pistonaddict.com\/hu\/wp-json\/wp\/v2\/media?parent=79061"}],"wp:term":[{"taxonomy":"product_cat","embeddable":true,"href":"https:\/\/pistonaddict.com\/hu\/wp-json\/wp\/v2\/product_cat?post=79061"},{"taxonomy":"product_tag","embeddable":true,"href":"https:\/\/pistonaddict.com\/hu\/wp-json\/wp\/v2\/product_tag?post=79061"}],"curies":[{"name":"wp","href":"https:\/\/api.w.org\/{rel}","templated":true}]}}