{"id":78330,"date":"2023-12-13T10:17:52","date_gmt":"2023-12-13T09:17:52","guid":{"rendered":"https:\/\/pistonaddict.com\/product\/fisker-karma-signature-edition\/"},"modified":"2024-03-20T09:42:43","modified_gmt":"2024-03-20T08:42:43","slug":"fisker-karma-alairas-kiadas","status":"publish","type":"product","link":"https:\/\/pistonaddict.com\/hu\/product\/fisker-karma-alairas-kiadas\/","title":{"rendered":"Fisker Karma Signature Edition"},"content":{"rendered":"<p><strong>Aut\u00f3 t\u00f6rt\u00e9nete<\/strong><\/p>\n<p>Miel\u0151tt a Karma 2011-ben berobbant a piacra, a hibridek el\u00e9g unalmas \u00e9s izgalommentes j\u00e1rm\u0171vek voltak. De azt\u00e1n a Fisker szemet gy\u00f6ny\u00f6rk\u00f6dtet\u0151 diz\u00e1jnnal, alacsony sziluettel, izmos tart\u00e1ssal \u00e9s egyedi form\u00e1kkal mutatta be a Karm\u00e1t. Ez valami rendk\u00edv\u00fcli volt \u00e9s m\u00e9g mindig az. A cs\u00e1b\u00edt\u00f3 karossz\u00e9ria alatt rengeteg innovat\u00edv technol\u00f3gia rejlik. A f\u0151motor a GM 2,0 literes turb\u00f3felt\u00f6lt\u0151s motorja 260 l\u00f3er\u0151vel, a h\u00e1ts\u00f3 tengelyen pedig k\u00e9t villanymotor tal\u00e1lhat\u00f3. Egy 20,1 kWh-s akkumul\u00e1torcsomag t\u00e1pl\u00e1lja a 120 kW-os (403 LE) villanymotorokat.<\/p>\n<p>\u00c9rdekes m\u00f3don az akkumul\u00e1torok az aut\u00f3 k\u00f6zep\u00e9n helyezkednek el, ami a Karma alacsony s\u00falypontj\u00e1t \u00e9s kiv\u00e1l\u00f3 \u00fattart\u00e1s\u00e1t biztos\u00edtja. A m\u0171k\u00f6d\u00e9si elv is egyed\u00fcl\u00e1ll\u00f3. Az automata sebess\u00e9gv\u00e1lt\u00f3s j\u00e1rm\u0171 hat\u00f3t\u00e1vols\u00e1ga kiz\u00e1r\u00f3lag elektromos meghajt\u00e1ssal k\u00f6r\u00fclbel\u00fcl 80 km volt. Amikor azonban az akkumul\u00e1torok lemer\u00fclnek, a vezet\u0151 bekapcsolja a benzinmotort, amely az elektromos motorokat t\u00e1pl\u00e1l\u00f3 gener\u00e1tort hajtja. A Karma teh\u00e1t egy benzin-elektromos hibrid, nagy hangs\u00falyt fektetve az elektromos r\u00e9szre. Ezt a modellt a Fisker csal\u00e1d egyik tagj\u00e1nak \u00e9s az egyik eredeti befektet\u0151nek adt\u00e1k \u00e1t, \u00edgy a c\u00e9g t\u00f6rt\u00e9net\u00e9nek k\u00fcl\u00f6nleges darabja.<\/p>\n<p><strong>Belt\u00e9r<\/strong><\/p>\n<p>Ennek a konkr\u00e9t p\u00e9ld\u00e1nynak a belseje fekete \u00e9s barna b\u0151r kombin\u00e1ci\u00f3j\u00e1val rendelkezik, ami elb\u0171v\u00f6l\u0151v\u00e9 teszi a helyet. Az \u00fcl\u00e9seken nincsenek karcol\u00e1sok, \u00e9s minden m\u0171k\u00f6d\u0151k\u00e9pes. Opcion\u00e1lis infotainment rendszerrel van felszerelve, amelynek kijelz\u0151je a m\u0171szerfalon tal\u00e1lhat\u00f3.<\/p>\n<p><strong>Felt\u00e9tel<\/strong><\/p>\n<p>80.000 km, teljes szervizt\u00f6rt\u00e9net, csak egy tulajdonos, ez a Karma ide\u00e1lis \u00e1llapotban van. Nincsenek balesetek vagy s\u00e9r\u00fcl\u00e9sek, \u00e9s a bels\u0151 t\u00e9r \u00fajszer\u0171 \u00e1llapotban van. \u00c9rdekess\u00e9g, hogy a Karma napelemes tet\u0151vel van felszerelve, amely a napenergi\u00e1t elektromos \u00e1ramm\u00e1 alak\u00edtja, \u00e9s sz\u00fcks\u00e9g eset\u00e9n kikapcsolja az akkumul\u00e1tort. Ebben a p\u00e9ld\u00e1ban a napelemes tet\u0151 jelen van \u00e9s t\u00f6k\u00e9letesen m\u0171k\u00f6dik. <strong>Ez a konkr\u00e9t p\u00e9ld\u00e1ny a 61. a Signature Edition csomaggal k\u00e9sz\u00fclt 100 darab<\/strong>b\u00f3l, ami az\u00e9rt l\u00e9nyeges, mert t\u00f6rt\u00e9nete nyomon k\u00f6vethet\u0151 a Fisker k\u00f6z\u00f6ss\u00e9gen bel\u00fcl. Mivel ez a p\u00e9ld\u00e1ny t\u00f6rt\u00e9nelmi jelent\u0151s\u00e9ggel b\u00edr, a vil\u00e1g egyik legjobb Fisker-specialist\u00e1ja szervizelte, \u00e9s rendszeres karbantart\u00e1si feljegyz\u00e9sek \u00e1llnak rendelkez\u00e9sre. Az utols\u00f3 szervizel\u00e9s \u00e9s olajcsere 2023 okt\u00f3ber\u00e9ben t\u00f6rt\u00e9nt, a f\u00e9kek pedig n\u00e9h\u00e1ny napja, 2023 december\u00e9ben lettek fel\u00faj\u00edtva.<\/p>\n<p><strong>K\u00fcls\u0151 \u00e9s kerekek<\/strong><\/p>\n<p>Az egyedi ez\u00fcst f\u00e9nyez\u00e9s t\u00f6k\u00e9letesen illeszkedik a k\u00e9tt\u00f3nus\u00fa bels\u0151 t\u00e9rhez, karcok \u00e9s horpad\u00e1sok n\u00e9lk\u00fcl. Az aut\u00f3t t\u00f6k\u00e9letes \u00e1llapotban l\u00e9v\u0151 21 colos t\u00e9li gumikkal sz\u00e1ll\u00edtj\u00e1k. A 22 colos kerekek ny\u00e1ri gumikkal fel\u00e1rasak. A gumiabroncsok 2023-b\u00f3l sz\u00e1rmaznak.<\/p>\n<p><strong>Dokument\u00e1ci\u00f3<\/strong><\/p>\n<p>A mag\u00e1nelad\u00f3 \u00e9rt\u00e9kes\u00edti ezt a j\u00e1rm\u0171vet megfelel\u0151 dokument\u00e1ci\u00f3val N\u00e9metorsz\u00e1gban tal\u00e1lhat\u00f3. A <a href=\"https:\/\/pistonaddict.com\/wp-content\/uploads\/2023\/12\/FiskerKarma.pdf\">CarVertical<\/a> jelent\u00e9s tiszta; nincs bizony\u00edt\u00e9k balesetekre, baleseti jav\u00edt\u00e1sokra, tulajdonosi vagy jogi probl\u00e9m\u00e1kra. Vannak nyilv\u00e1ntart\u00e1sok a rendszeres karbantart\u00e1sr\u00f3l, az elad\u00e1si sz\u00e1ml\u00e1kr\u00f3l \u00e9s a nyugt\u00e1kr\u00f3l. Erre a modellre nincs gy\u00e1ri garancia.<\/p>\n<p><strong><br \/>\nN\u00e9zze meg a hidegind\u00edt\u00e1s vide\u00f3j\u00e1t err\u0151l a gy\u00f6ny\u00f6r\u0171 Fisker Karma silver Signature :<\/strong><\/p>\n<p><iframe title=\"Cold Start Video of the Fisker Karma Signature for auction sale\" width=\"1200\" height=\"675\" src=\"https:\/\/www.youtube.com\/embed\/sOmYYpDT2U8?feature=oembed\" frameborder=\"0\" allow=\"accelerometer; autoplay; clipboard-write; encrypted-media; gyroscope; picture-in-picture; web-share\" allowfullscreen><\/iframe><\/p>\n","protected":false},"excerpt":{"rendered":"<p>A Fisker Karma nemcsak egy forradalmi hibrid, hanem a 21. sz\u00e1zad egyik legmen\u0151bb aut\u00f3ja is. Alig t\u00f6bb mint 3000 darab k\u00e9sz\u00fclt bel\u0151le, ez\u00e9rt ritka, de ez a p\u00e9ld\u00e1ny m\u00e9g ritk\u00e1bb. Az \u00e1ltalunk ma k\u00edn\u00e1lt ez\u00fcst 2012-es Karma egy 1 a 100-b\u00f3l Signature Edition modell, amelyet Henrik Fisker, a v\u00e1llalat tulajdonosa szem\u00e9lyesen is al\u00e1\u00edrt. Ha egy gy\u0171jt\u0151 \u00e1lm\u00e1t keresi, ez az.<\/p>\n","protected":false},"featured_media":77665,"comment_status":"open","ping_status":"closed","template":"","meta":{"inline_featured_image":false},"product_cat":[731],"product_tag":[2790,2793,930,1826,1824],"acf":[],"yoast_head":"<!-- This site is optimized with the Yoast SEO plugin v22.5 - https:\/\/yoast.com\/wordpress\/plugins\/seo\/ -->\n<title>aukci\u00f3 - Piston Addict<\/title>\n<meta name=\"robots\" content=\"index, follow, max-snippet:-1, max-image-preview:large, max-video-preview:-1\" \/>\n<link rel=\"canonical\" href=\"https:\/\/pistonaddict.com\/hu\/product\/fisker-karma-alairas-kiadas\/\" \/>\n<meta property=\"og:locale\" content=\"hu_HU\" \/>\n<meta property=\"og:type\" content=\"article\" \/>\n<meta property=\"og:title\" content=\"aukci\u00f3 - Piston Addict\" \/>\n<meta property=\"og:description\" content=\"A Fisker Karma nemcsak egy forradalmi hibrid, hanem a 21. sz\u00e1zad egyik legmen\u0151bb aut\u00f3ja is. Alig t\u00f6bb mint 3000 darab k\u00e9sz\u00fclt bel\u0151le, ez\u00e9rt ritka, de ez a p\u00e9ld\u00e1ny m\u00e9g ritk\u00e1bb. Az \u00e1ltalunk ma k\u00edn\u00e1lt ez\u00fcst 2012-es Karma egy 1 a 100-b\u00f3l Signature Edition modell, amelyet Henrik Fisker, a v\u00e1llalat tulajdonosa szem\u00e9lyesen is al\u00e1\u00edrt. Ha egy gy\u0171jt\u0151 \u00e1lm\u00e1t keresi, ez az.\" \/>\n<meta property=\"og:url\" content=\"https:\/\/pistonaddict.com\/hu\/product\/fisker-karma-alairas-kiadas\/\" \/>\n<meta property=\"og:site_name\" content=\"Piston Addict\" \/>\n<meta property=\"article:modified_time\" content=\"2024-03-20T08:42:43+00:00\" \/>\n<meta property=\"og:image\" content=\"https:\/\/pistonaddict.com\/wp-content\/uploads\/2023\/12\/20210129_085341.jpg\" \/>\n\t<meta property=\"og:image:width\" content=\"1762\" \/>\n\t<meta property=\"og:image:height\" content=\"752\" \/>\n\t<meta property=\"og:image:type\" content=\"image\/jpeg\" \/>\n<meta name=\"twitter:card\" content=\"summary_large_image\" \/>\n<meta name=\"twitter:label1\" content=\"Becs\u00fclt olvas\u00e1si id\u0151\" \/>\n\t<meta name=\"twitter:data1\" content=\"3 perc\" \/>\n<script type=\"application\/ld+json\" class=\"yoast-schema-graph\">{\"@context\":\"https:\/\/schema.org\",\"@graph\":[{\"@type\":\"WebPage\",\"@id\":\"https:\/\/pistonaddict.com\/hu\/product\/fisker-karma-alairas-kiadas\/\",\"url\":\"https:\/\/pistonaddict.com\/hu\/product\/fisker-karma-alairas-kiadas\/\",\"name\":\"aukci\u00f3 - Piston Addict\",\"isPartOf\":{\"@id\":\"https:\/\/pistonaddict.com\/hu\/#website\"},\"primaryImageOfPage\":{\"@id\":\"https:\/\/pistonaddict.com\/hu\/product\/fisker-karma-alairas-kiadas\/#primaryimage\"},\"image\":{\"@id\":\"https:\/\/pistonaddict.com\/hu\/product\/fisker-karma-alairas-kiadas\/#primaryimage\"},\"thumbnailUrl\":\"https:\/\/pistonaddict.com\/wp-content\/uploads\/2023\/12\/20210129_085341.jpg\",\"datePublished\":\"2023-12-13T09:17:52+00:00\",\"dateModified\":\"2024-03-20T08:42:43+00:00\",\"breadcrumb\":{\"@id\":\"https:\/\/pistonaddict.com\/hu\/product\/fisker-karma-alairas-kiadas\/#breadcrumb\"},\"inLanguage\":\"hu\",\"potentialAction\":[{\"@type\":\"ReadAction\",\"target\":[\"https:\/\/pistonaddict.com\/hu\/product\/fisker-karma-alairas-kiadas\/\"]}]},{\"@type\":\"ImageObject\",\"inLanguage\":\"hu\",\"@id\":\"https:\/\/pistonaddict.com\/hu\/product\/fisker-karma-alairas-kiadas\/#primaryimage\",\"url\":\"https:\/\/pistonaddict.com\/wp-content\/uploads\/2023\/12\/20210129_085341.jpg\",\"contentUrl\":\"https:\/\/pistonaddict.com\/wp-content\/uploads\/2023\/12\/20210129_085341.jpg\",\"width\":1762,\"height\":752},{\"@type\":\"BreadcrumbList\",\"@id\":\"https:\/\/pistonaddict.com\/hu\/product\/fisker-karma-alairas-kiadas\/#breadcrumb\",\"itemListElement\":[{\"@type\":\"ListItem\",\"position\":1,\"name\":\"Kezd\u0151lap\",\"item\":\"https:\/\/pistonaddict.com\/hu\/honlap\/\"},{\"@type\":\"ListItem\",\"position\":2,\"name\":\"Auctions\",\"item\":\"https:\/\/pistonaddict.com\/auctions-listing\/\"},{\"@type\":\"ListItem\",\"position\":3,\"name\":\"Fisker Karma Signature Edition\"}]},{\"@type\":\"WebSite\",\"@id\":\"https:\/\/pistonaddict.com\/hu\/#website\",\"url\":\"https:\/\/pistonaddict.com\/hu\/\",\"name\":\"Piston Addict\",\"description\":\"Only interesting vehicles\",\"publisher\":{\"@id\":\"https:\/\/pistonaddict.com\/hu\/#organization\"},\"potentialAction\":[{\"@type\":\"SearchAction\",\"target\":{\"@type\":\"EntryPoint\",\"urlTemplate\":\"https:\/\/pistonaddict.com\/hu\/?s={search_term_string}\"},\"query-input\":\"required name=search_term_string\"}],\"inLanguage\":\"hu\"},{\"@type\":\"Organization\",\"@id\":\"https:\/\/pistonaddict.com\/hu\/#organization\",\"name\":\"Piston Addict\",\"url\":\"https:\/\/pistonaddict.com\/hu\/\",\"logo\":{\"@type\":\"ImageObject\",\"inLanguage\":\"hu\",\"@id\":\"https:\/\/pistonaddict.com\/hu\/#\/schema\/logo\/image\/\",\"url\":\"https:\/\/pistonaddict.com\/wp-content\/uploads\/2022\/07\/logo-6.png\",\"contentUrl\":\"https:\/\/pistonaddict.com\/wp-content\/uploads\/2022\/07\/logo-6.png\",\"width\":970,\"height\":200,\"caption\":\"Piston Addict\"},\"image\":{\"@id\":\"https:\/\/pistonaddict.com\/hu\/#\/schema\/logo\/image\/\"}}]}<\/script>\n<!-- \/ Yoast SEO plugin. -->","yoast_head_json":{"title":"aukci\u00f3 - Piston Addict","robots":{"index":"index","follow":"follow","max-snippet":"max-snippet:-1","max-image-preview":"max-image-preview:large","max-video-preview":"max-video-preview:-1"},"canonical":"https:\/\/pistonaddict.com\/hu\/product\/fisker-karma-alairas-kiadas\/","og_locale":"hu_HU","og_type":"article","og_title":"aukci\u00f3 - Piston Addict","og_description":"A Fisker Karma nemcsak egy forradalmi hibrid, hanem a 21. sz\u00e1zad egyik legmen\u0151bb aut\u00f3ja is. Alig t\u00f6bb mint 3000 darab k\u00e9sz\u00fclt bel\u0151le, ez\u00e9rt ritka, de ez a p\u00e9ld\u00e1ny m\u00e9g ritk\u00e1bb. Az \u00e1ltalunk ma k\u00edn\u00e1lt ez\u00fcst 2012-es Karma egy 1 a 100-b\u00f3l Signature Edition modell, amelyet Henrik Fisker, a v\u00e1llalat tulajdonosa szem\u00e9lyesen is al\u00e1\u00edrt. Ha egy gy\u0171jt\u0151 \u00e1lm\u00e1t keresi, ez az.","og_url":"https:\/\/pistonaddict.com\/hu\/product\/fisker-karma-alairas-kiadas\/","og_site_name":"Piston Addict","article_modified_time":"2024-03-20T08:42:43+00:00","og_image":[{"width":1762,"height":752,"url":"https:\/\/pistonaddict.com\/wp-content\/uploads\/2023\/12\/20210129_085341.jpg","type":"image\/jpeg"}],"twitter_card":"summary_large_image","twitter_misc":{"Becs\u00fclt olvas\u00e1si id\u0151":"3 perc"},"schema":{"@context":"https:\/\/schema.org","@graph":[{"@type":"WebPage","@id":"https:\/\/pistonaddict.com\/hu\/product\/fisker-karma-alairas-kiadas\/","url":"https:\/\/pistonaddict.com\/hu\/product\/fisker-karma-alairas-kiadas\/","name":"aukci\u00f3 - Piston Addict","isPartOf":{"@id":"https:\/\/pistonaddict.com\/hu\/#website"},"primaryImageOfPage":{"@id":"https:\/\/pistonaddict.com\/hu\/product\/fisker-karma-alairas-kiadas\/#primaryimage"},"image":{"@id":"https:\/\/pistonaddict.com\/hu\/product\/fisker-karma-alairas-kiadas\/#primaryimage"},"thumbnailUrl":"https:\/\/pistonaddict.com\/wp-content\/uploads\/2023\/12\/20210129_085341.jpg","datePublished":"2023-12-13T09:17:52+00:00","dateModified":"2024-03-20T08:42:43+00:00","breadcrumb":{"@id":"https:\/\/pistonaddict.com\/hu\/product\/fisker-karma-alairas-kiadas\/#breadcrumb"},"inLanguage":"hu","potentialAction":[{"@type":"ReadAction","target":["https:\/\/pistonaddict.com\/hu\/product\/fisker-karma-alairas-kiadas\/"]}]},{"@type":"ImageObject","inLanguage":"hu","@id":"https:\/\/pistonaddict.com\/hu\/product\/fisker-karma-alairas-kiadas\/#primaryimage","url":"https:\/\/pistonaddict.com\/wp-content\/uploads\/2023\/12\/20210129_085341.jpg","contentUrl":"https:\/\/pistonaddict.com\/wp-content\/uploads\/2023\/12\/20210129_085341.jpg","width":1762,"height":752},{"@type":"BreadcrumbList","@id":"https:\/\/pistonaddict.com\/hu\/product\/fisker-karma-alairas-kiadas\/#breadcrumb","itemListElement":[{"@type":"ListItem","position":1,"name":"Kezd\u0151lap","item":"https:\/\/pistonaddict.com\/hu\/honlap\/"},{"@type":"ListItem","position":2,"name":"Auctions","item":"https:\/\/pistonaddict.com\/auctions-listing\/"},{"@type":"ListItem","position":3,"name":"Fisker Karma Signature Edition"}]},{"@type":"WebSite","@id":"https:\/\/pistonaddict.com\/hu\/#website","url":"https:\/\/pistonaddict.com\/hu\/","name":"Piston Addict","description":"Only interesting vehicles","publisher":{"@id":"https:\/\/pistonaddict.com\/hu\/#organization"},"potentialAction":[{"@type":"SearchAction","target":{"@type":"EntryPoint","urlTemplate":"https:\/\/pistonaddict.com\/hu\/?s={search_term_string}"},"query-input":"required name=search_term_string"}],"inLanguage":"hu"},{"@type":"Organization","@id":"https:\/\/pistonaddict.com\/hu\/#organization","name":"Piston Addict","url":"https:\/\/pistonaddict.com\/hu\/","logo":{"@type":"ImageObject","inLanguage":"hu","@id":"https:\/\/pistonaddict.com\/hu\/#\/schema\/logo\/image\/","url":"https:\/\/pistonaddict.com\/wp-content\/uploads\/2022\/07\/logo-6.png","contentUrl":"https:\/\/pistonaddict.com\/wp-content\/uploads\/2022\/07\/logo-6.png","width":970,"height":200,"caption":"Piston Addict"},"image":{"@id":"https:\/\/pistonaddict.com\/hu\/#\/schema\/logo\/image\/"}}]}},"_links":{"self":[{"href":"https:\/\/pistonaddict.com\/hu\/wp-json\/wp\/v2\/product\/78330"}],"collection":[{"href":"https:\/\/pistonaddict.com\/hu\/wp-json\/wp\/v2\/product"}],"about":[{"href":"https:\/\/pistonaddict.com\/hu\/wp-json\/wp\/v2\/types\/product"}],"replies":[{"embeddable":true,"href":"https:\/\/pistonaddict.com\/hu\/wp-json\/wp\/v2\/comments?post=78330"}],"wp:featuredmedia":[{"embeddable":true,"href":"https:\/\/pistonaddict.com\/hu\/wp-json\/wp\/v2\/media\/77665"}],"wp:attachment":[{"href":"https:\/\/pistonaddict.com\/hu\/wp-json\/wp\/v2\/media?parent=78330"}],"wp:term":[{"taxonomy":"product_cat","embeddable":true,"href":"https:\/\/pistonaddict.com\/hu\/wp-json\/wp\/v2\/product_cat?post=78330"},{"taxonomy":"product_tag","embeddable":true,"href":"https:\/\/pistonaddict.com\/hu\/wp-json\/wp\/v2\/product_tag?post=78330"}],"curies":[{"name":"wp","href":"https:\/\/api.w.org\/{rel}","templated":true}]}}