{"id":77362,"date":"2023-12-11T15:55:41","date_gmt":"2023-12-11T14:55:41","guid":{"rendered":"https:\/\/pistonaddict.com\/product\/abarth-124-spider\/"},"modified":"2024-03-20T09:41:51","modified_gmt":"2024-03-20T08:41:51","slug":"abarth-124-spider","status":"publish","type":"product","link":"https:\/\/pistonaddict.com\/hu\/product\/abarth-124-spider\/","title":{"rendered":"Abarth 124 Spider"},"content":{"rendered":"<h2>K\u00fcls\u0151<\/h2>\n<p>K\u00edv\u00fclr\u0151l m\u00e1r els\u0151 pillant\u00e1sra l\u00e1tszik, hogy ez t\u00f6bb, mint egy \u00e1tlagos, legy\u00e1rtott 124 Spider. Ez a feket\u00e9re festett roadster agressz\u00edvabb l\u00f6kh\u00e1r\u00edt\u00f3kkal, xenon f\u00e9nysz\u00f3r\u00f3kkal \u00e9s h\u00e1tul k\u00e9toldali kipufog\u00f3val rendelkezik, mindk\u00e9t oldalon k\u00e9t kr\u00f3mozott v\u00e9gz\u0151d\u00e9ssel. Mindezek a r\u00e9szletek f\u00e9lelmetes k\u00f6z\u00fati jelenl\u00e9tet k\u00f6lcs\u00f6n\u00f6znek az aut\u00f3nak, amely f\u00e9lre\u00e9rthetetlen\u00fcl megk\u00fcl\u00f6nb\u00f6zteti szel\u00edd unokatestv\u00e9r\u00e9t\u0151l. \u00c9s ha ez m\u00e9g nem lenne el\u00e9g, az Abarth 70. \u00e9vfordul\u00f3j\u00e1t \u00fcnnepl\u0151 jelv\u00e9ny az oldal\u00e1n biztosan kiemeli ennek a k\u00fcl\u00f6nleges modellnek az exkluzivit\u00e1s\u00e1t.<\/p>\n<p>Ez az Abarth 124 Spider 17 colos felniken \u00fcl, Bridgestone abroncsokkal szerelve, amelyek tal\u00e1n m\u00e1r t\u00fal vannak a f\u00e9nykorukon. A kerekeken j\u00f3l l\u00e1that\u00f3k a hatalmas, piros Brembo f\u00e9knyergek is, amelyek kiv\u00e1l\u00f3 f\u00e9ker\u0151t \u00edg\u00e9rnek.<\/p>\n<h2>Belt\u00e9r<\/h2>\n<p>A k\u00fcls\u0151 megjelen\u00e9shez hasonl\u00f3an a bels\u0151 t\u00e9rben is sz\u00e1mos szemet gy\u00f6ny\u00f6rk\u00f6dtet\u0151 r\u00e9szletet tal\u00e1lunk, amelyek egy\u00e9rtelm\u0171en mutatj\u00e1k az aut\u00f3 eredet\u00e9t. Kezdetnek egy p\u00e1r k\u00e9nyelmes, vel\u00farb\u0151rrel bor\u00edtott \u00fcl\u00e9s, amelynek h\u00e1tt\u00e1ml\u00e1j\u00e1ba hatalmas piros Abart feliratot varrtak. A piros sz\u00edn\u0171 r\u00e9szletek a korm\u00e1nykereket \u00e9s a m\u00f6g\u00f6tte l\u00e9v\u0151 m\u0171szerfalat is kiemelik, amelyet a 8000-es fordulatsz\u00e1mig terjed\u0151 fordulatsz\u00e1mm\u00e9r\u0151 ural. V\u00e9g\u00fcl a minimalista m\u0171szerfal csak a legsz\u00fcks\u00e9gesebbeket tartalmazza, mint p\u00e9ld\u00e1ul a l\u00e9gkondicion\u00e1l\u00f3 kezel\u0151szerveit \u00e9s a k\u00f6z\u00e9pre szerelt kijelz\u0151t, ami nyilv\u00e1nval\u00f3v\u00e1 teszi, hogy ez az aut\u00f3 els\u0151sorban vezet\u00e9sre k\u00e9sz\u00fclt.<\/p>\n<h2>Mechanika<\/h2>\n<p>Els\u0151 pillant\u00e1sra az 1,4 literes motorh\u00e1ztet\u0151 alatti 1,4 literes motor nem t\u0171nik olyan meggy\u0151z\u0151nek, mint amilyenre sz\u00e1m\u00edtan\u00e1nk. A turb\u00f3felt\u00f6lt\u0151nek \u00e9s az \u00fczemanyag-szab\u00e1lyoz\u00e1snak k\u00f6sz\u00f6nhet\u0151en azonban, amely 170 l\u00f3er\u0151re n\u00f6veli a teljes\u00edtm\u00e9nyt, ez a sima n\u00e9gyhengeres egys\u00e9g el\u00e9g nagyot \u00fct. A sebess\u00e9gv\u00e1lt\u00f3 &#8211; egy hagyom\u00e1nyos hatfokozat\u00fa k\u00e9zi v\u00e1lt\u00f3 &#8211; egy m\u00e1sik r\u00e9szlet, amely a Spider val\u00f3di term\u00e9szet\u00e9t mutatja. Ez a hajt\u00e1sl\u00e1nc-konfigur\u00e1ci\u00f3, valamint a kiv\u00e1l\u00f3 felf\u00fcggeszt\u00e9s \u00e9s a kiv\u00e1l\u00f3 f\u00e9krendszer teszi a j\u00e1rm\u0171vet igazi vezet\u0151i aut\u00f3v\u00e1, amelyet \u00fagy terveztek, hogy b\u00e1rmilyen kanyarg\u00f3s \u00faton meg\u00e1llja a hely\u00e9t.<\/p>\n<h2>A j\u00e1rm\u0171 t\u00f6rt\u00e9nete<\/h2>\n<p>V\u00e9g\u00fcl egy-k\u00e9t sz\u00f3 ennek az Abarth Spidernek a jelenlegi \u00e1llapot\u00e1r\u00f3l. Az utols\u00f3 rendszeres szervizel\u00e9s, amely mag\u00e1ban foglalta az olajcser\u00e9t is, 2023 janu\u00e1rj\u00e1ban t\u00f6rt\u00e9nt. Nemr\u00e9giben, decemberben a f\u00e9keket is fel\u00faj\u00edtott\u00e1k. A mell\u00e9kelt fot\u00f3k \u00e9s a megfelel\u0151 vide\u00f3 alapj\u00e1n az aut\u00f3 \u00fajszer\u0171 \u00e1llapotban van, l\u00e1that\u00f3 s\u00e9r\u00fcl\u00e9sek vagy kop\u00e1snyomok n\u00e9lk\u00fcl.<\/p>\n<p>Tov\u00e1bb\u00e1 az elad\u00f3 azt mondja, hogy az aut\u00f3t, amely jelenleg Olaszorsz\u00e1gban van, nem haszn\u00e1lt\u00e1k versenyp\u00e1ly\u00e1n, \u00e9s nem volt balesetben \u00e9rintett, \u00e9s ezt a <a href=\"https:\/\/pistonaddict.com\/wp-content\/uploads\/2023\/12\/abarthspider.pdf\">CARFAX<\/a> j\u00e1rm\u0171t\u00f6rt\u00e9neti jelent\u00e9s is meger\u0151s\u00edti.<\/p>\n<p><strong><br \/>\nN\u00e9zd meg a hidegind\u00edt\u00e1sos vide\u00f3t err\u0151l a gy\u00f6ny\u00f6r\u0171 Abarth 124 Spiderr\u0151l :<\/strong><\/p>\n<p><iframe title=\"Cold Start Video of the Abarth 124 Spider for auction sale\" width=\"1200\" height=\"675\" src=\"https:\/\/www.youtube.com\/embed\/wZs51_ew1WU?feature=oembed\" frameborder=\"0\" allow=\"accelerometer; autoplay; clipboard-write; encrypted-media; gyroscope; picture-in-picture; web-share\" allowfullscreen><\/iframe><\/p>\n","protected":false},"excerpt":{"rendered":"<p>Ha olyan aut\u00f3t szeretne, amely j\u00f3l n\u00e9z ki, sz\u00f3rakoztat\u00f3 vezetni, \u00e9s k\u00f6nny\u0171 vele \u00e9lni, akkor \u00e9rdemes megfontolnia egy roadster beszerz\u00e9s\u00e9t. Sz\u00e1mos viszonylag \u00faj modell k\u00f6z\u00fcl v\u00e1laszthatunk, \u00e9s ezek egyike a 124 Spider, amely mechanikai alapjait megosztja napjaink tal\u00e1n legh\u00edresebb roadster\u00e9vel, a Mazda MX5-tel. Mint ilyen, az olasz st\u00edlus \u00e9s a jap\u00e1n prec\u00edz technol\u00f3gia egyed\u00fcl\u00e1ll\u00f3 kever\u00e9k\u00e9t k\u00e9pviseli.<\/p>\n<p>\u00c9s amikor a Fiat h\u00e1zon bel\u00fcli tunere mindezt megf\u0171szerezi, akkor egy t\u00fczes <strong>Abarth 124 Spidert<\/strong> kapunk, amelynek egyik p\u00e9ld\u00e1ny\u00e1t \u00e9ppen itt, a mi oldalunkon \u00e1rverezz\u00fck el. Ez a makul\u00e1tlan 2019-es modell alig t\u00f6bb mint 23 000 kilom\u00e9tert tett meg, \u00e9s jelenleg \u00faj tulajdonost keres. \u00c9s az eleg\u00e1ns megjelen\u00e9sen \u00e9s az \u00e9lvezetes teljes\u00edtm\u00e9nyen k\u00edv\u00fcl m\u00e9g egy \u00e1szt rejteget a kab\u00e1tujj\u00e1ban.<\/p>\n","protected":false},"featured_media":77143,"comment_status":"open","ping_status":"closed","template":"","meta":{"inline_featured_image":false},"product_cat":[731],"product_tag":[2726,2733,2722,964],"acf":[],"yoast_head":"<!-- This site is optimized with the Yoast SEO plugin v22.5 - https:\/\/yoast.com\/wordpress\/plugins\/seo\/ -->\n<title>aukci\u00f3 - Piston Addict<\/title>\n<meta name=\"robots\" content=\"index, follow, max-snippet:-1, max-image-preview:large, max-video-preview:-1\" \/>\n<link rel=\"canonical\" href=\"https:\/\/pistonaddict.com\/hu\/product\/abarth-124-spider\/\" \/>\n<meta property=\"og:locale\" content=\"hu_HU\" \/>\n<meta property=\"og:type\" content=\"article\" \/>\n<meta property=\"og:title\" content=\"aukci\u00f3 - Piston Addict\" \/>\n<meta property=\"og:description\" content=\"Ha olyan aut\u00f3t szeretne, amely j\u00f3l n\u00e9z ki, sz\u00f3rakoztat\u00f3 vezetni, \u00e9s k\u00f6nny\u0171 vele \u00e9lni, akkor \u00e9rdemes megfontolnia egy roadster beszerz\u00e9s\u00e9t. Sz\u00e1mos viszonylag \u00faj modell k\u00f6z\u00fcl v\u00e1laszthatunk, \u00e9s ezek egyike a 124 Spider, amely mechanikai alapjait megosztja napjaink tal\u00e1n legh\u00edresebb roadster\u00e9vel, a Mazda MX5-tel. Mint ilyen, az olasz st\u00edlus \u00e9s a jap\u00e1n prec\u00edz technol\u00f3gia egyed\u00fcl\u00e1ll\u00f3 kever\u00e9k\u00e9t k\u00e9pviseli. \u00c9s amikor a Fiat h\u00e1zon bel\u00fcli tunere mindezt megf\u0171szerezi, akkor egy t\u00fczes Abarth 124 Spidert kapunk, amelynek egyik p\u00e9ld\u00e1ny\u00e1t \u00e9ppen itt, a mi oldalunkon \u00e1rverezz\u00fck el. Ez a makul\u00e1tlan 2019-es modell alig t\u00f6bb mint 23 000 kilom\u00e9tert tett meg, \u00e9s jelenleg \u00faj tulajdonost keres. \u00c9s az eleg\u00e1ns megjelen\u00e9sen \u00e9s az \u00e9lvezetes teljes\u00edtm\u00e9nyen k\u00edv\u00fcl m\u00e9g egy \u00e1szt rejteget a kab\u00e1tujj\u00e1ban.\" \/>\n<meta property=\"og:url\" content=\"https:\/\/pistonaddict.com\/hu\/product\/abarth-124-spider\/\" \/>\n<meta property=\"og:site_name\" content=\"Piston Addict\" \/>\n<meta property=\"article:modified_time\" content=\"2024-03-20T08:41:51+00:00\" \/>\n<meta property=\"og:image\" content=\"https:\/\/pistonaddict.com\/wp-content\/uploads\/2023\/12\/image00020-scaled.jpeg\" \/>\n\t<meta property=\"og:image:width\" content=\"2560\" \/>\n\t<meta property=\"og:image:height\" content=\"1920\" \/>\n\t<meta property=\"og:image:type\" content=\"image\/jpeg\" \/>\n<meta name=\"twitter:card\" content=\"summary_large_image\" \/>\n<meta name=\"twitter:label1\" content=\"Becs\u00fclt olvas\u00e1si id\u0151\" \/>\n\t<meta name=\"twitter:data1\" content=\"3 perc\" \/>\n<script type=\"application\/ld+json\" class=\"yoast-schema-graph\">{\"@context\":\"https:\/\/schema.org\",\"@graph\":[{\"@type\":\"WebPage\",\"@id\":\"https:\/\/pistonaddict.com\/hu\/product\/abarth-124-spider\/\",\"url\":\"https:\/\/pistonaddict.com\/hu\/product\/abarth-124-spider\/\",\"name\":\"aukci\u00f3 - Piston Addict\",\"isPartOf\":{\"@id\":\"https:\/\/pistonaddict.com\/hu\/#website\"},\"primaryImageOfPage\":{\"@id\":\"https:\/\/pistonaddict.com\/hu\/product\/abarth-124-spider\/#primaryimage\"},\"image\":{\"@id\":\"https:\/\/pistonaddict.com\/hu\/product\/abarth-124-spider\/#primaryimage\"},\"thumbnailUrl\":\"https:\/\/pistonaddict.com\/wp-content\/uploads\/2023\/12\/image00020-scaled.jpeg\",\"datePublished\":\"2023-12-11T14:55:41+00:00\",\"dateModified\":\"2024-03-20T08:41:51+00:00\",\"breadcrumb\":{\"@id\":\"https:\/\/pistonaddict.com\/hu\/product\/abarth-124-spider\/#breadcrumb\"},\"inLanguage\":\"hu\",\"potentialAction\":[{\"@type\":\"ReadAction\",\"target\":[\"https:\/\/pistonaddict.com\/hu\/product\/abarth-124-spider\/\"]}]},{\"@type\":\"ImageObject\",\"inLanguage\":\"hu\",\"@id\":\"https:\/\/pistonaddict.com\/hu\/product\/abarth-124-spider\/#primaryimage\",\"url\":\"https:\/\/pistonaddict.com\/wp-content\/uploads\/2023\/12\/image00020-scaled.jpeg\",\"contentUrl\":\"https:\/\/pistonaddict.com\/wp-content\/uploads\/2023\/12\/image00020-scaled.jpeg\",\"width\":2560,\"height\":1920},{\"@type\":\"BreadcrumbList\",\"@id\":\"https:\/\/pistonaddict.com\/hu\/product\/abarth-124-spider\/#breadcrumb\",\"itemListElement\":[{\"@type\":\"ListItem\",\"position\":1,\"name\":\"Kezd\u0151lap\",\"item\":\"https:\/\/pistonaddict.com\/hu\/honlap\/\"},{\"@type\":\"ListItem\",\"position\":2,\"name\":\"Auctions\",\"item\":\"https:\/\/pistonaddict.com\/auctions-listing\/\"},{\"@type\":\"ListItem\",\"position\":3,\"name\":\"Abarth 124 Spider\"}]},{\"@type\":\"WebSite\",\"@id\":\"https:\/\/pistonaddict.com\/hu\/#website\",\"url\":\"https:\/\/pistonaddict.com\/hu\/\",\"name\":\"Piston Addict\",\"description\":\"Only interesting vehicles\",\"publisher\":{\"@id\":\"https:\/\/pistonaddict.com\/hu\/#organization\"},\"potentialAction\":[{\"@type\":\"SearchAction\",\"target\":{\"@type\":\"EntryPoint\",\"urlTemplate\":\"https:\/\/pistonaddict.com\/hu\/?s={search_term_string}\"},\"query-input\":\"required name=search_term_string\"}],\"inLanguage\":\"hu\"},{\"@type\":\"Organization\",\"@id\":\"https:\/\/pistonaddict.com\/hu\/#organization\",\"name\":\"Piston Addict\",\"url\":\"https:\/\/pistonaddict.com\/hu\/\",\"logo\":{\"@type\":\"ImageObject\",\"inLanguage\":\"hu\",\"@id\":\"https:\/\/pistonaddict.com\/hu\/#\/schema\/logo\/image\/\",\"url\":\"https:\/\/pistonaddict.com\/wp-content\/uploads\/2022\/07\/logo-6.png\",\"contentUrl\":\"https:\/\/pistonaddict.com\/wp-content\/uploads\/2022\/07\/logo-6.png\",\"width\":970,\"height\":200,\"caption\":\"Piston Addict\"},\"image\":{\"@id\":\"https:\/\/pistonaddict.com\/hu\/#\/schema\/logo\/image\/\"}}]}<\/script>\n<!-- \/ Yoast SEO plugin. -->","yoast_head_json":{"title":"aukci\u00f3 - Piston Addict","robots":{"index":"index","follow":"follow","max-snippet":"max-snippet:-1","max-image-preview":"max-image-preview:large","max-video-preview":"max-video-preview:-1"},"canonical":"https:\/\/pistonaddict.com\/hu\/product\/abarth-124-spider\/","og_locale":"hu_HU","og_type":"article","og_title":"aukci\u00f3 - Piston Addict","og_description":"Ha olyan aut\u00f3t szeretne, amely j\u00f3l n\u00e9z ki, sz\u00f3rakoztat\u00f3 vezetni, \u00e9s k\u00f6nny\u0171 vele \u00e9lni, akkor \u00e9rdemes megfontolnia egy roadster beszerz\u00e9s\u00e9t. Sz\u00e1mos viszonylag \u00faj modell k\u00f6z\u00fcl v\u00e1laszthatunk, \u00e9s ezek egyike a 124 Spider, amely mechanikai alapjait megosztja napjaink tal\u00e1n legh\u00edresebb roadster\u00e9vel, a Mazda MX5-tel. Mint ilyen, az olasz st\u00edlus \u00e9s a jap\u00e1n prec\u00edz technol\u00f3gia egyed\u00fcl\u00e1ll\u00f3 kever\u00e9k\u00e9t k\u00e9pviseli. \u00c9s amikor a Fiat h\u00e1zon bel\u00fcli tunere mindezt megf\u0171szerezi, akkor egy t\u00fczes Abarth 124 Spidert kapunk, amelynek egyik p\u00e9ld\u00e1ny\u00e1t \u00e9ppen itt, a mi oldalunkon \u00e1rverezz\u00fck el. Ez a makul\u00e1tlan 2019-es modell alig t\u00f6bb mint 23 000 kilom\u00e9tert tett meg, \u00e9s jelenleg \u00faj tulajdonost keres. \u00c9s az eleg\u00e1ns megjelen\u00e9sen \u00e9s az \u00e9lvezetes teljes\u00edtm\u00e9nyen k\u00edv\u00fcl m\u00e9g egy \u00e1szt rejteget a kab\u00e1tujj\u00e1ban.","og_url":"https:\/\/pistonaddict.com\/hu\/product\/abarth-124-spider\/","og_site_name":"Piston Addict","article_modified_time":"2024-03-20T08:41:51+00:00","og_image":[{"width":2560,"height":1920,"url":"https:\/\/pistonaddict.com\/wp-content\/uploads\/2023\/12\/image00020-scaled.jpeg","type":"image\/jpeg"}],"twitter_card":"summary_large_image","twitter_misc":{"Becs\u00fclt olvas\u00e1si id\u0151":"3 perc"},"schema":{"@context":"https:\/\/schema.org","@graph":[{"@type":"WebPage","@id":"https:\/\/pistonaddict.com\/hu\/product\/abarth-124-spider\/","url":"https:\/\/pistonaddict.com\/hu\/product\/abarth-124-spider\/","name":"aukci\u00f3 - Piston Addict","isPartOf":{"@id":"https:\/\/pistonaddict.com\/hu\/#website"},"primaryImageOfPage":{"@id":"https:\/\/pistonaddict.com\/hu\/product\/abarth-124-spider\/#primaryimage"},"image":{"@id":"https:\/\/pistonaddict.com\/hu\/product\/abarth-124-spider\/#primaryimage"},"thumbnailUrl":"https:\/\/pistonaddict.com\/wp-content\/uploads\/2023\/12\/image00020-scaled.jpeg","datePublished":"2023-12-11T14:55:41+00:00","dateModified":"2024-03-20T08:41:51+00:00","breadcrumb":{"@id":"https:\/\/pistonaddict.com\/hu\/product\/abarth-124-spider\/#breadcrumb"},"inLanguage":"hu","potentialAction":[{"@type":"ReadAction","target":["https:\/\/pistonaddict.com\/hu\/product\/abarth-124-spider\/"]}]},{"@type":"ImageObject","inLanguage":"hu","@id":"https:\/\/pistonaddict.com\/hu\/product\/abarth-124-spider\/#primaryimage","url":"https:\/\/pistonaddict.com\/wp-content\/uploads\/2023\/12\/image00020-scaled.jpeg","contentUrl":"https:\/\/pistonaddict.com\/wp-content\/uploads\/2023\/12\/image00020-scaled.jpeg","width":2560,"height":1920},{"@type":"BreadcrumbList","@id":"https:\/\/pistonaddict.com\/hu\/product\/abarth-124-spider\/#breadcrumb","itemListElement":[{"@type":"ListItem","position":1,"name":"Kezd\u0151lap","item":"https:\/\/pistonaddict.com\/hu\/honlap\/"},{"@type":"ListItem","position":2,"name":"Auctions","item":"https:\/\/pistonaddict.com\/auctions-listing\/"},{"@type":"ListItem","position":3,"name":"Abarth 124 Spider"}]},{"@type":"WebSite","@id":"https:\/\/pistonaddict.com\/hu\/#website","url":"https:\/\/pistonaddict.com\/hu\/","name":"Piston Addict","description":"Only interesting vehicles","publisher":{"@id":"https:\/\/pistonaddict.com\/hu\/#organization"},"potentialAction":[{"@type":"SearchAction","target":{"@type":"EntryPoint","urlTemplate":"https:\/\/pistonaddict.com\/hu\/?s={search_term_string}"},"query-input":"required name=search_term_string"}],"inLanguage":"hu"},{"@type":"Organization","@id":"https:\/\/pistonaddict.com\/hu\/#organization","name":"Piston Addict","url":"https:\/\/pistonaddict.com\/hu\/","logo":{"@type":"ImageObject","inLanguage":"hu","@id":"https:\/\/pistonaddict.com\/hu\/#\/schema\/logo\/image\/","url":"https:\/\/pistonaddict.com\/wp-content\/uploads\/2022\/07\/logo-6.png","contentUrl":"https:\/\/pistonaddict.com\/wp-content\/uploads\/2022\/07\/logo-6.png","width":970,"height":200,"caption":"Piston Addict"},"image":{"@id":"https:\/\/pistonaddict.com\/hu\/#\/schema\/logo\/image\/"}}]}},"_links":{"self":[{"href":"https:\/\/pistonaddict.com\/hu\/wp-json\/wp\/v2\/product\/77362"}],"collection":[{"href":"https:\/\/pistonaddict.com\/hu\/wp-json\/wp\/v2\/product"}],"about":[{"href":"https:\/\/pistonaddict.com\/hu\/wp-json\/wp\/v2\/types\/product"}],"replies":[{"embeddable":true,"href":"https:\/\/pistonaddict.com\/hu\/wp-json\/wp\/v2\/comments?post=77362"}],"wp:featuredmedia":[{"embeddable":true,"href":"https:\/\/pistonaddict.com\/hu\/wp-json\/wp\/v2\/media\/77143"}],"wp:attachment":[{"href":"https:\/\/pistonaddict.com\/hu\/wp-json\/wp\/v2\/media?parent=77362"}],"wp:term":[{"taxonomy":"product_cat","embeddable":true,"href":"https:\/\/pistonaddict.com\/hu\/wp-json\/wp\/v2\/product_cat?post=77362"},{"taxonomy":"product_tag","embeddable":true,"href":"https:\/\/pistonaddict.com\/hu\/wp-json\/wp\/v2\/product_tag?post=77362"}],"curies":[{"name":"wp","href":"https:\/\/api.w.org\/{rel}","templated":true}]}}