{"id":76293,"date":"2023-12-01T10:53:23","date_gmt":"2023-12-01T09:53:23","guid":{"rendered":"https:\/\/pistonaddict.com\/product\/ferrari-488-gtb\/"},"modified":"2023-12-20T11:45:32","modified_gmt":"2023-12-20T10:45:32","slug":"ferrari-488-gtb","status":"publish","type":"product","link":"https:\/\/pistonaddict.com\/hu\/product\/ferrari-488-gtb\/","title":{"rendered":"Ferrari 488 GTB"},"content":{"rendered":"<p><strong>Aut\u00f3 t\u00f6rt\u00e9nete<\/strong><\/p>\n<p>A 458 Italia-t 2015-ben lev\u00e1ltva a Ferrari bemutatta a 488 GTB-t, amely az els\u0151 turb\u00f3felt\u00f6lt\u0151s, k\u00f6z\u00e9pmotoros V8-as Ferrari volt a legend\u00e1s F40 \u00f3ta. B\u00e1r a 488 GTB l\u00f6kett\u00e9rfogat\u00e1t tekintve kevesebb volt, mivel csak egy 3,9 literes V8-as motorral rendelkezett, 100 l\u00f3er\u0151vel t\u00f6bbet, elk\u00e9peszt\u0151 670 l\u00f3er\u0151t tudott, mint a 458 Italia. De ami m\u00e9g enn\u00e9l is izgalmasabb volt, az a nyomat\u00e9k, amely leny\u0171g\u00f6z\u0151, 760 Nm, \u00e9s vill\u00e1mgyors gyorsul\u00e1st, azonnali g\u00e1zreakci\u00f3t \u00e9s hihetetlen menetdinamik\u00e1t garant\u00e1l. A 100 km\/h mind\u00f6ssze 3 m\u00e1sodperc alatt el\u00e9rhet\u0151, a 330 km\/h v\u00e9gsebess\u00e9g pedig hihetetlen\u00fcl j\u00f3l hangzik. Alacsony fut\u00e1steljes\u00edtm\u00e9nnyel, izgalmas opci\u00f3kkal \u00e9s karbon f\u00e9kekkel az \u00e1ltalunk k\u00edn\u00e1lt 488 GTB egy igazi vezet\u0151i specifik\u00e1ci\u00f3j\u00fa modell, amely k\u00e9szen \u00e1ll arra, hogy egy vad\u00e1szg\u00e9p puszta erej\u00e9vel, kifinomults\u00e1g\u00e1val \u00e9s menetdinamik\u00e1j\u00e1val megh\u00f6kkentse \u00d6nt.<\/p>\n<p><strong>Belt\u00e9r<\/strong><\/p>\n<p>Mivel ezt a Ferrarit gondosan tartott\u00e1k, a fekete b\u0151r \u00e9s az Alcantara bels\u0151 t\u00e9r nagyon j\u00f3 \u00e1llapotban van, haszn\u00e1latnak nyoma sincs. Az aut\u00f3 eredeti tulajdonosa olyan teljes\u00edtm\u00e9nyn\u00f6vel\u0151 opci\u00f3kat v\u00e1lasztott, mint a b\u0151r \u00e9s Alcantara kombin\u00e1ci\u00f3j\u00e1val ell\u00e1tott karbonh\u00e1t\u00fa \u00fcl\u00e9sek, a korm\u00e1nyker\u00e9k digit\u00e1lis kijelz\u0151je \u00e9s a karbon bels\u0151 bet\u00e9tek. Mindezek t\u00f6k\u00e9letesen j\u00f3l n\u00e9znek ki, karcol\u00e1s n\u00e9lk\u00fcl, \u00e9s hozz\u00e1j\u00e1rulnak az aut\u00f3 teljes\u00edtm\u00e9ny\u00e9nek \u00e9rzet\u00e9hez. Nincsenek m\u00f3dos\u00edt\u00e1sok, \u00e9s minden teljesen az elv\u00e1r\u00e1soknak megfelel\u0151en m\u0171k\u00f6dik.<\/p>\n<p><strong>Felt\u00e9tel<\/strong><\/p>\n<p>Ezt a Ferrari 488 GTB-t eredetileg 2016 \u00e1prilis\u00e1ban adt\u00e1k \u00e1t els\u0151 tulajdonos\u00e1nak Franciaorsz\u00e1gban, \u00e9s az elad\u00f3 2022-ben v\u00e1s\u00e1rolta meg. Ez a szuperaut\u00f3 makul\u00e1tlan \u00e1llapotban van, mind\u00f6ssze 20 500 kilom\u00e9terrel a kilom\u00e9ter\u00f3r\u00e1n. Az aut\u00f3t soha nem versenyeztek, nem k\u00f6vett\u00e9k nyomon, \u00e9s nem volt balesetben \u00e9rintett. Mindig gondosan karbantartott, a f\u00e9keket 2023 november v\u00e9g\u00e9n jav\u00edtott\u00e1k, \u00e9s az utols\u00f3 teljes szervizel\u00e9st ugyanezen \u00e9v m\u00e1jus\u00e1ban v\u00e9gezt\u00e9k el. A j\u00f6v\u0151beli tulajdonosok \u00f6r\u00f6mmel fogj\u00e1k tudni, hogy erre a p\u00e9ld\u00e1nyra kiterjesztett Ferrari garancia (Ferrari Power) vonatkozik, amely \u00e1truh\u00e1zhat\u00f3. A karbantart\u00e1st mindig hivatalos keresked\u0151 v\u00e9gezte, \u00e9s azt dokument\u00e1lt\u00e1k. Ennek az aut\u00f3nak az egyik elad\u00e1si pontja azonban az opcion\u00e1lis extr\u00e1k hossz\u00fa list\u00e1ja. <strong>Ez a 488 GTB ATF-rendszerrel, ker\u00e1miaf\u00e9kekkel, festett f\u00e9knyergekkel, sz\u00e9nsz\u00e1las ajt\u00f3panelekkel \u00e9s \u00fcl\u00e9sekkel, els\u0151 \u00e9s h\u00e1ts\u00f3 PDC-vel, felf\u00fcggeszt\u00e9semel\u0151vel \u00e9s karbonbet\u00e9tekkel rendelkezik<\/strong>. Mindez egyed\u00fcl\u00e1ll\u00f3 aut\u00f3v\u00e1 teszi, ide\u00e1lis vezet\u0151i specifik\u00e1ci\u00f3kkal.<\/p>\n<p><strong>K\u00fcls\u0151 \u00e9s kerekek<\/strong><\/p>\n<p>Ez a 488 GTB a Grigio Silverstone felt\u0171n\u0151 \u00e1rnyalat\u00e1ban k\u00e9sz\u00fclt, \u00e9s a hozz\u00e1 ill\u0151 fekete bels\u0151 t\u00e9rrel rendelkezik, ami igaz\u00e1n l\u00e1tv\u00e1nyoss\u00e1 teszi. B\u00e1r nem piros, s\u00f6t\u00e9tsz\u00fcrk\u00e9ben m\u00e9g szebb \u00e9s diszkr\u00e9tebb. Term\u00e9szetesen a karossz\u00e9ria karcol\u00e1sok \u00e9s horpad\u00e1sok n\u00e9lk\u00fcl. A gy\u00e1ri 20 colos ker\u00e9kt\u00e1rcs\u00e1k vadonat\u00faj \u00e9s korrekt Pirelli gumiabroncsokkal vannak felszerelve, \u00edgy ez a fantasztikus 488 GTB k\u00e9szen \u00e1ll arra, hogy 670 l\u00f3erej\u00e9t egyed\u00fcl\u00e1ll\u00f3 vezet\u00e9si \u00e9lm\u00e9nny\u00e9 alak\u00edtsa \u00e1t.<\/p>\n<p><strong> <\/strong><strong>Dokument\u00e1ci\u00f3<\/strong><\/p>\n<p>A professionnal eladja ezt a j\u00e1rm\u0171vet a megfelel\u0151 dokument\u00e1ci\u00f3val, Franciaorsz\u00e1gban tal\u00e1lhat\u00f3. A <a href=\"https:\/\/pistonaddict.com\/wp-content\/uploads\/2023\/12\/Ferrari488GTB.pdf\" target=\"_blank\" rel=\"noopener\">CarVertical jelent\u00e9s<\/a> tiszta; nincs bizony\u00edt\u00e9k balesetekre, baleseti jav\u00edt\u00e1sokra, tulajdonosi vagy jogi probl\u00e9m\u00e1kra. Vannak nyilv\u00e1ntart\u00e1sok a rendszeres karbantart\u00e1sr\u00f3l, az elad\u00e1si sz\u00e1ml\u00e1kr\u00f3l \u00e9s a nyugt\u00e1kr\u00f3l. <strong>A modellre vonatkoz\u00f3 12 h\u00f3napos kiterjesztett gy\u00e1ri garancia<\/strong> \u00e9s a megfelel\u0151s\u00e9gi tan\u00fas\u00edtv\u00e1ny (2000 eur\u00f3 \u00e9rt\u00e9kben) tov\u00e1bbi bizony\u00edt\u00e9k arra, hogy ez egy cs\u00facsmin\u0151s\u00e9g\u0171 gy\u0171jt\u0151i j\u00e1rm\u0171.<\/p>\n<p><strong><br \/>\nN\u00e9zze meg a hidegind\u00edt\u00e1sos vide\u00f3t err\u0151l a gy\u00f6ny\u00f6r\u0171 Ferrari 488 GTB-r\u0151l :<\/strong><\/p>\n<p><iframe title=\"Cold Start Video of the Ferrari 488 GTB for auction sale\" width=\"1200\" height=\"675\" src=\"https:\/\/www.youtube.com\/embed\/_SyEnhUZHXQ?feature=oembed\" frameborder=\"0\" allow=\"accelerometer; autoplay; clipboard-write; encrypted-media; gyroscope; picture-in-picture; web-share\" allowfullscreen><\/iframe><\/p>\n","protected":false},"excerpt":{"rendered":"<p>Ha a Ferrari 458 Italia a sz\u00edv\u00f3szelepes t\u00f6k\u00e9letess\u00e9g volt, az ut\u00f3d, a 488 Italia egy turb\u00f3felt\u00f6lt\u0151s remekm\u0171. A 458 Italia rendk\u00edv\u00fcl magasra tette a m\u00e9rc\u00e9t a k\u00f6z\u00e9pmotoros sportaut\u00f3k kateg\u00f3ri\u00e1j\u00e1ban, de a Ferrari a 488 GTB-vel m\u00e9g az elv\u00e1r\u00e1sokat is fel\u00fclm\u00falta. A hihetetlen\u00fcl er\u0151s, agressz\u00edv \u00e9s gyors 488 GTB egy igazi \u00ednyenc sportkocsi, amely az aut\u00f3p\u00e1ly\u00e1n \u00e9s a versenyp\u00e1ly\u00e1n egyar\u00e1nt otthonosan mozog. Az \u00e1ltalunk k\u00edn\u00e1lt p\u00e9ld\u00e1ny az egyik legjobb el\u00e9rhet\u0151.<\/p>\n","protected":false},"featured_media":75676,"comment_status":"open","ping_status":"closed","template":"","meta":{"inline_featured_image":false},"product_cat":[731],"product_tag":[2672,2208,930,2670],"acf":[],"yoast_head":"<!-- This site is optimized with the Yoast SEO plugin v22.5 - https:\/\/yoast.com\/wordpress\/plugins\/seo\/ -->\n<title>aukci\u00f3 - Piston Addict<\/title>\n<meta name=\"robots\" content=\"index, follow, max-snippet:-1, max-image-preview:large, max-video-preview:-1\" \/>\n<link rel=\"canonical\" href=\"https:\/\/pistonaddict.com\/hu\/product\/ferrari-488-gtb\/\" \/>\n<meta property=\"og:locale\" content=\"hu_HU\" \/>\n<meta property=\"og:type\" content=\"article\" \/>\n<meta property=\"og:title\" content=\"aukci\u00f3 - Piston Addict\" \/>\n<meta property=\"og:description\" content=\"Ha a Ferrari 458 Italia a sz\u00edv\u00f3szelepes t\u00f6k\u00e9letess\u00e9g volt, az ut\u00f3d, a 488 Italia egy turb\u00f3felt\u00f6lt\u0151s remekm\u0171. A 458 Italia rendk\u00edv\u00fcl magasra tette a m\u00e9rc\u00e9t a k\u00f6z\u00e9pmotoros sportaut\u00f3k kateg\u00f3ri\u00e1j\u00e1ban, de a Ferrari a 488 GTB-vel m\u00e9g az elv\u00e1r\u00e1sokat is fel\u00fclm\u00falta. A hihetetlen\u00fcl er\u0151s, agressz\u00edv \u00e9s gyors 488 GTB egy igazi \u00ednyenc sportkocsi, amely az aut\u00f3p\u00e1ly\u00e1n \u00e9s a versenyp\u00e1ly\u00e1n egyar\u00e1nt otthonosan mozog. Az \u00e1ltalunk k\u00edn\u00e1lt p\u00e9ld\u00e1ny az egyik legjobb el\u00e9rhet\u0151.\" \/>\n<meta property=\"og:url\" content=\"https:\/\/pistonaddict.com\/hu\/product\/ferrari-488-gtb\/\" \/>\n<meta property=\"og:site_name\" content=\"Piston Addict\" \/>\n<meta property=\"article:modified_time\" content=\"2023-12-20T10:45:32+00:00\" \/>\n<meta property=\"og:image\" content=\"https:\/\/pistonaddict.com\/wp-content\/uploads\/2023\/12\/IMG_0075-1024x765.png\" \/>\n\t<meta property=\"og:image:width\" content=\"1024\" \/>\n\t<meta property=\"og:image:height\" content=\"765\" \/>\n\t<meta property=\"og:image:type\" content=\"image\/png\" \/>\n<meta name=\"twitter:card\" content=\"summary_large_image\" \/>\n<meta name=\"twitter:label1\" content=\"Becs\u00fclt olvas\u00e1si id\u0151\" \/>\n\t<meta name=\"twitter:data1\" content=\"3 perc\" \/>\n<script type=\"application\/ld+json\" class=\"yoast-schema-graph\">{\"@context\":\"https:\/\/schema.org\",\"@graph\":[{\"@type\":\"WebPage\",\"@id\":\"https:\/\/pistonaddict.com\/hu\/product\/ferrari-488-gtb\/\",\"url\":\"https:\/\/pistonaddict.com\/hu\/product\/ferrari-488-gtb\/\",\"name\":\"aukci\u00f3 - Piston Addict\",\"isPartOf\":{\"@id\":\"https:\/\/pistonaddict.com\/hu\/#website\"},\"primaryImageOfPage\":{\"@id\":\"https:\/\/pistonaddict.com\/hu\/product\/ferrari-488-gtb\/#primaryimage\"},\"image\":{\"@id\":\"https:\/\/pistonaddict.com\/hu\/product\/ferrari-488-gtb\/#primaryimage\"},\"thumbnailUrl\":\"https:\/\/pistonaddict.com\/wp-content\/uploads\/2023\/12\/IMG_0075.png\",\"datePublished\":\"2023-12-01T09:53:23+00:00\",\"dateModified\":\"2023-12-20T10:45:32+00:00\",\"breadcrumb\":{\"@id\":\"https:\/\/pistonaddict.com\/hu\/product\/ferrari-488-gtb\/#breadcrumb\"},\"inLanguage\":\"hu\",\"potentialAction\":[{\"@type\":\"ReadAction\",\"target\":[\"https:\/\/pistonaddict.com\/hu\/product\/ferrari-488-gtb\/\"]}]},{\"@type\":\"ImageObject\",\"inLanguage\":\"hu\",\"@id\":\"https:\/\/pistonaddict.com\/hu\/product\/ferrari-488-gtb\/#primaryimage\",\"url\":\"https:\/\/pistonaddict.com\/wp-content\/uploads\/2023\/12\/IMG_0075.png\",\"contentUrl\":\"https:\/\/pistonaddict.com\/wp-content\/uploads\/2023\/12\/IMG_0075.png\",\"width\":2160,\"height\":1614},{\"@type\":\"BreadcrumbList\",\"@id\":\"https:\/\/pistonaddict.com\/hu\/product\/ferrari-488-gtb\/#breadcrumb\",\"itemListElement\":[{\"@type\":\"ListItem\",\"position\":1,\"name\":\"Kezd\u0151lap\",\"item\":\"https:\/\/pistonaddict.com\/hu\/honlap\/\"},{\"@type\":\"ListItem\",\"position\":2,\"name\":\"Auctions\",\"item\":\"https:\/\/pistonaddict.com\/auctions-listing\/\"},{\"@type\":\"ListItem\",\"position\":3,\"name\":\"Ferrari 488 GTB\"}]},{\"@type\":\"WebSite\",\"@id\":\"https:\/\/pistonaddict.com\/hu\/#website\",\"url\":\"https:\/\/pistonaddict.com\/hu\/\",\"name\":\"Piston Addict\",\"description\":\"Only interesting vehicles\",\"publisher\":{\"@id\":\"https:\/\/pistonaddict.com\/hu\/#organization\"},\"potentialAction\":[{\"@type\":\"SearchAction\",\"target\":{\"@type\":\"EntryPoint\",\"urlTemplate\":\"https:\/\/pistonaddict.com\/hu\/?s={search_term_string}\"},\"query-input\":\"required name=search_term_string\"}],\"inLanguage\":\"hu\"},{\"@type\":\"Organization\",\"@id\":\"https:\/\/pistonaddict.com\/hu\/#organization\",\"name\":\"Piston Addict\",\"url\":\"https:\/\/pistonaddict.com\/hu\/\",\"logo\":{\"@type\":\"ImageObject\",\"inLanguage\":\"hu\",\"@id\":\"https:\/\/pistonaddict.com\/hu\/#\/schema\/logo\/image\/\",\"url\":\"https:\/\/pistonaddict.com\/wp-content\/uploads\/2022\/07\/logo-6.png\",\"contentUrl\":\"https:\/\/pistonaddict.com\/wp-content\/uploads\/2022\/07\/logo-6.png\",\"width\":970,\"height\":200,\"caption\":\"Piston Addict\"},\"image\":{\"@id\":\"https:\/\/pistonaddict.com\/hu\/#\/schema\/logo\/image\/\"}}]}<\/script>\n<!-- \/ Yoast SEO plugin. -->","yoast_head_json":{"title":"aukci\u00f3 - Piston Addict","robots":{"index":"index","follow":"follow","max-snippet":"max-snippet:-1","max-image-preview":"max-image-preview:large","max-video-preview":"max-video-preview:-1"},"canonical":"https:\/\/pistonaddict.com\/hu\/product\/ferrari-488-gtb\/","og_locale":"hu_HU","og_type":"article","og_title":"aukci\u00f3 - Piston Addict","og_description":"Ha a Ferrari 458 Italia a sz\u00edv\u00f3szelepes t\u00f6k\u00e9letess\u00e9g volt, az ut\u00f3d, a 488 Italia egy turb\u00f3felt\u00f6lt\u0151s remekm\u0171. A 458 Italia rendk\u00edv\u00fcl magasra tette a m\u00e9rc\u00e9t a k\u00f6z\u00e9pmotoros sportaut\u00f3k kateg\u00f3ri\u00e1j\u00e1ban, de a Ferrari a 488 GTB-vel m\u00e9g az elv\u00e1r\u00e1sokat is fel\u00fclm\u00falta. A hihetetlen\u00fcl er\u0151s, agressz\u00edv \u00e9s gyors 488 GTB egy igazi \u00ednyenc sportkocsi, amely az aut\u00f3p\u00e1ly\u00e1n \u00e9s a versenyp\u00e1ly\u00e1n egyar\u00e1nt otthonosan mozog. Az \u00e1ltalunk k\u00edn\u00e1lt p\u00e9ld\u00e1ny az egyik legjobb el\u00e9rhet\u0151.","og_url":"https:\/\/pistonaddict.com\/hu\/product\/ferrari-488-gtb\/","og_site_name":"Piston Addict","article_modified_time":"2023-12-20T10:45:32+00:00","og_image":[{"width":1024,"height":765,"url":"https:\/\/pistonaddict.com\/wp-content\/uploads\/2023\/12\/IMG_0075-1024x765.png","type":"image\/png"}],"twitter_card":"summary_large_image","twitter_misc":{"Becs\u00fclt olvas\u00e1si id\u0151":"3 perc"},"schema":{"@context":"https:\/\/schema.org","@graph":[{"@type":"WebPage","@id":"https:\/\/pistonaddict.com\/hu\/product\/ferrari-488-gtb\/","url":"https:\/\/pistonaddict.com\/hu\/product\/ferrari-488-gtb\/","name":"aukci\u00f3 - Piston Addict","isPartOf":{"@id":"https:\/\/pistonaddict.com\/hu\/#website"},"primaryImageOfPage":{"@id":"https:\/\/pistonaddict.com\/hu\/product\/ferrari-488-gtb\/#primaryimage"},"image":{"@id":"https:\/\/pistonaddict.com\/hu\/product\/ferrari-488-gtb\/#primaryimage"},"thumbnailUrl":"https:\/\/pistonaddict.com\/wp-content\/uploads\/2023\/12\/IMG_0075.png","datePublished":"2023-12-01T09:53:23+00:00","dateModified":"2023-12-20T10:45:32+00:00","breadcrumb":{"@id":"https:\/\/pistonaddict.com\/hu\/product\/ferrari-488-gtb\/#breadcrumb"},"inLanguage":"hu","potentialAction":[{"@type":"ReadAction","target":["https:\/\/pistonaddict.com\/hu\/product\/ferrari-488-gtb\/"]}]},{"@type":"ImageObject","inLanguage":"hu","@id":"https:\/\/pistonaddict.com\/hu\/product\/ferrari-488-gtb\/#primaryimage","url":"https:\/\/pistonaddict.com\/wp-content\/uploads\/2023\/12\/IMG_0075.png","contentUrl":"https:\/\/pistonaddict.com\/wp-content\/uploads\/2023\/12\/IMG_0075.png","width":2160,"height":1614},{"@type":"BreadcrumbList","@id":"https:\/\/pistonaddict.com\/hu\/product\/ferrari-488-gtb\/#breadcrumb","itemListElement":[{"@type":"ListItem","position":1,"name":"Kezd\u0151lap","item":"https:\/\/pistonaddict.com\/hu\/honlap\/"},{"@type":"ListItem","position":2,"name":"Auctions","item":"https:\/\/pistonaddict.com\/auctions-listing\/"},{"@type":"ListItem","position":3,"name":"Ferrari 488 GTB"}]},{"@type":"WebSite","@id":"https:\/\/pistonaddict.com\/hu\/#website","url":"https:\/\/pistonaddict.com\/hu\/","name":"Piston Addict","description":"Only interesting vehicles","publisher":{"@id":"https:\/\/pistonaddict.com\/hu\/#organization"},"potentialAction":[{"@type":"SearchAction","target":{"@type":"EntryPoint","urlTemplate":"https:\/\/pistonaddict.com\/hu\/?s={search_term_string}"},"query-input":"required name=search_term_string"}],"inLanguage":"hu"},{"@type":"Organization","@id":"https:\/\/pistonaddict.com\/hu\/#organization","name":"Piston Addict","url":"https:\/\/pistonaddict.com\/hu\/","logo":{"@type":"ImageObject","inLanguage":"hu","@id":"https:\/\/pistonaddict.com\/hu\/#\/schema\/logo\/image\/","url":"https:\/\/pistonaddict.com\/wp-content\/uploads\/2022\/07\/logo-6.png","contentUrl":"https:\/\/pistonaddict.com\/wp-content\/uploads\/2022\/07\/logo-6.png","width":970,"height":200,"caption":"Piston Addict"},"image":{"@id":"https:\/\/pistonaddict.com\/hu\/#\/schema\/logo\/image\/"}}]}},"_links":{"self":[{"href":"https:\/\/pistonaddict.com\/hu\/wp-json\/wp\/v2\/product\/76293"}],"collection":[{"href":"https:\/\/pistonaddict.com\/hu\/wp-json\/wp\/v2\/product"}],"about":[{"href":"https:\/\/pistonaddict.com\/hu\/wp-json\/wp\/v2\/types\/product"}],"replies":[{"embeddable":true,"href":"https:\/\/pistonaddict.com\/hu\/wp-json\/wp\/v2\/comments?post=76293"}],"wp:featuredmedia":[{"embeddable":true,"href":"https:\/\/pistonaddict.com\/hu\/wp-json\/wp\/v2\/media\/75676"}],"wp:attachment":[{"href":"https:\/\/pistonaddict.com\/hu\/wp-json\/wp\/v2\/media?parent=76293"}],"wp:term":[{"taxonomy":"product_cat","embeddable":true,"href":"https:\/\/pistonaddict.com\/hu\/wp-json\/wp\/v2\/product_cat?post=76293"},{"taxonomy":"product_tag","embeddable":true,"href":"https:\/\/pistonaddict.com\/hu\/wp-json\/wp\/v2\/product_tag?post=76293"}],"curies":[{"name":"wp","href":"https:\/\/api.w.org\/{rel}","templated":true}]}}