{"id":75658,"date":"2023-12-01T10:02:11","date_gmt":"2023-12-01T09:02:11","guid":{"rendered":"https:\/\/pistonaddict.com\/product\/ferrari-458-italia\/"},"modified":"2023-12-20T09:59:14","modified_gmt":"2023-12-20T08:59:14","slug":"ferrari-458-italia","status":"publish","type":"product","link":"https:\/\/pistonaddict.com\/hu\/product\/ferrari-458-italia\/","title":{"rendered":"Ferrari 458 Italia"},"content":{"rendered":"<p><strong>Aut\u00f3 t\u00f6rt\u00e9nete<\/strong><\/p>\n<p>A 2009-ben bemutatott 458 Italia \u00faj korszakot jelentett a legend\u00e1s m\u00e1rka sz\u00e1m\u00e1ra, \u00faj formanyelvet, 4,5 literes V8-as motort, elektronikus differenci\u00e1lm\u0171vet \u00e9s 7 sebess\u00e9ges duplakuplungos automata sebess\u00e9gv\u00e1lt\u00f3t vezetve be egyed\u00fcli motorv\u00e1laszt\u00e9kk\u00e9nt. A h\u00e1ts\u00f3 kerekekre k\u00fcld\u00f6tt 570 l\u00f3er\u0151vel \u00e9s a 9000-es fordulatsz\u00e1m\u00fa piros vonallal a 458 Italia szinte Forma-1-es menetdinamik\u00e1t ny\u00fajtott, ugyanazzal a hanggal \u00e9s izgalommal. A magazinok tesztel\u0151i m\u00e1r a kezdetekt\u0151l fogva a 458-ast a legjobb utcai Ferrarik egyik\u00e9nek nyilv\u00e1n\u00edtott\u00e1k &#8211; nagy elismer\u00e9s, de nem ok n\u00e9lk\u00fcl. Ez egy vill\u00e1mgyors olasz cs\u0151d\u00f6r, amely 0-100 km\/h-ra j\u00f3val kevesebb mint 4 m\u00e1sodperc alatt gyorsul, v\u00e9gsebess\u00e9ge pedig meghaladja a 320 km\/h-t. Ez a Ferrari 458-as 2011-ben k\u00e9sz\u00fclt, \u00e9s a jelenlegi elad\u00f3 2022-ben szerezte meg. A nagyon \u00e9rdekes opci\u00f3k, a klasszikus piros-fekete fest\u00e9s, az alacsony fut\u00e1steljes\u00edtm\u00e9ny \u00e9s a k\u00f6zelm\u00faltban v\u00e9gzett szervizel\u00e9s r\u00e9v\u00e9n k\u00e9szen \u00e1ll arra, hogy az \u00faj tulajdonos alaposan \u00e9lvezze. Az aut\u00f3 eredeti tulajdonosa olyan k\u00e9nyelmi opci\u00f3kat helyezett el\u0151t\u00e9rbe, mint az adapt\u00edv els\u0151 vil\u00e1g\u00edt\u00e1si rendszer, f\u0171t\u00f6tt \u00fcl\u00e9sek, PDC a k\u00f6nnyebb man\u0151verez\u00e9shez \u00e9s parkol\u00e1shoz, elektromosan \u00e1ll\u00edthat\u00f3 korm\u00e1nyoszlop \u00e9s m\u00e9g sok m\u00e1s. Mindezek miatt ez a 458 Italia egy nagyon j\u00f3l felszerelt \u00e9s felhaszn\u00e1l\u00f3bar\u00e1t p\u00e9ld\u00e1ny.<\/p>\n<p><strong>Belt\u00e9r<\/strong><\/p>\n<p>Mivel ezt a Ferrarit gondosan tartott\u00e1k, a fekete b\u0151rbels\u0151 nagyon j\u00f3 \u00e1llapotban van, minim\u00e1lis haszn\u00e1lati nyomokkal. A piros varr\u00e1ssal ell\u00e1tott \u00fcl\u00e9sek ide\u00e1lis \u00e1llapotban vannak, \u00e9s az eredeti tulajdonos olyan eleg\u00e1ns megjelen\u00e9st v\u00e1lasztott, amely soha nem megy ki a divatb\u00f3l. Nincsenek m\u00f3dos\u00edt\u00e1sok, \u00e9s a bels\u0151 t\u00e9r vadonat\u00fajnak t\u0171nik.<\/p>\n<p><strong>Felt\u00e9tel<\/strong><\/p>\n<p>A mind\u00f6ssze 25 500 kilom\u00e9tert futott Ferrari 458 Italia makul\u00e1tlan, \u00e9s minden felhaszn\u00e1l\u00f3ja gondosan gondozta. Minden karbantart\u00e1si m\u0171veletet id\u0151ben elv\u00e9geztek, az utols\u00f3 olajcser\u00e9t \u00e9s szervizel\u00e9st 2023 m\u00e1jus\u00e1ban v\u00e9gezt\u00e9k el, a f\u00e9keket pedig n\u00e9h\u00e1ny napja, 2023 november v\u00e9g\u00e9n jav\u00edtott\u00e1k fel. Ami azonban m\u00e9g enn\u00e9l is fontosabb a konkr\u00e9t p\u00e9ld\u00e1n\u00e1l, hogy a 458 Italia modell \u00f6sszes gy\u00e1ri visszah\u00edv\u00e1s\u00e1t hivatalos m\u00e1rkakeresked\u0151k v\u00e9gezt\u00e9k el, \u00e9s ezt dokumentumokkal is bizony\u00edtott\u00e1k. Az aut\u00f3t eredetileg Hollandi\u00e1ba sz\u00e1ll\u00edtott\u00e1k, \u00e9s a visszah\u00edv\u00e1st a Ferrari hivatalos m\u00e1rkakeresked\u0151je v\u00e9gezte el. 2019-ben kicser\u00e9lt\u00e9k az utasoldali l\u00e9gzs\u00e1kot, 2022-ben pedig a f\u00e9kfolyad\u00e9k-tart\u00e1ly kupakj\u00e1t. Az \u00f6sszes ilyen visszah\u00edv\u00e1si beavatkoz\u00e1st a gy\u00e1r j\u00f3v\u00e1hagyta \u00e9s dokument\u00e1lta. Ez azt mutatja, hogy minden tulajdonos elk\u00f6telezett rajong\u00f3. <strong>Ez a konkr\u00e9t aut\u00f3 a k\u00f6vetkez\u0151 12 h\u00f3napra kiterjesztett Ferrari New Power garanci\u00e1val rendelkezik<\/strong>.<\/p>\n<p><strong> <\/strong><strong>K\u00fcls\u0151 \u00e9s kerekek<\/strong><\/p>\n<p>A Rosso Corsa a Ferrari leggyakoribb sz\u00edne, de ez a legend\u00e1s \u00e1rnyalat t\u00f6k\u00e9letesen illik a 458 Italia cs\u00e1b\u00edt\u00f3 vonalaihoz. Az eredeti f\u00e9nyez\u00e9s jel\u00f6letlen, nincsenek horpad\u00e1sok \u00e9s karcol\u00e1sok, az aut\u00f3 t\u00f6k\u00e9letesen szalonk\u00e9pes. A 20 colos gy\u00e1ri eredeti ker\u00e9kt\u00e1rcs\u00e1kkal \u00e9s vadonat\u00faj Michelin gumiabroncsokkal ez az aut\u00f3 k\u00e9szen \u00e1ll arra, hogy teljes teljes\u00edtm\u00e9nyt ny\u00fajtson. Az aut\u00f3 egyik figyelemre m\u00e9lt\u00f3 opci\u00f3ja a hihetetlen f\u00e9ker\u0151vel rendelkez\u0151 ker\u00e1miaf\u00e9kek.<\/p>\n<p><strong>Dokument\u00e1ci\u00f3<\/strong><\/p>\n<p>Ezt a j\u00e1rm\u0171vet a megfelel\u0151 dokument\u00e1ci\u00f3val rendelkez\u0151 szakember \u00e9rt\u00e9kes\u00edti, \u00e9s Franciaorsz\u00e1gban tal\u00e1lhat\u00f3. A <a href=\"https:\/\/pistonaddict.com\/wp-content\/uploads\/2023\/12\/CarVertical458.pdf\" target=\"_blank\" rel=\"noopener\">CarVertical<\/a> jelent\u00e9s tiszta; nincs bizony\u00edt\u00e9k balesetekre, baleseti jav\u00edt\u00e1sokra, tulajdonosi vagy jogi probl\u00e9m\u00e1kra. Vannak nyilv\u00e1ntart\u00e1sok a rendszeres karbantart\u00e1s mellett eredeti gy\u00e1ri prospektusok, sz\u00e1ml\u00e1k \u00e9s nyugt\u00e1k. A kiterjesztett gy\u00e1ri garancia (a Ferrari Power) 12 h\u00f3napra enn\u00e9l a modelln\u00e9l \u00e9s a megfelel\u0151s\u00e9gi tan\u00fas\u00edtv\u00e1ny (2000 eur\u00f3 \u00e9rt\u00e9kben) tov\u00e1bbi bizony\u00edt\u00e9k arra, hogy ez egy cs\u00facsmin\u0151s\u00e9g\u0171 gy\u0171jt\u0151i j\u00e1rm\u0171.<\/p>\n<p><strong>N\u00e9zd meg a hidegind\u00edt\u00e1sos vide\u00f3t err\u0151l a gy\u00f6ny\u00f6r\u0171 Ferrari 458 Italia-r\u00f3l :<\/strong><\/p>\n<p><iframe title=\"Cold Start Video of the Ferrari 458 Italia for auction sale\" width=\"1200\" height=\"675\" src=\"https:\/\/www.youtube.com\/embed\/BEdW3ySb03E?feature=oembed\" frameborder=\"0\" allow=\"accelerometer; autoplay; clipboard-write; encrypted-media; gyroscope; picture-in-picture; web-share\" allowfullscreen><\/iframe><\/p>\n","protected":false},"excerpt":{"rendered":"<p>A Ferrari mindig is az aut\u00f3ipari technol\u00f3gia \u00e9s teljes\u00edtm\u00e9ny \u00e9lvonal\u00e1ban volt, ez\u00e9rt minden modellj\u00e9ben sz\u00e9riafelszerelts\u00e9gk\u00e9nt alkalmazza a turb\u00f3felt\u00f6lt\u00e9st, valamint a hibrid hajt\u00e1sl\u00e1ncot. Egy r\u00f6vid pillanatra azonban a Ferrari egy teljesen modern sportkocsit k\u00e9sz\u00edtett, amelyet egy \u00fcv\u00f6lt\u0151 sz\u00edv\u00f3motor hajtott, amely t\u00f6k\u00e9letesen \u00f6tv\u00f6zte a korszer\u0171 technol\u00f3gi\u00e1t, a nagy fordulatsz\u00e1mot \u00e9s a rendk\u00edv\u00fcl er\u0151s motort a r\u00e9gi iskola b\u00e1jos \u00e9rz\u00e9s\u00e9vel. Igen, a 458 Italia-r\u00f3l besz\u00e9l\u00fcnk, \u00e9s b\u00fcszk\u00e9n aj\u00e1nljuk \u00d6nnek a piac egyik legjobb p\u00e9ld\u00e1ny\u00e1t.<\/p>\n","protected":false},"featured_media":75543,"comment_status":"open","ping_status":"closed","template":"","meta":{"inline_featured_image":false},"product_cat":[731],"product_tag":[2627,2626,930,2624],"acf":[],"yoast_head":"<!-- This site is optimized with the Yoast SEO plugin v22.5 - https:\/\/yoast.com\/wordpress\/plugins\/seo\/ -->\n<title>aukci\u00f3 - Piston Addict<\/title>\n<meta name=\"robots\" content=\"index, follow, max-snippet:-1, max-image-preview:large, max-video-preview:-1\" \/>\n<link rel=\"canonical\" href=\"https:\/\/pistonaddict.com\/hu\/product\/ferrari-458-italia\/\" \/>\n<meta property=\"og:locale\" content=\"hu_HU\" \/>\n<meta property=\"og:type\" content=\"article\" \/>\n<meta property=\"og:title\" content=\"aukci\u00f3 - Piston Addict\" \/>\n<meta property=\"og:description\" content=\"A Ferrari mindig is az aut\u00f3ipari technol\u00f3gia \u00e9s teljes\u00edtm\u00e9ny \u00e9lvonal\u00e1ban volt, ez\u00e9rt minden modellj\u00e9ben sz\u00e9riafelszerelts\u00e9gk\u00e9nt alkalmazza a turb\u00f3felt\u00f6lt\u00e9st, valamint a hibrid hajt\u00e1sl\u00e1ncot. Egy r\u00f6vid pillanatra azonban a Ferrari egy teljesen modern sportkocsit k\u00e9sz\u00edtett, amelyet egy \u00fcv\u00f6lt\u0151 sz\u00edv\u00f3motor hajtott, amely t\u00f6k\u00e9letesen \u00f6tv\u00f6zte a korszer\u0171 technol\u00f3gi\u00e1t, a nagy fordulatsz\u00e1mot \u00e9s a rendk\u00edv\u00fcl er\u0151s motort a r\u00e9gi iskola b\u00e1jos \u00e9rz\u00e9s\u00e9vel. Igen, a 458 Italia-r\u00f3l besz\u00e9l\u00fcnk, \u00e9s b\u00fcszk\u00e9n aj\u00e1nljuk \u00d6nnek a piac egyik legjobb p\u00e9ld\u00e1ny\u00e1t.\" \/>\n<meta property=\"og:url\" content=\"https:\/\/pistonaddict.com\/hu\/product\/ferrari-458-italia\/\" \/>\n<meta property=\"og:site_name\" content=\"Piston Addict\" \/>\n<meta property=\"article:modified_time\" content=\"2023-12-20T08:59:14+00:00\" \/>\n<meta property=\"og:image\" content=\"https:\/\/pistonaddict.com\/wp-content\/uploads\/2023\/12\/IMG_0124.jpeg\" \/>\n\t<meta property=\"og:image:width\" content=\"1885\" \/>\n\t<meta property=\"og:image:height\" content=\"1207\" \/>\n\t<meta property=\"og:image:type\" content=\"image\/jpeg\" \/>\n<meta name=\"twitter:card\" content=\"summary_large_image\" \/>\n<meta name=\"twitter:label1\" content=\"Becs\u00fclt olvas\u00e1si id\u0151\" \/>\n\t<meta name=\"twitter:data1\" content=\"4 perc\" \/>\n<script type=\"application\/ld+json\" class=\"yoast-schema-graph\">{\"@context\":\"https:\/\/schema.org\",\"@graph\":[{\"@type\":\"WebPage\",\"@id\":\"https:\/\/pistonaddict.com\/hu\/product\/ferrari-458-italia\/\",\"url\":\"https:\/\/pistonaddict.com\/hu\/product\/ferrari-458-italia\/\",\"name\":\"aukci\u00f3 - Piston Addict\",\"isPartOf\":{\"@id\":\"https:\/\/pistonaddict.com\/hu\/#website\"},\"primaryImageOfPage\":{\"@id\":\"https:\/\/pistonaddict.com\/hu\/product\/ferrari-458-italia\/#primaryimage\"},\"image\":{\"@id\":\"https:\/\/pistonaddict.com\/hu\/product\/ferrari-458-italia\/#primaryimage\"},\"thumbnailUrl\":\"https:\/\/pistonaddict.com\/wp-content\/uploads\/2023\/12\/IMG_0124.jpeg\",\"datePublished\":\"2023-12-01T09:02:11+00:00\",\"dateModified\":\"2023-12-20T08:59:14+00:00\",\"breadcrumb\":{\"@id\":\"https:\/\/pistonaddict.com\/hu\/product\/ferrari-458-italia\/#breadcrumb\"},\"inLanguage\":\"hu\",\"potentialAction\":[{\"@type\":\"ReadAction\",\"target\":[\"https:\/\/pistonaddict.com\/hu\/product\/ferrari-458-italia\/\"]}]},{\"@type\":\"ImageObject\",\"inLanguage\":\"hu\",\"@id\":\"https:\/\/pistonaddict.com\/hu\/product\/ferrari-458-italia\/#primaryimage\",\"url\":\"https:\/\/pistonaddict.com\/wp-content\/uploads\/2023\/12\/IMG_0124.jpeg\",\"contentUrl\":\"https:\/\/pistonaddict.com\/wp-content\/uploads\/2023\/12\/IMG_0124.jpeg\",\"width\":1885,\"height\":1207},{\"@type\":\"BreadcrumbList\",\"@id\":\"https:\/\/pistonaddict.com\/hu\/product\/ferrari-458-italia\/#breadcrumb\",\"itemListElement\":[{\"@type\":\"ListItem\",\"position\":1,\"name\":\"Kezd\u0151lap\",\"item\":\"https:\/\/pistonaddict.com\/hu\/honlap\/\"},{\"@type\":\"ListItem\",\"position\":2,\"name\":\"Auctions\",\"item\":\"https:\/\/pistonaddict.com\/auctions-listing\/\"},{\"@type\":\"ListItem\",\"position\":3,\"name\":\"Ferrari 458 Italia\"}]},{\"@type\":\"WebSite\",\"@id\":\"https:\/\/pistonaddict.com\/hu\/#website\",\"url\":\"https:\/\/pistonaddict.com\/hu\/\",\"name\":\"Piston Addict\",\"description\":\"Only interesting vehicles\",\"publisher\":{\"@id\":\"https:\/\/pistonaddict.com\/hu\/#organization\"},\"potentialAction\":[{\"@type\":\"SearchAction\",\"target\":{\"@type\":\"EntryPoint\",\"urlTemplate\":\"https:\/\/pistonaddict.com\/hu\/?s={search_term_string}\"},\"query-input\":\"required name=search_term_string\"}],\"inLanguage\":\"hu\"},{\"@type\":\"Organization\",\"@id\":\"https:\/\/pistonaddict.com\/hu\/#organization\",\"name\":\"Piston Addict\",\"url\":\"https:\/\/pistonaddict.com\/hu\/\",\"logo\":{\"@type\":\"ImageObject\",\"inLanguage\":\"hu\",\"@id\":\"https:\/\/pistonaddict.com\/hu\/#\/schema\/logo\/image\/\",\"url\":\"https:\/\/pistonaddict.com\/wp-content\/uploads\/2022\/07\/logo-6.png\",\"contentUrl\":\"https:\/\/pistonaddict.com\/wp-content\/uploads\/2022\/07\/logo-6.png\",\"width\":970,\"height\":200,\"caption\":\"Piston Addict\"},\"image\":{\"@id\":\"https:\/\/pistonaddict.com\/hu\/#\/schema\/logo\/image\/\"}}]}<\/script>\n<!-- \/ Yoast SEO plugin. -->","yoast_head_json":{"title":"aukci\u00f3 - Piston Addict","robots":{"index":"index","follow":"follow","max-snippet":"max-snippet:-1","max-image-preview":"max-image-preview:large","max-video-preview":"max-video-preview:-1"},"canonical":"https:\/\/pistonaddict.com\/hu\/product\/ferrari-458-italia\/","og_locale":"hu_HU","og_type":"article","og_title":"aukci\u00f3 - Piston Addict","og_description":"A Ferrari mindig is az aut\u00f3ipari technol\u00f3gia \u00e9s teljes\u00edtm\u00e9ny \u00e9lvonal\u00e1ban volt, ez\u00e9rt minden modellj\u00e9ben sz\u00e9riafelszerelts\u00e9gk\u00e9nt alkalmazza a turb\u00f3felt\u00f6lt\u00e9st, valamint a hibrid hajt\u00e1sl\u00e1ncot. Egy r\u00f6vid pillanatra azonban a Ferrari egy teljesen modern sportkocsit k\u00e9sz\u00edtett, amelyet egy \u00fcv\u00f6lt\u0151 sz\u00edv\u00f3motor hajtott, amely t\u00f6k\u00e9letesen \u00f6tv\u00f6zte a korszer\u0171 technol\u00f3gi\u00e1t, a nagy fordulatsz\u00e1mot \u00e9s a rendk\u00edv\u00fcl er\u0151s motort a r\u00e9gi iskola b\u00e1jos \u00e9rz\u00e9s\u00e9vel. Igen, a 458 Italia-r\u00f3l besz\u00e9l\u00fcnk, \u00e9s b\u00fcszk\u00e9n aj\u00e1nljuk \u00d6nnek a piac egyik legjobb p\u00e9ld\u00e1ny\u00e1t.","og_url":"https:\/\/pistonaddict.com\/hu\/product\/ferrari-458-italia\/","og_site_name":"Piston Addict","article_modified_time":"2023-12-20T08:59:14+00:00","og_image":[{"width":1885,"height":1207,"url":"https:\/\/pistonaddict.com\/wp-content\/uploads\/2023\/12\/IMG_0124.jpeg","type":"image\/jpeg"}],"twitter_card":"summary_large_image","twitter_misc":{"Becs\u00fclt olvas\u00e1si id\u0151":"4 perc"},"schema":{"@context":"https:\/\/schema.org","@graph":[{"@type":"WebPage","@id":"https:\/\/pistonaddict.com\/hu\/product\/ferrari-458-italia\/","url":"https:\/\/pistonaddict.com\/hu\/product\/ferrari-458-italia\/","name":"aukci\u00f3 - Piston Addict","isPartOf":{"@id":"https:\/\/pistonaddict.com\/hu\/#website"},"primaryImageOfPage":{"@id":"https:\/\/pistonaddict.com\/hu\/product\/ferrari-458-italia\/#primaryimage"},"image":{"@id":"https:\/\/pistonaddict.com\/hu\/product\/ferrari-458-italia\/#primaryimage"},"thumbnailUrl":"https:\/\/pistonaddict.com\/wp-content\/uploads\/2023\/12\/IMG_0124.jpeg","datePublished":"2023-12-01T09:02:11+00:00","dateModified":"2023-12-20T08:59:14+00:00","breadcrumb":{"@id":"https:\/\/pistonaddict.com\/hu\/product\/ferrari-458-italia\/#breadcrumb"},"inLanguage":"hu","potentialAction":[{"@type":"ReadAction","target":["https:\/\/pistonaddict.com\/hu\/product\/ferrari-458-italia\/"]}]},{"@type":"ImageObject","inLanguage":"hu","@id":"https:\/\/pistonaddict.com\/hu\/product\/ferrari-458-italia\/#primaryimage","url":"https:\/\/pistonaddict.com\/wp-content\/uploads\/2023\/12\/IMG_0124.jpeg","contentUrl":"https:\/\/pistonaddict.com\/wp-content\/uploads\/2023\/12\/IMG_0124.jpeg","width":1885,"height":1207},{"@type":"BreadcrumbList","@id":"https:\/\/pistonaddict.com\/hu\/product\/ferrari-458-italia\/#breadcrumb","itemListElement":[{"@type":"ListItem","position":1,"name":"Kezd\u0151lap","item":"https:\/\/pistonaddict.com\/hu\/honlap\/"},{"@type":"ListItem","position":2,"name":"Auctions","item":"https:\/\/pistonaddict.com\/auctions-listing\/"},{"@type":"ListItem","position":3,"name":"Ferrari 458 Italia"}]},{"@type":"WebSite","@id":"https:\/\/pistonaddict.com\/hu\/#website","url":"https:\/\/pistonaddict.com\/hu\/","name":"Piston Addict","description":"Only interesting vehicles","publisher":{"@id":"https:\/\/pistonaddict.com\/hu\/#organization"},"potentialAction":[{"@type":"SearchAction","target":{"@type":"EntryPoint","urlTemplate":"https:\/\/pistonaddict.com\/hu\/?s={search_term_string}"},"query-input":"required name=search_term_string"}],"inLanguage":"hu"},{"@type":"Organization","@id":"https:\/\/pistonaddict.com\/hu\/#organization","name":"Piston Addict","url":"https:\/\/pistonaddict.com\/hu\/","logo":{"@type":"ImageObject","inLanguage":"hu","@id":"https:\/\/pistonaddict.com\/hu\/#\/schema\/logo\/image\/","url":"https:\/\/pistonaddict.com\/wp-content\/uploads\/2022\/07\/logo-6.png","contentUrl":"https:\/\/pistonaddict.com\/wp-content\/uploads\/2022\/07\/logo-6.png","width":970,"height":200,"caption":"Piston Addict"},"image":{"@id":"https:\/\/pistonaddict.com\/hu\/#\/schema\/logo\/image\/"}}]}},"_links":{"self":[{"href":"https:\/\/pistonaddict.com\/hu\/wp-json\/wp\/v2\/product\/75658"}],"collection":[{"href":"https:\/\/pistonaddict.com\/hu\/wp-json\/wp\/v2\/product"}],"about":[{"href":"https:\/\/pistonaddict.com\/hu\/wp-json\/wp\/v2\/types\/product"}],"replies":[{"embeddable":true,"href":"https:\/\/pistonaddict.com\/hu\/wp-json\/wp\/v2\/comments?post=75658"}],"wp:featuredmedia":[{"embeddable":true,"href":"https:\/\/pistonaddict.com\/hu\/wp-json\/wp\/v2\/media\/75543"}],"wp:attachment":[{"href":"https:\/\/pistonaddict.com\/hu\/wp-json\/wp\/v2\/media?parent=75658"}],"wp:term":[{"taxonomy":"product_cat","embeddable":true,"href":"https:\/\/pistonaddict.com\/hu\/wp-json\/wp\/v2\/product_cat?post=75658"},{"taxonomy":"product_tag","embeddable":true,"href":"https:\/\/pistonaddict.com\/hu\/wp-json\/wp\/v2\/product_tag?post=75658"}],"curies":[{"name":"wp","href":"https:\/\/api.w.org\/{rel}","templated":true}]}}