{"id":72250,"date":"2023-11-17T17:40:02","date_gmt":"2023-11-17T16:40:02","guid":{"rendered":"https:\/\/pistonaddict.com\/product\/land-rover-defender-p90e-elektromos\/"},"modified":"2024-03-19T16:59:23","modified_gmt":"2024-03-19T15:59:23","slug":"land-rover-defender-p90e-electric","status":"publish","type":"product","link":"https:\/\/pistonaddict.com\/hu\/product\/land-rover-defender-p90e-electric\/","title":{"rendered":"Land Rover Defender P90E Elektromos"},"content":{"rendered":"<p><strong>Aut\u00f3 t\u00f6rt\u00e9nete<\/strong><\/p>\n<p>A terepj\u00e1r\u00f3k vil\u00e1g\u00e1ban a Land Rover Defender vitathatatlanul ikonnak sz\u00e1m\u00edt. Egy igazi aut\u00f3s h\u0151s, \u00e9s egy olyan modell, amely m\u00e9g mindig a robusztuss\u00e1got, a megb\u00edzhat\u00f3s\u00e1got \u00e9s a mindenhov\u00e1 elmen\u0151 attit\u0171d\u00f6t szimboliz\u00e1lja. Mint ilyen, m\u00e9g mindig vil\u00e1gszerte terepj\u00e1r\u00f3-rajong\u00f3k milli\u00f3inak \u00e1lomaut\u00f3ja. A klasszikus modellek azonban, b\u00e1rmennyire is men\u0151k \u00e9s b\u00e1josak, a mai k\u00f6zleked\u00e9si \u00e9s k\u00f6rnyezetv\u00e9delmi szempontb\u00f3l agg\u00f3d\u00f3 vil\u00e1gban elavultak. A sv\u00e1jci Revive c\u00e9g erre tal\u00e1lt megold\u00e1st, \u00e9s ezt a p\u00e9ld\u00e1nyt modern elektromos meghajt\u00e1sra alak\u00edtotta \u00e1t, ami teljesen \u00e1talak\u00edtotta a klasszikus j\u00e1rm\u0171 hangulat\u00e1t \u00e9s n\u00f6velte k\u00e9pess\u00e9geit. Ezt a p\u00e9ld\u00e1nyt 1999-ben gy\u00e1rtott\u00e1k a k\u00edv\u00e1natos, h\u00e1romajt\u00f3s kivitelben, \u00e9s \u00fajonnan sz\u00e1ll\u00edtott\u00e1k Sv\u00e1jcba. Az elad\u00f3 2021-ben v\u00e1s\u00e1rolta meg, majd 2022-ben a Revive alapos ut\u00f3lagos \u00e1talak\u00edt\u00e1si folyamatnak vetette al\u00e1, amelynek eredm\u00e9nyek\u00e9ppen Sv\u00e1jcban ez lett az els\u0151 Defender EV \u00e1talak\u00edt\u00e1s. Az eredeti d\u00edzelmotort a Netgain Hyper 9 66 kW (100 LE) teljes\u00edtm\u00e9ny\u0171, 44 kWh kapacit\u00e1s\u00fa akkumul\u00e1torcsomaggal k\u00eds\u00e9rt Netgain Hyper 9 villanymotor v\u00e1ltotta fel. \u00c9rdekess\u00e9g, hogy az elektromos motort az eredeti k\u00e9zi sebess\u00e9gv\u00e1lt\u00f3hoz \u00e9s a 4&#215;4-es hajt\u00e1sl\u00e1nchoz csatlakoztatt\u00e1k. Ez a Defender az elektromos meghajt\u00e1s \u00e9s a botv\u00e1lt\u00f3s sebess\u00e9gv\u00e1lt\u00f3 egyed\u00fcl\u00e1ll\u00f3 kombin\u00e1ci\u00f3j\u00e1val, jobb teljes\u00edtm\u00e9nnyel, nagyobb nyomat\u00e9kkal \u00e9s k\u00f6r\u00fclbel\u00fcl 120-130 km-es hat\u00f3t\u00e1vols\u00e1ggal rendelkezik.<\/p>\n<p><strong>Belt\u00e9r<\/strong><\/p>\n<p>A k\u00f6zponti kijelz\u0151t\u0151l eltekintve ennek az egyedi Land Rover Defendernek a belseje korh\u0171 \u00e9s kiv\u00e1l\u00f3 \u00e1llapotban van. Az \u00fcl\u00e9sek sz\u00f6vetbor\u00edt\u00e1s\u00faak, h\u00e1tul pedig men\u0151nek t\u0171n\u0151 d\u00fcb\u00f6rg\u0151 \u00fcl\u00e9sek vannak. A m\u0171szerfal ugyan\u00fagy n\u00e9z ki, mint az eredeti. Van n\u00e9h\u00e1ny tov\u00e1bbi kapcsol\u00f3, egy tov\u00e1bbfejlesztett audiorendszer \u00e9s egy \u00fczemanyag-m\u00e9r\u0151, amelyet \u00e1talak\u00edtottak, hogy megmutassa az akkumul\u00e1torokban l\u00e9v\u0151 \u00e1ram mennyis\u00e9g\u00e9t, ami egy kiv\u00e1l\u00f3 egy\u00e9ni r\u00e9szlet. Annak ellen\u00e9re, hogy a Defender imm\u00e1r akkumul\u00e1torral rendelkezik, semmit sem vesz\u00edtett a praktikum\u00e1b\u00f3l vagy a bels\u0151 t\u00e9rb\u0151l.<\/p>\n<p><strong> <\/strong><strong>Felt\u00e9tel<\/strong><\/p>\n<p>Ez a legend\u00e1s terepj\u00e1r\u00f3 187 654 km-t tett meg \u00fajonnan, am\u00edg a Revive \u00e1t nem alak\u00edtotta. Ezt a konkr\u00e9t p\u00e9ld\u00e1nyt az \u00e1llapota, a s\u00e9r\u00fcl\u00e9sek \u00e9s a rozsda hi\u00e1nya miatt v\u00e1lasztott\u00e1k, amelyek mind gyakori klasszikus Defender probl\u00e9m\u00e1k. Az \u00e1talak\u00edt\u00e1s \u00f3ta a Defender csaknem 10 000 kilom\u00e9tert tett meg, \u00e9s k\u00e9szen \u00e1ll arra, hogy m\u00e9g t\u00f6bbet tegyen meg, mivel a motorja vadonat\u00faj. Jelenleg a kilom\u00e9ter\u00f3ra alig t\u00f6bb mint 197 500 km-t mutat. Az aut\u00f3hoz egy \u00e1tfog\u00f3 dokument\u00e1ci\u00f3 is tartozik, a Revive c\u00e9g dokument\u00e1ci\u00f3j\u00e1val \u00e9s garanci\u00e1j\u00e1val egy\u00fctt. A j\u00e1rm\u0171vet a 2022-es \u00e1talak\u00edt\u00e1si folyamat el\u0151tt alaposan \u00e1tvizsg\u00e1lt\u00e1k, a f\u00e9keket n\u00e9h\u00e1ny nappal ezel\u0151tt, 2023 november\u00e9ben jav\u00edtott\u00e1k fel. L\u00e9nyeges elmondani, hogy ez a Defender \u00e1tment a sv\u00e1jci m\u0171szaki vizsg\u00e1n, regisztr\u00e1lt\u00e1k, \u00e9s a Revive h\u00e1rom\u00e9ves garanci\u00e1val rendelkezik, ami azt mutatja, hogy az \u00e1ltal\u00e1nos \u00e1llapota fantasztikus, \u00e9s hogy a j\u00e1rm\u0171 teljesen alkalmas b\u00e1rmilyen haszn\u00e1latra terepen \u00e9s terepen egyar\u00e1nt.<\/p>\n<p><strong> <\/strong><strong>K\u00fcls\u0151 \u00e9s kerekek<\/strong><\/p>\n<p>K\u00edv\u00fclr\u0151l ez a Defender EV \u00fagy n\u00e9z ki, mint b\u00e1rmelyik m\u00e1sik Land Rover ugyanabb\u00f3l az \u00e9vj\u00e1ratb\u00f3l, \u00e9s az egyetlen dolog, ami megk\u00fcl\u00f6nb\u00f6zteti t\u0151le, az a matrica \u00e9s a t\u00f6lt\u0151port az \u00fczemanyagt\u00f6lt\u0151 kupak helyett. A Nokian off-road Nokian gumiabroncsokkal (2021-es \u00e9vj\u00e1rat\u00fa), eredeti 16 colos kerekekkel b\u00e1rmilyen terepen meg\u00e1llja a hely\u00e9t. Nincsenek horpad\u00e1sok, karcol\u00e1sok vagy rozsda, \u00e9s a sz\u00fcrke fest\u00e9k eredeti.<\/p>\n<p><strong> <\/strong><strong>Dokument\u00e1ci\u00f3<\/strong><\/p>\n<p>A tulajdonos eladja ezt a j\u00e1rm\u0171vet a megfelel\u0151 dokument\u00e1ci\u00f3val, \u00e9s Sv\u00e1jcban tal\u00e1lhat\u00f3. A <a href=\"https:\/\/pistonaddict.com\/wp-content\/uploads\/2023\/11\/CarVertical.pdf\">Car Vertical<\/a> jelent\u00e9s tiszta; nincs bizony\u00edt\u00e9k balesetekre, baleseti jav\u00edt\u00e1sokra, tulajdonosi vagy jogi probl\u00e9m\u00e1kra. Vannak nyilv\u00e1ntart\u00e1sok a rendszeres karbantart\u00e1sr\u00f3l, eredeti gy\u00e1ri prospektusok, elad\u00e1si sz\u00e1ml\u00e1k \u00e9s nyugt\u00e1k.  <strong>Az aut\u00f3 a Revive megfelel\u0151 dokument\u00e1ci\u00f3j\u00e1val, 3 \u00e9ves \u00edr\u00e1sos garanci\u00e1val, valamint a sv\u00e1jci hat\u00f3s\u00e1gok \u00e1ltal v\u00e9gzett m\u0171szaki ellen\u0151rz\u00e9ssel \u00e9rkezik. A g\u00e9pkocsihoz egy \u00e1tfog\u00f3 haszn\u00e1lati \u00fatmutat\u00f3 \u00e9s biztos\u00edt\u00e1si dokument\u00e1ci\u00f3 is tartozik.<\/strong>. Mindez azt jelenti, hogy ez a Defender EV teljes m\u00e9rt\u00e9kben jogszer\u0171, exportk\u00e9pes \u00e9s b\u00e1rhol haszn\u00e1lhat\u00f3.<\/p>\n<p><strong>N\u00e9zze meg a hidegind\u00edt\u00e1s vide\u00f3j\u00e1t err\u0151l a nagyon \u00e9rdekes Land Rover Defender teljesen elektromos :<\/strong><\/p>\n<p><iframe title=\"Cold Start Video of the Land Rover Defender full Electric for auction sale\" width=\"1200\" height=\"900\" src=\"https:\/\/www.youtube.com\/embed\/8ZfpIXIwhOI?feature=oembed\" frameborder=\"0\" allow=\"accelerometer; autoplay; clipboard-write; encrypted-media; gyroscope; picture-in-picture; web-share\" allowfullscreen><\/iframe><\/p>\n<p><strong> <\/strong><\/p>\n","protected":false},"excerpt":{"rendered":"<p>Az EV-forradalom egyik legizgalmasabb aspektusa, hogy \u00fajra feltal\u00e1lhatjuk a klasszikus aut\u00f3kat, \u00e9s \u00faj \u00e9letre kelthetj\u00fck \u0151ket. Egy klasszikus j\u00e1rm\u0171 ultramodern elektromos hajt\u00e1sl\u00e1nccal t\u00f6rt\u00e9n\u0151 ut\u00f3lagos felszerel\u00e9se egy l\u00e9p\u00e9ssel t\u00falmutat a restaur\u00e1l\u00e1son, \u00e9s egyed\u00fcl\u00e1ll\u00f3 m\u00f3don a felismerhet\u0151 form\u00e1t a 21. sz\u00e1zadi technol\u00f3gi\u00e1val p\u00e1ros\u00edtja. Ma b\u00fcszk\u00e9n mutatunk be egy ilyen aut\u00f3t &#8211; a Land Rover Defender EV-t, az els\u0151 klasszikus Defendert, amelyet a sv\u00e1jci Revive c\u00e9g alak\u00edtott \u00e1t elektromos j\u00e1rm\u0171v\u00e9.<\/p>\n","protected":false},"featured_media":71389,"comment_status":"open","ping_status":"closed","template":"","meta":{"inline_featured_image":false},"product_cat":[731],"product_tag":[2570,2531,2530,2533],"acf":[],"yoast_head":"<!-- This site is optimized with the Yoast SEO plugin v22.5 - https:\/\/yoast.com\/wordpress\/plugins\/seo\/ -->\n<title>aukci\u00f3 - Piston Addict<\/title>\n<meta name=\"robots\" content=\"index, follow, max-snippet:-1, max-image-preview:large, max-video-preview:-1\" \/>\n<link rel=\"canonical\" href=\"https:\/\/pistonaddict.com\/hu\/product\/land-rover-defender-p90e-electric\/\" \/>\n<meta property=\"og:locale\" content=\"hu_HU\" \/>\n<meta property=\"og:type\" content=\"article\" \/>\n<meta property=\"og:title\" content=\"aukci\u00f3 - Piston Addict\" \/>\n<meta property=\"og:description\" content=\"Az EV-forradalom egyik legizgalmasabb aspektusa, hogy \u00fajra feltal\u00e1lhatjuk a klasszikus aut\u00f3kat, \u00e9s \u00faj \u00e9letre kelthetj\u00fck \u0151ket. Egy klasszikus j\u00e1rm\u0171 ultramodern elektromos hajt\u00e1sl\u00e1nccal t\u00f6rt\u00e9n\u0151 ut\u00f3lagos felszerel\u00e9se egy l\u00e9p\u00e9ssel t\u00falmutat a restaur\u00e1l\u00e1son, \u00e9s egyed\u00fcl\u00e1ll\u00f3 m\u00f3don a felismerhet\u0151 form\u00e1t a 21. sz\u00e1zadi technol\u00f3gi\u00e1val p\u00e1ros\u00edtja. Ma b\u00fcszk\u00e9n mutatunk be egy ilyen aut\u00f3t - a Land Rover Defender EV-t, az els\u0151 klasszikus Defendert, amelyet a sv\u00e1jci Revive c\u00e9g alak\u00edtott \u00e1t elektromos j\u00e1rm\u0171v\u00e9.\" \/>\n<meta property=\"og:url\" content=\"https:\/\/pistonaddict.com\/hu\/product\/land-rover-defender-p90e-electric\/\" \/>\n<meta property=\"og:site_name\" content=\"Piston Addict\" \/>\n<meta property=\"article:modified_time\" content=\"2024-03-19T15:59:23+00:00\" \/>\n<meta property=\"og:image\" content=\"https:\/\/pistonaddict.com\/wp-content\/uploads\/2023\/11\/def-05.jpg\" \/>\n\t<meta property=\"og:image:width\" content=\"2560\" \/>\n\t<meta property=\"og:image:height\" content=\"1440\" \/>\n\t<meta property=\"og:image:type\" content=\"image\/jpeg\" \/>\n<meta name=\"twitter:card\" content=\"summary_large_image\" \/>\n<meta name=\"twitter:label1\" content=\"Becs\u00fclt olvas\u00e1si id\u0151\" \/>\n\t<meta name=\"twitter:data1\" content=\"4 perc\" \/>\n<script type=\"application\/ld+json\" class=\"yoast-schema-graph\">{\"@context\":\"https:\/\/schema.org\",\"@graph\":[{\"@type\":\"WebPage\",\"@id\":\"https:\/\/pistonaddict.com\/hu\/product\/land-rover-defender-p90e-electric\/\",\"url\":\"https:\/\/pistonaddict.com\/hu\/product\/land-rover-defender-p90e-electric\/\",\"name\":\"aukci\u00f3 - Piston Addict\",\"isPartOf\":{\"@id\":\"https:\/\/pistonaddict.com\/hu\/#website\"},\"primaryImageOfPage\":{\"@id\":\"https:\/\/pistonaddict.com\/hu\/product\/land-rover-defender-p90e-electric\/#primaryimage\"},\"image\":{\"@id\":\"https:\/\/pistonaddict.com\/hu\/product\/land-rover-defender-p90e-electric\/#primaryimage\"},\"thumbnailUrl\":\"https:\/\/pistonaddict.com\/wp-content\/uploads\/2023\/11\/def-05.jpg\",\"datePublished\":\"2023-11-17T16:40:02+00:00\",\"dateModified\":\"2024-03-19T15:59:23+00:00\",\"breadcrumb\":{\"@id\":\"https:\/\/pistonaddict.com\/hu\/product\/land-rover-defender-p90e-electric\/#breadcrumb\"},\"inLanguage\":\"hu\",\"potentialAction\":[{\"@type\":\"ReadAction\",\"target\":[\"https:\/\/pistonaddict.com\/hu\/product\/land-rover-defender-p90e-electric\/\"]}]},{\"@type\":\"ImageObject\",\"inLanguage\":\"hu\",\"@id\":\"https:\/\/pistonaddict.com\/hu\/product\/land-rover-defender-p90e-electric\/#primaryimage\",\"url\":\"https:\/\/pistonaddict.com\/wp-content\/uploads\/2023\/11\/def-05.jpg\",\"contentUrl\":\"https:\/\/pistonaddict.com\/wp-content\/uploads\/2023\/11\/def-05.jpg\",\"width\":2560,\"height\":1440},{\"@type\":\"BreadcrumbList\",\"@id\":\"https:\/\/pistonaddict.com\/hu\/product\/land-rover-defender-p90e-electric\/#breadcrumb\",\"itemListElement\":[{\"@type\":\"ListItem\",\"position\":1,\"name\":\"Kezd\u0151lap\",\"item\":\"https:\/\/pistonaddict.com\/hu\/honlap\/\"},{\"@type\":\"ListItem\",\"position\":2,\"name\":\"Auctions\",\"item\":\"https:\/\/pistonaddict.com\/auctions-listing\/\"},{\"@type\":\"ListItem\",\"position\":3,\"name\":\"Land Rover Defender P90E Elektromos\"}]},{\"@type\":\"WebSite\",\"@id\":\"https:\/\/pistonaddict.com\/hu\/#website\",\"url\":\"https:\/\/pistonaddict.com\/hu\/\",\"name\":\"Piston Addict\",\"description\":\"Only interesting vehicles\",\"publisher\":{\"@id\":\"https:\/\/pistonaddict.com\/hu\/#organization\"},\"potentialAction\":[{\"@type\":\"SearchAction\",\"target\":{\"@type\":\"EntryPoint\",\"urlTemplate\":\"https:\/\/pistonaddict.com\/hu\/?s={search_term_string}\"},\"query-input\":\"required name=search_term_string\"}],\"inLanguage\":\"hu\"},{\"@type\":\"Organization\",\"@id\":\"https:\/\/pistonaddict.com\/hu\/#organization\",\"name\":\"Piston Addict\",\"url\":\"https:\/\/pistonaddict.com\/hu\/\",\"logo\":{\"@type\":\"ImageObject\",\"inLanguage\":\"hu\",\"@id\":\"https:\/\/pistonaddict.com\/hu\/#\/schema\/logo\/image\/\",\"url\":\"https:\/\/pistonaddict.com\/wp-content\/uploads\/2022\/07\/logo-6.png\",\"contentUrl\":\"https:\/\/pistonaddict.com\/wp-content\/uploads\/2022\/07\/logo-6.png\",\"width\":970,\"height\":200,\"caption\":\"Piston Addict\"},\"image\":{\"@id\":\"https:\/\/pistonaddict.com\/hu\/#\/schema\/logo\/image\/\"}}]}<\/script>\n<!-- \/ Yoast SEO plugin. -->","yoast_head_json":{"title":"aukci\u00f3 - Piston Addict","robots":{"index":"index","follow":"follow","max-snippet":"max-snippet:-1","max-image-preview":"max-image-preview:large","max-video-preview":"max-video-preview:-1"},"canonical":"https:\/\/pistonaddict.com\/hu\/product\/land-rover-defender-p90e-electric\/","og_locale":"hu_HU","og_type":"article","og_title":"aukci\u00f3 - Piston Addict","og_description":"Az EV-forradalom egyik legizgalmasabb aspektusa, hogy \u00fajra feltal\u00e1lhatjuk a klasszikus aut\u00f3kat, \u00e9s \u00faj \u00e9letre kelthetj\u00fck \u0151ket. Egy klasszikus j\u00e1rm\u0171 ultramodern elektromos hajt\u00e1sl\u00e1nccal t\u00f6rt\u00e9n\u0151 ut\u00f3lagos felszerel\u00e9se egy l\u00e9p\u00e9ssel t\u00falmutat a restaur\u00e1l\u00e1son, \u00e9s egyed\u00fcl\u00e1ll\u00f3 m\u00f3don a felismerhet\u0151 form\u00e1t a 21. sz\u00e1zadi technol\u00f3gi\u00e1val p\u00e1ros\u00edtja. Ma b\u00fcszk\u00e9n mutatunk be egy ilyen aut\u00f3t - a Land Rover Defender EV-t, az els\u0151 klasszikus Defendert, amelyet a sv\u00e1jci Revive c\u00e9g alak\u00edtott \u00e1t elektromos j\u00e1rm\u0171v\u00e9.","og_url":"https:\/\/pistonaddict.com\/hu\/product\/land-rover-defender-p90e-electric\/","og_site_name":"Piston Addict","article_modified_time":"2024-03-19T15:59:23+00:00","og_image":[{"width":2560,"height":1440,"url":"https:\/\/pistonaddict.com\/wp-content\/uploads\/2023\/11\/def-05.jpg","type":"image\/jpeg"}],"twitter_card":"summary_large_image","twitter_misc":{"Becs\u00fclt olvas\u00e1si id\u0151":"4 perc"},"schema":{"@context":"https:\/\/schema.org","@graph":[{"@type":"WebPage","@id":"https:\/\/pistonaddict.com\/hu\/product\/land-rover-defender-p90e-electric\/","url":"https:\/\/pistonaddict.com\/hu\/product\/land-rover-defender-p90e-electric\/","name":"aukci\u00f3 - Piston Addict","isPartOf":{"@id":"https:\/\/pistonaddict.com\/hu\/#website"},"primaryImageOfPage":{"@id":"https:\/\/pistonaddict.com\/hu\/product\/land-rover-defender-p90e-electric\/#primaryimage"},"image":{"@id":"https:\/\/pistonaddict.com\/hu\/product\/land-rover-defender-p90e-electric\/#primaryimage"},"thumbnailUrl":"https:\/\/pistonaddict.com\/wp-content\/uploads\/2023\/11\/def-05.jpg","datePublished":"2023-11-17T16:40:02+00:00","dateModified":"2024-03-19T15:59:23+00:00","breadcrumb":{"@id":"https:\/\/pistonaddict.com\/hu\/product\/land-rover-defender-p90e-electric\/#breadcrumb"},"inLanguage":"hu","potentialAction":[{"@type":"ReadAction","target":["https:\/\/pistonaddict.com\/hu\/product\/land-rover-defender-p90e-electric\/"]}]},{"@type":"ImageObject","inLanguage":"hu","@id":"https:\/\/pistonaddict.com\/hu\/product\/land-rover-defender-p90e-electric\/#primaryimage","url":"https:\/\/pistonaddict.com\/wp-content\/uploads\/2023\/11\/def-05.jpg","contentUrl":"https:\/\/pistonaddict.com\/wp-content\/uploads\/2023\/11\/def-05.jpg","width":2560,"height":1440},{"@type":"BreadcrumbList","@id":"https:\/\/pistonaddict.com\/hu\/product\/land-rover-defender-p90e-electric\/#breadcrumb","itemListElement":[{"@type":"ListItem","position":1,"name":"Kezd\u0151lap","item":"https:\/\/pistonaddict.com\/hu\/honlap\/"},{"@type":"ListItem","position":2,"name":"Auctions","item":"https:\/\/pistonaddict.com\/auctions-listing\/"},{"@type":"ListItem","position":3,"name":"Land Rover Defender P90E Elektromos"}]},{"@type":"WebSite","@id":"https:\/\/pistonaddict.com\/hu\/#website","url":"https:\/\/pistonaddict.com\/hu\/","name":"Piston Addict","description":"Only interesting vehicles","publisher":{"@id":"https:\/\/pistonaddict.com\/hu\/#organization"},"potentialAction":[{"@type":"SearchAction","target":{"@type":"EntryPoint","urlTemplate":"https:\/\/pistonaddict.com\/hu\/?s={search_term_string}"},"query-input":"required name=search_term_string"}],"inLanguage":"hu"},{"@type":"Organization","@id":"https:\/\/pistonaddict.com\/hu\/#organization","name":"Piston Addict","url":"https:\/\/pistonaddict.com\/hu\/","logo":{"@type":"ImageObject","inLanguage":"hu","@id":"https:\/\/pistonaddict.com\/hu\/#\/schema\/logo\/image\/","url":"https:\/\/pistonaddict.com\/wp-content\/uploads\/2022\/07\/logo-6.png","contentUrl":"https:\/\/pistonaddict.com\/wp-content\/uploads\/2022\/07\/logo-6.png","width":970,"height":200,"caption":"Piston Addict"},"image":{"@id":"https:\/\/pistonaddict.com\/hu\/#\/schema\/logo\/image\/"}}]}},"_links":{"self":[{"href":"https:\/\/pistonaddict.com\/hu\/wp-json\/wp\/v2\/product\/72250"}],"collection":[{"href":"https:\/\/pistonaddict.com\/hu\/wp-json\/wp\/v2\/product"}],"about":[{"href":"https:\/\/pistonaddict.com\/hu\/wp-json\/wp\/v2\/types\/product"}],"replies":[{"embeddable":true,"href":"https:\/\/pistonaddict.com\/hu\/wp-json\/wp\/v2\/comments?post=72250"}],"wp:featuredmedia":[{"embeddable":true,"href":"https:\/\/pistonaddict.com\/hu\/wp-json\/wp\/v2\/media\/71389"}],"wp:attachment":[{"href":"https:\/\/pistonaddict.com\/hu\/wp-json\/wp\/v2\/media?parent=72250"}],"wp:term":[{"taxonomy":"product_cat","embeddable":true,"href":"https:\/\/pistonaddict.com\/hu\/wp-json\/wp\/v2\/product_cat?post=72250"},{"taxonomy":"product_tag","embeddable":true,"href":"https:\/\/pistonaddict.com\/hu\/wp-json\/wp\/v2\/product_tag?post=72250"}],"curies":[{"name":"wp","href":"https:\/\/api.w.org\/{rel}","templated":true}]}}