{"id":69420,"date":"2023-11-09T17:05:55","date_gmt":"2023-11-09T16:05:55","guid":{"rendered":"https:\/\/pistonaddict.com\/product\/mini-rover-1-3-mpi-silverstone\/"},"modified":"2023-12-20T09:53:57","modified_gmt":"2023-12-20T08:53:57","slug":"mini-rover-1-3-mpi-silverstone","status":"publish","type":"product","link":"https:\/\/pistonaddict.com\/hu\/product\/mini-rover-1-3-mpi-silverstone\/","title":{"rendered":"Mini Rover 1.3 Silverstone"},"content":{"rendered":"<h2>K\u00fcls\u0151<\/h2>\n<p>K\u00edv\u00fclr\u0151l a fekete k\u00e9tajt\u00f3s ferdeh\u00e1t\u00fa ismer\u0151s form\u00e1j\u00e1t olyan r\u00e9szletekkel f\u0171szerezt\u00e9k, mint a kr\u00f3mozott h\u0171t\u0151r\u00e1cs, a motorh\u00e1ztet\u0151n tal\u00e1lhat\u00f3 versenycs\u00edkok \u00e9s a feh\u00e9rre festett tet\u0151. Tov\u00e1bb\u00e1, el\u00f6l egy p\u00e1r k\u00f6dl\u00e1mpa seg\u00edti a l\u00e1that\u00f3s\u00e1got \u00e9s a megjelen\u00e9st. Ehhez feh\u00e9r kanyarkijelz\u0151k t\u00e1rsulnak minden\u00fctt, ami sokkal jobb megold\u00e1s, mint a r\u00e9gim\u00f3di s\u00e1rg\u00e1k. H\u00e1tul pedig egy k\u00f6z\u00e9pen elhelyezett, kr\u00f3mozott v\u00e9gz\u0151d\u00e9s\u0171 kipufog\u00f3 tal\u00e1lhat\u00f3.<\/p>\n<p>V\u00e9g\u00fcl, amit meg kell eml\u00edteni &#8211; a sz\u00e9les\u00edtett ker\u00e9kj\u00e1rati \u00edvek, amelyek tov\u00e1bb hangs\u00falyozz\u00e1k az aut\u00f3 agressz\u00edv megjelen\u00e9s\u00e9t. De ez az \u00e1talak\u00edt\u00e1s nem csak a show kedv\u00e9\u00e9rt t\u00f6rt\u00e9nt, hiszen sz\u00fcks\u00e9g volt r\u00e1, hogy legyen el\u00e9g hely a sz\u00e9les, sportos kerekeknek. \u00c9s ha m\u00e1r a gumiabroncsokn\u00e1l tartunk, meg kell eml\u00edteni, hogy az aut\u00f3 13 colos felnijei nem a sz\u00e9riafelnik. De az elad\u00f3 szerint ezeket is biztos\u00edtani fogj\u00e1k.<\/p>\n<h2>Belt\u00e9r<\/h2>\n<p>Az aut\u00f3ba besz\u00e1llva egy tipikusan Mini-sz\u00f6g\u0171, h\u00e1rom k\u00fcll\u0151s b\u0151rkorm\u00e1ny m\u00f6g\u00f6tt tal\u00e1lja mag\u00e1t. M\u00f6g\u00f6tte tal\u00e1lhat\u00f3 a m\u0171szeregys\u00e9g a 180 km\/\u00f3r\u00e1n\u00e1l v\u00e9gz\u0151d\u0151 sebess\u00e9gm\u00e9r\u0151vel \u00e9s a 8000 fordulatsz\u00e1mig terjed\u0151 fordulatsz\u00e1mm\u00e9r\u0151vel. Ahogy az v\u00e1rhat\u00f3 volt, a m\u0171szerfal &#8211; amely val\u00f3di f\u00e1b\u00f3l k\u00e9sz\u00fclt &#8211; gy\u00e9ren felszerelt, \u00e9s csak a legsz\u00fcks\u00e9gesebbeket k\u00edn\u00e1lja. Ez mag\u00e1ban foglalja a vil\u00e1g\u00edt\u00e1skapcsol\u00f3kat, a szell\u0151z\u0151k vez\u00e9rl\u00e9s\u00e9t \u00e9s a sztere\u00f3 fejegys\u00e9get, amely ebben az esetben egy ut\u00e1ngy\u00e1rtott Sony k\u00e9sz\u00fcl\u00e9k.<\/p>\n<p>A bels\u0151 t\u00e9r t\u00f6bbi r\u00e9sze er\u0151sen utal az aut\u00f3 sportos jelleg\u00e9re, az els\u0151 \u00fcl\u00e9sek a legmeggy\u0151z\u0151bbek. Fekete b\u0151r \u00e9s sz\u00fcrke sz\u00f6vet kombin\u00e1ci\u00f3ba \u00f6lt\u00f6ztetve elegend\u0151 t\u00e1maszt ny\u00fajtanak a sz\u0171k kanyarokban, ahol a Mini a legjobban teljes\u00edt. A h\u00e1ts\u00f3 \u00fcl\u00e9sek \u00e9s az oldalfal ugyanilyen st\u00edlusban vannak k\u00e1rpitozva, a szemet gy\u00f6ny\u00f6rk\u00f6dtet\u0151 megjelen\u00e9st pedig piros padl\u00f3sz\u0151nyeg teszi teljess\u00e9. V\u00e9g\u00fcl az elad\u00f3 az aut\u00f3 \u00e1tad\u00e1sa el\u0151tt kicser\u00e9li a tet\u0151b\u00e9l\u00e9st, mivel az eredeti tet\u0151b\u00e9l\u00e9s s\u00e9r\u00fclt a napellenz\u0151k felett (l\u00e1sd a k\u00e9pen).<\/p>\n<h2>Mechanika<\/h2>\n<p>Ez a Mini Cooper 1,3 n\u00e9gyhengeres motorral rendelkezik, amely az els\u0151 kerekeket egy 4 fokozat\u00fa k\u00e9zi sebess\u00e9gv\u00e1lt\u00f3n kereszt\u00fcl hajtja. B\u00e1r a motor alapkonfigur\u00e1ci\u00f3ja a &#8217;60-as \u00e9vekb\u0151l sz\u00e1rmazik, ez a modell a Rover elektronikus \u00fczemanyag-befecskendez\u00e9s\u00e9vel van felszerelve, ami megb\u00edzhat\u00f3bb\u00e1 \u00e9s kellemesebb\u00e9 teszi az aut\u00f3t.<\/p>\n<p>Ami a teljes\u00edtm\u00e9nyt illeti, a Mini Cooper mind\u00f6ssze 63 l\u00f3er\u0151vel rendelkezik, ami nem t\u0171nik soknak. De csak 685 kilogrammal kell megbirk\u00f3znia, ennyit nyom ez az aut\u00f3. Mindent egybevetve, b\u00e1r a Mini val\u00f3sz\u00edn\u0171leg nem vill\u00e1mgyors az egyenesekben, a kanyarokban hihetetlen\u00fcl sz\u00f3rakoztat\u00f3. \u00c9s ez az egyik dolog, ami olyan k\u00fcl\u00f6nlegess\u00e9 \u00e9s h\u00edress\u00e9 tette.<\/p>\n<h2>A j\u00e1rm\u0171 t\u00f6rt\u00e9nete<\/h2>\n<p>V\u00e9gezet\u00fcl n\u00e9h\u00e1ny sz\u00f3 a Mini jelenlegi \u00e1llapot\u00e1r\u00f3l, amelyet az elad\u00f3 nagyon j\u00f3nak \u00edr le. Az aut\u00f3t utolj\u00e1ra 2023 j\u00fanius\u00e1ban szervizelt\u00e9k, amikor rendszeres karbantart\u00e1st v\u00e9geztek rajta, \u00e9s \u00faj f\u00e9keket szereltek be. Ezenk\u00edv\u00fcl a teljes kipufog\u00f3, bele\u00e9rtve a kataliz\u00e1tort is, \u00faj. A fot\u00f3k alapj\u00e1n az aut\u00f3 k\u00edv\u00fcl \u00e9s bel\u00fcl is kifog\u00e1stalannak t\u0171nik. Tov\u00e1bb\u00e1 a profi elad\u00f3, aki az 5. tulajdonos, azt \u00e1ll\u00edtja, hogy az aut\u00f3nak soha nem volt balesete, amit a megfelel\u0151 <a href=\"https:\/\/pistonaddict.com\/wp-content\/uploads\/2023\/11\/CARFAX-Vehicle-History-Report-ROVER-MINI.pdf\">CARFAX<\/a> j\u00e1rm\u0171t\u00f6rt\u00e9neti jelent\u00e9s is meger\u0151s\u00edt. Az utols\u00f3 m\u0171szaki ellen\u0151rz\u00e9s 2023. okt\u00f3ber 6-\u00e1n t\u00f6rt\u00e9nt \u00e9s j\u00f3v\u00e1hagy\u00e1sra ker\u00fclt.<\/p>\n<p><strong><br \/>\nN\u00e9zd meg ennek az aranyos Mini Rover Silverstone-nak a hidegind\u00edt\u00e1sos vide\u00f3j\u00e1t:<\/strong><\/p>\n<p><iframe title=\"Cold Start Video of the Austin Mini Silverstone for auction sale\" width=\"1200\" height=\"675\" src=\"https:\/\/www.youtube.com\/embed\/NW_53HH3Wg4?feature=oembed\" frameborder=\"0\" allow=\"accelerometer; autoplay; clipboard-write; encrypted-media; gyroscope; picture-in-picture; web-share\" allowfullscreen><\/iframe><\/p>\n","protected":false},"excerpt":{"rendered":"<p>Ha egy kicsi, praktikus \u00e9s mozg\u00e9kony klasszikus aut\u00f3t keres, az eredeti Mini a lista \u00e9l\u00e9n kell, hogy \u00e1lljon. Hossz\u00fa gy\u00e1rt\u00e1si id\u0151szaka alatt ez az aut\u00f3ipari ikon t\u00f6bb v\u00e1ltozatban is el\u00e9rhet\u0151 volt, a sportos Cooper val\u00f3sz\u00edn\u0171leg a legk\u00edv\u00e1natosabb volt. Ez egy olyan aut\u00f3, amely az eredeti Mini karaktert \u00f6tv\u00f6zi a k\u00fcl\u00f6nf\u00e9le gy\u00f6ny\u00f6r\u0171 vizu\u00e1lis r\u00e9szletekkel \u00e9s az izgalmas vezet\u00e9si \u00e9lm\u00e9nnyel. Itt pedig elad\u00f3 egy 1993-as Mini Cooper, amely kiv\u00e1l\u00f3 \u00e1llapotban van, \u00e9s eddig 74 000 kilom\u00e9tert futott. S\u0151t, mivel a mind\u00f6ssze 400 Silverstone-i p\u00e9ld\u00e1ny egyike, exkluzivit\u00e1st biztos\u00edt. N\u00e9zz\u00fck meg k\u00f6zelebbr\u0151l, mit k\u00edn\u00e1l.<\/p>\n","protected":false},"featured_media":67412,"comment_status":"open","ping_status":"closed","template":"","meta":{"inline_featured_image":false},"product_cat":[731],"product_tag":[2458,964,2459],"acf":[],"yoast_head":"<!-- This site is optimized with the Yoast SEO plugin v22.5 - https:\/\/yoast.com\/wordpress\/plugins\/seo\/ -->\n<title>aukci\u00f3 - Piston Addict<\/title>\n<meta name=\"robots\" content=\"index, follow, max-snippet:-1, max-image-preview:large, max-video-preview:-1\" \/>\n<link rel=\"canonical\" href=\"https:\/\/pistonaddict.com\/hu\/product\/mini-rover-1-3-mpi-silverstone\/\" \/>\n<meta property=\"og:locale\" content=\"hu_HU\" \/>\n<meta property=\"og:type\" content=\"article\" \/>\n<meta property=\"og:title\" content=\"aukci\u00f3 - Piston Addict\" \/>\n<meta property=\"og:description\" content=\"Ha egy kicsi, praktikus \u00e9s mozg\u00e9kony klasszikus aut\u00f3t keres, az eredeti Mini a lista \u00e9l\u00e9n kell, hogy \u00e1lljon. Hossz\u00fa gy\u00e1rt\u00e1si id\u0151szaka alatt ez az aut\u00f3ipari ikon t\u00f6bb v\u00e1ltozatban is el\u00e9rhet\u0151 volt, a sportos Cooper val\u00f3sz\u00edn\u0171leg a legk\u00edv\u00e1natosabb volt. Ez egy olyan aut\u00f3, amely az eredeti Mini karaktert \u00f6tv\u00f6zi a k\u00fcl\u00f6nf\u00e9le gy\u00f6ny\u00f6r\u0171 vizu\u00e1lis r\u00e9szletekkel \u00e9s az izgalmas vezet\u00e9si \u00e9lm\u00e9nnyel. Itt pedig elad\u00f3 egy 1993-as Mini Cooper, amely kiv\u00e1l\u00f3 \u00e1llapotban van, \u00e9s eddig 74 000 kilom\u00e9tert futott. S\u0151t, mivel a mind\u00f6ssze 400 Silverstone-i p\u00e9ld\u00e1ny egyike, exkluzivit\u00e1st biztos\u00edt. N\u00e9zz\u00fck meg k\u00f6zelebbr\u0151l, mit k\u00edn\u00e1l.\" \/>\n<meta property=\"og:url\" content=\"https:\/\/pistonaddict.com\/hu\/product\/mini-rover-1-3-mpi-silverstone\/\" \/>\n<meta property=\"og:site_name\" content=\"Piston Addict\" \/>\n<meta property=\"article:modified_time\" content=\"2023-12-20T08:53:57+00:00\" \/>\n<meta property=\"og:image\" content=\"https:\/\/pistonaddict.com\/wp-content\/uploads\/2023\/11\/IMG_5534-scaled.jpeg\" \/>\n\t<meta property=\"og:image:width\" content=\"2560\" \/>\n\t<meta property=\"og:image:height\" content=\"1920\" \/>\n\t<meta property=\"og:image:type\" content=\"image\/jpeg\" \/>\n<meta name=\"twitter:card\" content=\"summary_large_image\" \/>\n<meta name=\"twitter:label1\" content=\"Becs\u00fclt olvas\u00e1si id\u0151\" \/>\n\t<meta name=\"twitter:data1\" content=\"4 perc\" \/>\n<script type=\"application\/ld+json\" class=\"yoast-schema-graph\">{\"@context\":\"https:\/\/schema.org\",\"@graph\":[{\"@type\":\"WebPage\",\"@id\":\"https:\/\/pistonaddict.com\/hu\/product\/mini-rover-1-3-mpi-silverstone\/\",\"url\":\"https:\/\/pistonaddict.com\/hu\/product\/mini-rover-1-3-mpi-silverstone\/\",\"name\":\"aukci\u00f3 - Piston Addict\",\"isPartOf\":{\"@id\":\"https:\/\/pistonaddict.com\/hu\/#website\"},\"primaryImageOfPage\":{\"@id\":\"https:\/\/pistonaddict.com\/hu\/product\/mini-rover-1-3-mpi-silverstone\/#primaryimage\"},\"image\":{\"@id\":\"https:\/\/pistonaddict.com\/hu\/product\/mini-rover-1-3-mpi-silverstone\/#primaryimage\"},\"thumbnailUrl\":\"https:\/\/pistonaddict.com\/wp-content\/uploads\/2023\/11\/IMG_5534-scaled.jpeg\",\"datePublished\":\"2023-11-09T16:05:55+00:00\",\"dateModified\":\"2023-12-20T08:53:57+00:00\",\"breadcrumb\":{\"@id\":\"https:\/\/pistonaddict.com\/hu\/product\/mini-rover-1-3-mpi-silverstone\/#breadcrumb\"},\"inLanguage\":\"hu\",\"potentialAction\":[{\"@type\":\"ReadAction\",\"target\":[\"https:\/\/pistonaddict.com\/hu\/product\/mini-rover-1-3-mpi-silverstone\/\"]}]},{\"@type\":\"ImageObject\",\"inLanguage\":\"hu\",\"@id\":\"https:\/\/pistonaddict.com\/hu\/product\/mini-rover-1-3-mpi-silverstone\/#primaryimage\",\"url\":\"https:\/\/pistonaddict.com\/wp-content\/uploads\/2023\/11\/IMG_5534-scaled.jpeg\",\"contentUrl\":\"https:\/\/pistonaddict.com\/wp-content\/uploads\/2023\/11\/IMG_5534-scaled.jpeg\",\"width\":2560,\"height\":1920},{\"@type\":\"BreadcrumbList\",\"@id\":\"https:\/\/pistonaddict.com\/hu\/product\/mini-rover-1-3-mpi-silverstone\/#breadcrumb\",\"itemListElement\":[{\"@type\":\"ListItem\",\"position\":1,\"name\":\"Kezd\u0151lap\",\"item\":\"https:\/\/pistonaddict.com\/hu\/honlap\/\"},{\"@type\":\"ListItem\",\"position\":2,\"name\":\"Auctions\",\"item\":\"https:\/\/pistonaddict.com\/auctions-listing\/\"},{\"@type\":\"ListItem\",\"position\":3,\"name\":\"Mini Rover 1.3 Silverstone\"}]},{\"@type\":\"WebSite\",\"@id\":\"https:\/\/pistonaddict.com\/hu\/#website\",\"url\":\"https:\/\/pistonaddict.com\/hu\/\",\"name\":\"Piston Addict\",\"description\":\"Only interesting vehicles\",\"publisher\":{\"@id\":\"https:\/\/pistonaddict.com\/hu\/#organization\"},\"potentialAction\":[{\"@type\":\"SearchAction\",\"target\":{\"@type\":\"EntryPoint\",\"urlTemplate\":\"https:\/\/pistonaddict.com\/hu\/?s={search_term_string}\"},\"query-input\":\"required name=search_term_string\"}],\"inLanguage\":\"hu\"},{\"@type\":\"Organization\",\"@id\":\"https:\/\/pistonaddict.com\/hu\/#organization\",\"name\":\"Piston Addict\",\"url\":\"https:\/\/pistonaddict.com\/hu\/\",\"logo\":{\"@type\":\"ImageObject\",\"inLanguage\":\"hu\",\"@id\":\"https:\/\/pistonaddict.com\/hu\/#\/schema\/logo\/image\/\",\"url\":\"https:\/\/pistonaddict.com\/wp-content\/uploads\/2022\/07\/logo-6.png\",\"contentUrl\":\"https:\/\/pistonaddict.com\/wp-content\/uploads\/2022\/07\/logo-6.png\",\"width\":970,\"height\":200,\"caption\":\"Piston Addict\"},\"image\":{\"@id\":\"https:\/\/pistonaddict.com\/hu\/#\/schema\/logo\/image\/\"}}]}<\/script>\n<!-- \/ Yoast SEO plugin. -->","yoast_head_json":{"title":"aukci\u00f3 - Piston Addict","robots":{"index":"index","follow":"follow","max-snippet":"max-snippet:-1","max-image-preview":"max-image-preview:large","max-video-preview":"max-video-preview:-1"},"canonical":"https:\/\/pistonaddict.com\/hu\/product\/mini-rover-1-3-mpi-silverstone\/","og_locale":"hu_HU","og_type":"article","og_title":"aukci\u00f3 - Piston Addict","og_description":"Ha egy kicsi, praktikus \u00e9s mozg\u00e9kony klasszikus aut\u00f3t keres, az eredeti Mini a lista \u00e9l\u00e9n kell, hogy \u00e1lljon. Hossz\u00fa gy\u00e1rt\u00e1si id\u0151szaka alatt ez az aut\u00f3ipari ikon t\u00f6bb v\u00e1ltozatban is el\u00e9rhet\u0151 volt, a sportos Cooper val\u00f3sz\u00edn\u0171leg a legk\u00edv\u00e1natosabb volt. Ez egy olyan aut\u00f3, amely az eredeti Mini karaktert \u00f6tv\u00f6zi a k\u00fcl\u00f6nf\u00e9le gy\u00f6ny\u00f6r\u0171 vizu\u00e1lis r\u00e9szletekkel \u00e9s az izgalmas vezet\u00e9si \u00e9lm\u00e9nnyel. Itt pedig elad\u00f3 egy 1993-as Mini Cooper, amely kiv\u00e1l\u00f3 \u00e1llapotban van, \u00e9s eddig 74 000 kilom\u00e9tert futott. S\u0151t, mivel a mind\u00f6ssze 400 Silverstone-i p\u00e9ld\u00e1ny egyike, exkluzivit\u00e1st biztos\u00edt. N\u00e9zz\u00fck meg k\u00f6zelebbr\u0151l, mit k\u00edn\u00e1l.","og_url":"https:\/\/pistonaddict.com\/hu\/product\/mini-rover-1-3-mpi-silverstone\/","og_site_name":"Piston Addict","article_modified_time":"2023-12-20T08:53:57+00:00","og_image":[{"width":2560,"height":1920,"url":"https:\/\/pistonaddict.com\/wp-content\/uploads\/2023\/11\/IMG_5534-scaled.jpeg","type":"image\/jpeg"}],"twitter_card":"summary_large_image","twitter_misc":{"Becs\u00fclt olvas\u00e1si id\u0151":"4 perc"},"schema":{"@context":"https:\/\/schema.org","@graph":[{"@type":"WebPage","@id":"https:\/\/pistonaddict.com\/hu\/product\/mini-rover-1-3-mpi-silverstone\/","url":"https:\/\/pistonaddict.com\/hu\/product\/mini-rover-1-3-mpi-silverstone\/","name":"aukci\u00f3 - Piston Addict","isPartOf":{"@id":"https:\/\/pistonaddict.com\/hu\/#website"},"primaryImageOfPage":{"@id":"https:\/\/pistonaddict.com\/hu\/product\/mini-rover-1-3-mpi-silverstone\/#primaryimage"},"image":{"@id":"https:\/\/pistonaddict.com\/hu\/product\/mini-rover-1-3-mpi-silverstone\/#primaryimage"},"thumbnailUrl":"https:\/\/pistonaddict.com\/wp-content\/uploads\/2023\/11\/IMG_5534-scaled.jpeg","datePublished":"2023-11-09T16:05:55+00:00","dateModified":"2023-12-20T08:53:57+00:00","breadcrumb":{"@id":"https:\/\/pistonaddict.com\/hu\/product\/mini-rover-1-3-mpi-silverstone\/#breadcrumb"},"inLanguage":"hu","potentialAction":[{"@type":"ReadAction","target":["https:\/\/pistonaddict.com\/hu\/product\/mini-rover-1-3-mpi-silverstone\/"]}]},{"@type":"ImageObject","inLanguage":"hu","@id":"https:\/\/pistonaddict.com\/hu\/product\/mini-rover-1-3-mpi-silverstone\/#primaryimage","url":"https:\/\/pistonaddict.com\/wp-content\/uploads\/2023\/11\/IMG_5534-scaled.jpeg","contentUrl":"https:\/\/pistonaddict.com\/wp-content\/uploads\/2023\/11\/IMG_5534-scaled.jpeg","width":2560,"height":1920},{"@type":"BreadcrumbList","@id":"https:\/\/pistonaddict.com\/hu\/product\/mini-rover-1-3-mpi-silverstone\/#breadcrumb","itemListElement":[{"@type":"ListItem","position":1,"name":"Kezd\u0151lap","item":"https:\/\/pistonaddict.com\/hu\/honlap\/"},{"@type":"ListItem","position":2,"name":"Auctions","item":"https:\/\/pistonaddict.com\/auctions-listing\/"},{"@type":"ListItem","position":3,"name":"Mini Rover 1.3 Silverstone"}]},{"@type":"WebSite","@id":"https:\/\/pistonaddict.com\/hu\/#website","url":"https:\/\/pistonaddict.com\/hu\/","name":"Piston Addict","description":"Only interesting vehicles","publisher":{"@id":"https:\/\/pistonaddict.com\/hu\/#organization"},"potentialAction":[{"@type":"SearchAction","target":{"@type":"EntryPoint","urlTemplate":"https:\/\/pistonaddict.com\/hu\/?s={search_term_string}"},"query-input":"required name=search_term_string"}],"inLanguage":"hu"},{"@type":"Organization","@id":"https:\/\/pistonaddict.com\/hu\/#organization","name":"Piston Addict","url":"https:\/\/pistonaddict.com\/hu\/","logo":{"@type":"ImageObject","inLanguage":"hu","@id":"https:\/\/pistonaddict.com\/hu\/#\/schema\/logo\/image\/","url":"https:\/\/pistonaddict.com\/wp-content\/uploads\/2022\/07\/logo-6.png","contentUrl":"https:\/\/pistonaddict.com\/wp-content\/uploads\/2022\/07\/logo-6.png","width":970,"height":200,"caption":"Piston Addict"},"image":{"@id":"https:\/\/pistonaddict.com\/hu\/#\/schema\/logo\/image\/"}}]}},"_links":{"self":[{"href":"https:\/\/pistonaddict.com\/hu\/wp-json\/wp\/v2\/product\/69420"}],"collection":[{"href":"https:\/\/pistonaddict.com\/hu\/wp-json\/wp\/v2\/product"}],"about":[{"href":"https:\/\/pistonaddict.com\/hu\/wp-json\/wp\/v2\/types\/product"}],"replies":[{"embeddable":true,"href":"https:\/\/pistonaddict.com\/hu\/wp-json\/wp\/v2\/comments?post=69420"}],"wp:featuredmedia":[{"embeddable":true,"href":"https:\/\/pistonaddict.com\/hu\/wp-json\/wp\/v2\/media\/67412"}],"wp:attachment":[{"href":"https:\/\/pistonaddict.com\/hu\/wp-json\/wp\/v2\/media?parent=69420"}],"wp:term":[{"taxonomy":"product_cat","embeddable":true,"href":"https:\/\/pistonaddict.com\/hu\/wp-json\/wp\/v2\/product_cat?post=69420"},{"taxonomy":"product_tag","embeddable":true,"href":"https:\/\/pistonaddict.com\/hu\/wp-json\/wp\/v2\/product_tag?post=69420"}],"curies":[{"name":"wp","href":"https:\/\/api.w.org\/{rel}","templated":true}]}}