{"id":62915,"date":"2023-10-25T19:30:40","date_gmt":"2023-10-25T17:30:40","guid":{"rendered":"https:\/\/pistonaddict.com\/product\/porsche-911-996-targa\/"},"modified":"2024-03-20T09:39:17","modified_gmt":"2024-03-20T08:39:17","slug":"porsche-911-996-targa","status":"publish","type":"product","link":"https:\/\/pistonaddict.com\/hu\/product\/porsche-911-996-targa\/","title":{"rendered":"Porsche 911 (996) Targa"},"content":{"rendered":"<p><strong>Aut\u00f3 t\u00f6rt\u00e9nete<\/strong><\/p>\n<p>Ez a p\u00e9ld\u00e1ny a 911 Targa, amelyet 2004-ben gy\u00e1rtottak. Egyed\u00fcl\u00e1ll\u00f3v\u00e1 teszi, hogy a Targa messze a legritk\u00e1bb volt a 996-os karossz\u00e9riav\u00e1ltozatai k\u00f6z\u00fcl; mind\u00f6ssze 5 125 aut\u00f3t sz\u00e1ll\u00edtottak le speci\u00e1lis nyithat\u00f3 \u00fcvegtet\u0151vel \u00e9s elt\u00e9r\u0151 C-oszlopokkal. A s\u00f6t\u00e9tk\u00e9k cs\u00e1b\u00edt\u00f3 \u00e1rnyalat\u00e1ban, vil\u00e1gos bels\u0151vel \u00e9s vil\u00e1gos sz\u00edn\u0171 bels\u0151vel f\u00e9nyezett 911 Targa-t \u00fajonnan sz\u00e1ll\u00edtott\u00e1k Spanyolorsz\u00e1gba, \u00e9s a jelenlegi tulajdonos 2023-ban szerezte meg. Egy 3,6 literes, term\u00e9szetes sz\u00edv\u00f3cs\u00f6ves, lapos hathengeres motor hajtja, amely v\u00edzh\u0171t\u00e9ses (a 996-os gener\u00e1ci\u00f3k egyik ellentmond\u00e1sa). Azonban 6 sebess\u00e9ges k\u00e9zi sebess\u00e9gv\u00e1lt\u00f3val rendelkezik, ami m\u00e9g ritk\u00e1bb\u00e1 teszi, \u00e9s k\u00f6telez\u0151 darab a k\u00fcl\u00f6nleges 911-es modellek gy\u0171jt\u0151inek. A 320 l\u00f3er\u0151s, k\u00f6nny\u0171 karossz\u00e9ri\u00e1val rendelkez\u0151 911 Targa mind\u00f6ssze 5,2 m\u00e1sodperc alatt gyorsul 100 km\/\u00f3r\u00e1ra, \u00e9s 285 km\/\u00f3ra a v\u00e9gsebess\u00e9ge. \u00c9rdekess\u00e9g, hogy a modell k\u00e9zi v\u00e1lt\u00f3val felszerelt v\u00e1ltozata l\u00e9nyegesen gyorsabb, mint az automata, ami m\u00e9g k\u00edv\u00e1natosabb\u00e1 teszi ezt az aut\u00f3t. Az a t\u00e9ny, hogy egy kabri\u00f3 minden el\u0151ny\u00e9vel, kiv\u00e1l\u00f3 kil\u00e1t\u00e1ssal \u00e9s nyitott leveg\u0151 \u00e9rz\u00e9ssel, valamint egy kup\u00e9 praktikuss\u00e1g\u00e1val \u00e9s k\u00e9nyelm\u00e9vel rendelkezik, ezt a k\u00e9k 911 Targa-t egy nagyon sokoldal\u00fa vezet\u0151i g\u00e9pp\u00e9 var\u00e1zsolja, a mindent eld\u00f6nt\u0151 sima hatos hangs\u00e1vval \u00e9s k\u00e9zi v\u00e1lt\u00f3val.<\/p>\n<p><strong>Belt\u00e9r<\/strong><\/p>\n<p>Mivel ez egy alacsony fut\u00e1steljes\u00edtm\u00e9ny\u0171 p\u00e9ld\u00e1ny, a bels\u0151 t\u00e9r makul\u00e1tlan \u00e1llapotban van, teljesen eredeti, \u00e9s k\u00edv\u00e1natos opci\u00f3kkal rendelkezik. Szavanna sz\u00fcrke sz\u00ednben f\u00e9nyezett, infotainment rendszerrel, pr\u00e9mium audi\u00f3val, 6 CD-t\u00f6lt\u0151vel (korh\u0171), b\u0151rrel \u00e9s elektronikusan szab\u00e1lyozhat\u00f3 \u00fcl\u00e9sekkel rendelkezik. A Porsche bels\u0151 ter\u00e9nek min\u0151s\u00e9ge j\u00f3l ismert az eg\u00e9sz ipar\u00e1gban, \u00e9s ez a 2004-es 911 Targa sem k\u00fcl\u00f6nb\u00f6zik ett\u0151l. A b\u0151r t\u00f6k\u00e9letes \u00e1llapotban van, a m\u0171szerfalon, az ajt\u00f3k\u00e1rty\u00e1kon \u00e9s a k\u00f6z\u00e9pkonzolon nincsenek karcol\u00e1sok. Vannak haszn\u00e1lhat\u00f3 h\u00e1ts\u00f3 \u00fcl\u00e9sek is, amelyek ide\u00e1lisak a gyermekek sz\u00e1m\u00e1ra.<\/p>\n<p><strong>Felt\u00e9tel<\/strong><\/p>\n<p>A mind\u00f6ssze 39.037 kilom\u00e9tert az \u00faj, ez a 911 Targa makul\u00e1tlan \u00e1llapotban van, \u00e9s gondosan gondozott minden felhaszn\u00e1l\u00f3ja. A j\u00e1rm\u0171vet nyilv\u00e1nval\u00f3an alig haszn\u00e1lt\u00e1k, \u00e9s j\u00f3l karbantartott\u00e1k, amint azt a nyilv\u00e1ntart\u00e1s is mutatja. A jelenlegi tulajdonos egy spanyolorsz\u00e1gi m\u00e1rkakeresked\u00e9s, a legut\u00f3bbi szervizel\u00e9s 2023 \u00e1prilis\u00e1ban t\u00f6rt\u00e9nt, a f\u00e9kek pedig n\u00e9h\u00e1ny napja, 2023 okt\u00f3ber\u00e9ben lettek fel\u00faj\u00edtva. A Porsch\u00e9k alja alum\u00edniumb\u00f3l k\u00e9sz\u00fcl, \u00edgy nem tud rozsd\u00e1sodni. Azonban, ahogy az utols\u00f3 k\u00e9peken l\u00e1that\u00f3 az alj\u00e1n, van n\u00e9mi sz\u00e1raz szennyez\u0151d\u00e9s, amelyet az elad\u00f3 megtiszt\u00edt a vev\u0151 sz\u00e1m\u00e1ra, amikor az aukci\u00f3 v\u00e9get \u00e9r. Az aut\u00f3 k\u00e9szen \u00e1ll arra, hogy b\u00e1rhov\u00e1 vezethet\u0151 legyen, \u00e9s val\u00f3sz\u00edn\u0171leg az egyik legszebb p\u00e9ld\u00e1ja a manu\u00e1lisan felszerelt 911 996 Targa-nak, amelyet valaha is es\u00e9lye lesz megtal\u00e1lni.<\/p>\n<p><strong>K\u00fcls\u0151 \u00e9s kerekek<\/strong><\/p>\n<p>A jel\u00f6letlen karossz\u00e9ria \u00e9jk\u00e9k sz\u00ednben \u00e9s sz\u00fcrke bels\u0151vel, ez a 911 Targa egy gy\u00f6ny\u00f6r\u0171 megjelen\u00e9s\u0171 g\u00e9p, karcol\u00e1sok, s\u00e9r\u00fcl\u00e9sek \u00e9s horpad\u00e1sok n\u00e9lk\u00fcl. A g\u00f6rd\u00fcl\u0151\u00e1llom\u00e1ny a gy\u00e1rilag biztos\u00edtott 18 colos kerekekb\u0151l \u00e1ll, amelyeket Bridgestone Potenza teljes\u00edtm\u00e9ny\u0171 gumiabroncsokba csomagoltak. A gumiabroncsok 2020-b\u00f3l sz\u00e1rmaznak, \u00e9s nagyon kev\u00e9s kilom\u00e9tert tettek meg. Nincsenek m\u00f3dos\u00edt\u00e1sok, \u00e9s ez a 996 Targa a lesz\u00e1ll\u00edtott \u00e1llapotban van.<\/p>\n<p><strong>Dokument\u00e1ci\u00f3<\/strong><\/p>\n<p>Ezt a j\u00e1rm\u0171vet a keresked\u0151 megfelel\u0151 dokument\u00e1ci\u00f3val \u00e9rt\u00e9kes\u00edti, \u00e9s Spanyolorsz\u00e1gban tal\u00e1lhat\u00f3. A CarFax jelent\u00e9s tiszta; nincs bizony\u00edt\u00e9k balesetekre, baleseti jav\u00edt\u00e1sokra, tulajdonosi vagy jogi probl\u00e9m\u00e1kra. Vannak nyilv\u00e1ntart\u00e1sok a rendszeres karbantart\u00e1s mellett eredeti gy\u00e1ri bros\u00far\u00e1k \u00e9s nyugt\u00e1k.<\/p>\n<p><strong>N\u00e9zze meg a hidegind\u00edt\u00e1sos vide\u00f3t err\u0151l a gy\u00f6ny\u00f6r\u0171 Porsche 911 Targa-r\u00f3l :<\/strong><\/p>\n<p><iframe title=\"Cold Start Video of the Porsche 911 996 Targa for auction sale\" width=\"1200\" height=\"675\" src=\"https:\/\/www.youtube.com\/embed\/pOCqegVAqt8?feature=oembed\" frameborder=\"0\" allow=\"accelerometer; autoplay; clipboard-write; encrypted-media; gyroscope; picture-in-picture; web-share\" allowfullscreen><\/iframe><\/p>\n","protected":false},"excerpt":{"rendered":"<p>A tiszteletre m\u00e9lt\u00f3 Porsche 911-es 996-os gener\u00e1ci\u00f3ja nagyon ellentmond\u00e1sos volt, amikor a 90-es \u00e9vek v\u00e9g\u00e9n megjelent. Az\u00f3ta azonban a 911-es legenda szerves r\u00e9szek\u00e9nt, a v\u00e1llalat sz\u00e1m\u00e1ra rendk\u00edv\u00fcl fontos modellk\u00e9nt \u00e9s a modern kor els\u0151 911-esek\u00e9nt ismerik el. Jellegzetes formaterv\u00e9vel, sz\u00e9les modellv\u00e1laszt\u00e9k\u00e1val \u00e9s specifik\u00e1ci\u00f3j\u00e1val a gy\u0171jt\u0151k elkezdt\u00e9k felfedezni a 996-os 911-es igazi gy\u00f6ngyszemeit. Ma b\u00fcszk\u00e9n mutatunk be egy ilyen modellt, egy ritka, ide\u00e1lis specifik\u00e1ci\u00f3j\u00fa v\u00e1ltozatot, amely minden 911-rajong\u00f3 figyelm\u00e9t felkelti.<\/p>\n","protected":false},"featured_media":59805,"comment_status":"open","ping_status":"closed","template":"","meta":{"inline_featured_image":false},"product_cat":[731],"product_tag":[2350,2335,964,2334],"acf":[],"yoast_head":"<!-- This site is optimized with the Yoast SEO plugin v22.5 - https:\/\/yoast.com\/wordpress\/plugins\/seo\/ -->\n<title>aukci\u00f3 - Piston Addict<\/title>\n<meta name=\"robots\" content=\"index, follow, max-snippet:-1, max-image-preview:large, max-video-preview:-1\" \/>\n<link rel=\"canonical\" href=\"https:\/\/pistonaddict.com\/hu\/product\/porsche-911-996-targa\/\" \/>\n<meta property=\"og:locale\" content=\"hu_HU\" \/>\n<meta property=\"og:type\" content=\"article\" \/>\n<meta property=\"og:title\" content=\"aukci\u00f3 - Piston Addict\" \/>\n<meta property=\"og:description\" content=\"A tiszteletre m\u00e9lt\u00f3 Porsche 911-es 996-os gener\u00e1ci\u00f3ja nagyon ellentmond\u00e1sos volt, amikor a 90-es \u00e9vek v\u00e9g\u00e9n megjelent. Az\u00f3ta azonban a 911-es legenda szerves r\u00e9szek\u00e9nt, a v\u00e1llalat sz\u00e1m\u00e1ra rendk\u00edv\u00fcl fontos modellk\u00e9nt \u00e9s a modern kor els\u0151 911-esek\u00e9nt ismerik el. Jellegzetes formaterv\u00e9vel, sz\u00e9les modellv\u00e1laszt\u00e9k\u00e1val \u00e9s specifik\u00e1ci\u00f3j\u00e1val a gy\u0171jt\u0151k elkezdt\u00e9k felfedezni a 996-os 911-es igazi gy\u00f6ngyszemeit. Ma b\u00fcszk\u00e9n mutatunk be egy ilyen modellt, egy ritka, ide\u00e1lis specifik\u00e1ci\u00f3j\u00fa v\u00e1ltozatot, amely minden 911-rajong\u00f3 figyelm\u00e9t felkelti.\" \/>\n<meta property=\"og:url\" content=\"https:\/\/pistonaddict.com\/hu\/product\/porsche-911-996-targa\/\" \/>\n<meta property=\"og:site_name\" content=\"Piston Addict\" \/>\n<meta property=\"article:modified_time\" content=\"2024-03-20T08:39:17+00:00\" \/>\n<meta property=\"og:image\" content=\"https:\/\/pistonaddict.com\/wp-content\/uploads\/2023\/10\/image00032-1-scaled.jpeg\" \/>\n\t<meta property=\"og:image:width\" content=\"2560\" \/>\n\t<meta property=\"og:image:height\" content=\"1920\" \/>\n\t<meta property=\"og:image:type\" content=\"image\/jpeg\" \/>\n<meta name=\"twitter:card\" content=\"summary_large_image\" \/>\n<meta name=\"twitter:label1\" content=\"Becs\u00fclt olvas\u00e1si id\u0151\" \/>\n\t<meta name=\"twitter:data1\" content=\"4 perc\" \/>\n<script type=\"application\/ld+json\" class=\"yoast-schema-graph\">{\"@context\":\"https:\/\/schema.org\",\"@graph\":[{\"@type\":\"WebPage\",\"@id\":\"https:\/\/pistonaddict.com\/hu\/product\/porsche-911-996-targa\/\",\"url\":\"https:\/\/pistonaddict.com\/hu\/product\/porsche-911-996-targa\/\",\"name\":\"aukci\u00f3 - Piston Addict\",\"isPartOf\":{\"@id\":\"https:\/\/pistonaddict.com\/hu\/#website\"},\"primaryImageOfPage\":{\"@id\":\"https:\/\/pistonaddict.com\/hu\/product\/porsche-911-996-targa\/#primaryimage\"},\"image\":{\"@id\":\"https:\/\/pistonaddict.com\/hu\/product\/porsche-911-996-targa\/#primaryimage\"},\"thumbnailUrl\":\"https:\/\/pistonaddict.com\/wp-content\/uploads\/2023\/10\/image00032-1-scaled.jpeg\",\"datePublished\":\"2023-10-25T17:30:40+00:00\",\"dateModified\":\"2024-03-20T08:39:17+00:00\",\"breadcrumb\":{\"@id\":\"https:\/\/pistonaddict.com\/hu\/product\/porsche-911-996-targa\/#breadcrumb\"},\"inLanguage\":\"hu\",\"potentialAction\":[{\"@type\":\"ReadAction\",\"target\":[\"https:\/\/pistonaddict.com\/hu\/product\/porsche-911-996-targa\/\"]}]},{\"@type\":\"ImageObject\",\"inLanguage\":\"hu\",\"@id\":\"https:\/\/pistonaddict.com\/hu\/product\/porsche-911-996-targa\/#primaryimage\",\"url\":\"https:\/\/pistonaddict.com\/wp-content\/uploads\/2023\/10\/image00032-1-scaled.jpeg\",\"contentUrl\":\"https:\/\/pistonaddict.com\/wp-content\/uploads\/2023\/10\/image00032-1-scaled.jpeg\",\"width\":2560,\"height\":1920},{\"@type\":\"BreadcrumbList\",\"@id\":\"https:\/\/pistonaddict.com\/hu\/product\/porsche-911-996-targa\/#breadcrumb\",\"itemListElement\":[{\"@type\":\"ListItem\",\"position\":1,\"name\":\"Kezd\u0151lap\",\"item\":\"https:\/\/pistonaddict.com\/hu\/honlap\/\"},{\"@type\":\"ListItem\",\"position\":2,\"name\":\"Auctions\",\"item\":\"https:\/\/pistonaddict.com\/auctions-listing\/\"},{\"@type\":\"ListItem\",\"position\":3,\"name\":\"Porsche 911 (996) Targa\"}]},{\"@type\":\"WebSite\",\"@id\":\"https:\/\/pistonaddict.com\/hu\/#website\",\"url\":\"https:\/\/pistonaddict.com\/hu\/\",\"name\":\"Piston Addict\",\"description\":\"Only interesting vehicles\",\"publisher\":{\"@id\":\"https:\/\/pistonaddict.com\/hu\/#organization\"},\"potentialAction\":[{\"@type\":\"SearchAction\",\"target\":{\"@type\":\"EntryPoint\",\"urlTemplate\":\"https:\/\/pistonaddict.com\/hu\/?s={search_term_string}\"},\"query-input\":\"required name=search_term_string\"}],\"inLanguage\":\"hu\"},{\"@type\":\"Organization\",\"@id\":\"https:\/\/pistonaddict.com\/hu\/#organization\",\"name\":\"Piston Addict\",\"url\":\"https:\/\/pistonaddict.com\/hu\/\",\"logo\":{\"@type\":\"ImageObject\",\"inLanguage\":\"hu\",\"@id\":\"https:\/\/pistonaddict.com\/hu\/#\/schema\/logo\/image\/\",\"url\":\"https:\/\/pistonaddict.com\/wp-content\/uploads\/2022\/07\/logo-6.png\",\"contentUrl\":\"https:\/\/pistonaddict.com\/wp-content\/uploads\/2022\/07\/logo-6.png\",\"width\":970,\"height\":200,\"caption\":\"Piston Addict\"},\"image\":{\"@id\":\"https:\/\/pistonaddict.com\/hu\/#\/schema\/logo\/image\/\"}}]}<\/script>\n<!-- \/ Yoast SEO plugin. -->","yoast_head_json":{"title":"aukci\u00f3 - Piston Addict","robots":{"index":"index","follow":"follow","max-snippet":"max-snippet:-1","max-image-preview":"max-image-preview:large","max-video-preview":"max-video-preview:-1"},"canonical":"https:\/\/pistonaddict.com\/hu\/product\/porsche-911-996-targa\/","og_locale":"hu_HU","og_type":"article","og_title":"aukci\u00f3 - Piston Addict","og_description":"A tiszteletre m\u00e9lt\u00f3 Porsche 911-es 996-os gener\u00e1ci\u00f3ja nagyon ellentmond\u00e1sos volt, amikor a 90-es \u00e9vek v\u00e9g\u00e9n megjelent. Az\u00f3ta azonban a 911-es legenda szerves r\u00e9szek\u00e9nt, a v\u00e1llalat sz\u00e1m\u00e1ra rendk\u00edv\u00fcl fontos modellk\u00e9nt \u00e9s a modern kor els\u0151 911-esek\u00e9nt ismerik el. Jellegzetes formaterv\u00e9vel, sz\u00e9les modellv\u00e1laszt\u00e9k\u00e1val \u00e9s specifik\u00e1ci\u00f3j\u00e1val a gy\u0171jt\u0151k elkezdt\u00e9k felfedezni a 996-os 911-es igazi gy\u00f6ngyszemeit. Ma b\u00fcszk\u00e9n mutatunk be egy ilyen modellt, egy ritka, ide\u00e1lis specifik\u00e1ci\u00f3j\u00fa v\u00e1ltozatot, amely minden 911-rajong\u00f3 figyelm\u00e9t felkelti.","og_url":"https:\/\/pistonaddict.com\/hu\/product\/porsche-911-996-targa\/","og_site_name":"Piston Addict","article_modified_time":"2024-03-20T08:39:17+00:00","og_image":[{"width":2560,"height":1920,"url":"https:\/\/pistonaddict.com\/wp-content\/uploads\/2023\/10\/image00032-1-scaled.jpeg","type":"image\/jpeg"}],"twitter_card":"summary_large_image","twitter_misc":{"Becs\u00fclt olvas\u00e1si id\u0151":"4 perc"},"schema":{"@context":"https:\/\/schema.org","@graph":[{"@type":"WebPage","@id":"https:\/\/pistonaddict.com\/hu\/product\/porsche-911-996-targa\/","url":"https:\/\/pistonaddict.com\/hu\/product\/porsche-911-996-targa\/","name":"aukci\u00f3 - Piston Addict","isPartOf":{"@id":"https:\/\/pistonaddict.com\/hu\/#website"},"primaryImageOfPage":{"@id":"https:\/\/pistonaddict.com\/hu\/product\/porsche-911-996-targa\/#primaryimage"},"image":{"@id":"https:\/\/pistonaddict.com\/hu\/product\/porsche-911-996-targa\/#primaryimage"},"thumbnailUrl":"https:\/\/pistonaddict.com\/wp-content\/uploads\/2023\/10\/image00032-1-scaled.jpeg","datePublished":"2023-10-25T17:30:40+00:00","dateModified":"2024-03-20T08:39:17+00:00","breadcrumb":{"@id":"https:\/\/pistonaddict.com\/hu\/product\/porsche-911-996-targa\/#breadcrumb"},"inLanguage":"hu","potentialAction":[{"@type":"ReadAction","target":["https:\/\/pistonaddict.com\/hu\/product\/porsche-911-996-targa\/"]}]},{"@type":"ImageObject","inLanguage":"hu","@id":"https:\/\/pistonaddict.com\/hu\/product\/porsche-911-996-targa\/#primaryimage","url":"https:\/\/pistonaddict.com\/wp-content\/uploads\/2023\/10\/image00032-1-scaled.jpeg","contentUrl":"https:\/\/pistonaddict.com\/wp-content\/uploads\/2023\/10\/image00032-1-scaled.jpeg","width":2560,"height":1920},{"@type":"BreadcrumbList","@id":"https:\/\/pistonaddict.com\/hu\/product\/porsche-911-996-targa\/#breadcrumb","itemListElement":[{"@type":"ListItem","position":1,"name":"Kezd\u0151lap","item":"https:\/\/pistonaddict.com\/hu\/honlap\/"},{"@type":"ListItem","position":2,"name":"Auctions","item":"https:\/\/pistonaddict.com\/auctions-listing\/"},{"@type":"ListItem","position":3,"name":"Porsche 911 (996) Targa"}]},{"@type":"WebSite","@id":"https:\/\/pistonaddict.com\/hu\/#website","url":"https:\/\/pistonaddict.com\/hu\/","name":"Piston Addict","description":"Only interesting vehicles","publisher":{"@id":"https:\/\/pistonaddict.com\/hu\/#organization"},"potentialAction":[{"@type":"SearchAction","target":{"@type":"EntryPoint","urlTemplate":"https:\/\/pistonaddict.com\/hu\/?s={search_term_string}"},"query-input":"required name=search_term_string"}],"inLanguage":"hu"},{"@type":"Organization","@id":"https:\/\/pistonaddict.com\/hu\/#organization","name":"Piston Addict","url":"https:\/\/pistonaddict.com\/hu\/","logo":{"@type":"ImageObject","inLanguage":"hu","@id":"https:\/\/pistonaddict.com\/hu\/#\/schema\/logo\/image\/","url":"https:\/\/pistonaddict.com\/wp-content\/uploads\/2022\/07\/logo-6.png","contentUrl":"https:\/\/pistonaddict.com\/wp-content\/uploads\/2022\/07\/logo-6.png","width":970,"height":200,"caption":"Piston Addict"},"image":{"@id":"https:\/\/pistonaddict.com\/hu\/#\/schema\/logo\/image\/"}}]}},"_links":{"self":[{"href":"https:\/\/pistonaddict.com\/hu\/wp-json\/wp\/v2\/product\/62915"}],"collection":[{"href":"https:\/\/pistonaddict.com\/hu\/wp-json\/wp\/v2\/product"}],"about":[{"href":"https:\/\/pistonaddict.com\/hu\/wp-json\/wp\/v2\/types\/product"}],"replies":[{"embeddable":true,"href":"https:\/\/pistonaddict.com\/hu\/wp-json\/wp\/v2\/comments?post=62915"}],"wp:featuredmedia":[{"embeddable":true,"href":"https:\/\/pistonaddict.com\/hu\/wp-json\/wp\/v2\/media\/59805"}],"wp:attachment":[{"href":"https:\/\/pistonaddict.com\/hu\/wp-json\/wp\/v2\/media?parent=62915"}],"wp:term":[{"taxonomy":"product_cat","embeddable":true,"href":"https:\/\/pistonaddict.com\/hu\/wp-json\/wp\/v2\/product_cat?post=62915"},{"taxonomy":"product_tag","embeddable":true,"href":"https:\/\/pistonaddict.com\/hu\/wp-json\/wp\/v2\/product_tag?post=62915"}],"curies":[{"name":"wp","href":"https:\/\/api.w.org\/{rel}","templated":true}]}}