{"id":55251,"date":"2023-10-13T09:36:04","date_gmt":"2023-10-13T07:36:04","guid":{"rendered":"https:\/\/pistonaddict.com\/product\/porsche-cayman-s-3-4-325-cv\/"},"modified":"2024-03-19T17:03:29","modified_gmt":"2024-03-19T16:03:29","slug":"porsche-cayman-s-3-4-325-cv","status":"publish","type":"product","link":"https:\/\/pistonaddict.com\/hu\/product\/porsche-cayman-s-3-4-325-cv\/","title":{"rendered":"Porsche Cayman S 3.4 325 CV"},"content":{"rendered":"<p><strong>Aut\u00f3 t\u00f6rt\u00e9nete<\/strong><\/p>\n<p>Ezt a feh\u00e9r 2016-os Cayman S-t eredetileg N\u00e9metorsz\u00e1gban \u00e9rt\u00e9kes\u00edtett\u00e9k, de Olaszorsz\u00e1gba ker\u00fclt, ahonnan a jelenlegi tulajdonos, egy sportaut\u00f3-keresked\u00e9s import\u00e1lta. A 2016-os az utols\u00f3 \u00e9v a 981-es gener\u00e1ci\u00f3s Cayman sz\u00e1m\u00e1ra, ami t\u00f6bb okb\u00f3l is jelent\u0151s. F\u0151leg az\u00e9rt, mert a Cayman S a Porsche 911 Carrera meg\u00fajult 3,4 literes, lapos hathengeres motorj\u00e1t kapta meg, ami a modern Porsche k\u00f6z\u00f6ss\u00e9g egyik legjelent\u0151sebb vit\u00e1j\u00e1t kezeli. \u00c9vekig keringtek olyan pletyk\u00e1k, hogy a Porsche t\u00fals\u00e1gosan f\u00e9lt a 911-es motort a Caymanba tenni, att\u00f3l tartva, hogy az m\u00e9g jobb vezet\u00e9si \u00e9lm\u00e9nyt ny\u00fajt. Ez az els\u0151 olyan Cayman, amely val\u00f3ban 911-es motorral rendelkezik. A 325 l\u00f3er\u0151vel, vill\u00e1mgyors 7 sebess\u00e9ges PDK sebess\u00e9gv\u00e1lt\u00f3val \u00e9s gy\u00e1rilag speci\u00e1lisan hangolt felf\u00fcggeszt\u00e9ssel a 2016-os Cayman S mind\u00f6ssze 4,8 m\u00e1sodperc alatt k\u00e9pes el\u00e9rni a 100 km\/\u00f3r\u00e1s (60 mph) sebess\u00e9get a 283 km\/\u00f3r\u00e1s (176 mph) v\u00e9gsebess\u00e9g el\u00e9r\u00e9s\u00e9hez vezet\u0151 \u00faton. Ez azonban nem a sz\u00e1mokr\u00f3l sz\u00f3l, m\u00e9g ha azok fantasztikusak is. A Cayman S k\u00f6z\u00e9pre szerelt motorral, k\u00f6nny\u0171 karossz\u00e9ri\u00e1val, prec\u00edz korm\u00e1nyz\u00e1ssal \u00e9s kiv\u00e1l\u00f3 f\u00e9kekkel rendelkezik, ami miatt sok 911-tulajdonost ideges\u00edt annyira. A nagy fordulatsz\u00e1m\u00fa, term\u00e9szetes sz\u00edv\u00f3motor, az agilis fut\u00f3m\u0171 \u00e9s a t\u00f6k\u00e9letes menetdinamika kombin\u00e1ci\u00f3ja m\u00e9g mindig a sportkocsi-k\u00f6z\u00f6ns\u00e9g k\u00f6r\u00e9ben a valaha k\u00e9sz\u00fclt egyik legide\u00e1lisabb vezet\u0151i aut\u00f3nak sz\u00e1m\u00edt.<\/p>\n<p><strong>Belt\u00e9r<\/strong><\/p>\n<p>Mivel ez a 2016-os Porsche Cayman S egy alacsony fut\u00e1steljes\u00edtm\u00e9ny\u0171 p\u00e9ld\u00e1ny, a bels\u0151 t\u00e9r jel\u00f6letlen \u00e9s kiv\u00e1l\u00f3 \u00e1llapotban van, ahogy az elv\u00e1rhat\u00f3. Az eredeti tulajdonos gondosan ellen\u0151rzi azt n\u00e9h\u00e1ny k\u00edv\u00e1natos opci\u00f3val, amelyet a k\u00f6vetkez\u0151 tulajdonos \u00e9rt\u00e9kelni fog. Az elektronikusan \u00e1ll\u00edthat\u00f3 sport\u00fcl\u00e9sek, a be\u00e9p\u00edtett digit\u00e1lis kijelz\u0151vel ell\u00e1tott infotainment rendszer \u00e9s a multifunkci\u00f3s korm\u00e1nyker\u00e9k a vezet\u00e9si \u00e9lm\u00e9nyt a k\u00f6vetkez\u0151 szintre emeli. L\u00e1that\u00f3 a Porsche jellegzetes belt\u00e9ri min\u0151s\u00e9ge, valamint a figyelemre m\u00e9lt\u00f3 illeszked\u00e9s \u00e9s kivitelez\u00e9s.<\/p>\n<p><strong>Felt\u00e9tel<\/strong><\/p>\n<p>Ez a makul\u00e1tlan Porsche Cayman S alig t\u00f6bb mint 33 000 kilom\u00e9tert tett meg az elm\u00falt h\u00e9t \u00e9vben. Ilyen alacsony fut\u00e1steljes\u00edtm\u00e9ny, n\u00e9h\u00e1ny gondos tulajdonos \u00e9s megfelel\u0151 karbantart\u00e1si nyilv\u00e1ntart\u00e1s garant\u00e1lja, hogy az aut\u00f3 v\u00e9gig t\u00f6k\u00e9letes \u00e1llapotban van. Az elad\u00f3 egy nagyon j\u00f3 h\u00edr\u0171 olaszorsz\u00e1gi sportaut\u00f3-keresked\u0151, \u00e9s annyira biztosak ennek a Cayman S-nek az \u00e1ltal\u00e1nos \u00e1llapot\u00e1ban, hogy az <strong>aut\u00f3hoz 12 h\u00f3nap garancia j\u00e1r<\/strong>, ami nagyon fontos, \u00e9s elv\u00e1lasztja ezt a j\u00e1rm\u0171vet a hasonl\u00f3, elad\u00f3 j\u00e1rm\u0171vekt\u0151l. Vannak karbantart\u00e1si feljegyz\u00e9sek \u00e9s 2021-ben elv\u00e9gzett jelent\u0151s szervizek.<\/p>\n<p><strong>K\u00fcls\u0151 \u00e9s kerekek<\/strong><\/p>\n<p>Az eleg\u00e1ns feh\u00e9r k\u00fcls\u0151n nincsenek karcol\u00e1sok vagy horpad\u00e1sok, \u00e9s ez az aut\u00f3 \u00e9rdekes grafikai r\u00e9szletekkel rendelkezik a leng\u0151karokon, amelyek gy\u00e1ri eredetiek, \u00e9s azt mutatj\u00e1k, hogy ez a Cayman nem egy alap-spec modell. A sportaut\u00f3s megjelen\u00e9st 20 colos kerekek teszik teljess\u00e9, amelyek ugyanazok, amelyeket a korabeli 911-eseken is haszn\u00e1lnak, \u00e9s amelyeket szinte \u00faj Michelin Pilot Sport 4S abroncsokba csomagoltak, amelyek a rajong\u00f3 vezet\u0151k v\u00e1laszt\u00e1saik\u00e9nt ismertek. Nincsenek m\u00f3dos\u00edt\u00e1sok, \u00e9s ez a Cayman ide\u00e1lis eredeti \u00e1llapotban van.<\/p>\n<p><strong>Dokument\u00e1ci\u00f3<\/strong><\/p>\n<p>Ezt a j\u00e1rm\u0171vet a keresked\u0151 megfelel\u0151 dokument\u00e1ci\u00f3val \u00e9rt\u00e9kes\u00edti, \u00e9s Olaszorsz\u00e1gban tal\u00e1lhat\u00f3. A <a href=\"https:\/\/pistonaddict.com\/wp-content\/uploads\/2023\/10\/CARFAX-Vehicle-History-Report-PORSCHE-WP0ZZZ98ZGK181513.pdf\" target=\"_blank\" rel=\"noopener\">CarFax<\/a> jelent\u00e9s tiszta; nincs bizony\u00edt\u00e9k balesetekre, baleseti jav\u00edt\u00e1sokra, tulajdonosi vagy jogi probl\u00e9m\u00e1kra. Az elad\u00f3 azonban t\u00e1j\u00e9koztatott minket, hogy egy baleset t\u00f6rt\u00e9nt 2017-ben egy motorker\u00e9kp\u00e1rral, az \u00e9rintett elemet, az els\u0151 motorh\u00e1ztet\u0151t term\u00e9szetesen jav\u00edtott\u00e1k. Vannak nyilv\u00e1ntart\u00e1sok a rendszeres karbantart\u00e1s mellett eredeti gy\u00e1ri bros\u00far\u00e1k \u00e9s nyugt\u00e1k. A keresked\u0151 12 h\u00f3napos garanci\u00e1j\u00e1t az elad\u00e1s tartalmazza.  <strong>S\u0151t, ha \u00d6n Eur\u00f3p\u00e1ban \u00e9l, az elad\u00f3 k\u00e9pes gondoskodni a sz\u00e1ll\u00edt\u00e1sr\u00f3l, \u00e9s a j\u00e1rm\u0171vet az \u00d6n otthon\u00e1ba sz\u00e1ll\u00edtani.<\/strong><\/p>\n<p><strong> <\/strong><\/p>\n<p>N\u00e9zze meg a felfedez\u0151 vide\u00f3t err\u0151l a gy\u00f6ny\u00f6r\u0171 Porsche Cayman S-r\u0151l :<\/p>\n<p><iframe title=\"Video of the Porsche Cayman S for auction sale\" width=\"1200\" height=\"675\" src=\"https:\/\/www.youtube.com\/embed\/-29PE_JnFJM?feature=oembed\" frameborder=\"0\" allow=\"accelerometer; autoplay; clipboard-write; encrypted-media; gyroscope; picture-in-picture; web-share\" allowfullscreen><\/iframe><\/p>\n","protected":false},"excerpt":{"rendered":"<p>Mint egy olyan v\u00e1llalat, amely mindig is a sportaut\u00f3 t\u00f6k\u00e9letess\u00e9gre t\u00f6rekedett, a Porsche a lehet\u0151 legjobb m\u00f3don reag\u00e1lt a kritik\u00e1kra &#8211; a dedik\u00e1lt vezet\u0151i modell bemutat\u00e1s\u00e1val, amelyet mindenki szeret \u00e9s dics\u00e9r. Amikor az els\u0151 gener\u00e1ci\u00f3s Cayman bemutatkozott, a rajong\u00f3k mindenre v\u00e1gytak: a Porsche 911-es \u00e9rz\u00e9s 90%-\u00e1t ny\u00fajtotta, az \u00e1r 60%-\u00e1\u00e9rt. A Cayman k\u00f6nnyebb, prec\u00edzebb \u00e9s mag\u00e1val ragad\u00f3bb aut\u00f3 volt, m\u00edg az S v\u00e1ltozat egy t\u00f6k\u00e9letesen kiegyens\u00falyozott sportkocsi. Itt van egy k\u00fcl\u00f6n\u00f6sen \u00e9rdekes, ide\u00e1lis \u00e1llapotban l\u00e9v\u0151 p\u00e9ld\u00e1ny. <strong>Az aukci\u00f3 el\u00e9r\u00e9s\u00e9hez <a href=\"https:\/\/pistonaddict.com\/hu\/fiokom\/\">l\u00e9tre<\/a> kell <a href=\"https:\/\/pistonaddict.com\/hu\/fiokom\/\">hoznia fi\u00f3kj\u00e1t<\/a>.<\/strong><\/p>\n","protected":false},"featured_media":55124,"comment_status":"open","ping_status":"closed","template":"","meta":{"inline_featured_image":false},"product_cat":[731],"product_tag":[2208,2207,930,2206],"acf":[],"yoast_head":"<!-- This site is optimized with the Yoast SEO plugin v22.5 - https:\/\/yoast.com\/wordpress\/plugins\/seo\/ -->\n<title>aukci\u00f3 - Piston Addict<\/title>\n<meta name=\"robots\" content=\"index, follow, max-snippet:-1, max-image-preview:large, max-video-preview:-1\" \/>\n<link rel=\"canonical\" href=\"https:\/\/pistonaddict.com\/hu\/product\/porsche-cayman-s-3-4-325-cv\/\" \/>\n<meta property=\"og:locale\" content=\"hu_HU\" \/>\n<meta property=\"og:type\" content=\"article\" \/>\n<meta property=\"og:title\" content=\"aukci\u00f3 - Piston Addict\" \/>\n<meta property=\"og:description\" content=\"Mint egy olyan v\u00e1llalat, amely mindig is a sportaut\u00f3 t\u00f6k\u00e9letess\u00e9gre t\u00f6rekedett, a Porsche a lehet\u0151 legjobb m\u00f3don reag\u00e1lt a kritik\u00e1kra - a dedik\u00e1lt vezet\u0151i modell bemutat\u00e1s\u00e1val, amelyet mindenki szeret \u00e9s dics\u00e9r. Amikor az els\u0151 gener\u00e1ci\u00f3s Cayman bemutatkozott, a rajong\u00f3k mindenre v\u00e1gytak: a Porsche 911-es \u00e9rz\u00e9s 90%-\u00e1t ny\u00fajtotta, az \u00e1r 60%-\u00e1\u00e9rt. A Cayman k\u00f6nnyebb, prec\u00edzebb \u00e9s mag\u00e1val ragad\u00f3bb aut\u00f3 volt, m\u00edg az S v\u00e1ltozat egy t\u00f6k\u00e9letesen kiegyens\u00falyozott sportkocsi. Itt van egy k\u00fcl\u00f6n\u00f6sen \u00e9rdekes, ide\u00e1lis \u00e1llapotban l\u00e9v\u0151 p\u00e9ld\u00e1ny. Az aukci\u00f3 el\u00e9r\u00e9s\u00e9hez l\u00e9tre kell hoznia fi\u00f3kj\u00e1t.\" \/>\n<meta property=\"og:url\" content=\"https:\/\/pistonaddict.com\/hu\/product\/porsche-cayman-s-3-4-325-cv\/\" \/>\n<meta property=\"og:site_name\" content=\"Piston Addict\" \/>\n<meta property=\"article:modified_time\" content=\"2024-03-19T16:03:29+00:00\" \/>\n<meta property=\"og:image\" content=\"https:\/\/pistonaddict.com\/wp-content\/uploads\/2023\/10\/CAYMAN-1.png\" \/>\n\t<meta property=\"og:image:width\" content=\"1887\" \/>\n\t<meta property=\"og:image:height\" content=\"781\" \/>\n\t<meta property=\"og:image:type\" content=\"image\/png\" \/>\n<meta name=\"twitter:card\" content=\"summary_large_image\" \/>\n<meta name=\"twitter:label1\" content=\"Becs\u00fclt olvas\u00e1si id\u0151\" \/>\n\t<meta name=\"twitter:data1\" content=\"4 perc\" \/>\n<script type=\"application\/ld+json\" class=\"yoast-schema-graph\">{\"@context\":\"https:\/\/schema.org\",\"@graph\":[{\"@type\":\"WebPage\",\"@id\":\"https:\/\/pistonaddict.com\/hu\/product\/porsche-cayman-s-3-4-325-cv\/\",\"url\":\"https:\/\/pistonaddict.com\/hu\/product\/porsche-cayman-s-3-4-325-cv\/\",\"name\":\"aukci\u00f3 - Piston Addict\",\"isPartOf\":{\"@id\":\"https:\/\/pistonaddict.com\/hu\/#website\"},\"primaryImageOfPage\":{\"@id\":\"https:\/\/pistonaddict.com\/hu\/product\/porsche-cayman-s-3-4-325-cv\/#primaryimage\"},\"image\":{\"@id\":\"https:\/\/pistonaddict.com\/hu\/product\/porsche-cayman-s-3-4-325-cv\/#primaryimage\"},\"thumbnailUrl\":\"https:\/\/pistonaddict.com\/wp-content\/uploads\/2023\/10\/CAYMAN-1.png\",\"datePublished\":\"2023-10-13T07:36:04+00:00\",\"dateModified\":\"2024-03-19T16:03:29+00:00\",\"breadcrumb\":{\"@id\":\"https:\/\/pistonaddict.com\/hu\/product\/porsche-cayman-s-3-4-325-cv\/#breadcrumb\"},\"inLanguage\":\"hu\",\"potentialAction\":[{\"@type\":\"ReadAction\",\"target\":[\"https:\/\/pistonaddict.com\/hu\/product\/porsche-cayman-s-3-4-325-cv\/\"]}]},{\"@type\":\"ImageObject\",\"inLanguage\":\"hu\",\"@id\":\"https:\/\/pistonaddict.com\/hu\/product\/porsche-cayman-s-3-4-325-cv\/#primaryimage\",\"url\":\"https:\/\/pistonaddict.com\/wp-content\/uploads\/2023\/10\/CAYMAN-1.png\",\"contentUrl\":\"https:\/\/pistonaddict.com\/wp-content\/uploads\/2023\/10\/CAYMAN-1.png\",\"width\":1887,\"height\":781},{\"@type\":\"BreadcrumbList\",\"@id\":\"https:\/\/pistonaddict.com\/hu\/product\/porsche-cayman-s-3-4-325-cv\/#breadcrumb\",\"itemListElement\":[{\"@type\":\"ListItem\",\"position\":1,\"name\":\"Kezd\u0151lap\",\"item\":\"https:\/\/pistonaddict.com\/hu\/honlap\/\"},{\"@type\":\"ListItem\",\"position\":2,\"name\":\"Auctions\",\"item\":\"https:\/\/pistonaddict.com\/auctions-listing\/\"},{\"@type\":\"ListItem\",\"position\":3,\"name\":\"Porsche Cayman S 3.4 325 CV\"}]},{\"@type\":\"WebSite\",\"@id\":\"https:\/\/pistonaddict.com\/hu\/#website\",\"url\":\"https:\/\/pistonaddict.com\/hu\/\",\"name\":\"Piston Addict\",\"description\":\"Only interesting vehicles\",\"publisher\":{\"@id\":\"https:\/\/pistonaddict.com\/hu\/#organization\"},\"potentialAction\":[{\"@type\":\"SearchAction\",\"target\":{\"@type\":\"EntryPoint\",\"urlTemplate\":\"https:\/\/pistonaddict.com\/hu\/?s={search_term_string}\"},\"query-input\":\"required name=search_term_string\"}],\"inLanguage\":\"hu\"},{\"@type\":\"Organization\",\"@id\":\"https:\/\/pistonaddict.com\/hu\/#organization\",\"name\":\"Piston Addict\",\"url\":\"https:\/\/pistonaddict.com\/hu\/\",\"logo\":{\"@type\":\"ImageObject\",\"inLanguage\":\"hu\",\"@id\":\"https:\/\/pistonaddict.com\/hu\/#\/schema\/logo\/image\/\",\"url\":\"https:\/\/pistonaddict.com\/wp-content\/uploads\/2022\/07\/logo-6.png\",\"contentUrl\":\"https:\/\/pistonaddict.com\/wp-content\/uploads\/2022\/07\/logo-6.png\",\"width\":970,\"height\":200,\"caption\":\"Piston Addict\"},\"image\":{\"@id\":\"https:\/\/pistonaddict.com\/hu\/#\/schema\/logo\/image\/\"}}]}<\/script>\n<!-- \/ Yoast SEO plugin. -->","yoast_head_json":{"title":"aukci\u00f3 - Piston Addict","robots":{"index":"index","follow":"follow","max-snippet":"max-snippet:-1","max-image-preview":"max-image-preview:large","max-video-preview":"max-video-preview:-1"},"canonical":"https:\/\/pistonaddict.com\/hu\/product\/porsche-cayman-s-3-4-325-cv\/","og_locale":"hu_HU","og_type":"article","og_title":"aukci\u00f3 - Piston Addict","og_description":"Mint egy olyan v\u00e1llalat, amely mindig is a sportaut\u00f3 t\u00f6k\u00e9letess\u00e9gre t\u00f6rekedett, a Porsche a lehet\u0151 legjobb m\u00f3don reag\u00e1lt a kritik\u00e1kra - a dedik\u00e1lt vezet\u0151i modell bemutat\u00e1s\u00e1val, amelyet mindenki szeret \u00e9s dics\u00e9r. Amikor az els\u0151 gener\u00e1ci\u00f3s Cayman bemutatkozott, a rajong\u00f3k mindenre v\u00e1gytak: a Porsche 911-es \u00e9rz\u00e9s 90%-\u00e1t ny\u00fajtotta, az \u00e1r 60%-\u00e1\u00e9rt. A Cayman k\u00f6nnyebb, prec\u00edzebb \u00e9s mag\u00e1val ragad\u00f3bb aut\u00f3 volt, m\u00edg az S v\u00e1ltozat egy t\u00f6k\u00e9letesen kiegyens\u00falyozott sportkocsi. Itt van egy k\u00fcl\u00f6n\u00f6sen \u00e9rdekes, ide\u00e1lis \u00e1llapotban l\u00e9v\u0151 p\u00e9ld\u00e1ny. Az aukci\u00f3 el\u00e9r\u00e9s\u00e9hez l\u00e9tre kell hoznia fi\u00f3kj\u00e1t.","og_url":"https:\/\/pistonaddict.com\/hu\/product\/porsche-cayman-s-3-4-325-cv\/","og_site_name":"Piston Addict","article_modified_time":"2024-03-19T16:03:29+00:00","og_image":[{"width":1887,"height":781,"url":"https:\/\/pistonaddict.com\/wp-content\/uploads\/2023\/10\/CAYMAN-1.png","type":"image\/png"}],"twitter_card":"summary_large_image","twitter_misc":{"Becs\u00fclt olvas\u00e1si id\u0151":"4 perc"},"schema":{"@context":"https:\/\/schema.org","@graph":[{"@type":"WebPage","@id":"https:\/\/pistonaddict.com\/hu\/product\/porsche-cayman-s-3-4-325-cv\/","url":"https:\/\/pistonaddict.com\/hu\/product\/porsche-cayman-s-3-4-325-cv\/","name":"aukci\u00f3 - Piston Addict","isPartOf":{"@id":"https:\/\/pistonaddict.com\/hu\/#website"},"primaryImageOfPage":{"@id":"https:\/\/pistonaddict.com\/hu\/product\/porsche-cayman-s-3-4-325-cv\/#primaryimage"},"image":{"@id":"https:\/\/pistonaddict.com\/hu\/product\/porsche-cayman-s-3-4-325-cv\/#primaryimage"},"thumbnailUrl":"https:\/\/pistonaddict.com\/wp-content\/uploads\/2023\/10\/CAYMAN-1.png","datePublished":"2023-10-13T07:36:04+00:00","dateModified":"2024-03-19T16:03:29+00:00","breadcrumb":{"@id":"https:\/\/pistonaddict.com\/hu\/product\/porsche-cayman-s-3-4-325-cv\/#breadcrumb"},"inLanguage":"hu","potentialAction":[{"@type":"ReadAction","target":["https:\/\/pistonaddict.com\/hu\/product\/porsche-cayman-s-3-4-325-cv\/"]}]},{"@type":"ImageObject","inLanguage":"hu","@id":"https:\/\/pistonaddict.com\/hu\/product\/porsche-cayman-s-3-4-325-cv\/#primaryimage","url":"https:\/\/pistonaddict.com\/wp-content\/uploads\/2023\/10\/CAYMAN-1.png","contentUrl":"https:\/\/pistonaddict.com\/wp-content\/uploads\/2023\/10\/CAYMAN-1.png","width":1887,"height":781},{"@type":"BreadcrumbList","@id":"https:\/\/pistonaddict.com\/hu\/product\/porsche-cayman-s-3-4-325-cv\/#breadcrumb","itemListElement":[{"@type":"ListItem","position":1,"name":"Kezd\u0151lap","item":"https:\/\/pistonaddict.com\/hu\/honlap\/"},{"@type":"ListItem","position":2,"name":"Auctions","item":"https:\/\/pistonaddict.com\/auctions-listing\/"},{"@type":"ListItem","position":3,"name":"Porsche Cayman S 3.4 325 CV"}]},{"@type":"WebSite","@id":"https:\/\/pistonaddict.com\/hu\/#website","url":"https:\/\/pistonaddict.com\/hu\/","name":"Piston Addict","description":"Only interesting vehicles","publisher":{"@id":"https:\/\/pistonaddict.com\/hu\/#organization"},"potentialAction":[{"@type":"SearchAction","target":{"@type":"EntryPoint","urlTemplate":"https:\/\/pistonaddict.com\/hu\/?s={search_term_string}"},"query-input":"required name=search_term_string"}],"inLanguage":"hu"},{"@type":"Organization","@id":"https:\/\/pistonaddict.com\/hu\/#organization","name":"Piston Addict","url":"https:\/\/pistonaddict.com\/hu\/","logo":{"@type":"ImageObject","inLanguage":"hu","@id":"https:\/\/pistonaddict.com\/hu\/#\/schema\/logo\/image\/","url":"https:\/\/pistonaddict.com\/wp-content\/uploads\/2022\/07\/logo-6.png","contentUrl":"https:\/\/pistonaddict.com\/wp-content\/uploads\/2022\/07\/logo-6.png","width":970,"height":200,"caption":"Piston Addict"},"image":{"@id":"https:\/\/pistonaddict.com\/hu\/#\/schema\/logo\/image\/"}}]}},"_links":{"self":[{"href":"https:\/\/pistonaddict.com\/hu\/wp-json\/wp\/v2\/product\/55251"}],"collection":[{"href":"https:\/\/pistonaddict.com\/hu\/wp-json\/wp\/v2\/product"}],"about":[{"href":"https:\/\/pistonaddict.com\/hu\/wp-json\/wp\/v2\/types\/product"}],"replies":[{"embeddable":true,"href":"https:\/\/pistonaddict.com\/hu\/wp-json\/wp\/v2\/comments?post=55251"}],"wp:featuredmedia":[{"embeddable":true,"href":"https:\/\/pistonaddict.com\/hu\/wp-json\/wp\/v2\/media\/55124"}],"wp:attachment":[{"href":"https:\/\/pistonaddict.com\/hu\/wp-json\/wp\/v2\/media?parent=55251"}],"wp:term":[{"taxonomy":"product_cat","embeddable":true,"href":"https:\/\/pistonaddict.com\/hu\/wp-json\/wp\/v2\/product_cat?post=55251"},{"taxonomy":"product_tag","embeddable":true,"href":"https:\/\/pistonaddict.com\/hu\/wp-json\/wp\/v2\/product_tag?post=55251"}],"curies":[{"name":"wp","href":"https:\/\/api.w.org\/{rel}","templated":true}]}}