{"id":53497,"date":"2023-10-06T11:28:15","date_gmt":"2023-10-06T09:28:15","guid":{"rendered":"https:\/\/pistonaddict.com\/product\/porsche-911-carrera-2-cabrio-997\/"},"modified":"2023-12-20T09:49:50","modified_gmt":"2023-12-20T08:49:50","slug":"porsche-911-carrera-2-cabrio-997","status":"publish","type":"product","link":"https:\/\/pistonaddict.com\/hu\/product\/porsche-911-carrera-2-cabrio-997\/","title":{"rendered":"Porsche 911 Carrera 2 Cabrio (997)"},"content":{"rendered":"<p><strong>Aut\u00f3 t\u00f6rt\u00e9nete<\/strong><\/p>\n<p>Ez a &#8220;Guards Red&#8221; Porsche 911 Carrera 2 Cabrio 2006 december\u00e9ben k\u00e9sz\u00fclt, \u00e9s \u00fajonnan adt\u00e1k el Spanyolorsz\u00e1gban, ahol eg\u00e9sz \u00e9let\u00e9t t\u00f6lt\u00f6tte. A jelenlegi tulajdonos 2021-ben szerezte meg. Ez a kabri\u00f3 a 997-es gener\u00e1ci\u00f3 Carrera 2 modellj\u00e9nek kiv\u00e1l\u00f3 p\u00e9ld\u00e1ja, amely a k\u00f6nny\u0171szerkezetes fel\u00e9p\u00edt\u00e9s\u00e9r\u0151l, a nagy fordulatsz\u00e1m\u00fa motorokr\u00f3l \u00e9s a kompromisszumok n\u00e9lk\u00fcli vezet\u00e9si \u00e9lm\u00e9nyr\u0151l ismert. A Porsche-purist\u00e1k gyakran kritiz\u00e1lt\u00e1k a k\u00e9s\u0151bbi 911-es modelleket, hogy t\u00fal nagyok \u00e9s nehezek, de abban mindenki egyet\u00e9rtett, hogy a 997-es volt a klasszikus modellsorozat utols\u00f3 darabja. F\u00fcrge fut\u00f3m\u0171vet, term\u00e9szetes sz\u00edv\u00f3motorokat, jellegzetes hangz\u00e1st \u00e9s egyedi kezelhet\u0151s\u00e9get k\u00edn\u00e1l, k\u00fcl\u00f6n\u00f6sen RWD kivitelben, mint ez is. Ezt a p\u00e9ld\u00e1nyt <strong>egy 3,6 literes<\/strong>, <strong>lapos hathengeres motor<\/strong> <strong>hajtja<\/strong>, <strong>amely 325 l\u00f3er\u0151s<\/strong>, \u00e9s t\u00f6bb mint tiszteletrem\u00e9lt\u00f3 teljes\u00edtm\u00e9nyt ny\u00fajt. A 0-100 km\/h sprint mind\u00f6ssze 4,8 m\u00e1sodperc alatt lehets\u00e9ges, a v\u00e9gsebess\u00e9g pedig meghaladja a 280 km\/h-t (177 mph). A l\u00e9nyeg azonban a 6 sebess\u00e9ges k\u00e9zi v\u00e1lt\u00f3, amely ezt a piros kabri\u00f3t egyb\u0151l egy \u00fajabb 911-esb\u0151l ritka gy\u0171jt\u0151i darabb\u00e1 var\u00e1zsolja. A k\u00e9zi v\u00e1lt\u00f3 egy nagyon k\u00edv\u00e1natos opci\u00f3, amely nem csak seg\u00edt az aut\u00f3ban rejl\u0151 teljes teljes\u00edtm\u00e9nypotenci\u00e1l el\u00e9r\u00e9s\u00e9ben, de minden vezet\u00e9st felejthetetlen \u00e9lm\u00e9nny\u00e9 tesz.<\/p>\n<p><strong>Belt\u00e9r<\/strong><\/p>\n<p>A &#8220;Natural Brown&#8221; bels\u0151 t\u00e9r felt\u0171n\u0151 m\u00f3don p\u00e1rosul a piros k\u00fcls\u0151vel, \u00e9s m\u00e9g ink\u00e1bb kiemeli ezt a p\u00e9ld\u00e1nyt a t\u00f6bbi 911-es modell k\u00f6z\u00fcl. A bels\u0151 t\u00e9r makul\u00e1tlan \u00e1llapotban van, a b\u0151r\u00fcl\u00e9seken nincsenek karcol\u00e1sok. Emellett j\u00f3l felszerelt, opcion\u00e1lis sport\u00fcl\u00e9sekkel, Bose audiorendszerrel \u00e9s hozz\u00e1 ill\u0151 korm\u00e1nyker\u00e9kkel. Az egyetlen nem eredeti elem az \u00e9rint\u0151k\u00e9perny\u0151s Kenwood fejegys\u00e9g, de az \u00edzl\u00e9ses friss\u00edt\u00e9s t\u00f6k\u00e9letesen illeszkedik a m\u0171szerfal diz\u00e1jnj\u00e1hoz. Annak ellen\u00e9re, hogy ez a kabri\u00f3 a naps\u00fct\u00f6tte Spanyolorsz\u00e1gban h\u00e9tv\u00e9gi cirk\u00e1l\u00f3k\u00e9nt k\u00f6zlekedett, a gy\u00f6ny\u00f6r\u0171 barna b\u0151rbels\u0151n nincs jele napk\u00e1rosod\u00e1snak.<\/p>\n<p><strong>Felt\u00e9tel<\/strong><\/p>\n<p>A mind\u00f6ssze 43.000 kilom\u00e9tert az \u00faj, az aut\u00f3 \u00e1ltal\u00e1nos \u00e1llapota makul\u00e1tlan, nincs baleset vagy s\u00e9r\u00fcl\u00e9sek a j\u00e1rm\u0171. Az utols\u00f3 motorszervizre 2022-ben ker\u00fclt sor, a f\u00e9keket pedig 2023 okt\u00f3ber\u00e9ben jav\u00edtott\u00e1k fel. Az aut\u00f3t alaposan megtiszt\u00edtott\u00e1k, \u00e9s olajvizsg\u00e1latot v\u00e9geztek, amely kimutatta, hogy a motor \u00e9s a hajt\u00e1sl\u00e1nc ide\u00e1lis \u00e1llapotban van. A 911-esek mindig is h\u00edresek voltak a min\u0151s\u00e9g\u00fckr\u0151l, \u00e9s ha megfelel\u0151en karbantartj\u00e1k \u00e9s gondosan \u0151rzik \u0151ket, mint ez az egy, akkor egy \u00e9leten \u00e1t tarthatnak.<\/p>\n<p><strong>K\u00fcls\u0151 \u00e9s kerekek  <\/strong><\/p>\n<p>A piros karossz\u00e9ria t\u00f6k\u00e9letes \u00e1llapotban van, karcol\u00e1sok \u00e9s horpad\u00e1sok n\u00e9lk\u00fcl, \u00e9s a kabri\u00f3tet\u0151 sem s\u00e9r\u00fclt. A sz\u00ednkombin\u00e1ci\u00f3 kiv\u00e1l\u00f3, \u00e9s kiemeli ezt a p\u00e9ld\u00e1nyt a t\u00f6megb\u0151l. Ez a 911 Carrera 2 a Porsche jellegzetes &#8220;Lobster Claw&#8221; 19 colos ker\u00e9kt\u00e1rcs\u00e1it viseli, amelyek vadonat\u00faj Michelin Pilot Sport gumiabroncsokkal vannak felszerelve.<\/p>\n<p><strong>Dokument\u00e1ci\u00f3:<\/strong><\/p>\n<p>Ezt a j\u00e1rm\u0171vet a Spanyolorsz\u00e1gban tal\u00e1lhat\u00f3, megfelel\u0151 dokument\u00e1ci\u00f3val rendelkez\u0151 keresked\u0151 \u00e9rt\u00e9kes\u00edti. A CarFax jelent\u00e9s tiszta; nincs bizony\u00edt\u00e9k balesetekre, baleseti jav\u00edt\u00e1sokra, tulajdonosi vagy jogi probl\u00e9m\u00e1kra. Vannak nyilv\u00e1ntart\u00e1sok a rendszeres karbantart\u00e1s mellett eredeti gy\u00e1ri bros\u00far\u00e1k \u00e9s nyugt\u00e1k. A spanyol m\u0171szaki vizsga (ITV) is szerepel a dokument\u00e1ci\u00f3ban, \u00e9s az aut\u00f3 jelesre vizsg\u00e1zott. Ellen\u0151rizze a <a href=\"https:\/\/pistonaddict.com\/wp-content\/uploads\/2023\/10\/CARFAX-Vehicle-History-Report-PORSCHE-911.pdf\">CarFax dokumentumot<\/a> a gy\u00f6ny\u00f6r\u0171 kabri\u00f3 Porsche 911 Carrera.<\/p>\n<p><strong>A pr\u00e9mium kateg\u00f3ri\u00e1s j\u00e1rm\u0171 \u00e1rver\u00e9s\u00e9hez hitelk\u00e1rtya lenyomata\/visszatart\u00e1sa (automatikusan felszabadul) sz\u00fcks\u00e9ges.<\/strong><\/p>\n<p>N\u00e9zze meg a Hidegind\u00edt\u00e1s vide\u00f3t err\u0151l a gy\u00f6ny\u00f6r\u0171 Porsche 911 Carrera kabri\u00f3r\u00f3l :<\/p>\n<p><iframe title=\"Cold Start Video of the Porsche 911 Carrera Cabrio 325 CV\" width=\"1200\" height=\"675\" src=\"https:\/\/www.youtube.com\/embed\/FNuC3o32Erw?feature=oembed\" frameborder=\"0\" allow=\"accelerometer; autoplay; clipboard-write; encrypted-media; gyroscope; picture-in-picture; web-share\" allowfullscreen><\/iframe><\/p>\n","protected":false},"excerpt":{"rendered":"<p>A Porsche 911 k\u00fcl\u00f6nleges helyet foglal el a sportaut\u00f3k vil\u00e1g\u00e1ban. M\u00e1r nem csak j\u00e1rm\u0171nek tekintik, mivel t\u00fall\u00e9pett az aut\u00f3ipar hat\u00e1rain, \u00e9s kultur\u00e1lis szimb\u00f3lumm\u00e1 \u00e9s vil\u00e1gszerte elismert form\u00e1v\u00e1 v\u00e1lt. A 911 gener\u00e1ci\u00f3kon kereszt\u00fcl a kis sportkup\u00e9b\u00f3l a mai luxus GT-aut\u00f3v\u00e1 fejl\u0151d\u00f6tt. Tegy\u00fck fel azonban, hogy a 911-es \u00e9rz\u00e9sre, a sz\u00edv\u00f3 boxermotor morajl\u00e1s\u00e1ra \u00e9s a tiszta vezet\u00e9si \u00e9lm\u00e9nyre v\u00e1gyik. Ebben az esetben a 997-es gener\u00e1ci\u00f3 az utols\u00f3, amely mindezen k\u00edv\u00e1natos klasszikus er\u00e9nyeket modern csomagol\u00e1sban k\u00edn\u00e1lja. N\u00e9gy ker\u00e9ken, kabri\u00f3 form\u00e1j\u00e1ban \u00e9s k\u00e9zi v\u00e1lt\u00f3val t\u00f6k\u00e9letes.<\/p>\n","protected":false},"featured_media":53271,"comment_status":"open","ping_status":"closed","template":"","meta":{"inline_featured_image":false},"product_cat":[731],"product_tag":[2127,866,2126,2125,964,865],"acf":[],"yoast_head":"<!-- This site is optimized with the Yoast SEO plugin v22.5 - https:\/\/yoast.com\/wordpress\/plugins\/seo\/ -->\n<title>aukci\u00f3 - Piston Addict<\/title>\n<meta name=\"robots\" content=\"index, follow, max-snippet:-1, max-image-preview:large, max-video-preview:-1\" \/>\n<link rel=\"canonical\" href=\"https:\/\/pistonaddict.com\/hu\/product\/porsche-911-carrera-2-cabrio-997\/\" \/>\n<meta property=\"og:locale\" content=\"hu_HU\" \/>\n<meta property=\"og:type\" content=\"article\" \/>\n<meta property=\"og:title\" content=\"aukci\u00f3 - Piston Addict\" \/>\n<meta property=\"og:description\" content=\"A Porsche 911 k\u00fcl\u00f6nleges helyet foglal el a sportaut\u00f3k vil\u00e1g\u00e1ban. M\u00e1r nem csak j\u00e1rm\u0171nek tekintik, mivel t\u00fall\u00e9pett az aut\u00f3ipar hat\u00e1rain, \u00e9s kultur\u00e1lis szimb\u00f3lumm\u00e1 \u00e9s vil\u00e1gszerte elismert form\u00e1v\u00e1 v\u00e1lt. A 911 gener\u00e1ci\u00f3kon kereszt\u00fcl a kis sportkup\u00e9b\u00f3l a mai luxus GT-aut\u00f3v\u00e1 fejl\u0151d\u00f6tt. Tegy\u00fck fel azonban, hogy a 911-es \u00e9rz\u00e9sre, a sz\u00edv\u00f3 boxermotor morajl\u00e1s\u00e1ra \u00e9s a tiszta vezet\u00e9si \u00e9lm\u00e9nyre v\u00e1gyik. Ebben az esetben a 997-es gener\u00e1ci\u00f3 az utols\u00f3, amely mindezen k\u00edv\u00e1natos klasszikus er\u00e9nyeket modern csomagol\u00e1sban k\u00edn\u00e1lja. N\u00e9gy ker\u00e9ken, kabri\u00f3 form\u00e1j\u00e1ban \u00e9s k\u00e9zi v\u00e1lt\u00f3val t\u00f6k\u00e9letes.\" \/>\n<meta property=\"og:url\" content=\"https:\/\/pistonaddict.com\/hu\/product\/porsche-911-carrera-2-cabrio-997\/\" \/>\n<meta property=\"og:site_name\" content=\"Piston Addict\" \/>\n<meta property=\"article:modified_time\" content=\"2023-12-20T08:49:50+00:00\" \/>\n<meta property=\"og:image\" content=\"https:\/\/pistonaddict.com\/wp-content\/uploads\/2023\/10\/20220624_201726_resized-copia.jpg\" \/>\n\t<meta property=\"og:image:width\" content=\"1008\" \/>\n\t<meta property=\"og:image:height\" content=\"567\" \/>\n\t<meta property=\"og:image:type\" content=\"image\/jpeg\" \/>\n<meta name=\"twitter:card\" content=\"summary_large_image\" \/>\n<meta name=\"twitter:label1\" content=\"Becs\u00fclt olvas\u00e1si id\u0151\" \/>\n\t<meta name=\"twitter:data1\" content=\"4 perc\" \/>\n<script type=\"application\/ld+json\" class=\"yoast-schema-graph\">{\"@context\":\"https:\/\/schema.org\",\"@graph\":[{\"@type\":\"WebPage\",\"@id\":\"https:\/\/pistonaddict.com\/hu\/product\/porsche-911-carrera-2-cabrio-997\/\",\"url\":\"https:\/\/pistonaddict.com\/hu\/product\/porsche-911-carrera-2-cabrio-997\/\",\"name\":\"aukci\u00f3 - Piston Addict\",\"isPartOf\":{\"@id\":\"https:\/\/pistonaddict.com\/hu\/#website\"},\"primaryImageOfPage\":{\"@id\":\"https:\/\/pistonaddict.com\/hu\/product\/porsche-911-carrera-2-cabrio-997\/#primaryimage\"},\"image\":{\"@id\":\"https:\/\/pistonaddict.com\/hu\/product\/porsche-911-carrera-2-cabrio-997\/#primaryimage\"},\"thumbnailUrl\":\"https:\/\/pistonaddict.com\/wp-content\/uploads\/2023\/10\/20220624_201726_resized-copia.jpg\",\"datePublished\":\"2023-10-06T09:28:15+00:00\",\"dateModified\":\"2023-12-20T08:49:50+00:00\",\"breadcrumb\":{\"@id\":\"https:\/\/pistonaddict.com\/hu\/product\/porsche-911-carrera-2-cabrio-997\/#breadcrumb\"},\"inLanguage\":\"hu\",\"potentialAction\":[{\"@type\":\"ReadAction\",\"target\":[\"https:\/\/pistonaddict.com\/hu\/product\/porsche-911-carrera-2-cabrio-997\/\"]}]},{\"@type\":\"ImageObject\",\"inLanguage\":\"hu\",\"@id\":\"https:\/\/pistonaddict.com\/hu\/product\/porsche-911-carrera-2-cabrio-997\/#primaryimage\",\"url\":\"https:\/\/pistonaddict.com\/wp-content\/uploads\/2023\/10\/20220624_201726_resized-copia.jpg\",\"contentUrl\":\"https:\/\/pistonaddict.com\/wp-content\/uploads\/2023\/10\/20220624_201726_resized-copia.jpg\",\"width\":1008,\"height\":567},{\"@type\":\"BreadcrumbList\",\"@id\":\"https:\/\/pistonaddict.com\/hu\/product\/porsche-911-carrera-2-cabrio-997\/#breadcrumb\",\"itemListElement\":[{\"@type\":\"ListItem\",\"position\":1,\"name\":\"Kezd\u0151lap\",\"item\":\"https:\/\/pistonaddict.com\/hu\/honlap\/\"},{\"@type\":\"ListItem\",\"position\":2,\"name\":\"Auctions\",\"item\":\"https:\/\/pistonaddict.com\/auctions-listing\/\"},{\"@type\":\"ListItem\",\"position\":3,\"name\":\"Porsche 911 Carrera 2 Cabrio (997)\"}]},{\"@type\":\"WebSite\",\"@id\":\"https:\/\/pistonaddict.com\/hu\/#website\",\"url\":\"https:\/\/pistonaddict.com\/hu\/\",\"name\":\"Piston Addict\",\"description\":\"Only interesting vehicles\",\"publisher\":{\"@id\":\"https:\/\/pistonaddict.com\/hu\/#organization\"},\"potentialAction\":[{\"@type\":\"SearchAction\",\"target\":{\"@type\":\"EntryPoint\",\"urlTemplate\":\"https:\/\/pistonaddict.com\/hu\/?s={search_term_string}\"},\"query-input\":\"required name=search_term_string\"}],\"inLanguage\":\"hu\"},{\"@type\":\"Organization\",\"@id\":\"https:\/\/pistonaddict.com\/hu\/#organization\",\"name\":\"Piston Addict\",\"url\":\"https:\/\/pistonaddict.com\/hu\/\",\"logo\":{\"@type\":\"ImageObject\",\"inLanguage\":\"hu\",\"@id\":\"https:\/\/pistonaddict.com\/hu\/#\/schema\/logo\/image\/\",\"url\":\"https:\/\/pistonaddict.com\/wp-content\/uploads\/2022\/07\/logo-6.png\",\"contentUrl\":\"https:\/\/pistonaddict.com\/wp-content\/uploads\/2022\/07\/logo-6.png\",\"width\":970,\"height\":200,\"caption\":\"Piston Addict\"},\"image\":{\"@id\":\"https:\/\/pistonaddict.com\/hu\/#\/schema\/logo\/image\/\"}}]}<\/script>\n<!-- \/ Yoast SEO plugin. -->","yoast_head_json":{"title":"aukci\u00f3 - Piston Addict","robots":{"index":"index","follow":"follow","max-snippet":"max-snippet:-1","max-image-preview":"max-image-preview:large","max-video-preview":"max-video-preview:-1"},"canonical":"https:\/\/pistonaddict.com\/hu\/product\/porsche-911-carrera-2-cabrio-997\/","og_locale":"hu_HU","og_type":"article","og_title":"aukci\u00f3 - Piston Addict","og_description":"A Porsche 911 k\u00fcl\u00f6nleges helyet foglal el a sportaut\u00f3k vil\u00e1g\u00e1ban. M\u00e1r nem csak j\u00e1rm\u0171nek tekintik, mivel t\u00fall\u00e9pett az aut\u00f3ipar hat\u00e1rain, \u00e9s kultur\u00e1lis szimb\u00f3lumm\u00e1 \u00e9s vil\u00e1gszerte elismert form\u00e1v\u00e1 v\u00e1lt. A 911 gener\u00e1ci\u00f3kon kereszt\u00fcl a kis sportkup\u00e9b\u00f3l a mai luxus GT-aut\u00f3v\u00e1 fejl\u0151d\u00f6tt. Tegy\u00fck fel azonban, hogy a 911-es \u00e9rz\u00e9sre, a sz\u00edv\u00f3 boxermotor morajl\u00e1s\u00e1ra \u00e9s a tiszta vezet\u00e9si \u00e9lm\u00e9nyre v\u00e1gyik. Ebben az esetben a 997-es gener\u00e1ci\u00f3 az utols\u00f3, amely mindezen k\u00edv\u00e1natos klasszikus er\u00e9nyeket modern csomagol\u00e1sban k\u00edn\u00e1lja. N\u00e9gy ker\u00e9ken, kabri\u00f3 form\u00e1j\u00e1ban \u00e9s k\u00e9zi v\u00e1lt\u00f3val t\u00f6k\u00e9letes.","og_url":"https:\/\/pistonaddict.com\/hu\/product\/porsche-911-carrera-2-cabrio-997\/","og_site_name":"Piston Addict","article_modified_time":"2023-12-20T08:49:50+00:00","og_image":[{"width":1008,"height":567,"url":"https:\/\/pistonaddict.com\/wp-content\/uploads\/2023\/10\/20220624_201726_resized-copia.jpg","type":"image\/jpeg"}],"twitter_card":"summary_large_image","twitter_misc":{"Becs\u00fclt olvas\u00e1si id\u0151":"4 perc"},"schema":{"@context":"https:\/\/schema.org","@graph":[{"@type":"WebPage","@id":"https:\/\/pistonaddict.com\/hu\/product\/porsche-911-carrera-2-cabrio-997\/","url":"https:\/\/pistonaddict.com\/hu\/product\/porsche-911-carrera-2-cabrio-997\/","name":"aukci\u00f3 - Piston Addict","isPartOf":{"@id":"https:\/\/pistonaddict.com\/hu\/#website"},"primaryImageOfPage":{"@id":"https:\/\/pistonaddict.com\/hu\/product\/porsche-911-carrera-2-cabrio-997\/#primaryimage"},"image":{"@id":"https:\/\/pistonaddict.com\/hu\/product\/porsche-911-carrera-2-cabrio-997\/#primaryimage"},"thumbnailUrl":"https:\/\/pistonaddict.com\/wp-content\/uploads\/2023\/10\/20220624_201726_resized-copia.jpg","datePublished":"2023-10-06T09:28:15+00:00","dateModified":"2023-12-20T08:49:50+00:00","breadcrumb":{"@id":"https:\/\/pistonaddict.com\/hu\/product\/porsche-911-carrera-2-cabrio-997\/#breadcrumb"},"inLanguage":"hu","potentialAction":[{"@type":"ReadAction","target":["https:\/\/pistonaddict.com\/hu\/product\/porsche-911-carrera-2-cabrio-997\/"]}]},{"@type":"ImageObject","inLanguage":"hu","@id":"https:\/\/pistonaddict.com\/hu\/product\/porsche-911-carrera-2-cabrio-997\/#primaryimage","url":"https:\/\/pistonaddict.com\/wp-content\/uploads\/2023\/10\/20220624_201726_resized-copia.jpg","contentUrl":"https:\/\/pistonaddict.com\/wp-content\/uploads\/2023\/10\/20220624_201726_resized-copia.jpg","width":1008,"height":567},{"@type":"BreadcrumbList","@id":"https:\/\/pistonaddict.com\/hu\/product\/porsche-911-carrera-2-cabrio-997\/#breadcrumb","itemListElement":[{"@type":"ListItem","position":1,"name":"Kezd\u0151lap","item":"https:\/\/pistonaddict.com\/hu\/honlap\/"},{"@type":"ListItem","position":2,"name":"Auctions","item":"https:\/\/pistonaddict.com\/auctions-listing\/"},{"@type":"ListItem","position":3,"name":"Porsche 911 Carrera 2 Cabrio (997)"}]},{"@type":"WebSite","@id":"https:\/\/pistonaddict.com\/hu\/#website","url":"https:\/\/pistonaddict.com\/hu\/","name":"Piston Addict","description":"Only interesting vehicles","publisher":{"@id":"https:\/\/pistonaddict.com\/hu\/#organization"},"potentialAction":[{"@type":"SearchAction","target":{"@type":"EntryPoint","urlTemplate":"https:\/\/pistonaddict.com\/hu\/?s={search_term_string}"},"query-input":"required name=search_term_string"}],"inLanguage":"hu"},{"@type":"Organization","@id":"https:\/\/pistonaddict.com\/hu\/#organization","name":"Piston Addict","url":"https:\/\/pistonaddict.com\/hu\/","logo":{"@type":"ImageObject","inLanguage":"hu","@id":"https:\/\/pistonaddict.com\/hu\/#\/schema\/logo\/image\/","url":"https:\/\/pistonaddict.com\/wp-content\/uploads\/2022\/07\/logo-6.png","contentUrl":"https:\/\/pistonaddict.com\/wp-content\/uploads\/2022\/07\/logo-6.png","width":970,"height":200,"caption":"Piston Addict"},"image":{"@id":"https:\/\/pistonaddict.com\/hu\/#\/schema\/logo\/image\/"}}]}},"_links":{"self":[{"href":"https:\/\/pistonaddict.com\/hu\/wp-json\/wp\/v2\/product\/53497"}],"collection":[{"href":"https:\/\/pistonaddict.com\/hu\/wp-json\/wp\/v2\/product"}],"about":[{"href":"https:\/\/pistonaddict.com\/hu\/wp-json\/wp\/v2\/types\/product"}],"replies":[{"embeddable":true,"href":"https:\/\/pistonaddict.com\/hu\/wp-json\/wp\/v2\/comments?post=53497"}],"wp:featuredmedia":[{"embeddable":true,"href":"https:\/\/pistonaddict.com\/hu\/wp-json\/wp\/v2\/media\/53271"}],"wp:attachment":[{"href":"https:\/\/pistonaddict.com\/hu\/wp-json\/wp\/v2\/media?parent=53497"}],"wp:term":[{"taxonomy":"product_cat","embeddable":true,"href":"https:\/\/pistonaddict.com\/hu\/wp-json\/wp\/v2\/product_cat?post=53497"},{"taxonomy":"product_tag","embeddable":true,"href":"https:\/\/pistonaddict.com\/hu\/wp-json\/wp\/v2\/product_tag?post=53497"}],"curies":[{"name":"wp","href":"https:\/\/api.w.org\/{rel}","templated":true}]}}