{"id":47835,"date":"2024-01-16T09:00:29","date_gmt":"2024-01-16T08:00:29","guid":{"rendered":"https:\/\/pistonaddict.com\/product\/morgan-roadster-v6-3-0\/"},"modified":"2024-03-20T09:43:37","modified_gmt":"2024-03-20T08:43:37","slug":"morgan-roadster-v6-3-0","status":"publish","type":"product","link":"https:\/\/pistonaddict.com\/hu\/product\/morgan-roadster-v6-3-0\/","title":{"rendered":"Morgan Roadster V6 3.0"},"content":{"rendered":"<p><strong>Aut\u00f3 t\u00f6rt\u00e9nete<\/strong><\/p>\n<p>Az eleg\u00e1ns roadster jelenlegi tulajdonosa 2010-ben szerezte meg az aut\u00f3t, amikor m\u00e9g csak h\u00e1rom\u00e9ves volt. A j\u00e1rm\u0171vet \u00fajonnan sz\u00e1ll\u00edtott\u00e1k, \u00e9s eg\u00e9sz \u00e9let\u00e9t Spanyolorsz\u00e1gban t\u00f6lt\u00f6tte, ahol a tengerparton pihentet\u0151 aut\u00f3z\u00e1sra haszn\u00e1lt\u00e1k. A Morgan tiszteletre m\u00e9lt\u00f3 roadster\u00e9nek ez a gener\u00e1ci\u00f3ja 2004-ben mutatkozott be, \u00e9s b\u00e1r k\u00edv\u00fclr\u0151l szinte megk\u00fcl\u00f6nb\u00f6ztethetetlen volt, a hossz\u00fa motorh\u00e1ztet\u0151 alatt nagyon is \u00fcdv\u00f6zlend\u0151 javul\u00e1s rejlett: a Ford Duratec 3,0 literes V6-os motorja. A Ford V6-os motorja 24 szeleppel, modern konstrukci\u00f3val \u00e9s p\u00e1ratlan megb\u00edzhat\u00f3s\u00e1ggal szinte minden tekintetben jobb, mint a Morgan \u00e1ltal haszn\u00e1lt r\u00e9gi Rover V8-as. Ez a motor tekint\u00e9lyes 223 l\u00f3er\u0151t teljes\u00edt, \u00e9s mivel a V6-os r\u00f6videbb, mint a V8-as, jobban az aut\u00f3 k\u00f6zepe fel\u00e9 helyezkedik el, \u00edgy jobban kezelhet\u0151. Mint azt val\u00f3sz\u00edn\u0171leg \u00d6n is tudja, a Morgan egyed\u00fcl\u00e1ll\u00f3 menetdinamik\u00e1j\u00e1nak egyik titka a r\u00e9szben f\u00e1b\u00f3l k\u00e9sz\u00fclt alv\u00e1za. Teh\u00e1t, amikor egy alig egy tonn\u00e1s roadsterrel rendelkezel, \u00e9l\u00e9nk vezet\u00e9si \u00e9lm\u00e9nyben van r\u00e9szed, \u00e9s minden r\u00e9szlet\u00e9t \u00e9szreveszed annak, ahogyan vezet, gyorsul \u00e9s kezel. Egy\u00e9bk\u00e9nt pedig 5,5 m\u00e1sodperc alatt \u00e9ri el a 100 km\/\u00f3r\u00e1s sebess\u00e9get, ami nagyon izgalmass\u00e1 teszi a vezet\u00e9st.<\/p>\n<p><strong>Felt\u00e9tel<\/strong><\/p>\n<p>Ez a Morgan Roadster alig t\u00f6bb mint 41.000 kilom\u00e9tert tett meg, \u00e9s k\u00e9t tulajdonosa van \u00fajonnan. Az \u00e1ltal\u00e1nos \u00e1llapot nagyon j\u00f3, s\u00e9r\u00fcl\u00e9sek, \u00fctk\u00f6z\u00e9sek vagy k\u00fcls\u0151 jav\u00edt\u00e1sok n\u00e9lk\u00fcl. Rendszeresen karbantartott\u00e1k, a motoron, a karossz\u00e9ri\u00e1n \u00e9s a felf\u00fcggeszt\u00e9sen nem v\u00e9geztek semmilyen m\u00f3dos\u00edt\u00e1st. A tulajdonos nemr\u00e9giben fel\u00faj\u00edtotta a f\u00e9keket, \u00e9s elv\u00e9gezte az olajvizsg\u00e1latot, amely negat\u00edv lett, ami azt jelenti, hogy a motor t\u00f6k\u00e9letes \u00e1llapotban van. Ez v\u00e1rhat\u00f3 volt, hiszen a Ford 3,0 literes V6-os motorja a tart\u00f3ss\u00e1g\u00e1r\u00f3l \u00e9s hossz\u00fa \u00e9lettartam\u00e1r\u00f3l ismert.<\/p>\n<p><strong>Belt\u00e9r<\/strong><\/p>\n<p>A Morgan Roadster egyik legjobb tulajdons\u00e1ga a klasszikus, de eleg\u00e1ns bels\u0151 t\u00e9r volt, \u00e9s ebben az esetben a legend\u00e1s Moto-Lita fa korm\u00e1nyker\u00e9kkel eg\u00e9sz\u00edtett\u00e9k ki. A f\u00e1b\u00f3l k\u00e9sz\u00fclt m\u0171szerfal teljes m\u0171szeregys\u00e9ggel, audiorendszerrel \u00e9s \u00f3r\u00e1val rendelkezik. Ugyanakkor az \u00fcl\u00e9sek gy\u00f6ny\u00f6r\u0171 b\u00e9zs b\u0151rrel vannak k\u00e1rpitozva, amely ide\u00e1lis \u00e1llapotban van, \u00e9s t\u00f6k\u00e9letesen illeszkedik a k\u00fcls\u0151 sz\u00ednhez. A fekete kabri\u00f3tet\u0151 is nagyszer\u0171 \u00e1llapotban van, \u00e9s ritk\u00e1n haszn\u00e1lt\u00e1k, mivel a j\u00e1rm\u0171vet a gar\u00e1zsban t\u00e1rolt\u00e1k, \u00e9s sz\u00e9p id\u0151ben hajtott\u00e1k. Az eredeti Morgan bels\u0151 bor\u00edt\u00f3t is tartalmazza.<\/p>\n<p><strong>K\u00fcls\u0151 \u00e9s kerekek<\/strong><\/p>\n<p>A hivatalosan Connaught Green, de ink\u00e1bb BRG (British Racing Green) n\u00e9ven ismert Morgan a legk\u00edv\u00e1natosabb sz\u00ednben pomp\u00e1zik. A klasszikus s\u00f6t\u00e9t \u00e1rnyalat, amely t\u00f6k\u00e9letesen illik a b\u00e9zs sz\u00edn\u0171 bels\u0151 t\u00e9rhez, a t\u00f6k\u00e9letes specifik\u00e1ci\u00f3 minden klasszikus brit roadsterhez. A karossz\u00e9ria t\u00f6k\u00e9letes \u00e1llapotban van, karcol\u00e1sok \u00e9s elsz\u00ednez\u0151d\u00e9sek n\u00e9lk\u00fcl, \u00e9s olyan izgalmas r\u00e9szletekkel, mint a k\u00f6dl\u00e1mp\u00e1k, jelv\u00e9nyek \u00e9s a motorh\u00e1ztet\u0151t a hely\u00e9n tart\u00f3 b\u0151rsz\u00edjak (a motorh\u00e1ztet\u0151n l\u00e9v\u0151 matrica k\u00f6nnyen elt\u00e1vol\u00edthat\u00f3). A megjelen\u00e9st a Yokohama gumiabroncsokba csomagolt 18 colos dr\u00f3tkerekek teszik teljess\u00e9, a h\u00e1tulra szerelt teljes m\u00e9ret\u0171 p\u00f3tker\u00e9kkel egy\u00fctt. A kerekek tal\u00e1n \u00fagy n\u00e9znek ki, mintha a 40-es \u00e9vekb\u0151l sz\u00e1rmazn\u00e1nak, de vadonat\u00faj \u00e9s szeretettel \u00fajraalkotott elemek, amelyeket \u00fagy terveztek, hogy a modern gumiknak is megfeleljenek.<\/p>\n<p><strong>Dokument\u00e1ci\u00f3<\/strong><\/p>\n<p>Ez egy mag\u00e1ntulajdonban l\u00e9v\u0151, megfelel\u0151 dokument\u00e1ci\u00f3val rendelkez\u0151 j\u00e1rm\u0171, amely Palma de Mallorc\u00e1n, Spanyolorsz\u00e1gban tal\u00e1lhat\u00f3. A jelent\u00e9sek tiszt\u00e1k; nincs bizony\u00edt\u00e9k balesetekre, baleseti jav\u00edt\u00e1sokra, tulajdonosi vagy jogi probl\u00e9m\u00e1kra. A rendszeres karbantart\u00e1sr\u00f3l 2020-ig visszamen\u0151leg vannak feljegyz\u00e9sek.<br \/>\nA Morgan Roadster V6 kabri\u00f3 CarFax adatai <a href=\"https:\/\/pistonaddict.com\/wp-content\/uploads\/2023\/08\/CARFAX-Vehicle-History-Report-MORGAN-ROADSTER-Convertible-2007.pdf\">itt<\/a> ellen\u0151rizhet\u0151k. <strong>Spanyol MOT (ITV) \u00e1tment \u00e9s \u00e9rv\u00e9nyes 2024. augusztus 4-ig<\/strong>.<\/p>\n<p><strong>Felszerel\u00e9sek \u00e9s extr\u00e1k<\/strong><\/p>\n<p>&#8211; Motolita klasszikus fa korm\u00e1nyker\u00e9k<br \/>\n&#8211; Fa m\u0171szerfal<br \/>\n&#8211; Ac\u00e9l v\u00e1lt\u00f3gomb<br \/>\n&#8211; Oldals\u00f3 zsebek a b\u0151r ajt\u00f3kban<br \/>\n&#8211; Morgan pajzs keresztl\u00e9cek<br \/>\n&#8211; Bels\u0151 z\u00e1rbet\u00e9tek Morgan pajzzsal<br \/>\n&#8211; \u00d3ra<br \/>\n&#8211; R\u00e1di\u00f3 CD\/MP3 Blaupunkt<br \/>\n&#8211; 2 extra els\u0151 l\u00e1mpa<br \/>\n&#8211; Bels\u0151 b\u0151rsz\u00edjjal b\u00e9lelt b\u00e1r\u00e1nyb\u0151rrel a motorh\u00e1ztet\u0151 tetej\u00e9n<br \/>\n&#8211; Fekete b\u0151r naperny\u0151k<br \/>\n&#8211; Lop\u00e1sg\u00e1tl\u00f3 akkumul\u00e1tor lev\u00e1laszt\u00f3<br \/>\n&#8211; Els\u0151 r\u00fad jelv\u00e9nyek\/jelv\u00e9nyek sz\u00e1m\u00e1ra<br \/>\n&#8211; Fekete b\u0151r motorh\u00e1ztet\u0151huzat Morgan pajzzsal<br \/>\n&#8211; 2 fekete b\u0151rbor\u00edt\u00e1s a metakril\u00e1t ablakokhoz Morgan pajzzsal<br \/>\n&#8211; Bels\u0151 v\u00e9d\u0151huzat az aut\u00f3hoz (k\u00e9k sz\u00f6vet) Morgan pajzzsal<\/p>\n<p><strong>N\u00e9zze meg a Hidegind\u00edt\u00e1s vide\u00f3 ezt a gy\u00f6ny\u00f6r\u0171 Morgan Roadster V6 kabri\u00f3 :<\/strong><\/p>\n<p><iframe title=\"Cold Start : Morgan Roadster V6 3.0 on PistonAddict.com\" width=\"1200\" height=\"675\" src=\"https:\/\/www.youtube.com\/embed\/yLSfe-ePOFg?start=29&#038;feature=oembed\" frameborder=\"0\" allow=\"accelerometer; autoplay; clipboard-write; encrypted-media; gyroscope; picture-in-picture; web-share\" allowfullscreen><\/iframe><\/p>\n","protected":false},"excerpt":{"rendered":"<p>Az Egyes\u00fclt Kir\u00e1lys\u00e1g sz\u00e1mos klasszikusa k\u00f6z\u00fcl a Morgan Roadster tagadhatatlanul \u00e9s l\u00e9nyeg\u00e9ben a brit b\u00e1j megtestes\u00edt\u0151je az aut\u00f3iparban. A roadsterek korai napjaib\u00f3l sz\u00e1rmaz\u00f3 id\u0151tlen formatervvel \u00e9s az 1950 \u00f3ta t\u00f6retlen modellvonallal rendelkez\u0151 modern Morgan Plus Six az egyedi konstrukci\u00f3, a m\u00e9retre \u00e9s k\u00e9zzel gy\u00e1rtott, egyedi gy\u00e1rt\u00e1s \u00e9s az er\u0151teljes V6-os motor ellen\u00e1llhatatlan kombin\u00e1ci\u00f3ja, amely ezt a j\u00f3hiszem\u0171 klasszikust k\u00e9pes nyitott tetej\u0171 sportaut\u00f3v\u00e1 v\u00e1ltoztatja.<\/p>\n","protected":false},"featured_media":46733,"comment_status":"open","ping_status":"closed","template":"","meta":{"inline_featured_image":false},"product_cat":[731],"product_tag":[2037,2036,964,2034,2035],"acf":[],"yoast_head":"<!-- This site is optimized with the Yoast SEO plugin v22.5 - https:\/\/yoast.com\/wordpress\/plugins\/seo\/ -->\n<title>aukci\u00f3 - Piston Addict<\/title>\n<meta name=\"description\" content=\"F\u00e9lelmetes Morgan Roadster V6 3.0 2007-es \u00e9vj\u00e1rat\u00fa, kiv\u00e1l\u00f3 \u00e1llapotban a PistonAddict.com aukci\u00f3j\u00e1n.\" \/>\n<meta name=\"robots\" content=\"index, follow, max-snippet:-1, max-image-preview:large, max-video-preview:-1\" \/>\n<link rel=\"canonical\" href=\"https:\/\/pistonaddict.com\/hu\/product\/morgan-roadster-v6-3-0\/\" \/>\n<meta property=\"og:locale\" content=\"hu_HU\" \/>\n<meta property=\"og:type\" content=\"article\" \/>\n<meta property=\"og:title\" content=\"aukci\u00f3 - Piston Addict\" \/>\n<meta property=\"og:description\" content=\"F\u00e9lelmetes Morgan Roadster V6 3.0 2007-es \u00e9vj\u00e1rat\u00fa, kiv\u00e1l\u00f3 \u00e1llapotban a PistonAddict.com aukci\u00f3j\u00e1n.\" \/>\n<meta property=\"og:url\" content=\"https:\/\/pistonaddict.com\/hu\/product\/morgan-roadster-v6-3-0\/\" \/>\n<meta property=\"og:site_name\" content=\"Piston Addict\" \/>\n<meta property=\"article:modified_time\" content=\"2024-03-20T08:43:37+00:00\" \/>\n<meta property=\"og:image\" content=\"https:\/\/pistonaddict.com\/wp-content\/uploads\/2023\/08\/DSC0169-scaled.jpg\" \/>\n\t<meta property=\"og:image:width\" content=\"2560\" \/>\n\t<meta property=\"og:image:height\" content=\"1707\" \/>\n\t<meta property=\"og:image:type\" content=\"image\/jpeg\" \/>\n<meta name=\"twitter:card\" content=\"summary_large_image\" \/>\n<meta name=\"twitter:label1\" content=\"Becs\u00fclt olvas\u00e1si id\u0151\" \/>\n\t<meta name=\"twitter:data1\" content=\"4 perc\" \/>\n<script type=\"application\/ld+json\" class=\"yoast-schema-graph\">{\"@context\":\"https:\/\/schema.org\",\"@graph\":[{\"@type\":\"WebPage\",\"@id\":\"https:\/\/pistonaddict.com\/hu\/product\/morgan-roadster-v6-3-0\/\",\"url\":\"https:\/\/pistonaddict.com\/hu\/product\/morgan-roadster-v6-3-0\/\",\"name\":\"aukci\u00f3 - Piston Addict\",\"isPartOf\":{\"@id\":\"https:\/\/pistonaddict.com\/hu\/#website\"},\"primaryImageOfPage\":{\"@id\":\"https:\/\/pistonaddict.com\/hu\/product\/morgan-roadster-v6-3-0\/#primaryimage\"},\"image\":{\"@id\":\"https:\/\/pistonaddict.com\/hu\/product\/morgan-roadster-v6-3-0\/#primaryimage\"},\"thumbnailUrl\":\"https:\/\/pistonaddict.com\/wp-content\/uploads\/2023\/08\/DSC0169-scaled.jpg\",\"datePublished\":\"2024-01-16T08:00:29+00:00\",\"dateModified\":\"2024-03-20T08:43:37+00:00\",\"description\":\"F\u00e9lelmetes Morgan Roadster V6 3.0 2007-es \u00e9vj\u00e1rat\u00fa, kiv\u00e1l\u00f3 \u00e1llapotban a PistonAddict.com aukci\u00f3j\u00e1n.\",\"breadcrumb\":{\"@id\":\"https:\/\/pistonaddict.com\/hu\/product\/morgan-roadster-v6-3-0\/#breadcrumb\"},\"inLanguage\":\"hu\",\"potentialAction\":[{\"@type\":\"ReadAction\",\"target\":[\"https:\/\/pistonaddict.com\/hu\/product\/morgan-roadster-v6-3-0\/\"]}]},{\"@type\":\"ImageObject\",\"inLanguage\":\"hu\",\"@id\":\"https:\/\/pistonaddict.com\/hu\/product\/morgan-roadster-v6-3-0\/#primaryimage\",\"url\":\"https:\/\/pistonaddict.com\/wp-content\/uploads\/2023\/08\/DSC0169-scaled.jpg\",\"contentUrl\":\"https:\/\/pistonaddict.com\/wp-content\/uploads\/2023\/08\/DSC0169-scaled.jpg\",\"width\":2560,\"height\":1707},{\"@type\":\"BreadcrumbList\",\"@id\":\"https:\/\/pistonaddict.com\/hu\/product\/morgan-roadster-v6-3-0\/#breadcrumb\",\"itemListElement\":[{\"@type\":\"ListItem\",\"position\":1,\"name\":\"Kezd\u0151lap\",\"item\":\"https:\/\/pistonaddict.com\/hu\/honlap\/\"},{\"@type\":\"ListItem\",\"position\":2,\"name\":\"Auctions\",\"item\":\"https:\/\/pistonaddict.com\/auctions-listing\/\"},{\"@type\":\"ListItem\",\"position\":3,\"name\":\"Morgan Roadster V6 3.0\"}]},{\"@type\":\"WebSite\",\"@id\":\"https:\/\/pistonaddict.com\/hu\/#website\",\"url\":\"https:\/\/pistonaddict.com\/hu\/\",\"name\":\"Piston Addict\",\"description\":\"Only interesting vehicles\",\"publisher\":{\"@id\":\"https:\/\/pistonaddict.com\/hu\/#organization\"},\"potentialAction\":[{\"@type\":\"SearchAction\",\"target\":{\"@type\":\"EntryPoint\",\"urlTemplate\":\"https:\/\/pistonaddict.com\/hu\/?s={search_term_string}\"},\"query-input\":\"required name=search_term_string\"}],\"inLanguage\":\"hu\"},{\"@type\":\"Organization\",\"@id\":\"https:\/\/pistonaddict.com\/hu\/#organization\",\"name\":\"Piston Addict\",\"url\":\"https:\/\/pistonaddict.com\/hu\/\",\"logo\":{\"@type\":\"ImageObject\",\"inLanguage\":\"hu\",\"@id\":\"https:\/\/pistonaddict.com\/hu\/#\/schema\/logo\/image\/\",\"url\":\"https:\/\/pistonaddict.com\/wp-content\/uploads\/2022\/07\/logo-6.png\",\"contentUrl\":\"https:\/\/pistonaddict.com\/wp-content\/uploads\/2022\/07\/logo-6.png\",\"width\":970,\"height\":200,\"caption\":\"Piston Addict\"},\"image\":{\"@id\":\"https:\/\/pistonaddict.com\/hu\/#\/schema\/logo\/image\/\"}}]}<\/script>\n<!-- \/ Yoast SEO plugin. -->","yoast_head_json":{"title":"aukci\u00f3 - Piston Addict","description":"F\u00e9lelmetes Morgan Roadster V6 3.0 2007-es \u00e9vj\u00e1rat\u00fa, kiv\u00e1l\u00f3 \u00e1llapotban a PistonAddict.com aukci\u00f3j\u00e1n.","robots":{"index":"index","follow":"follow","max-snippet":"max-snippet:-1","max-image-preview":"max-image-preview:large","max-video-preview":"max-video-preview:-1"},"canonical":"https:\/\/pistonaddict.com\/hu\/product\/morgan-roadster-v6-3-0\/","og_locale":"hu_HU","og_type":"article","og_title":"aukci\u00f3 - Piston Addict","og_description":"F\u00e9lelmetes Morgan Roadster V6 3.0 2007-es \u00e9vj\u00e1rat\u00fa, kiv\u00e1l\u00f3 \u00e1llapotban a PistonAddict.com aukci\u00f3j\u00e1n.","og_url":"https:\/\/pistonaddict.com\/hu\/product\/morgan-roadster-v6-3-0\/","og_site_name":"Piston Addict","article_modified_time":"2024-03-20T08:43:37+00:00","og_image":[{"width":2560,"height":1707,"url":"https:\/\/pistonaddict.com\/wp-content\/uploads\/2023\/08\/DSC0169-scaled.jpg","type":"image\/jpeg"}],"twitter_card":"summary_large_image","twitter_misc":{"Becs\u00fclt olvas\u00e1si id\u0151":"4 perc"},"schema":{"@context":"https:\/\/schema.org","@graph":[{"@type":"WebPage","@id":"https:\/\/pistonaddict.com\/hu\/product\/morgan-roadster-v6-3-0\/","url":"https:\/\/pistonaddict.com\/hu\/product\/morgan-roadster-v6-3-0\/","name":"aukci\u00f3 - Piston Addict","isPartOf":{"@id":"https:\/\/pistonaddict.com\/hu\/#website"},"primaryImageOfPage":{"@id":"https:\/\/pistonaddict.com\/hu\/product\/morgan-roadster-v6-3-0\/#primaryimage"},"image":{"@id":"https:\/\/pistonaddict.com\/hu\/product\/morgan-roadster-v6-3-0\/#primaryimage"},"thumbnailUrl":"https:\/\/pistonaddict.com\/wp-content\/uploads\/2023\/08\/DSC0169-scaled.jpg","datePublished":"2024-01-16T08:00:29+00:00","dateModified":"2024-03-20T08:43:37+00:00","description":"F\u00e9lelmetes Morgan Roadster V6 3.0 2007-es \u00e9vj\u00e1rat\u00fa, kiv\u00e1l\u00f3 \u00e1llapotban a PistonAddict.com aukci\u00f3j\u00e1n.","breadcrumb":{"@id":"https:\/\/pistonaddict.com\/hu\/product\/morgan-roadster-v6-3-0\/#breadcrumb"},"inLanguage":"hu","potentialAction":[{"@type":"ReadAction","target":["https:\/\/pistonaddict.com\/hu\/product\/morgan-roadster-v6-3-0\/"]}]},{"@type":"ImageObject","inLanguage":"hu","@id":"https:\/\/pistonaddict.com\/hu\/product\/morgan-roadster-v6-3-0\/#primaryimage","url":"https:\/\/pistonaddict.com\/wp-content\/uploads\/2023\/08\/DSC0169-scaled.jpg","contentUrl":"https:\/\/pistonaddict.com\/wp-content\/uploads\/2023\/08\/DSC0169-scaled.jpg","width":2560,"height":1707},{"@type":"BreadcrumbList","@id":"https:\/\/pistonaddict.com\/hu\/product\/morgan-roadster-v6-3-0\/#breadcrumb","itemListElement":[{"@type":"ListItem","position":1,"name":"Kezd\u0151lap","item":"https:\/\/pistonaddict.com\/hu\/honlap\/"},{"@type":"ListItem","position":2,"name":"Auctions","item":"https:\/\/pistonaddict.com\/auctions-listing\/"},{"@type":"ListItem","position":3,"name":"Morgan Roadster V6 3.0"}]},{"@type":"WebSite","@id":"https:\/\/pistonaddict.com\/hu\/#website","url":"https:\/\/pistonaddict.com\/hu\/","name":"Piston Addict","description":"Only interesting vehicles","publisher":{"@id":"https:\/\/pistonaddict.com\/hu\/#organization"},"potentialAction":[{"@type":"SearchAction","target":{"@type":"EntryPoint","urlTemplate":"https:\/\/pistonaddict.com\/hu\/?s={search_term_string}"},"query-input":"required name=search_term_string"}],"inLanguage":"hu"},{"@type":"Organization","@id":"https:\/\/pistonaddict.com\/hu\/#organization","name":"Piston Addict","url":"https:\/\/pistonaddict.com\/hu\/","logo":{"@type":"ImageObject","inLanguage":"hu","@id":"https:\/\/pistonaddict.com\/hu\/#\/schema\/logo\/image\/","url":"https:\/\/pistonaddict.com\/wp-content\/uploads\/2022\/07\/logo-6.png","contentUrl":"https:\/\/pistonaddict.com\/wp-content\/uploads\/2022\/07\/logo-6.png","width":970,"height":200,"caption":"Piston Addict"},"image":{"@id":"https:\/\/pistonaddict.com\/hu\/#\/schema\/logo\/image\/"}}]}},"_links":{"self":[{"href":"https:\/\/pistonaddict.com\/hu\/wp-json\/wp\/v2\/product\/47835"}],"collection":[{"href":"https:\/\/pistonaddict.com\/hu\/wp-json\/wp\/v2\/product"}],"about":[{"href":"https:\/\/pistonaddict.com\/hu\/wp-json\/wp\/v2\/types\/product"}],"replies":[{"embeddable":true,"href":"https:\/\/pistonaddict.com\/hu\/wp-json\/wp\/v2\/comments?post=47835"}],"wp:featuredmedia":[{"embeddable":true,"href":"https:\/\/pistonaddict.com\/hu\/wp-json\/wp\/v2\/media\/46733"}],"wp:attachment":[{"href":"https:\/\/pistonaddict.com\/hu\/wp-json\/wp\/v2\/media?parent=47835"}],"wp:term":[{"taxonomy":"product_cat","embeddable":true,"href":"https:\/\/pistonaddict.com\/hu\/wp-json\/wp\/v2\/product_cat?post=47835"},{"taxonomy":"product_tag","embeddable":true,"href":"https:\/\/pistonaddict.com\/hu\/wp-json\/wp\/v2\/product_tag?post=47835"}],"curies":[{"name":"wp","href":"https:\/\/api.w.org\/{rel}","templated":true}]}}