{"id":45992,"date":"2023-06-16T15:02:15","date_gmt":"2023-06-16T13:02:15","guid":{"rendered":"https:\/\/pistonaddict.com\/product\/audi-r8-v10-red-dynamite\/"},"modified":"2023-12-20T09:46:35","modified_gmt":"2023-12-20T08:46:35","slug":"audi-r8-v10-red-dynamite","status":"publish","type":"product","link":"https:\/\/pistonaddict.com\/hu\/product\/audi-r8-v10-red-dynamite\/","title":{"rendered":"Audi R8 V10 Red Dynamite"},"content":{"rendered":"<h2>K\u00fcls\u0151<\/h2>\n<p>\u00c9l\u00e9nkpiros f\u00e9nyez\u00e9ssel \u00e9s fekete r\u00e9szletekkel, \u00c9l\u00e9nkpirosra festve ez az Audi R8 nem marad \u00e9szrev\u00e9tlen, b\u00e1rhol is jelenik meg. Emellett az olyan dolgok, mint a kr\u00f3mozott h\u0171t\u0151r\u00e1cs \u00e9s a sz\u00e9nsz\u00e1las t\u00fck\u00f6rsapk\u00e1k csak fokozz\u00e1k a megjelen\u00e9s\u00e9t. De \u0151szint\u00e9n sz\u00f3lva az R8 b\u00e1rmilyen sz\u00ednben \u00e9s az ilyen r\u00e9szletek jelenl\u00e9t\u00e9t\u0151l f\u00fcggetlen\u00fcl leny\u0171g\u00f6z\u0151 aut\u00f3.<\/p>\n<p>A l\u00e9nyeg az, hogy az R8-assal a n\u00e9met tervez\u0151k az agresszivit\u00e1s \u00e9s a finoms\u00e1g szinte t\u00f6k\u00e9letes kever\u00e9k\u00e9t val\u00f3s\u00edtott\u00e1k meg. Neh\u00e9z elhinni, hogy ez alatt t\u00f6bb\u00e9-kev\u00e9sb\u00e9 Lamborgini Aventador van, ami sokkal mutat\u00f3sabb \u00e9s extravag\u00e1nsabb. Ha teh\u00e1t egy j\u00f3 k\u00e9pess\u00e9g\u0171 sportkocsit keres, de nem akarja, hogy \u00fagy n\u00e9zzen ki, mint egy hivalkod\u00f3, az R8 az egyik legjobb v\u00e1laszt\u00e1s. A fennmarad\u00f3 figyelemre m\u00e9lt\u00f3 r\u00e9szletek k\u00f6z\u00e9 tartozik a massz\u00edv h\u00e1ts\u00f3 spoiler \u00e9s a gy\u00e1rilag felszerelt 20 colos kerekek vadonat\u00faj Good Year Eagle gumiabroncsokkal.<\/p>\n<h2>Belt\u00e9r<\/h2>\n<p>Ennek az R8-asnak a belsej\u00e9t a fekete b\u0151r, a piros \u00f6lt\u00e9sek \u00e9s a sz\u00e9nsz\u00e1las d\u00edsz\u00edt\u0151elemek kombin\u00e1ci\u00f3ja uralja. Az \u00fcl\u00e9sek, amelyek \u00fagy n\u00e9znek ki, mintha most hozt\u00e1k volna ki \u0151ket a gy\u00e1rb\u00f3l, egyszerre t\u00e1maszt\u00f3ak \u00e9s k\u00e9nyelmesek. Azt\u00e1n ott van a b\u0151rrel bevont, 3 k\u00fcll\u0151s korm\u00e1nyker\u00e9k, amelyen az \u00f6sszes alapvet\u0151 funkci\u00f3t kezel\u0151 gombok tal\u00e1lhat\u00f3k. Ez a szok\u00e1sos, p\u00e9ld\u00e1ul a hifi- vagy fed\u00e9lzeti sz\u00e1m\u00edt\u00f3g\u00e9pekhez tartoz\u00f3 gombokon k\u00edv\u00fcl mag\u00e1ban foglalja a vezet\u00e9si m\u00f3d kiv\u00e1laszt\u00e1s\u00e1ra, a kil\u00f6v\u00e9svez\u00e9rl\u00e9sre \u00e9s a kipufog\u00f3hangol\u00e1sra szolg\u00e1l\u00f3 gombot is.<\/p>\n<p>A korm\u00e1nyker\u00e9k m\u00f6g\u00f6tt egy digit\u00e1lis m\u0171szeregys\u00e9g tal\u00e1lhat\u00f3, amely az alapinform\u00e1ci\u00f3kon k\u00edv\u00fcl sokkal t\u00f6bbet is k\u00e9pes megmutatni. Ez mag\u00e1ban foglalja a navig\u00e1ci\u00f3t, a tolat\u00f3kamer\u00e1t \u00e9s a hifit, amelyet egy\u00e9bk\u00e9nt a vil\u00e1gh\u00edr\u0171 Bang&amp;Olufsen gy\u00e1rt.<\/p>\n<h2>Mechanika<\/h2>\n<p>A finom \u00e9s eleg\u00e1ns b\u0151r alatt az R8 m\u00e1sodik gener\u00e1ci\u00f3ja alum\u00edniumb\u00f3l \u00e9s sz\u00e9nsz\u00e1lb\u00f3l k\u00e9sz\u00fclt, merevebb \u00e9s k\u00f6nnyebb v\u00e1zzal rendelkezik. Az aut\u00f3 legjelent\u0151sebb r\u00e9sze azonban &#8211; el\u0151re l\u00e1that\u00f3an &#8211; a motorja, egy er\u0151s 5,2 literes V10-es. \u00c9s mivel az Audi Plus modellnek nevezi, 610 l\u00f3er\u0151t \u00e9s 560 Nm nyomat\u00e9kot produk\u00e1l, amely a Quattro rendszeren \u00e9s a 7 sebess\u00e9ges automat\u00e1n kereszt\u00fcl jut minden ker\u00e9kre. Mindezzel egy\u00fctt ez az R8 k\u00f6r\u00fclbel\u00fcl 3 m\u00e1sodperc alatt gyorsul 0-r\u00f3l 100-ra, \u00e9s 329 km\/\u00f3r\u00e1s v\u00e9gsebess\u00e9get \u00e9r el. \u00c9s hogy a f\u00e9khat\u00e1s megfeleljen ennek a sebess\u00e9gnek, minden\u00fctt hatalmas f\u00e9kek vannak.<\/p>\n<h2>A j\u00e1rm\u0171 t\u00f6rt\u00e9nete<\/h2>\n<p>Az elad\u00f3 szerint ezt az Audi R8-at legut\u00f3bb 2022 okt\u00f3ber\u00e9ben szervizelt\u00e9k, a f\u00e9keket pedig n\u00e9h\u00e1ny nappal ezel\u0151tt jav\u00edtott\u00e1k. Ezenk\u00edv\u00fcl a m\u0171szerfalon nincsenek ismert hib\u00e1k vagy figyelmeztet\u00e9sek. V\u00e9g\u00fcl, a mell\u00e9kelt fot\u00f3k alapj\u00e1n a karossz\u00e9ria hib\u00e1i nem jelenthet\u0151k.<\/p>\n<p>&nbsp;<\/p>\n<p><strong>A pr\u00e9mium kateg\u00f3ri\u00e1s j\u00e1rm\u0171 \u00e1rver\u00e9s\u00e9hez hitelk\u00e1rtya lenyomata\/tart\u00e1sa sz\u00fcks\u00e9ges.<\/strong><\/p>\n","protected":false},"excerpt":{"rendered":"<p>Az itt elad\u00e1sra ker\u00fcl\u0151 aut\u00f3 vitathatatlanul az egyik legjobb teljes\u00edtm\u00e9ny\u0171 modell a kateg\u00f3ri\u00e1j\u00e1ban &#8211; az ikonikus Audi R8. Ez volt, \u00e9s ma is az ingolstadti gy\u00e1rt\u00f3 els\u0151 pr\u00f3b\u00e1lkoz\u00e1sa a szuperaut\u00f3k piac\u00e1n, ami hatalmas sikernek bizonyult. Az elad\u00f3 szerint ez a j\u00e1rm\u0171 teljes k\u00f6r\u0171en karbantartott, \u00e9s nem volt semmilyen baleset, \u00e9s egy megfelel\u0151 CarVertical jelent\u00e9ssel, amely ezt al\u00e1t\u00e1masztja. R\u00e1ad\u00e1sul eddig kevesebb, mint 50 000 km-t tett meg, ami nem sok egy ilyen aut\u00f3t\u00f3l. V\u00e9g\u00fcl, ez a 2015-\u00f6s <strong>Audi R8 V10 plus Quattro <\/strong>jelenleg Belgiumban tal\u00e1lhat\u00f3, ahol \u00faj kora \u00f3ta be van jegyezve. Az aut\u00f3ra aj\u00e1nlatot tehet, ha <a href=\"https:\/\/pistonaddict.com\/contact-us\/\">kapcsolatba l\u00e9p vel\u00fcnk<\/a>.<\/p>\n","protected":false},"featured_media":43351,"comment_status":"open","ping_status":"closed","template":"","meta":{"inline_featured_image":false},"product_cat":[731],"product_tag":[1932,1936,930],"acf":[],"yoast_head":"<!-- This site is optimized with the Yoast SEO plugin v22.5 - https:\/\/yoast.com\/wordpress\/plugins\/seo\/ -->\n<title>aukci\u00f3 - Piston Addict<\/title>\n<meta name=\"description\" content=\"Az itt \u00e1rver\u00e9sre bocs\u00e1tott aut\u00f3 vitathatatlanul az egyik legjobb teljes\u00edtm\u00e9ny\u0171 modell a kateg\u00f3ri\u00e1j\u00e1ban - az ikonikus Audi R8 V10.\" \/>\n<meta name=\"robots\" content=\"index, follow, max-snippet:-1, max-image-preview:large, max-video-preview:-1\" \/>\n<link rel=\"canonical\" href=\"https:\/\/pistonaddict.com\/hu\/product\/audi-r8-v10-red-dynamite\/\" \/>\n<meta property=\"og:locale\" content=\"hu_HU\" \/>\n<meta property=\"og:type\" content=\"article\" \/>\n<meta property=\"og:title\" content=\"aukci\u00f3 - Piston Addict\" \/>\n<meta property=\"og:description\" content=\"Az itt \u00e1rver\u00e9sre bocs\u00e1tott aut\u00f3 vitathatatlanul az egyik legjobb teljes\u00edtm\u00e9ny\u0171 modell a kateg\u00f3ri\u00e1j\u00e1ban - az ikonikus Audi R8 V10.\" \/>\n<meta property=\"og:url\" content=\"https:\/\/pistonaddict.com\/hu\/product\/audi-r8-v10-red-dynamite\/\" \/>\n<meta property=\"og:site_name\" content=\"Piston Addict\" \/>\n<meta property=\"article:modified_time\" content=\"2023-12-20T08:46:35+00:00\" \/>\n<meta property=\"og:image\" content=\"https:\/\/pistonaddict.com\/wp-content\/uploads\/2023\/06\/DSC_0412.jpg\" \/>\n\t<meta property=\"og:image:width\" content=\"2048\" \/>\n\t<meta property=\"og:image:height\" content=\"1365\" \/>\n\t<meta property=\"og:image:type\" content=\"image\/jpeg\" \/>\n<meta name=\"twitter:card\" content=\"summary_large_image\" \/>\n<meta name=\"twitter:label1\" content=\"Becs\u00fclt olvas\u00e1si id\u0151\" \/>\n\t<meta name=\"twitter:data1\" content=\"3 perc\" \/>\n<script type=\"application\/ld+json\" class=\"yoast-schema-graph\">{\"@context\":\"https:\/\/schema.org\",\"@graph\":[{\"@type\":\"WebPage\",\"@id\":\"https:\/\/pistonaddict.com\/hu\/product\/audi-r8-v10-red-dynamite\/\",\"url\":\"https:\/\/pistonaddict.com\/hu\/product\/audi-r8-v10-red-dynamite\/\",\"name\":\"aukci\u00f3 - Piston Addict\",\"isPartOf\":{\"@id\":\"https:\/\/pistonaddict.com\/hu\/#website\"},\"primaryImageOfPage\":{\"@id\":\"https:\/\/pistonaddict.com\/hu\/product\/audi-r8-v10-red-dynamite\/#primaryimage\"},\"image\":{\"@id\":\"https:\/\/pistonaddict.com\/hu\/product\/audi-r8-v10-red-dynamite\/#primaryimage\"},\"thumbnailUrl\":\"https:\/\/pistonaddict.com\/wp-content\/uploads\/2023\/06\/DSC_0412.jpg\",\"datePublished\":\"2023-06-16T13:02:15+00:00\",\"dateModified\":\"2023-12-20T08:46:35+00:00\",\"description\":\"Az itt \u00e1rver\u00e9sre bocs\u00e1tott aut\u00f3 vitathatatlanul az egyik legjobb teljes\u00edtm\u00e9ny\u0171 modell a kateg\u00f3ri\u00e1j\u00e1ban - az ikonikus Audi R8 V10.\",\"breadcrumb\":{\"@id\":\"https:\/\/pistonaddict.com\/hu\/product\/audi-r8-v10-red-dynamite\/#breadcrumb\"},\"inLanguage\":\"hu\",\"potentialAction\":[{\"@type\":\"ReadAction\",\"target\":[\"https:\/\/pistonaddict.com\/hu\/product\/audi-r8-v10-red-dynamite\/\"]}]},{\"@type\":\"ImageObject\",\"inLanguage\":\"hu\",\"@id\":\"https:\/\/pistonaddict.com\/hu\/product\/audi-r8-v10-red-dynamite\/#primaryimage\",\"url\":\"https:\/\/pistonaddict.com\/wp-content\/uploads\/2023\/06\/DSC_0412.jpg\",\"contentUrl\":\"https:\/\/pistonaddict.com\/wp-content\/uploads\/2023\/06\/DSC_0412.jpg\",\"width\":2048,\"height\":1365},{\"@type\":\"BreadcrumbList\",\"@id\":\"https:\/\/pistonaddict.com\/hu\/product\/audi-r8-v10-red-dynamite\/#breadcrumb\",\"itemListElement\":[{\"@type\":\"ListItem\",\"position\":1,\"name\":\"Kezd\u0151lap\",\"item\":\"https:\/\/pistonaddict.com\/hu\/honlap\/\"},{\"@type\":\"ListItem\",\"position\":2,\"name\":\"Auctions\",\"item\":\"https:\/\/pistonaddict.com\/auctions-listing\/\"},{\"@type\":\"ListItem\",\"position\":3,\"name\":\"Audi R8 V10 Red Dynamite\"}]},{\"@type\":\"WebSite\",\"@id\":\"https:\/\/pistonaddict.com\/hu\/#website\",\"url\":\"https:\/\/pistonaddict.com\/hu\/\",\"name\":\"Piston Addict\",\"description\":\"Only interesting vehicles\",\"publisher\":{\"@id\":\"https:\/\/pistonaddict.com\/hu\/#organization\"},\"potentialAction\":[{\"@type\":\"SearchAction\",\"target\":{\"@type\":\"EntryPoint\",\"urlTemplate\":\"https:\/\/pistonaddict.com\/hu\/?s={search_term_string}\"},\"query-input\":\"required name=search_term_string\"}],\"inLanguage\":\"hu\"},{\"@type\":\"Organization\",\"@id\":\"https:\/\/pistonaddict.com\/hu\/#organization\",\"name\":\"Piston Addict\",\"url\":\"https:\/\/pistonaddict.com\/hu\/\",\"logo\":{\"@type\":\"ImageObject\",\"inLanguage\":\"hu\",\"@id\":\"https:\/\/pistonaddict.com\/hu\/#\/schema\/logo\/image\/\",\"url\":\"https:\/\/pistonaddict.com\/wp-content\/uploads\/2022\/07\/logo-6.png\",\"contentUrl\":\"https:\/\/pistonaddict.com\/wp-content\/uploads\/2022\/07\/logo-6.png\",\"width\":970,\"height\":200,\"caption\":\"Piston Addict\"},\"image\":{\"@id\":\"https:\/\/pistonaddict.com\/hu\/#\/schema\/logo\/image\/\"}}]}<\/script>\n<!-- \/ Yoast SEO plugin. -->","yoast_head_json":{"title":"aukci\u00f3 - Piston Addict","description":"Az itt \u00e1rver\u00e9sre bocs\u00e1tott aut\u00f3 vitathatatlanul az egyik legjobb teljes\u00edtm\u00e9ny\u0171 modell a kateg\u00f3ri\u00e1j\u00e1ban - az ikonikus Audi R8 V10.","robots":{"index":"index","follow":"follow","max-snippet":"max-snippet:-1","max-image-preview":"max-image-preview:large","max-video-preview":"max-video-preview:-1"},"canonical":"https:\/\/pistonaddict.com\/hu\/product\/audi-r8-v10-red-dynamite\/","og_locale":"hu_HU","og_type":"article","og_title":"aukci\u00f3 - Piston Addict","og_description":"Az itt \u00e1rver\u00e9sre bocs\u00e1tott aut\u00f3 vitathatatlanul az egyik legjobb teljes\u00edtm\u00e9ny\u0171 modell a kateg\u00f3ri\u00e1j\u00e1ban - az ikonikus Audi R8 V10.","og_url":"https:\/\/pistonaddict.com\/hu\/product\/audi-r8-v10-red-dynamite\/","og_site_name":"Piston Addict","article_modified_time":"2023-12-20T08:46:35+00:00","og_image":[{"width":2048,"height":1365,"url":"https:\/\/pistonaddict.com\/wp-content\/uploads\/2023\/06\/DSC_0412.jpg","type":"image\/jpeg"}],"twitter_card":"summary_large_image","twitter_misc":{"Becs\u00fclt olvas\u00e1si id\u0151":"3 perc"},"schema":{"@context":"https:\/\/schema.org","@graph":[{"@type":"WebPage","@id":"https:\/\/pistonaddict.com\/hu\/product\/audi-r8-v10-red-dynamite\/","url":"https:\/\/pistonaddict.com\/hu\/product\/audi-r8-v10-red-dynamite\/","name":"aukci\u00f3 - Piston Addict","isPartOf":{"@id":"https:\/\/pistonaddict.com\/hu\/#website"},"primaryImageOfPage":{"@id":"https:\/\/pistonaddict.com\/hu\/product\/audi-r8-v10-red-dynamite\/#primaryimage"},"image":{"@id":"https:\/\/pistonaddict.com\/hu\/product\/audi-r8-v10-red-dynamite\/#primaryimage"},"thumbnailUrl":"https:\/\/pistonaddict.com\/wp-content\/uploads\/2023\/06\/DSC_0412.jpg","datePublished":"2023-06-16T13:02:15+00:00","dateModified":"2023-12-20T08:46:35+00:00","description":"Az itt \u00e1rver\u00e9sre bocs\u00e1tott aut\u00f3 vitathatatlanul az egyik legjobb teljes\u00edtm\u00e9ny\u0171 modell a kateg\u00f3ri\u00e1j\u00e1ban - az ikonikus Audi R8 V10.","breadcrumb":{"@id":"https:\/\/pistonaddict.com\/hu\/product\/audi-r8-v10-red-dynamite\/#breadcrumb"},"inLanguage":"hu","potentialAction":[{"@type":"ReadAction","target":["https:\/\/pistonaddict.com\/hu\/product\/audi-r8-v10-red-dynamite\/"]}]},{"@type":"ImageObject","inLanguage":"hu","@id":"https:\/\/pistonaddict.com\/hu\/product\/audi-r8-v10-red-dynamite\/#primaryimage","url":"https:\/\/pistonaddict.com\/wp-content\/uploads\/2023\/06\/DSC_0412.jpg","contentUrl":"https:\/\/pistonaddict.com\/wp-content\/uploads\/2023\/06\/DSC_0412.jpg","width":2048,"height":1365},{"@type":"BreadcrumbList","@id":"https:\/\/pistonaddict.com\/hu\/product\/audi-r8-v10-red-dynamite\/#breadcrumb","itemListElement":[{"@type":"ListItem","position":1,"name":"Kezd\u0151lap","item":"https:\/\/pistonaddict.com\/hu\/honlap\/"},{"@type":"ListItem","position":2,"name":"Auctions","item":"https:\/\/pistonaddict.com\/auctions-listing\/"},{"@type":"ListItem","position":3,"name":"Audi R8 V10 Red Dynamite"}]},{"@type":"WebSite","@id":"https:\/\/pistonaddict.com\/hu\/#website","url":"https:\/\/pistonaddict.com\/hu\/","name":"Piston Addict","description":"Only interesting vehicles","publisher":{"@id":"https:\/\/pistonaddict.com\/hu\/#organization"},"potentialAction":[{"@type":"SearchAction","target":{"@type":"EntryPoint","urlTemplate":"https:\/\/pistonaddict.com\/hu\/?s={search_term_string}"},"query-input":"required name=search_term_string"}],"inLanguage":"hu"},{"@type":"Organization","@id":"https:\/\/pistonaddict.com\/hu\/#organization","name":"Piston Addict","url":"https:\/\/pistonaddict.com\/hu\/","logo":{"@type":"ImageObject","inLanguage":"hu","@id":"https:\/\/pistonaddict.com\/hu\/#\/schema\/logo\/image\/","url":"https:\/\/pistonaddict.com\/wp-content\/uploads\/2022\/07\/logo-6.png","contentUrl":"https:\/\/pistonaddict.com\/wp-content\/uploads\/2022\/07\/logo-6.png","width":970,"height":200,"caption":"Piston Addict"},"image":{"@id":"https:\/\/pistonaddict.com\/hu\/#\/schema\/logo\/image\/"}}]}},"_links":{"self":[{"href":"https:\/\/pistonaddict.com\/hu\/wp-json\/wp\/v2\/product\/45992"}],"collection":[{"href":"https:\/\/pistonaddict.com\/hu\/wp-json\/wp\/v2\/product"}],"about":[{"href":"https:\/\/pistonaddict.com\/hu\/wp-json\/wp\/v2\/types\/product"}],"replies":[{"embeddable":true,"href":"https:\/\/pistonaddict.com\/hu\/wp-json\/wp\/v2\/comments?post=45992"}],"wp:featuredmedia":[{"embeddable":true,"href":"https:\/\/pistonaddict.com\/hu\/wp-json\/wp\/v2\/media\/43351"}],"wp:attachment":[{"href":"https:\/\/pistonaddict.com\/hu\/wp-json\/wp\/v2\/media?parent=45992"}],"wp:term":[{"taxonomy":"product_cat","embeddable":true,"href":"https:\/\/pistonaddict.com\/hu\/wp-json\/wp\/v2\/product_cat?post=45992"},{"taxonomy":"product_tag","embeddable":true,"href":"https:\/\/pistonaddict.com\/hu\/wp-json\/wp\/v2\/product_tag?post=45992"}],"curies":[{"name":"wp","href":"https:\/\/api.w.org\/{rel}","templated":true}]}}