{"id":41981,"date":"2023-06-12T14:22:37","date_gmt":"2023-06-12T12:22:37","guid":{"rendered":"https:\/\/pistonaddict.com\/product\/audi-r8-4-2-fsi-v8\/"},"modified":"2024-03-20T09:15:44","modified_gmt":"2024-03-20T08:15:44","slug":"audi-r8-4-2-2-fsi-v8","status":"publish","type":"product","link":"https:\/\/pistonaddict.com\/hu\/product\/audi-r8-4-2-2-fsi-v8\/","title":{"rendered":"Audi R8 4.2 FSI V8"},"content":{"rendered":"<p><strong>Modell t\u00f6rt\u00e9nete<\/strong><\/p>\n<p>Az R8 nagy szenz\u00e1ci\u00f3t okozott, amikor 2007-ben megjelent, \u00e9s nem csak az Audi els\u0151 szuperaut\u00f3ja volt, de hihetetlen\u00fcl sikeres is volt id\u0151tlen formaterv\u00e9vel \u00e9s fantasztikus hajt\u00e1sl\u00e1nc\u00e1val, amely egy nagy fordulatsz\u00e1m\u00fa V8-asb\u00f3l (k\u00e9s\u0151bb V10-esb\u0151l) \u00e9s a h\u00edres Quattro \u00f6sszker\u00e9khajt\u00e1sb\u00f3l \u00e1llt. Az R8 megjelen\u00e9se nagyon idegess\u00e9 tette a versenyt\u00e1rsakat, hiszen a v\u00e1s\u00e1rl\u00f3k v\u00e9gre lehet\u0151s\u00e9get kaptak arra, hogy egy nagy teljes\u00edtm\u00e9ny\u0171 g\u00e9pet v\u00e1s\u00e1roljanak, AWD-s von\u00f3er\u0151vel \u00e9s Audi min\u0151s\u00e9ggel. Ez\u00e9rt volt az els\u0151 gener\u00e1ci\u00f3s R8 \u00f3ri\u00e1si siker, amelyb\u0151l k\u00f6zel 30.000 p\u00e9ld\u00e1ny k\u00e9sz\u00fclt. Ez a konkr\u00e9t p\u00e9ld\u00e1ny a 2014-es modell, ami azt jelenti, hogy ez egy k\u00e9s\u0151bbi \u00e9s k\u00edv\u00e1natosabb v\u00e1ltozat, amely r\u00e9szes\u00fclt egy kis restyle, jobb funkci\u00f3k \u00e9s finom\u00edtott mechanika. A teljes\u00edtm\u00e9nyr\u0151l egy 4,2 literes FSI V8-as motor gondoskodik, amely 430 l\u00f3er\u0151t ad le, \u00e9s mind a n\u00e9gy ker\u00e9kre egy 7 fokozat\u00fa S Tronic duplakuplungos automata sebess\u00e9gv\u00e1lt\u00f3n kereszt\u00fcl k\u00fcldi. Ez a komb\u00f3 4,2 m\u00e1sodperc alatt k\u00e9pes 0-100 km\/h-ra gyorsulni, a v\u00e9gsebess\u00e9ge pedig valamivel t\u00f6bb mint 300 km\/h, amivel az R8 a szuperaut\u00f3k kateg\u00f3ri\u00e1j\u00e1ba tartozik.<\/p>\n<p><strong>Felt\u00e9tel<\/strong><\/p>\n<p>A mind\u00f6ssze 43 649 km-es kilom\u00e9ter\u00f3r\u00e1val ez az R8 v\u00e9gig ide\u00e1lis \u00e1llapotban van. El\u0151sz\u00f6r 2014 v\u00e9g\u00e9n sz\u00e1ll\u00edtott\u00e1k le eredeti tulajdonos\u00e1nak Hollandi\u00e1ba, a jelenlegi tulajdonosok pedig 2021-ben szerezt\u00e9k meg. Ez az Audi R8 soha nem haszn\u00e1lt\u00e1k a p\u00e1ly\u00e1n, \u00e9s rendszeresen karbantartott a szolg\u00e1ltat\u00e1si nyilv\u00e1ntart\u00e1st az elad\u00f3 \u00e1ltal biztos\u00edtott. Tov\u00e1bb\u00e1, ez a p\u00e9lda teljesen k\u00e9szleten van, mindenf\u00e9le m\u00f3dos\u00edt\u00e1s vagy felesleges kieg\u00e9sz\u00edt\u00e9s n\u00e9lk\u00fcl. Minden gy\u00e1ri felszerel\u00e9s \u00e9s funkci\u00f3 jelen van \u00e9s m\u0171k\u00f6d\u0151k\u00e9pes. Az utols\u00f3 szervizel\u00e9sre az olajcser\u00e9vel egy\u00fctt 2022. okt\u00f3ber v\u00e9g\u00e9n ker\u00fclt sor, a f\u00e9keket pedig 2023 j\u00fanius\u00e1ban jav\u00edtott\u00e1k fel. Az \u00fagynevezett &#8220;hossz\u00fa \u00e9lettartam\u00fa&#8221; szervizel\u00e9s befejez\u0151d\u00f6tt, \u00e9s a gy\u00fajt\u00f3gyerty\u00e1kat kicser\u00e9lt\u00e9k. <strong>Erre az R8-ra 6 h\u00f3nap Bovag garancia<\/strong> vonatkozik, ami csak azt mutatja, hogy makul\u00e1tlan \u00e1llapotban van.<\/p>\n<p><strong>K\u00fcls\u0151 \u00e9s kerekek<\/strong><\/p>\n<p>Az eleg\u00e1ns Panther Black sz\u00ednben f\u00e9nyezett R8 az opcion\u00e1lis karbon csomag el\u0151nyeit \u00e9lvezi, amely sz\u00e9nsz\u00e1las k\u00fcls\u0151 \u00e9s bels\u0151 bet\u00e9teket tartalmaz. Az aut\u00f3 karossz\u00e9ri\u00e1j\u00e1n nincsenek s\u00e9r\u00fcl\u00e9sek, karcol\u00e1sok vagy elsz\u00ednez\u0151d\u00e9sek, a fest\u00e9k t\u00f6k\u00e9letes \u00e1llapotban van. Az egyetlen dolog, ami meg\u00e9rintette a k\u00fcls\u0151 R8-as a jav\u00edtott tart\u00e1ly ny\u00edl\u00e1s (tanksapka ajt\u00f3), amelyet hiteles\u00edtett keresked\u0151 v\u00e9gzett (sz\u00e1mla 2021. m\u00e1jus 5-\u00e9n). A megjelen\u00e9st az opcion\u00e1lis 20 colos ker\u00e9kt\u00e1rcs\u00e1k fokozz\u00e1k, amelyeket friss Pirelli P Zero abroncsok bor\u00edtanak.<\/p>\n<p><strong>Belt\u00e9r<\/strong><\/p>\n<p>A megfelel\u0151 fekete b\u0151r \u00e9s Alcantara kombin\u00e1ci\u00f3val bor\u00edtott bels\u0151 t\u00e9r nem mutatja kop\u00e1s nyomait, \u00e9s a gy\u00e1ri d\u00edsz\u00edt\u0151csomag r\u00e9szek\u00e9nt sz\u00e9nsz\u00e1las bet\u00e9tekkel rendelkezik. Az \u00fcl\u00e9sek opcion\u00e1lis f\u0171t\u00e9si funkci\u00f3val rendelkeznek, \u00e9s minden rendszer (audio, infotainment, HVAC) t\u00f6k\u00e9letes \u00e1llapotban van. A felszerelts\u00e9gi lista r\u00e9szek\u00e9nt \u00e9rdemes megeml\u00edteni, hogy ebben az R8-ban tempomat, es\u0151\u00e9rz\u00e9kel\u0151s ablakt\u00f6rl\u0151k, Bang and Olufsen audiorendszer, automatikusan s\u00f6t\u00e9ted\u0151 t\u00fckr\u00f6k, navig\u00e1ci\u00f3, LED-vil\u00e1g\u00edt\u00e1s \u00e9s m\u00e9g sok minden m\u00e1s tal\u00e1lhat\u00f3.<\/p>\n<p><strong>Dokument\u00e1ci\u00f3<\/strong><\/p>\n<p>Ez a megfelel\u0151 dokument\u00e1ci\u00f3val rendelkez\u0151 haszn\u00e1lt j\u00e1rm\u0171 Hollandi\u00e1ban tal\u00e1lhat\u00f3. A CarFax jelent\u00e9s tiszta, jogi probl\u00e9m\u00e1k nem \u00e1llnak fenn. Vannak feljegyz\u00e9sek a rendszeres karbantart\u00e1sr\u00f3l \u00e9s n\u00e9h\u00e1ny kisebb jav\u00edt\u00e1sr\u00f3l. Nagyon fontos megeml\u00edteni, hogy ez az Audi R8 rendelkezik BPM visszat\u00e9r\u00edt\u00e9ssel. A BPM visszat\u00e9r\u00edt\u00e9s egy holland luxusad\u00f3 visszat\u00e9r\u00edt\u00e9s exportra. <strong> Ez azt jelenti, hogy ha a vev\u0151 az Eur\u00f3pai Uni\u00f3 b\u00e1rmely m\u00e1s orsz\u00e1g\u00e1ban (Hollandia kiv\u00e9tel\u00e9vel) \u00e9l, \u00e9s az aut\u00f3t a v\u00e1s\u00e1rl\u00e1st\u00f3l sz\u00e1m\u00edtott 13 h\u00e9ten bel\u00fcl regisztr\u00e1ltatja haz\u00e1j\u00e1ban, akkor a vev\u0151 5 967 eur\u00f3t kap vissza<\/strong>, ami nagyon k\u00e9nyelmes.<br \/>\nL\u00e1sd a <a href=\"https:\/\/pistonaddict.com\/wp-content\/uploads\/2023\/06\/CARFAX-Vehicle-History-Report-AUDI-R8.pdf\">CarFax ennek az Audi R8-nak<\/a>.<\/p>\n<p><strong>A pr\u00e9mium kateg\u00f3ri\u00e1s j\u00e1rm\u0171 \u00e1rver\u00e9s\u00e9hez hitelk\u00e1rtya lenyomata\/visszatart\u00e1sa (automatikusan felszabadul) sz\u00fcks\u00e9ges.<\/strong><\/p>\n<p>N\u00e9zze meg a gy\u00f6ny\u00f6r\u0171 Audi R8 hidegind\u00edt\u00e1sos vide\u00f3j\u00e1t itt :<\/p>\n<p><iframe title=\"Cold Start video of the Audi R8 4.2 FSI V8 on auction sale\" width=\"1200\" height=\"675\" src=\"https:\/\/www.youtube.com\/embed\/GyBid0aFEiA?feature=oembed\" frameborder=\"0\" allow=\"accelerometer; autoplay; clipboard-write; encrypted-media; gyroscope; picture-in-picture; web-share\" allowfullscreen><\/iframe><\/p>\n","protected":false},"excerpt":{"rendered":"<p>Gyakran hallani a &#8220;mindennapi szuperaut\u00f3&#8221; kifejez\u00e9st; azonban nagyon kev\u00e9s aut\u00f3 ny\u00fajt meggy\u0151z\u0151 teljes\u00edtm\u00e9nyt, haszn\u00e1lhat\u00f3s\u00e1got \u00e9s megb\u00edzhat\u00f3s\u00e1got a mindennapi haszn\u00e1latban. A 2014-es Audi R8 egy ilyen gy\u00f6ngyszem. Er\u0151teljes 4,2 literes V8-as motorj\u00e1val, j\u00f3l megv\u00e1lasztott bels\u0151 ter\u00e9vel \u00e9s t\u00f6k\u00e9letes menetdinamik\u00e1j\u00e1val ez az az aut\u00f3, amelyet \u00fagy \u00e9lvezhetsz mindennap, hogy k\u00f6zben egy teliv\u00e9r szuperaut\u00f3 vezet\u00e9s\u00e9nek minden el\u0151ny\u00e9t \u00e9lvezheted. Az aut\u00f3ra aj\u00e1nlatot tehet, ha <a href=\"https:\/\/pistonaddict.com\/contact-us\/\">kapcsolatba l\u00e9p vel\u00fcnk<\/a>.<\/p>\n","protected":false},"featured_media":41840,"comment_status":"open","ping_status":"closed","template":"","meta":{"inline_featured_image":false},"product_cat":[731],"product_tag":[1905,1904,930],"acf":[],"yoast_head":"<!-- This site is optimized with the Yoast SEO plugin v22.5 - https:\/\/yoast.com\/wordpress\/plugins\/seo\/ -->\n<title>aukci\u00f3 - Piston Addict<\/title>\n<meta name=\"description\" content=\"Ez az Audi R8 a 2014-es modell, ami azt jelenti, hogy ez egy k\u00e9s\u0151bbi \u00e9s k\u00edv\u00e1natosabb v\u00e1ltozat, amely r\u00e9szes\u00fclt egy kis restyle, jobb funkci\u00f3k \u00e9s kifinomult mechanika. A teljes\u00edtm\u00e9nyr\u0151l egy 4,2 literes FSI V8-as motor gondoskodik, amely 430 l\u00f3er\u0151t ad le, \u00e9s mind a n\u00e9gy ker\u00e9kre egy 7 fokozat\u00fa S Tronic duplakuplungos automata sebess\u00e9gv\u00e1lt\u00f3n kereszt\u00fcl k\u00fcldi.\" \/>\n<meta name=\"robots\" content=\"index, follow, max-snippet:-1, max-image-preview:large, max-video-preview:-1\" \/>\n<link rel=\"canonical\" href=\"https:\/\/pistonaddict.com\/hu\/product\/audi-r8-4-2-2-fsi-v8\/\" \/>\n<meta property=\"og:locale\" content=\"hu_HU\" \/>\n<meta property=\"og:type\" content=\"article\" \/>\n<meta property=\"og:title\" content=\"aukci\u00f3 - Piston Addict\" \/>\n<meta property=\"og:description\" content=\"Ez az Audi R8 a 2014-es modell, ami azt jelenti, hogy ez egy k\u00e9s\u0151bbi \u00e9s k\u00edv\u00e1natosabb v\u00e1ltozat, amely r\u00e9szes\u00fclt egy kis restyle, jobb funkci\u00f3k \u00e9s kifinomult mechanika. A teljes\u00edtm\u00e9nyr\u0151l egy 4,2 literes FSI V8-as motor gondoskodik, amely 430 l\u00f3er\u0151t ad le, \u00e9s mind a n\u00e9gy ker\u00e9kre egy 7 fokozat\u00fa S Tronic duplakuplungos automata sebess\u00e9gv\u00e1lt\u00f3n kereszt\u00fcl k\u00fcldi.\" \/>\n<meta property=\"og:url\" content=\"https:\/\/pistonaddict.com\/hu\/product\/audi-r8-4-2-2-fsi-v8\/\" \/>\n<meta property=\"og:site_name\" content=\"Piston Addict\" \/>\n<meta property=\"article:modified_time\" content=\"2024-03-20T08:15:44+00:00\" \/>\n<meta property=\"og:image\" content=\"https:\/\/pistonaddict.com\/wp-content\/uploads\/2023\/06\/foto-5.jpg\" \/>\n\t<meta property=\"og:image:width\" content=\"1024\" \/>\n\t<meta property=\"og:image:height\" content=\"683\" \/>\n\t<meta property=\"og:image:type\" content=\"image\/jpeg\" \/>\n<meta name=\"twitter:card\" content=\"summary_large_image\" \/>\n<meta name=\"twitter:label1\" content=\"Becs\u00fclt olvas\u00e1si id\u0151\" \/>\n\t<meta name=\"twitter:data1\" content=\"4 perc\" \/>\n<script type=\"application\/ld+json\" class=\"yoast-schema-graph\">{\"@context\":\"https:\/\/schema.org\",\"@graph\":[{\"@type\":\"WebPage\",\"@id\":\"https:\/\/pistonaddict.com\/hu\/product\/audi-r8-4-2-2-fsi-v8\/\",\"url\":\"https:\/\/pistonaddict.com\/hu\/product\/audi-r8-4-2-2-fsi-v8\/\",\"name\":\"aukci\u00f3 - Piston Addict\",\"isPartOf\":{\"@id\":\"https:\/\/pistonaddict.com\/hu\/#website\"},\"primaryImageOfPage\":{\"@id\":\"https:\/\/pistonaddict.com\/hu\/product\/audi-r8-4-2-2-fsi-v8\/#primaryimage\"},\"image\":{\"@id\":\"https:\/\/pistonaddict.com\/hu\/product\/audi-r8-4-2-2-fsi-v8\/#primaryimage\"},\"thumbnailUrl\":\"https:\/\/pistonaddict.com\/wp-content\/uploads\/2023\/06\/foto-5.jpg\",\"datePublished\":\"2023-06-12T12:22:37+00:00\",\"dateModified\":\"2024-03-20T08:15:44+00:00\",\"description\":\"Ez az Audi R8 a 2014-es modell, ami azt jelenti, hogy ez egy k\u00e9s\u0151bbi \u00e9s k\u00edv\u00e1natosabb v\u00e1ltozat, amely r\u00e9szes\u00fclt egy kis restyle, jobb funkci\u00f3k \u00e9s kifinomult mechanika. A teljes\u00edtm\u00e9nyr\u0151l egy 4,2 literes FSI V8-as motor gondoskodik, amely 430 l\u00f3er\u0151t ad le, \u00e9s mind a n\u00e9gy ker\u00e9kre egy 7 fokozat\u00fa S Tronic duplakuplungos automata sebess\u00e9gv\u00e1lt\u00f3n kereszt\u00fcl k\u00fcldi.\",\"breadcrumb\":{\"@id\":\"https:\/\/pistonaddict.com\/hu\/product\/audi-r8-4-2-2-fsi-v8\/#breadcrumb\"},\"inLanguage\":\"hu\",\"potentialAction\":[{\"@type\":\"ReadAction\",\"target\":[\"https:\/\/pistonaddict.com\/hu\/product\/audi-r8-4-2-2-fsi-v8\/\"]}]},{\"@type\":\"ImageObject\",\"inLanguage\":\"hu\",\"@id\":\"https:\/\/pistonaddict.com\/hu\/product\/audi-r8-4-2-2-fsi-v8\/#primaryimage\",\"url\":\"https:\/\/pistonaddict.com\/wp-content\/uploads\/2023\/06\/foto-5.jpg\",\"contentUrl\":\"https:\/\/pistonaddict.com\/wp-content\/uploads\/2023\/06\/foto-5.jpg\",\"width\":1024,\"height\":683},{\"@type\":\"BreadcrumbList\",\"@id\":\"https:\/\/pistonaddict.com\/hu\/product\/audi-r8-4-2-2-fsi-v8\/#breadcrumb\",\"itemListElement\":[{\"@type\":\"ListItem\",\"position\":1,\"name\":\"Kezd\u0151lap\",\"item\":\"https:\/\/pistonaddict.com\/hu\/honlap\/\"},{\"@type\":\"ListItem\",\"position\":2,\"name\":\"Auctions\",\"item\":\"https:\/\/pistonaddict.com\/auctions-listing\/\"},{\"@type\":\"ListItem\",\"position\":3,\"name\":\"Audi R8 4.2 FSI V8\"}]},{\"@type\":\"WebSite\",\"@id\":\"https:\/\/pistonaddict.com\/hu\/#website\",\"url\":\"https:\/\/pistonaddict.com\/hu\/\",\"name\":\"Piston Addict\",\"description\":\"Only interesting vehicles\",\"publisher\":{\"@id\":\"https:\/\/pistonaddict.com\/hu\/#organization\"},\"potentialAction\":[{\"@type\":\"SearchAction\",\"target\":{\"@type\":\"EntryPoint\",\"urlTemplate\":\"https:\/\/pistonaddict.com\/hu\/?s={search_term_string}\"},\"query-input\":\"required name=search_term_string\"}],\"inLanguage\":\"hu\"},{\"@type\":\"Organization\",\"@id\":\"https:\/\/pistonaddict.com\/hu\/#organization\",\"name\":\"Piston Addict\",\"url\":\"https:\/\/pistonaddict.com\/hu\/\",\"logo\":{\"@type\":\"ImageObject\",\"inLanguage\":\"hu\",\"@id\":\"https:\/\/pistonaddict.com\/hu\/#\/schema\/logo\/image\/\",\"url\":\"https:\/\/pistonaddict.com\/wp-content\/uploads\/2022\/07\/logo-6.png\",\"contentUrl\":\"https:\/\/pistonaddict.com\/wp-content\/uploads\/2022\/07\/logo-6.png\",\"width\":970,\"height\":200,\"caption\":\"Piston Addict\"},\"image\":{\"@id\":\"https:\/\/pistonaddict.com\/hu\/#\/schema\/logo\/image\/\"}}]}<\/script>\n<!-- \/ Yoast SEO plugin. -->","yoast_head_json":{"title":"aukci\u00f3 - Piston Addict","description":"Ez az Audi R8 a 2014-es modell, ami azt jelenti, hogy ez egy k\u00e9s\u0151bbi \u00e9s k\u00edv\u00e1natosabb v\u00e1ltozat, amely r\u00e9szes\u00fclt egy kis restyle, jobb funkci\u00f3k \u00e9s kifinomult mechanika. A teljes\u00edtm\u00e9nyr\u0151l egy 4,2 literes FSI V8-as motor gondoskodik, amely 430 l\u00f3er\u0151t ad le, \u00e9s mind a n\u00e9gy ker\u00e9kre egy 7 fokozat\u00fa S Tronic duplakuplungos automata sebess\u00e9gv\u00e1lt\u00f3n kereszt\u00fcl k\u00fcldi.","robots":{"index":"index","follow":"follow","max-snippet":"max-snippet:-1","max-image-preview":"max-image-preview:large","max-video-preview":"max-video-preview:-1"},"canonical":"https:\/\/pistonaddict.com\/hu\/product\/audi-r8-4-2-2-fsi-v8\/","og_locale":"hu_HU","og_type":"article","og_title":"aukci\u00f3 - Piston Addict","og_description":"Ez az Audi R8 a 2014-es modell, ami azt jelenti, hogy ez egy k\u00e9s\u0151bbi \u00e9s k\u00edv\u00e1natosabb v\u00e1ltozat, amely r\u00e9szes\u00fclt egy kis restyle, jobb funkci\u00f3k \u00e9s kifinomult mechanika. A teljes\u00edtm\u00e9nyr\u0151l egy 4,2 literes FSI V8-as motor gondoskodik, amely 430 l\u00f3er\u0151t ad le, \u00e9s mind a n\u00e9gy ker\u00e9kre egy 7 fokozat\u00fa S Tronic duplakuplungos automata sebess\u00e9gv\u00e1lt\u00f3n kereszt\u00fcl k\u00fcldi.","og_url":"https:\/\/pistonaddict.com\/hu\/product\/audi-r8-4-2-2-fsi-v8\/","og_site_name":"Piston Addict","article_modified_time":"2024-03-20T08:15:44+00:00","og_image":[{"width":1024,"height":683,"url":"https:\/\/pistonaddict.com\/wp-content\/uploads\/2023\/06\/foto-5.jpg","type":"image\/jpeg"}],"twitter_card":"summary_large_image","twitter_misc":{"Becs\u00fclt olvas\u00e1si id\u0151":"4 perc"},"schema":{"@context":"https:\/\/schema.org","@graph":[{"@type":"WebPage","@id":"https:\/\/pistonaddict.com\/hu\/product\/audi-r8-4-2-2-fsi-v8\/","url":"https:\/\/pistonaddict.com\/hu\/product\/audi-r8-4-2-2-fsi-v8\/","name":"aukci\u00f3 - Piston Addict","isPartOf":{"@id":"https:\/\/pistonaddict.com\/hu\/#website"},"primaryImageOfPage":{"@id":"https:\/\/pistonaddict.com\/hu\/product\/audi-r8-4-2-2-fsi-v8\/#primaryimage"},"image":{"@id":"https:\/\/pistonaddict.com\/hu\/product\/audi-r8-4-2-2-fsi-v8\/#primaryimage"},"thumbnailUrl":"https:\/\/pistonaddict.com\/wp-content\/uploads\/2023\/06\/foto-5.jpg","datePublished":"2023-06-12T12:22:37+00:00","dateModified":"2024-03-20T08:15:44+00:00","description":"Ez az Audi R8 a 2014-es modell, ami azt jelenti, hogy ez egy k\u00e9s\u0151bbi \u00e9s k\u00edv\u00e1natosabb v\u00e1ltozat, amely r\u00e9szes\u00fclt egy kis restyle, jobb funkci\u00f3k \u00e9s kifinomult mechanika. A teljes\u00edtm\u00e9nyr\u0151l egy 4,2 literes FSI V8-as motor gondoskodik, amely 430 l\u00f3er\u0151t ad le, \u00e9s mind a n\u00e9gy ker\u00e9kre egy 7 fokozat\u00fa S Tronic duplakuplungos automata sebess\u00e9gv\u00e1lt\u00f3n kereszt\u00fcl k\u00fcldi.","breadcrumb":{"@id":"https:\/\/pistonaddict.com\/hu\/product\/audi-r8-4-2-2-fsi-v8\/#breadcrumb"},"inLanguage":"hu","potentialAction":[{"@type":"ReadAction","target":["https:\/\/pistonaddict.com\/hu\/product\/audi-r8-4-2-2-fsi-v8\/"]}]},{"@type":"ImageObject","inLanguage":"hu","@id":"https:\/\/pistonaddict.com\/hu\/product\/audi-r8-4-2-2-fsi-v8\/#primaryimage","url":"https:\/\/pistonaddict.com\/wp-content\/uploads\/2023\/06\/foto-5.jpg","contentUrl":"https:\/\/pistonaddict.com\/wp-content\/uploads\/2023\/06\/foto-5.jpg","width":1024,"height":683},{"@type":"BreadcrumbList","@id":"https:\/\/pistonaddict.com\/hu\/product\/audi-r8-4-2-2-fsi-v8\/#breadcrumb","itemListElement":[{"@type":"ListItem","position":1,"name":"Kezd\u0151lap","item":"https:\/\/pistonaddict.com\/hu\/honlap\/"},{"@type":"ListItem","position":2,"name":"Auctions","item":"https:\/\/pistonaddict.com\/auctions-listing\/"},{"@type":"ListItem","position":3,"name":"Audi R8 4.2 FSI V8"}]},{"@type":"WebSite","@id":"https:\/\/pistonaddict.com\/hu\/#website","url":"https:\/\/pistonaddict.com\/hu\/","name":"Piston Addict","description":"Only interesting vehicles","publisher":{"@id":"https:\/\/pistonaddict.com\/hu\/#organization"},"potentialAction":[{"@type":"SearchAction","target":{"@type":"EntryPoint","urlTemplate":"https:\/\/pistonaddict.com\/hu\/?s={search_term_string}"},"query-input":"required name=search_term_string"}],"inLanguage":"hu"},{"@type":"Organization","@id":"https:\/\/pistonaddict.com\/hu\/#organization","name":"Piston Addict","url":"https:\/\/pistonaddict.com\/hu\/","logo":{"@type":"ImageObject","inLanguage":"hu","@id":"https:\/\/pistonaddict.com\/hu\/#\/schema\/logo\/image\/","url":"https:\/\/pistonaddict.com\/wp-content\/uploads\/2022\/07\/logo-6.png","contentUrl":"https:\/\/pistonaddict.com\/wp-content\/uploads\/2022\/07\/logo-6.png","width":970,"height":200,"caption":"Piston Addict"},"image":{"@id":"https:\/\/pistonaddict.com\/hu\/#\/schema\/logo\/image\/"}}]}},"_links":{"self":[{"href":"https:\/\/pistonaddict.com\/hu\/wp-json\/wp\/v2\/product\/41981"}],"collection":[{"href":"https:\/\/pistonaddict.com\/hu\/wp-json\/wp\/v2\/product"}],"about":[{"href":"https:\/\/pistonaddict.com\/hu\/wp-json\/wp\/v2\/types\/product"}],"replies":[{"embeddable":true,"href":"https:\/\/pistonaddict.com\/hu\/wp-json\/wp\/v2\/comments?post=41981"}],"wp:featuredmedia":[{"embeddable":true,"href":"https:\/\/pistonaddict.com\/hu\/wp-json\/wp\/v2\/media\/41840"}],"wp:attachment":[{"href":"https:\/\/pistonaddict.com\/hu\/wp-json\/wp\/v2\/media?parent=41981"}],"wp:term":[{"taxonomy":"product_cat","embeddable":true,"href":"https:\/\/pistonaddict.com\/hu\/wp-json\/wp\/v2\/product_cat?post=41981"},{"taxonomy":"product_tag","embeddable":true,"href":"https:\/\/pistonaddict.com\/hu\/wp-json\/wp\/v2\/product_tag?post=41981"}],"curies":[{"name":"wp","href":"https:\/\/api.w.org\/{rel}","templated":true}]}}