{"id":39225,"date":"2023-04-19T17:31:19","date_gmt":"2023-04-19T15:31:19","guid":{"rendered":"https:\/\/pistonaddict.com\/product\/mclaren-720s\/"},"modified":"2024-03-19T17:52:30","modified_gmt":"2024-03-19T16:52:30","slug":"mclaren-720s","status":"publish","type":"product","link":"https:\/\/pistonaddict.com\/hu\/product\/mclaren-720s\/","title":{"rendered":"McLaren 720S"},"content":{"rendered":"<h2>K\u00fcls\u0151<\/h2>\n<p>Az \u00e9l\u00e9nk narancss\u00e1rga sz\u00edn\u0171re festett McLaren 720S mindenhol felkelti a figyelmet, ahol csak felbukkan. De ugyanilyen lenne b\u00e1rmilyen m\u00e1s sz\u00ednben is, k\u00f6sz\u00f6nhet\u0151en a leny\u0171g\u00f6z\u0151, c\u00e1pa ihlette diz\u00e1jnnak. Az agressz\u00edv els\u0151 r\u00e9sz, az \u00e1ramvonalas sziluett \u00e9s a praktikus, m\u00e9gis sz\u00f3rakoztat\u00f3 pillang\u00f3ajt\u00f3k minden sz\u00f6gb\u0151l leny\u0171g\u00f6z\u0151ek. Ezek k\u00f6z\u00e9 tartoznak az oldals\u00f3 massz\u00edv l\u00e9gkavar\u00f3k, a h\u00e1l\u00f3val bor\u00edtott motort\u00e9r, amely vil\u00e1g\u00edt, ha a gy\u00fajt\u00e1s be van kapcsolva, \u00e9s a h\u00e1ts\u00f3 spoiler, amely kem\u00e9ny f\u00e9kez\u00e9skor felugrik. A f\u00e9kez\u00e9sr\u0151l pedig hatalmas ker\u00e1mia t\u00e1rcs\u00e1k gondoskodnak, amelyek az aut\u00f3 fekete, 19 colos kerekei m\u00f6g\u00f6tt \u00fclnek, Pirelli P Zero abroncsokkal.<\/p>\n<p>M\u00e9gis, ez a k\u00e9t\u00fcl\u00e9ses aut\u00f3 nem csak a show kedv\u00e9\u00e9rt n\u00e9z ki \u00fagy, ahogyan kin\u00e9z, mivel a karossz\u00e9riaform\u00e1k nagy r\u00e9sz\u00e9t az aerodinamika jav\u00edt\u00e1sa \u00e9s a leszor\u00edt\u00f3er\u0151 gener\u00e1l\u00e1sa \u00e9rdek\u00e9ben alak\u00edtott\u00e1k ki. \u00c9s mint ilyen, a McLaren 720S megmutatja, hogy a forma \u00e9s a funkci\u00f3 t\u00f6k\u00e9letes harm\u00f3ni\u00e1ban egyes\u00fclhet.<\/p>\n<h2>Belt\u00e9r<\/h2>\n<p>A McLaren Alcantar\u00e1ba \u00e9s sz\u00e9nsz\u00e1las anyagba \u00f6lt\u00f6ztetett belseje m\u00e9g ink\u00e1bb el\u00e1rulja, mennyire p\u00e1lyaorient\u00e1lt ez az aut\u00f3. Az els\u0151 egy p\u00e1r sportos \u00fcl\u00e9s, amelyek \u00fagy vannak kialak\u00edtva, hogy a vezet\u0151t \u00e9s az utast az \u00e9les kanyarokban is szil\u00e1rdan r\u00f6gz\u00edts\u00e9k. Azt\u00e1n ott van a h\u00e1rom k\u00fcll\u0151s, b\u0151rrel bor\u00edtott korm\u00e1nyker\u00e9k, amely egy digit\u00e1lis m\u0171szeregys\u00e9get keretez. Standard \u00fczemm\u00f3dban k\u00fcl\u00f6nb\u00f6z\u0151 motor- \u00e9s j\u00e1rm\u0171param\u00e9tereket, p\u00e9ld\u00e1ul a fordulatsz\u00e1mot \u00e9s a motorh\u0151m\u00e9rs\u00e9kletet jelen\u00edti meg. A Track \u00fczemm\u00f3d bekapcsol\u00e1sakor azonban az eg\u00e9sz m\u0171szeregys\u00e9g lefel\u00e9 billen, \u00e9s a tetej\u00e9n egy kis kijelz\u0151 jelenik meg, amelyen csak a fordulatsz\u00e1mm\u00e9r\u0151, a sebess\u00e9g \u00e9s a kiv\u00e1lasztott sebess\u00e9gfokozat l\u00e1that\u00f3. V\u00e9g\u00fcl a k\u00f6z\u00e9pkonzol gy\u00e9ren, de funkcion\u00e1lisan felszerelt, alapvet\u0151 fontoss\u00e1g\u00fa gombokkal \u00e9s gombokkal, amelyeket egy vezet\u0151k\u00f6zpont\u00fa, k\u00f6z\u00e9ps\u0151 \u00e9rint\u0151k\u00e9perny\u0151s kijelz\u0151 k\u00eds\u00e9r.<\/p>\n<h2>Mechanika<\/h2>\n<p>Az eleg\u00e1ns \u00e9s aerodinamikusan form\u00e1zott h\u00e9j alatt a 720S sz\u00e9nsz\u00e1las monocoque v\u00e1zszerkezetet kapott, amelyet a McLaren MonoCage-nek nevez. Ez az F1 ihlette szerkezet nemcsak k\u00f6nny\u0171, de rendk\u00edv\u00fcl merev is, ami cs\u00f6kkenti a karossz\u00e9ria elhajl\u00e1s\u00e1t neh\u00e9z kanyarokban.<\/p>\n<p>Minden szupersportkocsi sz\u00edve a motor, amely a McLaren eset\u00e9ben k\u00f6zvetlen\u00fcl az \u00fcl\u00e9sek m\u00f6g\u00f6tt kapott helyet. A gy\u00e1ri felszerelts\u00e9gben az ott rejt\u0151z\u0151 ikerturb\u00f3s V8-as 720 l\u00f3er\u0151t teljes\u00edt &#8211; ennek a sz\u00e1mnak k\u00f6sz\u00f6nheti az aut\u00f3 a nev\u00e9t &#8211; \u00e9s elk\u00e9peszt\u0151 770 Nm nyomat\u00e9kot. Az er\u0151t egy f\u00fcrge, 7 sebess\u00e9ges duplakuplungos sebess\u00e9gv\u00e1lt\u00f3 k\u00fcldi a h\u00e1ts\u00f3 kerekekhez.<\/p>\n<p>Mindez egy mind\u00f6ssze 1400 kilogrammos aut\u00f3ban, ami b\u0151ven el\u00e9g a kiv\u00e1l\u00f3 kezelhet\u0151s\u00e9ghez \u00e9s teljes\u00edtm\u00e9nyhez. Sz\u00e1mokban kifejezve ez 2,9 m\u00e1sodperces 0-100-as gyorsul\u00e1st \u00e9s 212 m\u00e9rf\u00f6ld\/\u00f3r\u00e1s v\u00e9gsebess\u00e9get jelent. Ez azonban nem egy \u00e1tlagos, gy\u00e1ri hangol\u00e1s\u00fa McLaren 720S. Ehelyett a tulajdonosa egy Litchfield Custom Tune-t szerelt bele, amely 800 l\u00f3er\u0151re n\u00f6veli a motor teljes\u00edtm\u00e9ny\u00e9t.<\/p>\n<h2>A j\u00e1rm\u0171 t\u00f6rt\u00e9nete<\/h2>\n<p>Az elad\u00f3 szerint az \u00f6sszes karbantart\u00e1si munk\u00e1t rendszeresen elv\u00e9gezt\u00e9k, az utols\u00f3 szerviz 2022 okt\u00f3ber\u00e9ben t\u00f6rt\u00e9nt. Jelenleg nincsenek ismert hib\u00e1k vagy figyelmeztet\u00e9sek a m\u0171szerfalon. Tov\u00e1bb\u00e1, a mell\u00e9kelt fot\u00f3k alapj\u00e1n a karossz\u00e9ria hib\u00e1i nem jelenthet\u0151k.<\/p>\n","protected":false},"excerpt":{"rendered":"<p>Itthon kaphat\u00f3 a McLaren 720S, amely vitathatatlanul az egyik legjobb teljes\u00edtm\u00e9ny\u0171 aut\u00f3 a kateg\u00f3ri\u00e1j\u00e1ban. A turb\u00f3felt\u00f6lt\u0151s V8-as motorral \u00e9s a legmodernebb felf\u00fcggeszt\u00e9ssel ez a kup\u00e9 elk\u00e9peszt\u0151en gyors az egyenesekben \u00e9s a kanyarokban. Az \u00e1rver\u00e9sre bocs\u00e1t\u00f3 profi elad\u00f3 szerint ez a 2017-es McLaren 720S kifog\u00e1stalan, teljesen karbantartott, \u00e9s nem volt balesetben \u00e9rintett. Eddig valamivel t\u00f6bb mint 4000 m\u00e9rf\u00f6ldet tett meg, \u00e9s jelenleg az Egyes\u00fclt Kir\u00e1lys\u00e1gban tal\u00e1lhat\u00f3.<\/p>\n","protected":false},"featured_media":39158,"comment_status":"open","ping_status":"closed","template":"","meta":{"inline_featured_image":false},"product_cat":[731],"product_tag":[1658,1653,930,1648],"acf":[],"yoast_head":"<!-- This site is optimized with the Yoast SEO plugin v22.5 - https:\/\/yoast.com\/wordpress\/plugins\/seo\/ -->\n<title>aukci\u00f3 - Piston Addict<\/title>\n<meta name=\"description\" content=\"N\u00e9zze meg ezt a McLaren 720S-t a PistonAddict.com-on \u00e1rver\u00e9sre bocs\u00e1tva\" \/>\n<meta name=\"robots\" content=\"index, follow, max-snippet:-1, max-image-preview:large, max-video-preview:-1\" \/>\n<link rel=\"canonical\" href=\"https:\/\/pistonaddict.com\/hu\/product\/mclaren-720s\/\" \/>\n<meta property=\"og:locale\" content=\"hu_HU\" \/>\n<meta property=\"og:type\" content=\"article\" \/>\n<meta property=\"og:title\" content=\"aukci\u00f3 - Piston Addict\" \/>\n<meta property=\"og:description\" content=\"N\u00e9zze meg ezt a McLaren 720S-t a PistonAddict.com-on \u00e1rver\u00e9sre bocs\u00e1tva\" \/>\n<meta property=\"og:url\" content=\"https:\/\/pistonaddict.com\/hu\/product\/mclaren-720s\/\" \/>\n<meta property=\"og:site_name\" content=\"Piston Addict\" \/>\n<meta property=\"article:modified_time\" content=\"2024-03-19T16:52:30+00:00\" \/>\n<meta property=\"og:image\" content=\"https:\/\/pistonaddict.com\/wp-content\/uploads\/2023\/04\/LuxurycarLondonApril11PistonAddict_0851-scaled.jpg\" \/>\n\t<meta property=\"og:image:width\" content=\"2560\" \/>\n\t<meta property=\"og:image:height\" content=\"1534\" \/>\n\t<meta property=\"og:image:type\" content=\"image\/jpeg\" \/>\n<meta name=\"twitter:card\" content=\"summary_large_image\" \/>\n<meta name=\"twitter:label1\" content=\"Becs\u00fclt olvas\u00e1si id\u0151\" \/>\n\t<meta name=\"twitter:data1\" content=\"3 perc\" \/>\n<script type=\"application\/ld+json\" class=\"yoast-schema-graph\">{\"@context\":\"https:\/\/schema.org\",\"@graph\":[{\"@type\":\"WebPage\",\"@id\":\"https:\/\/pistonaddict.com\/hu\/product\/mclaren-720s\/\",\"url\":\"https:\/\/pistonaddict.com\/hu\/product\/mclaren-720s\/\",\"name\":\"aukci\u00f3 - Piston Addict\",\"isPartOf\":{\"@id\":\"https:\/\/pistonaddict.com\/hu\/#website\"},\"primaryImageOfPage\":{\"@id\":\"https:\/\/pistonaddict.com\/hu\/product\/mclaren-720s\/#primaryimage\"},\"image\":{\"@id\":\"https:\/\/pistonaddict.com\/hu\/product\/mclaren-720s\/#primaryimage\"},\"thumbnailUrl\":\"https:\/\/pistonaddict.com\/wp-content\/uploads\/2023\/04\/LuxurycarLondonApril11PistonAddict_0851-scaled.jpg\",\"datePublished\":\"2023-04-19T15:31:19+00:00\",\"dateModified\":\"2024-03-19T16:52:30+00:00\",\"description\":\"N\u00e9zze meg ezt a McLaren 720S-t a PistonAddict.com-on \u00e1rver\u00e9sre bocs\u00e1tva\",\"breadcrumb\":{\"@id\":\"https:\/\/pistonaddict.com\/hu\/product\/mclaren-720s\/#breadcrumb\"},\"inLanguage\":\"hu\",\"potentialAction\":[{\"@type\":\"ReadAction\",\"target\":[\"https:\/\/pistonaddict.com\/hu\/product\/mclaren-720s\/\"]}]},{\"@type\":\"ImageObject\",\"inLanguage\":\"hu\",\"@id\":\"https:\/\/pistonaddict.com\/hu\/product\/mclaren-720s\/#primaryimage\",\"url\":\"https:\/\/pistonaddict.com\/wp-content\/uploads\/2023\/04\/LuxurycarLondonApril11PistonAddict_0851-scaled.jpg\",\"contentUrl\":\"https:\/\/pistonaddict.com\/wp-content\/uploads\/2023\/04\/LuxurycarLondonApril11PistonAddict_0851-scaled.jpg\",\"width\":2560,\"height\":1534},{\"@type\":\"BreadcrumbList\",\"@id\":\"https:\/\/pistonaddict.com\/hu\/product\/mclaren-720s\/#breadcrumb\",\"itemListElement\":[{\"@type\":\"ListItem\",\"position\":1,\"name\":\"Kezd\u0151lap\",\"item\":\"https:\/\/pistonaddict.com\/hu\/honlap\/\"},{\"@type\":\"ListItem\",\"position\":2,\"name\":\"Auctions\",\"item\":\"https:\/\/pistonaddict.com\/auctions-listing\/\"},{\"@type\":\"ListItem\",\"position\":3,\"name\":\"McLaren 720S\"}]},{\"@type\":\"WebSite\",\"@id\":\"https:\/\/pistonaddict.com\/hu\/#website\",\"url\":\"https:\/\/pistonaddict.com\/hu\/\",\"name\":\"Piston Addict\",\"description\":\"Only interesting vehicles\",\"publisher\":{\"@id\":\"https:\/\/pistonaddict.com\/hu\/#organization\"},\"potentialAction\":[{\"@type\":\"SearchAction\",\"target\":{\"@type\":\"EntryPoint\",\"urlTemplate\":\"https:\/\/pistonaddict.com\/hu\/?s={search_term_string}\"},\"query-input\":\"required name=search_term_string\"}],\"inLanguage\":\"hu\"},{\"@type\":\"Organization\",\"@id\":\"https:\/\/pistonaddict.com\/hu\/#organization\",\"name\":\"Piston Addict\",\"url\":\"https:\/\/pistonaddict.com\/hu\/\",\"logo\":{\"@type\":\"ImageObject\",\"inLanguage\":\"hu\",\"@id\":\"https:\/\/pistonaddict.com\/hu\/#\/schema\/logo\/image\/\",\"url\":\"https:\/\/pistonaddict.com\/wp-content\/uploads\/2022\/07\/logo-6.png\",\"contentUrl\":\"https:\/\/pistonaddict.com\/wp-content\/uploads\/2022\/07\/logo-6.png\",\"width\":970,\"height\":200,\"caption\":\"Piston Addict\"},\"image\":{\"@id\":\"https:\/\/pistonaddict.com\/hu\/#\/schema\/logo\/image\/\"}}]}<\/script>\n<!-- \/ Yoast SEO plugin. -->","yoast_head_json":{"title":"aukci\u00f3 - Piston Addict","description":"N\u00e9zze meg ezt a McLaren 720S-t a PistonAddict.com-on \u00e1rver\u00e9sre bocs\u00e1tva","robots":{"index":"index","follow":"follow","max-snippet":"max-snippet:-1","max-image-preview":"max-image-preview:large","max-video-preview":"max-video-preview:-1"},"canonical":"https:\/\/pistonaddict.com\/hu\/product\/mclaren-720s\/","og_locale":"hu_HU","og_type":"article","og_title":"aukci\u00f3 - Piston Addict","og_description":"N\u00e9zze meg ezt a McLaren 720S-t a PistonAddict.com-on \u00e1rver\u00e9sre bocs\u00e1tva","og_url":"https:\/\/pistonaddict.com\/hu\/product\/mclaren-720s\/","og_site_name":"Piston Addict","article_modified_time":"2024-03-19T16:52:30+00:00","og_image":[{"width":2560,"height":1534,"url":"https:\/\/pistonaddict.com\/wp-content\/uploads\/2023\/04\/LuxurycarLondonApril11PistonAddict_0851-scaled.jpg","type":"image\/jpeg"}],"twitter_card":"summary_large_image","twitter_misc":{"Becs\u00fclt olvas\u00e1si id\u0151":"3 perc"},"schema":{"@context":"https:\/\/schema.org","@graph":[{"@type":"WebPage","@id":"https:\/\/pistonaddict.com\/hu\/product\/mclaren-720s\/","url":"https:\/\/pistonaddict.com\/hu\/product\/mclaren-720s\/","name":"aukci\u00f3 - Piston Addict","isPartOf":{"@id":"https:\/\/pistonaddict.com\/hu\/#website"},"primaryImageOfPage":{"@id":"https:\/\/pistonaddict.com\/hu\/product\/mclaren-720s\/#primaryimage"},"image":{"@id":"https:\/\/pistonaddict.com\/hu\/product\/mclaren-720s\/#primaryimage"},"thumbnailUrl":"https:\/\/pistonaddict.com\/wp-content\/uploads\/2023\/04\/LuxurycarLondonApril11PistonAddict_0851-scaled.jpg","datePublished":"2023-04-19T15:31:19+00:00","dateModified":"2024-03-19T16:52:30+00:00","description":"N\u00e9zze meg ezt a McLaren 720S-t a PistonAddict.com-on \u00e1rver\u00e9sre bocs\u00e1tva","breadcrumb":{"@id":"https:\/\/pistonaddict.com\/hu\/product\/mclaren-720s\/#breadcrumb"},"inLanguage":"hu","potentialAction":[{"@type":"ReadAction","target":["https:\/\/pistonaddict.com\/hu\/product\/mclaren-720s\/"]}]},{"@type":"ImageObject","inLanguage":"hu","@id":"https:\/\/pistonaddict.com\/hu\/product\/mclaren-720s\/#primaryimage","url":"https:\/\/pistonaddict.com\/wp-content\/uploads\/2023\/04\/LuxurycarLondonApril11PistonAddict_0851-scaled.jpg","contentUrl":"https:\/\/pistonaddict.com\/wp-content\/uploads\/2023\/04\/LuxurycarLondonApril11PistonAddict_0851-scaled.jpg","width":2560,"height":1534},{"@type":"BreadcrumbList","@id":"https:\/\/pistonaddict.com\/hu\/product\/mclaren-720s\/#breadcrumb","itemListElement":[{"@type":"ListItem","position":1,"name":"Kezd\u0151lap","item":"https:\/\/pistonaddict.com\/hu\/honlap\/"},{"@type":"ListItem","position":2,"name":"Auctions","item":"https:\/\/pistonaddict.com\/auctions-listing\/"},{"@type":"ListItem","position":3,"name":"McLaren 720S"}]},{"@type":"WebSite","@id":"https:\/\/pistonaddict.com\/hu\/#website","url":"https:\/\/pistonaddict.com\/hu\/","name":"Piston Addict","description":"Only interesting vehicles","publisher":{"@id":"https:\/\/pistonaddict.com\/hu\/#organization"},"potentialAction":[{"@type":"SearchAction","target":{"@type":"EntryPoint","urlTemplate":"https:\/\/pistonaddict.com\/hu\/?s={search_term_string}"},"query-input":"required name=search_term_string"}],"inLanguage":"hu"},{"@type":"Organization","@id":"https:\/\/pistonaddict.com\/hu\/#organization","name":"Piston Addict","url":"https:\/\/pistonaddict.com\/hu\/","logo":{"@type":"ImageObject","inLanguage":"hu","@id":"https:\/\/pistonaddict.com\/hu\/#\/schema\/logo\/image\/","url":"https:\/\/pistonaddict.com\/wp-content\/uploads\/2022\/07\/logo-6.png","contentUrl":"https:\/\/pistonaddict.com\/wp-content\/uploads\/2022\/07\/logo-6.png","width":970,"height":200,"caption":"Piston Addict"},"image":{"@id":"https:\/\/pistonaddict.com\/hu\/#\/schema\/logo\/image\/"}}]}},"_links":{"self":[{"href":"https:\/\/pistonaddict.com\/hu\/wp-json\/wp\/v2\/product\/39225"}],"collection":[{"href":"https:\/\/pistonaddict.com\/hu\/wp-json\/wp\/v2\/product"}],"about":[{"href":"https:\/\/pistonaddict.com\/hu\/wp-json\/wp\/v2\/types\/product"}],"replies":[{"embeddable":true,"href":"https:\/\/pistonaddict.com\/hu\/wp-json\/wp\/v2\/comments?post=39225"}],"wp:featuredmedia":[{"embeddable":true,"href":"https:\/\/pistonaddict.com\/hu\/wp-json\/wp\/v2\/media\/39158"}],"wp:attachment":[{"href":"https:\/\/pistonaddict.com\/hu\/wp-json\/wp\/v2\/media?parent=39225"}],"wp:term":[{"taxonomy":"product_cat","embeddable":true,"href":"https:\/\/pistonaddict.com\/hu\/wp-json\/wp\/v2\/product_cat?post=39225"},{"taxonomy":"product_tag","embeddable":true,"href":"https:\/\/pistonaddict.com\/hu\/wp-json\/wp\/v2\/product_tag?post=39225"}],"curies":[{"name":"wp","href":"https:\/\/api.w.org\/{rel}","templated":true}]}}