{"id":37945,"date":"2023-04-19T16:55:04","date_gmt":"2023-04-19T14:55:04","guid":{"rendered":"https:\/\/pistonaddict.com\/product\/ferrari-412\/"},"modified":"2024-03-19T17:50:34","modified_gmt":"2024-03-19T16:50:34","slug":"ferrari-412","status":"publish","type":"product","link":"https:\/\/pistonaddict.com\/hu\/product\/ferrari-412\/","title":{"rendered":"Ferrari 412"},"content":{"rendered":"<p><strong>Aut\u00f3 t\u00f6rt\u00e9nete<\/strong><\/p>\n<p>A Ferrari 412 1985-ben mutatkozott be a v\u00e1llalat GT cs\u00facsmodelljek\u00e9nt, n\u00e9gy utasnak \u00e9s t\u00e1gas csomagtart\u00f3nak k\u00edn\u00e1lva helyet. A klasszikus Colombo V12-es motorral hajtott, 4,9 literes henger\u0171rtartalommal, a klasszikus Ferrari GT-korszak egyik utols\u00f3 v\u00e1ltozat\u00e1t k\u00e9pviseli. A 340 l\u00f3er\u0151s, a h\u00e1ts\u00f3 kerekeket Borg-Warner automata sebess\u00e9gv\u00e1lt\u00f3n kereszt\u00fcl hajt\u00f3 Ferrari 412 mind\u00f6ssze 6,5 m\u00e1sodperc alatt \u00e9ri el a 100 km\/\u00f3r\u00e1s sebess\u00e9get, \u00e9s eg\u00e9szen 260 km\/\u00f3r\u00e1s v\u00e9gsebess\u00e9gig gyorsul. Ez a p\u00e9ld\u00e1ny az egyik utols\u00f3 gy\u00e1rtott p\u00e9ld\u00e1ny, amelyet 1988 november\u00e9ben sz\u00e1ll\u00edtottak le az els\u0151 tulajdonosnak. A gy\u00e1rt\u00e1s 1989-ben \u00e9rt v\u00e9get, miut\u00e1n 576 aut\u00f3t sz\u00e1ll\u00edtottak le, \u00e9s csak 306-ot automata sebess\u00e9gv\u00e1lt\u00f3val. Az utols\u00f3 szervizel\u00e9s 2021 \u00e1prilis\u00e1ban t\u00f6rt\u00e9nt, \u00e9s az aut\u00f3t az\u00f3ta alig haszn\u00e1lt\u00e1k.<\/p>\n<p><strong>Aut\u00f3 \u00e1llapota<\/strong><\/p>\n<p>Ami ezt az eleg\u00e1ns GT-t annyira vonz\u00f3v\u00e1 teszi, az az \u00e1llapota. A kevesebb mint 37.000 kilom\u00e9tert futott, az \u00faj, ez egy t\u00f6k\u00e9letesen meg\u0151rz\u00f6tt p\u00e9ld\u00e1ja a &#8217;80-as \u00e9vek Ferrari elegancia. Ezt az aut\u00f3t soha nem restaur\u00e1lt\u00e1k, \u00e9s figyelemre m\u00e9lt\u00f3 eredeti \u00e1llapot\u00e1ban van, eg\u00e9szen az eredeti kerekekig, a szersz\u00e1mk\u00e9szletig (a Ferrari-gy\u0171jt\u0151k k\u00f6r\u00e9ben nagyra becs\u00fclt r\u00e9szlet) \u00e9s a gy\u00e1ri hib\u00e1tlan gumikig, ami manaps\u00e1g el\u00e9g szokatlan. Ez a Ferrari 412 megfelel\u0151en karbantartott \u00e9s gar\u00e1zsban tartott, ami az egyik oka annak, hogy \u00fagy n\u00e9z ki, mintha \u00faj lenne. A fut\u00f3m\u0171ben nincs olajsziv\u00e1rg\u00e1s, a motort\u00e9r rendezett, \u00e9s minden eredeti b\u00e9lyegz\u0151 \u00e9s jel\u00f6l\u00e9s megvan.<\/p>\n<p><strong>Belt\u00e9r<\/strong><\/p>\n<p>Ahogy az v\u00e1rhat\u00f3 volt, ennek az 1988-as Ferrari 412-esnek a belseje b\u0151rrel bor\u00edtott, \u00e9s a fekete k\u00fcls\u0151 \u00e9s a barna \u00fcl\u00e9sek sz\u00ednkombin\u00e1ci\u00f3ja k\u00fcl\u00f6n\u00f6sen vonz\u00f3. Nincsenek l\u00e1that\u00f3 s\u00e9r\u00fcl\u00e9sek, \u00e9s az \u00fcl\u00e9sek, az ajt\u00f3k\u00e1rty\u00e1k \u00e9s a m\u0171szerfal makul\u00e1tlan \u00e1llapotban vannak. Term\u00e9szetesen, mint egy luxus GT, ami ez a Ferrari 412 minden bizonnyal, a bels\u0151 t\u00e9r tele van k\u00e9nyelemmel, elektromos tartoz\u00e9kokkal \u00e9s m\u0171k\u00f6d\u0151 kl\u00edmaberendez\u00e9ssel. Az egyetlen dolog, ami nem eredeti, az az audiorendszer fejegys\u00e9ge, amelyet modernre cser\u00e9ltek.<\/p>\n<p><strong>K\u00fcls\u0151 \u00e9s kerekek<\/strong><\/p>\n<p>Minden k\u00fcls\u0151 d\u00edsz\u00edt\u0151elem, d\u00edszl\u00e9c \u00e9s m\u0171anyag alkatr\u00e9sz t\u00f6k\u00e9letes \u00e1llapotban van, \u00e9s nincs rozsda, ahogy az egy j\u00f3l gondozott j\u00e1rm\u0171t\u0151l elv\u00e1rhat\u00f3. Nincsenek karcol\u00e1sok vagy horpad\u00e1sok, \u00e9s a fest\u00e9k ide\u00e1lis \u00e1llapotban van. \u00c9rdekes, hogy az aut\u00f3 megtartotta az eredeti kerekeket \u00e9s TRX gumit, amelyekkel \u00faj kor\u00e1ban rendelkezett. A Ferrari 412 tulajdonosai k\u00f6z\u00fcl n\u00e9h\u00e1nyan modernebb kerekeket cser\u00e9ltek, mivel TRX abroncsokat neh\u00e9z tal\u00e1lni, de ennek a p\u00e9ld\u00e1nynak a tulajdonosa h\u0171 maradt az eredeti specifik\u00e1ci\u00f3hoz, ami sz\u00e9p h\u00faz\u00e1s, \u00e9s mutatja, mennyire j\u00f3l gondozt\u00e1k az aut\u00f3t.<\/p>\n<p><strong>Dokument\u00e1ci\u00f3<\/strong><\/p>\n<p>Ez egy mag\u00e1ntulajdonban l\u00e9v\u0151, megfelel\u0151 dokument\u00e1ci\u00f3val rendelkez\u0151 j\u00e1rm\u0171, amely Londonban, az Egyes\u00fclt Kir\u00e1lys\u00e1gban tal\u00e1lhat\u00f3. A CarVertical jelent\u00e9s tiszta, nincs bizony\u00edt\u00e9k balesetekre, baleseti jav\u00edt\u00e1sokra vagy jogi probl\u00e9m\u00e1kra. A rendszeres karbantart\u00e1sr\u00f3l nyilv\u00e1ntart\u00e1s van.<\/p>\n","protected":false},"excerpt":{"rendered":"<p>A Ferrari V12-es GT-i mindig is fens\u00e9ges vezet\u00e9si g\u00e9pezetek voltak, amelyek nagy sebess\u00e9ggel k\u00e9pesek voltak kontinenseket \u00e1tugrani, \u00e9s leny\u0171g\u00f6z\u0151 k\u00e9nyelmet biztos\u00edtottak, \u00e9s ez az 1988-as 412-es sem k\u00fcl\u00f6nb\u00f6zik ett\u0151l. A k\u00edv\u00e1natos k\u00e9s\u0151i modell rendelkezik minden \u00f6sszetev\u0151je egy kiv\u00e1l\u00f3 befektet\u00e9s Ferrari egy er\u0151s V12-es motor, t\u00f6k\u00e9letes sz\u00ednkombin\u00e1ci\u00f3, \u00e9s makul\u00e1tlan \u00e1llapotban, mind\u00f6ssze 37.000 kilom\u00e9tert az \u00faj.<\/p>\n","protected":false},"featured_media":37879,"comment_status":"open","ping_status":"closed","template":"","meta":{"inline_featured_image":false},"product_cat":[731],"product_tag":[1568,1573,930,1570],"acf":[],"yoast_head":"<!-- This site is optimized with the Yoast SEO plugin v22.5 - https:\/\/yoast.com\/wordpress\/plugins\/seo\/ -->\n<title>aukci\u00f3 - Piston Addict<\/title>\n<meta name=\"description\" content=\"N\u00e9zze meg ezt a PistonAddict.com-on \u00e1rver\u00e9sre bocs\u00e1tott Ferrari 412-es aut\u00f3t automata v\u00e1lt\u00f3val \u00e9s mind\u00f6ssze 36 971 km-rel.\" \/>\n<meta name=\"robots\" content=\"index, follow, max-snippet:-1, max-image-preview:large, max-video-preview:-1\" \/>\n<link rel=\"canonical\" href=\"https:\/\/pistonaddict.com\/hu\/product\/ferrari-412\/\" \/>\n<meta property=\"og:locale\" content=\"hu_HU\" \/>\n<meta property=\"og:type\" content=\"article\" \/>\n<meta property=\"og:title\" content=\"aukci\u00f3 - Piston Addict\" \/>\n<meta property=\"og:description\" content=\"N\u00e9zze meg ezt a PistonAddict.com-on \u00e1rver\u00e9sre bocs\u00e1tott Ferrari 412-es aut\u00f3t automata v\u00e1lt\u00f3val \u00e9s mind\u00f6ssze 36 971 km-rel.\" \/>\n<meta property=\"og:url\" content=\"https:\/\/pistonaddict.com\/hu\/product\/ferrari-412\/\" \/>\n<meta property=\"og:site_name\" content=\"Piston Addict\" \/>\n<meta property=\"article:modified_time\" content=\"2024-03-19T16:50:34+00:00\" \/>\n<meta property=\"og:image\" content=\"https:\/\/pistonaddict.com\/wp-content\/uploads\/2023\/04\/LuxurycarLondonApril11PistonAddict_0358-scaled.jpg\" \/>\n\t<meta property=\"og:image:width\" content=\"2560\" \/>\n\t<meta property=\"og:image:height\" content=\"1737\" \/>\n\t<meta property=\"og:image:type\" content=\"image\/jpeg\" \/>\n<meta name=\"twitter:card\" content=\"summary_large_image\" \/>\n<meta name=\"twitter:label1\" content=\"Becs\u00fclt olvas\u00e1si id\u0151\" \/>\n\t<meta name=\"twitter:data1\" content=\"3 perc\" \/>\n<script type=\"application\/ld+json\" class=\"yoast-schema-graph\">{\"@context\":\"https:\/\/schema.org\",\"@graph\":[{\"@type\":\"WebPage\",\"@id\":\"https:\/\/pistonaddict.com\/hu\/product\/ferrari-412\/\",\"url\":\"https:\/\/pistonaddict.com\/hu\/product\/ferrari-412\/\",\"name\":\"aukci\u00f3 - Piston Addict\",\"isPartOf\":{\"@id\":\"https:\/\/pistonaddict.com\/hu\/#website\"},\"primaryImageOfPage\":{\"@id\":\"https:\/\/pistonaddict.com\/hu\/product\/ferrari-412\/#primaryimage\"},\"image\":{\"@id\":\"https:\/\/pistonaddict.com\/hu\/product\/ferrari-412\/#primaryimage\"},\"thumbnailUrl\":\"https:\/\/pistonaddict.com\/wp-content\/uploads\/2023\/04\/LuxurycarLondonApril11PistonAddict_0358-scaled.jpg\",\"datePublished\":\"2023-04-19T14:55:04+00:00\",\"dateModified\":\"2024-03-19T16:50:34+00:00\",\"description\":\"N\u00e9zze meg ezt a PistonAddict.com-on \u00e1rver\u00e9sre bocs\u00e1tott Ferrari 412-es aut\u00f3t automata v\u00e1lt\u00f3val \u00e9s mind\u00f6ssze 36 971 km-rel.\",\"breadcrumb\":{\"@id\":\"https:\/\/pistonaddict.com\/hu\/product\/ferrari-412\/#breadcrumb\"},\"inLanguage\":\"hu\",\"potentialAction\":[{\"@type\":\"ReadAction\",\"target\":[\"https:\/\/pistonaddict.com\/hu\/product\/ferrari-412\/\"]}]},{\"@type\":\"ImageObject\",\"inLanguage\":\"hu\",\"@id\":\"https:\/\/pistonaddict.com\/hu\/product\/ferrari-412\/#primaryimage\",\"url\":\"https:\/\/pistonaddict.com\/wp-content\/uploads\/2023\/04\/LuxurycarLondonApril11PistonAddict_0358-scaled.jpg\",\"contentUrl\":\"https:\/\/pistonaddict.com\/wp-content\/uploads\/2023\/04\/LuxurycarLondonApril11PistonAddict_0358-scaled.jpg\",\"width\":2560,\"height\":1737},{\"@type\":\"BreadcrumbList\",\"@id\":\"https:\/\/pistonaddict.com\/hu\/product\/ferrari-412\/#breadcrumb\",\"itemListElement\":[{\"@type\":\"ListItem\",\"position\":1,\"name\":\"Kezd\u0151lap\",\"item\":\"https:\/\/pistonaddict.com\/hu\/honlap\/\"},{\"@type\":\"ListItem\",\"position\":2,\"name\":\"Auctions\",\"item\":\"https:\/\/pistonaddict.com\/auctions-listing\/\"},{\"@type\":\"ListItem\",\"position\":3,\"name\":\"Ferrari 412\"}]},{\"@type\":\"WebSite\",\"@id\":\"https:\/\/pistonaddict.com\/hu\/#website\",\"url\":\"https:\/\/pistonaddict.com\/hu\/\",\"name\":\"Piston Addict\",\"description\":\"Only interesting vehicles\",\"publisher\":{\"@id\":\"https:\/\/pistonaddict.com\/hu\/#organization\"},\"potentialAction\":[{\"@type\":\"SearchAction\",\"target\":{\"@type\":\"EntryPoint\",\"urlTemplate\":\"https:\/\/pistonaddict.com\/hu\/?s={search_term_string}\"},\"query-input\":\"required name=search_term_string\"}],\"inLanguage\":\"hu\"},{\"@type\":\"Organization\",\"@id\":\"https:\/\/pistonaddict.com\/hu\/#organization\",\"name\":\"Piston Addict\",\"url\":\"https:\/\/pistonaddict.com\/hu\/\",\"logo\":{\"@type\":\"ImageObject\",\"inLanguage\":\"hu\",\"@id\":\"https:\/\/pistonaddict.com\/hu\/#\/schema\/logo\/image\/\",\"url\":\"https:\/\/pistonaddict.com\/wp-content\/uploads\/2022\/07\/logo-6.png\",\"contentUrl\":\"https:\/\/pistonaddict.com\/wp-content\/uploads\/2022\/07\/logo-6.png\",\"width\":970,\"height\":200,\"caption\":\"Piston Addict\"},\"image\":{\"@id\":\"https:\/\/pistonaddict.com\/hu\/#\/schema\/logo\/image\/\"}}]}<\/script>\n<!-- \/ Yoast SEO plugin. -->","yoast_head_json":{"title":"aukci\u00f3 - Piston Addict","description":"N\u00e9zze meg ezt a PistonAddict.com-on \u00e1rver\u00e9sre bocs\u00e1tott Ferrari 412-es aut\u00f3t automata v\u00e1lt\u00f3val \u00e9s mind\u00f6ssze 36 971 km-rel.","robots":{"index":"index","follow":"follow","max-snippet":"max-snippet:-1","max-image-preview":"max-image-preview:large","max-video-preview":"max-video-preview:-1"},"canonical":"https:\/\/pistonaddict.com\/hu\/product\/ferrari-412\/","og_locale":"hu_HU","og_type":"article","og_title":"aukci\u00f3 - Piston Addict","og_description":"N\u00e9zze meg ezt a PistonAddict.com-on \u00e1rver\u00e9sre bocs\u00e1tott Ferrari 412-es aut\u00f3t automata v\u00e1lt\u00f3val \u00e9s mind\u00f6ssze 36 971 km-rel.","og_url":"https:\/\/pistonaddict.com\/hu\/product\/ferrari-412\/","og_site_name":"Piston Addict","article_modified_time":"2024-03-19T16:50:34+00:00","og_image":[{"width":2560,"height":1737,"url":"https:\/\/pistonaddict.com\/wp-content\/uploads\/2023\/04\/LuxurycarLondonApril11PistonAddict_0358-scaled.jpg","type":"image\/jpeg"}],"twitter_card":"summary_large_image","twitter_misc":{"Becs\u00fclt olvas\u00e1si id\u0151":"3 perc"},"schema":{"@context":"https:\/\/schema.org","@graph":[{"@type":"WebPage","@id":"https:\/\/pistonaddict.com\/hu\/product\/ferrari-412\/","url":"https:\/\/pistonaddict.com\/hu\/product\/ferrari-412\/","name":"aukci\u00f3 - Piston Addict","isPartOf":{"@id":"https:\/\/pistonaddict.com\/hu\/#website"},"primaryImageOfPage":{"@id":"https:\/\/pistonaddict.com\/hu\/product\/ferrari-412\/#primaryimage"},"image":{"@id":"https:\/\/pistonaddict.com\/hu\/product\/ferrari-412\/#primaryimage"},"thumbnailUrl":"https:\/\/pistonaddict.com\/wp-content\/uploads\/2023\/04\/LuxurycarLondonApril11PistonAddict_0358-scaled.jpg","datePublished":"2023-04-19T14:55:04+00:00","dateModified":"2024-03-19T16:50:34+00:00","description":"N\u00e9zze meg ezt a PistonAddict.com-on \u00e1rver\u00e9sre bocs\u00e1tott Ferrari 412-es aut\u00f3t automata v\u00e1lt\u00f3val \u00e9s mind\u00f6ssze 36 971 km-rel.","breadcrumb":{"@id":"https:\/\/pistonaddict.com\/hu\/product\/ferrari-412\/#breadcrumb"},"inLanguage":"hu","potentialAction":[{"@type":"ReadAction","target":["https:\/\/pistonaddict.com\/hu\/product\/ferrari-412\/"]}]},{"@type":"ImageObject","inLanguage":"hu","@id":"https:\/\/pistonaddict.com\/hu\/product\/ferrari-412\/#primaryimage","url":"https:\/\/pistonaddict.com\/wp-content\/uploads\/2023\/04\/LuxurycarLondonApril11PistonAddict_0358-scaled.jpg","contentUrl":"https:\/\/pistonaddict.com\/wp-content\/uploads\/2023\/04\/LuxurycarLondonApril11PistonAddict_0358-scaled.jpg","width":2560,"height":1737},{"@type":"BreadcrumbList","@id":"https:\/\/pistonaddict.com\/hu\/product\/ferrari-412\/#breadcrumb","itemListElement":[{"@type":"ListItem","position":1,"name":"Kezd\u0151lap","item":"https:\/\/pistonaddict.com\/hu\/honlap\/"},{"@type":"ListItem","position":2,"name":"Auctions","item":"https:\/\/pistonaddict.com\/auctions-listing\/"},{"@type":"ListItem","position":3,"name":"Ferrari 412"}]},{"@type":"WebSite","@id":"https:\/\/pistonaddict.com\/hu\/#website","url":"https:\/\/pistonaddict.com\/hu\/","name":"Piston Addict","description":"Only interesting vehicles","publisher":{"@id":"https:\/\/pistonaddict.com\/hu\/#organization"},"potentialAction":[{"@type":"SearchAction","target":{"@type":"EntryPoint","urlTemplate":"https:\/\/pistonaddict.com\/hu\/?s={search_term_string}"},"query-input":"required name=search_term_string"}],"inLanguage":"hu"},{"@type":"Organization","@id":"https:\/\/pistonaddict.com\/hu\/#organization","name":"Piston Addict","url":"https:\/\/pistonaddict.com\/hu\/","logo":{"@type":"ImageObject","inLanguage":"hu","@id":"https:\/\/pistonaddict.com\/hu\/#\/schema\/logo\/image\/","url":"https:\/\/pistonaddict.com\/wp-content\/uploads\/2022\/07\/logo-6.png","contentUrl":"https:\/\/pistonaddict.com\/wp-content\/uploads\/2022\/07\/logo-6.png","width":970,"height":200,"caption":"Piston Addict"},"image":{"@id":"https:\/\/pistonaddict.com\/hu\/#\/schema\/logo\/image\/"}}]}},"_links":{"self":[{"href":"https:\/\/pistonaddict.com\/hu\/wp-json\/wp\/v2\/product\/37945"}],"collection":[{"href":"https:\/\/pistonaddict.com\/hu\/wp-json\/wp\/v2\/product"}],"about":[{"href":"https:\/\/pistonaddict.com\/hu\/wp-json\/wp\/v2\/types\/product"}],"replies":[{"embeddable":true,"href":"https:\/\/pistonaddict.com\/hu\/wp-json\/wp\/v2\/comments?post=37945"}],"wp:featuredmedia":[{"embeddable":true,"href":"https:\/\/pistonaddict.com\/hu\/wp-json\/wp\/v2\/media\/37879"}],"wp:attachment":[{"href":"https:\/\/pistonaddict.com\/hu\/wp-json\/wp\/v2\/media?parent=37945"}],"wp:term":[{"taxonomy":"product_cat","embeddable":true,"href":"https:\/\/pistonaddict.com\/hu\/wp-json\/wp\/v2\/product_cat?post=37945"},{"taxonomy":"product_tag","embeddable":true,"href":"https:\/\/pistonaddict.com\/hu\/wp-json\/wp\/v2\/product_tag?post=37945"}],"curies":[{"name":"wp","href":"https:\/\/api.w.org\/{rel}","templated":true}]}}