{"id":34593,"date":"2023-04-19T15:06:28","date_gmt":"2023-04-19T13:06:28","guid":{"rendered":"https:\/\/pistonaddict.com\/product\/bentley-flying-spur\/"},"modified":"2024-03-19T17:48:46","modified_gmt":"2024-03-19T16:48:46","slug":"bentley-flying-spur","status":"publish","type":"product","link":"https:\/\/pistonaddict.com\/hu\/product\/bentley-flying-spur\/","title":{"rendered":"Bentley Flying Spur"},"content":{"rendered":"<p><strong>Aut\u00f3 t\u00f6rt\u00e9nete<\/strong><\/p>\n<p>Ez a Flying Spur egyike az els\u0151 ilyen aut\u00f3knak, amelyeket 2020 v\u00e9g\u00e9n sz\u00e1ll\u00edtanak ki neves VIP Bentley-\u00fcgyfeleknek. Egyetlen tulajdonos aut\u00f3ja, \u00e9s mind\u00f6ssze 8359 km-t tett meg. A k\u00edv\u00e1natos z\u00f6ld sz\u00ednben, a hozz\u00e1 ill\u0151 barna b\u0151rrel f\u00e9nyezett Flying Spur egy fekete-fekete k\u00fcls\u0151 d\u00edsz\u00edt\u0151csomagot kapott, \u00e9s a First Edition modellr\u0151l van sz\u00f3. A Bentley vil\u00e1g\u00e1ban a First Edition modellek mindig a legk\u00edv\u00e1natosabbak a k\u00fcl\u00f6nleges \u00e9s egyedi sz\u00ednv\u00e1laszt\u00e1s, a finom r\u00e9szletek \u00e9s a felszerelts\u00e9g miatt, amely gyakran opcion\u00e1lis extrafelszerelts\u00e9get jelent az alapfelszerelts\u00e9g\u0171 aut\u00f3khoz k\u00e9pest.<\/p>\n<p><strong>Aut\u00f3 \u00e1llapota<\/strong><\/p>\n<p>A legmagasabb felszerelts\u00e9g\u0171 Bentley Flying Spurs egyikek\u00e9nt az eredeti \u00e9s jelenlegi tulajdonos nem csak a First Edition csomagot v\u00e1s\u00e1rolta meg, hanem sz\u00e1mos funkci\u00f3val \u00e9s felszerel\u00e9ssel eg\u00e9sz\u00edtette ki az am\u00fagy is leny\u0171g\u00f6z\u0151 m\u0171szaki adatlapot. Az opcion\u00e1lis 6,0 literes W12-es motor 626 l\u00f3er\u0151t teljes\u00edt, \u00e9s leny\u0171g\u00f6z\u0151 3,5 m\u00e1sodperces 0-100 km\/h sprintre k\u00e9pes ezt a szuper-luxus szed\u00e1nt. Ami m\u00e9g leny\u0171g\u00f6z\u0151bb, az a v\u00e9gsebess\u00e9g, \u00e9s ha az Autobahn korl\u00e1toz\u00e1smentes szakasz\u00e1n tal\u00e1lod magad, el\u00e9rheted a 333 km\/h-t! Biztosak vagyunk benne, hogy ez a Flying Spur m\u00e9g enn\u00e9l a sebess\u00e9gn\u00e9l is stabil \u00e9s k\u00e9nyelmes lesz.<\/p>\n<p><strong>K\u00fcls\u0151 \u00e9s kerekek<\/strong><\/p>\n<p>Az apr\u00f3l\u00e9kos karbantart\u00e1s, a klimatiz\u00e1lt gar\u00e1zs \u00e9s az alacsony m\u00e9rf\u00f6ldek miatt ez a Flying Spur t\u00f6k\u00e9letes \u00e1llapotban l\u00e9v\u0151 fest\u00e9kkel, k\u00fcls\u0151 (vagy bels\u0151) s\u00e9r\u00fcl\u00e9s n\u00e9lk\u00fcl, \u00e9s az eredeti kerekekkel ker\u00fcl \u00e9rt\u00e9kes\u00edt\u00e9sre. Az egyik apr\u00f3, de \u00e9rdekes r\u00e9szlet a fekete tet\u0151, amely t\u00f6k\u00e9letesen illeszkedik a fekete k\u00fcls\u0151 d\u00edsz\u00edt\u00e9shez, \u00e9s tov\u00e1bb er\u0151s\u00edti az eleg\u00e1ns szed\u00e1n sportos jelleg\u00e9t.<\/p>\n<p><strong>Belt\u00e9r<\/strong><\/p>\n<p>Az aut\u00f3 egyik legleny\u0171g\u00f6z\u0151bb r\u00e9sze a bels\u0151 t\u00e9r. A modern technol\u00f3gia \u00e9s a klasszikus luxus megk\u00f6zel\u00edt\u00e9s t\u00f6k\u00e9letes \u00f6tv\u00f6zetek\u00e9nt tervezett Flying Spur-t k\u00edv\u00e1natos barna b\u0151r bor\u00edtja, kontrasztos z\u00f6ld b\u0151rrel \u00e9s fa bet\u00e9tekkel. Mindenf\u00e9le k\u00e9nyelmi felszerelts\u00e9ggel teli, n\u00e9h\u00e1ny kr\u00f3mozott d\u00edsz\u00edt\u0151elemen megtal\u00e1lhat\u00f3 a v\u00e9d\u0151f\u00f3lia, ami azt mutatja, hogy ez az aut\u00f3 alig volt haszn\u00e1lva.<\/p>\n<p><strong>Dokument\u00e1ci\u00f3<\/strong><\/p>\n<p>Ez egy mag\u00e1ntulajdonban l\u00e9v\u0151, megfelel\u0151 dokument\u00e1ci\u00f3val rendelkez\u0151 j\u00e1rm\u0171, amely Londonban, az Egyes\u00fclt Kir\u00e1lys\u00e1gban tal\u00e1lhat\u00f3. A CarVertical jelent\u00e9s tiszta, nincs bizony\u00edt\u00e9k balesetekre, baleseti jav\u00edt\u00e1sokra vagy jogi probl\u00e9m\u00e1kra. A rendszeres karbantart\u00e1sr\u00f3l nyilv\u00e1ntart\u00e1s van.<\/p>\n","protected":false},"excerpt":{"rendered":"<p>Sz\u00e1mos versenyt\u00e1rs\u00e1hoz hasonl\u00f3an a Bentley is az EV modellek fel\u00e9 fordul a k\u00f6zelj\u00f6v\u0151ben. Ez azt jelenti, hogy ez lehet az utols\u00f3 es\u00e9ly egy olyan fens\u00e9ges, bels\u0151 \u00e9g\u00e9s\u0171 motorral hajtott luxusaut\u00f3 megszerz\u00e9s\u00e9re, mint ez a Flying Spur, rendk\u00edv\u00fcl k\u00edv\u00e1natos felszerelts\u00e9gben \u00e9s \u00fajszer\u0171 \u00e1llapotban. A jellegzetes W12-es motorral hajtott egyedi p\u00e9ld\u00e1ny t\u00f6k\u00e9letes v\u00e1laszt\u00e1s az ig\u00e9nyes Bentley-rajong\u00f3k sz\u00e1m\u00e1ra.<\/p>\n","protected":false},"featured_media":34087,"comment_status":"open","ping_status":"closed","template":"","meta":{"inline_featured_image":false},"product_cat":[731],"product_tag":[1351,930,1341,1346],"acf":[],"yoast_head":"<!-- This site is optimized with the Yoast SEO plugin v22.5 - https:\/\/yoast.com\/wordpress\/plugins\/seo\/ -->\n<title>aukci\u00f3 - Piston Addict<\/title>\n<meta name=\"description\" content=\"N\u00e9zze meg ezt az automata v\u00e1lt\u00f3val \u00e9s mind\u00f6ssze 8359 km-rel rendelkez\u0151 Bentley Flying Spur-t a PistonAddict.com-on.\" \/>\n<meta name=\"robots\" content=\"index, follow, max-snippet:-1, max-image-preview:large, max-video-preview:-1\" \/>\n<link rel=\"canonical\" href=\"https:\/\/pistonaddict.com\/hu\/product\/bentley-flying-spur\/\" \/>\n<meta property=\"og:locale\" content=\"hu_HU\" \/>\n<meta property=\"og:type\" content=\"article\" \/>\n<meta property=\"og:title\" content=\"aukci\u00f3 - Piston Addict\" \/>\n<meta property=\"og:description\" content=\"N\u00e9zze meg ezt az automata v\u00e1lt\u00f3val \u00e9s mind\u00f6ssze 8359 km-rel rendelkez\u0151 Bentley Flying Spur-t a PistonAddict.com-on.\" \/>\n<meta property=\"og:url\" content=\"https:\/\/pistonaddict.com\/hu\/product\/bentley-flying-spur\/\" \/>\n<meta property=\"og:site_name\" content=\"Piston Addict\" \/>\n<meta property=\"article:modified_time\" content=\"2024-03-19T16:48:46+00:00\" \/>\n<meta property=\"og:image\" content=\"https:\/\/pistonaddict.com\/wp-content\/uploads\/2023\/04\/LuxurycarLondonApril11PistonAddict_0433-scaled.jpg\" \/>\n\t<meta property=\"og:image:width\" content=\"2560\" \/>\n\t<meta property=\"og:image:height\" content=\"1505\" \/>\n\t<meta property=\"og:image:type\" content=\"image\/jpeg\" \/>\n<meta name=\"twitter:card\" content=\"summary_large_image\" \/>\n<meta name=\"twitter:label1\" content=\"Becs\u00fclt olvas\u00e1si id\u0151\" \/>\n\t<meta name=\"twitter:data1\" content=\"2 perc\" \/>\n<script type=\"application\/ld+json\" class=\"yoast-schema-graph\">{\"@context\":\"https:\/\/schema.org\",\"@graph\":[{\"@type\":\"WebPage\",\"@id\":\"https:\/\/pistonaddict.com\/hu\/product\/bentley-flying-spur\/\",\"url\":\"https:\/\/pistonaddict.com\/hu\/product\/bentley-flying-spur\/\",\"name\":\"aukci\u00f3 - Piston Addict\",\"isPartOf\":{\"@id\":\"https:\/\/pistonaddict.com\/hu\/#website\"},\"primaryImageOfPage\":{\"@id\":\"https:\/\/pistonaddict.com\/hu\/product\/bentley-flying-spur\/#primaryimage\"},\"image\":{\"@id\":\"https:\/\/pistonaddict.com\/hu\/product\/bentley-flying-spur\/#primaryimage\"},\"thumbnailUrl\":\"https:\/\/pistonaddict.com\/wp-content\/uploads\/2023\/04\/LuxurycarLondonApril11PistonAddict_0433-scaled.jpg\",\"datePublished\":\"2023-04-19T13:06:28+00:00\",\"dateModified\":\"2024-03-19T16:48:46+00:00\",\"description\":\"N\u00e9zze meg ezt az automata v\u00e1lt\u00f3val \u00e9s mind\u00f6ssze 8359 km-rel rendelkez\u0151 Bentley Flying Spur-t a PistonAddict.com-on.\",\"breadcrumb\":{\"@id\":\"https:\/\/pistonaddict.com\/hu\/product\/bentley-flying-spur\/#breadcrumb\"},\"inLanguage\":\"hu\",\"potentialAction\":[{\"@type\":\"ReadAction\",\"target\":[\"https:\/\/pistonaddict.com\/hu\/product\/bentley-flying-spur\/\"]}]},{\"@type\":\"ImageObject\",\"inLanguage\":\"hu\",\"@id\":\"https:\/\/pistonaddict.com\/hu\/product\/bentley-flying-spur\/#primaryimage\",\"url\":\"https:\/\/pistonaddict.com\/wp-content\/uploads\/2023\/04\/LuxurycarLondonApril11PistonAddict_0433-scaled.jpg\",\"contentUrl\":\"https:\/\/pistonaddict.com\/wp-content\/uploads\/2023\/04\/LuxurycarLondonApril11PistonAddict_0433-scaled.jpg\",\"width\":2560,\"height\":1505},{\"@type\":\"BreadcrumbList\",\"@id\":\"https:\/\/pistonaddict.com\/hu\/product\/bentley-flying-spur\/#breadcrumb\",\"itemListElement\":[{\"@type\":\"ListItem\",\"position\":1,\"name\":\"Kezd\u0151lap\",\"item\":\"https:\/\/pistonaddict.com\/hu\/honlap\/\"},{\"@type\":\"ListItem\",\"position\":2,\"name\":\"Auctions\",\"item\":\"https:\/\/pistonaddict.com\/auctions-listing\/\"},{\"@type\":\"ListItem\",\"position\":3,\"name\":\"Bentley Flying Spur\"}]},{\"@type\":\"WebSite\",\"@id\":\"https:\/\/pistonaddict.com\/hu\/#website\",\"url\":\"https:\/\/pistonaddict.com\/hu\/\",\"name\":\"Piston Addict\",\"description\":\"Only interesting vehicles\",\"publisher\":{\"@id\":\"https:\/\/pistonaddict.com\/hu\/#organization\"},\"potentialAction\":[{\"@type\":\"SearchAction\",\"target\":{\"@type\":\"EntryPoint\",\"urlTemplate\":\"https:\/\/pistonaddict.com\/hu\/?s={search_term_string}\"},\"query-input\":\"required name=search_term_string\"}],\"inLanguage\":\"hu\"},{\"@type\":\"Organization\",\"@id\":\"https:\/\/pistonaddict.com\/hu\/#organization\",\"name\":\"Piston Addict\",\"url\":\"https:\/\/pistonaddict.com\/hu\/\",\"logo\":{\"@type\":\"ImageObject\",\"inLanguage\":\"hu\",\"@id\":\"https:\/\/pistonaddict.com\/hu\/#\/schema\/logo\/image\/\",\"url\":\"https:\/\/pistonaddict.com\/wp-content\/uploads\/2022\/07\/logo-6.png\",\"contentUrl\":\"https:\/\/pistonaddict.com\/wp-content\/uploads\/2022\/07\/logo-6.png\",\"width\":970,\"height\":200,\"caption\":\"Piston Addict\"},\"image\":{\"@id\":\"https:\/\/pistonaddict.com\/hu\/#\/schema\/logo\/image\/\"}}]}<\/script>\n<!-- \/ Yoast SEO plugin. -->","yoast_head_json":{"title":"aukci\u00f3 - Piston Addict","description":"N\u00e9zze meg ezt az automata v\u00e1lt\u00f3val \u00e9s mind\u00f6ssze 8359 km-rel rendelkez\u0151 Bentley Flying Spur-t a PistonAddict.com-on.","robots":{"index":"index","follow":"follow","max-snippet":"max-snippet:-1","max-image-preview":"max-image-preview:large","max-video-preview":"max-video-preview:-1"},"canonical":"https:\/\/pistonaddict.com\/hu\/product\/bentley-flying-spur\/","og_locale":"hu_HU","og_type":"article","og_title":"aukci\u00f3 - Piston Addict","og_description":"N\u00e9zze meg ezt az automata v\u00e1lt\u00f3val \u00e9s mind\u00f6ssze 8359 km-rel rendelkez\u0151 Bentley Flying Spur-t a PistonAddict.com-on.","og_url":"https:\/\/pistonaddict.com\/hu\/product\/bentley-flying-spur\/","og_site_name":"Piston Addict","article_modified_time":"2024-03-19T16:48:46+00:00","og_image":[{"width":2560,"height":1505,"url":"https:\/\/pistonaddict.com\/wp-content\/uploads\/2023\/04\/LuxurycarLondonApril11PistonAddict_0433-scaled.jpg","type":"image\/jpeg"}],"twitter_card":"summary_large_image","twitter_misc":{"Becs\u00fclt olvas\u00e1si id\u0151":"2 perc"},"schema":{"@context":"https:\/\/schema.org","@graph":[{"@type":"WebPage","@id":"https:\/\/pistonaddict.com\/hu\/product\/bentley-flying-spur\/","url":"https:\/\/pistonaddict.com\/hu\/product\/bentley-flying-spur\/","name":"aukci\u00f3 - Piston Addict","isPartOf":{"@id":"https:\/\/pistonaddict.com\/hu\/#website"},"primaryImageOfPage":{"@id":"https:\/\/pistonaddict.com\/hu\/product\/bentley-flying-spur\/#primaryimage"},"image":{"@id":"https:\/\/pistonaddict.com\/hu\/product\/bentley-flying-spur\/#primaryimage"},"thumbnailUrl":"https:\/\/pistonaddict.com\/wp-content\/uploads\/2023\/04\/LuxurycarLondonApril11PistonAddict_0433-scaled.jpg","datePublished":"2023-04-19T13:06:28+00:00","dateModified":"2024-03-19T16:48:46+00:00","description":"N\u00e9zze meg ezt az automata v\u00e1lt\u00f3val \u00e9s mind\u00f6ssze 8359 km-rel rendelkez\u0151 Bentley Flying Spur-t a PistonAddict.com-on.","breadcrumb":{"@id":"https:\/\/pistonaddict.com\/hu\/product\/bentley-flying-spur\/#breadcrumb"},"inLanguage":"hu","potentialAction":[{"@type":"ReadAction","target":["https:\/\/pistonaddict.com\/hu\/product\/bentley-flying-spur\/"]}]},{"@type":"ImageObject","inLanguage":"hu","@id":"https:\/\/pistonaddict.com\/hu\/product\/bentley-flying-spur\/#primaryimage","url":"https:\/\/pistonaddict.com\/wp-content\/uploads\/2023\/04\/LuxurycarLondonApril11PistonAddict_0433-scaled.jpg","contentUrl":"https:\/\/pistonaddict.com\/wp-content\/uploads\/2023\/04\/LuxurycarLondonApril11PistonAddict_0433-scaled.jpg","width":2560,"height":1505},{"@type":"BreadcrumbList","@id":"https:\/\/pistonaddict.com\/hu\/product\/bentley-flying-spur\/#breadcrumb","itemListElement":[{"@type":"ListItem","position":1,"name":"Kezd\u0151lap","item":"https:\/\/pistonaddict.com\/hu\/honlap\/"},{"@type":"ListItem","position":2,"name":"Auctions","item":"https:\/\/pistonaddict.com\/auctions-listing\/"},{"@type":"ListItem","position":3,"name":"Bentley Flying Spur"}]},{"@type":"WebSite","@id":"https:\/\/pistonaddict.com\/hu\/#website","url":"https:\/\/pistonaddict.com\/hu\/","name":"Piston Addict","description":"Only interesting vehicles","publisher":{"@id":"https:\/\/pistonaddict.com\/hu\/#organization"},"potentialAction":[{"@type":"SearchAction","target":{"@type":"EntryPoint","urlTemplate":"https:\/\/pistonaddict.com\/hu\/?s={search_term_string}"},"query-input":"required name=search_term_string"}],"inLanguage":"hu"},{"@type":"Organization","@id":"https:\/\/pistonaddict.com\/hu\/#organization","name":"Piston Addict","url":"https:\/\/pistonaddict.com\/hu\/","logo":{"@type":"ImageObject","inLanguage":"hu","@id":"https:\/\/pistonaddict.com\/hu\/#\/schema\/logo\/image\/","url":"https:\/\/pistonaddict.com\/wp-content\/uploads\/2022\/07\/logo-6.png","contentUrl":"https:\/\/pistonaddict.com\/wp-content\/uploads\/2022\/07\/logo-6.png","width":970,"height":200,"caption":"Piston Addict"},"image":{"@id":"https:\/\/pistonaddict.com\/hu\/#\/schema\/logo\/image\/"}}]}},"_links":{"self":[{"href":"https:\/\/pistonaddict.com\/hu\/wp-json\/wp\/v2\/product\/34593"}],"collection":[{"href":"https:\/\/pistonaddict.com\/hu\/wp-json\/wp\/v2\/product"}],"about":[{"href":"https:\/\/pistonaddict.com\/hu\/wp-json\/wp\/v2\/types\/product"}],"replies":[{"embeddable":true,"href":"https:\/\/pistonaddict.com\/hu\/wp-json\/wp\/v2\/comments?post=34593"}],"wp:featuredmedia":[{"embeddable":true,"href":"https:\/\/pistonaddict.com\/hu\/wp-json\/wp\/v2\/media\/34087"}],"wp:attachment":[{"href":"https:\/\/pistonaddict.com\/hu\/wp-json\/wp\/v2\/media?parent=34593"}],"wp:term":[{"taxonomy":"product_cat","embeddable":true,"href":"https:\/\/pistonaddict.com\/hu\/wp-json\/wp\/v2\/product_cat?post=34593"},{"taxonomy":"product_tag","embeddable":true,"href":"https:\/\/pistonaddict.com\/hu\/wp-json\/wp\/v2\/product_tag?post=34593"}],"curies":[{"name":"wp","href":"https:\/\/api.w.org\/{rel}","templated":true}]}}