{"id":34038,"date":"2023-04-19T10:37:02","date_gmt":"2023-04-19T08:37:02","guid":{"rendered":"https:\/\/pistonaddict.com\/product\/porsche-gt3-touring\/"},"modified":"2024-03-19T17:27:24","modified_gmt":"2024-03-19T16:27:24","slug":"porsche-gt3-touring","status":"publish","type":"product","link":"https:\/\/pistonaddict.com\/hu\/product\/porsche-gt3-touring\/","title":{"rendered":"Porsche GT3 Touring"},"content":{"rendered":"<h2>K\u00fcls\u0151<\/h2>\n<p>K\u00edv\u00fclr\u0151l ez a sz\u00fcrke sz\u00edn\u0171 Touring modell a legt\u00f6bb formatervez\u00e9si r\u00e9szletet megosztja az alapj\u00e1ul szolg\u00e1l\u00f3 911 RS3-mal. Ez mag\u00e1ban foglalja a LED-es f\u00e9nysz\u00f3r\u00f3kkal ell\u00e1tott Xenon-f\u00e9nysz\u00f3r\u00f3kat, a nagy l\u00e9gbe\u00f6ml\u0151ket el\u00f6l, valamint a sz\u00e9lesebb karossz\u00e9riaelemeket \u00e9s l\u00f6kh\u00e1r\u00edt\u00f3kat. A k\u00e9t aut\u00f3 k\u00f6z\u00f6tti k\u00fcl\u00f6nbs\u00e9g azonban a h\u00e1ts\u00f3 hatalmas sz\u00e1rny, illetve annak l\u00e1tsz\u00f3lagos hi\u00e1nya a Touring eset\u00e9ben. Ehelyett ez a modell egy beh\u00fazhat\u00f3 h\u00e1ts\u00f3 spoilerrel rendelkezik, amely 75 MPH-n\u00e1l kiny\u00edlik, hogy tov\u00e1bbi leszor\u00edt\u00f3er\u0151t biztos\u00edtson. A spoiler azonban alacsony sebess\u00e9gn\u00e9l visszah\u00faz\u00f3dik \u00e9s egybeolvad az aut\u00f3 sziluettj\u00e9vel, ami karcs\u00fa \u00e9s \u00e1ramvonalas megjelen\u00e9st k\u00f6lcs\u00f6n\u00f6z neki. Ez a Porsche gy\u00e1ri 19 colos kerekekkel \u00e9s Dunlop Sport Maxx Race 2 abroncsokkal rendelkezik, amelyek ide\u00e1lisan illenek hozz\u00e1.<\/p>\n<h2>Belt\u00e9r<\/h2>\n<p>Bel\u00fcl ez a Porsche egy p\u00e1r k\u00f6nny\u0171, fekete b\u0151rbe \u00f6lt\u00f6ztetett, s\u00f6t\u00e9tsz\u00fcrke sz\u00f6vetbet\u00e9tekkel ell\u00e1tott v\u00f6dr\u00f6s \u00fcl\u00e9st kapott. A s\u00e1rga biztons\u00e1gi \u00f6vek egy sz\u00e9p h\u00faz\u00e1s, amely \u00e9l\u00e9nkebb megjelen\u00e9st k\u00f6lcs\u00f6n\u00f6z a bels\u0151 t\u00e9rnek. A <em>hagyom\u00e1nyos<\/em> 911-esekkel ellent\u00e9tben a h\u00e1ts\u00f3 \u00fcl\u00e9sek nincsenek h\u00e1tul. Bel\u00fcl a vezet\u0151 egy h\u00e1rom\u00e1g\u00fa b\u0151rkorm\u00e1nyt tal\u00e1l, m\u00f6g\u00f6tte pedig a Porsche jellegzetes m\u0171szeregys\u00e9g\u00e9t. Ez mag\u00e1ban foglal egy k\u00f6z\u00e9pre szerelt fordulatsz\u00e1mm\u00e9r\u0151t, amely 10 000 fordulatsz\u00e1mig terjed, egy sebess\u00e9gm\u00e9r\u0151t \u00e9s sz\u00e1mos tov\u00e1bbi m\u0171szert. A k\u00f6z\u00e9ps\u0151 konzolt egy nagy \u00e9rint\u0151k\u00e9perny\u0151 uralja, integr\u00e1lt hifivel, tolat\u00f3kamera-kijelz\u0151vel \u00e9s navig\u00e1ci\u00f3val. V\u00e9g\u00fcl, mint a legt\u00f6bb m\u00e1s GT3 modell, ez a Porsche is rendelkezik stopper\u00f3r\u00e1val a m\u0171szerfal tetej\u00e9n, ami hasznos, ha id\u0151z\u00edtett k\u00f6r\u00f6ket tesz\u00fcnk.<\/p>\n<h2>Mechanika<\/h2>\n<p>Annak ellen\u00e9re, hogy ez a Touring egy kom\u00f3tosnak t\u0171n\u0151 modell, m\u00e9gis a tekint\u00e9lyes GT3-as modellcsal\u00e1d r\u00e9sze. Ez azt jelenti, hogy ugyanazzal a 4,0 literes, term\u00e9szetes sz\u00edv\u00f3motorral szerelt lapos hathengeres motorral rendelkezik, amely 500 l\u00f3er\u0151t \u00e9s 469 Nm nyomat\u00e9kot ad le. De ellent\u00e9tben a GT3-as sorozat nagy r\u00e9sz\u00e9vel, amely duplakuplungos automata v\u00e1lt\u00f3t haszn\u00e1l, ez az aut\u00f3 hagyom\u00e1nyosabb, hatfokozat\u00fa k\u00e9zi v\u00e1lt\u00f3val rendelkezik. Az er\u0151 a h\u00e1ts\u00f3 kerekekhez egy korl\u00e1tozott cs\u00fasz\u00e1s\u00fa differenci\u00e1lm\u0171v\u00f6n kereszt\u00fcl jut el, amely jav\u00edtja a tapad\u00e1st, k\u00fcl\u00f6n\u00f6sen cs\u00fasz\u00f3s k\u00f6r\u00fclm\u00e9nyek k\u00f6z\u00f6tt. Mindezek mellett ez a Porsche mind\u00f6ssze 3,4 m\u00e1sodperc alatt gyorsul 0-r\u00f3l 100-ra, v\u00e9gsebess\u00e9ge pedig 196 MPH. Ha pedig meg kell \u00e1llnia, a hatalmas f\u00e9kek gondoskodnak r\u00f3la, hogy ez a lehet\u0151 legr\u00f6videbb \u00faton t\u00f6rt\u00e9njen meg.<\/p>\n<h2>A j\u00e1rm\u0171 t\u00f6rt\u00e9nete<\/h2>\n<p>Ezt a k\u00fcl\u00f6nleges 911 GT3 Touringot a Porsche az egyik VIP-\u00fcgyfele sz\u00e1m\u00e1ra k\u00e9sz\u00edtette, aki egy sz\u00e9lesebb kollekci\u00f3 r\u00e9szek\u00e9nt rendelte meg. Annak ellen\u00e9re, hogy az Egyes\u00fclt Kir\u00e1lys\u00e1gban van, ez egy bal oldali korm\u00e1nyz\u00e1s\u00fa modell luxemburgi rendsz\u00e1mmal. Alig n\u00e9h\u00e1ny h\u00f3napja, febru\u00e1rban volt az utols\u00f3 szervizel\u00e9se, \u00e9s most m\u00e1r teljesen k\u00e9szen \u00e1ll az \u00fatra.<\/p>\n","protected":false},"excerpt":{"rendered":"<p>Ez a Porsche 911 GT3 Touring t\u00f6k\u00e9letes lesz annak, aki egy eleg\u00e1ns \u00e9s sima aut\u00f3t keres, amely k\u00e9pes a b\u00e1mulatos teljes\u00edtm\u00e9nyre. B\u00e1r k\u00edv\u00fclr\u0151l visszafogottnak &#8211; vagy ak\u00e1r szer\u00e9nynek &#8211; t\u0171nik, ez a k\u00e9tajt\u00f3s kup\u00e9 alulr\u00f3l egy igazi teliv\u00e9r versenyaut\u00f3. \u00c9s mint ilyen, egyform\u00e1n j\u00f3 az aut\u00f3p\u00e1ly\u00e1n val\u00f3 sz\u00e1guldoz\u00e1s vagy a p\u00e1ly\u00e1n val\u00f3 sz\u00e1guldoz\u00e1s k\u00f6zben. A 2018-ban k\u00e9sz\u00fclt, a 991.2-es sorozat egyik utols\u00f3 aut\u00f3jak\u00e9nt ez a Porsche mind\u00f6ssze 1400 m\u00e9rf\u00f6ldet tett meg. Tov\u00e1bb\u00e1 az elad\u00f3 azt mondja, hogy nemr\u00e9g szervizelt\u00e9k, \u00e9s <em>\u00fajnak<\/em> \u00edrja le.<\/p>\n","protected":false},"featured_media":33488,"comment_status":"open","ping_status":"closed","template":"","meta":{"inline_featured_image":false},"product_cat":[731],"product_tag":[1282,930,1164,865],"acf":[],"yoast_head":"<!-- This site is optimized with the Yoast SEO plugin v22.5 - https:\/\/yoast.com\/wordpress\/plugins\/seo\/ -->\n<title>aukci\u00f3 - Piston Addict<\/title>\n<meta name=\"description\" content=\"N\u00e9zze meg ezt a Porsche GT3 Touring aukci\u00f3ra elad\u00f3 PistonAddict.com automata sebess\u00e9gv\u00e1lt\u00f3val \u00e9s csak 1414 m\u00e9rf\u00f6ld.\" \/>\n<meta name=\"robots\" content=\"index, follow, max-snippet:-1, max-image-preview:large, max-video-preview:-1\" \/>\n<link rel=\"canonical\" href=\"https:\/\/pistonaddict.com\/hu\/product\/porsche-gt3-touring\/\" \/>\n<meta property=\"og:locale\" content=\"hu_HU\" \/>\n<meta property=\"og:type\" content=\"article\" \/>\n<meta property=\"og:title\" content=\"aukci\u00f3 - Piston Addict\" \/>\n<meta property=\"og:description\" content=\"N\u00e9zze meg ezt a Porsche GT3 Touring aukci\u00f3ra elad\u00f3 PistonAddict.com automata sebess\u00e9gv\u00e1lt\u00f3val \u00e9s csak 1414 m\u00e9rf\u00f6ld.\" \/>\n<meta property=\"og:url\" content=\"https:\/\/pistonaddict.com\/hu\/product\/porsche-gt3-touring\/\" \/>\n<meta property=\"og:site_name\" content=\"Piston Addict\" \/>\n<meta property=\"article:modified_time\" content=\"2024-03-19T16:27:24+00:00\" \/>\n<meta property=\"og:image\" content=\"https:\/\/pistonaddict.com\/wp-content\/uploads\/2023\/04\/LuxurycarLondonApril11PistonAddict_0868-2-scaled.jpg\" \/>\n\t<meta property=\"og:image:width\" content=\"2560\" \/>\n\t<meta property=\"og:image:height\" content=\"1673\" \/>\n\t<meta property=\"og:image:type\" content=\"image\/jpeg\" \/>\n<meta name=\"twitter:card\" content=\"summary_large_image\" \/>\n<meta name=\"twitter:label1\" content=\"Becs\u00fclt olvas\u00e1si id\u0151\" \/>\n\t<meta name=\"twitter:data1\" content=\"3 perc\" \/>\n<script type=\"application\/ld+json\" class=\"yoast-schema-graph\">{\"@context\":\"https:\/\/schema.org\",\"@graph\":[{\"@type\":\"WebPage\",\"@id\":\"https:\/\/pistonaddict.com\/hu\/product\/porsche-gt3-touring\/\",\"url\":\"https:\/\/pistonaddict.com\/hu\/product\/porsche-gt3-touring\/\",\"name\":\"aukci\u00f3 - Piston Addict\",\"isPartOf\":{\"@id\":\"https:\/\/pistonaddict.com\/hu\/#website\"},\"primaryImageOfPage\":{\"@id\":\"https:\/\/pistonaddict.com\/hu\/product\/porsche-gt3-touring\/#primaryimage\"},\"image\":{\"@id\":\"https:\/\/pistonaddict.com\/hu\/product\/porsche-gt3-touring\/#primaryimage\"},\"thumbnailUrl\":\"https:\/\/pistonaddict.com\/wp-content\/uploads\/2023\/04\/LuxurycarLondonApril11PistonAddict_0868-2-scaled.jpg\",\"datePublished\":\"2023-04-19T08:37:02+00:00\",\"dateModified\":\"2024-03-19T16:27:24+00:00\",\"description\":\"N\u00e9zze meg ezt a Porsche GT3 Touring aukci\u00f3ra elad\u00f3 PistonAddict.com automata sebess\u00e9gv\u00e1lt\u00f3val \u00e9s csak 1414 m\u00e9rf\u00f6ld.\",\"breadcrumb\":{\"@id\":\"https:\/\/pistonaddict.com\/hu\/product\/porsche-gt3-touring\/#breadcrumb\"},\"inLanguage\":\"hu\",\"potentialAction\":[{\"@type\":\"ReadAction\",\"target\":[\"https:\/\/pistonaddict.com\/hu\/product\/porsche-gt3-touring\/\"]}]},{\"@type\":\"ImageObject\",\"inLanguage\":\"hu\",\"@id\":\"https:\/\/pistonaddict.com\/hu\/product\/porsche-gt3-touring\/#primaryimage\",\"url\":\"https:\/\/pistonaddict.com\/wp-content\/uploads\/2023\/04\/LuxurycarLondonApril11PistonAddict_0868-2-scaled.jpg\",\"contentUrl\":\"https:\/\/pistonaddict.com\/wp-content\/uploads\/2023\/04\/LuxurycarLondonApril11PistonAddict_0868-2-scaled.jpg\",\"width\":2560,\"height\":1673},{\"@type\":\"BreadcrumbList\",\"@id\":\"https:\/\/pistonaddict.com\/hu\/product\/porsche-gt3-touring\/#breadcrumb\",\"itemListElement\":[{\"@type\":\"ListItem\",\"position\":1,\"name\":\"Kezd\u0151lap\",\"item\":\"https:\/\/pistonaddict.com\/hu\/honlap\/\"},{\"@type\":\"ListItem\",\"position\":2,\"name\":\"Auctions\",\"item\":\"https:\/\/pistonaddict.com\/auctions-listing\/\"},{\"@type\":\"ListItem\",\"position\":3,\"name\":\"Porsche GT3 Touring\"}]},{\"@type\":\"WebSite\",\"@id\":\"https:\/\/pistonaddict.com\/hu\/#website\",\"url\":\"https:\/\/pistonaddict.com\/hu\/\",\"name\":\"Piston Addict\",\"description\":\"Only interesting vehicles\",\"publisher\":{\"@id\":\"https:\/\/pistonaddict.com\/hu\/#organization\"},\"potentialAction\":[{\"@type\":\"SearchAction\",\"target\":{\"@type\":\"EntryPoint\",\"urlTemplate\":\"https:\/\/pistonaddict.com\/hu\/?s={search_term_string}\"},\"query-input\":\"required name=search_term_string\"}],\"inLanguage\":\"hu\"},{\"@type\":\"Organization\",\"@id\":\"https:\/\/pistonaddict.com\/hu\/#organization\",\"name\":\"Piston Addict\",\"url\":\"https:\/\/pistonaddict.com\/hu\/\",\"logo\":{\"@type\":\"ImageObject\",\"inLanguage\":\"hu\",\"@id\":\"https:\/\/pistonaddict.com\/hu\/#\/schema\/logo\/image\/\",\"url\":\"https:\/\/pistonaddict.com\/wp-content\/uploads\/2022\/07\/logo-6.png\",\"contentUrl\":\"https:\/\/pistonaddict.com\/wp-content\/uploads\/2022\/07\/logo-6.png\",\"width\":970,\"height\":200,\"caption\":\"Piston Addict\"},\"image\":{\"@id\":\"https:\/\/pistonaddict.com\/hu\/#\/schema\/logo\/image\/\"}}]}<\/script>\n<!-- \/ Yoast SEO plugin. -->","yoast_head_json":{"title":"aukci\u00f3 - Piston Addict","description":"N\u00e9zze meg ezt a Porsche GT3 Touring aukci\u00f3ra elad\u00f3 PistonAddict.com automata sebess\u00e9gv\u00e1lt\u00f3val \u00e9s csak 1414 m\u00e9rf\u00f6ld.","robots":{"index":"index","follow":"follow","max-snippet":"max-snippet:-1","max-image-preview":"max-image-preview:large","max-video-preview":"max-video-preview:-1"},"canonical":"https:\/\/pistonaddict.com\/hu\/product\/porsche-gt3-touring\/","og_locale":"hu_HU","og_type":"article","og_title":"aukci\u00f3 - Piston Addict","og_description":"N\u00e9zze meg ezt a Porsche GT3 Touring aukci\u00f3ra elad\u00f3 PistonAddict.com automata sebess\u00e9gv\u00e1lt\u00f3val \u00e9s csak 1414 m\u00e9rf\u00f6ld.","og_url":"https:\/\/pistonaddict.com\/hu\/product\/porsche-gt3-touring\/","og_site_name":"Piston Addict","article_modified_time":"2024-03-19T16:27:24+00:00","og_image":[{"width":2560,"height":1673,"url":"https:\/\/pistonaddict.com\/wp-content\/uploads\/2023\/04\/LuxurycarLondonApril11PistonAddict_0868-2-scaled.jpg","type":"image\/jpeg"}],"twitter_card":"summary_large_image","twitter_misc":{"Becs\u00fclt olvas\u00e1si id\u0151":"3 perc"},"schema":{"@context":"https:\/\/schema.org","@graph":[{"@type":"WebPage","@id":"https:\/\/pistonaddict.com\/hu\/product\/porsche-gt3-touring\/","url":"https:\/\/pistonaddict.com\/hu\/product\/porsche-gt3-touring\/","name":"aukci\u00f3 - Piston Addict","isPartOf":{"@id":"https:\/\/pistonaddict.com\/hu\/#website"},"primaryImageOfPage":{"@id":"https:\/\/pistonaddict.com\/hu\/product\/porsche-gt3-touring\/#primaryimage"},"image":{"@id":"https:\/\/pistonaddict.com\/hu\/product\/porsche-gt3-touring\/#primaryimage"},"thumbnailUrl":"https:\/\/pistonaddict.com\/wp-content\/uploads\/2023\/04\/LuxurycarLondonApril11PistonAddict_0868-2-scaled.jpg","datePublished":"2023-04-19T08:37:02+00:00","dateModified":"2024-03-19T16:27:24+00:00","description":"N\u00e9zze meg ezt a Porsche GT3 Touring aukci\u00f3ra elad\u00f3 PistonAddict.com automata sebess\u00e9gv\u00e1lt\u00f3val \u00e9s csak 1414 m\u00e9rf\u00f6ld.","breadcrumb":{"@id":"https:\/\/pistonaddict.com\/hu\/product\/porsche-gt3-touring\/#breadcrumb"},"inLanguage":"hu","potentialAction":[{"@type":"ReadAction","target":["https:\/\/pistonaddict.com\/hu\/product\/porsche-gt3-touring\/"]}]},{"@type":"ImageObject","inLanguage":"hu","@id":"https:\/\/pistonaddict.com\/hu\/product\/porsche-gt3-touring\/#primaryimage","url":"https:\/\/pistonaddict.com\/wp-content\/uploads\/2023\/04\/LuxurycarLondonApril11PistonAddict_0868-2-scaled.jpg","contentUrl":"https:\/\/pistonaddict.com\/wp-content\/uploads\/2023\/04\/LuxurycarLondonApril11PistonAddict_0868-2-scaled.jpg","width":2560,"height":1673},{"@type":"BreadcrumbList","@id":"https:\/\/pistonaddict.com\/hu\/product\/porsche-gt3-touring\/#breadcrumb","itemListElement":[{"@type":"ListItem","position":1,"name":"Kezd\u0151lap","item":"https:\/\/pistonaddict.com\/hu\/honlap\/"},{"@type":"ListItem","position":2,"name":"Auctions","item":"https:\/\/pistonaddict.com\/auctions-listing\/"},{"@type":"ListItem","position":3,"name":"Porsche GT3 Touring"}]},{"@type":"WebSite","@id":"https:\/\/pistonaddict.com\/hu\/#website","url":"https:\/\/pistonaddict.com\/hu\/","name":"Piston Addict","description":"Only interesting vehicles","publisher":{"@id":"https:\/\/pistonaddict.com\/hu\/#organization"},"potentialAction":[{"@type":"SearchAction","target":{"@type":"EntryPoint","urlTemplate":"https:\/\/pistonaddict.com\/hu\/?s={search_term_string}"},"query-input":"required name=search_term_string"}],"inLanguage":"hu"},{"@type":"Organization","@id":"https:\/\/pistonaddict.com\/hu\/#organization","name":"Piston Addict","url":"https:\/\/pistonaddict.com\/hu\/","logo":{"@type":"ImageObject","inLanguage":"hu","@id":"https:\/\/pistonaddict.com\/hu\/#\/schema\/logo\/image\/","url":"https:\/\/pistonaddict.com\/wp-content\/uploads\/2022\/07\/logo-6.png","contentUrl":"https:\/\/pistonaddict.com\/wp-content\/uploads\/2022\/07\/logo-6.png","width":970,"height":200,"caption":"Piston Addict"},"image":{"@id":"https:\/\/pistonaddict.com\/hu\/#\/schema\/logo\/image\/"}}]}},"_links":{"self":[{"href":"https:\/\/pistonaddict.com\/hu\/wp-json\/wp\/v2\/product\/34038"}],"collection":[{"href":"https:\/\/pistonaddict.com\/hu\/wp-json\/wp\/v2\/product"}],"about":[{"href":"https:\/\/pistonaddict.com\/hu\/wp-json\/wp\/v2\/types\/product"}],"replies":[{"embeddable":true,"href":"https:\/\/pistonaddict.com\/hu\/wp-json\/wp\/v2\/comments?post=34038"}],"wp:featuredmedia":[{"embeddable":true,"href":"https:\/\/pistonaddict.com\/hu\/wp-json\/wp\/v2\/media\/33488"}],"wp:attachment":[{"href":"https:\/\/pistonaddict.com\/hu\/wp-json\/wp\/v2\/media?parent=34038"}],"wp:term":[{"taxonomy":"product_cat","embeddable":true,"href":"https:\/\/pistonaddict.com\/hu\/wp-json\/wp\/v2\/product_cat?post=34038"},{"taxonomy":"product_tag","embeddable":true,"href":"https:\/\/pistonaddict.com\/hu\/wp-json\/wp\/v2\/product_tag?post=34038"}],"curies":[{"name":"wp","href":"https:\/\/api.w.org\/{rel}","templated":true}]}}