{"id":33359,"date":"2023-04-19T09:41:30","date_gmt":"2023-04-19T07:41:30","guid":{"rendered":"https:\/\/pistonaddict.com\/product\/jensen-interceptor\/"},"modified":"2024-03-19T17:48:37","modified_gmt":"2024-03-19T16:48:37","slug":"jensen-interceptor","status":"publish","type":"product","link":"https:\/\/pistonaddict.com\/hu\/product\/jensen-interceptor\/","title":{"rendered":"Jensen Interceptor R Mk3"},"content":{"rendered":"<p><strong>Aut\u00f3 t\u00f6rt\u00e9nete<\/strong><\/p>\n<p>Ez a Jensen Interceptor 1972 m\u00e1rcius\u00e1ban ker\u00fclt az eredeti tulajdonoshoz. Egy massz\u00edv 440 CID Chrysler V8-as motor hajtotta, amely a kor szigorod\u00f3 k\u00e1rosanyag-kibocs\u00e1t\u00e1si norm\u00e1i miatt mind\u00f6ssze 280 l\u00f3er\u0151s volt. Az Mk3-as modellek (1971-ben mutatkoztak be) pl\u00fcss bels\u0151 ter\u00fckr\u0151l, a sz\u00e9riafelszerelts\u00e9g hossz\u00fa list\u00e1j\u00e1r\u00f3l \u00e9s egyenletes menetdinamik\u00e1jukr\u00f3l voltak ismertek. Mivel azonban a legt\u00f6bb Interceptor tov\u00e1bbra is klasszikus aut\u00f3gy\u0171jtem\u00e9nyek r\u00e9szek\u00e9nt \u00e9lte \u00e9let\u00e9t, ez a p\u00e9ld\u00e1ny \u00e1tfog\u00f3 \u00e1talak\u00edt\u00e1st, \u00faj \u00e9letet \u00e9s egy hatalmas teljes\u00edtm\u00e9nyfriss\u00edt\u00e9st kapott. A 70-es \u00e9vekbeli cirk\u00e1l\u00f3b\u00f3l 21. sz\u00e1zadi izommasin\u00e1v\u00e1 alak\u00edtja \u00e1t, amely k\u00e9szen \u00e1ll arra, hogy meglepje a Porsche-tulajdonosokat az aut\u00f3p\u00e1ly\u00e1n. A brit JIR c\u00e9g teljes \u00e1talak\u00edt\u00e1st hajtott v\u00e9gre, megtartva az eredeti vonalakat, de a mechanik\u00e1t alaposan feljav\u00edtva.<\/p>\n<p><strong>Aut\u00f3 \u00e1llapota<\/strong><\/p>\n<p>Kevesebb mint 10.000 m\u00e9rf\u00f6lddel a teljes fel\u00faj\u00edt\u00e1s \u00f3ta, ez a Jensen Interceptor R mindenhol kifog\u00e1stalan \u00e1llapotban van. Mivel ez egy sikeres restomod p\u00e9ld\u00e1ja, a m\u0171szaki adatok k\u00fcl\u00f6n\u00f6sen \u00e9rdekesek. Az aut\u00f3 \u00e9p\u00edt\u00e9s\u00e9nek k\u00f6lts\u00e9ge meghaladta a 200 000 fontot, \u00edgy a m\u00f3dos\u00edt\u00e1sok, egyedi alkatr\u00e9szek \u00e9s egyedi alkatr\u00e9szek list\u00e1ja igen terjedelmes. Ezt a pontos Interceptor R-t sz\u00e9les k\u00f6rben a vil\u00e1g legfejlettebb Jensenj\u00e9nek tartj\u00e1k. A motorh\u00e1ztet\u0151 alatt a Corvette ZR1 6,2 literes V8-as motorja dolgozik, amely t\u00f6bb mint 600 l\u00f3er\u0151t teljes\u00edt, \u00e9s az er\u0151t egy 6 sebess\u00e9ges automata v\u00e1lt\u00f3n kereszt\u00fcl k\u00fcldi a h\u00e1ts\u00f3 kerekekhez. Ilyen teljes\u00edtm\u00e9nyhez AP f\u00e9krendszerre, \u00e1tdolgozott felf\u00fcggeszt\u00e9sre \u00e9s m\u00e9g sok m\u00e1sra volt sz\u00fcks\u00e9g. Az eredm\u00e9ny egy fantasztikus g\u00e9p, amely alig t\u00f6bb mint 4 m\u00e1sodperc alatt \u00e9ri el a 100 km-t, \u00e9s nagy sebess\u00e9ggel is k\u00e9nyelmesen cirk\u00e1l.<\/p>\n<p><strong>Belt\u00e9r<\/strong><\/p>\n<p>A bels\u0151 t\u00e9rben a visszafogotts\u00e1g volt a kulcs a klasszikus m\u0171szerfal elrendez\u00e9ssel \u00e9s d\u00edsz\u00edt\u00e9ssel, de korszer\u0171s\u00edtett \u00fcl\u00e9sekkel, technol\u00f3gi\u00e1val \u00e9s a legfinomabb b\u0151rk\u00e1rpitoz\u00e1ssal. A bord\u00f3 sz\u00edn t\u00f6k\u00e9letesen illik a k\u00e9tt\u00f3nus\u00fa k\u00fcls\u0151h\u00f6z. A klasszikus Jensen-tulajdonosok elmondan\u00e1k, hogy ezek az aut\u00f3k \u00faj korukban tr\u00fckk\u00f6s elektronik\u00e1val \u00e9s gyakran \u00f6sszetett rendszerekkel rendelkeztek. Szerencs\u00e9re ez a p\u00e9lda r\u00e9szes\u00fclt egy teljes \u00e1talak\u00edt\u00e1sban, modern alkatr\u00e9szek, funkci\u00f3k, m\u0171k\u00f6d\u0151 kl\u00edmaberendez\u00e9s \u00e9s pr\u00e9mium audiorendszer.<\/p>\n<p><strong>K\u00fcls\u0151 \u00e9s kerekek<\/strong><\/p>\n<p>Ez az 1972-es Interceptor R eleg\u00e1ns, k\u00e9tt\u00f3nus\u00fa kombin\u00e1ci\u00f3ban k\u00e9sz\u00fclt, \u00e9s el\u00e9gg\u00e9 rakt\u00e1rk\u00e9szletnek t\u0171nik, de amint megn\u00e9zed a r\u00e9szleteket, r\u00e1j\u00f6ssz, hogy ez minden, csak nem az. A kerekek egyedi gy\u00e1rt\u00e1s\u00faak, \u00e9s nagyon hasonl\u00edtanak az eredeti kialak\u00edt\u00e1shoz, de sz\u00e9lesebbek \u00e9s nagyobbak. Az oldals\u00f3 szell\u0151z\u0151ny\u00edl\u00e1st a nagy teljes\u00edtm\u00e9ny\u0171 motor h\u0171t\u00e9s\u00e9nek el\u0151seg\u00edt\u00e9s\u00e9re adt\u00e1k hozz\u00e1, \u00e9s diszkr\u00e9ten m\u00e1s h\u0171t\u0151r\u00e1csot \u00e9s jelv\u00e9nyeket adtak hozz\u00e1. Azok, akik egy-k\u00e9t dolgot tudnak a klasszikus Interceptorokr\u00f3l, tudj\u00e1k, hogy ezek az aut\u00f3k hajlamosak voltak a rozsd\u00e1ra, de ez a p\u00e9ld\u00e1ny, a sok munka ut\u00e1n, amit beletettek, gyakorlatilag egy \u00faj j\u00e1rm\u0171, minden ilyen probl\u00e9ma n\u00e9lk\u00fcl.<\/p>\n<p><strong>  Dokument\u00e1ci\u00f3<\/strong><\/p>\n<p>Ez egy mag\u00e1ntulajdonban l\u00e9v\u0151, megfelel\u0151 dokument\u00e1ci\u00f3val rendelkez\u0151 j\u00e1rm\u0171, amely Londonban, az Egyes\u00fclt Kir\u00e1lys\u00e1gban tal\u00e1lhat\u00f3. A CarVertical jelent\u00e9s tiszta, nincs bizony\u00edt\u00e9k balesetekre, baleseti jav\u00edt\u00e1sokra vagy jogi probl\u00e9m\u00e1kra. A rendszeres karbantart\u00e1sr\u00f3l nyilv\u00e1ntart\u00e1s van. A leend\u0151 tulajdonosok tudni szeretn\u00e9k, hogy ez a p\u00e9ld\u00e1ny egy h\u00edress\u00e9g aut\u00f3ja, amelyet a h\u00edres Jeremy Clarkson tesztelt, \u00e9s 2011\/2012-ben a Top Gearben szerepelt.<\/p>\n","protected":false},"excerpt":{"rendered":"<p>B\u00e1r ez a gy\u00f6ny\u00f6r\u0171 Interceptor k\u00edv\u00fclr\u0151l el\u00e9g rakt\u00e1rszer\u0171nek t\u0171nik, van egy izgalmas titka. V8-as kompresszoros motor 600 l\u00f3er\u0151vel \u00e9s f\u00f6ldrenget\u0151 teljes\u00edtm\u00e9nnyel, a 70-es \u00e9vek egyik legszebb formaterv\u00e9be csomagolva. Ez egy igazi brit restomod GT amerikai sz\u00edvvel, k\u00e9szen arra, hogy b\u00e1rmit lehagyjon, ami az \u00fatj\u00e1ba ker\u00fcl.<\/p>\n","protected":false},"featured_media":32670,"comment_status":"open","ping_status":"closed","template":"","meta":{"inline_featured_image":false},"product_cat":[731],"product_tag":[1266,930,1134,1133],"acf":[],"yoast_head":"<!-- This site is optimized with the Yoast SEO plugin v22.5 - https:\/\/yoast.com\/wordpress\/plugins\/seo\/ -->\n<title>aukci\u00f3 - Piston Addict<\/title>\n<meta name=\"description\" content=\"N\u00e9zze meg ezt a Jensen Interceptor R MK3 \u00e1rver\u00e9sre elad\u00f3 a PistonAddict.com oldalon.\" \/>\n<meta name=\"robots\" content=\"index, follow, max-snippet:-1, max-image-preview:large, max-video-preview:-1\" \/>\n<link rel=\"canonical\" href=\"https:\/\/pistonaddict.com\/hu\/product\/jensen-interceptor\/\" \/>\n<meta property=\"og:locale\" content=\"hu_HU\" \/>\n<meta property=\"og:type\" content=\"article\" \/>\n<meta property=\"og:title\" content=\"aukci\u00f3 - Piston Addict\" \/>\n<meta property=\"og:description\" content=\"N\u00e9zze meg ezt a Jensen Interceptor R MK3 \u00e1rver\u00e9sre elad\u00f3 a PistonAddict.com oldalon.\" \/>\n<meta property=\"og:url\" content=\"https:\/\/pistonaddict.com\/hu\/product\/jensen-interceptor\/\" \/>\n<meta property=\"og:site_name\" content=\"Piston Addict\" \/>\n<meta property=\"article:modified_time\" content=\"2024-03-19T16:48:37+00:00\" \/>\n<meta property=\"og:image\" content=\"https:\/\/pistonaddict.com\/wp-content\/uploads\/2023\/04\/LuxurycarLondonApril11PistonAddict_0906-scaled.jpg\" \/>\n\t<meta property=\"og:image:width\" content=\"2560\" \/>\n\t<meta property=\"og:image:height\" content=\"1505\" \/>\n\t<meta property=\"og:image:type\" content=\"image\/jpeg\" \/>\n<meta name=\"twitter:card\" content=\"summary_large_image\" \/>\n<meta name=\"twitter:label1\" content=\"Becs\u00fclt olvas\u00e1si id\u0151\" \/>\n\t<meta name=\"twitter:data1\" content=\"3 perc\" \/>\n<script type=\"application\/ld+json\" class=\"yoast-schema-graph\">{\"@context\":\"https:\/\/schema.org\",\"@graph\":[{\"@type\":\"WebPage\",\"@id\":\"https:\/\/pistonaddict.com\/hu\/product\/jensen-interceptor\/\",\"url\":\"https:\/\/pistonaddict.com\/hu\/product\/jensen-interceptor\/\",\"name\":\"aukci\u00f3 - Piston Addict\",\"isPartOf\":{\"@id\":\"https:\/\/pistonaddict.com\/hu\/#website\"},\"primaryImageOfPage\":{\"@id\":\"https:\/\/pistonaddict.com\/hu\/product\/jensen-interceptor\/#primaryimage\"},\"image\":{\"@id\":\"https:\/\/pistonaddict.com\/hu\/product\/jensen-interceptor\/#primaryimage\"},\"thumbnailUrl\":\"https:\/\/pistonaddict.com\/wp-content\/uploads\/2023\/04\/LuxurycarLondonApril11PistonAddict_0906-scaled.jpg\",\"datePublished\":\"2023-04-19T07:41:30+00:00\",\"dateModified\":\"2024-03-19T16:48:37+00:00\",\"description\":\"N\u00e9zze meg ezt a Jensen Interceptor R MK3 \u00e1rver\u00e9sre elad\u00f3 a PistonAddict.com oldalon.\",\"breadcrumb\":{\"@id\":\"https:\/\/pistonaddict.com\/hu\/product\/jensen-interceptor\/#breadcrumb\"},\"inLanguage\":\"hu\",\"potentialAction\":[{\"@type\":\"ReadAction\",\"target\":[\"https:\/\/pistonaddict.com\/hu\/product\/jensen-interceptor\/\"]}]},{\"@type\":\"ImageObject\",\"inLanguage\":\"hu\",\"@id\":\"https:\/\/pistonaddict.com\/hu\/product\/jensen-interceptor\/#primaryimage\",\"url\":\"https:\/\/pistonaddict.com\/wp-content\/uploads\/2023\/04\/LuxurycarLondonApril11PistonAddict_0906-scaled.jpg\",\"contentUrl\":\"https:\/\/pistonaddict.com\/wp-content\/uploads\/2023\/04\/LuxurycarLondonApril11PistonAddict_0906-scaled.jpg\",\"width\":2560,\"height\":1505},{\"@type\":\"BreadcrumbList\",\"@id\":\"https:\/\/pistonaddict.com\/hu\/product\/jensen-interceptor\/#breadcrumb\",\"itemListElement\":[{\"@type\":\"ListItem\",\"position\":1,\"name\":\"Kezd\u0151lap\",\"item\":\"https:\/\/pistonaddict.com\/hu\/honlap\/\"},{\"@type\":\"ListItem\",\"position\":2,\"name\":\"Auctions\",\"item\":\"https:\/\/pistonaddict.com\/auctions-listing\/\"},{\"@type\":\"ListItem\",\"position\":3,\"name\":\"Jensen Interceptor R Mk3\"}]},{\"@type\":\"WebSite\",\"@id\":\"https:\/\/pistonaddict.com\/hu\/#website\",\"url\":\"https:\/\/pistonaddict.com\/hu\/\",\"name\":\"Piston Addict\",\"description\":\"Only interesting vehicles\",\"publisher\":{\"@id\":\"https:\/\/pistonaddict.com\/hu\/#organization\"},\"potentialAction\":[{\"@type\":\"SearchAction\",\"target\":{\"@type\":\"EntryPoint\",\"urlTemplate\":\"https:\/\/pistonaddict.com\/hu\/?s={search_term_string}\"},\"query-input\":\"required name=search_term_string\"}],\"inLanguage\":\"hu\"},{\"@type\":\"Organization\",\"@id\":\"https:\/\/pistonaddict.com\/hu\/#organization\",\"name\":\"Piston Addict\",\"url\":\"https:\/\/pistonaddict.com\/hu\/\",\"logo\":{\"@type\":\"ImageObject\",\"inLanguage\":\"hu\",\"@id\":\"https:\/\/pistonaddict.com\/hu\/#\/schema\/logo\/image\/\",\"url\":\"https:\/\/pistonaddict.com\/wp-content\/uploads\/2022\/07\/logo-6.png\",\"contentUrl\":\"https:\/\/pistonaddict.com\/wp-content\/uploads\/2022\/07\/logo-6.png\",\"width\":970,\"height\":200,\"caption\":\"Piston Addict\"},\"image\":{\"@id\":\"https:\/\/pistonaddict.com\/hu\/#\/schema\/logo\/image\/\"}}]}<\/script>\n<!-- \/ Yoast SEO plugin. -->","yoast_head_json":{"title":"aukci\u00f3 - Piston Addict","description":"N\u00e9zze meg ezt a Jensen Interceptor R MK3 \u00e1rver\u00e9sre elad\u00f3 a PistonAddict.com oldalon.","robots":{"index":"index","follow":"follow","max-snippet":"max-snippet:-1","max-image-preview":"max-image-preview:large","max-video-preview":"max-video-preview:-1"},"canonical":"https:\/\/pistonaddict.com\/hu\/product\/jensen-interceptor\/","og_locale":"hu_HU","og_type":"article","og_title":"aukci\u00f3 - Piston Addict","og_description":"N\u00e9zze meg ezt a Jensen Interceptor R MK3 \u00e1rver\u00e9sre elad\u00f3 a PistonAddict.com oldalon.","og_url":"https:\/\/pistonaddict.com\/hu\/product\/jensen-interceptor\/","og_site_name":"Piston Addict","article_modified_time":"2024-03-19T16:48:37+00:00","og_image":[{"width":2560,"height":1505,"url":"https:\/\/pistonaddict.com\/wp-content\/uploads\/2023\/04\/LuxurycarLondonApril11PistonAddict_0906-scaled.jpg","type":"image\/jpeg"}],"twitter_card":"summary_large_image","twitter_misc":{"Becs\u00fclt olvas\u00e1si id\u0151":"3 perc"},"schema":{"@context":"https:\/\/schema.org","@graph":[{"@type":"WebPage","@id":"https:\/\/pistonaddict.com\/hu\/product\/jensen-interceptor\/","url":"https:\/\/pistonaddict.com\/hu\/product\/jensen-interceptor\/","name":"aukci\u00f3 - Piston Addict","isPartOf":{"@id":"https:\/\/pistonaddict.com\/hu\/#website"},"primaryImageOfPage":{"@id":"https:\/\/pistonaddict.com\/hu\/product\/jensen-interceptor\/#primaryimage"},"image":{"@id":"https:\/\/pistonaddict.com\/hu\/product\/jensen-interceptor\/#primaryimage"},"thumbnailUrl":"https:\/\/pistonaddict.com\/wp-content\/uploads\/2023\/04\/LuxurycarLondonApril11PistonAddict_0906-scaled.jpg","datePublished":"2023-04-19T07:41:30+00:00","dateModified":"2024-03-19T16:48:37+00:00","description":"N\u00e9zze meg ezt a Jensen Interceptor R MK3 \u00e1rver\u00e9sre elad\u00f3 a PistonAddict.com oldalon.","breadcrumb":{"@id":"https:\/\/pistonaddict.com\/hu\/product\/jensen-interceptor\/#breadcrumb"},"inLanguage":"hu","potentialAction":[{"@type":"ReadAction","target":["https:\/\/pistonaddict.com\/hu\/product\/jensen-interceptor\/"]}]},{"@type":"ImageObject","inLanguage":"hu","@id":"https:\/\/pistonaddict.com\/hu\/product\/jensen-interceptor\/#primaryimage","url":"https:\/\/pistonaddict.com\/wp-content\/uploads\/2023\/04\/LuxurycarLondonApril11PistonAddict_0906-scaled.jpg","contentUrl":"https:\/\/pistonaddict.com\/wp-content\/uploads\/2023\/04\/LuxurycarLondonApril11PistonAddict_0906-scaled.jpg","width":2560,"height":1505},{"@type":"BreadcrumbList","@id":"https:\/\/pistonaddict.com\/hu\/product\/jensen-interceptor\/#breadcrumb","itemListElement":[{"@type":"ListItem","position":1,"name":"Kezd\u0151lap","item":"https:\/\/pistonaddict.com\/hu\/honlap\/"},{"@type":"ListItem","position":2,"name":"Auctions","item":"https:\/\/pistonaddict.com\/auctions-listing\/"},{"@type":"ListItem","position":3,"name":"Jensen Interceptor R Mk3"}]},{"@type":"WebSite","@id":"https:\/\/pistonaddict.com\/hu\/#website","url":"https:\/\/pistonaddict.com\/hu\/","name":"Piston Addict","description":"Only interesting vehicles","publisher":{"@id":"https:\/\/pistonaddict.com\/hu\/#organization"},"potentialAction":[{"@type":"SearchAction","target":{"@type":"EntryPoint","urlTemplate":"https:\/\/pistonaddict.com\/hu\/?s={search_term_string}"},"query-input":"required name=search_term_string"}],"inLanguage":"hu"},{"@type":"Organization","@id":"https:\/\/pistonaddict.com\/hu\/#organization","name":"Piston Addict","url":"https:\/\/pistonaddict.com\/hu\/","logo":{"@type":"ImageObject","inLanguage":"hu","@id":"https:\/\/pistonaddict.com\/hu\/#\/schema\/logo\/image\/","url":"https:\/\/pistonaddict.com\/wp-content\/uploads\/2022\/07\/logo-6.png","contentUrl":"https:\/\/pistonaddict.com\/wp-content\/uploads\/2022\/07\/logo-6.png","width":970,"height":200,"caption":"Piston Addict"},"image":{"@id":"https:\/\/pistonaddict.com\/hu\/#\/schema\/logo\/image\/"}}]}},"_links":{"self":[{"href":"https:\/\/pistonaddict.com\/hu\/wp-json\/wp\/v2\/product\/33359"}],"collection":[{"href":"https:\/\/pistonaddict.com\/hu\/wp-json\/wp\/v2\/product"}],"about":[{"href":"https:\/\/pistonaddict.com\/hu\/wp-json\/wp\/v2\/types\/product"}],"replies":[{"embeddable":true,"href":"https:\/\/pistonaddict.com\/hu\/wp-json\/wp\/v2\/comments?post=33359"}],"wp:featuredmedia":[{"embeddable":true,"href":"https:\/\/pistonaddict.com\/hu\/wp-json\/wp\/v2\/media\/32670"}],"wp:attachment":[{"href":"https:\/\/pistonaddict.com\/hu\/wp-json\/wp\/v2\/media?parent=33359"}],"wp:term":[{"taxonomy":"product_cat","embeddable":true,"href":"https:\/\/pistonaddict.com\/hu\/wp-json\/wp\/v2\/product_cat?post=33359"},{"taxonomy":"product_tag","embeddable":true,"href":"https:\/\/pistonaddict.com\/hu\/wp-json\/wp\/v2\/product_tag?post=33359"}],"curies":[{"name":"wp","href":"https:\/\/api.w.org\/{rel}","templated":true}]}}