{"id":29711,"date":"2023-03-02T21:25:19","date_gmt":"2023-03-02T20:25:19","guid":{"rendered":"https:\/\/pistonaddict.com\/product\/1985-porsche-911-carrera-3-2-elado\/"},"modified":"2024-03-22T16:10:45","modified_gmt":"2024-03-22T15:10:45","slug":"1985-porsche-911-carrera-3-2-for-sale","status":"publish","type":"product","link":"https:\/\/pistonaddict.com\/hu\/product\/1985-porsche-911-carrera-3-2-for-sale\/","title":{"rendered":"1985-\u00f6s Porsche 911 Carrera 3.2 \u00e1rver\u00e9sre elad\u00f3"},"content":{"rendered":"<p><strong>Aut\u00f3 t\u00f6rt\u00e9nete<\/strong><\/p>\n<p>Az elad\u00f3 1997-ben Luxemburgban szerezte meg a 80-as \u00e9vek k\u00f6zep\u00e9nek e gy\u00f6ny\u00f6r\u0171 darabj\u00e1t, \u00e9s Sv\u00e1jcba import\u00e1lta. Ezt a Carrer\u00e1t sz\u00e9riafelszerelts\u00e9gk\u00e9nt 3,2 literes, lapos hathengeres motorral szerelt\u00e9k fel, amely 231 l\u00f3er\u0151t juttat a h\u00e1ts\u00f3 kerekekhez egy 5 sebess\u00e9ges k\u00e9zi v\u00e1lt\u00f3n kereszt\u00fcl. A motor \u00fczemanyag-befecskendez\u00e9ses, \u00e9s k\u00e9pes 5,9 m\u00e1sodperc alatt 0-100 km\/h-ra gyors\u00edtani ezt a legend\u00e1s sportkocsit, a cs\u00facssebess\u00e9ge pedig m\u00e9g mindig tiszteletre m\u00e9lt\u00f3 245 km\/h (150 mph). Nincs feljegyz\u00e9s semmilyen motor\u00e1talak\u00edt\u00e1sr\u00f3l, de az aut\u00f3t rendszeresen karbantartott\u00e1k, az utols\u00f3 dokument\u00e1lt szervizel\u00e9s 2022 m\u00e1rcius v\u00e9g\u00e9n t\u00f6rt\u00e9nt. Ez a fekete Porsche eddig 168 000 km-t tett meg.<\/p>\n<p><strong>Felt\u00e9tel<\/strong><\/p>\n<p>A j\u00e1rm\u0171 karossz\u00e9ri\u00e1ja teljes k\u00f6r\u0171, szakszer\u0171 \u00fajrafest\u00e9sen esett \u00e1t, a motor pedig eredeti alkatr\u00e9szek \u00e9s komponensek felhaszn\u00e1l\u00e1s\u00e1val ker\u00fclt fel\u00faj\u00edt\u00e1sra. \u00c1tment a sv\u00e1jci m\u0171szaki vizsg\u00e1n, \u00e9s az \u00fatja leg\u00e1lis \u00e9s regisztr\u00e1lt. A leend\u0151 v\u00e1s\u00e1rl\u00f3k tudni akarj\u00e1k, hogy az olajelemz\u00e9s megt\u00f6rt\u00e9nt, \u00e9s az eredm\u00e9nyek rendben vannak. A vide\u00f3kon l\u00e1that\u00f3, hogy az olajnyom\u00e1s \u00e9s az \u00f6sszes m\u0171szer megfelel\u0151en m\u0171k\u00f6dik. A fut\u00f3m\u0171ben nincs olajsziv\u00e1rg\u00e1s, a motort\u00e9r rendezett, \u00e9s minden eredeti b\u00e9lyegz\u0151 \u00e9s jel\u00f6l\u00e9s megvan.<\/p>\n<p><strong>Belt\u00e9r<\/strong><\/p>\n<p>Az 1985-\u00f6s Porsche 911 Carrera 3.2 belseje eredeti, az \u00fcl\u00e9sek \u00e9s az ajt\u00f3k\u00e1rty\u00e1k b\u0151rrel bor\u00edtottak. A hasonl\u00f3 aut\u00f3khoz k\u00e9pest ez a h\u00e1romszoros fekete p\u00e9ld\u00e1ny (karossz\u00e9ria, bels\u0151 t\u00e9r \u00e9s sz\u0151nyegek &#8211; mind fekete) rendelkezik n\u00e9h\u00e1ny k\u00edv\u00e1natos opci\u00f3val, amelyeket a gy\u0171jt\u0151k keresnek. Az els\u0151 ezek k\u00f6z\u00fcl a b\u0151r\u00fcl\u00e9sek, elektromos opci\u00f3kkal. M\u00e1sodszor, ez a p\u00e9lda l\u00e9gkondicion\u00e1l\u00f3val van felszerelve, ami \u00fcdv\u00f6zlend\u0151, k\u00fcl\u00f6n\u00f6sen a forr\u00f3 ny\u00e1ri napokon. Harmadszor, ez az 1985-\u00f6s Carrera napf\u00e9nytet\u0151vel, elektromos t\u00fckr\u00f6kkel \u00e9s f\u00e9nysz\u00f3r\u00f3mos\u00f3val is rendelkezik, amelyek mind hozz\u00e1j\u00e1rulnak a fokozott \u00e9lm\u00e9nyhez. A h\u00e1ts\u00f3 \u00fcveg f\u0171thet\u0151, \u00e9s van egy ut\u00e1ngy\u00e1rtott sztere\u00f3 fejegys\u00e9g a kedvenc 80-as \u00e9vekbeli zen\u00e9ihez. A v\u00e1lt\u00f3gomb azonban nem az eredeti darab.<\/p>\n<p><strong>K\u00fcls\u0151 \u00e9s kerekek<\/strong><\/p>\n<p>Minden k\u00fcls\u0151 d\u00edsz\u00edt\u0151elem, d\u00edszl\u00e9c \u00e9s m\u0171anyag alkatr\u00e9sz t\u00f6k\u00e9letes \u00e1llapotban van, \u00e9s nincs l\u00e1that\u00f3 rozsda a napf\u00e9nytet\u0151 ny\u00edl\u00e1sa k\u00f6r\u00fcl, ami gyakori sport ezekn\u00e9l az aut\u00f3kn\u00e1l. Ez azt jelenti, hogy a j\u00e1rm\u0171vet j\u00f3l gondozz\u00e1k, \u00e9s csak sz\u00f3rv\u00e1nyosan haszn\u00e1lj\u00e1k. \u00c9rdekes m\u00f3don a tulajdonos \u00fagy d\u00f6nt\u00f6tt, hogy jav\u00edtja ennek az 1985-\u00f6s Porsche 911 Carrer\u00e1nak a g\u00f6rd\u00fcl\u0151\u00e1llom\u00e1ny\u00e1t. A gy\u00e1ri 15 colos kerekek helyett ez az aut\u00f3 16 colos eredeti Fuchs ker\u00e9kt\u00e1rcs\u00e1kat kapott, amelyeket Pirelli P Zero gumikba csomagoltak. Term\u00e9szetesen a h\u00e1ts\u00f3k sz\u00e9lesebbek, mint az els\u0151k. Ez egy gyakori m\u00f3dos\u00edt\u00e1s, amely seg\u00edt a megjelen\u00e9sben \u00e9s a menetdinamik\u00e1ban is. A gumiabroncsokat 2021 k\u00f6zep\u00e9n szerelt\u00e9k fel. Az aut\u00f3 eredeti szersz\u00e1mk\u00e9szlettel \u00e9s p\u00f3tker\u00e9kkel \u00e9rkezik, ami a gy\u0171jt\u0151k sz\u00e1m\u00e1ra kedvez\u0151 eredetis\u00e9get mutatja.<\/p>\n<p><strong>Dokument\u00e1ci\u00f3<\/strong><\/p>\n<p>Ez egy mag\u00e1ntulajdonban l\u00e9v\u0151, megfelel\u0151 dokument\u00e1ci\u00f3val rendelkez\u0151 j\u00e1rm\u0171, amely Genfben, Sv\u00e1jcban tal\u00e1lhat\u00f3. A CarVertical jelent\u00e9s tiszta, nincs bizony\u00edt\u00e9k balesetekre, baleseti jav\u00edt\u00e1sokra vagy tulajdonjogra, illetve jogi probl\u00e9m\u00e1kra. A rendszeres karbantart\u00e1sr\u00f3l 2015-ig visszamen\u0151leg vannak feljegyz\u00e9sek.<\/p>\n","protected":false},"excerpt":{"rendered":"<p>Ez az 1985-\u00f6s Carrera 3.2 a Porsche fekete sz\u00edn\u00e9nek eleg\u00e1ns \u00e1rnyalat\u00e1ban \u00e9s a hozz\u00e1 ill\u0151 bels\u0151 t\u00e9rrel k\u00e9sz\u00fclt, \u00e9s t\u00f6k\u00e9letes p\u00e9ld\u00e1ja egy klasszikus 911-es vezet\u0151i min\u0151s\u00e9gnek, amely k\u00e9szen \u00e1ll arra, hogy az \u00faj tulajdonos \u00e9lvezze. Jeltelen k\u00fcls\u0151vel, sz\u00e1mos k\u00edv\u00e1natos opci\u00f3val \u00e9s j\u00f3l felszerelt bels\u0151 t\u00e9rrel, ez a Carrera egy j\u00f3l karbantartott \u00e9s megb\u00edzhat\u00f3 klasszikus, nagy teljes\u00edtm\u00e9ny\u0171, k\u00e9szen \u00e1ll arra, hogy magabiztosan induljon egy ny\u00e1ri, Eur\u00f3p\u00e1n \u00e1t\u00edvel\u0151 \u00fatra.<\/p>\n","protected":false},"featured_media":29666,"comment_status":"open","ping_status":"closed","template":"","meta":{"inline_featured_image":false},"product_cat":[731],"product_tag":[967,866,897,964,865],"acf":[],"yoast_head":"<!-- This site is optimized with the Yoast SEO plugin v22.5 - https:\/\/yoast.com\/wordpress\/plugins\/seo\/ -->\n<title>1985-\u00f6s Porsche 911 Carrera 3.2 \u00e1rver\u00e9sre elad\u00f3 - Piston Addict<\/title>\n<meta name=\"description\" content=\"N\u00e9zze meg ezt a gy\u00f6ny\u00f6r\u0171 1985-\u00f6s Porsche 911 Carrera 3.2 aukci\u00f3t a PistonAddict.com oldalon.\" \/>\n<meta name=\"robots\" content=\"index, follow, max-snippet:-1, max-image-preview:large, max-video-preview:-1\" \/>\n<link rel=\"canonical\" href=\"https:\/\/pistonaddict.com\/hu\/product\/1985-porsche-911-carrera-3-2-for-sale\/\" \/>\n<meta property=\"og:locale\" content=\"hu_HU\" \/>\n<meta property=\"og:type\" content=\"article\" \/>\n<meta property=\"og:title\" content=\"1985-\u00f6s Porsche 911 Carrera 3.2 \u00e1rver\u00e9sre elad\u00f3 - Piston Addict\" \/>\n<meta property=\"og:description\" content=\"N\u00e9zze meg ezt a gy\u00f6ny\u00f6r\u0171 1985-\u00f6s Porsche 911 Carrera 3.2 aukci\u00f3t a PistonAddict.com oldalon.\" \/>\n<meta property=\"og:url\" content=\"https:\/\/pistonaddict.com\/hu\/product\/1985-porsche-911-carrera-3-2-for-sale\/\" \/>\n<meta property=\"og:site_name\" content=\"Piston Addict\" \/>\n<meta property=\"article:modified_time\" content=\"2024-03-22T15:10:45+00:00\" \/>\n<meta property=\"og:image\" content=\"https:\/\/pistonaddict.com\/wp-content\/uploads\/2023\/03\/IMG_2519-scaled.jpeg\" \/>\n\t<meta property=\"og:image:width\" content=\"2560\" \/>\n\t<meta property=\"og:image:height\" content=\"1920\" \/>\n\t<meta property=\"og:image:type\" content=\"image\/jpeg\" \/>\n<meta name=\"twitter:card\" content=\"summary_large_image\" \/>\n<meta name=\"twitter:label1\" content=\"Becs\u00fclt olvas\u00e1si id\u0151\" \/>\n\t<meta name=\"twitter:data1\" content=\"3 perc\" \/>\n<script type=\"application\/ld+json\" class=\"yoast-schema-graph\">{\"@context\":\"https:\/\/schema.org\",\"@graph\":[{\"@type\":\"WebPage\",\"@id\":\"https:\/\/pistonaddict.com\/hu\/product\/1985-porsche-911-carrera-3-2-for-sale\/\",\"url\":\"https:\/\/pistonaddict.com\/hu\/product\/1985-porsche-911-carrera-3-2-for-sale\/\",\"name\":\"1985-\u00f6s Porsche 911 Carrera 3.2 \u00e1rver\u00e9sre elad\u00f3 - Piston Addict\",\"isPartOf\":{\"@id\":\"https:\/\/pistonaddict.com\/hu\/#website\"},\"primaryImageOfPage\":{\"@id\":\"https:\/\/pistonaddict.com\/hu\/product\/1985-porsche-911-carrera-3-2-for-sale\/#primaryimage\"},\"image\":{\"@id\":\"https:\/\/pistonaddict.com\/hu\/product\/1985-porsche-911-carrera-3-2-for-sale\/#primaryimage\"},\"thumbnailUrl\":\"https:\/\/pistonaddict.com\/wp-content\/uploads\/2023\/03\/IMG_2519-scaled.jpeg\",\"datePublished\":\"2023-03-02T20:25:19+00:00\",\"dateModified\":\"2024-03-22T15:10:45+00:00\",\"description\":\"N\u00e9zze meg ezt a gy\u00f6ny\u00f6r\u0171 1985-\u00f6s Porsche 911 Carrera 3.2 aukci\u00f3t a PistonAddict.com oldalon.\",\"breadcrumb\":{\"@id\":\"https:\/\/pistonaddict.com\/hu\/product\/1985-porsche-911-carrera-3-2-for-sale\/#breadcrumb\"},\"inLanguage\":\"hu\",\"potentialAction\":[{\"@type\":\"ReadAction\",\"target\":[\"https:\/\/pistonaddict.com\/hu\/product\/1985-porsche-911-carrera-3-2-for-sale\/\"]}]},{\"@type\":\"ImageObject\",\"inLanguage\":\"hu\",\"@id\":\"https:\/\/pistonaddict.com\/hu\/product\/1985-porsche-911-carrera-3-2-for-sale\/#primaryimage\",\"url\":\"https:\/\/pistonaddict.com\/wp-content\/uploads\/2023\/03\/IMG_2519-scaled.jpeg\",\"contentUrl\":\"https:\/\/pistonaddict.com\/wp-content\/uploads\/2023\/03\/IMG_2519-scaled.jpeg\",\"width\":2560,\"height\":1920},{\"@type\":\"BreadcrumbList\",\"@id\":\"https:\/\/pistonaddict.com\/hu\/product\/1985-porsche-911-carrera-3-2-for-sale\/#breadcrumb\",\"itemListElement\":[{\"@type\":\"ListItem\",\"position\":1,\"name\":\"Kezd\u0151lap\",\"item\":\"https:\/\/pistonaddict.com\/hu\/honlap\/\"},{\"@type\":\"ListItem\",\"position\":2,\"name\":\"Auctions\",\"item\":\"https:\/\/pistonaddict.com\/auctions-listing\/\"},{\"@type\":\"ListItem\",\"position\":3,\"name\":\"1985-\u00f6s Porsche 911 Carrera 3.2 \u00e1rver\u00e9sre elad\u00f3\"}]},{\"@type\":\"WebSite\",\"@id\":\"https:\/\/pistonaddict.com\/hu\/#website\",\"url\":\"https:\/\/pistonaddict.com\/hu\/\",\"name\":\"Piston Addict\",\"description\":\"Only interesting vehicles\",\"publisher\":{\"@id\":\"https:\/\/pistonaddict.com\/hu\/#organization\"},\"potentialAction\":[{\"@type\":\"SearchAction\",\"target\":{\"@type\":\"EntryPoint\",\"urlTemplate\":\"https:\/\/pistonaddict.com\/hu\/?s={search_term_string}\"},\"query-input\":\"required name=search_term_string\"}],\"inLanguage\":\"hu\"},{\"@type\":\"Organization\",\"@id\":\"https:\/\/pistonaddict.com\/hu\/#organization\",\"name\":\"Piston Addict\",\"url\":\"https:\/\/pistonaddict.com\/hu\/\",\"logo\":{\"@type\":\"ImageObject\",\"inLanguage\":\"hu\",\"@id\":\"https:\/\/pistonaddict.com\/hu\/#\/schema\/logo\/image\/\",\"url\":\"https:\/\/pistonaddict.com\/wp-content\/uploads\/2022\/07\/logo-6.png\",\"contentUrl\":\"https:\/\/pistonaddict.com\/wp-content\/uploads\/2022\/07\/logo-6.png\",\"width\":970,\"height\":200,\"caption\":\"Piston Addict\"},\"image\":{\"@id\":\"https:\/\/pistonaddict.com\/hu\/#\/schema\/logo\/image\/\"}}]}<\/script>\n<!-- \/ Yoast SEO plugin. -->","yoast_head_json":{"title":"1985-\u00f6s Porsche 911 Carrera 3.2 \u00e1rver\u00e9sre elad\u00f3 - Piston Addict","description":"N\u00e9zze meg ezt a gy\u00f6ny\u00f6r\u0171 1985-\u00f6s Porsche 911 Carrera 3.2 aukci\u00f3t a PistonAddict.com oldalon.","robots":{"index":"index","follow":"follow","max-snippet":"max-snippet:-1","max-image-preview":"max-image-preview:large","max-video-preview":"max-video-preview:-1"},"canonical":"https:\/\/pistonaddict.com\/hu\/product\/1985-porsche-911-carrera-3-2-for-sale\/","og_locale":"hu_HU","og_type":"article","og_title":"1985-\u00f6s Porsche 911 Carrera 3.2 \u00e1rver\u00e9sre elad\u00f3 - Piston Addict","og_description":"N\u00e9zze meg ezt a gy\u00f6ny\u00f6r\u0171 1985-\u00f6s Porsche 911 Carrera 3.2 aukci\u00f3t a PistonAddict.com oldalon.","og_url":"https:\/\/pistonaddict.com\/hu\/product\/1985-porsche-911-carrera-3-2-for-sale\/","og_site_name":"Piston Addict","article_modified_time":"2024-03-22T15:10:45+00:00","og_image":[{"width":2560,"height":1920,"url":"https:\/\/pistonaddict.com\/wp-content\/uploads\/2023\/03\/IMG_2519-scaled.jpeg","type":"image\/jpeg"}],"twitter_card":"summary_large_image","twitter_misc":{"Becs\u00fclt olvas\u00e1si id\u0151":"3 perc"},"schema":{"@context":"https:\/\/schema.org","@graph":[{"@type":"WebPage","@id":"https:\/\/pistonaddict.com\/hu\/product\/1985-porsche-911-carrera-3-2-for-sale\/","url":"https:\/\/pistonaddict.com\/hu\/product\/1985-porsche-911-carrera-3-2-for-sale\/","name":"1985-\u00f6s Porsche 911 Carrera 3.2 \u00e1rver\u00e9sre elad\u00f3 - Piston Addict","isPartOf":{"@id":"https:\/\/pistonaddict.com\/hu\/#website"},"primaryImageOfPage":{"@id":"https:\/\/pistonaddict.com\/hu\/product\/1985-porsche-911-carrera-3-2-for-sale\/#primaryimage"},"image":{"@id":"https:\/\/pistonaddict.com\/hu\/product\/1985-porsche-911-carrera-3-2-for-sale\/#primaryimage"},"thumbnailUrl":"https:\/\/pistonaddict.com\/wp-content\/uploads\/2023\/03\/IMG_2519-scaled.jpeg","datePublished":"2023-03-02T20:25:19+00:00","dateModified":"2024-03-22T15:10:45+00:00","description":"N\u00e9zze meg ezt a gy\u00f6ny\u00f6r\u0171 1985-\u00f6s Porsche 911 Carrera 3.2 aukci\u00f3t a PistonAddict.com oldalon.","breadcrumb":{"@id":"https:\/\/pistonaddict.com\/hu\/product\/1985-porsche-911-carrera-3-2-for-sale\/#breadcrumb"},"inLanguage":"hu","potentialAction":[{"@type":"ReadAction","target":["https:\/\/pistonaddict.com\/hu\/product\/1985-porsche-911-carrera-3-2-for-sale\/"]}]},{"@type":"ImageObject","inLanguage":"hu","@id":"https:\/\/pistonaddict.com\/hu\/product\/1985-porsche-911-carrera-3-2-for-sale\/#primaryimage","url":"https:\/\/pistonaddict.com\/wp-content\/uploads\/2023\/03\/IMG_2519-scaled.jpeg","contentUrl":"https:\/\/pistonaddict.com\/wp-content\/uploads\/2023\/03\/IMG_2519-scaled.jpeg","width":2560,"height":1920},{"@type":"BreadcrumbList","@id":"https:\/\/pistonaddict.com\/hu\/product\/1985-porsche-911-carrera-3-2-for-sale\/#breadcrumb","itemListElement":[{"@type":"ListItem","position":1,"name":"Kezd\u0151lap","item":"https:\/\/pistonaddict.com\/hu\/honlap\/"},{"@type":"ListItem","position":2,"name":"Auctions","item":"https:\/\/pistonaddict.com\/auctions-listing\/"},{"@type":"ListItem","position":3,"name":"1985-\u00f6s Porsche 911 Carrera 3.2 \u00e1rver\u00e9sre elad\u00f3"}]},{"@type":"WebSite","@id":"https:\/\/pistonaddict.com\/hu\/#website","url":"https:\/\/pistonaddict.com\/hu\/","name":"Piston Addict","description":"Only interesting vehicles","publisher":{"@id":"https:\/\/pistonaddict.com\/hu\/#organization"},"potentialAction":[{"@type":"SearchAction","target":{"@type":"EntryPoint","urlTemplate":"https:\/\/pistonaddict.com\/hu\/?s={search_term_string}"},"query-input":"required name=search_term_string"}],"inLanguage":"hu"},{"@type":"Organization","@id":"https:\/\/pistonaddict.com\/hu\/#organization","name":"Piston Addict","url":"https:\/\/pistonaddict.com\/hu\/","logo":{"@type":"ImageObject","inLanguage":"hu","@id":"https:\/\/pistonaddict.com\/hu\/#\/schema\/logo\/image\/","url":"https:\/\/pistonaddict.com\/wp-content\/uploads\/2022\/07\/logo-6.png","contentUrl":"https:\/\/pistonaddict.com\/wp-content\/uploads\/2022\/07\/logo-6.png","width":970,"height":200,"caption":"Piston Addict"},"image":{"@id":"https:\/\/pistonaddict.com\/hu\/#\/schema\/logo\/image\/"}}]}},"_links":{"self":[{"href":"https:\/\/pistonaddict.com\/hu\/wp-json\/wp\/v2\/product\/29711"}],"collection":[{"href":"https:\/\/pistonaddict.com\/hu\/wp-json\/wp\/v2\/product"}],"about":[{"href":"https:\/\/pistonaddict.com\/hu\/wp-json\/wp\/v2\/types\/product"}],"replies":[{"embeddable":true,"href":"https:\/\/pistonaddict.com\/hu\/wp-json\/wp\/v2\/comments?post=29711"}],"wp:featuredmedia":[{"embeddable":true,"href":"https:\/\/pistonaddict.com\/hu\/wp-json\/wp\/v2\/media\/29666"}],"wp:attachment":[{"href":"https:\/\/pistonaddict.com\/hu\/wp-json\/wp\/v2\/media?parent=29711"}],"wp:term":[{"taxonomy":"product_cat","embeddable":true,"href":"https:\/\/pistonaddict.com\/hu\/wp-json\/wp\/v2\/product_cat?post=29711"},{"taxonomy":"product_tag","embeddable":true,"href":"https:\/\/pistonaddict.com\/hu\/wp-json\/wp\/v2\/product_tag?post=29711"}],"curies":[{"name":"wp","href":"https:\/\/api.w.org\/{rel}","templated":true}]}}