{"id":108793,"date":"2024-06-11T17:05:07","date_gmt":"2024-06-11T15:05:07","guid":{"rendered":"https:\/\/pistonaddict.com\/product\/lamborghini-urraco-p250\/"},"modified":"2024-06-12T09:54:33","modified_gmt":"2024-06-12T07:54:33","slug":"lamborghini-urraco-p250","status":"publish","type":"product","link":"https:\/\/pistonaddict.com\/hu\/product\/lamborghini-urraco-p250\/","title":{"rendered":"Lamborghini Urraco P250"},"content":{"rendered":"<h2>K\u00fcls\u0151<\/h2>\n<p>K\u00edv\u00fclr\u0151l ez az olasz n\u00e9gy\u00fcl\u00e9ses aut\u00f3 a kor legt\u00f6bb szuperaut\u00f3j\u00e1ra jellemz\u0151, \u00e9k alak\u00fa sziluettet visel. Az elej\u00e9t az ikonikus felugr\u00f3 f\u00e9nysz\u00f3r\u00f3k uralj\u00e1k, amelyek elengedhetetlenek a lapos, alacsonyan l\u00f3g\u00f3 motorh\u00e1ztet\u0151 elhelyez\u00e9s\u00e9hez. Az oldalak ment\u00e9n haladva, ahol az eredeti 14 colos, korh\u0171 Michelin XWX gumiabroncsokkal szerelt k\u00f6nny\u0171f\u00e9m ker\u00e9kt\u00e1rcs\u00e1knak helyet ad\u00f3 izmos ker\u00e9kj\u00e1rati \u00edvek a legszembet\u0171n\u0151bbek. Tov\u00e1bb\u00e1, egy \u00e9les szem \u00e9szreveszi a rozsdamentes ac\u00e9l kett\u0151s ANSA-t, amelyet a h\u00edres hangol\u00f3 Abart k\u00e9sz\u00edtett, a h\u00e1tulj\u00e1n. Ez a k\u00fcl\u00f6nleges aut\u00f3 eleg\u00e1ns ez\u00fcstsz\u00edn\u0171re van festve, ami agressz\u00edv megjelen\u00e9s\u00e9t eleg\u00e1nsan feldobja.<\/p>\n<h2>Belt\u00e9r<\/h2>\n<p>Az ajt\u00f3kat kinyitva felt\u00e1rul a Lambo pazar n\u00e9r\u00f3 bels\u0151 tere, ahol az els\u0151 \u00fcl\u00e9sek, amelyek \u00e1llapot\u00e1t az elad\u00f3 &#8220;\u00fajnak&#8221; \u00edrja le, a legfigyelemrem\u00e9lt\u00f3bbak. Ugyanez a le\u00edr\u00e1s alkalmazhat\u00f3 a h\u00e1ts\u00f3 padra is, amely el\u00e9g t\u00e1gas k\u00e9t szem\u00e9ly befogad\u00e1s\u00e1ra. Ha a vezet\u0151 le\u00fcl, egy n\u00e9gy k\u00fcll\u0151s b\u0151rkorm\u00e1nyt tal\u00e1l, amely m\u00f6g\u00f6tt egy bonyolult m\u0171szeregys\u00e9g tal\u00e1lhat\u00f3. A 280 km\/\u00f3r\u00e1s sebess\u00e9gm\u00e9r\u0151 \u00e9s a 9000-es fordulatsz\u00e1mm\u00e9r\u0151 mellett a t\u00e1rcs\u00e1k k\u00f6z\u00f6tt motorh\u0151m\u00e9rs\u00e9klet-, olajnyom\u00e1s- \u00e9s t\u00f6lt\u0151fesz\u00fclts\u00e9g-m\u00e9r\u0151k is tal\u00e1lhat\u00f3k. A m\u0171szerfalat s\u00f6t\u00e9tsz\u00fcrke Alcantara b\u0151r bor\u00edtja, amely puha tapint\u00e1s\u00fa \u00e9s sima megjelen\u00e9s\u0171, \u00e9s nem t\u00fckr\u00f6zi vissza a napsugarakat.<\/p>\n<h2>Mechanika<\/h2>\n<p>A P250-es modellk\u00e9nt ez az Urraco 2,5 literes V8-as motorral rendelkezik, amely 250 l\u00f3er\u0151t \u00e9s ugyancsak leny\u0171g\u00f6z\u0151, 220 N-m nyomat\u00e9kot produk\u00e1l. Ezt a teljes\u00edtm\u00e9nyt egy 5 fokozat\u00fa k\u00e9zi sebess\u00e9gv\u00e1lt\u00f3 tov\u00e1bb\u00edtja, amely alig 7 m\u00e1sodperc alatt biztos\u00edtja a 0-100-as id\u0151t \u00e9s a 240 kilom\u00e9ter\/\u00f3r\u00e1s v\u00e9gsebess\u00e9get. Ezek a mai m\u00e9rc\u00e9vel m\u00e9rve is leny\u0171g\u00f6z\u0151 teljes\u00edtm\u00e9nyadatok az Uracc\u00f3t az egyik leggyorsabb n\u00e9gy\u00fcl\u00e9ses aut\u00f3v\u00e1 tett\u00e9k abban az id\u0151ben. A f\u00fcggetlen felf\u00fcggeszt\u00e9snek k\u00f6sz\u00f6nhet\u0151en a kezelhet\u0151s\u00e9g prec\u00edz, a biztons\u00e1gos meg\u00e1ll\u00e1sr\u00f3l pedig mind a n\u00e9gy ker\u00e9ken hat\u00e9kony \u00e9s tart\u00f3s t\u00e1rcsaf\u00e9kek gondoskodnak.<\/p>\n<h2>A j\u00e1rm\u0171 t\u00f6rt\u00e9nete<\/h2>\n<p>Az itt bemutatott Lamborghini Urraco P250 1975-ben k\u00e9sz\u00fclt, \u00e9s jelenleg 78 000 kilom\u00e9tert futott. Az \u00e9vek sor\u00e1n az aut\u00f3t soha nem haszn\u00e1lt\u00e1k a p\u00e1ly\u00e1n, \u00e9s balesetben sem volt r\u00e9sze. 2016-ban alapos fel\u00faj\u00edt\u00e1son esett \u00e1t, amelynek sor\u00e1n a motor \u00e9s a felf\u00fcggeszt\u00e9s teljes eg\u00e9sz\u00e9ben meg\u00fajult, az alv\u00e1z pedig egy \u00faj r\u00e9teg rozsdag\u00e1tl\u00f3t kapott. Ezzel egyidej\u0171leg a bels\u0151 teret teljesen \u00fajrak\u00e1rpitozt\u00e1k, \u00e9s az aut\u00f3t \u00fajrafestett\u00e9k. A vizu\u00e1lis hib\u00e1k a vezet\u0151oldali ajt\u00f3 kisebb s\u00e9r\u00fcl\u00e9s\u00e9re korl\u00e1toz\u00f3dnak, amelyet a leend\u0151 tulajdonosnak t\u00f6rt\u00e9n\u0151 \u00e1tad\u00e1s el\u0151tt kijav\u00edtanak. A j\u00e1rm\u0171 jelenleg Spanyolorsz\u00e1gban van, ahol az els\u0151 napt\u00f3l kezdve be van jegyezve.<\/p>\n<p><strong>N\u00e9zd meg a hidegind\u00edt\u00e1sos vide\u00f3t err\u0151l a csod\u00e1latos<\/strong> <strong>Lamborghini Urraco P250-r\u0151l<\/strong>:<\/p>\n<p><iframe title=\"Cold Start Video of the amazing Lamborghini Urraco P250\" width=\"1200\" height=\"675\" src=\"https:\/\/www.youtube.com\/embed\/wt_LCr8LgcQ?feature=oembed\" frameborder=\"0\" allow=\"accelerometer; autoplay; clipboard-write; encrypted-media; gyroscope; picture-in-picture; web-share\" referrerpolicy=\"strict-origin-when-cross-origin\" allowfullscreen><\/iframe><\/p>\n<p><strong>\u00c9s a vide\u00f3t\u00fara :<\/strong><\/p>\n<p><iframe title=\"Video Tour of the Lamborghini Urraco P250\" width=\"1200\" height=\"675\" src=\"https:\/\/www.youtube.com\/embed\/azU8K1XDHOA?feature=oembed\" frameborder=\"0\" allow=\"accelerometer; autoplay; clipboard-write; encrypted-media; gyroscope; picture-in-picture; web-share\" referrerpolicy=\"strict-origin-when-cross-origin\" allowfullscreen><\/iframe><\/p>\n","protected":false},"excerpt":{"rendered":"<p>A Miura harci bikafajt\u00e1r\u00f3l elnevezett Urraco a Lamborghini 1972 \u00e9s 1979 k\u00f6z\u00f6tt gy\u00e1rtott sportaut\u00f3ja. A Bertone \u00e1ltal tervezett n\u00e9gy\u00fcl\u00e9ses aut\u00f3 c\u00e9lja az volt, hogy felvegye a versenyt az olyan konkurensekkel, mint a Ferrari 308 GT4 \u00e9s a legend\u00e1s Porsche 911. Annak ellen\u00e9re, hogy az Urraco leny\u0171g\u00f6z\u0151 l\u00e1tv\u00e1nyt ny\u00fajtott \u00e9s k\u00f6nnyen vezethet\u0151 volt, nem aratott nagy sikert az elad\u00e1sokban: mind\u00f6ssze 791 aut\u00f3 k\u00e9sz\u00fclt bel\u0151le a 7 \u00e9v alatt. M\u00e9gis, az ilyen korl\u00e1tozott gy\u00e1rt\u00e1si sz\u00e1mok biztos\u00edtj\u00e1k az exkluzivit\u00e1st, \u00edgy aki megveszi ezt az ez\u00fcst Lamb\u00f3t, valami olyat kap, amit nem gyakran l\u00e1tni.<\/p>\n","protected":false},"featured_media":108759,"comment_status":"open","ping_status":"closed","template":"","meta":{"inline_featured_image":false},"product_cat":[731],"product_tag":[4251,4252,964,4250],"acf":[],"yoast_head":"<!-- This site is optimized with the Yoast SEO plugin v22.5 - https:\/\/yoast.com\/wordpress\/plugins\/seo\/ -->\n<title>Lamborghini Urraco P250 - Piston Addict<\/title>\n<meta name=\"robots\" content=\"index, follow, max-snippet:-1, max-image-preview:large, max-video-preview:-1\" \/>\n<link rel=\"canonical\" href=\"https:\/\/pistonaddict.com\/hu\/product\/lamborghini-urraco-p250\/\" \/>\n<meta property=\"og:locale\" content=\"hu_HU\" \/>\n<meta property=\"og:type\" content=\"article\" \/>\n<meta property=\"og:title\" content=\"Lamborghini Urraco P250 - Piston Addict\" \/>\n<meta property=\"og:description\" content=\"A Miura harci bikafajt\u00e1r\u00f3l elnevezett Urraco a Lamborghini 1972 \u00e9s 1979 k\u00f6z\u00f6tt gy\u00e1rtott sportaut\u00f3ja. A Bertone \u00e1ltal tervezett n\u00e9gy\u00fcl\u00e9ses aut\u00f3 c\u00e9lja az volt, hogy felvegye a versenyt az olyan konkurensekkel, mint a Ferrari 308 GT4 \u00e9s a legend\u00e1s Porsche 911. Annak ellen\u00e9re, hogy az Urraco leny\u0171g\u00f6z\u0151 l\u00e1tv\u00e1nyt ny\u00fajtott \u00e9s k\u00f6nnyen vezethet\u0151 volt, nem aratott nagy sikert az elad\u00e1sokban: mind\u00f6ssze 791 aut\u00f3 k\u00e9sz\u00fclt bel\u0151le a 7 \u00e9v alatt. M\u00e9gis, az ilyen korl\u00e1tozott gy\u00e1rt\u00e1si sz\u00e1mok biztos\u00edtj\u00e1k az exkluzivit\u00e1st, \u00edgy aki megveszi ezt az ez\u00fcst Lamb\u00f3t, valami olyat kap, amit nem gyakran l\u00e1tni.\" \/>\n<meta property=\"og:url\" content=\"https:\/\/pistonaddict.com\/hu\/product\/lamborghini-urraco-p250\/\" \/>\n<meta property=\"og:site_name\" content=\"Piston Addict\" \/>\n<meta property=\"article:modified_time\" content=\"2024-06-12T07:54:33+00:00\" \/>\n<meta property=\"og:image\" content=\"https:\/\/pistonaddict.com\/wp-content\/uploads\/2024\/06\/IMG-20231121-WA0182.jpg\" \/>\n\t<meta property=\"og:image:width\" content=\"2048\" \/>\n\t<meta property=\"og:image:height\" content=\"1536\" \/>\n\t<meta property=\"og:image:type\" content=\"image\/jpeg\" \/>\n<meta name=\"twitter:card\" content=\"summary_large_image\" \/>\n<meta name=\"twitter:label1\" content=\"Becs\u00fclt olvas\u00e1si id\u0151\" \/>\n\t<meta name=\"twitter:data1\" content=\"3 perc\" \/>\n<script type=\"application\/ld+json\" class=\"yoast-schema-graph\">{\"@context\":\"https:\/\/schema.org\",\"@graph\":[{\"@type\":\"WebPage\",\"@id\":\"https:\/\/pistonaddict.com\/hu\/product\/lamborghini-urraco-p250\/\",\"url\":\"https:\/\/pistonaddict.com\/hu\/product\/lamborghini-urraco-p250\/\",\"name\":\"Lamborghini Urraco P250 - Piston Addict\",\"isPartOf\":{\"@id\":\"https:\/\/pistonaddict.com\/hu\/#website\"},\"primaryImageOfPage\":{\"@id\":\"https:\/\/pistonaddict.com\/hu\/product\/lamborghini-urraco-p250\/#primaryimage\"},\"image\":{\"@id\":\"https:\/\/pistonaddict.com\/hu\/product\/lamborghini-urraco-p250\/#primaryimage\"},\"thumbnailUrl\":\"https:\/\/pistonaddict.com\/wp-content\/uploads\/2024\/06\/IMG-20231121-WA0182.jpg\",\"datePublished\":\"2024-06-11T15:05:07+00:00\",\"dateModified\":\"2024-06-12T07:54:33+00:00\",\"breadcrumb\":{\"@id\":\"https:\/\/pistonaddict.com\/hu\/product\/lamborghini-urraco-p250\/#breadcrumb\"},\"inLanguage\":\"hu\",\"potentialAction\":[{\"@type\":\"ReadAction\",\"target\":[\"https:\/\/pistonaddict.com\/hu\/product\/lamborghini-urraco-p250\/\"]}]},{\"@type\":\"ImageObject\",\"inLanguage\":\"hu\",\"@id\":\"https:\/\/pistonaddict.com\/hu\/product\/lamborghini-urraco-p250\/#primaryimage\",\"url\":\"https:\/\/pistonaddict.com\/wp-content\/uploads\/2024\/06\/IMG-20231121-WA0182.jpg\",\"contentUrl\":\"https:\/\/pistonaddict.com\/wp-content\/uploads\/2024\/06\/IMG-20231121-WA0182.jpg\",\"width\":2048,\"height\":1536},{\"@type\":\"BreadcrumbList\",\"@id\":\"https:\/\/pistonaddict.com\/hu\/product\/lamborghini-urraco-p250\/#breadcrumb\",\"itemListElement\":[{\"@type\":\"ListItem\",\"position\":1,\"name\":\"Kezd\u0151lap\",\"item\":\"https:\/\/pistonaddict.com\/hu\/honlap\/\"},{\"@type\":\"ListItem\",\"position\":2,\"name\":\"Auctions\",\"item\":\"https:\/\/pistonaddict.com\/auctions-listing\/\"},{\"@type\":\"ListItem\",\"position\":3,\"name\":\"Lamborghini Urraco P250\"}]},{\"@type\":\"WebSite\",\"@id\":\"https:\/\/pistonaddict.com\/hu\/#website\",\"url\":\"https:\/\/pistonaddict.com\/hu\/\",\"name\":\"Piston Addict\",\"description\":\"Only interesting vehicles\",\"publisher\":{\"@id\":\"https:\/\/pistonaddict.com\/hu\/#organization\"},\"potentialAction\":[{\"@type\":\"SearchAction\",\"target\":{\"@type\":\"EntryPoint\",\"urlTemplate\":\"https:\/\/pistonaddict.com\/hu\/?s={search_term_string}\"},\"query-input\":\"required name=search_term_string\"}],\"inLanguage\":\"hu\"},{\"@type\":\"Organization\",\"@id\":\"https:\/\/pistonaddict.com\/hu\/#organization\",\"name\":\"Piston Addict\",\"url\":\"https:\/\/pistonaddict.com\/hu\/\",\"logo\":{\"@type\":\"ImageObject\",\"inLanguage\":\"hu\",\"@id\":\"https:\/\/pistonaddict.com\/hu\/#\/schema\/logo\/image\/\",\"url\":\"https:\/\/pistonaddict.com\/wp-content\/uploads\/2022\/07\/logo-6.png\",\"contentUrl\":\"https:\/\/pistonaddict.com\/wp-content\/uploads\/2022\/07\/logo-6.png\",\"width\":970,\"height\":200,\"caption\":\"Piston Addict\"},\"image\":{\"@id\":\"https:\/\/pistonaddict.com\/hu\/#\/schema\/logo\/image\/\"}}]}<\/script>\n<!-- \/ Yoast SEO plugin. -->","yoast_head_json":{"title":"Lamborghini Urraco P250 - Piston Addict","robots":{"index":"index","follow":"follow","max-snippet":"max-snippet:-1","max-image-preview":"max-image-preview:large","max-video-preview":"max-video-preview:-1"},"canonical":"https:\/\/pistonaddict.com\/hu\/product\/lamborghini-urraco-p250\/","og_locale":"hu_HU","og_type":"article","og_title":"Lamborghini Urraco P250 - Piston Addict","og_description":"A Miura harci bikafajt\u00e1r\u00f3l elnevezett Urraco a Lamborghini 1972 \u00e9s 1979 k\u00f6z\u00f6tt gy\u00e1rtott sportaut\u00f3ja. A Bertone \u00e1ltal tervezett n\u00e9gy\u00fcl\u00e9ses aut\u00f3 c\u00e9lja az volt, hogy felvegye a versenyt az olyan konkurensekkel, mint a Ferrari 308 GT4 \u00e9s a legend\u00e1s Porsche 911. Annak ellen\u00e9re, hogy az Urraco leny\u0171g\u00f6z\u0151 l\u00e1tv\u00e1nyt ny\u00fajtott \u00e9s k\u00f6nnyen vezethet\u0151 volt, nem aratott nagy sikert az elad\u00e1sokban: mind\u00f6ssze 791 aut\u00f3 k\u00e9sz\u00fclt bel\u0151le a 7 \u00e9v alatt. M\u00e9gis, az ilyen korl\u00e1tozott gy\u00e1rt\u00e1si sz\u00e1mok biztos\u00edtj\u00e1k az exkluzivit\u00e1st, \u00edgy aki megveszi ezt az ez\u00fcst Lamb\u00f3t, valami olyat kap, amit nem gyakran l\u00e1tni.","og_url":"https:\/\/pistonaddict.com\/hu\/product\/lamborghini-urraco-p250\/","og_site_name":"Piston Addict","article_modified_time":"2024-06-12T07:54:33+00:00","og_image":[{"width":2048,"height":1536,"url":"https:\/\/pistonaddict.com\/wp-content\/uploads\/2024\/06\/IMG-20231121-WA0182.jpg","type":"image\/jpeg"}],"twitter_card":"summary_large_image","twitter_misc":{"Becs\u00fclt olvas\u00e1si id\u0151":"3 perc"},"schema":{"@context":"https:\/\/schema.org","@graph":[{"@type":"WebPage","@id":"https:\/\/pistonaddict.com\/hu\/product\/lamborghini-urraco-p250\/","url":"https:\/\/pistonaddict.com\/hu\/product\/lamborghini-urraco-p250\/","name":"Lamborghini Urraco P250 - Piston Addict","isPartOf":{"@id":"https:\/\/pistonaddict.com\/hu\/#website"},"primaryImageOfPage":{"@id":"https:\/\/pistonaddict.com\/hu\/product\/lamborghini-urraco-p250\/#primaryimage"},"image":{"@id":"https:\/\/pistonaddict.com\/hu\/product\/lamborghini-urraco-p250\/#primaryimage"},"thumbnailUrl":"https:\/\/pistonaddict.com\/wp-content\/uploads\/2024\/06\/IMG-20231121-WA0182.jpg","datePublished":"2024-06-11T15:05:07+00:00","dateModified":"2024-06-12T07:54:33+00:00","breadcrumb":{"@id":"https:\/\/pistonaddict.com\/hu\/product\/lamborghini-urraco-p250\/#breadcrumb"},"inLanguage":"hu","potentialAction":[{"@type":"ReadAction","target":["https:\/\/pistonaddict.com\/hu\/product\/lamborghini-urraco-p250\/"]}]},{"@type":"ImageObject","inLanguage":"hu","@id":"https:\/\/pistonaddict.com\/hu\/product\/lamborghini-urraco-p250\/#primaryimage","url":"https:\/\/pistonaddict.com\/wp-content\/uploads\/2024\/06\/IMG-20231121-WA0182.jpg","contentUrl":"https:\/\/pistonaddict.com\/wp-content\/uploads\/2024\/06\/IMG-20231121-WA0182.jpg","width":2048,"height":1536},{"@type":"BreadcrumbList","@id":"https:\/\/pistonaddict.com\/hu\/product\/lamborghini-urraco-p250\/#breadcrumb","itemListElement":[{"@type":"ListItem","position":1,"name":"Kezd\u0151lap","item":"https:\/\/pistonaddict.com\/hu\/honlap\/"},{"@type":"ListItem","position":2,"name":"Auctions","item":"https:\/\/pistonaddict.com\/auctions-listing\/"},{"@type":"ListItem","position":3,"name":"Lamborghini Urraco P250"}]},{"@type":"WebSite","@id":"https:\/\/pistonaddict.com\/hu\/#website","url":"https:\/\/pistonaddict.com\/hu\/","name":"Piston Addict","description":"Only interesting vehicles","publisher":{"@id":"https:\/\/pistonaddict.com\/hu\/#organization"},"potentialAction":[{"@type":"SearchAction","target":{"@type":"EntryPoint","urlTemplate":"https:\/\/pistonaddict.com\/hu\/?s={search_term_string}"},"query-input":"required name=search_term_string"}],"inLanguage":"hu"},{"@type":"Organization","@id":"https:\/\/pistonaddict.com\/hu\/#organization","name":"Piston Addict","url":"https:\/\/pistonaddict.com\/hu\/","logo":{"@type":"ImageObject","inLanguage":"hu","@id":"https:\/\/pistonaddict.com\/hu\/#\/schema\/logo\/image\/","url":"https:\/\/pistonaddict.com\/wp-content\/uploads\/2022\/07\/logo-6.png","contentUrl":"https:\/\/pistonaddict.com\/wp-content\/uploads\/2022\/07\/logo-6.png","width":970,"height":200,"caption":"Piston Addict"},"image":{"@id":"https:\/\/pistonaddict.com\/hu\/#\/schema\/logo\/image\/"}}]}},"_links":{"self":[{"href":"https:\/\/pistonaddict.com\/hu\/wp-json\/wp\/v2\/product\/108793"}],"collection":[{"href":"https:\/\/pistonaddict.com\/hu\/wp-json\/wp\/v2\/product"}],"about":[{"href":"https:\/\/pistonaddict.com\/hu\/wp-json\/wp\/v2\/types\/product"}],"replies":[{"embeddable":true,"href":"https:\/\/pistonaddict.com\/hu\/wp-json\/wp\/v2\/comments?post=108793"}],"wp:featuredmedia":[{"embeddable":true,"href":"https:\/\/pistonaddict.com\/hu\/wp-json\/wp\/v2\/media\/108759"}],"wp:attachment":[{"href":"https:\/\/pistonaddict.com\/hu\/wp-json\/wp\/v2\/media?parent=108793"}],"wp:term":[{"taxonomy":"product_cat","embeddable":true,"href":"https:\/\/pistonaddict.com\/hu\/wp-json\/wp\/v2\/product_cat?post=108793"},{"taxonomy":"product_tag","embeddable":true,"href":"https:\/\/pistonaddict.com\/hu\/wp-json\/wp\/v2\/product_tag?post=108793"}],"curies":[{"name":"wp","href":"https:\/\/api.w.org\/{rel}","templated":true}]}}