{"id":104841,"date":"2024-05-21T11:33:26","date_gmt":"2024-05-21T09:33:26","guid":{"rendered":"https:\/\/pistonaddict.com\/product\/fisker-karma-2\/"},"modified":"2024-05-21T14:15:32","modified_gmt":"2024-05-21T12:15:32","slug":"fisker-karma-2","status":"publish","type":"product","link":"https:\/\/pistonaddict.com\/hu\/product\/fisker-karma-2\/","title":{"rendered":"Fisker Karma"},"content":{"rendered":"<p><strong>Aut\u00f3 t\u00f6rt\u00e9nete<\/strong><\/p>\n<p>A Fisker Karma, Henrik Fisker zsenialit\u00e1s\u00e1nak bizony\u00edt\u00e9ka, 2011-ben mutatkozott be. Ez a plug-in hibrid elektromos j\u00e1rm\u0171 (PHEV) nemcsak az aut\u00f3ipari formatervez\u00e9s \u00e9s technol\u00f3gia hat\u00e1rait feszegette, hanem leny\u0171g\u00f6z\u0151 eszt\u00e9tik\u00e1j\u00e1val, f\u00e9ny\u0171z\u0151 bels\u0151 ter\u00e9vel \u00e9s innovat\u00edv m\u00e9rn\u00f6ki megold\u00e1saival is megh\u00f3d\u00edtotta a sz\u00edveket. B\u00e1r a hibridek akkoriban nem sz\u00e1m\u00edtottak \u00fajdons\u00e1gnak, a Karma \u00fajradefini\u00e1lta a felfog\u00e1st, \u00e9s a h\u00e9tk\u00f6znapis\u00e1gb\u00f3l t\u00f6rekv\u00e9ss\u00e9 v\u00e1ltoztatta \u0151ket. Z\u00f6kken\u0151mentesen \u00f6tv\u00f6zi a teljes\u00edtm\u00e9nyt \u00e9s a fenntarthat\u00f3s\u00e1got, \u00edgy a hibridek egyszerre k\u00f6rnyezetbar\u00e1tak, st\u00edlusosak \u00e9s \u00e9lvezetesen vezethet\u0151k. A 2,0 literes turb\u00f3felt\u00f6lt\u0151s benzinmotor \u00e9s a kett\u0151s elektromos motorok er\u0151teljes kombin\u00e1ci\u00f3j\u00e1val hajtott Karma leny\u0171g\u00f6z\u0151 teljes\u00edtm\u00e9nyadatokkal b\u00fcszk\u00e9lkedhetett. A 0-r\u00f3l 100 km\/h-ra t\u00f6rt\u00e9n\u0151 gyorsul\u00e1s mind\u00f6ssze 5,9 m\u00e1sodperc alatt, a 200 km\/h feletti v\u00e9gsebess\u00e9g pedig sportkocsi sz\u00e1rmaz\u00e1s\u00e1t mutatta. Mindezt \u00fagy \u00e9rte el, hogy k\u00f6zben dics\u00e9retes \u00fczemanyag-hat\u00e9konys\u00e1got biztos\u00edtott. Teljes\u00edtm\u00e9ny\u00e9n t\u00fal a Karma diz\u00e1jnja lett a meghat\u00e1roz\u00f3 jellemz\u0151je. Kecses vonalvezet\u00e9se \u00e9s tekint\u00e9lyt parancsol\u00f3 jelenl\u00e9te mindenhol felkapta a fej\u00e9t, \u00e9s vil\u00e1gszerte csod\u00e1latot v\u00e1ltott ki az aut\u00f3rajong\u00f3k k\u00f6r\u00e9ben. Ez a konkr\u00e9t modell, egy 2013-as m\u00e1sodik sz\u00e9ri\u00e1s iter\u00e1ci\u00f3, a ritkas\u00e1g \u00e9s az exkluzivit\u00e1s hely\u00e9t foglalja el. A 2349 gy\u00e1rtott Fisker Karm\u00e1b\u00f3l ez a p\u00e9ld\u00e1ny az utols\u00f3 sz\u00e9riasz\u00e1mmal ell\u00e1tott, 2259-es sorozatsz\u00e1mmal rendelkez\u0151 p\u00e9ld\u00e1ny. Ritka gy\u00f6ngyszem, vil\u00e1gszerte mind\u00f6ssze 188 j\u00e1rm\u0171 b\u00fcszk\u00e9lkedhet a sz\u00edn \u00e9s a felnik eme egyedi kombin\u00e1ci\u00f3j\u00e1val.<\/p>\n<p><strong>Felt\u00e9tel<\/strong><\/p>\n<p>A mind\u00f6ssze 82.080 km-es, \u00e1tfog\u00f3 szervizt\u00f6rt\u00e9nettel \u00e9s mind\u00f6ssze n\u00e9h\u00e1ny elk\u00f6telezett tulajdonossal rendelkez\u0151 Karma \u00e9rintetlen \u00e1llapotban van. Ami az \u00fczemanyag-hat\u00e9konys\u00e1got illeti, a Fisker \u00e1ll\u00edt\u00e1sa a 80 km-t meghalad\u00f3, kiz\u00e1r\u00f3lag elektromos \u00fczem\u0171 hat\u00f3t\u00e1vols\u00e1gr\u00f3l megalapozott, ami alkalmass\u00e1 teszi a j\u00e1rm\u0171vet a napi ing\u00e1z\u00e1sra. A benzin \u00e9s az elektromos meghajt\u00e1s haszn\u00e1latakor is figyelemre m\u00e9lt\u00f3 adatok jelennek meg, \u00e1tlagosan mind\u00f6ssze 4,5 liter \u00fczemanyagot fogyaszt 100 kilom\u00e9terenk\u00e9nt. A leend\u0151 v\u00e1s\u00e1rl\u00f3k \u00e9rt\u00e9kelni fogj\u00e1k a j\u00e1rm\u0171 apr\u00f3l\u00e9kos karbantart\u00e1s\u00e1t, amit az \u00e1tfog\u00f3 szervizk\u00f6nyvek is bizony\u00edtanak. Az olajcsere 2022 v\u00e9g\u00e9n, a teljes szerviz 2024 m\u00e1rcius\u00e1ban, a f\u00e9krendszer fel\u00faj\u00edt\u00e1sa pedig 2024 m\u00e1jus\u00e1ban t\u00f6rt\u00e9nt meg, hogy ez az eleg\u00e1ns fekete Karma mindig kiv\u00e1l\u00f3 \u00e1llapotban legyen. A legfontosabb dolog, amit meg kell eml\u00edteni, hogy az akkumul\u00e1tornak 2017-ben v\u00e9ge volt, amikor a jelenlegi tulajdonos megv\u00e1s\u00e1rolta az aut\u00f3t &#8211; ami azt jelenti, hogy a j\u00f6v\u0151beli tulajdonosok probl\u00e9mamentes tulajdonosi \u00e9lm\u00e9nyben r\u00e9szes\u00fclnek.<\/p>\n<p><strong>Belt\u00e9r<\/strong><\/p>\n<p>A fekete b\u0151r \u00e9s az Alcantara kombin\u00e1ci\u00f3ja t\u00f6k\u00e9letesen illeszkedik a k\u00fcls\u0151h\u00f6z, de a legfontosabb, hogy a bels\u0151 t\u00e9r \u00fajszer\u0171 \u00e1llapotban van, szakad\u00e1sok, s\u00e9r\u00fcl\u00e9sek vagy m\u00f3dos\u00edt\u00e1sok n\u00e9lk\u00fcl. Az infotainment \u00e9s az audiorendszer jelen van, a keret n\u00e9lk\u00fcli ajt\u00f3k pedig tov\u00e1bb fokozz\u00e1k a szed\u00e1n sportos \u00e9s kup\u00e9s hangulat\u00e1t. Speci\u00e1lis fel\u00e9p\u00edt\u00e9s\u00e9nek k\u00f6sz\u00f6nhet\u0151en a Karma alacsonyan \u00fcl, \u00e9s a versenyt\u00e1rsakn\u00e1l nagyobb bels\u0151 teret biztos\u00edt az utasoknak. Minden funkci\u00f3, mint p\u00e9ld\u00e1ul az \u00fcl\u00e9sf\u0171t\u00e9s, m\u0171k\u00f6d\u0151k\u00e9pes \u00e9s m\u0171k\u00f6d\u0151k\u00e9pes \u00e1llapotban van.<\/p>\n<p><strong>K\u00fcls\u0151 \u00e9s kerekek<\/strong><\/p>\n<p>A f\u00e9nyes fekete fest\u00e9k kiv\u00e1l\u00f3 \u00e1llapotban van, karcol\u00e1sok, horpad\u00e1sok vagy s\u00e9r\u00fcl\u00e9sek n\u00e9lk\u00fcl. Az egyedi napf\u00e9nytet\u0151 jelen van \u00e9s funkcion\u00e1lis, \u00e9s m\u00e9g mindig a modell egyik legjellegzetesebb tulajdons\u00e1ga. Ez a Karma opcion\u00e1lis 22 colos ker\u00e9kt\u00e1rcs\u00e1kkal van felszerelve, amelyeken az els\u0151 kerekeken Pirelli-, a h\u00e1ts\u00f3n pedig Goodyear-abroncsok vannak. Az els\u0151 gumiabroncsokat 2024 m\u00e1rcius\u00e1ban szerelt\u00e9k fel, \u00e9s \u00fajszer\u0171 \u00e1llapotban vannak. Az egyetlen k\u00fcls\u0151 jav\u00edt\u00e1s az egyedi megjelen\u00e9s\u0171 kerekek fel\u00faj\u00edt\u00e1sa, hogy \u00fagy n\u00e9zzenek ki, mintha most sz\u00e1ll\u00edtott\u00e1k volna \u0151ket.<\/p>\n<p><strong>Dokument\u00e1ci\u00f3<\/strong><\/p>\n<p>Ez az aut\u00f3 Sv\u00e1jcban tal\u00e1lhat\u00f3, \u00e9s egy mag\u00e1nszem\u00e9ly \u00e9rt\u00e9kes\u00edti. A <a href=\"https:\/\/pistonaddict.com\/wp-content\/uploads\/2024\/05\/YH4K14AA4CA002259.pdf\">CarVertical jelent\u00e9s<\/a> tiszta; nincs bizony\u00edt\u00e9k balesetekre, baleseti jav\u00edt\u00e1sokra, tulajdonosi vagy jogi probl\u00e9m\u00e1kra. Vannak nyilv\u00e1ntart\u00e1sok a rendszeres karbantart\u00e1sr\u00f3l, az elad\u00e1si sz\u00e1ml\u00e1kr\u00f3l \u00e9s a nyugt\u00e1kr\u00f3l. Erre a modellre nincs gy\u00e1ri garancia.<\/p>\n<p><strong>N\u00e9zze meg a vide\u00f3t err\u0151l a gy\u00f6ny\u00f6r\u0171 Fisker Karm\u00e1r\u00f3l :<\/strong><\/p>\n<p><iframe title=\"Video Tour of the Fisker Karma for auction sale\" width=\"1200\" height=\"675\" src=\"https:\/\/www.youtube.com\/embed\/xv_ZkvmcPKw?feature=oembed\" frameborder=\"0\" allow=\"accelerometer; autoplay; clipboard-write; encrypted-media; gyroscope; picture-in-picture; web-share\" referrerpolicy=\"strict-origin-when-cross-origin\" allowfullscreen><\/iframe><\/p>\n","protected":false},"excerpt":{"rendered":"<p>A Fisker Karma mindig is az egyik leg\u00e9rdekesebb \u00e9s az egyik legels\u0151 hibridk\u00e9nt marad eml\u00e9kezetes vil\u00e1gszerte. Egyedi formaterv\u00e9vel, er\u0151teljes hajt\u00e1sl\u00e1nc\u00e1val, nagyszer\u0171 tulajdons\u00e1gaival \u00e9s nagyon alacsony gy\u00e1rt\u00e1si sz\u00e1maival a Karma val\u00f3j\u00e1ban a modern EV\/Hybrid korszak els\u0151 gy\u0171jt\u0151i aut\u00f3ja. J\u00f6v\u0151beli klasszikus? Hat\u00e1rozottan!<\/p>\n","protected":false},"featured_media":104621,"comment_status":"open","ping_status":"closed","template":"","meta":{"inline_featured_image":false},"product_cat":[731],"product_tag":[4079,4082,930,1824,4084],"acf":[],"yoast_head":"<!-- This site is optimized with the Yoast SEO plugin v22.5 - https:\/\/yoast.com\/wordpress\/plugins\/seo\/ -->\n<title>Fisker Karma - Piston Addict<\/title>\n<meta name=\"robots\" content=\"index, follow, max-snippet:-1, max-image-preview:large, max-video-preview:-1\" \/>\n<link rel=\"canonical\" href=\"https:\/\/pistonaddict.com\/hu\/product\/fisker-karma-2\/\" \/>\n<meta property=\"og:locale\" content=\"hu_HU\" \/>\n<meta property=\"og:type\" content=\"article\" \/>\n<meta property=\"og:title\" content=\"Fisker Karma - Piston Addict\" \/>\n<meta property=\"og:description\" content=\"A Fisker Karma mindig is az egyik leg\u00e9rdekesebb \u00e9s az egyik legels\u0151 hibridk\u00e9nt marad eml\u00e9kezetes vil\u00e1gszerte. Egyedi formaterv\u00e9vel, er\u0151teljes hajt\u00e1sl\u00e1nc\u00e1val, nagyszer\u0171 tulajdons\u00e1gaival \u00e9s nagyon alacsony gy\u00e1rt\u00e1si sz\u00e1maival a Karma val\u00f3j\u00e1ban a modern EV\/Hybrid korszak els\u0151 gy\u0171jt\u0151i aut\u00f3ja. J\u00f6v\u0151beli klasszikus? Hat\u00e1rozottan!\" \/>\n<meta property=\"og:url\" content=\"https:\/\/pistonaddict.com\/hu\/product\/fisker-karma-2\/\" \/>\n<meta property=\"og:site_name\" content=\"Piston Addict\" \/>\n<meta property=\"article:modified_time\" content=\"2024-05-21T12:15:32+00:00\" \/>\n<meta property=\"og:image\" content=\"https:\/\/pistonaddict.com\/wp-content\/uploads\/2024\/05\/IMG-20240321-WA0010.jpg\" \/>\n\t<meta property=\"og:image:width\" content=\"2000\" \/>\n\t<meta property=\"og:image:height\" content=\"1500\" \/>\n\t<meta property=\"og:image:type\" content=\"image\/jpeg\" \/>\n<meta name=\"twitter:card\" content=\"summary_large_image\" \/>\n<meta name=\"twitter:label1\" content=\"Becs\u00fclt olvas\u00e1si id\u0151\" \/>\n\t<meta name=\"twitter:data1\" content=\"4 perc\" \/>\n<script type=\"application\/ld+json\" class=\"yoast-schema-graph\">{\"@context\":\"https:\/\/schema.org\",\"@graph\":[{\"@type\":\"WebPage\",\"@id\":\"https:\/\/pistonaddict.com\/hu\/product\/fisker-karma-2\/\",\"url\":\"https:\/\/pistonaddict.com\/hu\/product\/fisker-karma-2\/\",\"name\":\"Fisker Karma - Piston Addict\",\"isPartOf\":{\"@id\":\"https:\/\/pistonaddict.com\/hu\/#website\"},\"primaryImageOfPage\":{\"@id\":\"https:\/\/pistonaddict.com\/hu\/product\/fisker-karma-2\/#primaryimage\"},\"image\":{\"@id\":\"https:\/\/pistonaddict.com\/hu\/product\/fisker-karma-2\/#primaryimage\"},\"thumbnailUrl\":\"https:\/\/pistonaddict.com\/wp-content\/uploads\/2024\/05\/IMG-20240321-WA0010.jpg\",\"datePublished\":\"2024-05-21T09:33:26+00:00\",\"dateModified\":\"2024-05-21T12:15:32+00:00\",\"breadcrumb\":{\"@id\":\"https:\/\/pistonaddict.com\/hu\/product\/fisker-karma-2\/#breadcrumb\"},\"inLanguage\":\"hu\",\"potentialAction\":[{\"@type\":\"ReadAction\",\"target\":[\"https:\/\/pistonaddict.com\/hu\/product\/fisker-karma-2\/\"]}]},{\"@type\":\"ImageObject\",\"inLanguage\":\"hu\",\"@id\":\"https:\/\/pistonaddict.com\/hu\/product\/fisker-karma-2\/#primaryimage\",\"url\":\"https:\/\/pistonaddict.com\/wp-content\/uploads\/2024\/05\/IMG-20240321-WA0010.jpg\",\"contentUrl\":\"https:\/\/pistonaddict.com\/wp-content\/uploads\/2024\/05\/IMG-20240321-WA0010.jpg\",\"width\":2000,\"height\":1500},{\"@type\":\"BreadcrumbList\",\"@id\":\"https:\/\/pistonaddict.com\/hu\/product\/fisker-karma-2\/#breadcrumb\",\"itemListElement\":[{\"@type\":\"ListItem\",\"position\":1,\"name\":\"Kezd\u0151lap\",\"item\":\"https:\/\/pistonaddict.com\/hu\/honlap\/\"},{\"@type\":\"ListItem\",\"position\":2,\"name\":\"Auctions\",\"item\":\"https:\/\/pistonaddict.com\/auctions-listing\/\"},{\"@type\":\"ListItem\",\"position\":3,\"name\":\"Fisker Karma\"}]},{\"@type\":\"WebSite\",\"@id\":\"https:\/\/pistonaddict.com\/hu\/#website\",\"url\":\"https:\/\/pistonaddict.com\/hu\/\",\"name\":\"Piston Addict\",\"description\":\"Only interesting vehicles\",\"publisher\":{\"@id\":\"https:\/\/pistonaddict.com\/hu\/#organization\"},\"potentialAction\":[{\"@type\":\"SearchAction\",\"target\":{\"@type\":\"EntryPoint\",\"urlTemplate\":\"https:\/\/pistonaddict.com\/hu\/?s={search_term_string}\"},\"query-input\":\"required name=search_term_string\"}],\"inLanguage\":\"hu\"},{\"@type\":\"Organization\",\"@id\":\"https:\/\/pistonaddict.com\/hu\/#organization\",\"name\":\"Piston Addict\",\"url\":\"https:\/\/pistonaddict.com\/hu\/\",\"logo\":{\"@type\":\"ImageObject\",\"inLanguage\":\"hu\",\"@id\":\"https:\/\/pistonaddict.com\/hu\/#\/schema\/logo\/image\/\",\"url\":\"https:\/\/pistonaddict.com\/wp-content\/uploads\/2022\/07\/logo-6.png\",\"contentUrl\":\"https:\/\/pistonaddict.com\/wp-content\/uploads\/2022\/07\/logo-6.png\",\"width\":970,\"height\":200,\"caption\":\"Piston Addict\"},\"image\":{\"@id\":\"https:\/\/pistonaddict.com\/hu\/#\/schema\/logo\/image\/\"}}]}<\/script>\n<!-- \/ Yoast SEO plugin. -->","yoast_head_json":{"title":"Fisker Karma - Piston Addict","robots":{"index":"index","follow":"follow","max-snippet":"max-snippet:-1","max-image-preview":"max-image-preview:large","max-video-preview":"max-video-preview:-1"},"canonical":"https:\/\/pistonaddict.com\/hu\/product\/fisker-karma-2\/","og_locale":"hu_HU","og_type":"article","og_title":"Fisker Karma - Piston Addict","og_description":"A Fisker Karma mindig is az egyik leg\u00e9rdekesebb \u00e9s az egyik legels\u0151 hibridk\u00e9nt marad eml\u00e9kezetes vil\u00e1gszerte. Egyedi formaterv\u00e9vel, er\u0151teljes hajt\u00e1sl\u00e1nc\u00e1val, nagyszer\u0171 tulajdons\u00e1gaival \u00e9s nagyon alacsony gy\u00e1rt\u00e1si sz\u00e1maival a Karma val\u00f3j\u00e1ban a modern EV\/Hybrid korszak els\u0151 gy\u0171jt\u0151i aut\u00f3ja. J\u00f6v\u0151beli klasszikus? Hat\u00e1rozottan!","og_url":"https:\/\/pistonaddict.com\/hu\/product\/fisker-karma-2\/","og_site_name":"Piston Addict","article_modified_time":"2024-05-21T12:15:32+00:00","og_image":[{"width":2000,"height":1500,"url":"https:\/\/pistonaddict.com\/wp-content\/uploads\/2024\/05\/IMG-20240321-WA0010.jpg","type":"image\/jpeg"}],"twitter_card":"summary_large_image","twitter_misc":{"Becs\u00fclt olvas\u00e1si id\u0151":"4 perc"},"schema":{"@context":"https:\/\/schema.org","@graph":[{"@type":"WebPage","@id":"https:\/\/pistonaddict.com\/hu\/product\/fisker-karma-2\/","url":"https:\/\/pistonaddict.com\/hu\/product\/fisker-karma-2\/","name":"Fisker Karma - Piston Addict","isPartOf":{"@id":"https:\/\/pistonaddict.com\/hu\/#website"},"primaryImageOfPage":{"@id":"https:\/\/pistonaddict.com\/hu\/product\/fisker-karma-2\/#primaryimage"},"image":{"@id":"https:\/\/pistonaddict.com\/hu\/product\/fisker-karma-2\/#primaryimage"},"thumbnailUrl":"https:\/\/pistonaddict.com\/wp-content\/uploads\/2024\/05\/IMG-20240321-WA0010.jpg","datePublished":"2024-05-21T09:33:26+00:00","dateModified":"2024-05-21T12:15:32+00:00","breadcrumb":{"@id":"https:\/\/pistonaddict.com\/hu\/product\/fisker-karma-2\/#breadcrumb"},"inLanguage":"hu","potentialAction":[{"@type":"ReadAction","target":["https:\/\/pistonaddict.com\/hu\/product\/fisker-karma-2\/"]}]},{"@type":"ImageObject","inLanguage":"hu","@id":"https:\/\/pistonaddict.com\/hu\/product\/fisker-karma-2\/#primaryimage","url":"https:\/\/pistonaddict.com\/wp-content\/uploads\/2024\/05\/IMG-20240321-WA0010.jpg","contentUrl":"https:\/\/pistonaddict.com\/wp-content\/uploads\/2024\/05\/IMG-20240321-WA0010.jpg","width":2000,"height":1500},{"@type":"BreadcrumbList","@id":"https:\/\/pistonaddict.com\/hu\/product\/fisker-karma-2\/#breadcrumb","itemListElement":[{"@type":"ListItem","position":1,"name":"Kezd\u0151lap","item":"https:\/\/pistonaddict.com\/hu\/honlap\/"},{"@type":"ListItem","position":2,"name":"Auctions","item":"https:\/\/pistonaddict.com\/auctions-listing\/"},{"@type":"ListItem","position":3,"name":"Fisker Karma"}]},{"@type":"WebSite","@id":"https:\/\/pistonaddict.com\/hu\/#website","url":"https:\/\/pistonaddict.com\/hu\/","name":"Piston Addict","description":"Only interesting vehicles","publisher":{"@id":"https:\/\/pistonaddict.com\/hu\/#organization"},"potentialAction":[{"@type":"SearchAction","target":{"@type":"EntryPoint","urlTemplate":"https:\/\/pistonaddict.com\/hu\/?s={search_term_string}"},"query-input":"required name=search_term_string"}],"inLanguage":"hu"},{"@type":"Organization","@id":"https:\/\/pistonaddict.com\/hu\/#organization","name":"Piston Addict","url":"https:\/\/pistonaddict.com\/hu\/","logo":{"@type":"ImageObject","inLanguage":"hu","@id":"https:\/\/pistonaddict.com\/hu\/#\/schema\/logo\/image\/","url":"https:\/\/pistonaddict.com\/wp-content\/uploads\/2022\/07\/logo-6.png","contentUrl":"https:\/\/pistonaddict.com\/wp-content\/uploads\/2022\/07\/logo-6.png","width":970,"height":200,"caption":"Piston Addict"},"image":{"@id":"https:\/\/pistonaddict.com\/hu\/#\/schema\/logo\/image\/"}}]}},"_links":{"self":[{"href":"https:\/\/pistonaddict.com\/hu\/wp-json\/wp\/v2\/product\/104841"}],"collection":[{"href":"https:\/\/pistonaddict.com\/hu\/wp-json\/wp\/v2\/product"}],"about":[{"href":"https:\/\/pistonaddict.com\/hu\/wp-json\/wp\/v2\/types\/product"}],"replies":[{"embeddable":true,"href":"https:\/\/pistonaddict.com\/hu\/wp-json\/wp\/v2\/comments?post=104841"}],"wp:featuredmedia":[{"embeddable":true,"href":"https:\/\/pistonaddict.com\/hu\/wp-json\/wp\/v2\/media\/104621"}],"wp:attachment":[{"href":"https:\/\/pistonaddict.com\/hu\/wp-json\/wp\/v2\/media?parent=104841"}],"wp:term":[{"taxonomy":"product_cat","embeddable":true,"href":"https:\/\/pistonaddict.com\/hu\/wp-json\/wp\/v2\/product_cat?post=104841"},{"taxonomy":"product_tag","embeddable":true,"href":"https:\/\/pistonaddict.com\/hu\/wp-json\/wp\/v2\/product_tag?post=104841"}],"curies":[{"name":"wp","href":"https:\/\/api.w.org\/{rel}","templated":true}]}}