{"id":104254,"date":"2024-05-17T11:16:20","date_gmt":"2024-05-17T09:16:20","guid":{"rendered":"https:\/\/pistonaddict.com\/product\/1979-pontiac-bonneville-brougham\/"},"modified":"2024-05-17T15:57:28","modified_gmt":"2024-05-17T13:57:28","slug":"1979-es-pontiac-bonneville-brougham","status":"publish","type":"product","link":"https:\/\/pistonaddict.com\/hu\/product\/1979-es-pontiac-bonneville-brougham\/","title":{"rendered":"1979 Pontiac Bonneville Brougham"},"content":{"rendered":"<p><strong>Aut\u00f3 t\u00f6rt\u00e9nete<\/strong><\/p>\n<p>A GM n\u00f3menklat\u00far\u00e1j\u00e1ban a Pontiac Bonneville k\u00fcl\u00f6nleges helyet foglalt el. B\u00e1r szoros rokons\u00e1gban \u00e1llt a h\u00e9tk\u00f6znapibb Chevrolet Impala \u00e9s Caprice modellekkel, az egyedi diz\u00e1jn, az el\u0151kel\u0151 luxus \u00e9s a teljes\u00edtm\u00e9ny egy\u00e9rtelm\u0171en megk\u00fcl\u00f6nb\u00f6ztette a t\u00f6bbi fajt\u00e1rst\u00f3l. Az els\u0151 Bonneville modell 1958-as bemutat\u00e1sa \u00f3ta ez a n\u00e9vt\u00e1bla k\u00fcl\u00f6nleges vonzer\u0151vel b\u00edr az amerikai aut\u00f3rajong\u00f3k k\u00f6r\u00e9ben. Annak ellen\u00e9re, hogy el\u0151dein\u00e9l kisebb teljes\u00edtm\u00e9ny\u0171 volt, az 1979-es Bonneville-t az egyik legjobb szed\u00e1nnak tartott\u00e1k a piacon, \u00e9s a luxus \u00e9s a teljes\u00edtm\u00e9ny kever\u00e9k\u00e9t keres\u0151, ig\u00e9nyes rajong\u00f3k els\u0151 sz\u00e1m\u00fa v\u00e1laszt\u00e1s\u00e1nak tartott\u00e1k. Ezt a hatodik gener\u00e1ci\u00f3t 1977-ben mutatt\u00e1k be, \u00e9s 1981-ig \u00e9rt\u00e9kes\u00edtett\u00e9k, miel\u0151tt a GM egy kisebb \u00e9s nem t\u00fal vonz\u00f3 modellel v\u00e1ltotta le. Ez\u00e9rt olyan \u00e9rdekes ez a bizonyos Bonneville. Nemcsak az egyik utols\u00f3 igazi Pontiac szed\u00e1nok egyike, hanem egy egyedi t\u00f6rt\u00e9nettel rendelkez\u0151 p\u00e9ld\u00e1ny is, amely makul\u00e1tlan \u00e1llapotban van. Mivel ez egy Bonneville Brougham (cs\u00facsmodell), ez\u00e9rt meglehet\u0151sen ritka is, \u00e9s a Pontiac abban az \u00e9vben csak k\u00f6r\u00fclbel\u00fcl 17 300 p\u00e9ld\u00e1nyt gy\u00e1rtott bel\u0151le. A motorh\u00e1ztet\u0151 alatt egy opcion\u00e1lis 350 V8-as (5,7 literes), 170 l\u00f3er\u0151s, n\u00e9gyfokozat\u00fa automata sebess\u00e9gv\u00e1lt\u00f3val p\u00e1ros\u00edtott V8-as tal\u00e1lhat\u00f3.<\/p>\n<p>Ezt a p\u00e9ld\u00e1nyt eredetileg 1979-ben adt\u00e1k el Mexik\u00f3ban, majd k\u00f6zvetlen\u00fcl ut\u00e1na Spanyolorsz\u00e1gba import\u00e1lt\u00e1k. Ez\u00e9rt van kilom\u00e9terben kifejezett sebess\u00e9gm\u00e9r\u0151je \u00e9s egy\u00e9b konkr\u00e9t adatai. A tulajdonos import\u00e1lta, \u00e9s csak sz\u00f3rv\u00e1nyosan haszn\u00e1lta, \u00edgy az aut\u00f3 mind\u00f6ssze 31 000 kilom\u00e9tert futott. A jelenlegi tulajdonos 2019-ben szerezte meg az eredeti tulajdonos csal\u00e1dj\u00e1t\u00f3l, \u00e9s fel\u00faj\u00edtotta a j\u00e1rm\u0171vet (fest\u00e9s \u00e9s n\u00e9h\u00e1ny r\u00e9szlet), ami \u00fajszer\u0171 \u00e1llapotba hozta ezt a keresett szed\u00e1nt.<\/p>\n<p><strong>Belt\u00e9r<\/strong><\/p>\n<p>Ha be\u00fcl egy 1979-es Pontiac Bonneville vol\u00e1nja m\u00f6g\u00e9, azonnal megv\u00e1ltozik az elk\u00e9pzel\u00e9se arr\u00f3l, hogy mit jelent a luxus bels\u0151 t\u00e9r. A massz\u00edv \u00e9s k\u00e9nyelmes b\u00e1rsony\u00fcl\u00e9sek, a rengeteg bels\u0151 t\u00e9r, a kr\u00f3mozott r\u00e9szletek \u00e9s a csendess\u00e9g m\u00e9g sok soha nem haszn\u00e1lt aut\u00f3hoz sem hasonl\u00edthat\u00f3. A karamellsz\u00edn\u0171 k\u00e1rpitok \u00e9s sz\u0151nyegek t\u00f6k\u00e9letesen illeszkednek a famint\u00e1s bet\u00e9tekhez \u00e9s a k\u00fcls\u0151 sz\u00ednhez, \u00e9s a 70-es \u00e9vek v\u00e9g\u00e9nek detroiti eszt\u00e9tik\u00e1j\u00e1nak kiv\u00e1l\u00f3 p\u00e9ld\u00e1ja. Ez is egy j\u00f3l megv\u00e1lasztott j\u00e1rm\u0171 elektromos ablakok \u00e9s t\u00fckr\u00f6k, automata kl\u00edma \u00e1talak\u00edtott modern g\u00e1z, sztere\u00f3 rendszer, \u00e9s a sebess\u00e9gtart\u00f3 automatika. Minden teljesen m\u0171k\u00f6d\u0151k\u00e9pes \u00e9s s\u00e9r\u00fcl\u00e9smentes.<\/p>\n<p><strong>Aut\u00f3 \u00e1llapota<\/strong><\/p>\n<p>Pontosan 31.619 kilom\u00e9terrel a kilom\u00e9ter\u00f3r\u00e1n, ez a Bonneville Brougham mindig gar\u00e1zsban tartott\u00e1k, \u00e9s egy egyedi fed\u00e9l alatt, amikor nem haszn\u00e1lj\u00e1k. A k\u00f6zelm\u00faltban az eredeti sz\u00ednben elv\u00e9gzett \u00fajraf\u00e9nyez\u00e9snek k\u00f6sz\u00f6nhet\u0151en b\u00e1tran kijelenthetj\u00fck, hogy a j\u00e1rm\u0171 \u00fajszer\u0171 \u00e1llapotban van. A kr\u00f3mozott r\u00e9szletek csillognak; az \u00f6sszes d\u00edsz\u00edt\u00e9s t\u00f6k\u00e9letes \u00e1llapotban van, eredeti kerekekkel \u00e9s korh\u0171 gumiabroncsokkal. Az aut\u00f3t 2024 \u00e1prilis\u00e1ban szervizelt\u00e9k, olajat cser\u00e9ltek \u00e9s fel\u00faj\u00edtott\u00e1k a f\u00e9keket, 2021-ben pedig n\u00e9h\u00e1ny elektromos munk\u00e1t v\u00e9geztek rajta. Tekintettel a fut\u00e1steljes\u00edtm\u00e9nyre, az \u00e1llapotra \u00e9s a gondvisel\u00e9sre, ez lehet a legjobb 1979-es Bonneville Brougham. Ez az aut\u00f3 \u00e1tesett az ITV m\u0171szaki vizsg\u00e1n, amely 2028-ig \u00e9rv\u00e9nyes.<\/p>\n<p><strong>K\u00fcls\u0151 \u00e9s kerekek<\/strong><\/p>\n<p>A karossz\u00e9ria hib\u00e1tlan ut\u00e1n szakmai \u00e9s helyes \u00faj fest\u00e9k az eredeti sz\u00ednben. Az \u00fajrafest\u00e9s sikeres volt, mivel a karossz\u00e9ria t\u00f6k\u00e9letesen megmaradt, korr\u00f3zi\u00f3, s\u00e9r\u00fcl\u00e9s vagy jav\u00edt\u00e1s n\u00e9lk\u00fcl. Eredeti dr\u00f3tkerekekkel, a tulajdonos 2021-ben szerelte fel a jellegzetes \u00e9s eredeti feh\u00e9rfal\u00fa gumiabroncsokat.<\/p>\n<p><strong>Dokument\u00e1ci\u00f3<\/strong><\/p>\n<p>A j\u00e1rm\u0171 Spanyolorsz\u00e1gban tal\u00e1lhat\u00f3, \u00e9s kiterjedt dokument\u00e1ci\u00f3val rendelkezik, bele\u00e9rtve a karbantart\u00e1si sz\u00e1ml\u00e1kat, a spanyol j\u00e1rm\u0171vizsg\u00e1lat dokument\u00e1ci\u00f3j\u00e1t, a klasszikus aut\u00f3 st\u00e1tusz j\u00f3v\u00e1hagy\u00e1s\u00e1t \u00e9s \u00edgy tov\u00e1bb. Nincs nyilv\u00e1ntart\u00e1s a k\u00e1rokr\u00f3l, a lop\u00e1sok helyre\u00e1ll\u00edt\u00e1s\u00e1r\u00f3l vagy a biztos\u00edt\u00e1si ig\u00e9nyekr\u0151l. A dokument\u00e1ci\u00f3 az els\u0151 napt\u00f3l fogva kiterjed a j\u00e1rm\u0171re, \u00e9s tele van a kiv\u00e9teles gondoskod\u00e1s bizony\u00edt\u00e9k\u00e1val.<\/p>\n<p><strong>N\u00e9zze meg a hidegind\u00edt\u00e1s vide\u00f3t err\u0151l a makul\u00e1tlan Pontiac Bonneville 1979-es :<\/strong><\/p>\n<p><iframe title=\"Cold Start Video of the incredible 1979 Pontiac Bonneville\" width=\"1200\" height=\"675\" src=\"https:\/\/www.youtube.com\/embed\/6DKO8uhEkN8?feature=oembed\" frameborder=\"0\" allow=\"accelerometer; autoplay; clipboard-write; encrypted-media; gyroscope; picture-in-picture; web-share\" referrerpolicy=\"strict-origin-when-cross-origin\" allowfullscreen><\/iframe><\/p>\n","protected":false},"excerpt":{"rendered":"<p>Az aut\u00f3s t\u00f6rt\u00e9nelemben a Pontiacra \u00fagy eml\u00e9keznek majd, mint a GM izgalmas m\u00e1rk\u00e1j\u00e1ra, amely er\u0151teljes izomaut\u00f3kkal, eleg\u00e1ns form\u00e1kkal \u00e9s innovat\u00edv formatervekkel rendelkezett. Az 1979-es Bonneville a modellk\u00edn\u00e1lat cs\u00facs\u00e1n \u00e1ll, \u00e9s a teljes m\u00e9ret\u0171 szed\u00e1nok egy korszak\u00e1nak v\u00e9g\u00e9t jelzi. P\u00e1ratlan st\u00edlus\u00e1val, b\u0151s\u00e9ges helyk\u00edn\u00e1lat\u00e1val \u00e9s sz\u00e1mos luxusfelszerelts\u00e9g\u00e9vel ez a szed\u00e1n egy klasszikus amerikai aut\u00f3 kiv\u00e1l\u00f3 p\u00e9ld\u00e1ja.<\/p>\n","protected":false},"featured_media":104290,"comment_status":"open","ping_status":"closed","template":"","meta":{"inline_featured_image":false},"product_cat":[731],"product_tag":[4005,4038,930],"acf":[],"yoast_head":"<!-- This site is optimized with the Yoast SEO plugin v22.5 - https:\/\/yoast.com\/wordpress\/plugins\/seo\/ -->\n<title>1979 Pontiac Bonneville Brougham - Piston Addict<\/title>\n<meta name=\"robots\" content=\"index, follow, max-snippet:-1, max-image-preview:large, max-video-preview:-1\" \/>\n<link rel=\"canonical\" href=\"https:\/\/pistonaddict.com\/hu\/product\/1979-es-pontiac-bonneville-brougham\/\" \/>\n<meta property=\"og:locale\" content=\"hu_HU\" \/>\n<meta property=\"og:type\" content=\"article\" \/>\n<meta property=\"og:title\" content=\"1979 Pontiac Bonneville Brougham - Piston Addict\" \/>\n<meta property=\"og:description\" content=\"Az aut\u00f3s t\u00f6rt\u00e9nelemben a Pontiacra \u00fagy eml\u00e9keznek majd, mint a GM izgalmas m\u00e1rk\u00e1j\u00e1ra, amely er\u0151teljes izomaut\u00f3kkal, eleg\u00e1ns form\u00e1kkal \u00e9s innovat\u00edv formatervekkel rendelkezett. Az 1979-es Bonneville a modellk\u00edn\u00e1lat cs\u00facs\u00e1n \u00e1ll, \u00e9s a teljes m\u00e9ret\u0171 szed\u00e1nok egy korszak\u00e1nak v\u00e9g\u00e9t jelzi. P\u00e1ratlan st\u00edlus\u00e1val, b\u0151s\u00e9ges helyk\u00edn\u00e1lat\u00e1val \u00e9s sz\u00e1mos luxusfelszerelts\u00e9g\u00e9vel ez a szed\u00e1n egy klasszikus amerikai aut\u00f3 kiv\u00e1l\u00f3 p\u00e9ld\u00e1ja.\" \/>\n<meta property=\"og:url\" content=\"https:\/\/pistonaddict.com\/hu\/product\/1979-es-pontiac-bonneville-brougham\/\" \/>\n<meta property=\"og:site_name\" content=\"Piston Addict\" \/>\n<meta property=\"article:modified_time\" content=\"2024-05-17T13:57:28+00:00\" \/>\n<meta property=\"og:image\" content=\"https:\/\/pistonaddict.com\/wp-content\/uploads\/2024\/05\/5a7bfe0d-cda7-49a4-89d2-85a67cfe2d90-1.jpg\" \/>\n\t<meta property=\"og:image:width\" content=\"2016\" \/>\n\t<meta property=\"og:image:height\" content=\"1134\" \/>\n\t<meta property=\"og:image:type\" content=\"image\/jpeg\" \/>\n<meta name=\"twitter:card\" content=\"summary_large_image\" \/>\n<meta name=\"twitter:label1\" content=\"Becs\u00fclt olvas\u00e1si id\u0151\" \/>\n\t<meta name=\"twitter:data1\" content=\"4 perc\" \/>\n<script type=\"application\/ld+json\" class=\"yoast-schema-graph\">{\"@context\":\"https:\/\/schema.org\",\"@graph\":[{\"@type\":\"WebPage\",\"@id\":\"https:\/\/pistonaddict.com\/hu\/product\/1979-es-pontiac-bonneville-brougham\/\",\"url\":\"https:\/\/pistonaddict.com\/hu\/product\/1979-es-pontiac-bonneville-brougham\/\",\"name\":\"1979 Pontiac Bonneville Brougham - Piston Addict\",\"isPartOf\":{\"@id\":\"https:\/\/pistonaddict.com\/hu\/#website\"},\"primaryImageOfPage\":{\"@id\":\"https:\/\/pistonaddict.com\/hu\/product\/1979-es-pontiac-bonneville-brougham\/#primaryimage\"},\"image\":{\"@id\":\"https:\/\/pistonaddict.com\/hu\/product\/1979-es-pontiac-bonneville-brougham\/#primaryimage\"},\"thumbnailUrl\":\"https:\/\/pistonaddict.com\/wp-content\/uploads\/2024\/05\/5a7bfe0d-cda7-49a4-89d2-85a67cfe2d90-1.jpg\",\"datePublished\":\"2024-05-17T09:16:20+00:00\",\"dateModified\":\"2024-05-17T13:57:28+00:00\",\"breadcrumb\":{\"@id\":\"https:\/\/pistonaddict.com\/hu\/product\/1979-es-pontiac-bonneville-brougham\/#breadcrumb\"},\"inLanguage\":\"hu\",\"potentialAction\":[{\"@type\":\"ReadAction\",\"target\":[\"https:\/\/pistonaddict.com\/hu\/product\/1979-es-pontiac-bonneville-brougham\/\"]}]},{\"@type\":\"ImageObject\",\"inLanguage\":\"hu\",\"@id\":\"https:\/\/pistonaddict.com\/hu\/product\/1979-es-pontiac-bonneville-brougham\/#primaryimage\",\"url\":\"https:\/\/pistonaddict.com\/wp-content\/uploads\/2024\/05\/5a7bfe0d-cda7-49a4-89d2-85a67cfe2d90-1.jpg\",\"contentUrl\":\"https:\/\/pistonaddict.com\/wp-content\/uploads\/2024\/05\/5a7bfe0d-cda7-49a4-89d2-85a67cfe2d90-1.jpg\",\"width\":2016,\"height\":1134},{\"@type\":\"BreadcrumbList\",\"@id\":\"https:\/\/pistonaddict.com\/hu\/product\/1979-es-pontiac-bonneville-brougham\/#breadcrumb\",\"itemListElement\":[{\"@type\":\"ListItem\",\"position\":1,\"name\":\"Kezd\u0151lap\",\"item\":\"https:\/\/pistonaddict.com\/hu\/honlap\/\"},{\"@type\":\"ListItem\",\"position\":2,\"name\":\"Auctions\",\"item\":\"https:\/\/pistonaddict.com\/auctions-listing\/\"},{\"@type\":\"ListItem\",\"position\":3,\"name\":\"1979 Pontiac Bonneville Brougham\"}]},{\"@type\":\"WebSite\",\"@id\":\"https:\/\/pistonaddict.com\/hu\/#website\",\"url\":\"https:\/\/pistonaddict.com\/hu\/\",\"name\":\"Piston Addict\",\"description\":\"Only interesting vehicles\",\"publisher\":{\"@id\":\"https:\/\/pistonaddict.com\/hu\/#organization\"},\"potentialAction\":[{\"@type\":\"SearchAction\",\"target\":{\"@type\":\"EntryPoint\",\"urlTemplate\":\"https:\/\/pistonaddict.com\/hu\/?s={search_term_string}\"},\"query-input\":\"required name=search_term_string\"}],\"inLanguage\":\"hu\"},{\"@type\":\"Organization\",\"@id\":\"https:\/\/pistonaddict.com\/hu\/#organization\",\"name\":\"Piston Addict\",\"url\":\"https:\/\/pistonaddict.com\/hu\/\",\"logo\":{\"@type\":\"ImageObject\",\"inLanguage\":\"hu\",\"@id\":\"https:\/\/pistonaddict.com\/hu\/#\/schema\/logo\/image\/\",\"url\":\"https:\/\/pistonaddict.com\/wp-content\/uploads\/2022\/07\/logo-6.png\",\"contentUrl\":\"https:\/\/pistonaddict.com\/wp-content\/uploads\/2022\/07\/logo-6.png\",\"width\":970,\"height\":200,\"caption\":\"Piston Addict\"},\"image\":{\"@id\":\"https:\/\/pistonaddict.com\/hu\/#\/schema\/logo\/image\/\"}}]}<\/script>\n<!-- \/ Yoast SEO plugin. -->","yoast_head_json":{"title":"1979 Pontiac Bonneville Brougham - Piston Addict","robots":{"index":"index","follow":"follow","max-snippet":"max-snippet:-1","max-image-preview":"max-image-preview:large","max-video-preview":"max-video-preview:-1"},"canonical":"https:\/\/pistonaddict.com\/hu\/product\/1979-es-pontiac-bonneville-brougham\/","og_locale":"hu_HU","og_type":"article","og_title":"1979 Pontiac Bonneville Brougham - Piston Addict","og_description":"Az aut\u00f3s t\u00f6rt\u00e9nelemben a Pontiacra \u00fagy eml\u00e9keznek majd, mint a GM izgalmas m\u00e1rk\u00e1j\u00e1ra, amely er\u0151teljes izomaut\u00f3kkal, eleg\u00e1ns form\u00e1kkal \u00e9s innovat\u00edv formatervekkel rendelkezett. Az 1979-es Bonneville a modellk\u00edn\u00e1lat cs\u00facs\u00e1n \u00e1ll, \u00e9s a teljes m\u00e9ret\u0171 szed\u00e1nok egy korszak\u00e1nak v\u00e9g\u00e9t jelzi. P\u00e1ratlan st\u00edlus\u00e1val, b\u0151s\u00e9ges helyk\u00edn\u00e1lat\u00e1val \u00e9s sz\u00e1mos luxusfelszerelts\u00e9g\u00e9vel ez a szed\u00e1n egy klasszikus amerikai aut\u00f3 kiv\u00e1l\u00f3 p\u00e9ld\u00e1ja.","og_url":"https:\/\/pistonaddict.com\/hu\/product\/1979-es-pontiac-bonneville-brougham\/","og_site_name":"Piston Addict","article_modified_time":"2024-05-17T13:57:28+00:00","og_image":[{"width":2016,"height":1134,"url":"https:\/\/pistonaddict.com\/wp-content\/uploads\/2024\/05\/5a7bfe0d-cda7-49a4-89d2-85a67cfe2d90-1.jpg","type":"image\/jpeg"}],"twitter_card":"summary_large_image","twitter_misc":{"Becs\u00fclt olvas\u00e1si id\u0151":"4 perc"},"schema":{"@context":"https:\/\/schema.org","@graph":[{"@type":"WebPage","@id":"https:\/\/pistonaddict.com\/hu\/product\/1979-es-pontiac-bonneville-brougham\/","url":"https:\/\/pistonaddict.com\/hu\/product\/1979-es-pontiac-bonneville-brougham\/","name":"1979 Pontiac Bonneville Brougham - Piston Addict","isPartOf":{"@id":"https:\/\/pistonaddict.com\/hu\/#website"},"primaryImageOfPage":{"@id":"https:\/\/pistonaddict.com\/hu\/product\/1979-es-pontiac-bonneville-brougham\/#primaryimage"},"image":{"@id":"https:\/\/pistonaddict.com\/hu\/product\/1979-es-pontiac-bonneville-brougham\/#primaryimage"},"thumbnailUrl":"https:\/\/pistonaddict.com\/wp-content\/uploads\/2024\/05\/5a7bfe0d-cda7-49a4-89d2-85a67cfe2d90-1.jpg","datePublished":"2024-05-17T09:16:20+00:00","dateModified":"2024-05-17T13:57:28+00:00","breadcrumb":{"@id":"https:\/\/pistonaddict.com\/hu\/product\/1979-es-pontiac-bonneville-brougham\/#breadcrumb"},"inLanguage":"hu","potentialAction":[{"@type":"ReadAction","target":["https:\/\/pistonaddict.com\/hu\/product\/1979-es-pontiac-bonneville-brougham\/"]}]},{"@type":"ImageObject","inLanguage":"hu","@id":"https:\/\/pistonaddict.com\/hu\/product\/1979-es-pontiac-bonneville-brougham\/#primaryimage","url":"https:\/\/pistonaddict.com\/wp-content\/uploads\/2024\/05\/5a7bfe0d-cda7-49a4-89d2-85a67cfe2d90-1.jpg","contentUrl":"https:\/\/pistonaddict.com\/wp-content\/uploads\/2024\/05\/5a7bfe0d-cda7-49a4-89d2-85a67cfe2d90-1.jpg","width":2016,"height":1134},{"@type":"BreadcrumbList","@id":"https:\/\/pistonaddict.com\/hu\/product\/1979-es-pontiac-bonneville-brougham\/#breadcrumb","itemListElement":[{"@type":"ListItem","position":1,"name":"Kezd\u0151lap","item":"https:\/\/pistonaddict.com\/hu\/honlap\/"},{"@type":"ListItem","position":2,"name":"Auctions","item":"https:\/\/pistonaddict.com\/auctions-listing\/"},{"@type":"ListItem","position":3,"name":"1979 Pontiac Bonneville Brougham"}]},{"@type":"WebSite","@id":"https:\/\/pistonaddict.com\/hu\/#website","url":"https:\/\/pistonaddict.com\/hu\/","name":"Piston Addict","description":"Only interesting vehicles","publisher":{"@id":"https:\/\/pistonaddict.com\/hu\/#organization"},"potentialAction":[{"@type":"SearchAction","target":{"@type":"EntryPoint","urlTemplate":"https:\/\/pistonaddict.com\/hu\/?s={search_term_string}"},"query-input":"required name=search_term_string"}],"inLanguage":"hu"},{"@type":"Organization","@id":"https:\/\/pistonaddict.com\/hu\/#organization","name":"Piston Addict","url":"https:\/\/pistonaddict.com\/hu\/","logo":{"@type":"ImageObject","inLanguage":"hu","@id":"https:\/\/pistonaddict.com\/hu\/#\/schema\/logo\/image\/","url":"https:\/\/pistonaddict.com\/wp-content\/uploads\/2022\/07\/logo-6.png","contentUrl":"https:\/\/pistonaddict.com\/wp-content\/uploads\/2022\/07\/logo-6.png","width":970,"height":200,"caption":"Piston Addict"},"image":{"@id":"https:\/\/pistonaddict.com\/hu\/#\/schema\/logo\/image\/"}}]}},"_links":{"self":[{"href":"https:\/\/pistonaddict.com\/hu\/wp-json\/wp\/v2\/product\/104254"}],"collection":[{"href":"https:\/\/pistonaddict.com\/hu\/wp-json\/wp\/v2\/product"}],"about":[{"href":"https:\/\/pistonaddict.com\/hu\/wp-json\/wp\/v2\/types\/product"}],"replies":[{"embeddable":true,"href":"https:\/\/pistonaddict.com\/hu\/wp-json\/wp\/v2\/comments?post=104254"}],"wp:featuredmedia":[{"embeddable":true,"href":"https:\/\/pistonaddict.com\/hu\/wp-json\/wp\/v2\/media\/104290"}],"wp:attachment":[{"href":"https:\/\/pistonaddict.com\/hu\/wp-json\/wp\/v2\/media?parent=104254"}],"wp:term":[{"taxonomy":"product_cat","embeddable":true,"href":"https:\/\/pistonaddict.com\/hu\/wp-json\/wp\/v2\/product_cat?post=104254"},{"taxonomy":"product_tag","embeddable":true,"href":"https:\/\/pistonaddict.com\/hu\/wp-json\/wp\/v2\/product_tag?post=104254"}],"curies":[{"name":"wp","href":"https:\/\/api.w.org\/{rel}","templated":true}]}}