{"id":51272,"date":"2022-04-28T09:17:25","date_gmt":"2022-04-28T07:17:25","guid":{"rendered":"https:\/\/pistonaddict.com\/honlap\/"},"modified":"2024-05-17T17:25:48","modified_gmt":"2024-05-17T15:25:48","slug":"honlap","status":"publish","type":"page","link":"https:\/\/pistonaddict.com\/hu\/","title":{"rendered":"Honlap"},"content":{"rendered":"","protected":false},"excerpt":{"rendered":"","protected":false},"author":1,"featured_media":0,"parent":0,"menu_order":0,"comment_status":"closed","ping_status":"closed","template":"template-parts\/tpl-accueil.php","meta":{"inline_featured_image":false,"footnotes":""},"acf":[],"yoast_head":"<!-- This site is optimized with the Yoast SEO plugin v22.5 - https:\/\/yoast.com\/wordpress\/plugins\/seo\/ -->\n<title>Piston Addict : Aut\u00f3k online aukci\u00f3s piactere<\/title>\n<meta name=\"description\" content=\"A Piston Addict aukci\u00f3k a nemzetk\u00f6zi vintage \u00e9s klasszikus j\u00e1rm\u0171vek piactere. Adja el \u00e9s v\u00e1s\u00e1rolja meg \u00e1lmai j\u00e1rm\u0171v\u00e9t a Piston Addict aukci\u00f3in, csak \u00e9rdekes j\u00e1rm\u0171veket, a vintage motorker\u00e9kp\u00e1rt\u00f3l a hiperaut\u00f3kig. A Piston Addict aut\u00f3s \u00fajs\u00e1g\u00edr\u00f3i \u00e1ltal \u00edrt Piston Addict aut\u00f3s cikkek seg\u00edts\u00e9g\u00e9vel t\u00e1j\u00e9koz\u00f3dhat a k\u00f6vetkez\u0151 j\u00e1rm\u0171v\u00e9r\u0151l, \u00e9s k\u00e9rd\u00e9seket tehet fel a Piston Addict k\u00f6z\u00f6ss\u00e9g\u00e9nek.\" \/>\n<meta name=\"robots\" content=\"index, follow, max-snippet:-1, max-image-preview:large, max-video-preview:-1\" \/>\n<link rel=\"canonical\" href=\"https:\/\/pistonaddict.com\/hu\/\" \/>\n<meta property=\"og:locale\" content=\"hu_HU\" \/>\n<meta property=\"og:type\" content=\"article\" \/>\n<meta property=\"og:title\" content=\"Piston Addict : Aut\u00f3k online aukci\u00f3s piactere\" \/>\n<meta property=\"og:description\" content=\"A Piston Addict aukci\u00f3k a nemzetk\u00f6zi vintage \u00e9s klasszikus j\u00e1rm\u0171vek piactere. Adja el \u00e9s v\u00e1s\u00e1rolja meg \u00e1lmai j\u00e1rm\u0171v\u00e9t a Piston Addict aukci\u00f3in, csak \u00e9rdekes j\u00e1rm\u0171veket, a vintage motorker\u00e9kp\u00e1rt\u00f3l a hiperaut\u00f3kig. A Piston Addict aut\u00f3s \u00fajs\u00e1g\u00edr\u00f3i \u00e1ltal \u00edrt Piston Addict aut\u00f3s cikkek seg\u00edts\u00e9g\u00e9vel t\u00e1j\u00e9koz\u00f3dhat a k\u00f6vetkez\u0151 j\u00e1rm\u0171v\u00e9r\u0151l, \u00e9s k\u00e9rd\u00e9seket tehet fel a Piston Addict k\u00f6z\u00f6ss\u00e9g\u00e9nek.\" \/>\n<meta property=\"og:url\" content=\"https:\/\/pistonaddict.com\/hu\/\" \/>\n<meta property=\"og:site_name\" content=\"Piston Addict\" \/>\n<meta property=\"article:modified_time\" content=\"2024-05-17T15:25:48+00:00\" \/>\n<meta name=\"twitter:card\" content=\"summary_large_image\" \/>\n<script type=\"application\/ld+json\" class=\"yoast-schema-graph\">{\"@context\":\"https:\/\/schema.org\",\"@graph\":[{\"@type\":\"WebPage\",\"@id\":\"https:\/\/pistonaddict.com\/hu\/\",\"url\":\"https:\/\/pistonaddict.com\/hu\/\",\"name\":\"Piston Addict : Aut\u00f3k online aukci\u00f3s piactere\",\"isPartOf\":{\"@id\":\"https:\/\/pistonaddict.com\/hu\/#website\"},\"datePublished\":\"2022-04-28T07:17:25+00:00\",\"dateModified\":\"2024-05-17T15:25:48+00:00\",\"description\":\"A Piston Addict aukci\u00f3k a nemzetk\u00f6zi vintage \u00e9s klasszikus j\u00e1rm\u0171vek piactere. Adja el \u00e9s v\u00e1s\u00e1rolja meg \u00e1lmai j\u00e1rm\u0171v\u00e9t a Piston Addict aukci\u00f3in, csak \u00e9rdekes j\u00e1rm\u0171veket, a vintage motorker\u00e9kp\u00e1rt\u00f3l a hiperaut\u00f3kig. A Piston Addict aut\u00f3s \u00fajs\u00e1g\u00edr\u00f3i \u00e1ltal \u00edrt Piston Addict aut\u00f3s cikkek seg\u00edts\u00e9g\u00e9vel t\u00e1j\u00e9koz\u00f3dhat a k\u00f6vetkez\u0151 j\u00e1rm\u0171v\u00e9r\u0151l, \u00e9s k\u00e9rd\u00e9seket tehet fel a Piston Addict k\u00f6z\u00f6ss\u00e9g\u00e9nek.\",\"breadcrumb\":{\"@id\":\"https:\/\/pistonaddict.com\/hu\/#breadcrumb\"},\"inLanguage\":\"hu\",\"potentialAction\":[{\"@type\":\"ReadAction\",\"target\":[\"https:\/\/pistonaddict.com\/hu\/\"]}]},{\"@type\":\"BreadcrumbList\",\"@id\":\"https:\/\/pistonaddict.com\/hu\/#breadcrumb\",\"itemListElement\":[{\"@type\":\"ListItem\",\"position\":1,\"name\":\"Kezd\u0151lap\",\"item\":\"https:\/\/pistonaddict.com\/hu\/honlap\/\"},{\"@type\":\"ListItem\",\"position\":2,\"name\":\"Honlap\"}]},{\"@type\":\"WebSite\",\"@id\":\"https:\/\/pistonaddict.com\/hu\/#website\",\"url\":\"https:\/\/pistonaddict.com\/hu\/\",\"name\":\"Piston Addict\",\"description\":\"Only interesting vehicles\",\"publisher\":{\"@id\":\"https:\/\/pistonaddict.com\/hu\/#organization\"},\"potentialAction\":[{\"@type\":\"SearchAction\",\"target\":{\"@type\":\"EntryPoint\",\"urlTemplate\":\"https:\/\/pistonaddict.com\/hu\/?s={search_term_string}\"},\"query-input\":\"required name=search_term_string\"}],\"inLanguage\":\"hu\"},{\"@type\":\"Organization\",\"@id\":\"https:\/\/pistonaddict.com\/hu\/#organization\",\"name\":\"Piston Addict\",\"url\":\"https:\/\/pistonaddict.com\/hu\/\",\"logo\":{\"@type\":\"ImageObject\",\"inLanguage\":\"hu\",\"@id\":\"https:\/\/pistonaddict.com\/hu\/#\/schema\/logo\/image\/\",\"url\":\"https:\/\/pistonaddict.com\/wp-content\/uploads\/2022\/07\/logo-6.png\",\"contentUrl\":\"https:\/\/pistonaddict.com\/wp-content\/uploads\/2022\/07\/logo-6.png\",\"width\":970,\"height\":200,\"caption\":\"Piston Addict\"},\"image\":{\"@id\":\"https:\/\/pistonaddict.com\/hu\/#\/schema\/logo\/image\/\"}}]}<\/script>\n<!-- \/ Yoast SEO plugin. -->","yoast_head_json":{"title":"Piston Addict : Aut\u00f3k online aukci\u00f3s piactere","description":"A Piston Addict aukci\u00f3k a nemzetk\u00f6zi vintage \u00e9s klasszikus j\u00e1rm\u0171vek piactere. Adja el \u00e9s v\u00e1s\u00e1rolja meg \u00e1lmai j\u00e1rm\u0171v\u00e9t a Piston Addict aukci\u00f3in, csak \u00e9rdekes j\u00e1rm\u0171veket, a vintage motorker\u00e9kp\u00e1rt\u00f3l a hiperaut\u00f3kig. A Piston Addict aut\u00f3s \u00fajs\u00e1g\u00edr\u00f3i \u00e1ltal \u00edrt Piston Addict aut\u00f3s cikkek seg\u00edts\u00e9g\u00e9vel t\u00e1j\u00e9koz\u00f3dhat a k\u00f6vetkez\u0151 j\u00e1rm\u0171v\u00e9r\u0151l, \u00e9s k\u00e9rd\u00e9seket tehet fel a Piston Addict k\u00f6z\u00f6ss\u00e9g\u00e9nek.","robots":{"index":"index","follow":"follow","max-snippet":"max-snippet:-1","max-image-preview":"max-image-preview:large","max-video-preview":"max-video-preview:-1"},"canonical":"https:\/\/pistonaddict.com\/hu\/","og_locale":"hu_HU","og_type":"article","og_title":"Piston Addict : Aut\u00f3k online aukci\u00f3s piactere","og_description":"A Piston Addict aukci\u00f3k a nemzetk\u00f6zi vintage \u00e9s klasszikus j\u00e1rm\u0171vek piactere. Adja el \u00e9s v\u00e1s\u00e1rolja meg \u00e1lmai j\u00e1rm\u0171v\u00e9t a Piston Addict aukci\u00f3in, csak \u00e9rdekes j\u00e1rm\u0171veket, a vintage motorker\u00e9kp\u00e1rt\u00f3l a hiperaut\u00f3kig. A Piston Addict aut\u00f3s \u00fajs\u00e1g\u00edr\u00f3i \u00e1ltal \u00edrt Piston Addict aut\u00f3s cikkek seg\u00edts\u00e9g\u00e9vel t\u00e1j\u00e9koz\u00f3dhat a k\u00f6vetkez\u0151 j\u00e1rm\u0171v\u00e9r\u0151l, \u00e9s k\u00e9rd\u00e9seket tehet fel a Piston Addict k\u00f6z\u00f6ss\u00e9g\u00e9nek.","og_url":"https:\/\/pistonaddict.com\/hu\/","og_site_name":"Piston Addict","article_modified_time":"2024-05-17T15:25:48+00:00","twitter_card":"summary_large_image","schema":{"@context":"https:\/\/schema.org","@graph":[{"@type":"WebPage","@id":"https:\/\/pistonaddict.com\/hu\/","url":"https:\/\/pistonaddict.com\/hu\/","name":"Piston Addict : Aut\u00f3k online aukci\u00f3s piactere","isPartOf":{"@id":"https:\/\/pistonaddict.com\/hu\/#website"},"datePublished":"2022-04-28T07:17:25+00:00","dateModified":"2024-05-17T15:25:48+00:00","description":"A Piston Addict aukci\u00f3k a nemzetk\u00f6zi vintage \u00e9s klasszikus j\u00e1rm\u0171vek piactere. Adja el \u00e9s v\u00e1s\u00e1rolja meg \u00e1lmai j\u00e1rm\u0171v\u00e9t a Piston Addict aukci\u00f3in, csak \u00e9rdekes j\u00e1rm\u0171veket, a vintage motorker\u00e9kp\u00e1rt\u00f3l a hiperaut\u00f3kig. A Piston Addict aut\u00f3s \u00fajs\u00e1g\u00edr\u00f3i \u00e1ltal \u00edrt Piston Addict aut\u00f3s cikkek seg\u00edts\u00e9g\u00e9vel t\u00e1j\u00e9koz\u00f3dhat a k\u00f6vetkez\u0151 j\u00e1rm\u0171v\u00e9r\u0151l, \u00e9s k\u00e9rd\u00e9seket tehet fel a Piston Addict k\u00f6z\u00f6ss\u00e9g\u00e9nek.","breadcrumb":{"@id":"https:\/\/pistonaddict.com\/hu\/#breadcrumb"},"inLanguage":"hu","potentialAction":[{"@type":"ReadAction","target":["https:\/\/pistonaddict.com\/hu\/"]}]},{"@type":"BreadcrumbList","@id":"https:\/\/pistonaddict.com\/hu\/#breadcrumb","itemListElement":[{"@type":"ListItem","position":1,"name":"Kezd\u0151lap","item":"https:\/\/pistonaddict.com\/hu\/honlap\/"},{"@type":"ListItem","position":2,"name":"Honlap"}]},{"@type":"WebSite","@id":"https:\/\/pistonaddict.com\/hu\/#website","url":"https:\/\/pistonaddict.com\/hu\/","name":"Piston Addict","description":"Only interesting vehicles","publisher":{"@id":"https:\/\/pistonaddict.com\/hu\/#organization"},"potentialAction":[{"@type":"SearchAction","target":{"@type":"EntryPoint","urlTemplate":"https:\/\/pistonaddict.com\/hu\/?s={search_term_string}"},"query-input":"required name=search_term_string"}],"inLanguage":"hu"},{"@type":"Organization","@id":"https:\/\/pistonaddict.com\/hu\/#organization","name":"Piston Addict","url":"https:\/\/pistonaddict.com\/hu\/","logo":{"@type":"ImageObject","inLanguage":"hu","@id":"https:\/\/pistonaddict.com\/hu\/#\/schema\/logo\/image\/","url":"https:\/\/pistonaddict.com\/wp-content\/uploads\/2022\/07\/logo-6.png","contentUrl":"https:\/\/pistonaddict.com\/wp-content\/uploads\/2022\/07\/logo-6.png","width":970,"height":200,"caption":"Piston Addict"},"image":{"@id":"https:\/\/pistonaddict.com\/hu\/#\/schema\/logo\/image\/"}}]}},"_links":{"self":[{"href":"https:\/\/pistonaddict.com\/hu\/wp-json\/wp\/v2\/pages\/51272"}],"collection":[{"href":"https:\/\/pistonaddict.com\/hu\/wp-json\/wp\/v2\/pages"}],"about":[{"href":"https:\/\/pistonaddict.com\/hu\/wp-json\/wp\/v2\/types\/page"}],"author":[{"embeddable":true,"href":"https:\/\/pistonaddict.com\/hu\/wp-json\/wp\/v2\/users\/1"}],"replies":[{"embeddable":true,"href":"https:\/\/pistonaddict.com\/hu\/wp-json\/wp\/v2\/comments?post=51272"}],"version-history":[{"count":1,"href":"https:\/\/pistonaddict.com\/hu\/wp-json\/wp\/v2\/pages\/51272\/revisions"}],"predecessor-version":[{"id":80981,"href":"https:\/\/pistonaddict.com\/hu\/wp-json\/wp\/v2\/pages\/51272\/revisions\/80981"}],"wp:attachment":[{"href":"https:\/\/pistonaddict.com\/hu\/wp-json\/wp\/v2\/media?parent=51272"}],"curies":[{"name":"wp","href":"https:\/\/api.w.org\/{rel}","templated":true}]}}