{"id":2975,"date":"2022-04-29T11:19:25","date_gmt":"2022-04-29T09:19:25","guid":{"rendered":"https:\/\/pistonaddict.com\/cookie-kezeles\/"},"modified":"2022-10-28T10:21:18","modified_gmt":"2022-10-28T08:21:18","slug":"cookie-kezeles","status":"publish","type":"page","link":"https:\/\/pistonaddict.com\/hu\/cookie-kezeles\/","title":{"rendered":"Gestion des cookies"},"content":{"rendered":"\t\t<div data-elementor-type=\"wp-page\" data-elementor-id=\"2975\" class=\"elementor elementor-2975 elementor-2954\">\n\t\t\t\t\t\t<section class=\"elementor-section elementor-top-section elementor-element elementor-element-00987b4 elementor-section-boxed elementor-section-height-default elementor-section-height-default\" data-id=\"00987b4\" data-element_type=\"section\">\n\t\t\t\t\t\t<div class=\"elementor-container elementor-column-gap-default\">\n\t\t\t\t\t<div class=\"elementor-column elementor-col-100 elementor-top-column elementor-element elementor-element-9f5f945\" data-id=\"9f5f945\" data-element_type=\"column\">\n\t\t\t<div class=\"elementor-widget-wrap elementor-element-populated\">\n\t\t\t\t\t\t<div class=\"elementor-element elementor-element-8525f40 elementor-widget elementor-widget-text-editor\" data-id=\"8525f40\" data-element_type=\"widget\" data-widget_type=\"text-editor.default\">\n\t\t\t\t<div class=\"elementor-widget-container\">\n\t\t\t<style>\/*! elementor - v3.21.0 - 18-04-2024 *\/\n.elementor-widget-text-editor.elementor-drop-cap-view-stacked .elementor-drop-cap{background-color:#69727d;color:#fff}.elementor-widget-text-editor.elementor-drop-cap-view-framed .elementor-drop-cap{color:#69727d;border:3px solid;background-color:transparent}.elementor-widget-text-editor:not(.elementor-drop-cap-view-default) .elementor-drop-cap{margin-top:8px}.elementor-widget-text-editor:not(.elementor-drop-cap-view-default) .elementor-drop-cap-letter{width:1em;height:1em}.elementor-widget-text-editor .elementor-drop-cap{float:left;text-align:center;line-height:1;font-size:50px}.elementor-widget-text-editor .elementor-drop-cap-letter{display:inline-block}<\/style>\t\t\t\t<div class=\"wpb_text_column wpb_content_element cms_text_block\">\n<div class=\"wpb_wrapper \">\n<p>Lors de votre premier acc\u00e8s au site Internet : https:\/\/www.pistonaddict.com, un bandeau situ\u00e9 en bas de page vous informe que des donn\u00e9es relatives \u00e0 votre navigation vont \u00eatre enregistr\u00e9es on des fichiers sp\u00e9cifiques appel\u00e9s &#8221; cookies &#8221; ou fichiers de connexion .<\/p>\n<p>A <strong>Piston Addict<\/strong> bemutatja a s\u00fctik kezel\u00e9s\u00e9re vonatkoz\u00f3 politik\u00e1j\u00e1t, hogy jobban t\u00e1j\u00e9koztassa \u00d6nt a s\u00fctik szerep\u00e9r\u0151l, az elfogad\u00e1sukkal vagy elutas\u00edt\u00e1sukkal kapcsolatos korl\u00e1toz\u00e1sokr\u00f3l \u00e9s a k\u00f6vetend\u0151 l\u00e9p\u00e9sekr\u0151l, amelyekkel megakad\u00e1lyozhatja a telep\u00edt\u00e9s\u00fcket a sz\u00e1m\u00edt\u00f3g\u00e9p\u00e9re.<\/p>\n<div class=\"wpb_column vc_column_container vc_col-sm-12\">\n<div class=\"vc_column-inner\">\n<div class=\"wpb_wrapper\"> <\/div>\n<\/div>\n<\/div>\n<div class=\"cms-custom-heading-wrap heading2 text-left vc_custom_heading heading2_uppercase \">\n<h2> <\/h2>\n<h2 class=\"cmsc-custom-heading vc_custom_heading\">1\u00b0 LE R\u00d4LE DES COOKIES OU FICHIERS DE CONNEXION<\/h2>\n<\/div>\n<p>A s\u00fctik lehet\u0151v\u00e9 teszik az internetes oldal (https:\/\/www.pistonaddict.com) l\u00e1togat\u00e1s\u00e1val kapcsolatos inform\u00e1ci\u00f3k gy\u0171jt\u00e9s\u00e9t, hogy a navig\u00e1ci\u00f3t jobban lehessen igaz\u00edtani \u00e9s orient\u00e1lni. G\u00e9r\u00e9s par le navigateur, les fichiers de connexion permettent de d\u00e9terminer pr\u00e9cis\u00e9ment les services et information que vous recherchez \u00e0 partir des rubriques et des pages que vous consultez.<\/p>\n<p>Az internetes oldal \u00e9s szolg\u00e1ltat\u00e1sai optim\u00e1lis haszn\u00e1lat\u00e1hoz k\u00fcl\u00f6nb\u00f6z\u0151 t\u00edpus\u00fa cookie-kat haszn\u00e1lunk a c\u00e9lnak megfelel\u0151en:<\/p>\n<ul>\n<li>a munkamenet s\u00fctik els\u0151sorban az\u00e9rt ker\u00fclnek telep\u00edt\u00e9sre a kereskedelmi oldalakon, hogy a navig\u00e1ci\u00f3 teljes id\u0151tartama alatt meg\u0151rizzenek bizonyos adatokat,<\/li>\n<li>a funkcion\u00e1lis s\u00fctik figyelembe veszik a navig\u00e1ci\u00f3s preferenci\u00e1kat (nyelv, k\u00e9perny\u0151felbont\u00e1s&#8230;), vagy a navig\u00e1ci\u00f3s el\u0151zm\u00e9nyek sor\u00e1n szerzett inform\u00e1ci\u00f3kat (csatlakoz\u00e1si azonos\u00edt\u00f3k, ig\u00e9nybevett szolg\u00e1ltat\u00e1sok, t\u00e1rolt adatok&#8230;),<\/li>\n<li>az analitikus s\u00fctik lehet\u0151v\u00e9 teszik az internetez\u0151k adatainak r\u00f6gz\u00edt\u00e9s\u00e9t, valamint az internetes oldal l\u00e1togat\u00e1sa sor\u00e1n tan\u00fas\u00edtott viselked\u00e9s\u00fck elemz\u00e9s\u00e9t a l\u00e1togat\u00e1si statisztik\u00e1k k\u00e9sz\u00edt\u00e9se c\u00e9lj\u00e1b\u00f3l,<\/li>\n<li>les cookies tiers sont d\u00e9pos\u00e9s sur le navigateur de l&#8217;internaute par des r\u00e9gies publicitaires ou des partenaires du site Internet, ainsi que par les r\u00e9seaux sociaux et les plateformes vid\u00e9os en lien avec ledit site.<\/li>\n<\/ul>\n<p>Les donn\u00e9es n\u00e9cessaires n\u00e9cessaires par les fichiers de connexion ne permettent pas de vous identifier de mani\u00e8re nominative, elles sont uniquement utilis\u00e9es pour le bon fonctionnement du site Internet et ne sont jamais communiqu\u00e9es par <strong>Piston Addict<\/strong> \u00e0 d&#8217;autres structures.<\/p>\n<div class=\"wpb_column vc_column_container vc_col-sm-12\">\n<div class=\"vc_column-inner\">\n<div class=\"wpb_wrapper\"> <\/div>\n<\/div>\n<\/div>\n<div class=\"cms-custom-heading-wrap heading2 text-left vc_custom_heading heading2_uppercase \">\n<h2> <\/h2>\n<h2 class=\"cmsc-custom-heading vc_custom_heading\">2\u00b0 LES COOKIES PR\u00c9SENTS SUR LE SITE PISTONADDICT.COM<\/h2>\n<\/div>\n<div class=\"wpb_text_column wpb_content_element vc_custom_1621498045904 cms_text_block\">\n<div class=\"wpb_wrapper \"> <\/div>\n<\/div>\n<p>Az \u00e1ltaluk gy\u0171jt\u00f6tt adatok jelleg\u00e9t\u0151l \u00e9s t\u00edpus\u00e1t\u00f3l f\u00fcgg\u0151en a https:\/\/www.pistonaddict.com weboldalon haszn\u00e1lt s\u00fctik nem adnak beleegyez\u00e9st a haszn\u00e1latukhoz, vagy ellenkez\u0151leg, ellenkez\u0151leg.<\/p>\n<h3> <\/h3>\n<h3>2.1\u00b0 Les cookies fonctionnels (A m\u0171k\u00f6d\u0151 s\u00fctik)<\/h3>\n<p>La Commission Nationale de l&#8217;Informatique et des Libert\u00e9s (CNIL) recommande de dispenser du recueil du consentement les cookies n\u00e9cessaires n\u00e9cessaires au bon fonctionnement du site Internet ou ayant pour seule finalit\u00e9 pour faciliter la communication par voie \u00e9lectronique.<\/p>\n<p>Cela concerne principalement les cookies d&#8217;identifiant de session, les cookies de session pour lecteur multim\u00e9dia, les cookies d&#8217;authentification, les cookies de session d&#8217;\u00e9quilibrage de charge ou cr\u00e9\u00e9s ainsi que des cookies de personnalisation de votre interface utilisateur.<\/p>\n<h3> <\/h3>\n<h3>2.2\u00b0 Les cookies de suivi<\/h3>\n<p>Az RGPD \u00e1ltal alkalmazott hat\u00e1lyos jogszab\u00e1lyok \u00e9rtelm\u00e9ben a cookie-k, amelyek lehet\u0151v\u00e9 teszik a cookie-k haszn\u00e1lat\u00e1t vagy a profilalkot\u00e1st, a navig\u00e1torra t\u00f6rt\u00e9n\u0151 felk\u00fcld\u00e9s el\u0151tt rendelkez\u00e9sre \u00e1llnak: a hozz\u00e1j\u00e1rul\u00e1s megismer\u00e9se, a lehet\u0151s\u00e9g, hogy \u00d6n ellenezhesse a felhaszn\u00e1l\u00e1st, az inform\u00e1ci\u00f3, hogy a navig\u00e1ci\u00f3 v\u00e9grehajt\u00e1sa a cookie-k termin\u00e1lra t\u00f6rt\u00e9n\u0151 felvitel\u00e9vel \u00f6sszhangban t\u00f6rt\u00e9nik.<\/p>\n<p>Cela concerne \u00e0 la fois les cookies de mesure d&#8217;audience (Analytics) et les cookies de partage sur les r\u00e9seaux sociaux (Facebook&#8230;), ces cookies sont donc soumis aux politiques de confidentialit\u00e9 des \u00e9diteurs de ces applications logicielles.<\/p>\n<h4> <\/h4>\n<h4><strong>2.2.1\u00b0 Les cookies de mesure d&#8217;audience (K\u00f6z\u00f6ns\u00e9gm\u00e9r\u00e9si s\u00fctik)<\/strong><\/h4>\n<p>A Google Analytics s\u00fctik lehet\u0151v\u00e9 teszik az internetes oldal haszn\u00e1lat\u00e1ra vonatkoz\u00f3 statisztik\u00e1k k\u00e9sz\u00edt\u00e9s\u00e9t: https:\/\/www.pistonaddict.com.<\/p>\n<p>Ils ont \u00e9t\u00e9 \u00e9t\u00e9 param\u00e9tr\u00e9s de fa\u00e7on \u00e0 collecter des donn\u00e9es permettant facultatif le recueil de votre consentement :<\/p>\n<ul>\n<li>a cookie-k kiz\u00e1r\u00f3lag anonim statisztik\u00e1k el\u0151\u00e1ll\u00edt\u00e1s\u00e1ra szolg\u00e1lnak, az IP-c\u00edm, amely lehet\u0151v\u00e9 teszi az \u00d6n f\u00f6ldrajzi elhelyezked\u00e9s\u00e9t, nem pontosabb, mint a v\u00e1ros c\u00edme, ez\u00e9rt az IP-c\u00edm k\u00e9t utols\u00f3 oktettje nem szerepel,<\/li>\n<li>a cookie-k, amelyek lehet\u0151v\u00e9 teszik a l\u00e1togatotts\u00e1g \u00e9s az IP-c\u00edmek meg\u0151rz\u00e9s\u00e9t 13 h\u00f3nap eltelt\u00e9vel az els\u0151 l\u00e1togat\u00e1s ut\u00e1n.<\/li>\n<\/ul>\n<p>La politique de confidentialit\u00e9 de Google Analytics est disponible \u00e0 l&#8217;adress suivante : https:\/\/policies.google.com\/privacy?hl=fr<\/p>\n<h3> <\/h3>\n<h4><strong>2.2.2\u00b0 Az adatmegoszt\u00f3 s\u00fctik<\/strong><\/h4>\n<p>Les cookies de partage sur les r\u00e9seaux sociaux (Facebook&#8230;) sont \u00e9mis et g\u00e9r\u00e9s par les \u00e9diteurs des applications. Sous r\u00e9serve de votre consentement, ces cookies permettent de partager facilement des contenus publi\u00e9s sur le site Internet : https:\/\/www.pistonaddict.com au moyen des boutons applicatifs d\u00e9di\u00e9s.<\/p>\n<p>Les politiques de confidentialit\u00e9 des r\u00e9seaux sociaux sont disponibles sur les pages suivantes :<\/p>\n<ul>\n<li>Facebook : https:\/\/fr-fr.facebook.com\/privacy\/explanation<\/li>\n<li>Twitter : https:\/\/twitter.com\/fr\/privacy#update<\/li>\n<li>Pinterest : https:\/\/policy.pinterest.com\/fr\/privacy-policy<\/li>\n<li>Instagram : https:\/\/help.instagram.com\/519522125107875<\/li>\n<\/ul>\n<h3> <\/h3>\n<h4><strong>2.2.3\u00b0 Les cookies de plateformes vid\u00e9o<\/strong><\/h4>\n<p>Les cookies li\u00e9s \u00e0 la visualisation de vid\u00e9os sur YouTube sont \u00e9mis et g\u00e9r\u00e9s par l&#8217;\u00e9diteur de la plateforme vid\u00e9o. Sous r\u00e9serve du consentement de votre, ces cookies sont envoy\u00e9s sur votre navigateur de l&#8217;internaute lors de la lecture de vid\u00e9os publi\u00e9es sur le site Internet : https:\/\/www.pistonaddict.com et h\u00e9berg\u00e9es sur la plateforme.<\/p>\n<p>La politique de confidentialit\u00e9 de YouTube est disponible \u00e0 l&#8217;adress suivante : https:\/\/policies.google.com\/privacy?hl=fr-CA<\/p>\n<\/div>\n<\/div>\n<div class=\"wpb_column vc_column_container vc_col-sm-12\">\n<div class=\"vc_column-inner\">\n<div class=\"wpb_wrapper\"> <\/div>\n<\/div>\n<\/div>\n<div class=\"cms-custom-heading-wrap heading2 text-left vc_custom_heading heading2_uppercase \">\n<h2> <\/h2>\n<h2 class=\"cmsc-custom-heading vc_custom_heading\">3\u00b0 A S\u00dcTIK ELFOGAD\u00c1SA VAGY ELUTAS\u00cdT\u00c1SA<\/h2>\n<\/div>\n<div class=\"wpb_text_column wpb_content_element vc_custom_1621498045904 cms_text_block\">\n<div class=\"wpb_wrapper \">\n<p>Lors de votre premi\u00e8re visite du site Internet https:\/\/www.pistonaddict.com, un bandeau est affich\u00e9 en bas de page pour vous permettre d&#8217;accepter ou de refuser les cookies. Ce bandeau comporte \u00e9galement les mentions relatives \u00e0 la finalit\u00e9 des envois de cookies sur votre navigateur Internet.<\/p>\n<p>Vous pouvez \u00e9galement param\u00e9trer votre navigateur Internet averti lorsque des cookies seront d\u00e9pos\u00e9s avec la possibilit\u00e9 de les accepter ou de les refuser. En fonction du navigateur utilis\u00e9 la configuration de la gestion des cookies (acceptation ou refus) diff\u00e9rente.<\/p>\n<p>Retrouvez ci-dessous les adresses des pages d\u00e9di\u00e9es pour chacun des principaux navigateurs :<\/p>\n<ul>\n<li>Microsoft Internet Explorer : http:\/\/windows.microsoft.com\/fr-FR\/windows-vista\/Block-or-allow-cookies<\/li>\n<li>Google Chrome : https:\/\/support.google.com\/chrome\/answer\/95647?hl=fr<\/li>\n<li>Szafari : https:\/\/support.apple.com\/fr-fr\/guide\/safari\/sfri11471\/mac<\/li>\n<li>Firefox : https:\/\/support.mozilla.org\/fr\/kb\/autoriser-bloquer-cookies-preferences-sites<\/li>\n<li>Opera : https:\/\/help.opera.com\/en\/latest\/web-preferences\/#cookies<\/li>\n<\/ul>\n<p>A noter : Le refus des cookies peut emp\u00eacher la personnalisation de votre navigation sur le site Internet : https:\/\/www.pistonaddict.com, il est donc important que vous configuriez votre navigateur en toute connaissance de cause.<\/p>\n<\/div>\n<\/div>\n<div class=\"wpb_column vc_column_container vc_col-sm-12\">\n<div class=\"vc_column-inner\">\n<div class=\"wpb_wrapper\"> <\/div>\n<\/div>\n<\/div>\n<div class=\"cms-custom-heading-wrap heading2 text-left vc_custom_heading heading2_uppercase \">\n<h2> <\/h2>\n<h2 class=\"cmsc-custom-heading vc_custom_heading\">4\u00b0 LA R\u00c9VOCATION DU CONSENTEMENT AUX COOKIES<\/h2>\n<\/div>\n<div class=\"wpb_text_column wpb_content_element vc_custom_1621498045904 cms_text_block\">\n<div class=\"wpb_wrapper \">\n<p>Il est possible \u00e0 tout moment de r\u00e9voquer son <a class=\"wt-cli-manage-consent-link\">Consentement aux Cookies<\/a> tiers et aux cookies analytiques.<\/p>\n<div class=\"wpb_column vc_column_container vc_col-sm-12\">\n<div class=\"vc_column-inner\">\n<div class=\"wpb_wrapper\"> <\/div>\n<\/div>\n<\/div>\n<div class=\"cms-custom-heading-wrap heading2 text-left vc_custom_heading heading2_uppercase \">\n<h2> <\/h2>\n<h2 class=\"cmsc-custom-heading vc_custom_heading\">5\u00b0 LA POLITIQUE DE CONFIDENTIALIT\u00c9<\/h2>\n<\/div>\n<div class=\"wpb_text_column wpb_content_element vc_custom_1621498045904 cms_text_block\">\n<div class=\"wpb_wrapper \"> <\/div>\n<\/div>\n<p>Pour en savoir plus sur la politique de confidentialit\u00e9 de <strong>Piston Addict<\/strong>: <a href=\"https:\/\/pistonaddict.com\/hu\/adatvedelmi-iranyelvek\/\">cliquez ici<\/a>.<\/p>\n<\/div>\n<\/div>\n\t\t\t\t\t\t<\/div>\n\t\t\t\t<\/div>\n\t\t\t\t\t<\/div>\n\t\t<\/div>\n\t\t\t\t\t<\/div>\n\t\t<\/section>\n\t\t\t\t<\/div>\n\t\t","protected":false},"excerpt":{"rendered":"<p>Lors de votre premier acc\u00e8s au site Internet : https:\/\/www.pistonaddict.com, un bandeau situ\u00e9 en bas de page vous informe que des donn\u00e9es relatives \u00e0 votre navigation vont \u00eatre enregistr\u00e9es on des fichiers sp\u00e9cifiques appel\u00e9s &#8221; cookies &#8221; ou fichiers de connexion . A Piston Addict bemutatja a s\u00fctik kezel\u00e9s\u00e9re vonatkoz\u00f3 politik\u00e1j\u00e1t, hogy jobban t\u00e1j\u00e9koztassa \u00d6nt &#8230; <a title=\"Gestion des cookies\" class=\"read-more\" href=\"https:\/\/pistonaddict.com\/hu\/cookie-kezeles\/\">B\u0151vebben<span class=\"screen-reader-text\">Gestion des cookies<\/span><\/a><\/p>\n","protected":false},"author":1,"featured_media":0,"parent":0,"menu_order":0,"comment_status":"closed","ping_status":"closed","template":"","meta":{"inline_featured_image":false,"footnotes":""},"acf":[],"yoast_head":"<!-- This site is optimized with the Yoast SEO plugin v22.5 - https:\/\/yoast.com\/wordpress\/plugins\/seo\/ -->\n<title>Gestion des cookies - Piston Addict<\/title>\n<meta name=\"robots\" content=\"index, follow, max-snippet:-1, max-image-preview:large, max-video-preview:-1\" \/>\n<link rel=\"canonical\" href=\"https:\/\/pistonaddict.com\/hu\/cookie-kezeles\/\" \/>\n<meta property=\"og:locale\" content=\"hu_HU\" \/>\n<meta property=\"og:type\" content=\"article\" \/>\n<meta property=\"og:title\" content=\"Gestion des cookies - Piston Addict\" \/>\n<meta property=\"og:description\" content=\"Lors de votre premier acc\u00e8s au site Internet : https:\/\/www.pistonaddict.com, un bandeau situ\u00e9 en bas de page vous informe que des donn\u00e9es relatives \u00e0 votre navigation vont \u00eatre enregistr\u00e9es on des fichiers sp\u00e9cifiques appel\u00e9s &#8221; cookies &#8221; ou fichiers de connexion . A Piston Addict bemutatja a s\u00fctik kezel\u00e9s\u00e9re vonatkoz\u00f3 politik\u00e1j\u00e1t, hogy jobban t\u00e1j\u00e9koztassa \u00d6nt ... B\u0151vebbenGestion des cookies\" \/>\n<meta property=\"og:url\" content=\"https:\/\/pistonaddict.com\/hu\/cookie-kezeles\/\" \/>\n<meta property=\"og:site_name\" content=\"Piston Addict\" \/>\n<meta property=\"article:modified_time\" content=\"2022-10-28T08:21:18+00:00\" \/>\n<meta name=\"twitter:card\" content=\"summary_large_image\" \/>\n<meta name=\"twitter:label1\" content=\"Becs\u00fclt olvas\u00e1si id\u0151\" \/>\n\t<meta name=\"twitter:data1\" content=\"6 perc\" \/>\n<script type=\"application\/ld+json\" class=\"yoast-schema-graph\">{\"@context\":\"https:\/\/schema.org\",\"@graph\":[{\"@type\":\"WebPage\",\"@id\":\"https:\/\/pistonaddict.com\/hu\/cookie-kezeles\/\",\"url\":\"https:\/\/pistonaddict.com\/hu\/cookie-kezeles\/\",\"name\":\"Gestion des cookies - Piston Addict\",\"isPartOf\":{\"@id\":\"https:\/\/pistonaddict.com\/hu\/#website\"},\"datePublished\":\"2022-04-29T09:19:25+00:00\",\"dateModified\":\"2022-10-28T08:21:18+00:00\",\"breadcrumb\":{\"@id\":\"https:\/\/pistonaddict.com\/hu\/cookie-kezeles\/#breadcrumb\"},\"inLanguage\":\"hu\",\"potentialAction\":[{\"@type\":\"ReadAction\",\"target\":[\"https:\/\/pistonaddict.com\/hu\/cookie-kezeles\/\"]}]},{\"@type\":\"BreadcrumbList\",\"@id\":\"https:\/\/pistonaddict.com\/hu\/cookie-kezeles\/#breadcrumb\",\"itemListElement\":[{\"@type\":\"ListItem\",\"position\":1,\"name\":\"Kezd\u0151lap\",\"item\":\"https:\/\/pistonaddict.com\/hu\/honlap\/\"},{\"@type\":\"ListItem\",\"position\":2,\"name\":\"Gestion des cookies\"}]},{\"@type\":\"WebSite\",\"@id\":\"https:\/\/pistonaddict.com\/hu\/#website\",\"url\":\"https:\/\/pistonaddict.com\/hu\/\",\"name\":\"Piston Addict\",\"description\":\"Only interesting vehicles\",\"publisher\":{\"@id\":\"https:\/\/pistonaddict.com\/hu\/#organization\"},\"potentialAction\":[{\"@type\":\"SearchAction\",\"target\":{\"@type\":\"EntryPoint\",\"urlTemplate\":\"https:\/\/pistonaddict.com\/hu\/?s={search_term_string}\"},\"query-input\":\"required name=search_term_string\"}],\"inLanguage\":\"hu\"},{\"@type\":\"Organization\",\"@id\":\"https:\/\/pistonaddict.com\/hu\/#organization\",\"name\":\"Piston Addict\",\"url\":\"https:\/\/pistonaddict.com\/hu\/\",\"logo\":{\"@type\":\"ImageObject\",\"inLanguage\":\"hu\",\"@id\":\"https:\/\/pistonaddict.com\/hu\/#\/schema\/logo\/image\/\",\"url\":\"https:\/\/pistonaddict.com\/wp-content\/uploads\/2022\/07\/logo-6.png\",\"contentUrl\":\"https:\/\/pistonaddict.com\/wp-content\/uploads\/2022\/07\/logo-6.png\",\"width\":970,\"height\":200,\"caption\":\"Piston Addict\"},\"image\":{\"@id\":\"https:\/\/pistonaddict.com\/hu\/#\/schema\/logo\/image\/\"}}]}<\/script>\n<!-- \/ Yoast SEO plugin. -->","yoast_head_json":{"title":"Gestion des cookies - Piston Addict","robots":{"index":"index","follow":"follow","max-snippet":"max-snippet:-1","max-image-preview":"max-image-preview:large","max-video-preview":"max-video-preview:-1"},"canonical":"https:\/\/pistonaddict.com\/hu\/cookie-kezeles\/","og_locale":"hu_HU","og_type":"article","og_title":"Gestion des cookies - Piston Addict","og_description":"Lors de votre premier acc\u00e8s au site Internet : https:\/\/www.pistonaddict.com, un bandeau situ\u00e9 en bas de page vous informe que des donn\u00e9es relatives \u00e0 votre navigation vont \u00eatre enregistr\u00e9es on des fichiers sp\u00e9cifiques appel\u00e9s &#8221; cookies &#8221; ou fichiers de connexion . A Piston Addict bemutatja a s\u00fctik kezel\u00e9s\u00e9re vonatkoz\u00f3 politik\u00e1j\u00e1t, hogy jobban t\u00e1j\u00e9koztassa \u00d6nt ... B\u0151vebbenGestion des cookies","og_url":"https:\/\/pistonaddict.com\/hu\/cookie-kezeles\/","og_site_name":"Piston Addict","article_modified_time":"2022-10-28T08:21:18+00:00","twitter_card":"summary_large_image","twitter_misc":{"Becs\u00fclt olvas\u00e1si id\u0151":"6 perc"},"schema":{"@context":"https:\/\/schema.org","@graph":[{"@type":"WebPage","@id":"https:\/\/pistonaddict.com\/hu\/cookie-kezeles\/","url":"https:\/\/pistonaddict.com\/hu\/cookie-kezeles\/","name":"Gestion des cookies - Piston Addict","isPartOf":{"@id":"https:\/\/pistonaddict.com\/hu\/#website"},"datePublished":"2022-04-29T09:19:25+00:00","dateModified":"2022-10-28T08:21:18+00:00","breadcrumb":{"@id":"https:\/\/pistonaddict.com\/hu\/cookie-kezeles\/#breadcrumb"},"inLanguage":"hu","potentialAction":[{"@type":"ReadAction","target":["https:\/\/pistonaddict.com\/hu\/cookie-kezeles\/"]}]},{"@type":"BreadcrumbList","@id":"https:\/\/pistonaddict.com\/hu\/cookie-kezeles\/#breadcrumb","itemListElement":[{"@type":"ListItem","position":1,"name":"Kezd\u0151lap","item":"https:\/\/pistonaddict.com\/hu\/honlap\/"},{"@type":"ListItem","position":2,"name":"Gestion des cookies"}]},{"@type":"WebSite","@id":"https:\/\/pistonaddict.com\/hu\/#website","url":"https:\/\/pistonaddict.com\/hu\/","name":"Piston Addict","description":"Only interesting vehicles","publisher":{"@id":"https:\/\/pistonaddict.com\/hu\/#organization"},"potentialAction":[{"@type":"SearchAction","target":{"@type":"EntryPoint","urlTemplate":"https:\/\/pistonaddict.com\/hu\/?s={search_term_string}"},"query-input":"required name=search_term_string"}],"inLanguage":"hu"},{"@type":"Organization","@id":"https:\/\/pistonaddict.com\/hu\/#organization","name":"Piston Addict","url":"https:\/\/pistonaddict.com\/hu\/","logo":{"@type":"ImageObject","inLanguage":"hu","@id":"https:\/\/pistonaddict.com\/hu\/#\/schema\/logo\/image\/","url":"https:\/\/pistonaddict.com\/wp-content\/uploads\/2022\/07\/logo-6.png","contentUrl":"https:\/\/pistonaddict.com\/wp-content\/uploads\/2022\/07\/logo-6.png","width":970,"height":200,"caption":"Piston Addict"},"image":{"@id":"https:\/\/pistonaddict.com\/hu\/#\/schema\/logo\/image\/"}}]}},"_links":{"self":[{"href":"https:\/\/pistonaddict.com\/hu\/wp-json\/wp\/v2\/pages\/2975"}],"collection":[{"href":"https:\/\/pistonaddict.com\/hu\/wp-json\/wp\/v2\/pages"}],"about":[{"href":"https:\/\/pistonaddict.com\/hu\/wp-json\/wp\/v2\/types\/page"}],"author":[{"embeddable":true,"href":"https:\/\/pistonaddict.com\/hu\/wp-json\/wp\/v2\/users\/1"}],"replies":[{"embeddable":true,"href":"https:\/\/pistonaddict.com\/hu\/wp-json\/wp\/v2\/comments?post=2975"}],"version-history":[{"count":5,"href":"https:\/\/pistonaddict.com\/hu\/wp-json\/wp\/v2\/pages\/2975\/revisions"}],"predecessor-version":[{"id":15989,"href":"https:\/\/pistonaddict.com\/hu\/wp-json\/wp\/v2\/pages\/2975\/revisions\/15989"}],"wp:attachment":[{"href":"https:\/\/pistonaddict.com\/hu\/wp-json\/wp\/v2\/media?parent=2975"}],"curies":[{"name":"wp","href":"https:\/\/api.w.org\/{rel}","templated":true}]}}