{"id":2909,"date":"2022-04-29T11:18:49","date_gmt":"2022-04-29T09:18:49","guid":{"rendered":"https:\/\/pistonaddict.com\/elkuldes\/"},"modified":"2022-05-04T18:00:05","modified_gmt":"2022-05-04T16:00:05","slug":"elkuldes","status":"publish","type":"page","link":"https:\/\/pistonaddict.com\/hu\/elkuldes\/","title":{"rendered":"Elk\u00fcld\u00e9s"},"content":{"rendered":"\t\t<div data-elementor-type=\"wp-page\" data-elementor-id=\"2909\" class=\"elementor elementor-2909 elementor-333\">\n\t\t\t\t\t\t<section class=\"elementor-section elementor-top-section elementor-element elementor-element-eb8a04d elementor-section-boxed elementor-section-height-default elementor-section-height-default\" data-id=\"eb8a04d\" data-element_type=\"section\">\n\t\t\t\t\t\t<div class=\"elementor-container elementor-column-gap-default\">\n\t\t\t\t\t<div class=\"elementor-column elementor-col-100 elementor-top-column elementor-element elementor-element-43edc4e\" data-id=\"43edc4e\" data-element_type=\"column\">\n\t\t\t<div class=\"elementor-widget-wrap elementor-element-populated\">\n\t\t\t\t\t\t<div class=\"elementor-element elementor-element-d78828a elementor-widget elementor-widget-text-editor\" data-id=\"d78828a\" data-element_type=\"widget\" data-widget_type=\"text-editor.default\">\n\t\t\t\t<div class=\"elementor-widget-container\">\n\t\t\t<style>\/*! elementor - v3.21.0 - 18-04-2024 *\/\n.elementor-widget-text-editor.elementor-drop-cap-view-stacked .elementor-drop-cap{background-color:#69727d;color:#fff}.elementor-widget-text-editor.elementor-drop-cap-view-framed .elementor-drop-cap{color:#69727d;border:3px solid;background-color:transparent}.elementor-widget-text-editor:not(.elementor-drop-cap-view-default) .elementor-drop-cap{margin-top:8px}.elementor-widget-text-editor:not(.elementor-drop-cap-view-default) .elementor-drop-cap-letter{width:1em;height:1em}.elementor-widget-text-editor .elementor-drop-cap{float:left;text-align:center;line-height:1;font-size:50px}.elementor-widget-text-editor .elementor-drop-cap-letter{display:inline-block}<\/style>\t\t\t\t\n          <h1>\n            <strong>A J\u00c1RM\u0170 SZ\u00c1LL\u00cdT\u00c1SA<\/strong>\n          <\/h1>\n          <h2>\n            <strong>HOGYAN SZ\u00c1LL\u00cdTSA EL A J\u00c1RM\u0170T?<\/strong>\n          <\/h2>\n          <p>Sz\u00e1mos megold\u00e1s \u00e1ll rendelkez\u00e9s\u00e9re, ha el szeretn\u00e9 sz\u00e1ll\u00edtani j\u00e1rm\u0171v\u00e9t.<\/p>\n          <p>Megteheti \u00f6n\u00e1ll\u00f3an, vagy ig\u00e9nybe vehet professzion\u00e1lis sz\u00e1ll\u00edt\u00e1si szolg\u00e1ltat\u00e1sokat, p\u00e9ld\u00e1ul vontat\u00e1st, sz\u00e1ll\u00edt\u00e1st, plat\u00f3s vagy teheraut\u00f3 sz\u00e1ll\u00edt\u00e1st vagy v\u00e9g\u00fcl tengeri sz\u00e1ll\u00edt\u00e1st.<\/p>\n          <h3>\n            <strong>1- J\u00e1rm\u0171vontat\u00e1s<\/strong>\n          <\/h3>\n          <p>Ez a fajta sz\u00e1ll\u00edt\u00e1s alkalmas kis t\u00e1vols\u00e1gokra, kis sebess\u00e9gre. A j\u00e1rm\u0171 vontat\u00e1s\u00e1hoz a k\u00f6vetkez\u0151kre lesz sz\u00fcks\u00e9ge:<\/p>\n          <ul>\n            <li>Haszn\u00e1ljon j\u00f3v\u00e1hagyott felh\u00faz\u00f3rudat a maxim\u00e1lis biztons\u00e1g \u00e9rdek\u00e9ben;<\/li>\n            <li>a vontatott j\u00e1rm\u0171ben vezet\u0151 k\u00eds\u00e9ret\u00e9ben kell lenni;<\/li>\n            <li>Vezessen legfeljebb 50 km\/h-val, \u00e9s csak a m\u00e1sodlagos tengelyeket haszn\u00e1lja;<\/li>\n            <li>Biztos\u00edtson a vontatott j\u00e1rm\u0171n\u00e9l nehezebb vontat\u00f3j\u00e1rm\u0171vet;<\/li>\n            <li>Haszn\u00e1lja a figyelmeztet\u00e9seket, legyen \u00f3vatos \u00e9s alkalmazzon rugalmas vezet\u00e9si st\u00edlust.<\/li>\n          <\/ul>\n          <h2> <\/h2>\n          <h3>\n            <strong>2- Sz\u00e1ll\u00edtson j\u00e1rm\u0171vet egy emelv\u00e9nyen<\/strong>\n          <\/h3>\n          <p>Ez az opci\u00f3 alkalmas arra, hogy j\u00e1rm\u0171v\u00e9t teljes biztons\u00e1gban, nagy t\u00e1vols\u00e1gokra sz\u00e1ll\u00edtsa. D\u00f6nthet \u00fagy, hogy j\u00e1rm\u0171v\u00e9t plat\u00f3s teheraut\u00f3n sz\u00e1ll\u00edtja, lehet\u0151leg letakarva, hogy meg\u00f3vja a karossz\u00e9ri\u00e1t a sz\u00e1ll\u00edt\u00e1s sor\u00e1n.<\/p>\n          <h3>\n            <strong>3- J\u00e1rm\u0171sz\u00e1ll\u00edt\u00e1s teheraut\u00f3val<\/strong>\n          <\/h3>\n          <p>Ez ugyanaz az elv, mint a plat\u00f3s teheraut\u00f3val t\u00f6rt\u00e9n\u0151 sz\u00e1ll\u00edt\u00e1s, de ebben az esetben j\u00e1rm\u0171v\u00e9t a teheraut\u00f3 p\u00f3tkocsij\u00e1ban sz\u00e1ll\u00edtj\u00e1k. Ez az alternat\u00edva akkor is lehets\u00e9ges, ha csak egy j\u00e1rm\u0171vet sz\u00e1ll\u00edt. Ez a lehet\u0151s\u00e9g gazdas\u00e1gos; a piac legjobb szerepl\u0151i egy-k\u00e9t h\u00e9t \u00e1tfut\u00e1si id\u0151t k\u00edn\u00e1lnak a megrendel\u00e9s \u00e1tv\u00e9tel\u00e9t\u0151l a kisz\u00e1ll\u00edt\u00e1sig.<\/p>\n          <h3>\n            <strong>4- J\u00e1rm\u0171sz\u00e1ll\u00edt\u00e1s<\/strong>\n          <\/h3>\n          <p>A sz\u00e1ll\u00edt\u00e1shoz a j\u00e1rm\u0171nek mozgathat\u00f3nak, j\u00f3l m\u0171k\u00f6d\u0151nek \u00e9s j\u00f3l karbantartottnak kell lennie. Egy sz\u00e1ll\u00edt\u00f3szalag van hozz\u00e1rendelve az \u00d6n ig\u00e9nyeihez, \u00e9s vezeti a j\u00e1rm\u0171vet az indul\u00e1st\u00f3l a c\u00e9lig.<\/p>\n          <p>Ez egy gyors alternat\u00edva an\u00e9lk\u00fcl, hogy k\u00fcl\u00f6nb\u00f6z\u0151 be- \u00e9s kirakod\u00f3platformokon kell kereszt\u00fclmennie, de dr\u00e1g\u00e1bb.<\/p>\n          <h3>\n            <strong>5- Tengeri sz\u00e1ll\u00edt\u00e1s<\/strong>\n          <\/h3>\n          <p>Az aut\u00f3k ro-ro haj\u00f3val (vagy RO-RO-val) t\u00f6rt\u00e9n\u0151 sz\u00e1ll\u00edt\u00e1sa a j\u00e1rm\u0171vek tengeri fuvaroz\u00e1s\u00e1nak nagy t\u00f6bbs\u00e9g\u00e9t teszi ki. A j\u00e1rm\u0171vek a sz\u00e1ll\u00edt\u00e1s idej\u00e9re ott parkolnak. Ez a leggazdas\u00e1gosabb \u00e9s n\u00e9ha a leggyorsabb aut\u00f3sz\u00e1ll\u00edt\u00e1si m\u00f3d.<\/p>\n          <p>Sz\u00e1ll\u00edt\u00e1si \u00fcgyn\u00f6k haszn\u00e1lata gyakran k\u00f6telez\u0151 ahhoz, hogy j\u00e1rm\u0171vet k\u00fclf\u00f6ldre k\u00fcldhessen. Ez gondoskodik az adminisztrat\u00edv elj\u00e1r\u00e1sokr\u00f3l az indul\u00e1si kik\u00f6t\u0151ben, de az \u00e9rkez\u00e9si kik\u00f6t\u0151ben is.<\/p>\n          <h2>\n            <strong>MILYEN DOKUMENTUMOKAT KELL BENY\u00daJTANI A J\u00c1RM\u0170 NEMZETK\u00d6ZI K\u00dcLD\u00c9S\u00c9HEZ?<\/strong>\n          <\/h2>\n          <ul>\n            <li>A j\u00e1rm\u0171 v\u00e1s\u00e1rl\u00e1si sz\u00e1ml\u00e1ja;<\/li>\n            <li>Szem\u00e9lyazonos\u00edt\u00f3 okm\u00e1ny\u00e1nak m\u00e1solata;<\/li>\n            <li>A j\u00e1rm\u0171 regisztr\u00e1ci\u00f3s okm\u00e1nya;<\/li>\n            <li>Az \u00e1tigazol\u00e1si igazol\u00e1s;<\/li>\n            <li>A z\u00e1logjoggal nem rendelkez\u0151 tan\u00fas\u00edtv\u00e1ny;<\/li>\n            <li>A kit\u00f6lt\u00f6tt \u00e9s al\u00e1\u00edrt \u00e9rt\u00e9kbizony\u00edtv\u00e1ny ( <strong><a href=\"https:\/\/pistonaddict.com\/wp-content\/uploads\/2022\/05\/Attestation-de-valeur-vehicule.pdf\" target=\"_blank\" rel=\"noopener\"><u>t\u00f6ltse le<\/u><\/a><\/strong> ).<\/li>\n          <\/ul>\n          <p>A rendeltet\u00e9si orsz\u00e1gt\u00f3l f\u00fcgg\u0151en m\u00e1s dokumentumokra is sz\u00fcks\u00e9g lehet. Ne felejtse el megk\u00e9rdezni fuvaroz\u00f3j\u00e1t, hogy a bemutatott \u00e1raj\u00e1nlat tartalmaz-e ad\u00f3kat, illet\u00e9keket \u00e9s v\u00e1mkezel\u00e9si d\u00edjakat.<\/p>\n          <h2>\n            <strong>MENNYIBE KER\u00dcL EGY J\u00c1RM\u0170 NEMZETK\u00d6ZI K\u00dcLD\u00c9SE?<\/strong>\n          <\/h2>\n          <p>Az \u00e1rak term\u00e9szetesen fuvaroz\u00f3nk\u00e9nt v\u00e1ltoznak: a j\u00e1rm\u0171sz\u00e1ll\u00edt\u00f3 c\u00e9g t\u00f6bb t\u00e9nyez\u0151t is figyelembe vesz a sz\u00e1ll\u00edt\u00e1si k\u00f6lts\u00e9gek kisz\u00e1m\u00edt\u00e1sakor:<\/p>\n          <ul>\n            <li>A j\u00e1rm\u0171 t\u00edpusa;<\/li>\n            <li>A sz\u00e1ll\u00edt\u00e1s m\u00f3dja ;<\/li>\n            <li>A k\u00e9t orsz\u00e1g k\u00f6z\u00f6tti t\u00e1vols\u00e1g;<\/li>\n            <li>A bek\u00fcld\u00e9si hat\u00e1rid\u0151 \u00e9s az \u00e9vszak.<\/li>\n          <\/ul>\n          <p>\u00d6n tov\u00e1bbra is felel\u0151s a sz\u00e1ll\u00edt\u00e1si biztos\u00edt\u00e1s\u00e9rt, amelyet a fuvaroz\u00f3 c\u00e9g aj\u00e1nl fel \u00d6nnek, valamint a fizetend\u0151 v\u00e1mok \u00e9s ad\u00f3k tekintet\u00e9ben.<\/p>\n          <p>A sz\u00e1razf\u00f6ldi sz\u00e1ll\u00edt\u00e1s a legpraktikusabb m\u00f3dja a j\u00e1rm\u0171 k\u00fcld\u00e9s\u00e9nek, k\u00fcl\u00f6n\u00f6sen a hat\u00e1ros orsz\u00e1gok k\u00f6z\u00f6tt. A tengeri sz\u00e1ll\u00edt\u00e1s el\u0151nye, hogy gazdas\u00e1gos, de lassabb.<\/p>\n          <h2>\n            <strong>DUGATTY\u00daF\u00dcGG\u0150 TAN\u00c1CSOK<\/strong>\n          <\/h2>\n          <p>Most, hogy mindent tud, amit a j\u00e1rm\u0171vek sz\u00e1ll\u00edt\u00e1s\u00e1r\u00f3l tudni \u00e9rdemes, \u00edme n\u00e9h\u00e1ny tipp, amelyeket mindig \u00e9rdemes betartani, miel\u0151tt a v\u00e1lasztott sz\u00e1ll\u00edt\u00f3 c\u00e9gre b\u00edzn\u00e1 j\u00e1rm\u0171v\u00e9t:<\/p>\n          <ul>\n            <li>Kapcsolja ki a riaszt\u00f3t, ha van, hogy megakad\u00e1lyozza, hogy sz\u00e1ll\u00edt\u00e1s k\u00f6zben megsz\u00f3laljon;<\/li>\n            <li>T\u00f6ltse fel az akkumul\u00e1tort maxim\u00e1lisan, hogy sz\u00e1ll\u00edt\u00e1s k\u00f6zben ne mer\u00fclj\u00f6n le teljesen;<\/li>\n            <li>Biztons\u00e1gi int\u00e9zked\u00e9sk\u00e9nt \u00fcr\u00edtse ki az \u00fczemanyagtart\u00e1lyt, amennyire csak lehets\u00e9ges;<\/li>\n            <li>\u00dcgyeljen arra, hogy ne hagyjon semmilyen t\u00e1rgyat a j\u00e1rm\u0171ben;<\/li>\n            <li>A fuvaroz\u00f3nak t\u00f6rt\u00e9n\u0151 \u00e1tad\u00e1s el\u0151tt \u0151rizze meg a j\u00e1rm\u0171 \u00e1llapot\u00e1r\u00f3l sz\u00f3l\u00f3 bizony\u00edt\u00e9kot;<\/li>\n            <li>K\u00f6ss\u00f6n biztos\u00edt\u00e1st, hogy p\u00e9nzvisszafizet\u00e9si garanci\u00e1t v\u00e1llaljon a sz\u00e1ll\u00edt\u00e1s k\u00f6zbeni probl\u00e9ma eset\u00e9n;<\/li>\n            <li>\u0150rizze meg a g\u00e9pj\u00e1rm\u0171 forgalmi enged\u00e9ly\u00e9nek, a tulajdonjogr\u00f3l sz\u00f3l\u00f3 igazol\u00e1snak \u00e9s a z\u00e1logjog hi\u00e1ny\u00e1r\u00f3l sz\u00f3l\u00f3 igazol\u00e1s eredeti p\u00e9ld\u00e1ny\u00e1t;<\/li>\n            <li>Tartson mag\u00e1n\u00e1l egy tartal\u00e9k j\u00e1rm\u0171kulcsot. \u00c9s mindenekel\u0151tt ne felejtse el elk\u00fcldeni a kulcsm\u00e1solatokat, miut\u00e1n a vev\u0151 megkapta a j\u00e1rm\u0171vet.<\/li>\n          <\/ul>\n          <p> <\/p>\n          <h2>\n            <strong>Javaslataink teheraut\u00f3val<\/strong>\n          <\/h2>\n          <ul>\n            <li><em><strong>N\u00e9metorsz\u00e1g \u2013 Ausztria \u2013 Belgium \u2013 Spanyolorsz\u00e1g \u2013 Franciaorsz\u00e1g \u2013 Olaszorsz\u00e1g \u2013 Hollandia \u2013 Portug\u00e1lia \u2013 Sv\u00e1jc \u2013 Egyes\u00fclt Kir\u00e1lys\u00e1g<\/strong> :<\/em> Nemzetk\u00f6zi: <a href=\"https:\/\/www.eurosender.com\/en\/vt\/vehicle-transport\/car\" target=\"_blank\" rel=\"noopener\">Eurosender<\/a> , <a href=\"https:\/\/www.shiply.com\/vehicle-delivery\/car-transport-to-europe.php\" target=\"_blank\" rel=\"noopener\">Shiply<\/a><\/li>\n            <li><strong><em>Franciaorsz\u00e1g:<\/em><\/strong> Nemzeti: <a href=\"https:\/\/disposeo.com\/\" target=\"_blank\" rel=\"noopener\">Disposeo<\/a> , <a href=\"https:\/\/www.hiflow.com\/particulier\" target=\"_blank\" rel=\"noopener\">Hiflow<\/a><\/li>\n          <\/ul>\n          <h2>\n            <strong>Aj\u00e1nl\u00e1saink tengeren<\/strong>\n          <\/h2>\n          <ul>\n            <li><a href=\"https:\/\/cfrrinkens.com\/rate-request\/\" target=\"_blank\" rel=\"noopener\">CFR Rinkens<\/a> , <a href=\"https:\/\/www.carseurope.net\/international-car-transportation-quote\/\" target=\"_blank\" rel=\"noopener\">CARS<\/a><\/li>\n          <\/ul>\n        \t\t\t\t\t\t<\/div>\n\t\t\t\t<\/div>\n\t\t\t\t\t<\/div>\n\t\t<\/div>\n\t\t\t\t\t<\/div>\n\t\t<\/section>\n\t\t\t\t<\/div>\n\t\t","protected":false},"excerpt":{"rendered":"<p>A J\u00c1RM\u0170 SZ\u00c1LL\u00cdT\u00c1SA HOGYAN SZ\u00c1LL\u00cdTSA EL A J\u00c1RM\u0170T? Sz\u00e1mos megold\u00e1s \u00e1ll rendelkez\u00e9s\u00e9re, ha el szeretn\u00e9 sz\u00e1ll\u00edtani j\u00e1rm\u0171v\u00e9t. Megteheti \u00f6n\u00e1ll\u00f3an, vagy ig\u00e9nybe vehet professzion\u00e1lis sz\u00e1ll\u00edt\u00e1si szolg\u00e1ltat\u00e1sokat, p\u00e9ld\u00e1ul vontat\u00e1st, sz\u00e1ll\u00edt\u00e1st, plat\u00f3s vagy teheraut\u00f3 sz\u00e1ll\u00edt\u00e1st vagy v\u00e9g\u00fcl tengeri sz\u00e1ll\u00edt\u00e1st. 1- J\u00e1rm\u0171vontat\u00e1s Ez a fajta sz\u00e1ll\u00edt\u00e1s alkalmas kis t\u00e1vols\u00e1gokra, kis sebess\u00e9gre. A j\u00e1rm\u0171 vontat\u00e1s\u00e1hoz a k\u00f6vetkez\u0151kre lesz sz\u00fcks\u00e9ge: Haszn\u00e1ljon &#8230; <a title=\"Elk\u00fcld\u00e9s\" class=\"read-more\" href=\"https:\/\/pistonaddict.com\/hu\/elkuldes\/\">B\u0151vebben<span class=\"screen-reader-text\">Elk\u00fcld\u00e9s<\/span><\/a><\/p>\n","protected":false},"author":1,"featured_media":0,"parent":0,"menu_order":0,"comment_status":"closed","ping_status":"closed","template":"","meta":{"inline_featured_image":false,"footnotes":""},"acf":[],"yoast_head":"<!-- This site is optimized with the Yoast SEO plugin v22.5 - https:\/\/yoast.com\/wordpress\/plugins\/seo\/ -->\n<title>Elk\u00fcld\u00e9s - Piston Addict<\/title>\n<meta name=\"robots\" content=\"index, follow, max-snippet:-1, max-image-preview:large, max-video-preview:-1\" \/>\n<link rel=\"canonical\" href=\"https:\/\/pistonaddict.com\/hu\/elkuldes\/\" \/>\n<meta property=\"og:locale\" content=\"hu_HU\" \/>\n<meta property=\"og:type\" content=\"article\" \/>\n<meta property=\"og:title\" content=\"Elk\u00fcld\u00e9s - Piston Addict\" \/>\n<meta property=\"og:description\" content=\"A J\u00c1RM\u0170 SZ\u00c1LL\u00cdT\u00c1SA HOGYAN SZ\u00c1LL\u00cdTSA EL A J\u00c1RM\u0170T? Sz\u00e1mos megold\u00e1s \u00e1ll rendelkez\u00e9s\u00e9re, ha el szeretn\u00e9 sz\u00e1ll\u00edtani j\u00e1rm\u0171v\u00e9t. Megteheti \u00f6n\u00e1ll\u00f3an, vagy ig\u00e9nybe vehet professzion\u00e1lis sz\u00e1ll\u00edt\u00e1si szolg\u00e1ltat\u00e1sokat, p\u00e9ld\u00e1ul vontat\u00e1st, sz\u00e1ll\u00edt\u00e1st, plat\u00f3s vagy teheraut\u00f3 sz\u00e1ll\u00edt\u00e1st vagy v\u00e9g\u00fcl tengeri sz\u00e1ll\u00edt\u00e1st. 1- J\u00e1rm\u0171vontat\u00e1s Ez a fajta sz\u00e1ll\u00edt\u00e1s alkalmas kis t\u00e1vols\u00e1gokra, kis sebess\u00e9gre. A j\u00e1rm\u0171 vontat\u00e1s\u00e1hoz a k\u00f6vetkez\u0151kre lesz sz\u00fcks\u00e9ge: Haszn\u00e1ljon ... B\u0151vebbenElk\u00fcld\u00e9s\" \/>\n<meta property=\"og:url\" content=\"https:\/\/pistonaddict.com\/hu\/elkuldes\/\" \/>\n<meta property=\"og:site_name\" content=\"Piston Addict\" \/>\n<meta property=\"article:modified_time\" content=\"2022-05-04T16:00:05+00:00\" \/>\n<meta name=\"twitter:card\" content=\"summary_large_image\" \/>\n<meta name=\"twitter:label1\" content=\"Becs\u00fclt olvas\u00e1si id\u0151\" \/>\n\t<meta name=\"twitter:data1\" content=\"5 perc\" \/>\n<script type=\"application\/ld+json\" class=\"yoast-schema-graph\">{\"@context\":\"https:\/\/schema.org\",\"@graph\":[{\"@type\":\"WebPage\",\"@id\":\"https:\/\/pistonaddict.com\/hu\/elkuldes\/\",\"url\":\"https:\/\/pistonaddict.com\/hu\/elkuldes\/\",\"name\":\"Elk\u00fcld\u00e9s - Piston Addict\",\"isPartOf\":{\"@id\":\"https:\/\/pistonaddict.com\/hu\/#website\"},\"datePublished\":\"2022-04-29T09:18:49+00:00\",\"dateModified\":\"2022-05-04T16:00:05+00:00\",\"breadcrumb\":{\"@id\":\"https:\/\/pistonaddict.com\/hu\/elkuldes\/#breadcrumb\"},\"inLanguage\":\"hu\",\"potentialAction\":[{\"@type\":\"ReadAction\",\"target\":[\"https:\/\/pistonaddict.com\/hu\/elkuldes\/\"]}]},{\"@type\":\"BreadcrumbList\",\"@id\":\"https:\/\/pistonaddict.com\/hu\/elkuldes\/#breadcrumb\",\"itemListElement\":[{\"@type\":\"ListItem\",\"position\":1,\"name\":\"Kezd\u0151lap\",\"item\":\"https:\/\/pistonaddict.com\/hu\/honlap\/\"},{\"@type\":\"ListItem\",\"position\":2,\"name\":\"Elk\u00fcld\u00e9s\"}]},{\"@type\":\"WebSite\",\"@id\":\"https:\/\/pistonaddict.com\/hu\/#website\",\"url\":\"https:\/\/pistonaddict.com\/hu\/\",\"name\":\"Piston Addict\",\"description\":\"Only interesting vehicles\",\"publisher\":{\"@id\":\"https:\/\/pistonaddict.com\/hu\/#organization\"},\"potentialAction\":[{\"@type\":\"SearchAction\",\"target\":{\"@type\":\"EntryPoint\",\"urlTemplate\":\"https:\/\/pistonaddict.com\/hu\/?s={search_term_string}\"},\"query-input\":\"required name=search_term_string\"}],\"inLanguage\":\"hu\"},{\"@type\":\"Organization\",\"@id\":\"https:\/\/pistonaddict.com\/hu\/#organization\",\"name\":\"Piston Addict\",\"url\":\"https:\/\/pistonaddict.com\/hu\/\",\"logo\":{\"@type\":\"ImageObject\",\"inLanguage\":\"hu\",\"@id\":\"https:\/\/pistonaddict.com\/hu\/#\/schema\/logo\/image\/\",\"url\":\"https:\/\/pistonaddict.com\/wp-content\/uploads\/2022\/07\/logo-6.png\",\"contentUrl\":\"https:\/\/pistonaddict.com\/wp-content\/uploads\/2022\/07\/logo-6.png\",\"width\":970,\"height\":200,\"caption\":\"Piston Addict\"},\"image\":{\"@id\":\"https:\/\/pistonaddict.com\/hu\/#\/schema\/logo\/image\/\"}}]}<\/script>\n<!-- \/ Yoast SEO plugin. -->","yoast_head_json":{"title":"Elk\u00fcld\u00e9s - Piston Addict","robots":{"index":"index","follow":"follow","max-snippet":"max-snippet:-1","max-image-preview":"max-image-preview:large","max-video-preview":"max-video-preview:-1"},"canonical":"https:\/\/pistonaddict.com\/hu\/elkuldes\/","og_locale":"hu_HU","og_type":"article","og_title":"Elk\u00fcld\u00e9s - Piston Addict","og_description":"A J\u00c1RM\u0170 SZ\u00c1LL\u00cdT\u00c1SA HOGYAN SZ\u00c1LL\u00cdTSA EL A J\u00c1RM\u0170T? Sz\u00e1mos megold\u00e1s \u00e1ll rendelkez\u00e9s\u00e9re, ha el szeretn\u00e9 sz\u00e1ll\u00edtani j\u00e1rm\u0171v\u00e9t. Megteheti \u00f6n\u00e1ll\u00f3an, vagy ig\u00e9nybe vehet professzion\u00e1lis sz\u00e1ll\u00edt\u00e1si szolg\u00e1ltat\u00e1sokat, p\u00e9ld\u00e1ul vontat\u00e1st, sz\u00e1ll\u00edt\u00e1st, plat\u00f3s vagy teheraut\u00f3 sz\u00e1ll\u00edt\u00e1st vagy v\u00e9g\u00fcl tengeri sz\u00e1ll\u00edt\u00e1st. 1- J\u00e1rm\u0171vontat\u00e1s Ez a fajta sz\u00e1ll\u00edt\u00e1s alkalmas kis t\u00e1vols\u00e1gokra, kis sebess\u00e9gre. A j\u00e1rm\u0171 vontat\u00e1s\u00e1hoz a k\u00f6vetkez\u0151kre lesz sz\u00fcks\u00e9ge: Haszn\u00e1ljon ... B\u0151vebbenElk\u00fcld\u00e9s","og_url":"https:\/\/pistonaddict.com\/hu\/elkuldes\/","og_site_name":"Piston Addict","article_modified_time":"2022-05-04T16:00:05+00:00","twitter_card":"summary_large_image","twitter_misc":{"Becs\u00fclt olvas\u00e1si id\u0151":"5 perc"},"schema":{"@context":"https:\/\/schema.org","@graph":[{"@type":"WebPage","@id":"https:\/\/pistonaddict.com\/hu\/elkuldes\/","url":"https:\/\/pistonaddict.com\/hu\/elkuldes\/","name":"Elk\u00fcld\u00e9s - Piston Addict","isPartOf":{"@id":"https:\/\/pistonaddict.com\/hu\/#website"},"datePublished":"2022-04-29T09:18:49+00:00","dateModified":"2022-05-04T16:00:05+00:00","breadcrumb":{"@id":"https:\/\/pistonaddict.com\/hu\/elkuldes\/#breadcrumb"},"inLanguage":"hu","potentialAction":[{"@type":"ReadAction","target":["https:\/\/pistonaddict.com\/hu\/elkuldes\/"]}]},{"@type":"BreadcrumbList","@id":"https:\/\/pistonaddict.com\/hu\/elkuldes\/#breadcrumb","itemListElement":[{"@type":"ListItem","position":1,"name":"Kezd\u0151lap","item":"https:\/\/pistonaddict.com\/hu\/honlap\/"},{"@type":"ListItem","position":2,"name":"Elk\u00fcld\u00e9s"}]},{"@type":"WebSite","@id":"https:\/\/pistonaddict.com\/hu\/#website","url":"https:\/\/pistonaddict.com\/hu\/","name":"Piston Addict","description":"Only interesting vehicles","publisher":{"@id":"https:\/\/pistonaddict.com\/hu\/#organization"},"potentialAction":[{"@type":"SearchAction","target":{"@type":"EntryPoint","urlTemplate":"https:\/\/pistonaddict.com\/hu\/?s={search_term_string}"},"query-input":"required name=search_term_string"}],"inLanguage":"hu"},{"@type":"Organization","@id":"https:\/\/pistonaddict.com\/hu\/#organization","name":"Piston Addict","url":"https:\/\/pistonaddict.com\/hu\/","logo":{"@type":"ImageObject","inLanguage":"hu","@id":"https:\/\/pistonaddict.com\/hu\/#\/schema\/logo\/image\/","url":"https:\/\/pistonaddict.com\/wp-content\/uploads\/2022\/07\/logo-6.png","contentUrl":"https:\/\/pistonaddict.com\/wp-content\/uploads\/2022\/07\/logo-6.png","width":970,"height":200,"caption":"Piston Addict"},"image":{"@id":"https:\/\/pistonaddict.com\/hu\/#\/schema\/logo\/image\/"}}]}},"_links":{"self":[{"href":"https:\/\/pistonaddict.com\/hu\/wp-json\/wp\/v2\/pages\/2909"}],"collection":[{"href":"https:\/\/pistonaddict.com\/hu\/wp-json\/wp\/v2\/pages"}],"about":[{"href":"https:\/\/pistonaddict.com\/hu\/wp-json\/wp\/v2\/types\/page"}],"author":[{"embeddable":true,"href":"https:\/\/pistonaddict.com\/hu\/wp-json\/wp\/v2\/users\/1"}],"replies":[{"embeddable":true,"href":"https:\/\/pistonaddict.com\/hu\/wp-json\/wp\/v2\/comments?post=2909"}],"version-history":[{"count":2,"href":"https:\/\/pistonaddict.com\/hu\/wp-json\/wp\/v2\/pages\/2909\/revisions"}],"predecessor-version":[{"id":4204,"href":"https:\/\/pistonaddict.com\/hu\/wp-json\/wp\/v2\/pages\/2909\/revisions\/4204"}],"wp:attachment":[{"href":"https:\/\/pistonaddict.com\/hu\/wp-json\/wp\/v2\/media?parent=2909"}],"curies":[{"name":"wp","href":"https:\/\/api.w.org\/{rel}","templated":true}]}}