{"id":26241,"date":"2022-04-29T11:20:06","date_gmt":"2022-04-29T09:20:06","guid":{"rendered":"https:\/\/pistonaddict.com\/megjegyzes-szabalyai\/"},"modified":"2023-02-05T11:11:46","modified_gmt":"2023-02-05T10:11:46","slug":"megjegyzes-szabalyai","status":"publish","type":"page","link":"https:\/\/pistonaddict.com\/hu\/megjegyzes-szabalyai\/","title":{"rendered":"Megjegyz\u00e9s szab\u00e1lyai"},"content":{"rendered":"\t\t<div data-elementor-type=\"wp-page\" data-elementor-id=\"26241\" class=\"elementor elementor-26241 elementor-3043\">\n\t\t\t\t\t\t<section class=\"elementor-section elementor-top-section elementor-element elementor-element-01b8fa5 elementor-section-boxed elementor-section-height-default elementor-section-height-default\" data-id=\"01b8fa5\" data-element_type=\"section\">\n\t\t\t\t\t\t<div class=\"elementor-container elementor-column-gap-default\">\n\t\t\t\t\t<div class=\"elementor-column elementor-col-100 elementor-top-column elementor-element elementor-element-19e2c1c\" data-id=\"19e2c1c\" data-element_type=\"column\">\n\t\t\t<div class=\"elementor-widget-wrap elementor-element-populated\">\n\t\t\t\t\t\t<div class=\"elementor-element elementor-element-9413b6d elementor-widget elementor-widget-text-editor\" data-id=\"9413b6d\" data-element_type=\"widget\" data-widget_type=\"text-editor.default\">\n\t\t\t\t<div class=\"elementor-widget-container\">\n\t\t\t<style>\/*! elementor - v3.21.0 - 18-04-2024 *\/\n.elementor-widget-text-editor.elementor-drop-cap-view-stacked .elementor-drop-cap{background-color:#69727d;color:#fff}.elementor-widget-text-editor.elementor-drop-cap-view-framed .elementor-drop-cap{color:#69727d;border:3px solid;background-color:transparent}.elementor-widget-text-editor:not(.elementor-drop-cap-view-default) .elementor-drop-cap{margin-top:8px}.elementor-widget-text-editor:not(.elementor-drop-cap-view-default) .elementor-drop-cap-letter{width:1em;height:1em}.elementor-widget-text-editor .elementor-drop-cap{float:left;text-align:center;line-height:1;font-size:50px}.elementor-widget-text-editor .elementor-drop-cap-letter{display:inline-block}<\/style>\t\t\t\t<\/p>\n<h2> <\/h2>\n<h2>1. szab\u00e1ly. Legyen konstrukt\u00edv \u00e9s ne negat\u00edv<\/h2>\n<p>K\u00f6nnyebb azt mondani, hogy nem tetszik valami, \u00e9s n\u00e9ha ez indokolt is lehet. M\u00e1sr\u00e9szt sokkal \u00e9rt\u00e9kesebb, ha elmondja, hogyan tudna jav\u00edtani rajta, az igazi \u00e9rt\u00e9ket az adja hozz\u00e1, ha meg tudja hat\u00e1rozni, mi a hiba, \u00e9s hogyan lehetne sz\u00e9p\u00edteni rajta.<\/p>\n<h2> <\/h2>\n<h2>2. szab\u00e1ly. A tapasztalat nyer<\/h2>\n<p>A t\u00f6bbi olvas\u00f3t sokkal jobban \u00e9rdekli az \u00d6n v\u00e9lem\u00e9nye, ha az relev\u00e1ns tapasztalatb\u00f3l sz\u00e1rmazik. Ha ismered egy adott j\u00e1rm\u0171 t\u00f6rt\u00e9net\u00e9t, vagy sokat tudsz az adott m\u00e1rk\u00e1r\u00f3l vagy modellr\u0151l, sokkal nagyobb val\u00f3sz\u00edn\u0171s\u00e9ggel leszel \u00e9rdekes.<\/p>\n<h2> <\/h2>\n<h2>3. szab\u00e1ly. Besz\u00e9lj az aut\u00f3kr\u00f3l, ne m\u00e1sokr\u00f3l<\/h2>\n<p>Mindenkinek joga van v\u00e9lem\u00e9nyt nyilv\u00e1n\u00edtani, m\u00e9g akkor is, ha nem \u00e9rt\u00fcnk vele egyet. M\u00e1s tagok jellem\u00e9nek, \u00edzl\u00e9s\u00e9nek vagy \u00e1ltal\u00e1nos term\u00e9szet\u00e9nek kritik\u00e1j\u00e1nak nincs helye.<\/p>\n<h2> <\/h2>\n<h2>4. szab\u00e1ly. A piac hat\u00e1rozza meg az \u00e1rat<\/h2>\n<p>A Piston Addict egy szabad piac, ahol az elad\u00f3 \u00e9s a vev\u0151 hat\u00e1rozza meg az \u00e1rat, \u00edgy az, hogy valami t\u00fal dr\u00e1ga vagy t\u00fal olcs\u00f3, egy\u00e1ltal\u00e1n nem jelent semmit. Egy t\u00e1rgy annyit \u00e9r, amennyit valaki hajland\u00f3 fizetni \u00e9rte.<\/p>\n<h2> <\/h2>\n<h2>5. szab\u00e1ly. Ha nem olvastad el az \u00f6sszes t\u00f6bbi hozz\u00e1sz\u00f3l\u00e1st, akkor m\u00e9g nem \u00e1llsz k\u00e9szen arra, hogy a ti\u00e9det is elhagyd.<\/h2>\n<p>Ez a digit\u00e1lis megfelel\u0151je annak, hogy hallgass, miel\u0151tt besz\u00e9lsz.<\/p>\n<h2> <\/h2>\n<h2>6. szab\u00e1ly. A hozz\u00e1sz\u00f3l\u00e1sokban nem megengedett a v\u00e9teli, elad\u00e1si vagy el\u00e9rhet\u0151s\u00e9gi inform\u00e1ci\u00f3k megad\u00e1sa.<\/h2>\n<p>Ha van elad\u00f3 aut\u00f3ja, k\u00e9rj\u00fck, k\u00fcldje el nek\u00fcnk a bek\u00fcld\u00e9si \u0171rlapon kereszt\u00fcl. V\u00e1s\u00e1rl\u00e1si k\u00e9relmek, e-mail c\u00edmek \u00e9s telefonsz\u00e1mok a hozz\u00e1sz\u00f3l\u00e1sokban  <br \/>t\u00f6rl\u00e9sre ker\u00fcl.<\/p>\n<h2> <\/h2>\n<h2>7. szab\u00e1ly. Mindenkit szeretettel v\u00e1runk<\/h2>\n<p>K\u00f6z\u00f6ss\u00e9g\u00fcnk tagjai \u00e9ppoly soksz\u00edn\u0171ek, mint az \u00e1ltalunk felsorolt aut\u00f3k. Politikai, n\u0151gy\u0171l\u00f6l\u0151 vagy homof\u00f3b megjegyz\u00e9sek nem enged\u00e9lyezettek.<\/p>\n<h2> <\/h2>\n<h2>Megjegyz\u00e9s funkci\u00f3<\/h2>\n<p><strong>A megjegyz\u00e9sek m\u00f3dos\u00edt\u00e1sa:<\/strong> a megjegyz\u00e9sek szerz\u0151je a k\u00f6zz\u00e9t\u00e9tel\u00fck ut\u00e1n id\u0151korl\u00e1toz\u00e1s n\u00e9lk\u00fcl m\u00f3dos\u00edthatja a megjegyz\u00e9seket. Kattintson az erre a c\u00e9lra szolg\u00e1l\u00f3 piros &#8220;Szerkeszt\u00e9s&#8221; linkre.<\/p>\n<p><strong>Jel\u00f6lje meg nem konstrukt\u00edvnak:<\/strong> Ha egy hozz\u00e1sz\u00f3l\u00e1s s\u00e9rti a fenti szab\u00e1lyokat, k\u00e9rj\u00fck, kattintson a &#8220;Jelent\u00e9st&#8221; megjel\u00f6l\u0151 linkre, hogy azt fel\u00fclvizsg\u00e1lhass\u00e1k vagy elt\u00e1vol\u00edthass\u00e1k. Minden bejelentett megjegyz\u00e9st fel\u00fclvizsg\u00e1lunk, \u00e9s meghozzuk a v\u00e9gs\u0151 d\u00f6nt\u00e9st arr\u00f3l, hogy azokat visszahelyezz\u00fck vagy elt\u00e1vol\u00edtjuk.<br \/>Azt szeretn\u00e9nk, ha a besz\u00e9lget\u00e9s ezen az oldalon min\u0151s\u00e9gi lenne.<\/p>\n<p><strong>Els\u0151 kommentel\u0151k: A<\/strong> Piston Addict munkat\u00e1rsai nem teszik fel a kommenteket az oldalra, am\u00edg azokat \u00e1t nem tekintik. Az els\u0151 hozz\u00e1sz\u00f3l\u00e1s ut\u00e1n ezeket a hozz\u00e1sz\u00f3l\u00e1sokat m\u00e1r nem moder\u00e1ljuk.<\/p>\n\t\t\t\t\t\t<\/div>\n\t\t\t\t<\/div>\n\t\t\t\t\t<\/div>\n\t\t<\/div>\n\t\t\t\t\t<\/div>\n\t\t<\/section>\n\t\t\t\t<\/div>\n\t\t","protected":false},"excerpt":{"rendered":"<p>1. szab\u00e1ly. Legyen konstrukt\u00edv \u00e9s ne negat\u00edv K\u00f6nnyebb azt mondani, hogy nem tetszik valami, \u00e9s n\u00e9ha ez indokolt is lehet. M\u00e1sr\u00e9szt sokkal \u00e9rt\u00e9kesebb, ha elmondja, hogyan tudna jav\u00edtani rajta, az igazi \u00e9rt\u00e9ket az adja hozz\u00e1, ha meg tudja hat\u00e1rozni, mi a hiba, \u00e9s hogyan lehetne sz\u00e9p\u00edteni rajta. 2. szab\u00e1ly. A tapasztalat nyer A t\u00f6bbi olvas\u00f3t &#8230; <a title=\"Megjegyz\u00e9s szab\u00e1lyai\" class=\"read-more\" href=\"https:\/\/pistonaddict.com\/hu\/megjegyzes-szabalyai\/\">B\u0151vebben<span class=\"screen-reader-text\">Megjegyz\u00e9s szab\u00e1lyai<\/span><\/a><\/p>\n","protected":false},"author":1,"featured_media":0,"parent":0,"menu_order":0,"comment_status":"closed","ping_status":"closed","template":"","meta":{"inline_featured_image":false,"footnotes":""},"acf":[],"yoast_head":"<!-- This site is optimized with the Yoast SEO plugin v22.5 - https:\/\/yoast.com\/wordpress\/plugins\/seo\/ -->\n<title>Megjegyz\u00e9s szab\u00e1lyai - Piston Addict<\/title>\n<meta name=\"robots\" content=\"index, follow, max-snippet:-1, max-image-preview:large, max-video-preview:-1\" \/>\n<link rel=\"canonical\" href=\"https:\/\/pistonaddict.com\/hu\/megjegyzes-szabalyai\/\" \/>\n<meta property=\"og:locale\" content=\"hu_HU\" \/>\n<meta property=\"og:type\" content=\"article\" \/>\n<meta property=\"og:title\" content=\"Megjegyz\u00e9s szab\u00e1lyai - Piston Addict\" \/>\n<meta property=\"og:description\" content=\"1. szab\u00e1ly. Legyen konstrukt\u00edv \u00e9s ne negat\u00edv K\u00f6nnyebb azt mondani, hogy nem tetszik valami, \u00e9s n\u00e9ha ez indokolt is lehet. M\u00e1sr\u00e9szt sokkal \u00e9rt\u00e9kesebb, ha elmondja, hogyan tudna jav\u00edtani rajta, az igazi \u00e9rt\u00e9ket az adja hozz\u00e1, ha meg tudja hat\u00e1rozni, mi a hiba, \u00e9s hogyan lehetne sz\u00e9p\u00edteni rajta. 2. szab\u00e1ly. A tapasztalat nyer A t\u00f6bbi olvas\u00f3t ... B\u0151vebbenMegjegyz\u00e9s szab\u00e1lyai\" \/>\n<meta property=\"og:url\" content=\"https:\/\/pistonaddict.com\/hu\/megjegyzes-szabalyai\/\" \/>\n<meta property=\"og:site_name\" content=\"Piston Addict\" \/>\n<meta property=\"article:modified_time\" content=\"2023-02-05T10:11:46+00:00\" \/>\n<meta name=\"twitter:card\" content=\"summary_large_image\" \/>\n<meta name=\"twitter:label1\" content=\"Becs\u00fclt olvas\u00e1si id\u0151\" \/>\n\t<meta name=\"twitter:data1\" content=\"3 perc\" \/>\n<script type=\"application\/ld+json\" class=\"yoast-schema-graph\">{\"@context\":\"https:\/\/schema.org\",\"@graph\":[{\"@type\":\"WebPage\",\"@id\":\"https:\/\/pistonaddict.com\/hu\/megjegyzes-szabalyai\/\",\"url\":\"https:\/\/pistonaddict.com\/hu\/megjegyzes-szabalyai\/\",\"name\":\"Megjegyz\u00e9s szab\u00e1lyai - Piston Addict\",\"isPartOf\":{\"@id\":\"https:\/\/pistonaddict.com\/hu\/#website\"},\"datePublished\":\"2022-04-29T09:20:06+00:00\",\"dateModified\":\"2023-02-05T10:11:46+00:00\",\"breadcrumb\":{\"@id\":\"https:\/\/pistonaddict.com\/hu\/megjegyzes-szabalyai\/#breadcrumb\"},\"inLanguage\":\"hu\",\"potentialAction\":[{\"@type\":\"ReadAction\",\"target\":[\"https:\/\/pistonaddict.com\/hu\/megjegyzes-szabalyai\/\"]}]},{\"@type\":\"BreadcrumbList\",\"@id\":\"https:\/\/pistonaddict.com\/hu\/megjegyzes-szabalyai\/#breadcrumb\",\"itemListElement\":[{\"@type\":\"ListItem\",\"position\":1,\"name\":\"Kezd\u0151lap\",\"item\":\"https:\/\/pistonaddict.com\/hu\/honlap\/\"},{\"@type\":\"ListItem\",\"position\":2,\"name\":\"Megjegyz\u00e9s szab\u00e1lyai\"}]},{\"@type\":\"WebSite\",\"@id\":\"https:\/\/pistonaddict.com\/hu\/#website\",\"url\":\"https:\/\/pistonaddict.com\/hu\/\",\"name\":\"Piston Addict\",\"description\":\"Only interesting vehicles\",\"publisher\":{\"@id\":\"https:\/\/pistonaddict.com\/hu\/#organization\"},\"potentialAction\":[{\"@type\":\"SearchAction\",\"target\":{\"@type\":\"EntryPoint\",\"urlTemplate\":\"https:\/\/pistonaddict.com\/hu\/?s={search_term_string}\"},\"query-input\":\"required name=search_term_string\"}],\"inLanguage\":\"hu\"},{\"@type\":\"Organization\",\"@id\":\"https:\/\/pistonaddict.com\/hu\/#organization\",\"name\":\"Piston Addict\",\"url\":\"https:\/\/pistonaddict.com\/hu\/\",\"logo\":{\"@type\":\"ImageObject\",\"inLanguage\":\"hu\",\"@id\":\"https:\/\/pistonaddict.com\/hu\/#\/schema\/logo\/image\/\",\"url\":\"https:\/\/pistonaddict.com\/wp-content\/uploads\/2022\/07\/logo-6.png\",\"contentUrl\":\"https:\/\/pistonaddict.com\/wp-content\/uploads\/2022\/07\/logo-6.png\",\"width\":970,\"height\":200,\"caption\":\"Piston Addict\"},\"image\":{\"@id\":\"https:\/\/pistonaddict.com\/hu\/#\/schema\/logo\/image\/\"}}]}<\/script>\n<!-- \/ Yoast SEO plugin. -->","yoast_head_json":{"title":"Megjegyz\u00e9s szab\u00e1lyai - Piston Addict","robots":{"index":"index","follow":"follow","max-snippet":"max-snippet:-1","max-image-preview":"max-image-preview:large","max-video-preview":"max-video-preview:-1"},"canonical":"https:\/\/pistonaddict.com\/hu\/megjegyzes-szabalyai\/","og_locale":"hu_HU","og_type":"article","og_title":"Megjegyz\u00e9s szab\u00e1lyai - Piston Addict","og_description":"1. szab\u00e1ly. Legyen konstrukt\u00edv \u00e9s ne negat\u00edv K\u00f6nnyebb azt mondani, hogy nem tetszik valami, \u00e9s n\u00e9ha ez indokolt is lehet. M\u00e1sr\u00e9szt sokkal \u00e9rt\u00e9kesebb, ha elmondja, hogyan tudna jav\u00edtani rajta, az igazi \u00e9rt\u00e9ket az adja hozz\u00e1, ha meg tudja hat\u00e1rozni, mi a hiba, \u00e9s hogyan lehetne sz\u00e9p\u00edteni rajta. 2. szab\u00e1ly. A tapasztalat nyer A t\u00f6bbi olvas\u00f3t ... B\u0151vebbenMegjegyz\u00e9s szab\u00e1lyai","og_url":"https:\/\/pistonaddict.com\/hu\/megjegyzes-szabalyai\/","og_site_name":"Piston Addict","article_modified_time":"2023-02-05T10:11:46+00:00","twitter_card":"summary_large_image","twitter_misc":{"Becs\u00fclt olvas\u00e1si id\u0151":"3 perc"},"schema":{"@context":"https:\/\/schema.org","@graph":[{"@type":"WebPage","@id":"https:\/\/pistonaddict.com\/hu\/megjegyzes-szabalyai\/","url":"https:\/\/pistonaddict.com\/hu\/megjegyzes-szabalyai\/","name":"Megjegyz\u00e9s szab\u00e1lyai - Piston Addict","isPartOf":{"@id":"https:\/\/pistonaddict.com\/hu\/#website"},"datePublished":"2022-04-29T09:20:06+00:00","dateModified":"2023-02-05T10:11:46+00:00","breadcrumb":{"@id":"https:\/\/pistonaddict.com\/hu\/megjegyzes-szabalyai\/#breadcrumb"},"inLanguage":"hu","potentialAction":[{"@type":"ReadAction","target":["https:\/\/pistonaddict.com\/hu\/megjegyzes-szabalyai\/"]}]},{"@type":"BreadcrumbList","@id":"https:\/\/pistonaddict.com\/hu\/megjegyzes-szabalyai\/#breadcrumb","itemListElement":[{"@type":"ListItem","position":1,"name":"Kezd\u0151lap","item":"https:\/\/pistonaddict.com\/hu\/honlap\/"},{"@type":"ListItem","position":2,"name":"Megjegyz\u00e9s szab\u00e1lyai"}]},{"@type":"WebSite","@id":"https:\/\/pistonaddict.com\/hu\/#website","url":"https:\/\/pistonaddict.com\/hu\/","name":"Piston Addict","description":"Only interesting vehicles","publisher":{"@id":"https:\/\/pistonaddict.com\/hu\/#organization"},"potentialAction":[{"@type":"SearchAction","target":{"@type":"EntryPoint","urlTemplate":"https:\/\/pistonaddict.com\/hu\/?s={search_term_string}"},"query-input":"required name=search_term_string"}],"inLanguage":"hu"},{"@type":"Organization","@id":"https:\/\/pistonaddict.com\/hu\/#organization","name":"Piston Addict","url":"https:\/\/pistonaddict.com\/hu\/","logo":{"@type":"ImageObject","inLanguage":"hu","@id":"https:\/\/pistonaddict.com\/hu\/#\/schema\/logo\/image\/","url":"https:\/\/pistonaddict.com\/wp-content\/uploads\/2022\/07\/logo-6.png","contentUrl":"https:\/\/pistonaddict.com\/wp-content\/uploads\/2022\/07\/logo-6.png","width":970,"height":200,"caption":"Piston Addict"},"image":{"@id":"https:\/\/pistonaddict.com\/hu\/#\/schema\/logo\/image\/"}}]}},"_links":{"self":[{"href":"https:\/\/pistonaddict.com\/hu\/wp-json\/wp\/v2\/pages\/26241"}],"collection":[{"href":"https:\/\/pistonaddict.com\/hu\/wp-json\/wp\/v2\/pages"}],"about":[{"href":"https:\/\/pistonaddict.com\/hu\/wp-json\/wp\/v2\/types\/page"}],"author":[{"embeddable":true,"href":"https:\/\/pistonaddict.com\/hu\/wp-json\/wp\/v2\/users\/1"}],"replies":[{"embeddable":true,"href":"https:\/\/pistonaddict.com\/hu\/wp-json\/wp\/v2\/comments?post=26241"}],"version-history":[{"count":1,"href":"https:\/\/pistonaddict.com\/hu\/wp-json\/wp\/v2\/pages\/26241\/revisions"}],"predecessor-version":[{"id":26245,"href":"https:\/\/pistonaddict.com\/hu\/wp-json\/wp\/v2\/pages\/26241\/revisions\/26245"}],"wp:attachment":[{"href":"https:\/\/pistonaddict.com\/hu\/wp-json\/wp\/v2\/media?parent=26241"}],"curies":[{"name":"wp","href":"https:\/\/api.w.org\/{rel}","templated":true}]}}