{"id":2619,"date":"2022-04-29T10:54:47","date_gmt":"2022-04-29T08:54:47","guid":{"rendered":"https:\/\/pistonaddict.com\/adjon-be-egy-jarmuvet\/"},"modified":"2022-10-28T10:20:59","modified_gmt":"2022-10-28T08:20:59","slug":"adjon-be-egy-jarmuvet","status":"publish","type":"page","link":"https:\/\/pistonaddict.com\/hu\/adjon-be-egy-jarmuvet\/","title":{"rendered":"Adjon be egy j\u00e1rm\u0171vet"},"content":{"rendered":"\t\t<div data-elementor-type=\"wp-page\" data-elementor-id=\"2619\" class=\"elementor elementor-2619 elementor-2611\">\n\t\t\t\t\t\t<section class=\"elementor-section elementor-top-section elementor-element elementor-element-131f3ee elementor-section-full_width elementor-section-content-middle banniere-page elementor-section-height-default elementor-section-height-default\" data-id=\"131f3ee\" data-element_type=\"section\" data-settings=\"{&quot;background_background&quot;:&quot;classic&quot;}\">\n\t\t\t\t\t\t<div class=\"elementor-container elementor-column-gap-default\">\n\t\t\t\t\t<div class=\"elementor-column elementor-col-100 elementor-top-column elementor-element elementor-element-29a80674\" data-id=\"29a80674\" data-element_type=\"column\">\n\t\t\t<div class=\"elementor-widget-wrap elementor-element-populated\">\n\t\t\t\t\t\t<div class=\"elementor-element elementor-element-1ae29e58 elementor-widget elementor-widget-heading\" data-id=\"1ae29e58\" data-element_type=\"widget\" data-widget_type=\"heading.default\">\n\t\t\t\t<div class=\"elementor-widget-container\">\n\t\t\t<style>\/*! elementor - v3.21.0 - 18-04-2024 *\/\n.elementor-heading-title{padding:0;margin:0;line-height:1}.elementor-widget-heading .elementor-heading-title[class*=elementor-size-]>a{color:inherit;font-size:inherit;line-height:inherit}.elementor-widget-heading .elementor-heading-title.elementor-size-small{font-size:15px}.elementor-widget-heading .elementor-heading-title.elementor-size-medium{font-size:19px}.elementor-widget-heading .elementor-heading-title.elementor-size-large{font-size:29px}.elementor-widget-heading .elementor-heading-title.elementor-size-xl{font-size:39px}.elementor-widget-heading .elementor-heading-title.elementor-size-xxl{font-size:59px}<\/style><h1 class=\"elementor-heading-title elementor-size-default\">Adjon be egy j\u00e1rm\u0171vet<\/h1>\t\t<\/div>\n\t\t\t\t<\/div>\n\t\t\t\t\t<\/div>\n\t\t<\/div>\n\t\t\t\t\t<\/div>\n\t\t<\/section>\n\t\t\t\t<section class=\"elementor-section elementor-top-section elementor-element elementor-element-aa2f1c8 elementor-section-full_width descs elementor-section-height-default elementor-section-height-default\" data-id=\"aa2f1c8\" data-element_type=\"section\">\n\t\t\t\t\t\t<div class=\"elementor-container elementor-column-gap-default\">\n\t\t\t\t\t<div class=\"elementor-column elementor-col-66 elementor-top-column elementor-element elementor-element-e62e0a7\" data-id=\"e62e0a7\" data-element_type=\"column\">\n\t\t\t<div class=\"elementor-widget-wrap elementor-element-populated\">\n\t\t\t\t\t\t<div class=\"elementor-element elementor-element-497500c elementor-widget elementor-widget-text-editor\" data-id=\"497500c\" data-element_type=\"widget\" data-widget_type=\"text-editor.default\">\n\t\t\t\t<div class=\"elementor-widget-container\">\n\t\t\t<style>\/*! elementor - v3.21.0 - 18-04-2024 *\/\n.elementor-widget-text-editor.elementor-drop-cap-view-stacked .elementor-drop-cap{background-color:#69727d;color:#fff}.elementor-widget-text-editor.elementor-drop-cap-view-framed .elementor-drop-cap{color:#69727d;border:3px solid;background-color:transparent}.elementor-widget-text-editor:not(.elementor-drop-cap-view-default) .elementor-drop-cap{margin-top:8px}.elementor-widget-text-editor:not(.elementor-drop-cap-view-default) .elementor-drop-cap-letter{width:1em;height:1em}.elementor-widget-text-editor .elementor-drop-cap{float:left;text-align:center;line-height:1;font-size:50px}.elementor-widget-text-editor .elementor-drop-cap-letter{display:inline-block}<\/style>\t\t\t\t\n          <h2>Adja fel hirdet\u00e9s\u00e9t m\u00e9g ma!<\/h2>\n          <p>A Piston Addict egyszer\u0171en a legjobb m\u00f3dja a legjobb j\u00e1rm\u0171vek v\u00e1s\u00e1rl\u00e1s\u00e1nak \u00e9s elad\u00e1s\u00e1nak.<\/p>\n          <p>\u0150szinte aj\u00e1nlatt\u00e9tel, alacsony d\u00edjak \u00e9s rajong\u00f3k k\u00f6z\u00f6ss\u00e9ge.<\/p>\n        \t\t\t\t\t\t<\/div>\n\t\t\t\t<\/div>\n\t\t\t\t\t<\/div>\n\t\t<\/div>\n\t\t\t\t<div class=\"elementor-column elementor-col-33 elementor-top-column elementor-element elementor-element-c5021fe\" data-id=\"c5021fe\" data-element_type=\"column\">\n\t\t\t<div class=\"elementor-widget-wrap elementor-element-populated\">\n\t\t\t\t\t\t<div class=\"elementor-element elementor-element-ae69368 elementor-widget elementor-widget-text-editor\" data-id=\"ae69368\" data-element_type=\"widget\" data-widget_type=\"text-editor.default\">\n\t\t\t\t<div class=\"elementor-widget-container\">\n\t\t\t\t\t\t\t\n          <h3>K\u00e9rd\u00e9sei vannak?<\/h3>\n          \n\n          <a class=\"btn-custom\" href=\"https:\/\/pistonaddict.com\/hu\/gyik\/\">Kattintson ide (GYIK)<\/a>\n        \t\t\t\t\t\t<\/div>\n\t\t\t\t<\/div>\n\t\t\t\t\t<\/div>\n\t\t<\/div>\n\t\t\t\t\t<\/div>\n\t\t<\/section>\n\t\t\t\t<\/div>\n\t\t","protected":false},"excerpt":{"rendered":"<p>Adjon be egy j\u00e1rm\u0171vet Adja fel hirdet\u00e9s\u00e9t m\u00e9g ma! A Piston Addict egyszer\u0171en a legjobb m\u00f3dja a legjobb j\u00e1rm\u0171vek v\u00e1s\u00e1rl\u00e1s\u00e1nak \u00e9s elad\u00e1s\u00e1nak. \u0150szinte aj\u00e1nlatt\u00e9tel, alacsony d\u00edjak \u00e9s rajong\u00f3k k\u00f6z\u00f6ss\u00e9ge. K\u00e9rd\u00e9sei vannak? Kattintson ide (GYIK)<\/p>\n","protected":false},"author":1,"featured_media":0,"parent":0,"menu_order":0,"comment_status":"closed","ping_status":"closed","template":"","meta":{"inline_featured_image":false,"footnotes":""},"acf":[],"yoast_head":"<!-- This site is optimized with the Yoast SEO plugin v22.5 - https:\/\/yoast.com\/wordpress\/plugins\/seo\/ -->\n<title>Adjon be egy j\u00e1rm\u0171vet - Piston Addict<\/title>\n<meta name=\"robots\" content=\"index, follow, max-snippet:-1, max-image-preview:large, max-video-preview:-1\" \/>\n<link rel=\"canonical\" href=\"https:\/\/pistonaddict.com\/hu\/adjon-be-egy-jarmuvet\/\" \/>\n<meta property=\"og:locale\" content=\"hu_HU\" \/>\n<meta property=\"og:type\" content=\"article\" \/>\n<meta property=\"og:title\" content=\"Adjon be egy j\u00e1rm\u0171vet - Piston Addict\" \/>\n<meta property=\"og:description\" content=\"Adjon be egy j\u00e1rm\u0171vet Adja fel hirdet\u00e9s\u00e9t m\u00e9g ma! A Piston Addict egyszer\u0171en a legjobb m\u00f3dja a legjobb j\u00e1rm\u0171vek v\u00e1s\u00e1rl\u00e1s\u00e1nak \u00e9s elad\u00e1s\u00e1nak. \u0150szinte aj\u00e1nlatt\u00e9tel, alacsony d\u00edjak \u00e9s rajong\u00f3k k\u00f6z\u00f6ss\u00e9ge. K\u00e9rd\u00e9sei vannak? Kattintson ide (GYIK)\" \/>\n<meta property=\"og:url\" content=\"https:\/\/pistonaddict.com\/hu\/adjon-be-egy-jarmuvet\/\" \/>\n<meta property=\"og:site_name\" content=\"Piston Addict\" \/>\n<meta property=\"article:modified_time\" content=\"2022-10-28T08:20:59+00:00\" \/>\n<meta name=\"twitter:card\" content=\"summary_large_image\" \/>\n<script type=\"application\/ld+json\" class=\"yoast-schema-graph\">{\"@context\":\"https:\/\/schema.org\",\"@graph\":[{\"@type\":\"WebPage\",\"@id\":\"https:\/\/pistonaddict.com\/hu\/adjon-be-egy-jarmuvet\/\",\"url\":\"https:\/\/pistonaddict.com\/hu\/adjon-be-egy-jarmuvet\/\",\"name\":\"Adjon be egy j\u00e1rm\u0171vet - Piston Addict\",\"isPartOf\":{\"@id\":\"https:\/\/pistonaddict.com\/hu\/#website\"},\"datePublished\":\"2022-04-29T08:54:47+00:00\",\"dateModified\":\"2022-10-28T08:20:59+00:00\",\"breadcrumb\":{\"@id\":\"https:\/\/pistonaddict.com\/hu\/adjon-be-egy-jarmuvet\/#breadcrumb\"},\"inLanguage\":\"hu\",\"potentialAction\":[{\"@type\":\"ReadAction\",\"target\":[\"https:\/\/pistonaddict.com\/hu\/adjon-be-egy-jarmuvet\/\"]}]},{\"@type\":\"BreadcrumbList\",\"@id\":\"https:\/\/pistonaddict.com\/hu\/adjon-be-egy-jarmuvet\/#breadcrumb\",\"itemListElement\":[{\"@type\":\"ListItem\",\"position\":1,\"name\":\"Kezd\u0151lap\",\"item\":\"https:\/\/pistonaddict.com\/hu\/honlap\/\"},{\"@type\":\"ListItem\",\"position\":2,\"name\":\"Adjon be egy j\u00e1rm\u0171vet\"}]},{\"@type\":\"WebSite\",\"@id\":\"https:\/\/pistonaddict.com\/hu\/#website\",\"url\":\"https:\/\/pistonaddict.com\/hu\/\",\"name\":\"Piston Addict\",\"description\":\"Only interesting vehicles\",\"publisher\":{\"@id\":\"https:\/\/pistonaddict.com\/hu\/#organization\"},\"potentialAction\":[{\"@type\":\"SearchAction\",\"target\":{\"@type\":\"EntryPoint\",\"urlTemplate\":\"https:\/\/pistonaddict.com\/hu\/?s={search_term_string}\"},\"query-input\":\"required name=search_term_string\"}],\"inLanguage\":\"hu\"},{\"@type\":\"Organization\",\"@id\":\"https:\/\/pistonaddict.com\/hu\/#organization\",\"name\":\"Piston Addict\",\"url\":\"https:\/\/pistonaddict.com\/hu\/\",\"logo\":{\"@type\":\"ImageObject\",\"inLanguage\":\"hu\",\"@id\":\"https:\/\/pistonaddict.com\/hu\/#\/schema\/logo\/image\/\",\"url\":\"https:\/\/pistonaddict.com\/wp-content\/uploads\/2022\/07\/logo-6.png\",\"contentUrl\":\"https:\/\/pistonaddict.com\/wp-content\/uploads\/2022\/07\/logo-6.png\",\"width\":970,\"height\":200,\"caption\":\"Piston Addict\"},\"image\":{\"@id\":\"https:\/\/pistonaddict.com\/hu\/#\/schema\/logo\/image\/\"}}]}<\/script>\n<!-- \/ Yoast SEO plugin. -->","yoast_head_json":{"title":"Adjon be egy j\u00e1rm\u0171vet - Piston Addict","robots":{"index":"index","follow":"follow","max-snippet":"max-snippet:-1","max-image-preview":"max-image-preview:large","max-video-preview":"max-video-preview:-1"},"canonical":"https:\/\/pistonaddict.com\/hu\/adjon-be-egy-jarmuvet\/","og_locale":"hu_HU","og_type":"article","og_title":"Adjon be egy j\u00e1rm\u0171vet - Piston Addict","og_description":"Adjon be egy j\u00e1rm\u0171vet Adja fel hirdet\u00e9s\u00e9t m\u00e9g ma! A Piston Addict egyszer\u0171en a legjobb m\u00f3dja a legjobb j\u00e1rm\u0171vek v\u00e1s\u00e1rl\u00e1s\u00e1nak \u00e9s elad\u00e1s\u00e1nak. \u0150szinte aj\u00e1nlatt\u00e9tel, alacsony d\u00edjak \u00e9s rajong\u00f3k k\u00f6z\u00f6ss\u00e9ge. K\u00e9rd\u00e9sei vannak? Kattintson ide (GYIK)","og_url":"https:\/\/pistonaddict.com\/hu\/adjon-be-egy-jarmuvet\/","og_site_name":"Piston Addict","article_modified_time":"2022-10-28T08:20:59+00:00","twitter_card":"summary_large_image","schema":{"@context":"https:\/\/schema.org","@graph":[{"@type":"WebPage","@id":"https:\/\/pistonaddict.com\/hu\/adjon-be-egy-jarmuvet\/","url":"https:\/\/pistonaddict.com\/hu\/adjon-be-egy-jarmuvet\/","name":"Adjon be egy j\u00e1rm\u0171vet - Piston Addict","isPartOf":{"@id":"https:\/\/pistonaddict.com\/hu\/#website"},"datePublished":"2022-04-29T08:54:47+00:00","dateModified":"2022-10-28T08:20:59+00:00","breadcrumb":{"@id":"https:\/\/pistonaddict.com\/hu\/adjon-be-egy-jarmuvet\/#breadcrumb"},"inLanguage":"hu","potentialAction":[{"@type":"ReadAction","target":["https:\/\/pistonaddict.com\/hu\/adjon-be-egy-jarmuvet\/"]}]},{"@type":"BreadcrumbList","@id":"https:\/\/pistonaddict.com\/hu\/adjon-be-egy-jarmuvet\/#breadcrumb","itemListElement":[{"@type":"ListItem","position":1,"name":"Kezd\u0151lap","item":"https:\/\/pistonaddict.com\/hu\/honlap\/"},{"@type":"ListItem","position":2,"name":"Adjon be egy j\u00e1rm\u0171vet"}]},{"@type":"WebSite","@id":"https:\/\/pistonaddict.com\/hu\/#website","url":"https:\/\/pistonaddict.com\/hu\/","name":"Piston Addict","description":"Only interesting vehicles","publisher":{"@id":"https:\/\/pistonaddict.com\/hu\/#organization"},"potentialAction":[{"@type":"SearchAction","target":{"@type":"EntryPoint","urlTemplate":"https:\/\/pistonaddict.com\/hu\/?s={search_term_string}"},"query-input":"required name=search_term_string"}],"inLanguage":"hu"},{"@type":"Organization","@id":"https:\/\/pistonaddict.com\/hu\/#organization","name":"Piston Addict","url":"https:\/\/pistonaddict.com\/hu\/","logo":{"@type":"ImageObject","inLanguage":"hu","@id":"https:\/\/pistonaddict.com\/hu\/#\/schema\/logo\/image\/","url":"https:\/\/pistonaddict.com\/wp-content\/uploads\/2022\/07\/logo-6.png","contentUrl":"https:\/\/pistonaddict.com\/wp-content\/uploads\/2022\/07\/logo-6.png","width":970,"height":200,"caption":"Piston Addict"},"image":{"@id":"https:\/\/pistonaddict.com\/hu\/#\/schema\/logo\/image\/"}}]}},"_links":{"self":[{"href":"https:\/\/pistonaddict.com\/hu\/wp-json\/wp\/v2\/pages\/2619"}],"collection":[{"href":"https:\/\/pistonaddict.com\/hu\/wp-json\/wp\/v2\/pages"}],"about":[{"href":"https:\/\/pistonaddict.com\/hu\/wp-json\/wp\/v2\/types\/page"}],"author":[{"embeddable":true,"href":"https:\/\/pistonaddict.com\/hu\/wp-json\/wp\/v2\/users\/1"}],"replies":[{"embeddable":true,"href":"https:\/\/pistonaddict.com\/hu\/wp-json\/wp\/v2\/comments?post=2619"}],"version-history":[{"count":5,"href":"https:\/\/pistonaddict.com\/hu\/wp-json\/wp\/v2\/pages\/2619\/revisions"}],"predecessor-version":[{"id":4291,"href":"https:\/\/pistonaddict.com\/hu\/wp-json\/wp\/v2\/pages\/2619\/revisions\/4291"}],"wp:attachment":[{"href":"https:\/\/pistonaddict.com\/hu\/wp-json\/wp\/v2\/media?parent=2619"}],"curies":[{"name":"wp","href":"https:\/\/api.w.org\/{rel}","templated":true}]}}