{"id":22657,"date":"2022-04-20T13:00:00","date_gmt":"2022-04-20T11:00:00","guid":{"rendered":"https:\/\/pistonaddict.com\/over-ons\/"},"modified":"2023-01-04T12:23:05","modified_gmt":"2023-01-04T11:23:05","slug":"over-ons","status":"publish","type":"page","link":"https:\/\/pistonaddict.com\/hu\/over-ons\/","title":{"rendered":"Over ons"},"content":{"rendered":"\t\t<div data-elementor-type=\"wp-page\" data-elementor-id=\"22657\" class=\"elementor elementor-22657 elementor-19002\">\n\t\t\t\t\t\t<section class=\"elementor-section elementor-top-section elementor-element elementor-element-3668bb8 elementor-section-full_width elementor-section-content-middle banniere-page elementor-section-height-default elementor-section-height-default\" data-id=\"3668bb8\" data-element_type=\"section\" data-settings=\"{&quot;background_background&quot;:&quot;classic&quot;}\">\n\t\t\t\t\t\t<div class=\"elementor-container elementor-column-gap-default\">\n\t\t\t\t\t<div class=\"elementor-column elementor-col-100 elementor-top-column elementor-element elementor-element-b2088b2\" data-id=\"b2088b2\" data-element_type=\"column\">\n\t\t\t<div class=\"elementor-widget-wrap elementor-element-populated\">\n\t\t\t\t\t\t<div class=\"elementor-element elementor-element-26e06c0 elementor-widget elementor-widget-heading\" data-id=\"26e06c0\" data-element_type=\"widget\" data-widget_type=\"heading.default\">\n\t\t\t\t<div class=\"elementor-widget-container\">\n\t\t\t<style>\/*! elementor - v3.21.0 - 18-04-2024 *\/\n.elementor-heading-title{padding:0;margin:0;line-height:1}.elementor-widget-heading .elementor-heading-title[class*=elementor-size-]>a{color:inherit;font-size:inherit;line-height:inherit}.elementor-widget-heading .elementor-heading-title.elementor-size-small{font-size:15px}.elementor-widget-heading .elementor-heading-title.elementor-size-medium{font-size:19px}.elementor-widget-heading .elementor-heading-title.elementor-size-large{font-size:29px}.elementor-widget-heading .elementor-heading-title.elementor-size-xl{font-size:39px}.elementor-widget-heading .elementor-heading-title.elementor-size-xxl{font-size:59px}<\/style><h1 class=\"elementor-heading-title elementor-size-default\">A Piston Addictr\u0151l<\/h1>\t\t<\/div>\n\t\t\t\t<\/div>\n\t\t\t\t\t<\/div>\n\t\t<\/div>\n\t\t\t\t\t<\/div>\n\t\t<\/section>\n\t\t\t\t<section class=\"elementor-section elementor-top-section elementor-element elementor-element-62ecd00 elementor-section-full_width descs elementor-section-height-default elementor-section-height-default\" data-id=\"62ecd00\" data-element_type=\"section\">\n\t\t\t\t\t\t<div class=\"elementor-container elementor-column-gap-default\">\n\t\t\t\t\t<div class=\"elementor-column elementor-col-100 elementor-top-column elementor-element elementor-element-cae2e10\" data-id=\"cae2e10\" data-element_type=\"column\">\n\t\t\t<div class=\"elementor-widget-wrap elementor-element-populated\">\n\t\t\t\t\t\t<div class=\"elementor-element elementor-element-174bee4 elementor-widget elementor-widget-text-editor\" data-id=\"174bee4\" data-element_type=\"widget\" data-widget_type=\"text-editor.default\">\n\t\t\t\t<div class=\"elementor-widget-container\">\n\t\t\t<style>\/*! elementor - v3.21.0 - 18-04-2024 *\/\n.elementor-widget-text-editor.elementor-drop-cap-view-stacked .elementor-drop-cap{background-color:#69727d;color:#fff}.elementor-widget-text-editor.elementor-drop-cap-view-framed .elementor-drop-cap{color:#69727d;border:3px solid;background-color:transparent}.elementor-widget-text-editor:not(.elementor-drop-cap-view-default) .elementor-drop-cap{margin-top:8px}.elementor-widget-text-editor:not(.elementor-drop-cap-view-default) .elementor-drop-cap-letter{width:1em;height:1em}.elementor-widget-text-editor .elementor-drop-cap{float:left;text-align:center;line-height:1;font-size:50px}.elementor-widget-text-editor .elementor-drop-cap-letter{display:inline-block}<\/style>\t\t\t\t<\/p>\n<h2>T\u00f6rt\u00e9nelm\u00fcnk<\/h2>\n<p>A Piston Addict egy kiv\u00e9teles j\u00e1rm\u0171vekre specializ\u00e1l\u00f3dott online aukci\u00f3s platform.  <\/p>\n<p>Mivel m\u00e1r kiskorunkt\u00f3l kezdve aut\u00f3rajong\u00f3k vagyunk, fontos volt sz\u00e1munkra, hogy az aut\u00f3k \u00e9s motorker\u00e9kp\u00e1rok elad\u00e1s\u00e1t \u00e9s v\u00e1s\u00e1rl\u00e1s\u00e1t el\u00e9rhet\u0151bb\u00e9 tegy\u00fck, lehet\u0151v\u00e9 t\u00e9ve, hogy \u00d6n b\u00e1rhol eladhasson vagy v\u00e1s\u00e1rolhasson egy j\u00e1rm\u0171vet. amit tal\u00e1lt\u00e1l.<\/p>\n<p>A Piston Addict azzal a sz\u00e1nd\u00e9kkal sz\u00fcletett, hogy forradalmas\u00edtsa a haszn\u00e1lt j\u00e1rm\u0171vek piac\u00e1t a legegyszer\u0171bb, legg\u00f6rd\u00fcl\u00e9kenyebb \u00e9s leg\u00e1tl\u00e1that\u00f3bb m\u00f3don: csak egy kattint\u00e1s vagy egy aukci\u00f3 kell az izgalmas j\u00e1rm\u0171vek megszerz\u00e9s\u00e9hez \u00e9s elad\u00e1s\u00e1hoz. a rajong\u00f3k.<\/p>\n<h2> <\/h2>\n<h2>Hogyan dolgozunk<\/h2>\n<p>A Piston Addict \u00fajra feltal\u00e1lja a klasszikus, gy\u0171jt\u0151i \u00e9s rajong\u00f3i j\u00e1rm\u0171vek elad\u00e1s\u00e1nak vagy v\u00e1s\u00e1rl\u00e1s\u00e1nak m\u00f3dj\u00e1t.<\/p>\n<p>Minden egyes bek\u00fcld\u00f6tt j\u00e1rm\u0171vet a legnagyobb figyelemmel tanulm\u00e1nyozunk: a Piston Addictn\u00e9l egy olyan rajong\u00f3kb\u00f3l \u00e1ll\u00f3 csapatot tal\u00e1l, akik a r\u00e9gi vagy modern aut\u00f3k szak\u00e9rt\u0151i.<\/p>\n<p>Aukci\u00f3ink teljes \u00e1tl\u00e1that\u00f3s\u00e1got, \u00e1tfog\u00f3bb list\u00e1kat \u00e9s a hagyom\u00e1nyos platformokhoz k\u00e9pest tisztess\u00e9gesebb d\u00edjakat k\u00edn\u00e1lnak. M\u00e1rk\u00e1k, modellek \u00e9s j\u00e1rm\u0171t\u00edpusok sz\u00e9les sk\u00e1l\u00e1j\u00e1b\u00f3l v\u00e1logatunk: annyi fajt\u00e1t szeretn\u00e9nk l\u00e1tni, amennyit csak rem\u00e9lni lehet!<\/p>\n\t\t\t\t\t\t<\/div>\n\t\t\t\t<\/div>\n\t\t\t\t\t<\/div>\n\t\t<\/div>\n\t\t\t\t\t<\/div>\n\t\t<\/section>\n\t\t\t\t<section class=\"elementor-section elementor-top-section elementor-element elementor-element-38f2e81 elementor-section-content-middle story elementor-section-boxed elementor-section-height-default elementor-section-height-default\" data-id=\"38f2e81\" data-element_type=\"section\" data-settings=\"{&quot;background_background&quot;:&quot;gradient&quot;}\">\n\t\t\t\t\t\t<div class=\"elementor-container elementor-column-gap-default\">\n\t\t\t\t\t<div class=\"elementor-column elementor-col-100 elementor-top-column elementor-element elementor-element-71b8e7e\" data-id=\"71b8e7e\" data-element_type=\"column\">\n\t\t\t<div class=\"elementor-widget-wrap elementor-element-populated\">\n\t\t\t\t\t\t<div class=\"elementor-element elementor-element-205cd4d elementor-widget elementor-widget-text-editor\" data-id=\"205cd4d\" data-element_type=\"widget\" data-widget_type=\"text-editor.default\">\n\t\t\t\t<div class=\"elementor-widget-container\">\n\t\t\t\t\t\t\t\n          <h3>Tan\u00favallom\u00e1s<\/h3>\n          <p>Szeretj\u00fck, ha a vev\u0151k \u00e9s az elad\u00f3k besz\u00e1molnak nek\u00fcnk a j\u00f3 tapasztalataikr\u00f3l, amelyeket az oldalunkon szereztek.<\/p>\n          <p>K\u00fcldje el nek\u00fcnk v\u00e1s\u00e1rl\u00e1si vagy elad\u00e1si t\u00f6rt\u00e9net\u00e9t n\u00e9h\u00e1ny j\u00f3 fot\u00f3val egy\u00fctt, \u00e9s mi k\u00f6zz\u00e9tessz\u00fck az \u00d6n besz\u00e1mol\u00f3j\u00e1t.<\/p>\n          <p>\n            <a href=\"mailto:contact@pistonaddict.com\">K\u00fcldje el aj\u00e1nl\u00e1s\u00e1t<\/a>\n          <\/p>\n        \t\t\t\t\t\t<\/div>\n\t\t\t\t<\/div>\n\t\t\t\t\t<\/div>\n\t\t<\/div>\n\t\t\t\t\t<\/div>\n\t\t<\/section>\n\t\t\t\t<\/div>\n\t\t","protected":false},"excerpt":{"rendered":"<p>A Piston Addictr\u0151l T\u00f6rt\u00e9nelm\u00fcnk A Piston Addict egy kiv\u00e9teles j\u00e1rm\u0171vekre specializ\u00e1l\u00f3dott online aukci\u00f3s platform. Mivel m\u00e1r kiskorunkt\u00f3l kezdve aut\u00f3rajong\u00f3k vagyunk, fontos volt sz\u00e1munkra, hogy az aut\u00f3k \u00e9s motorker\u00e9kp\u00e1rok elad\u00e1s\u00e1t \u00e9s v\u00e1s\u00e1rl\u00e1s\u00e1t el\u00e9rhet\u0151bb\u00e9 tegy\u00fck, lehet\u0151v\u00e9 t\u00e9ve, hogy \u00d6n b\u00e1rhol eladhasson vagy v\u00e1s\u00e1rolhasson egy j\u00e1rm\u0171vet. amit tal\u00e1lt\u00e1l. A Piston Addict azzal a sz\u00e1nd\u00e9kkal sz\u00fcletett, hogy forradalmas\u00edtsa a &#8230; <a title=\"Over ons\" class=\"read-more\" href=\"https:\/\/pistonaddict.com\/hu\/over-ons\/\">B\u0151vebben<span class=\"screen-reader-text\">Over ons<\/span><\/a><\/p>\n","protected":false},"author":1,"featured_media":0,"parent":0,"menu_order":0,"comment_status":"closed","ping_status":"closed","template":"","meta":{"inline_featured_image":false,"footnotes":""},"acf":[],"yoast_head":"<!-- This site is optimized with the Yoast SEO plugin v22.5 - https:\/\/yoast.com\/wordpress\/plugins\/seo\/ -->\n<title>Over ons - Piston Addict<\/title>\n<meta name=\"robots\" content=\"index, follow, max-snippet:-1, max-image-preview:large, max-video-preview:-1\" \/>\n<link rel=\"canonical\" href=\"https:\/\/pistonaddict.com\/hu\/over-ons\/\" \/>\n<meta property=\"og:locale\" content=\"hu_HU\" \/>\n<meta property=\"og:type\" content=\"article\" \/>\n<meta property=\"og:title\" content=\"Over ons - Piston Addict\" \/>\n<meta property=\"og:description\" content=\"A Piston Addictr\u0151l T\u00f6rt\u00e9nelm\u00fcnk A Piston Addict egy kiv\u00e9teles j\u00e1rm\u0171vekre specializ\u00e1l\u00f3dott online aukci\u00f3s platform. Mivel m\u00e1r kiskorunkt\u00f3l kezdve aut\u00f3rajong\u00f3k vagyunk, fontos volt sz\u00e1munkra, hogy az aut\u00f3k \u00e9s motorker\u00e9kp\u00e1rok elad\u00e1s\u00e1t \u00e9s v\u00e1s\u00e1rl\u00e1s\u00e1t el\u00e9rhet\u0151bb\u00e9 tegy\u00fck, lehet\u0151v\u00e9 t\u00e9ve, hogy \u00d6n b\u00e1rhol eladhasson vagy v\u00e1s\u00e1rolhasson egy j\u00e1rm\u0171vet. amit tal\u00e1lt\u00e1l. A Piston Addict azzal a sz\u00e1nd\u00e9kkal sz\u00fcletett, hogy forradalmas\u00edtsa a ... B\u0151vebbenOver ons\" \/>\n<meta property=\"og:url\" content=\"https:\/\/pistonaddict.com\/hu\/over-ons\/\" \/>\n<meta property=\"og:site_name\" content=\"Piston Addict\" \/>\n<meta property=\"article:modified_time\" content=\"2023-01-04T11:23:05+00:00\" \/>\n<meta name=\"twitter:card\" content=\"summary_large_image\" \/>\n<meta name=\"twitter:label1\" content=\"Becs\u00fclt olvas\u00e1si id\u0151\" \/>\n\t<meta name=\"twitter:data1\" content=\"2 perc\" \/>\n<script type=\"application\/ld+json\" class=\"yoast-schema-graph\">{\"@context\":\"https:\/\/schema.org\",\"@graph\":[{\"@type\":\"WebPage\",\"@id\":\"https:\/\/pistonaddict.com\/hu\/over-ons\/\",\"url\":\"https:\/\/pistonaddict.com\/hu\/over-ons\/\",\"name\":\"Over ons - Piston Addict\",\"isPartOf\":{\"@id\":\"https:\/\/pistonaddict.com\/hu\/#website\"},\"datePublished\":\"2022-04-20T11:00:00+00:00\",\"dateModified\":\"2023-01-04T11:23:05+00:00\",\"breadcrumb\":{\"@id\":\"https:\/\/pistonaddict.com\/hu\/over-ons\/#breadcrumb\"},\"inLanguage\":\"hu\",\"potentialAction\":[{\"@type\":\"ReadAction\",\"target\":[\"https:\/\/pistonaddict.com\/hu\/over-ons\/\"]}]},{\"@type\":\"BreadcrumbList\",\"@id\":\"https:\/\/pistonaddict.com\/hu\/over-ons\/#breadcrumb\",\"itemListElement\":[{\"@type\":\"ListItem\",\"position\":1,\"name\":\"Kezd\u0151lap\",\"item\":\"https:\/\/pistonaddict.com\/hu\/honlap\/\"},{\"@type\":\"ListItem\",\"position\":2,\"name\":\"Over ons\"}]},{\"@type\":\"WebSite\",\"@id\":\"https:\/\/pistonaddict.com\/hu\/#website\",\"url\":\"https:\/\/pistonaddict.com\/hu\/\",\"name\":\"Piston Addict\",\"description\":\"Only interesting vehicles\",\"publisher\":{\"@id\":\"https:\/\/pistonaddict.com\/hu\/#organization\"},\"potentialAction\":[{\"@type\":\"SearchAction\",\"target\":{\"@type\":\"EntryPoint\",\"urlTemplate\":\"https:\/\/pistonaddict.com\/hu\/?s={search_term_string}\"},\"query-input\":\"required name=search_term_string\"}],\"inLanguage\":\"hu\"},{\"@type\":\"Organization\",\"@id\":\"https:\/\/pistonaddict.com\/hu\/#organization\",\"name\":\"Piston Addict\",\"url\":\"https:\/\/pistonaddict.com\/hu\/\",\"logo\":{\"@type\":\"ImageObject\",\"inLanguage\":\"hu\",\"@id\":\"https:\/\/pistonaddict.com\/hu\/#\/schema\/logo\/image\/\",\"url\":\"https:\/\/pistonaddict.com\/wp-content\/uploads\/2022\/07\/logo-6.png\",\"contentUrl\":\"https:\/\/pistonaddict.com\/wp-content\/uploads\/2022\/07\/logo-6.png\",\"width\":970,\"height\":200,\"caption\":\"Piston Addict\"},\"image\":{\"@id\":\"https:\/\/pistonaddict.com\/hu\/#\/schema\/logo\/image\/\"}}]}<\/script>\n<!-- \/ Yoast SEO plugin. -->","yoast_head_json":{"title":"Over ons - Piston Addict","robots":{"index":"index","follow":"follow","max-snippet":"max-snippet:-1","max-image-preview":"max-image-preview:large","max-video-preview":"max-video-preview:-1"},"canonical":"https:\/\/pistonaddict.com\/hu\/over-ons\/","og_locale":"hu_HU","og_type":"article","og_title":"Over ons - Piston Addict","og_description":"A Piston Addictr\u0151l T\u00f6rt\u00e9nelm\u00fcnk A Piston Addict egy kiv\u00e9teles j\u00e1rm\u0171vekre specializ\u00e1l\u00f3dott online aukci\u00f3s platform. Mivel m\u00e1r kiskorunkt\u00f3l kezdve aut\u00f3rajong\u00f3k vagyunk, fontos volt sz\u00e1munkra, hogy az aut\u00f3k \u00e9s motorker\u00e9kp\u00e1rok elad\u00e1s\u00e1t \u00e9s v\u00e1s\u00e1rl\u00e1s\u00e1t el\u00e9rhet\u0151bb\u00e9 tegy\u00fck, lehet\u0151v\u00e9 t\u00e9ve, hogy \u00d6n b\u00e1rhol eladhasson vagy v\u00e1s\u00e1rolhasson egy j\u00e1rm\u0171vet. amit tal\u00e1lt\u00e1l. A Piston Addict azzal a sz\u00e1nd\u00e9kkal sz\u00fcletett, hogy forradalmas\u00edtsa a ... B\u0151vebbenOver ons","og_url":"https:\/\/pistonaddict.com\/hu\/over-ons\/","og_site_name":"Piston Addict","article_modified_time":"2023-01-04T11:23:05+00:00","twitter_card":"summary_large_image","twitter_misc":{"Becs\u00fclt olvas\u00e1si id\u0151":"2 perc"},"schema":{"@context":"https:\/\/schema.org","@graph":[{"@type":"WebPage","@id":"https:\/\/pistonaddict.com\/hu\/over-ons\/","url":"https:\/\/pistonaddict.com\/hu\/over-ons\/","name":"Over ons - Piston Addict","isPartOf":{"@id":"https:\/\/pistonaddict.com\/hu\/#website"},"datePublished":"2022-04-20T11:00:00+00:00","dateModified":"2023-01-04T11:23:05+00:00","breadcrumb":{"@id":"https:\/\/pistonaddict.com\/hu\/over-ons\/#breadcrumb"},"inLanguage":"hu","potentialAction":[{"@type":"ReadAction","target":["https:\/\/pistonaddict.com\/hu\/over-ons\/"]}]},{"@type":"BreadcrumbList","@id":"https:\/\/pistonaddict.com\/hu\/over-ons\/#breadcrumb","itemListElement":[{"@type":"ListItem","position":1,"name":"Kezd\u0151lap","item":"https:\/\/pistonaddict.com\/hu\/honlap\/"},{"@type":"ListItem","position":2,"name":"Over ons"}]},{"@type":"WebSite","@id":"https:\/\/pistonaddict.com\/hu\/#website","url":"https:\/\/pistonaddict.com\/hu\/","name":"Piston Addict","description":"Only interesting vehicles","publisher":{"@id":"https:\/\/pistonaddict.com\/hu\/#organization"},"potentialAction":[{"@type":"SearchAction","target":{"@type":"EntryPoint","urlTemplate":"https:\/\/pistonaddict.com\/hu\/?s={search_term_string}"},"query-input":"required name=search_term_string"}],"inLanguage":"hu"},{"@type":"Organization","@id":"https:\/\/pistonaddict.com\/hu\/#organization","name":"Piston Addict","url":"https:\/\/pistonaddict.com\/hu\/","logo":{"@type":"ImageObject","inLanguage":"hu","@id":"https:\/\/pistonaddict.com\/hu\/#\/schema\/logo\/image\/","url":"https:\/\/pistonaddict.com\/wp-content\/uploads\/2022\/07\/logo-6.png","contentUrl":"https:\/\/pistonaddict.com\/wp-content\/uploads\/2022\/07\/logo-6.png","width":970,"height":200,"caption":"Piston Addict"},"image":{"@id":"https:\/\/pistonaddict.com\/hu\/#\/schema\/logo\/image\/"}}]}},"_links":{"self":[{"href":"https:\/\/pistonaddict.com\/hu\/wp-json\/wp\/v2\/pages\/22657"}],"collection":[{"href":"https:\/\/pistonaddict.com\/hu\/wp-json\/wp\/v2\/pages"}],"about":[{"href":"https:\/\/pistonaddict.com\/hu\/wp-json\/wp\/v2\/types\/page"}],"author":[{"embeddable":true,"href":"https:\/\/pistonaddict.com\/hu\/wp-json\/wp\/v2\/users\/1"}],"replies":[{"embeddable":true,"href":"https:\/\/pistonaddict.com\/hu\/wp-json\/wp\/v2\/comments?post=22657"}],"version-history":[{"count":1,"href":"https:\/\/pistonaddict.com\/hu\/wp-json\/wp\/v2\/pages\/22657\/revisions"}],"predecessor-version":[{"id":22662,"href":"https:\/\/pistonaddict.com\/hu\/wp-json\/wp\/v2\/pages\/22657\/revisions\/22662"}],"wp:attachment":[{"href":"https:\/\/pistonaddict.com\/hu\/wp-json\/wp\/v2\/media?parent=22657"}],"curies":[{"name":"wp","href":"https:\/\/api.w.org\/{rel}","templated":true}]}}