{"id":1965,"date":"2022-04-13T10:38:14","date_gmt":"2022-04-13T08:38:14","guid":{"rendered":"https:\/\/pistonaddict.com\/pelda-oldal\/"},"modified":"2022-05-04T18:00:15","modified_gmt":"2022-05-04T16:00:15","slug":"pelda-oldal","status":"publish","type":"page","link":"https:\/\/pistonaddict.com\/hu\/pelda-oldal\/","title":{"rendered":"p\u00e9lda oldal"},"content":{"rendered":"\n<p>Ez egy p\u00e9ldaoldal. Ez k\u00fcl\u00f6nb\u00f6zik a blogbejegyz\u00e9st\u0151l, mert egy helyen marad, \u00e9s megjelenik a webhely navig\u00e1ci\u00f3s s\u00e1vj\u00e1ban (a legt\u00f6bb t\u00e9m\u00e1ban). A legt\u00f6bb ember egy \u201eN\u00e9vjegy\u201d oldallal kezdi, amely bemutatja \u0151ket az oldal l\u00e1togat\u00f3inak. Valahogy \u00edgy n\u00e9zhet ki:<\/p>\n\n<blockquote class=\"wp-block-quote\"><p>J\u00f3 reggelt k\u00edv\u00e1nok ! Szerel\u0151 vagyok, aki sz\u00edn\u00e9sznek k\u00e9sz\u00fcl, \u00e9s ez az \u00e9n oldalam. Bordeaux-ban \u00e9lek, van egy nagyszer\u0171 kuty\u00e1m, Russell, \u00e9s im\u00e1dom a vodk\u00e1t (valamint azt, hogy naplementekor a tengerparton tett hossz\u00fa s\u00e9t\u00e1k sor\u00e1n meglep a hirtelen es\u0151).<\/p><\/blockquote>\n\n<p>\u2026vagy valami ilyesmi:<\/p>\n\n<blockquote class=\"wp-block-quote\"><p>A 123 Machin Truc c\u00e9get 1971-ben hozt\u00e1k l\u00e9tre, \u00e9s az\u00f3ta is min\u0151s\u00e9gi szerkenty\u0171ket k\u00edn\u00e1l a nagyk\u00f6z\u00f6ns\u00e9gnek. A Saint-Remy-en-Bouzemont-Saint-Genest-et-Issonban tal\u00e1lhat\u00f3 123 Machin Truc 2000 embert foglalkoztat, \u00e9s mindenf\u00e9le nagyszer\u0171 eszk\u00f6zt gy\u00e1rt a Bouzemont k\u00f6z\u00f6ss\u00e9g sz\u00e1m\u00e1ra.<\/p><\/blockquote>\n\n<p>\u00daj WordPress-felhaszn\u00e1l\u00f3k\u00e9nt l\u00e9pjen <a href=\"https:\/\/pistonaddict.com\/wp-admin\/\">az ir\u00e1ny\u00edt\u00f3pultra<\/a> , hogy t\u00f6r\u00f6lje ezt az oldalt, \u00e9s \u00faj oldalakat hozzon l\u00e9tre a tartalomhoz. \u00c9rezd j\u00f3l magad !<\/p>\n","protected":false},"excerpt":{"rendered":"<p>Ez egy p\u00e9ldaoldal. Ez k\u00fcl\u00f6nb\u00f6zik a blogbejegyz\u00e9st\u0151l, mert egy helyen marad, \u00e9s megjelenik a webhely navig\u00e1ci\u00f3s s\u00e1vj\u00e1ban (a legt\u00f6bb t\u00e9m\u00e1ban). A legt\u00f6bb ember egy \u201eN\u00e9vjegy\u201d oldallal kezdi, amely bemutatja \u0151ket az oldal l\u00e1togat\u00f3inak. Valahogy \u00edgy n\u00e9zhet ki: J\u00f3 reggelt k\u00edv\u00e1nok ! Szerel\u0151 vagyok, aki sz\u00edn\u00e9sznek k\u00e9sz\u00fcl, \u00e9s ez az \u00e9n oldalam. Bordeaux-ban \u00e9lek, van egy &#8230; <a title=\"p\u00e9lda oldal\" class=\"read-more\" href=\"https:\/\/pistonaddict.com\/hu\/pelda-oldal\/\">B\u0151vebben<span class=\"screen-reader-text\">p\u00e9lda oldal<\/span><\/a><\/p>\n","protected":false},"author":1,"featured_media":0,"parent":0,"menu_order":0,"comment_status":"closed","ping_status":"closed","template":"","meta":{"inline_featured_image":false,"footnotes":""},"acf":[],"yoast_head":"<!-- This site is optimized with the Yoast SEO plugin v22.5 - https:\/\/yoast.com\/wordpress\/plugins\/seo\/ -->\n<title>p\u00e9lda oldal - Piston Addict<\/title>\n<meta name=\"robots\" content=\"index, follow, max-snippet:-1, max-image-preview:large, max-video-preview:-1\" \/>\n<link rel=\"canonical\" href=\"https:\/\/pistonaddict.com\/hu\/pelda-oldal\/\" \/>\n<meta property=\"og:locale\" content=\"hu_HU\" \/>\n<meta property=\"og:type\" content=\"article\" \/>\n<meta property=\"og:title\" content=\"p\u00e9lda oldal - Piston Addict\" \/>\n<meta property=\"og:description\" content=\"Ez egy p\u00e9ldaoldal. Ez k\u00fcl\u00f6nb\u00f6zik a blogbejegyz\u00e9st\u0151l, mert egy helyen marad, \u00e9s megjelenik a webhely navig\u00e1ci\u00f3s s\u00e1vj\u00e1ban (a legt\u00f6bb t\u00e9m\u00e1ban). A legt\u00f6bb ember egy \u201eN\u00e9vjegy\u201d oldallal kezdi, amely bemutatja \u0151ket az oldal l\u00e1togat\u00f3inak. Valahogy \u00edgy n\u00e9zhet ki: J\u00f3 reggelt k\u00edv\u00e1nok ! Szerel\u0151 vagyok, aki sz\u00edn\u00e9sznek k\u00e9sz\u00fcl, \u00e9s ez az \u00e9n oldalam. Bordeaux-ban \u00e9lek, van egy ... B\u0151vebbenp\u00e9lda oldal\" \/>\n<meta property=\"og:url\" content=\"https:\/\/pistonaddict.com\/hu\/pelda-oldal\/\" \/>\n<meta property=\"og:site_name\" content=\"Piston Addict\" \/>\n<meta property=\"article:modified_time\" content=\"2022-05-04T16:00:15+00:00\" \/>\n<meta name=\"twitter:card\" content=\"summary_large_image\" \/>\n<meta name=\"twitter:label1\" content=\"Becs\u00fclt olvas\u00e1si id\u0151\" \/>\n\t<meta name=\"twitter:data1\" content=\"1 perc\" \/>\n<script type=\"application\/ld+json\" class=\"yoast-schema-graph\">{\"@context\":\"https:\/\/schema.org\",\"@graph\":[{\"@type\":\"WebPage\",\"@id\":\"https:\/\/pistonaddict.com\/hu\/pelda-oldal\/\",\"url\":\"https:\/\/pistonaddict.com\/hu\/pelda-oldal\/\",\"name\":\"p\u00e9lda oldal - Piston Addict\",\"isPartOf\":{\"@id\":\"https:\/\/pistonaddict.com\/hu\/#website\"},\"datePublished\":\"2022-04-13T08:38:14+00:00\",\"dateModified\":\"2022-05-04T16:00:15+00:00\",\"breadcrumb\":{\"@id\":\"https:\/\/pistonaddict.com\/hu\/pelda-oldal\/#breadcrumb\"},\"inLanguage\":\"hu\",\"potentialAction\":[{\"@type\":\"ReadAction\",\"target\":[\"https:\/\/pistonaddict.com\/hu\/pelda-oldal\/\"]}]},{\"@type\":\"BreadcrumbList\",\"@id\":\"https:\/\/pistonaddict.com\/hu\/pelda-oldal\/#breadcrumb\",\"itemListElement\":[{\"@type\":\"ListItem\",\"position\":1,\"name\":\"Kezd\u0151lap\",\"item\":\"https:\/\/pistonaddict.com\/hu\/honlap\/\"},{\"@type\":\"ListItem\",\"position\":2,\"name\":\"p\u00e9lda oldal\"}]},{\"@type\":\"WebSite\",\"@id\":\"https:\/\/pistonaddict.com\/hu\/#website\",\"url\":\"https:\/\/pistonaddict.com\/hu\/\",\"name\":\"Piston Addict\",\"description\":\"Only interesting vehicles\",\"publisher\":{\"@id\":\"https:\/\/pistonaddict.com\/hu\/#organization\"},\"potentialAction\":[{\"@type\":\"SearchAction\",\"target\":{\"@type\":\"EntryPoint\",\"urlTemplate\":\"https:\/\/pistonaddict.com\/hu\/?s={search_term_string}\"},\"query-input\":\"required name=search_term_string\"}],\"inLanguage\":\"hu\"},{\"@type\":\"Organization\",\"@id\":\"https:\/\/pistonaddict.com\/hu\/#organization\",\"name\":\"Piston Addict\",\"url\":\"https:\/\/pistonaddict.com\/hu\/\",\"logo\":{\"@type\":\"ImageObject\",\"inLanguage\":\"hu\",\"@id\":\"https:\/\/pistonaddict.com\/hu\/#\/schema\/logo\/image\/\",\"url\":\"https:\/\/pistonaddict.com\/wp-content\/uploads\/2022\/07\/logo-6.png\",\"contentUrl\":\"https:\/\/pistonaddict.com\/wp-content\/uploads\/2022\/07\/logo-6.png\",\"width\":970,\"height\":200,\"caption\":\"Piston Addict\"},\"image\":{\"@id\":\"https:\/\/pistonaddict.com\/hu\/#\/schema\/logo\/image\/\"}}]}<\/script>\n<!-- \/ Yoast SEO plugin. -->","yoast_head_json":{"title":"p\u00e9lda oldal - Piston Addict","robots":{"index":"index","follow":"follow","max-snippet":"max-snippet:-1","max-image-preview":"max-image-preview:large","max-video-preview":"max-video-preview:-1"},"canonical":"https:\/\/pistonaddict.com\/hu\/pelda-oldal\/","og_locale":"hu_HU","og_type":"article","og_title":"p\u00e9lda oldal - Piston Addict","og_description":"Ez egy p\u00e9ldaoldal. Ez k\u00fcl\u00f6nb\u00f6zik a blogbejegyz\u00e9st\u0151l, mert egy helyen marad, \u00e9s megjelenik a webhely navig\u00e1ci\u00f3s s\u00e1vj\u00e1ban (a legt\u00f6bb t\u00e9m\u00e1ban). A legt\u00f6bb ember egy \u201eN\u00e9vjegy\u201d oldallal kezdi, amely bemutatja \u0151ket az oldal l\u00e1togat\u00f3inak. Valahogy \u00edgy n\u00e9zhet ki: J\u00f3 reggelt k\u00edv\u00e1nok ! Szerel\u0151 vagyok, aki sz\u00edn\u00e9sznek k\u00e9sz\u00fcl, \u00e9s ez az \u00e9n oldalam. Bordeaux-ban \u00e9lek, van egy ... B\u0151vebbenp\u00e9lda oldal","og_url":"https:\/\/pistonaddict.com\/hu\/pelda-oldal\/","og_site_name":"Piston Addict","article_modified_time":"2022-05-04T16:00:15+00:00","twitter_card":"summary_large_image","twitter_misc":{"Becs\u00fclt olvas\u00e1si id\u0151":"1 perc"},"schema":{"@context":"https:\/\/schema.org","@graph":[{"@type":"WebPage","@id":"https:\/\/pistonaddict.com\/hu\/pelda-oldal\/","url":"https:\/\/pistonaddict.com\/hu\/pelda-oldal\/","name":"p\u00e9lda oldal - Piston Addict","isPartOf":{"@id":"https:\/\/pistonaddict.com\/hu\/#website"},"datePublished":"2022-04-13T08:38:14+00:00","dateModified":"2022-05-04T16:00:15+00:00","breadcrumb":{"@id":"https:\/\/pistonaddict.com\/hu\/pelda-oldal\/#breadcrumb"},"inLanguage":"hu","potentialAction":[{"@type":"ReadAction","target":["https:\/\/pistonaddict.com\/hu\/pelda-oldal\/"]}]},{"@type":"BreadcrumbList","@id":"https:\/\/pistonaddict.com\/hu\/pelda-oldal\/#breadcrumb","itemListElement":[{"@type":"ListItem","position":1,"name":"Kezd\u0151lap","item":"https:\/\/pistonaddict.com\/hu\/honlap\/"},{"@type":"ListItem","position":2,"name":"p\u00e9lda oldal"}]},{"@type":"WebSite","@id":"https:\/\/pistonaddict.com\/hu\/#website","url":"https:\/\/pistonaddict.com\/hu\/","name":"Piston Addict","description":"Only interesting vehicles","publisher":{"@id":"https:\/\/pistonaddict.com\/hu\/#organization"},"potentialAction":[{"@type":"SearchAction","target":{"@type":"EntryPoint","urlTemplate":"https:\/\/pistonaddict.com\/hu\/?s={search_term_string}"},"query-input":"required name=search_term_string"}],"inLanguage":"hu"},{"@type":"Organization","@id":"https:\/\/pistonaddict.com\/hu\/#organization","name":"Piston Addict","url":"https:\/\/pistonaddict.com\/hu\/","logo":{"@type":"ImageObject","inLanguage":"hu","@id":"https:\/\/pistonaddict.com\/hu\/#\/schema\/logo\/image\/","url":"https:\/\/pistonaddict.com\/wp-content\/uploads\/2022\/07\/logo-6.png","contentUrl":"https:\/\/pistonaddict.com\/wp-content\/uploads\/2022\/07\/logo-6.png","width":970,"height":200,"caption":"Piston Addict"},"image":{"@id":"https:\/\/pistonaddict.com\/hu\/#\/schema\/logo\/image\/"}}]}},"_links":{"self":[{"href":"https:\/\/pistonaddict.com\/hu\/wp-json\/wp\/v2\/pages\/1965"}],"collection":[{"href":"https:\/\/pistonaddict.com\/hu\/wp-json\/wp\/v2\/pages"}],"about":[{"href":"https:\/\/pistonaddict.com\/hu\/wp-json\/wp\/v2\/types\/page"}],"author":[{"embeddable":true,"href":"https:\/\/pistonaddict.com\/hu\/wp-json\/wp\/v2\/users\/1"}],"replies":[{"embeddable":true,"href":"https:\/\/pistonaddict.com\/hu\/wp-json\/wp\/v2\/comments?post=1965"}],"version-history":[{"count":3,"href":"https:\/\/pistonaddict.com\/hu\/wp-json\/wp\/v2\/pages\/1965\/revisions"}],"predecessor-version":[{"id":4371,"href":"https:\/\/pistonaddict.com\/hu\/wp-json\/wp\/v2\/pages\/1965\/revisions\/4371"}],"wp:attachment":[{"href":"https:\/\/pistonaddict.com\/hu\/wp-json\/wp\/v2\/media?parent=1965"}],"curies":[{"name":"wp","href":"https:\/\/api.w.org\/{rel}","templated":true}]}}