{"id":98259,"date":"2024-03-20T15:15:43","date_gmt":"2024-03-20T14:15:43","guid":{"rendered":"https:\/\/pistonaddict.com\/product\/porsche-997-targa\/"},"modified":"2024-03-20T15:24:01","modified_gmt":"2024-03-20T14:24:01","slug":"porsche-997-targa","status":"publish","type":"product","link":"https:\/\/pistonaddict.com\/hr\/product\/porsche-997-targa\/","title":{"rendered":"Porsche 997 Targa 4S"},"content":{"rendered":"<p><strong>Povijest automobila<\/strong><\/p>\n<p>\u0160esta generacija kultnog Porschea 911 premijerno je predstavljena 2004. i interno poznata kao 997. Njegov prethodnik, 996, i dalje je jedan od najkontroverznijih modela 911 ikada proizvedenih, najuo\u010dljiviji po svom dizajnu i uvo\u0111enju vodeno hla\u0111enih motora. Me\u0111utim, 997 je bio univerzalno hvaljen zbog \u010distih linija i pobolj\u0161anja tehnologije i snage. Iako 997 ima neke mehani\u010dke sli\u010dnosti kao i istu platformu kao 996, bio je daleko bolji i kompetentniji automobil, da ne zaboravimo, moderniji i ljep\u0161i. Nije iznena\u0111enje da su prodajne brojke dokazale da je 997 bio prodajni uspjeh, s vi\u0161e od 212.000 primjeraka napravljenih u 9 godina. Me\u0111utim, ovaj primjerak prili\u010dno je rijedak, ne samo zato \u0161to je raniji model 997.1, ve\u0107 i zbog svoje rijetke Targa karoserije. U 2008. godini isporu\u010deno je samo 1426 primjeraka Targe 4S, a vrlo malo ih je imalo 6-stupanjski ru\u010dni mjenja\u010d. Ukupno je proizvedeno samo oko 8400 Targa 4S za generaciju 997. 3,8-litreni, atmosferski ravno-\u0161est motor isporu\u010divao je 350 KS na sva \u010detiri kota\u010da, \u0161to je rezultiralo impresivnim ubrzanjem i zvjezdanim dr\u017eanjem ceste u svim uvjetima. Kombinacija sna\u017ene izvedbe s prozra\u010dnim osje\u0107ajem staklenog krova i mehani\u010dkim osje\u0107ajem ru\u010dnog mjenja\u010da \u010dini ovaj primjerak nevjerojatno zanimljivim svakom pravom kolekcionaru.<\/p>\n<p><strong>Unutra\u0161njost<\/strong><\/p>\n<p>Zavr\u0161ena u crnoj ko\u017ei s rijetkom i dodatnom ko\u017enom kontrolnom plo\u010dom, unutra\u0161njost Porsche Targa 4S iz 2008. u savr\u0161enom je stanju, bez o\u0161te\u0107enja i nekoliko znakova istro\u0161enosti. Ovaj primjerak ima mnogo po\u017eeljne dodatne opreme poput tempomata, vrhunskog audio sustava, elektri\u010dnih i grijanih ko\u017enih sportskih sjedala, multifunkcionalnog upravlja\u010da, navigacijskog sustava itd. Sve radi kako treba, zajedno sa staklenim krovom i nema nikakvih preinaka. U usporedbi s drugim modelima 911 iz tog razdoblja, Targa je prili\u010dno jedinstvena jer nudi osje\u0107aj kabrioleta na otvorenom, ali s udobno\u0161\u0107u coupea i upotrebljivo\u0161\u0107u tijekom cijele godine.<\/p>\n<p><strong>Stanje automobila<\/strong><\/p>\n<p>S ne\u0161to vi\u0161e od 110.000 kilometara od novih i dva bri\u017ena vlasnika, ovaj Porsche 911 Targa 4S je u impresivnom stanju i pa\u017eljivo se odr\u017eava. Evidencija pokazuje da je posljednji veliki servis obavljen krajem 2022. godine, a remont ko\u010dnica tek prije nekoliko dana, u o\u017eujku 2024. godine. Dostupni su svi zapisi o odr\u017eavanju koji pokazuju koliko se pa\u017eljivo brinulo o automobilu. Ovaj automobil isporu\u010den je u Belgiji.<\/p>\n<p><strong>Eksterijer i kota\u010di<\/strong><\/p>\n<p>Ovaj primjerak je profesionalno prelakiran u svoju izvornu tamno sivu boju, koja izgleda savr\u0161eno i pristaje uz originalne kota\u010de i crnu unutra\u0161njost. Kao \u0161to je navedeno u CarVerticalu, jedini detalj vrijedan spomena je neznatno o\u0161te\u0107enje na stra\u017enjem braniku, koje je popravljeno kao \u0161to mo\u017eete vidjeti na slikama. Bridgestone gume ispravnih specifikacija su iz 2018. godine i malo su pohabane.<\/p>\n<p><strong>Dokumentacija<\/strong><\/p>\n<p>Trgovac prodaje ovaj automobil s odgovaraju\u0107om dokumentacijom i nalazi se u Belgiji. <a href=\"https:\/\/pistonaddict.com\/wp-content\/uploads\/2024\/03\/CarVertical-Porsche.pdf\">CarVertical izvje\u0161\u0107e<\/a> je \u010disto, vlasni\u0161tvo ili pravni problemi. Postoje evidencije redovnog odr\u017eavanja i primitaka.<\/p>\n","protected":false},"excerpt":{"rendered":"<p>Kao savr\u0161ena ravnote\u017ea izme\u0111u klasi\u010dnog 911 osje\u0107aja, kompaktnih dimenzija, komunikativne \u0161asije i moderne tehnologije i zna\u010dajki, 997 generacija je sve popularnija me\u0111u 911 entuzijastima. To zna\u010di da je ovo sljede\u0107a velika stvar u svijetu 911, s rastu\u0107im cijenama. Pretpostavimo da \u017eelite usko\u010diti u 997. U tom slu\u010daju, ni\u0161ta nije bolje od vrlo po\u017eeljnog u rijetkom stilu karoserije s po\u017eeljnim ru\u010dnim mjenja\u010dem, spremnog za temeljito u\u017eivanje.<\/p>\n","protected":false},"featured_media":97667,"comment_status":"open","ping_status":"closed","template":"","meta":{"inline_featured_image":false},"product_cat":[722],"product_tag":[3909,3911,2314,3908,1000],"acf":[],"yoast_head":"<!-- This site is optimized with the Yoast SEO plugin v22.5 - https:\/\/yoast.com\/wordpress\/plugins\/seo\/ -->\n<title>Porsche 997 Targa 4S - Piston Addict<\/title>\n<meta name=\"robots\" content=\"index, follow, max-snippet:-1, max-image-preview:large, max-video-preview:-1\" \/>\n<link rel=\"canonical\" href=\"https:\/\/pistonaddict.com\/hr\/product\/porsche-997-targa\/\" \/>\n<meta property=\"og:locale\" content=\"hr_HR\" \/>\n<meta property=\"og:type\" content=\"article\" \/>\n<meta property=\"og:title\" content=\"Porsche 997 Targa 4S - Piston Addict\" \/>\n<meta property=\"og:description\" content=\"Kao savr\u0161ena ravnote\u017ea izme\u0111u klasi\u010dnog 911 osje\u0107aja, kompaktnih dimenzija, komunikativne \u0161asije i moderne tehnologije i zna\u010dajki, 997 generacija je sve popularnija me\u0111u 911 entuzijastima. To zna\u010di da je ovo sljede\u0107a velika stvar u svijetu 911, s rastu\u0107im cijenama. Pretpostavimo da \u017eelite usko\u010diti u 997. U tom slu\u010daju, ni\u0161ta nije bolje od vrlo po\u017eeljnog u rijetkom stilu karoserije s po\u017eeljnim ru\u010dnim mjenja\u010dem, spremnog za temeljito u\u017eivanje.\" \/>\n<meta property=\"og:url\" content=\"https:\/\/pistonaddict.com\/hr\/product\/porsche-997-targa\/\" \/>\n<meta property=\"og:site_name\" content=\"Piston Addict\" \/>\n<meta property=\"article:modified_time\" content=\"2024-03-20T14:24:01+00:00\" \/>\n<meta property=\"og:image\" content=\"https:\/\/pistonaddict.com\/wp-content\/uploads\/2024\/03\/1-1-1024x611.png\" \/>\n\t<meta property=\"og:image:width\" content=\"1024\" \/>\n\t<meta property=\"og:image:height\" content=\"611\" \/>\n\t<meta property=\"og:image:type\" content=\"image\/png\" \/>\n<meta name=\"twitter:card\" content=\"summary_large_image\" \/>\n<meta name=\"twitter:label1\" content=\"Procijenjeno vrijeme \u010ditanja\" \/>\n\t<meta name=\"twitter:data1\" content=\"2 minute\" \/>\n<script type=\"application\/ld+json\" class=\"yoast-schema-graph\">{\"@context\":\"https:\/\/schema.org\",\"@graph\":[{\"@type\":\"WebPage\",\"@id\":\"https:\/\/pistonaddict.com\/hr\/product\/porsche-997-targa\/\",\"url\":\"https:\/\/pistonaddict.com\/hr\/product\/porsche-997-targa\/\",\"name\":\"Porsche 997 Targa 4S - Piston Addict\",\"isPartOf\":{\"@id\":\"https:\/\/pistonaddict.com\/hr\/#website\"},\"primaryImageOfPage\":{\"@id\":\"https:\/\/pistonaddict.com\/hr\/product\/porsche-997-targa\/#primaryimage\"},\"image\":{\"@id\":\"https:\/\/pistonaddict.com\/hr\/product\/porsche-997-targa\/#primaryimage\"},\"thumbnailUrl\":\"https:\/\/pistonaddict.com\/wp-content\/uploads\/2024\/03\/1-1.png\",\"datePublished\":\"2024-03-20T14:15:43+00:00\",\"dateModified\":\"2024-03-20T14:24:01+00:00\",\"breadcrumb\":{\"@id\":\"https:\/\/pistonaddict.com\/hr\/product\/porsche-997-targa\/#breadcrumb\"},\"inLanguage\":\"hr\",\"potentialAction\":[{\"@type\":\"ReadAction\",\"target\":[\"https:\/\/pistonaddict.com\/hr\/product\/porsche-997-targa\/\"]}]},{\"@type\":\"ImageObject\",\"inLanguage\":\"hr\",\"@id\":\"https:\/\/pistonaddict.com\/hr\/product\/porsche-997-targa\/#primaryimage\",\"url\":\"https:\/\/pistonaddict.com\/wp-content\/uploads\/2024\/03\/1-1.png\",\"contentUrl\":\"https:\/\/pistonaddict.com\/wp-content\/uploads\/2024\/03\/1-1.png\",\"width\":2778,\"height\":1657},{\"@type\":\"BreadcrumbList\",\"@id\":\"https:\/\/pistonaddict.com\/hr\/product\/porsche-997-targa\/#breadcrumb\",\"itemListElement\":[{\"@type\":\"ListItem\",\"position\":1,\"name\":\"Po\u010detna stranica\",\"item\":\"https:\/\/pistonaddict.com\/hr\/pocetna-stranica-2\/\"},{\"@type\":\"ListItem\",\"position\":2,\"name\":\"Auctions\",\"item\":\"https:\/\/pistonaddict.com\/auctions-listing\/\"},{\"@type\":\"ListItem\",\"position\":3,\"name\":\"Porsche 997 Targa 4S\"}]},{\"@type\":\"WebSite\",\"@id\":\"https:\/\/pistonaddict.com\/hr\/#website\",\"url\":\"https:\/\/pistonaddict.com\/hr\/\",\"name\":\"Piston Addict\",\"description\":\"Only interesting vehicles\",\"publisher\":{\"@id\":\"https:\/\/pistonaddict.com\/hr\/#organization\"},\"potentialAction\":[{\"@type\":\"SearchAction\",\"target\":{\"@type\":\"EntryPoint\",\"urlTemplate\":\"https:\/\/pistonaddict.com\/hr\/?s={search_term_string}\"},\"query-input\":\"required name=search_term_string\"}],\"inLanguage\":\"hr\"},{\"@type\":\"Organization\",\"@id\":\"https:\/\/pistonaddict.com\/hr\/#organization\",\"name\":\"Piston Addict\",\"url\":\"https:\/\/pistonaddict.com\/hr\/\",\"logo\":{\"@type\":\"ImageObject\",\"inLanguage\":\"hr\",\"@id\":\"https:\/\/pistonaddict.com\/hr\/#\/schema\/logo\/image\/\",\"url\":\"https:\/\/pistonaddict.com\/wp-content\/uploads\/2022\/07\/logo-6.png\",\"contentUrl\":\"https:\/\/pistonaddict.com\/wp-content\/uploads\/2022\/07\/logo-6.png\",\"width\":970,\"height\":200,\"caption\":\"Piston Addict\"},\"image\":{\"@id\":\"https:\/\/pistonaddict.com\/hr\/#\/schema\/logo\/image\/\"}}]}<\/script>\n<!-- \/ Yoast SEO plugin. -->","yoast_head_json":{"title":"Porsche 997 Targa 4S - Piston Addict","robots":{"index":"index","follow":"follow","max-snippet":"max-snippet:-1","max-image-preview":"max-image-preview:large","max-video-preview":"max-video-preview:-1"},"canonical":"https:\/\/pistonaddict.com\/hr\/product\/porsche-997-targa\/","og_locale":"hr_HR","og_type":"article","og_title":"Porsche 997 Targa 4S - Piston Addict","og_description":"Kao savr\u0161ena ravnote\u017ea izme\u0111u klasi\u010dnog 911 osje\u0107aja, kompaktnih dimenzija, komunikativne \u0161asije i moderne tehnologije i zna\u010dajki, 997 generacija je sve popularnija me\u0111u 911 entuzijastima. To zna\u010di da je ovo sljede\u0107a velika stvar u svijetu 911, s rastu\u0107im cijenama. Pretpostavimo da \u017eelite usko\u010diti u 997. U tom slu\u010daju, ni\u0161ta nije bolje od vrlo po\u017eeljnog u rijetkom stilu karoserije s po\u017eeljnim ru\u010dnim mjenja\u010dem, spremnog za temeljito u\u017eivanje.","og_url":"https:\/\/pistonaddict.com\/hr\/product\/porsche-997-targa\/","og_site_name":"Piston Addict","article_modified_time":"2024-03-20T14:24:01+00:00","og_image":[{"width":1024,"height":611,"url":"https:\/\/pistonaddict.com\/wp-content\/uploads\/2024\/03\/1-1-1024x611.png","type":"image\/png"}],"twitter_card":"summary_large_image","twitter_misc":{"Procijenjeno vrijeme \u010ditanja":"2 minute"},"schema":{"@context":"https:\/\/schema.org","@graph":[{"@type":"WebPage","@id":"https:\/\/pistonaddict.com\/hr\/product\/porsche-997-targa\/","url":"https:\/\/pistonaddict.com\/hr\/product\/porsche-997-targa\/","name":"Porsche 997 Targa 4S - Piston Addict","isPartOf":{"@id":"https:\/\/pistonaddict.com\/hr\/#website"},"primaryImageOfPage":{"@id":"https:\/\/pistonaddict.com\/hr\/product\/porsche-997-targa\/#primaryimage"},"image":{"@id":"https:\/\/pistonaddict.com\/hr\/product\/porsche-997-targa\/#primaryimage"},"thumbnailUrl":"https:\/\/pistonaddict.com\/wp-content\/uploads\/2024\/03\/1-1.png","datePublished":"2024-03-20T14:15:43+00:00","dateModified":"2024-03-20T14:24:01+00:00","breadcrumb":{"@id":"https:\/\/pistonaddict.com\/hr\/product\/porsche-997-targa\/#breadcrumb"},"inLanguage":"hr","potentialAction":[{"@type":"ReadAction","target":["https:\/\/pistonaddict.com\/hr\/product\/porsche-997-targa\/"]}]},{"@type":"ImageObject","inLanguage":"hr","@id":"https:\/\/pistonaddict.com\/hr\/product\/porsche-997-targa\/#primaryimage","url":"https:\/\/pistonaddict.com\/wp-content\/uploads\/2024\/03\/1-1.png","contentUrl":"https:\/\/pistonaddict.com\/wp-content\/uploads\/2024\/03\/1-1.png","width":2778,"height":1657},{"@type":"BreadcrumbList","@id":"https:\/\/pistonaddict.com\/hr\/product\/porsche-997-targa\/#breadcrumb","itemListElement":[{"@type":"ListItem","position":1,"name":"Po\u010detna stranica","item":"https:\/\/pistonaddict.com\/hr\/pocetna-stranica-2\/"},{"@type":"ListItem","position":2,"name":"Auctions","item":"https:\/\/pistonaddict.com\/auctions-listing\/"},{"@type":"ListItem","position":3,"name":"Porsche 997 Targa 4S"}]},{"@type":"WebSite","@id":"https:\/\/pistonaddict.com\/hr\/#website","url":"https:\/\/pistonaddict.com\/hr\/","name":"Piston Addict","description":"Only interesting vehicles","publisher":{"@id":"https:\/\/pistonaddict.com\/hr\/#organization"},"potentialAction":[{"@type":"SearchAction","target":{"@type":"EntryPoint","urlTemplate":"https:\/\/pistonaddict.com\/hr\/?s={search_term_string}"},"query-input":"required name=search_term_string"}],"inLanguage":"hr"},{"@type":"Organization","@id":"https:\/\/pistonaddict.com\/hr\/#organization","name":"Piston Addict","url":"https:\/\/pistonaddict.com\/hr\/","logo":{"@type":"ImageObject","inLanguage":"hr","@id":"https:\/\/pistonaddict.com\/hr\/#\/schema\/logo\/image\/","url":"https:\/\/pistonaddict.com\/wp-content\/uploads\/2022\/07\/logo-6.png","contentUrl":"https:\/\/pistonaddict.com\/wp-content\/uploads\/2022\/07\/logo-6.png","width":970,"height":200,"caption":"Piston Addict"},"image":{"@id":"https:\/\/pistonaddict.com\/hr\/#\/schema\/logo\/image\/"}}]}},"_links":{"self":[{"href":"https:\/\/pistonaddict.com\/hr\/wp-json\/wp\/v2\/product\/98259"}],"collection":[{"href":"https:\/\/pistonaddict.com\/hr\/wp-json\/wp\/v2\/product"}],"about":[{"href":"https:\/\/pistonaddict.com\/hr\/wp-json\/wp\/v2\/types\/product"}],"replies":[{"embeddable":true,"href":"https:\/\/pistonaddict.com\/hr\/wp-json\/wp\/v2\/comments?post=98259"}],"wp:featuredmedia":[{"embeddable":true,"href":"https:\/\/pistonaddict.com\/hr\/wp-json\/wp\/v2\/media\/97667"}],"wp:attachment":[{"href":"https:\/\/pistonaddict.com\/hr\/wp-json\/wp\/v2\/media?parent=98259"}],"wp:term":[{"taxonomy":"product_cat","embeddable":true,"href":"https:\/\/pistonaddict.com\/hr\/wp-json\/wp\/v2\/product_cat?post=98259"},{"taxonomy":"product_tag","embeddable":true,"href":"https:\/\/pistonaddict.com\/hr\/wp-json\/wp\/v2\/product_tag?post=98259"}],"curies":[{"name":"wp","href":"https:\/\/api.w.org\/{rel}","templated":true}]}}