{"id":97447,"date":"2024-03-15T18:51:57","date_gmt":"2024-03-15T17:51:57","guid":{"rendered":"https:\/\/pistonaddict.com\/product\/bmw-m4-competition\/"},"modified":"2024-03-20T14:16:39","modified_gmt":"2024-03-20T13:16:39","slug":"bmw-m4-natjecanje","status":"publish","type":"product","link":"https:\/\/pistonaddict.com\/hr\/product\/bmw-m4-natjecanje\/","title":{"rendered":"BMW M4 Competition"},"content":{"rendered":"<h2>Vanjski<\/h2>\n<p>Po\u010dnimo s bojom automobila &#8211; nazvati ga sme\u0111im ne bi bilo po\u0161teno, barem tako re\u0107i. BMW ga je nazvao Sepang Bronze, a da biste ga u potpunosti cijenili, morate vidjeti automobil na suncu. Ali najupe\u010datljivija zna\u010dajka M4 je njegov sklopivi krov izra\u0111en od karbonskih vlakana, \u0161to ga \u010dini laganim i \u010dvrstim. Zahvaljuju\u0107i njemu, ovaj se BMW mo\u017ee pretvoriti iz sportskog automobila nalik kupeu u elegantnu gradsku krstaricu pritiskom na gumb.<\/p>\n<p>Ostali zna\u010dajni detalji uklju\u010duju ksenonska prednja svjetla sprijeda, 19-in\u010dne kota\u010de s gumama Michelin Pilot Sport sa strane i dvostruke ispu\u0161ne cijevi straga. I kao svaki drugi M4, ovaj automobil ima agresivne branike, ventilacijske otvore u branicima i haubu s izbo\u010dinom u sredini.<\/p>\n<h2>Unutra\u0161njost<\/h2>\n<p>Iznutra prvo \u0161to privla\u010di pa\u017enju su sjedala presvu\u010dena mekom sme\u0111om ko\u017eom s bijelim \u0161avovima. Ali osim \u0161to su sportski i podr\u017eavaju, kao \u0161to njihov izgled mo\u017ee sugerirati, tako\u0111er su i vrlo udobni. Nakon \u0161to sjednete, na\u0107i \u0107ete se iza BMW-ovog karakteristi\u010dnog trokrakog upravlja\u010da i instrumentne plo\u010de s jednostavnim rasporedom mjera\u010da. To uklju\u010duje brzinomjer koji zavr\u0161ava na oznaci od 330 km\/h, broja\u010d okretaja koji ide do 8000 o\/min i mjera\u010de razine goriva i temperature motora. A ako ne \u017eelite gledati dolje tijekom o\u0161trih zavoja, tu je Head-Up zaslon koji prikazuje sve vitalne informacije na vjetrobranskom staklu.<\/p>\n<h2>Mehanika<\/h2>\n<p>Na stranu zapanjuju\u0107i izgled, svaki BMW mora biti Ultimate Driving Machine. A ovaj M4 ima nekoliko aseva u rukavu koji \u0107e mu pomo\u0107i da ispuni ta o\u010dekivanja. Za po\u010detak, ispod haube nalazi se spektakularni redni \u0161estostruki motor s dvostrukim turbopunja\u010dem koji razvija umiruju\u0107ih 450 konjskih snaga. Snaga ide na stra\u017enje kota\u010de putem 7-stupanjskog mjenja\u010da s dvostrukom spojkom i elektroni\u010dki kontroliranog diferencijala s ograni\u010denim proklizavanjem.<\/p>\n<p>Uz svo to graktanje i tehnologiju, M4 \u0107e bez problema uhvatiti 100 km\/h za otprilike 4 sekunde i pojuriti do 250 km\/h. I vjerojatno bi i\u0161lo puno br\u017ee da nije elektronskog limitera. Na kraju, kako bi sve bilo pod kontrolom pri brzini, automobil je opremljen oja\u010danim ovjesom i ogromnim ko\u010dnicama.<\/p>\n<h2>Povijest vozila<\/h2>\n<p>Zavr\u0161it \u0107emo s nekoliko rije\u010di o trenutnom stanju BMW-a M4, koje prodava\u010d opisuje kao besprijekorno. A sude\u0107i prema fotografijama i prilo\u017eenom videu, definitivno jest, bez vidljivih o\u0161te\u0107enja za prijaviti. Auto je redovito servisiran i pregledan kod ovla\u0161tenog BMW servisa, zadnji servis ura\u0111en u lipnju 2022.<\/p>\n<p>Prodava\u010d ka\u017ee da automobil, koji je trenutno u Belgiji, nije kori\u0161ten na stazi niti je sudjelovao u bilo kakvim nesre\u0107ama, s odgovaraju\u0107im <a href=\"https:\/\/pistonaddict.com\/wp-content\/uploads\/2024\/03\/CarVerticalBMWM4.pdf\">CarVertical izvje\u0161\u0107em o povijesti vozila<\/a> koje to potvr\u0111uje.<\/p>\n<p><strong>Pogledajte videozapis hladnog pokretanja ovog sjajnog<\/strong> <strong>BMW M4 Competition<\/strong> :<\/p>\n<p><iframe title=\"Cold Start Video of the BMW M4 Competition\" width=\"1200\" height=\"675\" src=\"https:\/\/www.youtube.com\/embed\/-weepN3iz9c?feature=oembed\" frameborder=\"0\" allow=\"accelerometer; autoplay; clipboard-write; encrypted-media; gyroscope; picture-in-picture; web-share\" allowfullscreen><\/iframe><\/p>\n","protected":false},"excerpt":{"rendered":"<p>Ako tra\u017eite ne\u0161to \u0161to \u0107e stazom voziti rekordnom brzinom, onda vam treba sportski automobil. S druge strane, ako vi\u0161e volite udobno krstarenje avenijom po sun\u010danom danu, elegantni kabriolet bio bi najbolja opcija. Ali ako \u017eelite ne\u0161to \u0161to \u010dini oboje, onda \u0107e vam se sigurno svidjeti ovaj BMW M4 Competition koji imamo na aukciji. U odli\u010dnom je stanju, ima jednog prethodnog vlasnika i ima 74.000 km na satu.<\/p>\n","protected":false},"featured_media":96736,"comment_status":"open","ping_status":"closed","template":"","meta":{"inline_featured_image":false},"product_cat":[722],"product_tag":[3138,3110,917,3105],"acf":[],"yoast_head":"<!-- This site is optimized with the Yoast SEO plugin v22.5 - https:\/\/yoast.com\/wordpress\/plugins\/seo\/ -->\n<title>BMW M4 Competition - Piston Addict<\/title>\n<meta name=\"robots\" content=\"index, follow, max-snippet:-1, max-image-preview:large, max-video-preview:-1\" \/>\n<link rel=\"canonical\" href=\"https:\/\/pistonaddict.com\/hr\/product\/bmw-m4-natjecanje\/\" \/>\n<meta property=\"og:locale\" content=\"hr_HR\" \/>\n<meta property=\"og:type\" content=\"article\" \/>\n<meta property=\"og:title\" content=\"BMW M4 Competition - Piston Addict\" \/>\n<meta property=\"og:description\" content=\"Ako tra\u017eite ne\u0161to \u0161to \u0107e stazom voziti rekordnom brzinom, onda vam treba sportski automobil. S druge strane, ako vi\u0161e volite udobno krstarenje avenijom po sun\u010danom danu, elegantni kabriolet bio bi najbolja opcija. Ali ako \u017eelite ne\u0161to \u0161to \u010dini oboje, onda \u0107e vam se sigurno svidjeti ovaj BMW M4 Competition koji imamo na aukciji. U odli\u010dnom je stanju, ima jednog prethodnog vlasnika i ima 74.000 km na satu.\" \/>\n<meta property=\"og:url\" content=\"https:\/\/pistonaddict.com\/hr\/product\/bmw-m4-natjecanje\/\" \/>\n<meta property=\"og:site_name\" content=\"Piston Addict\" \/>\n<meta property=\"article:modified_time\" content=\"2024-03-20T13:16:39+00:00\" \/>\n<meta property=\"og:image\" content=\"https:\/\/pistonaddict.com\/wp-content\/uploads\/2024\/03\/1-1024x612.png\" \/>\n\t<meta property=\"og:image:width\" content=\"1024\" \/>\n\t<meta property=\"og:image:height\" content=\"612\" \/>\n\t<meta property=\"og:image:type\" content=\"image\/png\" \/>\n<meta name=\"twitter:card\" content=\"summary_large_image\" \/>\n<meta name=\"twitter:label1\" content=\"Procijenjeno vrijeme \u010ditanja\" \/>\n\t<meta name=\"twitter:data1\" content=\"2 minute\" \/>\n<script type=\"application\/ld+json\" class=\"yoast-schema-graph\">{\"@context\":\"https:\/\/schema.org\",\"@graph\":[{\"@type\":\"WebPage\",\"@id\":\"https:\/\/pistonaddict.com\/hr\/product\/bmw-m4-natjecanje\/\",\"url\":\"https:\/\/pistonaddict.com\/hr\/product\/bmw-m4-natjecanje\/\",\"name\":\"BMW M4 Competition - Piston Addict\",\"isPartOf\":{\"@id\":\"https:\/\/pistonaddict.com\/hr\/#website\"},\"primaryImageOfPage\":{\"@id\":\"https:\/\/pistonaddict.com\/hr\/product\/bmw-m4-natjecanje\/#primaryimage\"},\"image\":{\"@id\":\"https:\/\/pistonaddict.com\/hr\/product\/bmw-m4-natjecanje\/#primaryimage\"},\"thumbnailUrl\":\"https:\/\/pistonaddict.com\/wp-content\/uploads\/2024\/03\/1.png\",\"datePublished\":\"2024-03-15T17:51:57+00:00\",\"dateModified\":\"2024-03-20T13:16:39+00:00\",\"breadcrumb\":{\"@id\":\"https:\/\/pistonaddict.com\/hr\/product\/bmw-m4-natjecanje\/#breadcrumb\"},\"inLanguage\":\"hr\",\"potentialAction\":[{\"@type\":\"ReadAction\",\"target\":[\"https:\/\/pistonaddict.com\/hr\/product\/bmw-m4-natjecanje\/\"]}]},{\"@type\":\"ImageObject\",\"inLanguage\":\"hr\",\"@id\":\"https:\/\/pistonaddict.com\/hr\/product\/bmw-m4-natjecanje\/#primaryimage\",\"url\":\"https:\/\/pistonaddict.com\/wp-content\/uploads\/2024\/03\/1.png\",\"contentUrl\":\"https:\/\/pistonaddict.com\/wp-content\/uploads\/2024\/03\/1.png\",\"width\":2778,\"height\":1660},{\"@type\":\"BreadcrumbList\",\"@id\":\"https:\/\/pistonaddict.com\/hr\/product\/bmw-m4-natjecanje\/#breadcrumb\",\"itemListElement\":[{\"@type\":\"ListItem\",\"position\":1,\"name\":\"Po\u010detna stranica\",\"item\":\"https:\/\/pistonaddict.com\/hr\/pocetna-stranica-2\/\"},{\"@type\":\"ListItem\",\"position\":2,\"name\":\"Auctions\",\"item\":\"https:\/\/pistonaddict.com\/auctions-listing\/\"},{\"@type\":\"ListItem\",\"position\":3,\"name\":\"BMW M4 Competition\"}]},{\"@type\":\"WebSite\",\"@id\":\"https:\/\/pistonaddict.com\/hr\/#website\",\"url\":\"https:\/\/pistonaddict.com\/hr\/\",\"name\":\"Piston Addict\",\"description\":\"Only interesting vehicles\",\"publisher\":{\"@id\":\"https:\/\/pistonaddict.com\/hr\/#organization\"},\"potentialAction\":[{\"@type\":\"SearchAction\",\"target\":{\"@type\":\"EntryPoint\",\"urlTemplate\":\"https:\/\/pistonaddict.com\/hr\/?s={search_term_string}\"},\"query-input\":\"required name=search_term_string\"}],\"inLanguage\":\"hr\"},{\"@type\":\"Organization\",\"@id\":\"https:\/\/pistonaddict.com\/hr\/#organization\",\"name\":\"Piston Addict\",\"url\":\"https:\/\/pistonaddict.com\/hr\/\",\"logo\":{\"@type\":\"ImageObject\",\"inLanguage\":\"hr\",\"@id\":\"https:\/\/pistonaddict.com\/hr\/#\/schema\/logo\/image\/\",\"url\":\"https:\/\/pistonaddict.com\/wp-content\/uploads\/2022\/07\/logo-6.png\",\"contentUrl\":\"https:\/\/pistonaddict.com\/wp-content\/uploads\/2022\/07\/logo-6.png\",\"width\":970,\"height\":200,\"caption\":\"Piston Addict\"},\"image\":{\"@id\":\"https:\/\/pistonaddict.com\/hr\/#\/schema\/logo\/image\/\"}}]}<\/script>\n<!-- \/ Yoast SEO plugin. -->","yoast_head_json":{"title":"BMW M4 Competition - Piston Addict","robots":{"index":"index","follow":"follow","max-snippet":"max-snippet:-1","max-image-preview":"max-image-preview:large","max-video-preview":"max-video-preview:-1"},"canonical":"https:\/\/pistonaddict.com\/hr\/product\/bmw-m4-natjecanje\/","og_locale":"hr_HR","og_type":"article","og_title":"BMW M4 Competition - Piston Addict","og_description":"Ako tra\u017eite ne\u0161to \u0161to \u0107e stazom voziti rekordnom brzinom, onda vam treba sportski automobil. S druge strane, ako vi\u0161e volite udobno krstarenje avenijom po sun\u010danom danu, elegantni kabriolet bio bi najbolja opcija. Ali ako \u017eelite ne\u0161to \u0161to \u010dini oboje, onda \u0107e vam se sigurno svidjeti ovaj BMW M4 Competition koji imamo na aukciji. U odli\u010dnom je stanju, ima jednog prethodnog vlasnika i ima 74.000 km na satu.","og_url":"https:\/\/pistonaddict.com\/hr\/product\/bmw-m4-natjecanje\/","og_site_name":"Piston Addict","article_modified_time":"2024-03-20T13:16:39+00:00","og_image":[{"width":1024,"height":612,"url":"https:\/\/pistonaddict.com\/wp-content\/uploads\/2024\/03\/1-1024x612.png","type":"image\/png"}],"twitter_card":"summary_large_image","twitter_misc":{"Procijenjeno vrijeme \u010ditanja":"2 minute"},"schema":{"@context":"https:\/\/schema.org","@graph":[{"@type":"WebPage","@id":"https:\/\/pistonaddict.com\/hr\/product\/bmw-m4-natjecanje\/","url":"https:\/\/pistonaddict.com\/hr\/product\/bmw-m4-natjecanje\/","name":"BMW M4 Competition - Piston Addict","isPartOf":{"@id":"https:\/\/pistonaddict.com\/hr\/#website"},"primaryImageOfPage":{"@id":"https:\/\/pistonaddict.com\/hr\/product\/bmw-m4-natjecanje\/#primaryimage"},"image":{"@id":"https:\/\/pistonaddict.com\/hr\/product\/bmw-m4-natjecanje\/#primaryimage"},"thumbnailUrl":"https:\/\/pistonaddict.com\/wp-content\/uploads\/2024\/03\/1.png","datePublished":"2024-03-15T17:51:57+00:00","dateModified":"2024-03-20T13:16:39+00:00","breadcrumb":{"@id":"https:\/\/pistonaddict.com\/hr\/product\/bmw-m4-natjecanje\/#breadcrumb"},"inLanguage":"hr","potentialAction":[{"@type":"ReadAction","target":["https:\/\/pistonaddict.com\/hr\/product\/bmw-m4-natjecanje\/"]}]},{"@type":"ImageObject","inLanguage":"hr","@id":"https:\/\/pistonaddict.com\/hr\/product\/bmw-m4-natjecanje\/#primaryimage","url":"https:\/\/pistonaddict.com\/wp-content\/uploads\/2024\/03\/1.png","contentUrl":"https:\/\/pistonaddict.com\/wp-content\/uploads\/2024\/03\/1.png","width":2778,"height":1660},{"@type":"BreadcrumbList","@id":"https:\/\/pistonaddict.com\/hr\/product\/bmw-m4-natjecanje\/#breadcrumb","itemListElement":[{"@type":"ListItem","position":1,"name":"Po\u010detna stranica","item":"https:\/\/pistonaddict.com\/hr\/pocetna-stranica-2\/"},{"@type":"ListItem","position":2,"name":"Auctions","item":"https:\/\/pistonaddict.com\/auctions-listing\/"},{"@type":"ListItem","position":3,"name":"BMW M4 Competition"}]},{"@type":"WebSite","@id":"https:\/\/pistonaddict.com\/hr\/#website","url":"https:\/\/pistonaddict.com\/hr\/","name":"Piston Addict","description":"Only interesting vehicles","publisher":{"@id":"https:\/\/pistonaddict.com\/hr\/#organization"},"potentialAction":[{"@type":"SearchAction","target":{"@type":"EntryPoint","urlTemplate":"https:\/\/pistonaddict.com\/hr\/?s={search_term_string}"},"query-input":"required name=search_term_string"}],"inLanguage":"hr"},{"@type":"Organization","@id":"https:\/\/pistonaddict.com\/hr\/#organization","name":"Piston Addict","url":"https:\/\/pistonaddict.com\/hr\/","logo":{"@type":"ImageObject","inLanguage":"hr","@id":"https:\/\/pistonaddict.com\/hr\/#\/schema\/logo\/image\/","url":"https:\/\/pistonaddict.com\/wp-content\/uploads\/2022\/07\/logo-6.png","contentUrl":"https:\/\/pistonaddict.com\/wp-content\/uploads\/2022\/07\/logo-6.png","width":970,"height":200,"caption":"Piston Addict"},"image":{"@id":"https:\/\/pistonaddict.com\/hr\/#\/schema\/logo\/image\/"}}]}},"_links":{"self":[{"href":"https:\/\/pistonaddict.com\/hr\/wp-json\/wp\/v2\/product\/97447"}],"collection":[{"href":"https:\/\/pistonaddict.com\/hr\/wp-json\/wp\/v2\/product"}],"about":[{"href":"https:\/\/pistonaddict.com\/hr\/wp-json\/wp\/v2\/types\/product"}],"replies":[{"embeddable":true,"href":"https:\/\/pistonaddict.com\/hr\/wp-json\/wp\/v2\/comments?post=97447"}],"wp:featuredmedia":[{"embeddable":true,"href":"https:\/\/pistonaddict.com\/hr\/wp-json\/wp\/v2\/media\/96736"}],"wp:attachment":[{"href":"https:\/\/pistonaddict.com\/hr\/wp-json\/wp\/v2\/media?parent=97447"}],"wp:term":[{"taxonomy":"product_cat","embeddable":true,"href":"https:\/\/pistonaddict.com\/hr\/wp-json\/wp\/v2\/product_cat?post=97447"},{"taxonomy":"product_tag","embeddable":true,"href":"https:\/\/pistonaddict.com\/hr\/wp-json\/wp\/v2\/product_tag?post=97447"}],"curies":[{"name":"wp","href":"https:\/\/api.w.org\/{rel}","templated":true}]}}