{"id":96721,"date":"2024-03-15T17:17:18","date_gmt":"2024-03-15T16:17:18","guid":{"rendered":"https:\/\/pistonaddict.com\/product\/amg-sls-roadster\/"},"modified":"2024-03-19T16:40:22","modified_gmt":"2024-03-19T15:40:22","slug":"amg-sls-roadster","status":"publish","type":"product","link":"https:\/\/pistonaddict.com\/hr\/product\/amg-sls-roadster\/","title":{"rendered":"AMG SLS Roadster"},"content":{"rendered":"<p><strong>Povijest automobila<\/strong><\/p>\n<p>Svijet automobila bio je zapanjen kada je Mercedes predstavio kultni SLS AMG 2010. godine. Klasi\u010dan u svom pristupu, ali krajnje moderan u svojoj izvedbi, ovo je bio \u010distokrvni sportski automobil koji je jasno crpio inspiraciju iz slavne pro\u0161losti marke i legendarnog 300 SL Gullwing. Iako je Mercedes gledao u pro\u0161lost kada ga je dizajnirao, tvrtka je ciljala na budu\u0107nost s modernom konstrukcijom \u0161asije, unutarnjim zna\u010dajkama, udobno\u0161\u0107u i pogonom. Ispod tog dugog poklopca nalazio se 6,2-litarski V8 (kodni naziv M156), koji je isporu\u010divao 571 atmosfersku konjsku snagu koja se slala na stra\u017enje kota\u010de preko kompetentnog 7-stupanjskog mjenja\u010da s dvostrukom spojkom. Rezultat je bio automobil koji izgleda nevjerojatno, a jo\u0161 uvijek je superauto brz. S vremenom od 0 do 100 km\/h od samo 3,8 sekundi i najve\u0107om brzinom od preko 310 km\/h, mo\u017eete vidjeti za\u0161to je Mercedes SLS AMG me\u0111u najbr\u017eim automobilima svoje ere.<\/p>\n<p>Zanimljivo je da je proizvodnja ovog nevjerojatnog stroja bila relativno kratka, a model je ukinut 2014. godine. Neki ka\u017eu da je Mercedes to napravio namjerno kako bi osigurao ekskluzivnost i rijetkost svog najboljeg modernog sportskog automobila. Te bi glasine mogle biti istinite jer tvrtka nikada nije slu\u017ebeno otkrila to\u010dne brojke proizvodnje. Informirana procjena je da je isporu\u010deno oko 8000 coupea i oko 4000 roadstera. Ovaj je automobil jedan od tih 4000 primjeraka, \u0161to ga \u010dini jo\u0161 ekskluzivnijim i mitskim.<\/p>\n<p><strong>Unutra\u0161njost<\/strong><\/p>\n<p>U crnoj ko\u017ei s ko\u017enom armaturnom plo\u010dom, unutra\u0161njost ovog SLS AMG Roadstera u savr\u0161enom je stanju bez ikakvih znakova kori\u0161tenja. Sjedala i kartice vrata su neozna\u010dena; sve zna\u010dajke rade zajedno s navigacijskim sustavom, vrhunskim audio sustavom te grijanim i elektri\u010dno kontroliranim sportskim sjedalima. Kabriolet je u stanju kao nov i savr\u0161eno se otvara i zatvara.<\/p>\n<p><strong>Uvjet<\/strong><\/p>\n<p>Uvijek smo uzbu\u0111eni ponuditi vozila koja su u stanju kao nova, a ovaj Mercedes SLS AMG Roadster iz 2012. je jedno od njih. Sa samo 19.000 kilometara od novog, ovo vozilo je vrlo rijetko kori\u0161teno u rukama svog prvog i jedinog vlasnika i prosje\u010dno je prelazilo manje od 2000 km godi\u0161nje. To zna\u010di da je mehani\u010dki i estetski u vrhunskom stanju, te da je potpuno originalan iz tvornice. Posljednji veliki servis obavljen je 2018., a ko\u010dnice su remontirane tek nedavno u o\u017eujku 2024. Zastupnik Mercedesa pa\u017eljivo je njegovao automobil.<\/p>\n<p><strong>Eksterijer i kota\u010di<\/strong><\/p>\n<p>S tako malo prije\u0111enih kilometara i opsesivnom brigom, ne \u010dudi da je karoserija kao nova, bez ogrebotina ili ogrebotina. Zavr\u0161en u klasi\u010dnoj Mercedes srebrnoj nijansi (podsje\u0107a na trka\u0107e automobile Silver Arrow), izgleda zapanjuju\u0107e s kontrastnom crnom unutra\u0161njosti. Prisutni su originalni kota\u010di od 19 in\u010da, omotani Continental ContiSport Contact performance gumom (DOT 2017) s oko 50% iskori\u0161tenih.<\/p>\n<p><strong>Dokumentacija<\/strong><\/p>\n<p>Trgovac prodaje ovo vozilo u ime izvornog vlasnika, s odgovaraju\u0107om dokumentacijom, koji se nalazi u Belgiji. <a href=\"https:\/\/pistonaddict.com\/wp-content\/uploads\/2024\/03\/CarVerticalAMG.pdf\">CarVertical izvje\u0161\u0107e<\/a> je \u010disto, bez dokaza o nezgodama, popravcima nezgoda, vlasni\u0161tvu ili pravnim problemima. Postoje evidencije redovnog odr\u017eavanja i primitaka.<\/p>\n<p><strong>Pogledajte videozapis hladnog pokretanja ovog nevjerojatnog AMG SLS Roadstera:<\/strong><\/p>\n<p><iframe title=\"Cold Start Video of the AMG SLS Roadster\" width=\"1200\" height=\"675\" src=\"https:\/\/www.youtube.com\/embed\/vjLjXYVelXI?feature=oembed\" frameborder=\"0\" allow=\"accelerometer; autoplay; clipboard-write; encrypted-media; gyroscope; picture-in-picture; web-share\" allowfullscreen><\/iframe><\/p>\n","protected":false},"excerpt":{"rendered":"<p>Kada pogledate moderne klasike iz Stuttgarta, ni\u0161ta nije ni blizu Mercedesu SLS AMG. Sa svojim retro-futuristi\u010dkim dizajnom, mo\u0107nim 6,2-litrenim V8 sprijeda i uzvi\u0161enim performansama, SLS je najtra\u017eeniji Mercedesov sportski automobil od originala iz 1950-ih koji je zapo\u010deo lozu. Izuzetan u svakom pogledu, SLS je automobil koji se rijetko prodaje, \u0161to ovaj prakti\u010dki novi primjerak s malom kilometra\u017eom, s jednim vlasnikom \u010dini rje\u0111im i jo\u0161 jedinstvenijim.<\/p>\n","protected":false},"featured_media":95987,"comment_status":"open","ping_status":"closed","template":"","meta":{"inline_featured_image":false},"product_cat":[722],"product_tag":[3070,2760,3069,917],"acf":[],"yoast_head":"<!-- This site is optimized with the Yoast SEO plugin v22.5 - https:\/\/yoast.com\/wordpress\/plugins\/seo\/ -->\n<title>AMG SLS Roadster - Piston Addict<\/title>\n<meta name=\"robots\" content=\"index, follow, max-snippet:-1, max-image-preview:large, max-video-preview:-1\" \/>\n<link rel=\"canonical\" href=\"https:\/\/pistonaddict.com\/hr\/product\/amg-sls-roadster\/\" \/>\n<meta property=\"og:locale\" content=\"hr_HR\" \/>\n<meta property=\"og:type\" content=\"article\" \/>\n<meta property=\"og:title\" content=\"AMG SLS Roadster - Piston Addict\" \/>\n<meta property=\"og:description\" content=\"Kada pogledate moderne klasike iz Stuttgarta, ni\u0161ta nije ni blizu Mercedesu SLS AMG. Sa svojim retro-futuristi\u010dkim dizajnom, mo\u0107nim 6,2-litrenim V8 sprijeda i uzvi\u0161enim performansama, SLS je najtra\u017eeniji Mercedesov sportski automobil od originala iz 1950-ih koji je zapo\u010deo lozu. Izuzetan u svakom pogledu, SLS je automobil koji se rijetko prodaje, \u0161to ovaj prakti\u010dki novi primjerak s malom kilometra\u017eom, s jednim vlasnikom \u010dini rje\u0111im i jo\u0161 jedinstvenijim.\" \/>\n<meta property=\"og:url\" content=\"https:\/\/pistonaddict.com\/hr\/product\/amg-sls-roadster\/\" \/>\n<meta property=\"og:site_name\" content=\"Piston Addict\" \/>\n<meta property=\"article:modified_time\" content=\"2024-03-19T15:40:22+00:00\" \/>\n<meta property=\"og:image\" content=\"https:\/\/pistonaddict.com\/wp-content\/uploads\/2024\/03\/1-scaled.jpg\" \/>\n\t<meta property=\"og:image:width\" content=\"2560\" \/>\n\t<meta property=\"og:image:height\" content=\"1527\" \/>\n\t<meta property=\"og:image:type\" content=\"image\/jpeg\" \/>\n<meta name=\"twitter:card\" content=\"summary_large_image\" \/>\n<meta name=\"twitter:label1\" content=\"Procijenjeno vrijeme \u010ditanja\" \/>\n\t<meta name=\"twitter:data1\" content=\"3 minute\" \/>\n<script type=\"application\/ld+json\" class=\"yoast-schema-graph\">{\"@context\":\"https:\/\/schema.org\",\"@graph\":[{\"@type\":\"WebPage\",\"@id\":\"https:\/\/pistonaddict.com\/hr\/product\/amg-sls-roadster\/\",\"url\":\"https:\/\/pistonaddict.com\/hr\/product\/amg-sls-roadster\/\",\"name\":\"AMG SLS Roadster - Piston Addict\",\"isPartOf\":{\"@id\":\"https:\/\/pistonaddict.com\/hr\/#website\"},\"primaryImageOfPage\":{\"@id\":\"https:\/\/pistonaddict.com\/hr\/product\/amg-sls-roadster\/#primaryimage\"},\"image\":{\"@id\":\"https:\/\/pistonaddict.com\/hr\/product\/amg-sls-roadster\/#primaryimage\"},\"thumbnailUrl\":\"https:\/\/pistonaddict.com\/wp-content\/uploads\/2024\/03\/1-scaled.jpg\",\"datePublished\":\"2024-03-15T16:17:18+00:00\",\"dateModified\":\"2024-03-19T15:40:22+00:00\",\"breadcrumb\":{\"@id\":\"https:\/\/pistonaddict.com\/hr\/product\/amg-sls-roadster\/#breadcrumb\"},\"inLanguage\":\"hr\",\"potentialAction\":[{\"@type\":\"ReadAction\",\"target\":[\"https:\/\/pistonaddict.com\/hr\/product\/amg-sls-roadster\/\"]}]},{\"@type\":\"ImageObject\",\"inLanguage\":\"hr\",\"@id\":\"https:\/\/pistonaddict.com\/hr\/product\/amg-sls-roadster\/#primaryimage\",\"url\":\"https:\/\/pistonaddict.com\/wp-content\/uploads\/2024\/03\/1-scaled.jpg\",\"contentUrl\":\"https:\/\/pistonaddict.com\/wp-content\/uploads\/2024\/03\/1-scaled.jpg\",\"width\":2560,\"height\":1527},{\"@type\":\"BreadcrumbList\",\"@id\":\"https:\/\/pistonaddict.com\/hr\/product\/amg-sls-roadster\/#breadcrumb\",\"itemListElement\":[{\"@type\":\"ListItem\",\"position\":1,\"name\":\"Po\u010detna stranica\",\"item\":\"https:\/\/pistonaddict.com\/hr\/pocetna-stranica-2\/\"},{\"@type\":\"ListItem\",\"position\":2,\"name\":\"Auctions\",\"item\":\"https:\/\/pistonaddict.com\/auctions-listing\/\"},{\"@type\":\"ListItem\",\"position\":3,\"name\":\"AMG SLS Roadster\"}]},{\"@type\":\"WebSite\",\"@id\":\"https:\/\/pistonaddict.com\/hr\/#website\",\"url\":\"https:\/\/pistonaddict.com\/hr\/\",\"name\":\"Piston Addict\",\"description\":\"Only interesting vehicles\",\"publisher\":{\"@id\":\"https:\/\/pistonaddict.com\/hr\/#organization\"},\"potentialAction\":[{\"@type\":\"SearchAction\",\"target\":{\"@type\":\"EntryPoint\",\"urlTemplate\":\"https:\/\/pistonaddict.com\/hr\/?s={search_term_string}\"},\"query-input\":\"required name=search_term_string\"}],\"inLanguage\":\"hr\"},{\"@type\":\"Organization\",\"@id\":\"https:\/\/pistonaddict.com\/hr\/#organization\",\"name\":\"Piston Addict\",\"url\":\"https:\/\/pistonaddict.com\/hr\/\",\"logo\":{\"@type\":\"ImageObject\",\"inLanguage\":\"hr\",\"@id\":\"https:\/\/pistonaddict.com\/hr\/#\/schema\/logo\/image\/\",\"url\":\"https:\/\/pistonaddict.com\/wp-content\/uploads\/2022\/07\/logo-6.png\",\"contentUrl\":\"https:\/\/pistonaddict.com\/wp-content\/uploads\/2022\/07\/logo-6.png\",\"width\":970,\"height\":200,\"caption\":\"Piston Addict\"},\"image\":{\"@id\":\"https:\/\/pistonaddict.com\/hr\/#\/schema\/logo\/image\/\"}}]}<\/script>\n<!-- \/ Yoast SEO plugin. -->","yoast_head_json":{"title":"AMG SLS Roadster - Piston Addict","robots":{"index":"index","follow":"follow","max-snippet":"max-snippet:-1","max-image-preview":"max-image-preview:large","max-video-preview":"max-video-preview:-1"},"canonical":"https:\/\/pistonaddict.com\/hr\/product\/amg-sls-roadster\/","og_locale":"hr_HR","og_type":"article","og_title":"AMG SLS Roadster - Piston Addict","og_description":"Kada pogledate moderne klasike iz Stuttgarta, ni\u0161ta nije ni blizu Mercedesu SLS AMG. Sa svojim retro-futuristi\u010dkim dizajnom, mo\u0107nim 6,2-litrenim V8 sprijeda i uzvi\u0161enim performansama, SLS je najtra\u017eeniji Mercedesov sportski automobil od originala iz 1950-ih koji je zapo\u010deo lozu. Izuzetan u svakom pogledu, SLS je automobil koji se rijetko prodaje, \u0161to ovaj prakti\u010dki novi primjerak s malom kilometra\u017eom, s jednim vlasnikom \u010dini rje\u0111im i jo\u0161 jedinstvenijim.","og_url":"https:\/\/pistonaddict.com\/hr\/product\/amg-sls-roadster\/","og_site_name":"Piston Addict","article_modified_time":"2024-03-19T15:40:22+00:00","og_image":[{"width":2560,"height":1527,"url":"https:\/\/pistonaddict.com\/wp-content\/uploads\/2024\/03\/1-scaled.jpg","type":"image\/jpeg"}],"twitter_card":"summary_large_image","twitter_misc":{"Procijenjeno vrijeme \u010ditanja":"3 minute"},"schema":{"@context":"https:\/\/schema.org","@graph":[{"@type":"WebPage","@id":"https:\/\/pistonaddict.com\/hr\/product\/amg-sls-roadster\/","url":"https:\/\/pistonaddict.com\/hr\/product\/amg-sls-roadster\/","name":"AMG SLS Roadster - Piston Addict","isPartOf":{"@id":"https:\/\/pistonaddict.com\/hr\/#website"},"primaryImageOfPage":{"@id":"https:\/\/pistonaddict.com\/hr\/product\/amg-sls-roadster\/#primaryimage"},"image":{"@id":"https:\/\/pistonaddict.com\/hr\/product\/amg-sls-roadster\/#primaryimage"},"thumbnailUrl":"https:\/\/pistonaddict.com\/wp-content\/uploads\/2024\/03\/1-scaled.jpg","datePublished":"2024-03-15T16:17:18+00:00","dateModified":"2024-03-19T15:40:22+00:00","breadcrumb":{"@id":"https:\/\/pistonaddict.com\/hr\/product\/amg-sls-roadster\/#breadcrumb"},"inLanguage":"hr","potentialAction":[{"@type":"ReadAction","target":["https:\/\/pistonaddict.com\/hr\/product\/amg-sls-roadster\/"]}]},{"@type":"ImageObject","inLanguage":"hr","@id":"https:\/\/pistonaddict.com\/hr\/product\/amg-sls-roadster\/#primaryimage","url":"https:\/\/pistonaddict.com\/wp-content\/uploads\/2024\/03\/1-scaled.jpg","contentUrl":"https:\/\/pistonaddict.com\/wp-content\/uploads\/2024\/03\/1-scaled.jpg","width":2560,"height":1527},{"@type":"BreadcrumbList","@id":"https:\/\/pistonaddict.com\/hr\/product\/amg-sls-roadster\/#breadcrumb","itemListElement":[{"@type":"ListItem","position":1,"name":"Po\u010detna stranica","item":"https:\/\/pistonaddict.com\/hr\/pocetna-stranica-2\/"},{"@type":"ListItem","position":2,"name":"Auctions","item":"https:\/\/pistonaddict.com\/auctions-listing\/"},{"@type":"ListItem","position":3,"name":"AMG SLS Roadster"}]},{"@type":"WebSite","@id":"https:\/\/pistonaddict.com\/hr\/#website","url":"https:\/\/pistonaddict.com\/hr\/","name":"Piston Addict","description":"Only interesting vehicles","publisher":{"@id":"https:\/\/pistonaddict.com\/hr\/#organization"},"potentialAction":[{"@type":"SearchAction","target":{"@type":"EntryPoint","urlTemplate":"https:\/\/pistonaddict.com\/hr\/?s={search_term_string}"},"query-input":"required name=search_term_string"}],"inLanguage":"hr"},{"@type":"Organization","@id":"https:\/\/pistonaddict.com\/hr\/#organization","name":"Piston Addict","url":"https:\/\/pistonaddict.com\/hr\/","logo":{"@type":"ImageObject","inLanguage":"hr","@id":"https:\/\/pistonaddict.com\/hr\/#\/schema\/logo\/image\/","url":"https:\/\/pistonaddict.com\/wp-content\/uploads\/2022\/07\/logo-6.png","contentUrl":"https:\/\/pistonaddict.com\/wp-content\/uploads\/2022\/07\/logo-6.png","width":970,"height":200,"caption":"Piston Addict"},"image":{"@id":"https:\/\/pistonaddict.com\/hr\/#\/schema\/logo\/image\/"}}]}},"_links":{"self":[{"href":"https:\/\/pistonaddict.com\/hr\/wp-json\/wp\/v2\/product\/96721"}],"collection":[{"href":"https:\/\/pistonaddict.com\/hr\/wp-json\/wp\/v2\/product"}],"about":[{"href":"https:\/\/pistonaddict.com\/hr\/wp-json\/wp\/v2\/types\/product"}],"replies":[{"embeddable":true,"href":"https:\/\/pistonaddict.com\/hr\/wp-json\/wp\/v2\/comments?post=96721"}],"wp:featuredmedia":[{"embeddable":true,"href":"https:\/\/pistonaddict.com\/hr\/wp-json\/wp\/v2\/media\/95987"}],"wp:attachment":[{"href":"https:\/\/pistonaddict.com\/hr\/wp-json\/wp\/v2\/media?parent=96721"}],"wp:term":[{"taxonomy":"product_cat","embeddable":true,"href":"https:\/\/pistonaddict.com\/hr\/wp-json\/wp\/v2\/product_cat?post=96721"},{"taxonomy":"product_tag","embeddable":true,"href":"https:\/\/pistonaddict.com\/hr\/wp-json\/wp\/v2\/product_tag?post=96721"}],"curies":[{"name":"wp","href":"https:\/\/api.w.org\/{rel}","templated":true}]}}