{"id":94123,"date":"2024-02-28T13:52:28","date_gmt":"2024-02-28T12:52:28","guid":{"rendered":"https:\/\/pistonaddict.com\/product\/fisker-karma\/"},"modified":"2024-03-19T16:38:34","modified_gmt":"2024-03-19T15:38:34","slug":"fisker-karma","status":"publish","type":"product","link":"https:\/\/pistonaddict.com\/hr\/product\/fisker-karma\/","title":{"rendered":"Fisker karma"},"content":{"rendered":"<h2>Vanjski<\/h2>\n<p>Izvana, po\u010dev\u0161i od prednje strane, Karma ima nisko spu\u0161ten nos sa \u0161irokim re\u0161etkama i izdu\u017eenim ksenonskim svjetlima, \u0161to automobilu daje agresivan stav. Ova se tema nastavlja uz bokove, gdje mi\u0161i\u0107avom siluetom dominiraju masivni blatobrani omotani oko kota\u010da od 22 in\u010da. Na \u0161irokom stra\u017enjem dijelu talijanskog superautomobila, detalji poput elegantnih stra\u017enjih svjetala i zvu\u010dnika na mjestima gdje bi se o\u010dekivalo vidjeti vrhove ispu\u0161nih plinova s \u200b\u200bkromiranim poklopcima daju Karmi jedinstven cestovni izgled.<\/p>\n<p>Automobil je obojen u Deep Ocean plavu boju, koja izgleda spektakularno za vedrih dana kada sun\u010deve zrake isti\u010du njegovu blijedo\u0107u. Kada govorimo o suncu &#8211; Karma ima solarne panele integrirane u krov, \u0161to zna\u010di da se mo\u017ee napuniti samo ako je parkiran vani.<\/p>\n<h2>Unutra\u0161njost<\/h2>\n<p>Kada u\u0111ete u automobil, na\u0107i \u0107ete se iza \u010detverokrakog ko\u017enog upravlja\u010da koji uokviruje elegantnu i futuristi\u010dku plo\u010du instrumenata. S lijeve strane je brzinomjer koji ide do 220 km\/h. No, s desne strane umjesto broja\u010da okretaja nalazi se prikaz kapaciteta baterije i puni li se ona ili se struja koristi za ubrzanje. Upravlja\u010dka plo\u010da opremljena je zaslonom osjetljivim na dodir koji slu\u017ei kao naredbeni centar za stereo sustav, navigaciju i kontrolu klime.<\/p>\n<p>Cijeli interijer obu\u010den je u kombinaciju drva, ko\u017ee i meke Alcantare, daju\u0107i mu izuzetan dojam i izgled. Jedna stvar koja privla\u010di pa\u017enju je masivni sredi\u0161nji tunel, koji je neophodan jer su tu smje\u0161tene baterije.<\/p>\n<h2>Mehanika<\/h2>\n<p>Koliko god zadivljuju\u0107e izgledao iznutra i izvana, mehani\u010dki elementi Fiskera su najimpresivniji. Ako otvorite haubu, ispod nje \u0107ete prona\u0107i motor, ba\u0161 kao u svakom drugom automobilu. Me\u0111utim, ova 4-cilindri\u010dna jedinica s turbopunja\u010dem ne koristi se za pogon kota\u010da. Umjesto toga, djeluje kao generator koji puni baterije kada ih je potrebno napuniti.<\/p>\n<p>Automobil pokre\u0107u dva elektri\u010dna motora, koji rade u paru kako bi isporu\u010dili snagu na stra\u017enje kota\u010de kroz diferencijal s ograni\u010denim proklizavanjem. Ova kombinacija mo\u017ee dati do 409 konjskih snaga i nevjerojatnih 1300 Nm okretnog momenta, daju\u0107i Karmi performanse koje odgovaraju njenom izgledu.<\/p>\n<p>Budu\u0107i da Fisker nije \u017eelio da automobil bude prete\u017eak, jer bi to ugrozilo upravljanje, baterije i rezultiraju\u0107i domet u potpuno elektri\u010dnom na\u010dinu rada nisu preveliki. Kad je potpuno napunjen, Karma mo\u017ee prije\u0107i otprilike 80 kilometara koriste\u0107i samo elektri\u010dnu energiju. Ali iskreno, ovo je vjerojatno vi\u0161e nego dovoljno za ve\u0107inu svakodnevnih putovanja na posao, a uvijek je tu i benzinski motor kao pomo\u0107ni generator.<\/p>\n<h2>Povijest vozila<\/h2>\n<p>Za kraj nekoliko rije\u010di o stanju Fiskera koje prodava\u010d opisuje kao odli\u010dno. I, da budem iskren, fotografije i kratki video pri\u010daju istu pri\u010du. Auto je zadnji put servisiran u studenom 2023., i nema mana niti gre\u0161aka, osim upozorenja na tlak u gumama na kontrolnoj plo\u010di. To je o\u010dito zato \u0161to je vozilo trenutno na 21-in\u010dnim naknadnim Schmid kota\u010dima, dok je TPMS sustav programiran za rad s OEM ljetnim 22-in\u010dnim postavkama. Vlasnik ka\u017ee da se auto mo\u017ee rekalibrirati tako da prepozna alternativne dimenzije guma, ali nije se time zamarao jer ga zimi rijetko vozi. Nadalje, svi zra\u010dni jastuci zamijenjeni su 2022. u sklopu velikog opoziva Takata zra\u010dnih jastuka.<\/p>\n<p>Budu\u0107i da je ovo elektri\u010dni hibridni automobil, moglo bi izazvati zabrinutost oko stanja baterija, budu\u0107i da je njihova zamjena vrlo skupa. No, prema rije\u010dima prodava\u010da, nema razloga za brigu, jer je bateriju provjerio ovla\u0161teni Fisker Karma tehni\u010dar u kolovozu 2023., koji je potvrdio da je jo\u0161 uvijek u svojim punim performansama. Uz auto dolazi originalni punja\u010d za mobitel koji se spaja na 220 V uti\u010dnicu i ru\u010dni OBD2 \u010dita\u010d kodova. Austrijski tehni\u010dki pregled je uspje\u0161no polo\u017een i vrijedi do kolovoza 2024.<\/p>\n<p>Jedna napomena u vezi s budu\u0107im odr\u017eavanjem &#8211; iako je jedini europski ovla\u0161teni trgovac u Nizozemskoj, postoji mogu\u0107nost da njihov kvalificirani stru\u010dnjak odleti do va\u0161e lokacije, gdje \u0107e se pobrinuti za sve \u0161to je potrebno (pod uvjetom da se popravak mo\u017ee obaviti na- stranica).<\/p>\n<p>Naposljetku, prodavatelj, koji ga je kupio 2019., ka\u017ee da automobil nikada nije imao nesre\u0107u niti je kori\u0161ten na trka\u0107oj stazi, \u0161to dodatno mo\u017ee potvrditi i odgovaraju\u0107e <a href=\"https:\/\/pistonaddict.com\/wp-content\/uploads\/2024\/02\/FiskerKarma.pdf\">izvje\u0161\u0107e o povijesti vozila<\/a> . Tako\u0111er vrijedi spomenuti da \u0107e prodava\u010d osigurati <a href=\"https:\/\/pistonaddict.com\/wp-content\/uploads\/2024\/02\/CoC1-rotated.jpg\">potvrdu o sukladnosti<\/a> , ako kupac \u017eeli premjestiti vozilo izvan Austrije, gdje je ovaj Fisker registriran od prvog dana.<\/p>\n<p><strong><br \/>\nPogledajte videozapis hladnog pokretanja ove sjajne Fisker Karme:<\/strong><\/p>\n<p><iframe title=\"Cold Start Video of the Fisker Karma\" width=\"1200\" height=\"675\" src=\"https:\/\/www.youtube.com\/embed\/Ct2_uFf2FEw?feature=oembed\" frameborder=\"0\" allow=\"accelerometer; autoplay; clipboard-write; encrypted-media; gyroscope; picture-in-picture; web-share\" allowfullscreen><\/iframe><\/p>\n","protected":false},"excerpt":{"rendered":"<p>Tra\u017eite li sportski automobil koji mo\u017ee prevoziti \u010detiri osobe i njihovu prtljagu, imate mnogo izbora. Ali ako \u017eelite ne\u0161to \u0161to \u0107e vas izdvojiti od mainstream modela, onda bi vam se mogla svidjeti Fisker Karma. Nudi sve prednosti elektri\u010dnog automobila bez tjeskobe oko dometa i dodatne te\u017eine koja se obi\u010dno povezuje s njima. \u0160tovi\u0161e, sva ta tehno-\u010darobnja je umotana u tijelo spektakularnog izgleda. A kod nas u prodaji imamo model iz 2012. godine, koji prodaje vlasnik i do sada je pre\u0161ao 67.000 kilometara. Pogledajmo pobli\u017ee \u0161to nudi.<\/p>\n","protected":false},"featured_media":93013,"comment_status":"open","ping_status":"closed","template":"","meta":{"inline_featured_image":false},"product_cat":[722],"product_tag":[2760,3035,917,1762,1759,3007],"acf":[],"yoast_head":"<!-- This site is optimized with the Yoast SEO plugin v22.5 - https:\/\/yoast.com\/wordpress\/plugins\/seo\/ -->\n<title>Fisker karma - Piston Addict<\/title>\n<meta name=\"robots\" content=\"index, follow, max-snippet:-1, max-image-preview:large, max-video-preview:-1\" \/>\n<link rel=\"canonical\" href=\"https:\/\/pistonaddict.com\/hr\/product\/fisker-karma\/\" \/>\n<meta property=\"og:locale\" content=\"hr_HR\" \/>\n<meta property=\"og:type\" content=\"article\" \/>\n<meta property=\"og:title\" content=\"Fisker karma - Piston Addict\" \/>\n<meta property=\"og:description\" content=\"Tra\u017eite li sportski automobil koji mo\u017ee prevoziti \u010detiri osobe i njihovu prtljagu, imate mnogo izbora. Ali ako \u017eelite ne\u0161to \u0161to \u0107e vas izdvojiti od mainstream modela, onda bi vam se mogla svidjeti Fisker Karma. Nudi sve prednosti elektri\u010dnog automobila bez tjeskobe oko dometa i dodatne te\u017eine koja se obi\u010dno povezuje s njima. \u0160tovi\u0161e, sva ta tehno-\u010darobnja je umotana u tijelo spektakularnog izgleda. A kod nas u prodaji imamo model iz 2012. godine, koji prodaje vlasnik i do sada je pre\u0161ao 67.000 kilometara. Pogledajmo pobli\u017ee \u0161to nudi.\" \/>\n<meta property=\"og:url\" content=\"https:\/\/pistonaddict.com\/hr\/product\/fisker-karma\/\" \/>\n<meta property=\"og:site_name\" content=\"Piston Addict\" \/>\n<meta property=\"article:modified_time\" content=\"2024-03-19T15:38:34+00:00\" \/>\n<meta property=\"og:image\" content=\"https:\/\/pistonaddict.com\/wp-content\/uploads\/2024\/02\/1.jpg\" \/>\n\t<meta property=\"og:image:width\" content=\"1280\" \/>\n\t<meta property=\"og:image:height\" content=\"960\" \/>\n\t<meta property=\"og:image:type\" content=\"image\/jpeg\" \/>\n<meta name=\"twitter:card\" content=\"summary_large_image\" \/>\n<meta name=\"twitter:label1\" content=\"Procijenjeno vrijeme \u010ditanja\" \/>\n\t<meta name=\"twitter:data1\" content=\"4 minute\" \/>\n<script type=\"application\/ld+json\" class=\"yoast-schema-graph\">{\"@context\":\"https:\/\/schema.org\",\"@graph\":[{\"@type\":\"WebPage\",\"@id\":\"https:\/\/pistonaddict.com\/hr\/product\/fisker-karma\/\",\"url\":\"https:\/\/pistonaddict.com\/hr\/product\/fisker-karma\/\",\"name\":\"Fisker karma - Piston Addict\",\"isPartOf\":{\"@id\":\"https:\/\/pistonaddict.com\/hr\/#website\"},\"primaryImageOfPage\":{\"@id\":\"https:\/\/pistonaddict.com\/hr\/product\/fisker-karma\/#primaryimage\"},\"image\":{\"@id\":\"https:\/\/pistonaddict.com\/hr\/product\/fisker-karma\/#primaryimage\"},\"thumbnailUrl\":\"https:\/\/pistonaddict.com\/wp-content\/uploads\/2024\/02\/1.jpg\",\"datePublished\":\"2024-02-28T12:52:28+00:00\",\"dateModified\":\"2024-03-19T15:38:34+00:00\",\"breadcrumb\":{\"@id\":\"https:\/\/pistonaddict.com\/hr\/product\/fisker-karma\/#breadcrumb\"},\"inLanguage\":\"hr\",\"potentialAction\":[{\"@type\":\"ReadAction\",\"target\":[\"https:\/\/pistonaddict.com\/hr\/product\/fisker-karma\/\"]}]},{\"@type\":\"ImageObject\",\"inLanguage\":\"hr\",\"@id\":\"https:\/\/pistonaddict.com\/hr\/product\/fisker-karma\/#primaryimage\",\"url\":\"https:\/\/pistonaddict.com\/wp-content\/uploads\/2024\/02\/1.jpg\",\"contentUrl\":\"https:\/\/pistonaddict.com\/wp-content\/uploads\/2024\/02\/1.jpg\",\"width\":1280,\"height\":960},{\"@type\":\"BreadcrumbList\",\"@id\":\"https:\/\/pistonaddict.com\/hr\/product\/fisker-karma\/#breadcrumb\",\"itemListElement\":[{\"@type\":\"ListItem\",\"position\":1,\"name\":\"Po\u010detna stranica\",\"item\":\"https:\/\/pistonaddict.com\/hr\/pocetna-stranica-2\/\"},{\"@type\":\"ListItem\",\"position\":2,\"name\":\"Auctions\",\"item\":\"https:\/\/pistonaddict.com\/auctions-listing\/\"},{\"@type\":\"ListItem\",\"position\":3,\"name\":\"Fisker karma\"}]},{\"@type\":\"WebSite\",\"@id\":\"https:\/\/pistonaddict.com\/hr\/#website\",\"url\":\"https:\/\/pistonaddict.com\/hr\/\",\"name\":\"Piston Addict\",\"description\":\"Only interesting vehicles\",\"publisher\":{\"@id\":\"https:\/\/pistonaddict.com\/hr\/#organization\"},\"potentialAction\":[{\"@type\":\"SearchAction\",\"target\":{\"@type\":\"EntryPoint\",\"urlTemplate\":\"https:\/\/pistonaddict.com\/hr\/?s={search_term_string}\"},\"query-input\":\"required name=search_term_string\"}],\"inLanguage\":\"hr\"},{\"@type\":\"Organization\",\"@id\":\"https:\/\/pistonaddict.com\/hr\/#organization\",\"name\":\"Piston Addict\",\"url\":\"https:\/\/pistonaddict.com\/hr\/\",\"logo\":{\"@type\":\"ImageObject\",\"inLanguage\":\"hr\",\"@id\":\"https:\/\/pistonaddict.com\/hr\/#\/schema\/logo\/image\/\",\"url\":\"https:\/\/pistonaddict.com\/wp-content\/uploads\/2022\/07\/logo-6.png\",\"contentUrl\":\"https:\/\/pistonaddict.com\/wp-content\/uploads\/2022\/07\/logo-6.png\",\"width\":970,\"height\":200,\"caption\":\"Piston Addict\"},\"image\":{\"@id\":\"https:\/\/pistonaddict.com\/hr\/#\/schema\/logo\/image\/\"}}]}<\/script>\n<!-- \/ Yoast SEO plugin. -->","yoast_head_json":{"title":"Fisker karma - Piston Addict","robots":{"index":"index","follow":"follow","max-snippet":"max-snippet:-1","max-image-preview":"max-image-preview:large","max-video-preview":"max-video-preview:-1"},"canonical":"https:\/\/pistonaddict.com\/hr\/product\/fisker-karma\/","og_locale":"hr_HR","og_type":"article","og_title":"Fisker karma - Piston Addict","og_description":"Tra\u017eite li sportski automobil koji mo\u017ee prevoziti \u010detiri osobe i njihovu prtljagu, imate mnogo izbora. Ali ako \u017eelite ne\u0161to \u0161to \u0107e vas izdvojiti od mainstream modela, onda bi vam se mogla svidjeti Fisker Karma. Nudi sve prednosti elektri\u010dnog automobila bez tjeskobe oko dometa i dodatne te\u017eine koja se obi\u010dno povezuje s njima. \u0160tovi\u0161e, sva ta tehno-\u010darobnja je umotana u tijelo spektakularnog izgleda. A kod nas u prodaji imamo model iz 2012. godine, koji prodaje vlasnik i do sada je pre\u0161ao 67.000 kilometara. Pogledajmo pobli\u017ee \u0161to nudi.","og_url":"https:\/\/pistonaddict.com\/hr\/product\/fisker-karma\/","og_site_name":"Piston Addict","article_modified_time":"2024-03-19T15:38:34+00:00","og_image":[{"width":1280,"height":960,"url":"https:\/\/pistonaddict.com\/wp-content\/uploads\/2024\/02\/1.jpg","type":"image\/jpeg"}],"twitter_card":"summary_large_image","twitter_misc":{"Procijenjeno vrijeme \u010ditanja":"4 minute"},"schema":{"@context":"https:\/\/schema.org","@graph":[{"@type":"WebPage","@id":"https:\/\/pistonaddict.com\/hr\/product\/fisker-karma\/","url":"https:\/\/pistonaddict.com\/hr\/product\/fisker-karma\/","name":"Fisker karma - Piston Addict","isPartOf":{"@id":"https:\/\/pistonaddict.com\/hr\/#website"},"primaryImageOfPage":{"@id":"https:\/\/pistonaddict.com\/hr\/product\/fisker-karma\/#primaryimage"},"image":{"@id":"https:\/\/pistonaddict.com\/hr\/product\/fisker-karma\/#primaryimage"},"thumbnailUrl":"https:\/\/pistonaddict.com\/wp-content\/uploads\/2024\/02\/1.jpg","datePublished":"2024-02-28T12:52:28+00:00","dateModified":"2024-03-19T15:38:34+00:00","breadcrumb":{"@id":"https:\/\/pistonaddict.com\/hr\/product\/fisker-karma\/#breadcrumb"},"inLanguage":"hr","potentialAction":[{"@type":"ReadAction","target":["https:\/\/pistonaddict.com\/hr\/product\/fisker-karma\/"]}]},{"@type":"ImageObject","inLanguage":"hr","@id":"https:\/\/pistonaddict.com\/hr\/product\/fisker-karma\/#primaryimage","url":"https:\/\/pistonaddict.com\/wp-content\/uploads\/2024\/02\/1.jpg","contentUrl":"https:\/\/pistonaddict.com\/wp-content\/uploads\/2024\/02\/1.jpg","width":1280,"height":960},{"@type":"BreadcrumbList","@id":"https:\/\/pistonaddict.com\/hr\/product\/fisker-karma\/#breadcrumb","itemListElement":[{"@type":"ListItem","position":1,"name":"Po\u010detna stranica","item":"https:\/\/pistonaddict.com\/hr\/pocetna-stranica-2\/"},{"@type":"ListItem","position":2,"name":"Auctions","item":"https:\/\/pistonaddict.com\/auctions-listing\/"},{"@type":"ListItem","position":3,"name":"Fisker karma"}]},{"@type":"WebSite","@id":"https:\/\/pistonaddict.com\/hr\/#website","url":"https:\/\/pistonaddict.com\/hr\/","name":"Piston Addict","description":"Only interesting vehicles","publisher":{"@id":"https:\/\/pistonaddict.com\/hr\/#organization"},"potentialAction":[{"@type":"SearchAction","target":{"@type":"EntryPoint","urlTemplate":"https:\/\/pistonaddict.com\/hr\/?s={search_term_string}"},"query-input":"required name=search_term_string"}],"inLanguage":"hr"},{"@type":"Organization","@id":"https:\/\/pistonaddict.com\/hr\/#organization","name":"Piston Addict","url":"https:\/\/pistonaddict.com\/hr\/","logo":{"@type":"ImageObject","inLanguage":"hr","@id":"https:\/\/pistonaddict.com\/hr\/#\/schema\/logo\/image\/","url":"https:\/\/pistonaddict.com\/wp-content\/uploads\/2022\/07\/logo-6.png","contentUrl":"https:\/\/pistonaddict.com\/wp-content\/uploads\/2022\/07\/logo-6.png","width":970,"height":200,"caption":"Piston Addict"},"image":{"@id":"https:\/\/pistonaddict.com\/hr\/#\/schema\/logo\/image\/"}}]}},"_links":{"self":[{"href":"https:\/\/pistonaddict.com\/hr\/wp-json\/wp\/v2\/product\/94123"}],"collection":[{"href":"https:\/\/pistonaddict.com\/hr\/wp-json\/wp\/v2\/product"}],"about":[{"href":"https:\/\/pistonaddict.com\/hr\/wp-json\/wp\/v2\/types\/product"}],"replies":[{"embeddable":true,"href":"https:\/\/pistonaddict.com\/hr\/wp-json\/wp\/v2\/comments?post=94123"}],"wp:featuredmedia":[{"embeddable":true,"href":"https:\/\/pistonaddict.com\/hr\/wp-json\/wp\/v2\/media\/93013"}],"wp:attachment":[{"href":"https:\/\/pistonaddict.com\/hr\/wp-json\/wp\/v2\/media?parent=94123"}],"wp:term":[{"taxonomy":"product_cat","embeddable":true,"href":"https:\/\/pistonaddict.com\/hr\/wp-json\/wp\/v2\/product_cat?post=94123"},{"taxonomy":"product_tag","embeddable":true,"href":"https:\/\/pistonaddict.com\/hr\/wp-json\/wp\/v2\/product_tag?post=94123"}],"curies":[{"name":"wp","href":"https:\/\/api.w.org\/{rel}","templated":true}]}}