{"id":92885,"date":"2024-02-23T14:19:05","date_gmt":"2024-02-23T13:19:05","guid":{"rendered":"https:\/\/pistonaddict.com\/product\/volkswagen-1303-kabriolet-trostruka-bijela-buba\/"},"modified":"2024-03-20T09:46:35","modified_gmt":"2024-03-20T08:46:35","slug":"volkswagen-1303-cabrio-trostruka-bijela-buba","status":"publish","type":"product","link":"https:\/\/pistonaddict.com\/hr\/product\/volkswagen-1303-cabrio-trostruka-bijela-buba\/","title":{"rendered":"Volkswagen 1303 kabriolet trostruka bijela buba"},"content":{"rendered":"<p>Ako je standardna Volkswagenova Buba bila ekonomski model koji je stavio svijet na kota\u010de, njezina kabriolet verzija uvijek je bila luksuznija i presti\u017enija. Prije svega, proizvodila ga je poznata karoserijska radionica Karmann i sadr\u017eavao je mnoge modifikacije u odnosu na standardni model. Ovo nije bila samo Buba s otvorenim krovom; bio je to potpuno druga\u010diji automobil s pobolj\u0161anjima \u0161asije, druga\u010dijim vratima, vjetrobranskim staklima i specifi\u010dnim plo\u010dama. Pred kraj dugotrajne proizvodne serije, Volkswagen Beetle kabriolet dobio je unaprije\u0111eni motor, prednje disk ko\u010dnice i vi\u0161e zna\u010dajki, \u0161to ga \u010dini boljim i kompetentnijim krstaricom s otvorenim krovom. Danas s ponosom predstavljamo takav automobil. Volkswagen 1303 Cabrio iz 1979. u jedinstvenoj trostruko bijeloj shemi boja s 1,6-litrenim motorom s ubrizgavanjem goriva iu potpuno originalnom stanju. Izvorno prodan u SAD-u, ovaj kasni model Beetle kabrioleta reklamirao se kao Super Beetle i jedan je od po\u017eeljnijih primjeraka zbog bolje opreme i motora od 48 KS s najve\u0107om brzinom od 130 km\/h (82 mph). Ovaj automobil proizveden je u prosincu 1979., \u0161to ga \u010dini jednim od posljednjih Beetle kabrioleta, a proizvodnja je zavr\u0161ila po\u010detkom 1980. Volkswagen je 1980. prodao samo 4.572 1303 kabrioleta, vrlo malo u Tripple-White boji, a ovo je jedan od njih. Ti kasni modeli imaju nekoliko jedinstvenih zna\u010dajki dizajna koje ih \u010dine jo\u0161 prakti\u010dnijima i ugodnijima. Na primjer, ve\u0107i prednji prtlja\u017enik i blago zakrivljeno vjetrobransko staklo smanjili su buku vjetra, uglavnom kada se vozi sa spu\u0161tenim krovom.<\/p>\n<p><strong>Unutra\u0161njost<\/strong><\/p>\n<p>Sjedala od bijelog vinila su u izvrsnom stanju, a unutra\u0161njost ove privla\u010dne Bube potpuno je originalna. S nadzornom plo\u010dom obrubljenom drvetom, jedinstvenim upravlja\u010dem i pobolj\u0161anom ergonomijom, ovo je voza\u010devo okru\u017eenje najuspje\u0161nije od bilo koje klasi\u010dne Bube. Kontrolna plo\u010da nije napuknuta; audio sustav ima \u0161armantnu kazetofonsku jedinicu Blaupunkt iz 80-ih.<\/p>\n<p><strong>Stanje automobila<\/strong><\/p>\n<p>Sa samo 94.000 kilometara i nekoliko pa\u017eljivih vlasnika, ovaj 1303 Cabrio je pro\u0161ao kroz restauraciju i zadr\u017eao je originalni motor i prijenos koji odgovaraju brojevima. Sveukupno stanje je gotovo savr\u0161eno, sa svime u ispravnom stanju i bez mrlja hr\u0111e ili promjene boje. Zadnji servis obavljen u listopadu 2023. i auto je bez problema pro\u0161ao godi\u0161nji tehni\u010dki pregled 2024. Na ovakvim automobilima vinilni krov \u010desto je problemati\u010dan, ali sa zadovoljstvom mo\u017eemo izvijestiti da je \u010dak i on u savr\u0161enom stanju, bez poderotina ili curenja. Donji postroj je \u010dist kao i karoserija, bez problema s hr\u0111om. Automobil je profesionalno restauriran prema najvi\u0161im standardima s originalnim dijelovima i odr\u017eavan od strane VW stru\u010dnjaka. Od restauracije vozilo se \u010duva u klimatiziranoj gara\u017ei.<\/p>\n<p><strong>Vanjski izgled i kota\u010di<\/strong><\/p>\n<p>Prepoznatljiva bijela boja je u idealnom stanju, a trostruko bijela shema boja je originalna i rijetka. Kota\u010di su originalni 15-in\u010dni predmeti s kromiranim poklopcima glav\u010dina omotanim u potpuno novu (DOT 2023) gumu odgovaraju\u0107e veli\u010dine (175\/70\/R15).<\/p>\n<p><strong>Dokumentacija<\/strong><\/p>\n<p>Privatni prodavatelj prodaje ovo vozilo s odgovaraju\u0107om dokumentacijom u Nizozemskoj. <strong>Nizozemski MOT (APK) vrijedi do kolovoza 2024<\/strong> . Postoje evidencije redovnog odr\u017eavanja, ra\u010duni o prodaji i ra\u010duni. Dokumentacija uklju\u010duje izvorni vlasni\u010dki list, bro\u0161ure, <a href=\"https:\/\/pistonaddict.com\/wp-content\/uploads\/2024\/02\/Zertificat.pdf\" target=\"blank\" rel=\"noopener\">VW classic ekspertize<\/a> i registracijske papire. Za ovaj model ne postoji tvorni\u010dko jamstvo.<\/p>\n<p><strong><br \/>\nPogledajte videozapis hladnog pokretanja ovog prekrasnog kabrioleta Beetle Triple White:<\/strong><\/p>\n<p>&nbsp;<\/p>\n<p><iframe title=\"Cold Start Video of the Volkswagen Coccinelle\/Beetle Cabriolet 1.6 Triple White\" width=\"1200\" height=\"675\" src=\"https:\/\/www.youtube.com\/embed\/G0rjRvyjhRo?feature=oembed\" frameborder=\"0\" allow=\"accelerometer; autoplay; clipboard-write; encrypted-media; gyroscope; picture-in-picture; web-share\" allowfullscreen><\/iframe><\/p>\n<p><strong> <\/strong><\/p>\n","protected":false},"excerpt":{"rendered":"<p>Volkswagenova istoimena Buba bila je jedan od pobo\u017eanstvenih automobila 20. stolje\u0107a i jo\u0161 uvijek jedan od najboljih klasika za po\u010detnike. No, njegova kabriolet verzija puno je rje\u0111a, hladnija i savr\u0161ena za onu obalnu vo\u017enju na otvorenom s nepogre\u0161ivim zvu\u010dnim zapisom u ravnini. Ako ste op\u010dinjeni klasi\u010dnim Beetle linijama, ali tra\u017eite onaj koji ima bolje vozne karakteristike i snagu, ovo je savr\u0161en automobil za vas. Po\u017eeljniji, kasniji model 1303 Cabrio sa sna\u017enijim motorom s ubrizgavanjem goriva, spreman za ljetnu sezonu.<\/p>\n","protected":false},"featured_media":92676,"comment_status":"open","ping_status":"closed","template":"","meta":{"inline_featured_image":false},"product_cat":[722],"product_tag":[2940,1000,2939],"acf":[],"yoast_head":"<!-- This site is optimized with the Yoast SEO plugin v22.5 - https:\/\/yoast.com\/wordpress\/plugins\/seo\/ -->\n<title>Volkswagen 1303 kabriolet trostruka bijela buba - Piston Addict<\/title>\n<meta name=\"robots\" content=\"index, follow, max-snippet:-1, max-image-preview:large, max-video-preview:-1\" \/>\n<link rel=\"canonical\" href=\"https:\/\/pistonaddict.com\/hr\/product\/volkswagen-1303-cabrio-trostruka-bijela-buba\/\" \/>\n<meta property=\"og:locale\" content=\"hr_HR\" \/>\n<meta property=\"og:type\" content=\"article\" \/>\n<meta property=\"og:title\" content=\"Volkswagen 1303 kabriolet trostruka bijela buba - Piston Addict\" \/>\n<meta property=\"og:description\" content=\"Volkswagenova istoimena Buba bila je jedan od pobo\u017eanstvenih automobila 20. stolje\u0107a i jo\u0161 uvijek jedan od najboljih klasika za po\u010detnike. No, njegova kabriolet verzija puno je rje\u0111a, hladnija i savr\u0161ena za onu obalnu vo\u017enju na otvorenom s nepogre\u0161ivim zvu\u010dnim zapisom u ravnini. Ako ste op\u010dinjeni klasi\u010dnim Beetle linijama, ali tra\u017eite onaj koji ima bolje vozne karakteristike i snagu, ovo je savr\u0161en automobil za vas. Po\u017eeljniji, kasniji model 1303 Cabrio sa sna\u017enijim motorom s ubrizgavanjem goriva, spreman za ljetnu sezonu.\" \/>\n<meta property=\"og:url\" content=\"https:\/\/pistonaddict.com\/hr\/product\/volkswagen-1303-cabrio-trostruka-bijela-buba\/\" \/>\n<meta property=\"og:site_name\" content=\"Piston Addict\" \/>\n<meta property=\"article:modified_time\" content=\"2024-03-20T08:46:35+00:00\" \/>\n<meta property=\"og:image\" content=\"https:\/\/pistonaddict.com\/wp-content\/uploads\/2024\/02\/b2c02738-a5a6-4266-893c-b51da700edcd-1.jpg\" \/>\n\t<meta property=\"og:image:width\" content=\"1600\" \/>\n\t<meta property=\"og:image:height\" content=\"1200\" \/>\n\t<meta property=\"og:image:type\" content=\"image\/jpeg\" \/>\n<meta name=\"twitter:card\" content=\"summary_large_image\" \/>\n<meta name=\"twitter:label1\" content=\"Procijenjeno vrijeme \u010ditanja\" \/>\n\t<meta name=\"twitter:data1\" content=\"3 minute\" \/>\n<script type=\"application\/ld+json\" class=\"yoast-schema-graph\">{\"@context\":\"https:\/\/schema.org\",\"@graph\":[{\"@type\":\"WebPage\",\"@id\":\"https:\/\/pistonaddict.com\/hr\/product\/volkswagen-1303-cabrio-trostruka-bijela-buba\/\",\"url\":\"https:\/\/pistonaddict.com\/hr\/product\/volkswagen-1303-cabrio-trostruka-bijela-buba\/\",\"name\":\"Volkswagen 1303 kabriolet trostruka bijela buba - Piston Addict\",\"isPartOf\":{\"@id\":\"https:\/\/pistonaddict.com\/hr\/#website\"},\"primaryImageOfPage\":{\"@id\":\"https:\/\/pistonaddict.com\/hr\/product\/volkswagen-1303-cabrio-trostruka-bijela-buba\/#primaryimage\"},\"image\":{\"@id\":\"https:\/\/pistonaddict.com\/hr\/product\/volkswagen-1303-cabrio-trostruka-bijela-buba\/#primaryimage\"},\"thumbnailUrl\":\"https:\/\/pistonaddict.com\/wp-content\/uploads\/2024\/02\/b2c02738-a5a6-4266-893c-b51da700edcd-1.jpg\",\"datePublished\":\"2024-02-23T13:19:05+00:00\",\"dateModified\":\"2024-03-20T08:46:35+00:00\",\"breadcrumb\":{\"@id\":\"https:\/\/pistonaddict.com\/hr\/product\/volkswagen-1303-cabrio-trostruka-bijela-buba\/#breadcrumb\"},\"inLanguage\":\"hr\",\"potentialAction\":[{\"@type\":\"ReadAction\",\"target\":[\"https:\/\/pistonaddict.com\/hr\/product\/volkswagen-1303-cabrio-trostruka-bijela-buba\/\"]}]},{\"@type\":\"ImageObject\",\"inLanguage\":\"hr\",\"@id\":\"https:\/\/pistonaddict.com\/hr\/product\/volkswagen-1303-cabrio-trostruka-bijela-buba\/#primaryimage\",\"url\":\"https:\/\/pistonaddict.com\/wp-content\/uploads\/2024\/02\/b2c02738-a5a6-4266-893c-b51da700edcd-1.jpg\",\"contentUrl\":\"https:\/\/pistonaddict.com\/wp-content\/uploads\/2024\/02\/b2c02738-a5a6-4266-893c-b51da700edcd-1.jpg\",\"width\":1600,\"height\":1200},{\"@type\":\"BreadcrumbList\",\"@id\":\"https:\/\/pistonaddict.com\/hr\/product\/volkswagen-1303-cabrio-trostruka-bijela-buba\/#breadcrumb\",\"itemListElement\":[{\"@type\":\"ListItem\",\"position\":1,\"name\":\"Po\u010detna stranica\",\"item\":\"https:\/\/pistonaddict.com\/hr\/pocetna-stranica-2\/\"},{\"@type\":\"ListItem\",\"position\":2,\"name\":\"Auctions\",\"item\":\"https:\/\/pistonaddict.com\/auctions-listing\/\"},{\"@type\":\"ListItem\",\"position\":3,\"name\":\"Volkswagen 1303 kabriolet trostruka bijela buba\"}]},{\"@type\":\"WebSite\",\"@id\":\"https:\/\/pistonaddict.com\/hr\/#website\",\"url\":\"https:\/\/pistonaddict.com\/hr\/\",\"name\":\"Piston Addict\",\"description\":\"Only interesting vehicles\",\"publisher\":{\"@id\":\"https:\/\/pistonaddict.com\/hr\/#organization\"},\"potentialAction\":[{\"@type\":\"SearchAction\",\"target\":{\"@type\":\"EntryPoint\",\"urlTemplate\":\"https:\/\/pistonaddict.com\/hr\/?s={search_term_string}\"},\"query-input\":\"required name=search_term_string\"}],\"inLanguage\":\"hr\"},{\"@type\":\"Organization\",\"@id\":\"https:\/\/pistonaddict.com\/hr\/#organization\",\"name\":\"Piston Addict\",\"url\":\"https:\/\/pistonaddict.com\/hr\/\",\"logo\":{\"@type\":\"ImageObject\",\"inLanguage\":\"hr\",\"@id\":\"https:\/\/pistonaddict.com\/hr\/#\/schema\/logo\/image\/\",\"url\":\"https:\/\/pistonaddict.com\/wp-content\/uploads\/2022\/07\/logo-6.png\",\"contentUrl\":\"https:\/\/pistonaddict.com\/wp-content\/uploads\/2022\/07\/logo-6.png\",\"width\":970,\"height\":200,\"caption\":\"Piston Addict\"},\"image\":{\"@id\":\"https:\/\/pistonaddict.com\/hr\/#\/schema\/logo\/image\/\"}}]}<\/script>\n<!-- \/ Yoast SEO plugin. -->","yoast_head_json":{"title":"Volkswagen 1303 kabriolet trostruka bijela buba - Piston Addict","robots":{"index":"index","follow":"follow","max-snippet":"max-snippet:-1","max-image-preview":"max-image-preview:large","max-video-preview":"max-video-preview:-1"},"canonical":"https:\/\/pistonaddict.com\/hr\/product\/volkswagen-1303-cabrio-trostruka-bijela-buba\/","og_locale":"hr_HR","og_type":"article","og_title":"Volkswagen 1303 kabriolet trostruka bijela buba - Piston Addict","og_description":"Volkswagenova istoimena Buba bila je jedan od pobo\u017eanstvenih automobila 20. stolje\u0107a i jo\u0161 uvijek jedan od najboljih klasika za po\u010detnike. No, njegova kabriolet verzija puno je rje\u0111a, hladnija i savr\u0161ena za onu obalnu vo\u017enju na otvorenom s nepogre\u0161ivim zvu\u010dnim zapisom u ravnini. Ako ste op\u010dinjeni klasi\u010dnim Beetle linijama, ali tra\u017eite onaj koji ima bolje vozne karakteristike i snagu, ovo je savr\u0161en automobil za vas. Po\u017eeljniji, kasniji model 1303 Cabrio sa sna\u017enijim motorom s ubrizgavanjem goriva, spreman za ljetnu sezonu.","og_url":"https:\/\/pistonaddict.com\/hr\/product\/volkswagen-1303-cabrio-trostruka-bijela-buba\/","og_site_name":"Piston Addict","article_modified_time":"2024-03-20T08:46:35+00:00","og_image":[{"width":1600,"height":1200,"url":"https:\/\/pistonaddict.com\/wp-content\/uploads\/2024\/02\/b2c02738-a5a6-4266-893c-b51da700edcd-1.jpg","type":"image\/jpeg"}],"twitter_card":"summary_large_image","twitter_misc":{"Procijenjeno vrijeme \u010ditanja":"3 minute"},"schema":{"@context":"https:\/\/schema.org","@graph":[{"@type":"WebPage","@id":"https:\/\/pistonaddict.com\/hr\/product\/volkswagen-1303-cabrio-trostruka-bijela-buba\/","url":"https:\/\/pistonaddict.com\/hr\/product\/volkswagen-1303-cabrio-trostruka-bijela-buba\/","name":"Volkswagen 1303 kabriolet trostruka bijela buba - Piston Addict","isPartOf":{"@id":"https:\/\/pistonaddict.com\/hr\/#website"},"primaryImageOfPage":{"@id":"https:\/\/pistonaddict.com\/hr\/product\/volkswagen-1303-cabrio-trostruka-bijela-buba\/#primaryimage"},"image":{"@id":"https:\/\/pistonaddict.com\/hr\/product\/volkswagen-1303-cabrio-trostruka-bijela-buba\/#primaryimage"},"thumbnailUrl":"https:\/\/pistonaddict.com\/wp-content\/uploads\/2024\/02\/b2c02738-a5a6-4266-893c-b51da700edcd-1.jpg","datePublished":"2024-02-23T13:19:05+00:00","dateModified":"2024-03-20T08:46:35+00:00","breadcrumb":{"@id":"https:\/\/pistonaddict.com\/hr\/product\/volkswagen-1303-cabrio-trostruka-bijela-buba\/#breadcrumb"},"inLanguage":"hr","potentialAction":[{"@type":"ReadAction","target":["https:\/\/pistonaddict.com\/hr\/product\/volkswagen-1303-cabrio-trostruka-bijela-buba\/"]}]},{"@type":"ImageObject","inLanguage":"hr","@id":"https:\/\/pistonaddict.com\/hr\/product\/volkswagen-1303-cabrio-trostruka-bijela-buba\/#primaryimage","url":"https:\/\/pistonaddict.com\/wp-content\/uploads\/2024\/02\/b2c02738-a5a6-4266-893c-b51da700edcd-1.jpg","contentUrl":"https:\/\/pistonaddict.com\/wp-content\/uploads\/2024\/02\/b2c02738-a5a6-4266-893c-b51da700edcd-1.jpg","width":1600,"height":1200},{"@type":"BreadcrumbList","@id":"https:\/\/pistonaddict.com\/hr\/product\/volkswagen-1303-cabrio-trostruka-bijela-buba\/#breadcrumb","itemListElement":[{"@type":"ListItem","position":1,"name":"Po\u010detna stranica","item":"https:\/\/pistonaddict.com\/hr\/pocetna-stranica-2\/"},{"@type":"ListItem","position":2,"name":"Auctions","item":"https:\/\/pistonaddict.com\/auctions-listing\/"},{"@type":"ListItem","position":3,"name":"Volkswagen 1303 kabriolet trostruka bijela buba"}]},{"@type":"WebSite","@id":"https:\/\/pistonaddict.com\/hr\/#website","url":"https:\/\/pistonaddict.com\/hr\/","name":"Piston Addict","description":"Only interesting vehicles","publisher":{"@id":"https:\/\/pistonaddict.com\/hr\/#organization"},"potentialAction":[{"@type":"SearchAction","target":{"@type":"EntryPoint","urlTemplate":"https:\/\/pistonaddict.com\/hr\/?s={search_term_string}"},"query-input":"required name=search_term_string"}],"inLanguage":"hr"},{"@type":"Organization","@id":"https:\/\/pistonaddict.com\/hr\/#organization","name":"Piston Addict","url":"https:\/\/pistonaddict.com\/hr\/","logo":{"@type":"ImageObject","inLanguage":"hr","@id":"https:\/\/pistonaddict.com\/hr\/#\/schema\/logo\/image\/","url":"https:\/\/pistonaddict.com\/wp-content\/uploads\/2022\/07\/logo-6.png","contentUrl":"https:\/\/pistonaddict.com\/wp-content\/uploads\/2022\/07\/logo-6.png","width":970,"height":200,"caption":"Piston Addict"},"image":{"@id":"https:\/\/pistonaddict.com\/hr\/#\/schema\/logo\/image\/"}}]}},"_links":{"self":[{"href":"https:\/\/pistonaddict.com\/hr\/wp-json\/wp\/v2\/product\/92885"}],"collection":[{"href":"https:\/\/pistonaddict.com\/hr\/wp-json\/wp\/v2\/product"}],"about":[{"href":"https:\/\/pistonaddict.com\/hr\/wp-json\/wp\/v2\/types\/product"}],"replies":[{"embeddable":true,"href":"https:\/\/pistonaddict.com\/hr\/wp-json\/wp\/v2\/comments?post=92885"}],"wp:featuredmedia":[{"embeddable":true,"href":"https:\/\/pistonaddict.com\/hr\/wp-json\/wp\/v2\/media\/92676"}],"wp:attachment":[{"href":"https:\/\/pistonaddict.com\/hr\/wp-json\/wp\/v2\/media?parent=92885"}],"wp:term":[{"taxonomy":"product_cat","embeddable":true,"href":"https:\/\/pistonaddict.com\/hr\/wp-json\/wp\/v2\/product_cat?post=92885"},{"taxonomy":"product_tag","embeddable":true,"href":"https:\/\/pistonaddict.com\/hr\/wp-json\/wp\/v2\/product_tag?post=92885"}],"curies":[{"name":"wp","href":"https:\/\/api.w.org\/{rel}","templated":true}]}}