{"id":89343,"date":"2024-01-31T11:03:43","date_gmt":"2024-01-31T10:03:43","guid":{"rendered":"https:\/\/pistonaddict.com\/product\/abarth-695-tributo-ferrari-br-424\/"},"modified":"2024-03-20T09:45:03","modified_gmt":"2024-03-20T08:45:03","slug":"abarth-695-tributo-ferrari-no424","status":"publish","type":"product","link":"https:\/\/pistonaddict.com\/hr\/product\/abarth-695-tributo-ferrari-no424\/","title":{"rendered":"Abarth 695 Tributo Ferrari br. 424"},"content":{"rendered":"<h2>Vanjski<\/h2>\n<p>Temeljen na poznatom i iznimno popularnom Fiatu 500, 695 vjerojatno ne treba puno predstavljati. Ono \u0161to je Abarth u\u010dinio jest da je dodao neke masivne branike sprijeda i straga zajedno s odgovaraju\u0107im poklopcima pragova, stra\u017enjim spojlerom i dvostrukim ispuhom. A zatim, kako bi ga dodatno za\u010dinili, ugradili su detalje kao \u0161to su poklopci retrovizora od uglji\u010dnih vlakana i upe\u010datljiv znak <em>Tributo Ferrari<\/em> na stra\u017enjim \u010detvrtinama.<br \/>\nOvaj konkretni Abart 695 obojen je u vatreno crvenu boju sa sivim trka\u0107im trakama koje po\u010dinju na haubi, prote\u017eu se preko krova i zavr\u0161avaju na vratima prtlja\u017enika. Koliko je auto bio vo\u017een &#8211; to\u010dnije nije &#8211; najbolje govore 17-in\u010dni kota\u010di na kojima su jo\u0161 tvorni\u010dki postavljene gume Michelin Pilot.<\/p>\n<h2>Unutra\u0161njost<\/h2>\n<p>Kao i izvana, unutra\u0161njost automobila brzo otkriva svoju pravu prirodu. Za po\u010detak, prednja \u0161koljkasta sjedala, izra\u0111ena od Sabelta, imaju strukturu od uglji\u010dnih vlakana i izuzetno su potpora. Nakon \u0161to sjedne u njih, voza\u010d \u0107e se na\u0107i za trokrakim ko\u017enim upravlja\u010dem s crvenim detaljima i \u0161avovima. Budu\u0107i da je rije\u010d o modelu s automatiziranim mjenja\u010dem, ovaj Abart nema ru\u010dicu mjenja\u010da na sredi\u0161njoj konzoli &#8211; umjesto toga postoji samo nekoliko tipki za odabir vo\u017enje unatrag, vo\u017enje ili neutralnog hoda. Ali tu su i poluge na upravlja\u010du, za slu\u010dajeve kada voza\u010d \u017eeli ru\u010dno mijenjati brzine.<\/p>\n<p>Cijeli interijer prekriven je izvrsnim detaljima, kao \u0161to su ukrasi od karbonskih vlakana, klima ure\u0111aj i stereo s USB vezom, kao i oznake <em>Tributo Ferrari<\/em> posvuda.<\/p>\n<h2>Mehanika<\/h2>\n<p>Ovaj talijanski sportster agresivnog izgleda ima 1,4-litreni turbo motor iz kojeg su Abarthovi in\u017eenjeri uspjeli iscijediti nevjerojatnih 180 konjskih snaga. Snaga se prenosi na prednje kota\u010de putem poluautomatiziranog MTA mjenja\u010da, koji radi u automatskom ili ru\u010dnom na\u010dinu rada. Naravno, stavljanje tolike snage u automobil ovakvog svjetla rezultirat \u0107e nekim spektakularnim performansama, kao \u0161to je najve\u0107a brzina ve\u0107a od 220 kilometara na sat. Na kraju, kako bi sve to bilo pod kontrolom, ovaj Abarth 695 opremljen je tvr\u0111im ovjesom i ve\u0107im ko\u010dnicama.<\/p>\n<h2>Povijest vozila<\/h2>\n<p>Profesionalni prodava\u010d, koji ga je nedavno kupio, opisuje stanje Abartha kao gotovo savr\u0161eno. Osim \u0161to ima malu kilometra\u017eu na satu, auto je zadnji put bio na servisu u sije\u010dnju 2023. kada je promijenjeno ulje u motoru. Iznutra i izvana nema znakova istro\u0161enosti, o\u0161te\u0107enja ili hr\u0111e, a jedina vizualna mana su dvije manje ogrebotine na desnoj strani. Oni \u0107e, me\u0111utim, biti profesionalno popravljeni bez ikakvih tro\u0161kova za budu\u0107eg vlasnika nakon prodaje automobila.<\/p>\n<p>Na kraju, prema prodavatelju, automobil, koji se trenutno nalazi u \u0160panjolskoj, nikada nije sudjelovao u nesre\u0107i, s odgovaraju\u0107im <a href=\"https:\/\/pistonaddict.com\/wp-content\/uploads\/2024\/01\/carfaxAbarth695.pdf\">CARFAX<\/a> izvje\u0161\u0107em o povijesti vozila koje to dokazuje. \u0160panjolski MOT (ITV) usvojen i vrijedi do prosinca 2024.<\/p>\n<p><strong>Pogledajte videozapis hladnog pokretanja ovog prekrasnog Abarth 695 Tributo Ferrarija:<\/strong><\/p>\n<p><iframe title=\"Cold Start Video of the Abarth 500 Tributo Ferrari\" width=\"1200\" height=\"675\" src=\"https:\/\/www.youtube.com\/embed\/lzDg2i_JYA4?feature=oembed\" frameborder=\"0\" allow=\"accelerometer; autoplay; clipboard-write; encrypted-media; gyroscope; picture-in-picture; web-share\" allowfullscreen><\/iframe><\/p>\n<p>&nbsp;<\/p>\n","protected":false},"excerpt":{"rendered":"<p>Mali gradski automobil ne mora nu\u017eno biti samo prakti\u010dan na\u010din kretanja u sku\u010denom okru\u017eenju. Umjesto toga, s pravom opremom ispod haube, mo\u017ee biti prava d\u017eepna raketa koja, ako je dotjerana u skladu s tim, tako\u0111er izgleda zapanjuju\u0107e. Jedan takav automobil je Abarth 500, temeljen na iznimno uspje\u0161noj Fiatovoj reinkarnaciji njihovog legendarnog modela iz 60-ih. No konkretan model koji se ovdje prodaje je jo\u0161 za\u010dinjenija varijanta Abartha 695, koja je proizvedena 2010. i do sada je pre\u0161la samo 6800 kilometara. A da ekskluzivnost bude ve\u0107a, rije\u010d je o rijetkom modelu Tributo Ferrari, \u010dija je proizvodnja ograni\u010dena na 1.695 primjeraka. Dakle, da vidimo \u0161to nudi ovaj ekskluzivni automobil agresivnog izgleda\u2026<\/p>\n","protected":false},"featured_media":89368,"comment_status":"open","ping_status":"closed","template":"","meta":{"inline_featured_image":false},"product_cat":[722],"product_tag":[2894,2895,917],"acf":[],"yoast_head":"<!-- This site is optimized with the Yoast SEO plugin v22.5 - https:\/\/yoast.com\/wordpress\/plugins\/seo\/ -->\n<title>Abarth 695 Tributo Ferrari br. 424 - Piston Addict<\/title>\n<meta name=\"robots\" content=\"index, follow, max-snippet:-1, max-image-preview:large, max-video-preview:-1\" \/>\n<link rel=\"canonical\" href=\"https:\/\/pistonaddict.com\/hr\/product\/abarth-695-tributo-ferrari-no424\/\" \/>\n<meta property=\"og:locale\" content=\"hr_HR\" \/>\n<meta property=\"og:type\" content=\"article\" \/>\n<meta property=\"og:title\" content=\"Abarth 695 Tributo Ferrari br. 424 - Piston Addict\" \/>\n<meta property=\"og:description\" content=\"Mali gradski automobil ne mora nu\u017eno biti samo prakti\u010dan na\u010din kretanja u sku\u010denom okru\u017eenju. Umjesto toga, s pravom opremom ispod haube, mo\u017ee biti prava d\u017eepna raketa koja, ako je dotjerana u skladu s tim, tako\u0111er izgleda zapanjuju\u0107e. Jedan takav automobil je Abarth 500, temeljen na iznimno uspje\u0161noj Fiatovoj reinkarnaciji njihovog legendarnog modela iz 60-ih. No konkretan model koji se ovdje prodaje je jo\u0161 za\u010dinjenija varijanta Abartha 695, koja je proizvedena 2010. i do sada je pre\u0161la samo 6800 kilometara. A da ekskluzivnost bude ve\u0107a, rije\u010d je o rijetkom modelu Tributo Ferrari, \u010dija je proizvodnja ograni\u010dena na 1.695 primjeraka. Dakle, da vidimo \u0161to nudi ovaj ekskluzivni automobil agresivnog izgleda\u2026\" \/>\n<meta property=\"og:url\" content=\"https:\/\/pistonaddict.com\/hr\/product\/abarth-695-tributo-ferrari-no424\/\" \/>\n<meta property=\"og:site_name\" content=\"Piston Addict\" \/>\n<meta property=\"article:modified_time\" content=\"2024-03-20T08:45:03+00:00\" \/>\n<meta property=\"og:image\" content=\"https:\/\/pistonaddict.com\/wp-content\/uploads\/2024\/01\/IMG-20240110-WA0149-1.jpg\" \/>\n\t<meta property=\"og:image:width\" content=\"1600\" \/>\n\t<meta property=\"og:image:height\" content=\"1200\" \/>\n\t<meta property=\"og:image:type\" content=\"image\/jpeg\" \/>\n<meta name=\"twitter:card\" content=\"summary_large_image\" \/>\n<meta name=\"twitter:label1\" content=\"Procijenjeno vrijeme \u010ditanja\" \/>\n\t<meta name=\"twitter:data1\" content=\"2 minute\" \/>\n<script type=\"application\/ld+json\" class=\"yoast-schema-graph\">{\"@context\":\"https:\/\/schema.org\",\"@graph\":[{\"@type\":\"WebPage\",\"@id\":\"https:\/\/pistonaddict.com\/hr\/product\/abarth-695-tributo-ferrari-no424\/\",\"url\":\"https:\/\/pistonaddict.com\/hr\/product\/abarth-695-tributo-ferrari-no424\/\",\"name\":\"Abarth 695 Tributo Ferrari br. 424 - Piston Addict\",\"isPartOf\":{\"@id\":\"https:\/\/pistonaddict.com\/hr\/#website\"},\"primaryImageOfPage\":{\"@id\":\"https:\/\/pistonaddict.com\/hr\/product\/abarth-695-tributo-ferrari-no424\/#primaryimage\"},\"image\":{\"@id\":\"https:\/\/pistonaddict.com\/hr\/product\/abarth-695-tributo-ferrari-no424\/#primaryimage\"},\"thumbnailUrl\":\"https:\/\/pistonaddict.com\/wp-content\/uploads\/2024\/01\/IMG-20240110-WA0149-1.jpg\",\"datePublished\":\"2024-01-31T10:03:43+00:00\",\"dateModified\":\"2024-03-20T08:45:03+00:00\",\"breadcrumb\":{\"@id\":\"https:\/\/pistonaddict.com\/hr\/product\/abarth-695-tributo-ferrari-no424\/#breadcrumb\"},\"inLanguage\":\"hr\",\"potentialAction\":[{\"@type\":\"ReadAction\",\"target\":[\"https:\/\/pistonaddict.com\/hr\/product\/abarth-695-tributo-ferrari-no424\/\"]}]},{\"@type\":\"ImageObject\",\"inLanguage\":\"hr\",\"@id\":\"https:\/\/pistonaddict.com\/hr\/product\/abarth-695-tributo-ferrari-no424\/#primaryimage\",\"url\":\"https:\/\/pistonaddict.com\/wp-content\/uploads\/2024\/01\/IMG-20240110-WA0149-1.jpg\",\"contentUrl\":\"https:\/\/pistonaddict.com\/wp-content\/uploads\/2024\/01\/IMG-20240110-WA0149-1.jpg\",\"width\":1600,\"height\":1200},{\"@type\":\"BreadcrumbList\",\"@id\":\"https:\/\/pistonaddict.com\/hr\/product\/abarth-695-tributo-ferrari-no424\/#breadcrumb\",\"itemListElement\":[{\"@type\":\"ListItem\",\"position\":1,\"name\":\"Po\u010detna stranica\",\"item\":\"https:\/\/pistonaddict.com\/hr\/pocetna-stranica-2\/\"},{\"@type\":\"ListItem\",\"position\":2,\"name\":\"Auctions\",\"item\":\"https:\/\/pistonaddict.com\/auctions-listing\/\"},{\"@type\":\"ListItem\",\"position\":3,\"name\":\"Abarth 695 Tributo Ferrari br. 424\"}]},{\"@type\":\"WebSite\",\"@id\":\"https:\/\/pistonaddict.com\/hr\/#website\",\"url\":\"https:\/\/pistonaddict.com\/hr\/\",\"name\":\"Piston Addict\",\"description\":\"Only interesting vehicles\",\"publisher\":{\"@id\":\"https:\/\/pistonaddict.com\/hr\/#organization\"},\"potentialAction\":[{\"@type\":\"SearchAction\",\"target\":{\"@type\":\"EntryPoint\",\"urlTemplate\":\"https:\/\/pistonaddict.com\/hr\/?s={search_term_string}\"},\"query-input\":\"required name=search_term_string\"}],\"inLanguage\":\"hr\"},{\"@type\":\"Organization\",\"@id\":\"https:\/\/pistonaddict.com\/hr\/#organization\",\"name\":\"Piston Addict\",\"url\":\"https:\/\/pistonaddict.com\/hr\/\",\"logo\":{\"@type\":\"ImageObject\",\"inLanguage\":\"hr\",\"@id\":\"https:\/\/pistonaddict.com\/hr\/#\/schema\/logo\/image\/\",\"url\":\"https:\/\/pistonaddict.com\/wp-content\/uploads\/2022\/07\/logo-6.png\",\"contentUrl\":\"https:\/\/pistonaddict.com\/wp-content\/uploads\/2022\/07\/logo-6.png\",\"width\":970,\"height\":200,\"caption\":\"Piston Addict\"},\"image\":{\"@id\":\"https:\/\/pistonaddict.com\/hr\/#\/schema\/logo\/image\/\"}}]}<\/script>\n<!-- \/ Yoast SEO plugin. -->","yoast_head_json":{"title":"Abarth 695 Tributo Ferrari br. 424 - Piston Addict","robots":{"index":"index","follow":"follow","max-snippet":"max-snippet:-1","max-image-preview":"max-image-preview:large","max-video-preview":"max-video-preview:-1"},"canonical":"https:\/\/pistonaddict.com\/hr\/product\/abarth-695-tributo-ferrari-no424\/","og_locale":"hr_HR","og_type":"article","og_title":"Abarth 695 Tributo Ferrari br. 424 - Piston Addict","og_description":"Mali gradski automobil ne mora nu\u017eno biti samo prakti\u010dan na\u010din kretanja u sku\u010denom okru\u017eenju. Umjesto toga, s pravom opremom ispod haube, mo\u017ee biti prava d\u017eepna raketa koja, ako je dotjerana u skladu s tim, tako\u0111er izgleda zapanjuju\u0107e. Jedan takav automobil je Abarth 500, temeljen na iznimno uspje\u0161noj Fiatovoj reinkarnaciji njihovog legendarnog modela iz 60-ih. No konkretan model koji se ovdje prodaje je jo\u0161 za\u010dinjenija varijanta Abartha 695, koja je proizvedena 2010. i do sada je pre\u0161la samo 6800 kilometara. A da ekskluzivnost bude ve\u0107a, rije\u010d je o rijetkom modelu Tributo Ferrari, \u010dija je proizvodnja ograni\u010dena na 1.695 primjeraka. Dakle, da vidimo \u0161to nudi ovaj ekskluzivni automobil agresivnog izgleda\u2026","og_url":"https:\/\/pistonaddict.com\/hr\/product\/abarth-695-tributo-ferrari-no424\/","og_site_name":"Piston Addict","article_modified_time":"2024-03-20T08:45:03+00:00","og_image":[{"width":1600,"height":1200,"url":"https:\/\/pistonaddict.com\/wp-content\/uploads\/2024\/01\/IMG-20240110-WA0149-1.jpg","type":"image\/jpeg"}],"twitter_card":"summary_large_image","twitter_misc":{"Procijenjeno vrijeme \u010ditanja":"2 minute"},"schema":{"@context":"https:\/\/schema.org","@graph":[{"@type":"WebPage","@id":"https:\/\/pistonaddict.com\/hr\/product\/abarth-695-tributo-ferrari-no424\/","url":"https:\/\/pistonaddict.com\/hr\/product\/abarth-695-tributo-ferrari-no424\/","name":"Abarth 695 Tributo Ferrari br. 424 - Piston Addict","isPartOf":{"@id":"https:\/\/pistonaddict.com\/hr\/#website"},"primaryImageOfPage":{"@id":"https:\/\/pistonaddict.com\/hr\/product\/abarth-695-tributo-ferrari-no424\/#primaryimage"},"image":{"@id":"https:\/\/pistonaddict.com\/hr\/product\/abarth-695-tributo-ferrari-no424\/#primaryimage"},"thumbnailUrl":"https:\/\/pistonaddict.com\/wp-content\/uploads\/2024\/01\/IMG-20240110-WA0149-1.jpg","datePublished":"2024-01-31T10:03:43+00:00","dateModified":"2024-03-20T08:45:03+00:00","breadcrumb":{"@id":"https:\/\/pistonaddict.com\/hr\/product\/abarth-695-tributo-ferrari-no424\/#breadcrumb"},"inLanguage":"hr","potentialAction":[{"@type":"ReadAction","target":["https:\/\/pistonaddict.com\/hr\/product\/abarth-695-tributo-ferrari-no424\/"]}]},{"@type":"ImageObject","inLanguage":"hr","@id":"https:\/\/pistonaddict.com\/hr\/product\/abarth-695-tributo-ferrari-no424\/#primaryimage","url":"https:\/\/pistonaddict.com\/wp-content\/uploads\/2024\/01\/IMG-20240110-WA0149-1.jpg","contentUrl":"https:\/\/pistonaddict.com\/wp-content\/uploads\/2024\/01\/IMG-20240110-WA0149-1.jpg","width":1600,"height":1200},{"@type":"BreadcrumbList","@id":"https:\/\/pistonaddict.com\/hr\/product\/abarth-695-tributo-ferrari-no424\/#breadcrumb","itemListElement":[{"@type":"ListItem","position":1,"name":"Po\u010detna stranica","item":"https:\/\/pistonaddict.com\/hr\/pocetna-stranica-2\/"},{"@type":"ListItem","position":2,"name":"Auctions","item":"https:\/\/pistonaddict.com\/auctions-listing\/"},{"@type":"ListItem","position":3,"name":"Abarth 695 Tributo Ferrari br. 424"}]},{"@type":"WebSite","@id":"https:\/\/pistonaddict.com\/hr\/#website","url":"https:\/\/pistonaddict.com\/hr\/","name":"Piston Addict","description":"Only interesting vehicles","publisher":{"@id":"https:\/\/pistonaddict.com\/hr\/#organization"},"potentialAction":[{"@type":"SearchAction","target":{"@type":"EntryPoint","urlTemplate":"https:\/\/pistonaddict.com\/hr\/?s={search_term_string}"},"query-input":"required name=search_term_string"}],"inLanguage":"hr"},{"@type":"Organization","@id":"https:\/\/pistonaddict.com\/hr\/#organization","name":"Piston Addict","url":"https:\/\/pistonaddict.com\/hr\/","logo":{"@type":"ImageObject","inLanguage":"hr","@id":"https:\/\/pistonaddict.com\/hr\/#\/schema\/logo\/image\/","url":"https:\/\/pistonaddict.com\/wp-content\/uploads\/2022\/07\/logo-6.png","contentUrl":"https:\/\/pistonaddict.com\/wp-content\/uploads\/2022\/07\/logo-6.png","width":970,"height":200,"caption":"Piston Addict"},"image":{"@id":"https:\/\/pistonaddict.com\/hr\/#\/schema\/logo\/image\/"}}]}},"_links":{"self":[{"href":"https:\/\/pistonaddict.com\/hr\/wp-json\/wp\/v2\/product\/89343"}],"collection":[{"href":"https:\/\/pistonaddict.com\/hr\/wp-json\/wp\/v2\/product"}],"about":[{"href":"https:\/\/pistonaddict.com\/hr\/wp-json\/wp\/v2\/types\/product"}],"replies":[{"embeddable":true,"href":"https:\/\/pistonaddict.com\/hr\/wp-json\/wp\/v2\/comments?post=89343"}],"wp:featuredmedia":[{"embeddable":true,"href":"https:\/\/pistonaddict.com\/hr\/wp-json\/wp\/v2\/media\/89368"}],"wp:attachment":[{"href":"https:\/\/pistonaddict.com\/hr\/wp-json\/wp\/v2\/media?parent=89343"}],"wp:term":[{"taxonomy":"product_cat","embeddable":true,"href":"https:\/\/pistonaddict.com\/hr\/wp-json\/wp\/v2\/product_cat?post=89343"},{"taxonomy":"product_tag","embeddable":true,"href":"https:\/\/pistonaddict.com\/hr\/wp-json\/wp\/v2\/product_tag?post=89343"}],"curies":[{"name":"wp","href":"https:\/\/api.w.org\/{rel}","templated":true}]}}